{"id":49840,"date":"2025-04-22T14:55:41","date_gmt":"2025-04-22T11:55:41","guid":{"rendered":"https:\/\/miumjau.ee\/toode\/catfest-tuno-putesiai-dregnas-edalas-kaciukams-70-g\/"},"modified":"2026-01-07T20:42:48","modified_gmt":"2026-01-07T18:42:48","slug":"catfest-tuno-putesiai-dregnas-edalas-kaciukams-70-g","status":"publish","type":"product","link":"https:\/\/miumjau.ee\/lt\/produktas\/catfest-tuno-putesiai-dregnas-edalas-kaciukams-70-g\/","title":{"rendered":"CatFest tuno put\u0117siai, dr\u0117gnas \u0117dalas ka\u010diukams, 70 g"},"content":{"rendered":"","protected":false},"excerpt":{"rendered":"<p>Turtingas tuno pa\u0161tetas puikiai tinka ka\u010diukams j\u0173 aktyvaus augimo ir vystymosi etape. \u0160is nat\u016bralus maistas apr\u016bpina j\u016bs\u0173 augintin\u012f Omega-3 riebal\u0173 r\u016bg\u0161timis, baltymais, vitaminais ir mineralais, kurie b\u016btini sveikatai ir energijai palaikyti. Pateikiama kaip papildomas maistas.<\/p>\n<p><strong>Sud\u0117tis:<\/strong> tunas 58%, \u017euvies sultinys 39,9%, an\u010diuvio aliejus, FOS prebiotikai, E vitaminas, taurinas, tapioka, cikorijos ekstraktas, fruktoz\u0117, mineralai.<\/p>\n<p><strong>Analitiniai komponentai:<\/strong> \u017eali baltymai 10%, \u017eali riebalai 0,8%, \u017eali pluo\u0161tai 1%, \u017eali pelenai 1,5%, dr\u0117gm\u0117 89%, energin\u0117 vert\u0117 41,96 kcal.<\/p>\n<p><strong>Privalumai:<\/strong> \u0160is pa\u0161tetas specialiai sukurtas ka\u010diukams, suteikiant visk\u0105, kas b\u016btina augimui ir vystymuisi. Omega-3 riebal\u0173 r\u016bg\u0161tys palaiko odos ir kailio sveikat\u0105, baltymai padeda i\u0161laikyti raumen\u0173 mas\u0119, o taurinas skatina reg\u0117jimo ir \u0161irdies vystym\u0105si. E vitaminas stiprina imunitet\u0105, o cikorijos ekstraktas gerina vir\u0161kinim\u0105.<\/p>\n<p><strong>Naudojimas:<\/strong> Idealiai tinka kaip kasdienis papildomas nat\u016bralus maistas ka\u010diukams bet kurios veisl\u0117s. Patiekti kambario temperat\u016broje, kad atsiskleist\u0173 visas skonis. Laikyti v\u0117sioje ir sausoje vietoje. Rekomenduojama duoti 2\u20133 pakelius per dien\u0105, priklausomai nuo ka\u010diuko am\u017eiaus ir aktyvumo. U\u017etikrinkite, kad ka\u010diukas visada tur\u0117t\u0173 prieig\u0105 prie \u0161vie\u017eio vandens.<\/p>\n","protected":false},"featured_media":49841,"template":"","meta":[],"product_brand":[],"product_cat":[526],"product_tag":[],"class_list":{"0":"post-49840","1":"product","2":"type-product","3":"status-publish","4":"has-post-thumbnail","6":"product_cat-slapias-maistas","8":"first","9":"instock","10":"sale","11":"taxable","12":"shipping-taxable","13":"purchasable","14":"product-type-simple"},"yoast_head":"<!-- This site is optimized with the Yoast SEO plugin v27.2 - https:\/\/yoast.com\/product\/yoast-seo-wordpress\/ -->\n<title>CatFest tuno put\u0117siai, dr\u0117gnas \u0117dalas ka\u010diukams, 70 g - MiuMjau<\/title>\n<meta name=\"description\" content=\"CatFest put\u0117siai yra ypa\u010d \u0161veln\u016bs ir skan\u016bs, specialiai sukurti ka\u010diukams. Tikras gurmani\u0161kas maistas ir malonumas j\u016bs\u0173 ma\u017eyliui.\" \/>\n<meta name=\"robots\" content=\"index, follow, max-snippet:-1, max-image-preview:large, max-video-preview:-1\" \/>\n<link rel=\"canonical\" href=\"https:\/\/miumjau.ee\/lt\/produktas\/catfest-tuno-putesiai-dregnas-edalas-kaciukams-70-g\/\" \/>\n<meta property=\"og:locale\" content=\"lt_LT\" \/>\n<meta property=\"og:type\" content=\"article\" \/>\n<meta property=\"og:title\" content=\"CatFest tuno put\u0117siai, dr\u0117gnas \u0117dalas ka\u010diukams, 70 g - MiuMjau\" \/>\n<meta property=\"og:description\" content=\"CatFest put\u0117siai yra ypa\u010d \u0161veln\u016bs ir skan\u016bs, specialiai sukurti ka\u010diukams. Tikras gurmani\u0161kas maistas ir malonumas j\u016bs\u0173 ma\u017eyliui.\" \/>\n<meta property=\"og:url\" content=\"https:\/\/miumjau.ee\/lt\/produktas\/catfest-tuno-putesiai-dregnas-edalas-kaciukams-70-g\/\" \/>\n<meta property=\"og:site_name\" content=\"MiuMjau\" \/>\n<meta property=\"article:publisher\" content=\"https:\/\/www.facebook.com\/miumjaupood\/\" \/>\n<meta property=\"article:modified_time\" content=\"2026-01-07T18:42:48+00:00\" \/>\n<meta property=\"og:image\" content=\"https:\/\/miumjau.ee\/wp-content\/uploads\/2025\/04\/catfest-margtoit-kassidele18.webp\" \/>\n\t<meta property=\"og:image:width\" content=\"600\" \/>\n\t<meta property=\"og:image:height\" content=\"800\" \/>\n\t<meta property=\"og:image:type\" content=\"image\/webp\" \/>\n<meta name=\"twitter:card\" content=\"summary_large_image\" \/>\n<script type=\"application\/ld+json\" class=\"yoast-schema-graph\">{\"@context\":\"https:\/\/schema.org\",\"@graph\":[{\"@type\":\"WebPage\",\"@id\":\"https:\/\/miumjau.ee\/lt\/produktas\/catfest-tuno-putesiai-dregnas-edalas-kaciukams-70-g\/\",\"url\":\"https:\/\/miumjau.ee\/lt\/produktas\/catfest-tuno-putesiai-dregnas-edalas-kaciukams-70-g\/\",\"name\":\"CatFest tuno put\u0117siai, dr\u0117gnas \u0117dalas ka\u010diukams, 70 g - MiuMjau\",\"isPartOf\":{\"@id\":\"https:\/\/miumjau.ee\/#website\"},\"primaryImageOfPage\":{\"@id\":\"https:\/\/miumjau.ee\/lt\/produktas\/catfest-tuno-putesiai-dregnas-edalas-kaciukams-70-g\/#primaryimage\"},\"image\":{\"@id\":\"https:\/\/miumjau.ee\/lt\/produktas\/catfest-tuno-putesiai-dregnas-edalas-kaciukams-70-g\/#primaryimage\"},\"thumbnailUrl\":\"https:\/\/miumjau.ee\/wp-content\/uploads\/2025\/04\/catfest-margtoit-kassidele18.webp\",\"datePublished\":\"2025-04-22T11:55:41+00:00\",\"dateModified\":\"2026-01-07T18:42:48+00:00\",\"description\":\"CatFest put\u0117siai yra ypa\u010d \u0161veln\u016bs ir skan\u016bs, specialiai sukurti ka\u010diukams. Tikras gurmani\u0161kas maistas ir malonumas j\u016bs\u0173 ma\u017eyliui.\",\"breadcrumb\":{\"@id\":\"https:\/\/miumjau.ee\/lt\/produktas\/catfest-tuno-putesiai-dregnas-edalas-kaciukams-70-g\/#breadcrumb\"},\"inLanguage\":\"lt-LT\",\"potentialAction\":[{\"@type\":\"ReadAction\",\"target\":[\"https:\/\/miumjau.ee\/lt\/produktas\/catfest-tuno-putesiai-dregnas-edalas-kaciukams-70-g\/\"]}]},{\"@type\":\"ImageObject\",\"inLanguage\":\"lt-LT\",\"@id\":\"https:\/\/miumjau.ee\/lt\/produktas\/catfest-tuno-putesiai-dregnas-edalas-kaciukams-70-g\/#primaryimage\",\"url\":\"https:\/\/miumjau.ee\/wp-content\/uploads\/2025\/04\/catfest-margtoit-kassidele18.webp\",\"contentUrl\":\"https:\/\/miumjau.ee\/wp-content\/uploads\/2025\/04\/catfest-margtoit-kassidele18.webp\",\"width\":600,\"height\":800},{\"@type\":\"BreadcrumbList\",\"@id\":\"https:\/\/miumjau.ee\/lt\/produktas\/catfest-tuno-putesiai-dregnas-edalas-kaciukams-70-g\/#breadcrumb\",\"itemListElement\":[{\"@type\":\"ListItem\",\"position\":1,\"name\":\"Home\",\"item\":\"https:\/\/miumjau.ee\/lt\/\"},{\"@type\":\"ListItem\",\"position\":2,\"name\":\"Parduotuv\u0117\",\"item\":\"https:\/\/miumjau.ee\/lt\/parduotuve\/\"},{\"@type\":\"ListItem\",\"position\":3,\"name\":\"CatFest tuno put\u0117siai, dr\u0117gnas \u0117dalas ka\u010diukams, 70 g\"}]},{\"@type\":\"WebSite\",\"@id\":\"https:\/\/miumjau.ee\/#website\",\"url\":\"https:\/\/miumjau.ee\/\",\"name\":\"MiuMjau\",\"description\":\"Kraapimispuud kassidele\",\"publisher\":{\"@id\":\"https:\/\/miumjau.ee\/#organization\"},\"potentialAction\":[{\"@type\":\"SearchAction\",\"target\":{\"@type\":\"EntryPoint\",\"urlTemplate\":\"https:\/\/miumjau.ee\/?s={search_term_string}\"},\"query-input\":{\"@type\":\"PropertyValueSpecification\",\"valueRequired\":true,\"valueName\":\"search_term_string\"}}],\"inLanguage\":\"lt-LT\"},{\"@type\":\"Organization\",\"@id\":\"https:\/\/miumjau.ee\/#organization\",\"name\":\"MiuMjau O\u00dc\",\"url\":\"https:\/\/miumjau.ee\/\",\"logo\":{\"@type\":\"ImageObject\",\"inLanguage\":\"lt-LT\",\"@id\":\"https:\/\/miumjau.ee\/#\/schema\/logo\/image\/\",\"url\":\"https:\/\/miumjau.ee\/wp-content\/uploads\/2022\/04\/MiuMjau-logo-kollane.png\",\"contentUrl\":\"https:\/\/miumjau.ee\/wp-content\/uploads\/2022\/04\/MiuMjau-logo-kollane.png\",\"width\":219,\"height\":100,\"caption\":\"MiuMjau O\u00dc\"},\"image\":{\"@id\":\"https:\/\/miumjau.ee\/#\/schema\/logo\/image\/\"},\"sameAs\":[\"https:\/\/www.facebook.com\/miumjaupood\/\"]}]}<\/script>\n<!-- \/ Yoast SEO plugin. -->","yoast_head_json":{"title":"CatFest tuno put\u0117siai, dr\u0117gnas \u0117dalas ka\u010diukams, 70 g - MiuMjau","description":"CatFest put\u0117siai yra ypa\u010d \u0161veln\u016bs ir skan\u016bs, specialiai sukurti ka\u010diukams. Tikras gurmani\u0161kas maistas ir malonumas j\u016bs\u0173 ma\u017eyliui.","robots":{"index":"index","follow":"follow","max-snippet":"max-snippet:-1","max-image-preview":"max-image-preview:large","max-video-preview":"max-video-preview:-1"},"canonical":"https:\/\/miumjau.ee\/lt\/produktas\/catfest-tuno-putesiai-dregnas-edalas-kaciukams-70-g\/","og_locale":"lt_LT","og_type":"article","og_title":"CatFest tuno put\u0117siai, dr\u0117gnas \u0117dalas ka\u010diukams, 70 g - MiuMjau","og_description":"CatFest put\u0117siai yra ypa\u010d \u0161veln\u016bs ir skan\u016bs, specialiai sukurti ka\u010diukams. Tikras gurmani\u0161kas maistas ir malonumas j\u016bs\u0173 ma\u017eyliui.","og_url":"https:\/\/miumjau.ee\/lt\/produktas\/catfest-tuno-putesiai-dregnas-edalas-kaciukams-70-g\/","og_site_name":"MiuMjau","article_publisher":"https:\/\/www.facebook.com\/miumjaupood\/","article_modified_time":"2026-01-07T18:42:48+00:00","og_image":[{"width":600,"height":800,"url":"https:\/\/miumjau.ee\/wp-content\/uploads\/2025\/04\/catfest-margtoit-kassidele18.webp","type":"image\/webp"}],"twitter_card":"summary_large_image","schema":{"@context":"https:\/\/schema.org","@graph":[{"@type":"WebPage","@id":"https:\/\/miumjau.ee\/lt\/produktas\/catfest-tuno-putesiai-dregnas-edalas-kaciukams-70-g\/","url":"https:\/\/miumjau.ee\/lt\/produktas\/catfest-tuno-putesiai-dregnas-edalas-kaciukams-70-g\/","name":"CatFest tuno put\u0117siai, dr\u0117gnas \u0117dalas ka\u010diukams, 70 g - MiuMjau","isPartOf":{"@id":"https:\/\/miumjau.ee\/#website"},"primaryImageOfPage":{"@id":"https:\/\/miumjau.ee\/lt\/produktas\/catfest-tuno-putesiai-dregnas-edalas-kaciukams-70-g\/#primaryimage"},"image":{"@id":"https:\/\/miumjau.ee\/lt\/produktas\/catfest-tuno-putesiai-dregnas-edalas-kaciukams-70-g\/#primaryimage"},"thumbnailUrl":"https:\/\/miumjau.ee\/wp-content\/uploads\/2025\/04\/catfest-margtoit-kassidele18.webp","datePublished":"2025-04-22T11:55:41+00:00","dateModified":"2026-01-07T18:42:48+00:00","description":"CatFest put\u0117siai yra ypa\u010d \u0161veln\u016bs ir skan\u016bs, specialiai sukurti ka\u010diukams. Tikras gurmani\u0161kas maistas ir malonumas j\u016bs\u0173 ma\u017eyliui.","breadcrumb":{"@id":"https:\/\/miumjau.ee\/lt\/produktas\/catfest-tuno-putesiai-dregnas-edalas-kaciukams-70-g\/#breadcrumb"},"inLanguage":"lt-LT","potentialAction":[{"@type":"ReadAction","target":["https:\/\/miumjau.ee\/lt\/produktas\/catfest-tuno-putesiai-dregnas-edalas-kaciukams-70-g\/"]}]},{"@type":"ImageObject","inLanguage":"lt-LT","@id":"https:\/\/miumjau.ee\/lt\/produktas\/catfest-tuno-putesiai-dregnas-edalas-kaciukams-70-g\/#primaryimage","url":"https:\/\/miumjau.ee\/wp-content\/uploads\/2025\/04\/catfest-margtoit-kassidele18.webp","contentUrl":"https:\/\/miumjau.ee\/wp-content\/uploads\/2025\/04\/catfest-margtoit-kassidele18.webp","width":600,"height":800},{"@type":"BreadcrumbList","@id":"https:\/\/miumjau.ee\/lt\/produktas\/catfest-tuno-putesiai-dregnas-edalas-kaciukams-70-g\/#breadcrumb","itemListElement":[{"@type":"ListItem","position":1,"name":"Home","item":"https:\/\/miumjau.ee\/lt\/"},{"@type":"ListItem","position":2,"name":"Parduotuv\u0117","item":"https:\/\/miumjau.ee\/lt\/parduotuve\/"},{"@type":"ListItem","position":3,"name":"CatFest tuno put\u0117siai, dr\u0117gnas \u0117dalas ka\u010diukams, 70 g"}]},{"@type":"WebSite","@id":"https:\/\/miumjau.ee\/#website","url":"https:\/\/miumjau.ee\/","name":"MiuMjau","description":"Kraapimispuud kassidele","publisher":{"@id":"https:\/\/miumjau.ee\/#organization"},"potentialAction":[{"@type":"SearchAction","target":{"@type":"EntryPoint","urlTemplate":"https:\/\/miumjau.ee\/?s={search_term_string}"},"query-input":{"@type":"PropertyValueSpecification","valueRequired":true,"valueName":"search_term_string"}}],"inLanguage":"lt-LT"},{"@type":"Organization","@id":"https:\/\/miumjau.ee\/#organization","name":"MiuMjau O\u00dc","url":"https:\/\/miumjau.ee\/","logo":{"@type":"ImageObject","inLanguage":"lt-LT","@id":"https:\/\/miumjau.ee\/#\/schema\/logo\/image\/","url":"https:\/\/miumjau.ee\/wp-content\/uploads\/2022\/04\/MiuMjau-logo-kollane.png","contentUrl":"https:\/\/miumjau.ee\/wp-content\/uploads\/2022\/04\/MiuMjau-logo-kollane.png","width":219,"height":100,"caption":"MiuMjau O\u00dc"},"image":{"@id":"https:\/\/miumjau.ee\/#\/schema\/logo\/image\/"},"sameAs":["https:\/\/www.facebook.com\/miumjaupood\/"]}]}},"_links":{"self":[{"href":"https:\/\/miumjau.ee\/lt\/wp-json\/wp\/v2\/product\/49840","targetHints":{"allow":["GET"]}}],"collection":[{"href":"https:\/\/miumjau.ee\/lt\/wp-json\/wp\/v2\/product"}],"about":[{"href":"https:\/\/miumjau.ee\/lt\/wp-json\/wp\/v2\/types\/product"}],"wp:featuredmedia":[{"embeddable":true,"href":"https:\/\/miumjau.ee\/lt\/wp-json\/wp\/v2\/media\/49841"}],"wp:attachment":[{"href":"https:\/\/miumjau.ee\/lt\/wp-json\/wp\/v2\/media?parent=49840"}],"wp:term":[{"taxonomy":"product_brand","embeddable":true,"href":"https:\/\/miumjau.ee\/lt\/wp-json\/wp\/v2\/product_brand?post=49840"},{"taxonomy":"product_cat","embeddable":true,"href":"https:\/\/miumjau.ee\/lt\/wp-json\/wp\/v2\/product_cat?post=49840"},{"taxonomy":"product_tag","embeddable":true,"href":"https:\/\/miumjau.ee\/lt\/wp-json\/wp\/v2\/product_tag?post=49840"}],"curies":[{"name":"wp","href":"https:\/\/api.w.org\/{rel}","templated":true}]}}