{"id":49831,"date":"2025-04-22T16:05:32","date_gmt":"2025-04-22T13:05:32","guid":{"rendered":"https:\/\/miumjau.ee\/toode\/catfest-pasaro-maiselis-su-vistiena-ir-krevetemis-zeleje-70-g\/"},"modified":"2026-01-07T20:42:48","modified_gmt":"2026-01-07T18:42:48","slug":"catfest-pasaro-maiselis-su-vistiena-ir-krevetemis-zeleje-70-g","status":"publish","type":"product","link":"https:\/\/miumjau.ee\/lt\/produktas\/catfest-pasaro-maiselis-su-vistiena-ir-krevetemis-zeleje-70-g\/","title":{"rendered":"CatFest pa\u0161aro mai\u0161elis su vi\u0161tiena ir krevet\u0117mis \u017eel\u0117je, 70 g"},"content":{"rendered":"","protected":false},"excerpt":{"rendered":"<p>Pilnavert\u0117 maisto porcija i\u0161 vi\u0161tienos gabal\u0117li\u0173 ir vis\u0173 kreve\u010di\u0173 suteikia j\u016bs\u0173 augintiniui nepamir\u0161tam\u0173 skonio potyri\u0173. Nat\u016bralus, turtingo skonio maistas be dirbtini\u0173 skonio stiprikli\u0173 ir konservant\u0173 sukurtas tiems, kurie r\u016bpinasi savo kat\u0117s sveika mityba. Pateikiama kaip papildomas maistas.<\/p>\n<p><strong>Sud\u0117tis:<\/strong> vi\u0161tienos fil\u0117 54%, visos krevet\u0117s 4%, vi\u0161tienos sultinys 40%, FOS prebiotikai, an\u010diuvio aliejus, E vitaminas, taurinas, cikorijos ekstraktas, mineralai.<\/p>\n<p><strong>Analitiniai komponentai:<\/strong> \u017eali baltymai 9,5%, \u017eali riebalai 1,5%, \u017eali pluo\u0161tai 1%, \u017eali pelenai 1%, dr\u0117gm\u0117 89%, energin\u0117 vert\u0117 43,8 kcal.<\/p>\n<p><strong>Privalumai:<\/strong> Nesud\u0117tyje n\u0117ra da\u017eikli\u0173, konservant\u0173 ar skonio stiprikli\u0173. Nesud\u0117tyje n\u0117ra gr\u016bd\u0173, kukur\u016bz\u0173, sojos, glitimo, \u0161alutini\u0173 produkt\u0173 ar GMO. Taurinas teigiamai veikia kat\u0117s \u0161ird\u012f, reg\u0117jim\u0105, klaus\u0105 ir imunin\u0119 sistem\u0105. I\u0161 an\u010diuvio gaunami Omega-3 ir Omega-6 riebal\u0173 r\u016bg\u0161tys padeda auginti gra\u017ei\u0105 ir sveik\u0105 kailio dang\u0105 bei stiprina s\u0105narius ir dantis. Cikorija ma\u017eina ka\u010di\u0173 i\u0161mat\u0173 kvap\u0105, pad\u0117dama palaikyti \u0161vie\u017ei\u0105 or\u0105 aplink kraiko d\u0117\u017eut\u0119.<\/p>\n<p><strong>Naudojimas:<\/strong> Tinka kaip papildomas nat\u016bralus maistas visoms suaugusioms namin\u0117ms kat\u0117ms, \u012fskaitant sterilizuotas ir kastruotas kates, taip pat kat\u0117ms, turin\u010dioms alergij\u0105 ar vir\u0161kinimo problemas. Patiekti kambario temperat\u016broje. Laikyti v\u0117sioje ir sausoje vietoje. Per dien\u0105 galima duoti iki 3 pakeli\u0173. Augintiniui visada turi b\u016bti prieinamas \u0161vie\u017eias vanduo.<\/p>\n","protected":false},"featured_media":49832,"template":"","meta":[],"product_brand":[],"product_cat":[526],"product_tag":[],"class_list":{"0":"post-49831","1":"product","2":"type-product","3":"status-publish","4":"has-post-thumbnail","6":"product_cat-slapias-maistas","8":"first","9":"instock","10":"taxable","11":"shipping-taxable","12":"purchasable","13":"product-type-simple"},"yoast_head":"<!-- This site is optimized with the Yoast SEO plugin v27.2 - https:\/\/yoast.com\/product\/yoast-seo-wordpress\/ -->\n<title>CatFest pa\u0161aro mai\u0161elis su vi\u0161tiena ir krevet\u0117mis \u017eel\u0117je, 70 g - MiuMjau<\/title>\n<meta name=\"description\" content=\"CatFest simbolizuoja tikr\u0105 nat\u016bral\u0173 maist\u0105. Fil\u0117 gabal\u0117liai skaniame sultingame \u017eele. J\u016bs\u0173 kat\u0117 tiesiog negali atsispirti!\" \/>\n<meta name=\"robots\" content=\"index, follow, max-snippet:-1, max-image-preview:large, max-video-preview:-1\" \/>\n<link rel=\"canonical\" href=\"https:\/\/miumjau.ee\/lt\/produktas\/catfest-pasaro-maiselis-su-vistiena-ir-krevetemis-zeleje-70-g\/\" \/>\n<meta property=\"og:locale\" content=\"lt_LT\" \/>\n<meta property=\"og:type\" content=\"article\" \/>\n<meta property=\"og:title\" content=\"CatFest pa\u0161aro mai\u0161elis su vi\u0161tiena ir krevet\u0117mis \u017eel\u0117je, 70 g - MiuMjau\" \/>\n<meta property=\"og:description\" content=\"CatFest simbolizuoja tikr\u0105 nat\u016bral\u0173 maist\u0105. Fil\u0117 gabal\u0117liai skaniame sultingame \u017eele. J\u016bs\u0173 kat\u0117 tiesiog negali atsispirti!\" \/>\n<meta property=\"og:url\" content=\"https:\/\/miumjau.ee\/lt\/produktas\/catfest-pasaro-maiselis-su-vistiena-ir-krevetemis-zeleje-70-g\/\" \/>\n<meta property=\"og:site_name\" content=\"MiuMjau\" \/>\n<meta property=\"article:publisher\" content=\"https:\/\/www.facebook.com\/miumjaupood\/\" \/>\n<meta property=\"article:modified_time\" content=\"2026-01-07T18:42:48+00:00\" \/>\n<meta property=\"og:image\" content=\"https:\/\/miumjau.ee\/wp-content\/uploads\/2025\/04\/catfest-margtoit-kassidele6.webp\" \/>\n\t<meta property=\"og:image:width\" content=\"600\" \/>\n\t<meta property=\"og:image:height\" content=\"800\" \/>\n\t<meta property=\"og:image:type\" content=\"image\/webp\" \/>\n<meta name=\"twitter:card\" content=\"summary_large_image\" \/>\n<script type=\"application\/ld+json\" class=\"yoast-schema-graph\">{\"@context\":\"https:\/\/schema.org\",\"@graph\":[{\"@type\":\"WebPage\",\"@id\":\"https:\/\/miumjau.ee\/lt\/produktas\/catfest-pasaro-maiselis-su-vistiena-ir-krevetemis-zeleje-70-g\/\",\"url\":\"https:\/\/miumjau.ee\/lt\/produktas\/catfest-pasaro-maiselis-su-vistiena-ir-krevetemis-zeleje-70-g\/\",\"name\":\"CatFest pa\u0161aro mai\u0161elis su vi\u0161tiena ir krevet\u0117mis \u017eel\u0117je, 70 g - MiuMjau\",\"isPartOf\":{\"@id\":\"https:\/\/miumjau.ee\/#website\"},\"primaryImageOfPage\":{\"@id\":\"https:\/\/miumjau.ee\/lt\/produktas\/catfest-pasaro-maiselis-su-vistiena-ir-krevetemis-zeleje-70-g\/#primaryimage\"},\"image\":{\"@id\":\"https:\/\/miumjau.ee\/lt\/produktas\/catfest-pasaro-maiselis-su-vistiena-ir-krevetemis-zeleje-70-g\/#primaryimage\"},\"thumbnailUrl\":\"https:\/\/miumjau.ee\/wp-content\/uploads\/2025\/04\/catfest-margtoit-kassidele6.webp\",\"datePublished\":\"2025-04-22T13:05:32+00:00\",\"dateModified\":\"2026-01-07T18:42:48+00:00\",\"description\":\"CatFest simbolizuoja tikr\u0105 nat\u016bral\u0173 maist\u0105. Fil\u0117 gabal\u0117liai skaniame sultingame \u017eele. J\u016bs\u0173 kat\u0117 tiesiog negali atsispirti!\",\"breadcrumb\":{\"@id\":\"https:\/\/miumjau.ee\/lt\/produktas\/catfest-pasaro-maiselis-su-vistiena-ir-krevetemis-zeleje-70-g\/#breadcrumb\"},\"inLanguage\":\"lt-LT\",\"potentialAction\":[{\"@type\":\"ReadAction\",\"target\":[\"https:\/\/miumjau.ee\/lt\/produktas\/catfest-pasaro-maiselis-su-vistiena-ir-krevetemis-zeleje-70-g\/\"]}]},{\"@type\":\"ImageObject\",\"inLanguage\":\"lt-LT\",\"@id\":\"https:\/\/miumjau.ee\/lt\/produktas\/catfest-pasaro-maiselis-su-vistiena-ir-krevetemis-zeleje-70-g\/#primaryimage\",\"url\":\"https:\/\/miumjau.ee\/wp-content\/uploads\/2025\/04\/catfest-margtoit-kassidele6.webp\",\"contentUrl\":\"https:\/\/miumjau.ee\/wp-content\/uploads\/2025\/04\/catfest-margtoit-kassidele6.webp\",\"width\":600,\"height\":800},{\"@type\":\"BreadcrumbList\",\"@id\":\"https:\/\/miumjau.ee\/lt\/produktas\/catfest-pasaro-maiselis-su-vistiena-ir-krevetemis-zeleje-70-g\/#breadcrumb\",\"itemListElement\":[{\"@type\":\"ListItem\",\"position\":1,\"name\":\"Home\",\"item\":\"https:\/\/miumjau.ee\/lt\/\"},{\"@type\":\"ListItem\",\"position\":2,\"name\":\"Parduotuv\u0117\",\"item\":\"https:\/\/miumjau.ee\/lt\/parduotuve\/\"},{\"@type\":\"ListItem\",\"position\":3,\"name\":\"CatFest pa\u0161aro mai\u0161elis su vi\u0161tiena ir krevet\u0117mis \u017eel\u0117je, 70 g\"}]},{\"@type\":\"WebSite\",\"@id\":\"https:\/\/miumjau.ee\/#website\",\"url\":\"https:\/\/miumjau.ee\/\",\"name\":\"MiuMjau\",\"description\":\"Kraapimispuud kassidele\",\"publisher\":{\"@id\":\"https:\/\/miumjau.ee\/#organization\"},\"potentialAction\":[{\"@type\":\"SearchAction\",\"target\":{\"@type\":\"EntryPoint\",\"urlTemplate\":\"https:\/\/miumjau.ee\/?s={search_term_string}\"},\"query-input\":{\"@type\":\"PropertyValueSpecification\",\"valueRequired\":true,\"valueName\":\"search_term_string\"}}],\"inLanguage\":\"lt-LT\"},{\"@type\":\"Organization\",\"@id\":\"https:\/\/miumjau.ee\/#organization\",\"name\":\"MiuMjau O\u00dc\",\"url\":\"https:\/\/miumjau.ee\/\",\"logo\":{\"@type\":\"ImageObject\",\"inLanguage\":\"lt-LT\",\"@id\":\"https:\/\/miumjau.ee\/#\/schema\/logo\/image\/\",\"url\":\"https:\/\/miumjau.ee\/wp-content\/uploads\/2022\/04\/MiuMjau-logo-kollane.png\",\"contentUrl\":\"https:\/\/miumjau.ee\/wp-content\/uploads\/2022\/04\/MiuMjau-logo-kollane.png\",\"width\":219,\"height\":100,\"caption\":\"MiuMjau O\u00dc\"},\"image\":{\"@id\":\"https:\/\/miumjau.ee\/#\/schema\/logo\/image\/\"},\"sameAs\":[\"https:\/\/www.facebook.com\/miumjaupood\/\"]}]}<\/script>\n<!-- \/ Yoast SEO plugin. -->","yoast_head_json":{"title":"CatFest pa\u0161aro mai\u0161elis su vi\u0161tiena ir krevet\u0117mis \u017eel\u0117je, 70 g - MiuMjau","description":"CatFest simbolizuoja tikr\u0105 nat\u016bral\u0173 maist\u0105. Fil\u0117 gabal\u0117liai skaniame sultingame \u017eele. J\u016bs\u0173 kat\u0117 tiesiog negali atsispirti!","robots":{"index":"index","follow":"follow","max-snippet":"max-snippet:-1","max-image-preview":"max-image-preview:large","max-video-preview":"max-video-preview:-1"},"canonical":"https:\/\/miumjau.ee\/lt\/produktas\/catfest-pasaro-maiselis-su-vistiena-ir-krevetemis-zeleje-70-g\/","og_locale":"lt_LT","og_type":"article","og_title":"CatFest pa\u0161aro mai\u0161elis su vi\u0161tiena ir krevet\u0117mis \u017eel\u0117je, 70 g - MiuMjau","og_description":"CatFest simbolizuoja tikr\u0105 nat\u016bral\u0173 maist\u0105. Fil\u0117 gabal\u0117liai skaniame sultingame \u017eele. J\u016bs\u0173 kat\u0117 tiesiog negali atsispirti!","og_url":"https:\/\/miumjau.ee\/lt\/produktas\/catfest-pasaro-maiselis-su-vistiena-ir-krevetemis-zeleje-70-g\/","og_site_name":"MiuMjau","article_publisher":"https:\/\/www.facebook.com\/miumjaupood\/","article_modified_time":"2026-01-07T18:42:48+00:00","og_image":[{"width":600,"height":800,"url":"https:\/\/miumjau.ee\/wp-content\/uploads\/2025\/04\/catfest-margtoit-kassidele6.webp","type":"image\/webp"}],"twitter_card":"summary_large_image","schema":{"@context":"https:\/\/schema.org","@graph":[{"@type":"WebPage","@id":"https:\/\/miumjau.ee\/lt\/produktas\/catfest-pasaro-maiselis-su-vistiena-ir-krevetemis-zeleje-70-g\/","url":"https:\/\/miumjau.ee\/lt\/produktas\/catfest-pasaro-maiselis-su-vistiena-ir-krevetemis-zeleje-70-g\/","name":"CatFest pa\u0161aro mai\u0161elis su vi\u0161tiena ir krevet\u0117mis \u017eel\u0117je, 70 g - MiuMjau","isPartOf":{"@id":"https:\/\/miumjau.ee\/#website"},"primaryImageOfPage":{"@id":"https:\/\/miumjau.ee\/lt\/produktas\/catfest-pasaro-maiselis-su-vistiena-ir-krevetemis-zeleje-70-g\/#primaryimage"},"image":{"@id":"https:\/\/miumjau.ee\/lt\/produktas\/catfest-pasaro-maiselis-su-vistiena-ir-krevetemis-zeleje-70-g\/#primaryimage"},"thumbnailUrl":"https:\/\/miumjau.ee\/wp-content\/uploads\/2025\/04\/catfest-margtoit-kassidele6.webp","datePublished":"2025-04-22T13:05:32+00:00","dateModified":"2026-01-07T18:42:48+00:00","description":"CatFest simbolizuoja tikr\u0105 nat\u016bral\u0173 maist\u0105. Fil\u0117 gabal\u0117liai skaniame sultingame \u017eele. J\u016bs\u0173 kat\u0117 tiesiog negali atsispirti!","breadcrumb":{"@id":"https:\/\/miumjau.ee\/lt\/produktas\/catfest-pasaro-maiselis-su-vistiena-ir-krevetemis-zeleje-70-g\/#breadcrumb"},"inLanguage":"lt-LT","potentialAction":[{"@type":"ReadAction","target":["https:\/\/miumjau.ee\/lt\/produktas\/catfest-pasaro-maiselis-su-vistiena-ir-krevetemis-zeleje-70-g\/"]}]},{"@type":"ImageObject","inLanguage":"lt-LT","@id":"https:\/\/miumjau.ee\/lt\/produktas\/catfest-pasaro-maiselis-su-vistiena-ir-krevetemis-zeleje-70-g\/#primaryimage","url":"https:\/\/miumjau.ee\/wp-content\/uploads\/2025\/04\/catfest-margtoit-kassidele6.webp","contentUrl":"https:\/\/miumjau.ee\/wp-content\/uploads\/2025\/04\/catfest-margtoit-kassidele6.webp","width":600,"height":800},{"@type":"BreadcrumbList","@id":"https:\/\/miumjau.ee\/lt\/produktas\/catfest-pasaro-maiselis-su-vistiena-ir-krevetemis-zeleje-70-g\/#breadcrumb","itemListElement":[{"@type":"ListItem","position":1,"name":"Home","item":"https:\/\/miumjau.ee\/lt\/"},{"@type":"ListItem","position":2,"name":"Parduotuv\u0117","item":"https:\/\/miumjau.ee\/lt\/parduotuve\/"},{"@type":"ListItem","position":3,"name":"CatFest pa\u0161aro mai\u0161elis su vi\u0161tiena ir krevet\u0117mis \u017eel\u0117je, 70 g"}]},{"@type":"WebSite","@id":"https:\/\/miumjau.ee\/#website","url":"https:\/\/miumjau.ee\/","name":"MiuMjau","description":"Kraapimispuud kassidele","publisher":{"@id":"https:\/\/miumjau.ee\/#organization"},"potentialAction":[{"@type":"SearchAction","target":{"@type":"EntryPoint","urlTemplate":"https:\/\/miumjau.ee\/?s={search_term_string}"},"query-input":{"@type":"PropertyValueSpecification","valueRequired":true,"valueName":"search_term_string"}}],"inLanguage":"lt-LT"},{"@type":"Organization","@id":"https:\/\/miumjau.ee\/#organization","name":"MiuMjau O\u00dc","url":"https:\/\/miumjau.ee\/","logo":{"@type":"ImageObject","inLanguage":"lt-LT","@id":"https:\/\/miumjau.ee\/#\/schema\/logo\/image\/","url":"https:\/\/miumjau.ee\/wp-content\/uploads\/2022\/04\/MiuMjau-logo-kollane.png","contentUrl":"https:\/\/miumjau.ee\/wp-content\/uploads\/2022\/04\/MiuMjau-logo-kollane.png","width":219,"height":100,"caption":"MiuMjau O\u00dc"},"image":{"@id":"https:\/\/miumjau.ee\/#\/schema\/logo\/image\/"},"sameAs":["https:\/\/www.facebook.com\/miumjaupood\/"]}]}},"_links":{"self":[{"href":"https:\/\/miumjau.ee\/lt\/wp-json\/wp\/v2\/product\/49831","targetHints":{"allow":["GET"]}}],"collection":[{"href":"https:\/\/miumjau.ee\/lt\/wp-json\/wp\/v2\/product"}],"about":[{"href":"https:\/\/miumjau.ee\/lt\/wp-json\/wp\/v2\/types\/product"}],"wp:featuredmedia":[{"embeddable":true,"href":"https:\/\/miumjau.ee\/lt\/wp-json\/wp\/v2\/media\/49832"}],"wp:attachment":[{"href":"https:\/\/miumjau.ee\/lt\/wp-json\/wp\/v2\/media?parent=49831"}],"wp:term":[{"taxonomy":"product_brand","embeddable":true,"href":"https:\/\/miumjau.ee\/lt\/wp-json\/wp\/v2\/product_brand?post=49831"},{"taxonomy":"product_cat","embeddable":true,"href":"https:\/\/miumjau.ee\/lt\/wp-json\/wp\/v2\/product_cat?post=49831"},{"taxonomy":"product_tag","embeddable":true,"href":"https:\/\/miumjau.ee\/lt\/wp-json\/wp\/v2\/product_tag?post=49831"}],"curies":[{"name":"wp","href":"https:\/\/api.w.org\/{rel}","templated":true}]}}