{"id":49782,"date":"2025-04-22T16:05:38","date_gmt":"2025-04-22T13:05:38","guid":{"rendered":"https:\/\/miumjau.ee\/toode\/catfest-tuno-ir-lasisos-edalo-maiselis-katems-drebuciuose-slapias-edalas-70-g\/"},"modified":"2026-01-07T20:42:48","modified_gmt":"2026-01-07T18:42:48","slug":"catfest-tuno-ir-lasisos-edalo-maiselis-katems-drebuciuose-slapias-edalas-70-g","status":"publish","type":"product","link":"https:\/\/miumjau.ee\/lt\/produktas\/catfest-tuno-ir-lasisos-edalo-maiselis-katems-drebuciuose-slapias-edalas-70-g\/","title":{"rendered":"CatFest tuno ir la\u0161i\u0161os \u0117dalo mai\u0161elis kat\u0117ms drebu\u010diuose, \u0161lapias \u0117dalas 70 g"},"content":{"rendered":"","protected":false},"excerpt":{"rendered":"<p>M\u016bs\u0173 papildomas \u0117dalas su vertingomis \u017euvimis, tokiomis kaip tunas ir la\u0161i\u0161a, suteiks j\u016bs\u0173 augintiniui tikr\u0105 skan\u0117st\u0105. I\u0161skirtinis \u0161io patiekalo skonis su\u017eav\u0117s net ir i\u0161rankiausius gurmanus, o nat\u016brali sud\u0117tis u\u017etikrina sveik\u0105 mityb\u0105 ir gerov\u0119. Si\u016blomas kaip papildomas \u0117dalas.<\/p>\n<p>Sud\u0117tis: tunas 54 %, la\u0161i\u0161a 6 %, \u017euv\u0173 sultinys 38 %, prebiotikai FOS, la\u0161i\u0161\u0173 aliejus, vitaminas E, taurinas, cikorij\u0173 ekstraktas.<\/p>\n<p>Analin\u0117s sudedamosios dalys: \u017eali baltymai 10 %, \u017eali riebalai 0,8 %, \u017ealia l\u0105steliena 1 %, \u017eali pelenai 1,5 %, dr\u0117gm\u0117 89 %, energin\u0117 vert\u0117 \u2014 46,45 kcal.<\/p>\n<p>Privalumai: \u0160is \u0117dalas be konservant\u0173 ir dirbtini\u0173 pried\u0173 yra tikras delikatesas j\u016bs\u0173 katei. Omega-3 ir omega-6 riebal\u0173 r\u016bg\u0161tys i\u0161 la\u0161i\u0161os padeda palaikyti sveik\u0105 od\u0105 ir suteikia kailiui \u017evilgesio. Taurinas palaiko \u0161irdies veikl\u0105 ir gerina reg\u0117jim\u0105, o vitaminas E stiprina imunin\u0119 sistem\u0105. Cikorij\u0173 ekstraktas padeda pagerinti vir\u0161kinim\u0105 ir suma\u017eina ka\u010di\u0173 i\u0161mat\u0173 kvap\u0105.<\/p>\n<p>Naudojimas: Tinka kaip papildomas nat\u016bralus \u0117dalas visoms suaugusioms namin\u0117ms kat\u0117ms, \u012fskaitant sterilizuotas ir kastruotas kates, taip pat kates, turin\u010dias alergij\u0173 ir vir\u0161kinimo problem\u0173. Patiekite kambario temperat\u016broje. Laikyti v\u0117sioje, sausoje vietoje. Galima duoti iki 3 pakeli\u0173 per dien\u0105. Augintinis visada turi tur\u0117ti \u0161vie\u017eio vandens.<\/p>\n","protected":false},"featured_media":49783,"template":"","meta":[],"product_brand":[],"product_cat":[526],"product_tag":[],"class_list":{"0":"post-49782","1":"product","2":"type-product","3":"status-publish","4":"has-post-thumbnail","6":"product_cat-slapias-maistas","8":"first","9":"instock","10":"taxable","11":"shipping-taxable","12":"purchasable","13":"product-type-simple"},"yoast_head":"<!-- This site is optimized with the Yoast SEO plugin v27.2 - https:\/\/yoast.com\/product\/yoast-seo-wordpress\/ -->\n<title>CatFest tuno ir la\u0161i\u0161os \u0117dalo mai\u0161elis kat\u0117ms drebu\u010diuose, \u0161lapias \u0117dalas 70 g - MiuMjau<\/title>\n<meta name=\"description\" content=\"\u201eCatFest\u201c simbolizuoja tikr\u0105 nat\u016bral\u0173 maist\u0105. Fil\u0117 gabaliukai gard\u017eioje, sultingoje drebu\u010diuose. J\u016bs\u0173 kat\u0117 tiesiog negali atsispirti!\" \/>\n<meta name=\"robots\" content=\"index, follow, max-snippet:-1, max-image-preview:large, max-video-preview:-1\" \/>\n<link rel=\"canonical\" href=\"https:\/\/miumjau.ee\/lt\/produktas\/catfest-tuno-ir-lasisos-edalo-maiselis-katems-drebuciuose-slapias-edalas-70-g\/\" \/>\n<meta property=\"og:locale\" content=\"lt_LT\" \/>\n<meta property=\"og:type\" content=\"article\" \/>\n<meta property=\"og:title\" content=\"CatFest tuno ir la\u0161i\u0161os \u0117dalo mai\u0161elis kat\u0117ms drebu\u010diuose, \u0161lapias \u0117dalas 70 g - MiuMjau\" \/>\n<meta property=\"og:description\" content=\"\u201eCatFest\u201c simbolizuoja tikr\u0105 nat\u016bral\u0173 maist\u0105. Fil\u0117 gabaliukai gard\u017eioje, sultingoje drebu\u010diuose. J\u016bs\u0173 kat\u0117 tiesiog negali atsispirti!\" \/>\n<meta property=\"og:url\" content=\"https:\/\/miumjau.ee\/lt\/produktas\/catfest-tuno-ir-lasisos-edalo-maiselis-katems-drebuciuose-slapias-edalas-70-g\/\" \/>\n<meta property=\"og:site_name\" content=\"MiuMjau\" \/>\n<meta property=\"article:publisher\" content=\"https:\/\/www.facebook.com\/miumjaupood\/\" \/>\n<meta property=\"article:modified_time\" content=\"2026-01-07T18:42:48+00:00\" \/>\n<meta property=\"og:image\" content=\"https:\/\/miumjau.ee\/wp-content\/uploads\/2025\/04\/catfest-margtoit-kassidele43.webp\" \/>\n\t<meta property=\"og:image:width\" content=\"600\" \/>\n\t<meta property=\"og:image:height\" content=\"800\" \/>\n\t<meta property=\"og:image:type\" content=\"image\/webp\" \/>\n<meta name=\"twitter:card\" content=\"summary_large_image\" \/>\n<script type=\"application\/ld+json\" class=\"yoast-schema-graph\">{\"@context\":\"https:\/\/schema.org\",\"@graph\":[{\"@type\":\"WebPage\",\"@id\":\"https:\/\/miumjau.ee\/lt\/produktas\/catfest-tuno-ir-lasisos-edalo-maiselis-katems-drebuciuose-slapias-edalas-70-g\/\",\"url\":\"https:\/\/miumjau.ee\/lt\/produktas\/catfest-tuno-ir-lasisos-edalo-maiselis-katems-drebuciuose-slapias-edalas-70-g\/\",\"name\":\"CatFest tuno ir la\u0161i\u0161os \u0117dalo mai\u0161elis kat\u0117ms drebu\u010diuose, \u0161lapias \u0117dalas 70 g - MiuMjau\",\"isPartOf\":{\"@id\":\"https:\/\/miumjau.ee\/#website\"},\"primaryImageOfPage\":{\"@id\":\"https:\/\/miumjau.ee\/lt\/produktas\/catfest-tuno-ir-lasisos-edalo-maiselis-katems-drebuciuose-slapias-edalas-70-g\/#primaryimage\"},\"image\":{\"@id\":\"https:\/\/miumjau.ee\/lt\/produktas\/catfest-tuno-ir-lasisos-edalo-maiselis-katems-drebuciuose-slapias-edalas-70-g\/#primaryimage\"},\"thumbnailUrl\":\"https:\/\/miumjau.ee\/wp-content\/uploads\/2025\/04\/catfest-margtoit-kassidele43.webp\",\"datePublished\":\"2025-04-22T13:05:38+00:00\",\"dateModified\":\"2026-01-07T18:42:48+00:00\",\"description\":\"\u201eCatFest\u201c simbolizuoja tikr\u0105 nat\u016bral\u0173 maist\u0105. Fil\u0117 gabaliukai gard\u017eioje, sultingoje drebu\u010diuose. J\u016bs\u0173 kat\u0117 tiesiog negali atsispirti!\",\"breadcrumb\":{\"@id\":\"https:\/\/miumjau.ee\/lt\/produktas\/catfest-tuno-ir-lasisos-edalo-maiselis-katems-drebuciuose-slapias-edalas-70-g\/#breadcrumb\"},\"inLanguage\":\"lt-LT\",\"potentialAction\":[{\"@type\":\"ReadAction\",\"target\":[\"https:\/\/miumjau.ee\/lt\/produktas\/catfest-tuno-ir-lasisos-edalo-maiselis-katems-drebuciuose-slapias-edalas-70-g\/\"]}]},{\"@type\":\"ImageObject\",\"inLanguage\":\"lt-LT\",\"@id\":\"https:\/\/miumjau.ee\/lt\/produktas\/catfest-tuno-ir-lasisos-edalo-maiselis-katems-drebuciuose-slapias-edalas-70-g\/#primaryimage\",\"url\":\"https:\/\/miumjau.ee\/wp-content\/uploads\/2025\/04\/catfest-margtoit-kassidele43.webp\",\"contentUrl\":\"https:\/\/miumjau.ee\/wp-content\/uploads\/2025\/04\/catfest-margtoit-kassidele43.webp\",\"width\":600,\"height\":800},{\"@type\":\"BreadcrumbList\",\"@id\":\"https:\/\/miumjau.ee\/lt\/produktas\/catfest-tuno-ir-lasisos-edalo-maiselis-katems-drebuciuose-slapias-edalas-70-g\/#breadcrumb\",\"itemListElement\":[{\"@type\":\"ListItem\",\"position\":1,\"name\":\"Home\",\"item\":\"https:\/\/miumjau.ee\/lt\/\"},{\"@type\":\"ListItem\",\"position\":2,\"name\":\"Parduotuv\u0117\",\"item\":\"https:\/\/miumjau.ee\/lt\/parduotuve\/\"},{\"@type\":\"ListItem\",\"position\":3,\"name\":\"CatFest tuno ir la\u0161i\u0161os \u0117dalo mai\u0161elis kat\u0117ms drebu\u010diuose, \u0161lapias \u0117dalas 70 g\"}]},{\"@type\":\"WebSite\",\"@id\":\"https:\/\/miumjau.ee\/#website\",\"url\":\"https:\/\/miumjau.ee\/\",\"name\":\"MiuMjau\",\"description\":\"Kraapimispuud kassidele\",\"publisher\":{\"@id\":\"https:\/\/miumjau.ee\/#organization\"},\"potentialAction\":[{\"@type\":\"SearchAction\",\"target\":{\"@type\":\"EntryPoint\",\"urlTemplate\":\"https:\/\/miumjau.ee\/?s={search_term_string}\"},\"query-input\":{\"@type\":\"PropertyValueSpecification\",\"valueRequired\":true,\"valueName\":\"search_term_string\"}}],\"inLanguage\":\"lt-LT\"},{\"@type\":\"Organization\",\"@id\":\"https:\/\/miumjau.ee\/#organization\",\"name\":\"MiuMjau O\u00dc\",\"url\":\"https:\/\/miumjau.ee\/\",\"logo\":{\"@type\":\"ImageObject\",\"inLanguage\":\"lt-LT\",\"@id\":\"https:\/\/miumjau.ee\/#\/schema\/logo\/image\/\",\"url\":\"https:\/\/miumjau.ee\/wp-content\/uploads\/2022\/04\/MiuMjau-logo-kollane.png\",\"contentUrl\":\"https:\/\/miumjau.ee\/wp-content\/uploads\/2022\/04\/MiuMjau-logo-kollane.png\",\"width\":219,\"height\":100,\"caption\":\"MiuMjau O\u00dc\"},\"image\":{\"@id\":\"https:\/\/miumjau.ee\/#\/schema\/logo\/image\/\"},\"sameAs\":[\"https:\/\/www.facebook.com\/miumjaupood\/\"]}]}<\/script>\n<!-- \/ Yoast SEO plugin. -->","yoast_head_json":{"title":"CatFest tuno ir la\u0161i\u0161os \u0117dalo mai\u0161elis kat\u0117ms drebu\u010diuose, \u0161lapias \u0117dalas 70 g - MiuMjau","description":"\u201eCatFest\u201c simbolizuoja tikr\u0105 nat\u016bral\u0173 maist\u0105. Fil\u0117 gabaliukai gard\u017eioje, sultingoje drebu\u010diuose. J\u016bs\u0173 kat\u0117 tiesiog negali atsispirti!","robots":{"index":"index","follow":"follow","max-snippet":"max-snippet:-1","max-image-preview":"max-image-preview:large","max-video-preview":"max-video-preview:-1"},"canonical":"https:\/\/miumjau.ee\/lt\/produktas\/catfest-tuno-ir-lasisos-edalo-maiselis-katems-drebuciuose-slapias-edalas-70-g\/","og_locale":"lt_LT","og_type":"article","og_title":"CatFest tuno ir la\u0161i\u0161os \u0117dalo mai\u0161elis kat\u0117ms drebu\u010diuose, \u0161lapias \u0117dalas 70 g - MiuMjau","og_description":"\u201eCatFest\u201c simbolizuoja tikr\u0105 nat\u016bral\u0173 maist\u0105. Fil\u0117 gabaliukai gard\u017eioje, sultingoje drebu\u010diuose. J\u016bs\u0173 kat\u0117 tiesiog negali atsispirti!","og_url":"https:\/\/miumjau.ee\/lt\/produktas\/catfest-tuno-ir-lasisos-edalo-maiselis-katems-drebuciuose-slapias-edalas-70-g\/","og_site_name":"MiuMjau","article_publisher":"https:\/\/www.facebook.com\/miumjaupood\/","article_modified_time":"2026-01-07T18:42:48+00:00","og_image":[{"width":600,"height":800,"url":"https:\/\/miumjau.ee\/wp-content\/uploads\/2025\/04\/catfest-margtoit-kassidele43.webp","type":"image\/webp"}],"twitter_card":"summary_large_image","schema":{"@context":"https:\/\/schema.org","@graph":[{"@type":"WebPage","@id":"https:\/\/miumjau.ee\/lt\/produktas\/catfest-tuno-ir-lasisos-edalo-maiselis-katems-drebuciuose-slapias-edalas-70-g\/","url":"https:\/\/miumjau.ee\/lt\/produktas\/catfest-tuno-ir-lasisos-edalo-maiselis-katems-drebuciuose-slapias-edalas-70-g\/","name":"CatFest tuno ir la\u0161i\u0161os \u0117dalo mai\u0161elis kat\u0117ms drebu\u010diuose, \u0161lapias \u0117dalas 70 g - MiuMjau","isPartOf":{"@id":"https:\/\/miumjau.ee\/#website"},"primaryImageOfPage":{"@id":"https:\/\/miumjau.ee\/lt\/produktas\/catfest-tuno-ir-lasisos-edalo-maiselis-katems-drebuciuose-slapias-edalas-70-g\/#primaryimage"},"image":{"@id":"https:\/\/miumjau.ee\/lt\/produktas\/catfest-tuno-ir-lasisos-edalo-maiselis-katems-drebuciuose-slapias-edalas-70-g\/#primaryimage"},"thumbnailUrl":"https:\/\/miumjau.ee\/wp-content\/uploads\/2025\/04\/catfest-margtoit-kassidele43.webp","datePublished":"2025-04-22T13:05:38+00:00","dateModified":"2026-01-07T18:42:48+00:00","description":"\u201eCatFest\u201c simbolizuoja tikr\u0105 nat\u016bral\u0173 maist\u0105. Fil\u0117 gabaliukai gard\u017eioje, sultingoje drebu\u010diuose. J\u016bs\u0173 kat\u0117 tiesiog negali atsispirti!","breadcrumb":{"@id":"https:\/\/miumjau.ee\/lt\/produktas\/catfest-tuno-ir-lasisos-edalo-maiselis-katems-drebuciuose-slapias-edalas-70-g\/#breadcrumb"},"inLanguage":"lt-LT","potentialAction":[{"@type":"ReadAction","target":["https:\/\/miumjau.ee\/lt\/produktas\/catfest-tuno-ir-lasisos-edalo-maiselis-katems-drebuciuose-slapias-edalas-70-g\/"]}]},{"@type":"ImageObject","inLanguage":"lt-LT","@id":"https:\/\/miumjau.ee\/lt\/produktas\/catfest-tuno-ir-lasisos-edalo-maiselis-katems-drebuciuose-slapias-edalas-70-g\/#primaryimage","url":"https:\/\/miumjau.ee\/wp-content\/uploads\/2025\/04\/catfest-margtoit-kassidele43.webp","contentUrl":"https:\/\/miumjau.ee\/wp-content\/uploads\/2025\/04\/catfest-margtoit-kassidele43.webp","width":600,"height":800},{"@type":"BreadcrumbList","@id":"https:\/\/miumjau.ee\/lt\/produktas\/catfest-tuno-ir-lasisos-edalo-maiselis-katems-drebuciuose-slapias-edalas-70-g\/#breadcrumb","itemListElement":[{"@type":"ListItem","position":1,"name":"Home","item":"https:\/\/miumjau.ee\/lt\/"},{"@type":"ListItem","position":2,"name":"Parduotuv\u0117","item":"https:\/\/miumjau.ee\/lt\/parduotuve\/"},{"@type":"ListItem","position":3,"name":"CatFest tuno ir la\u0161i\u0161os \u0117dalo mai\u0161elis kat\u0117ms drebu\u010diuose, \u0161lapias \u0117dalas 70 g"}]},{"@type":"WebSite","@id":"https:\/\/miumjau.ee\/#website","url":"https:\/\/miumjau.ee\/","name":"MiuMjau","description":"Kraapimispuud kassidele","publisher":{"@id":"https:\/\/miumjau.ee\/#organization"},"potentialAction":[{"@type":"SearchAction","target":{"@type":"EntryPoint","urlTemplate":"https:\/\/miumjau.ee\/?s={search_term_string}"},"query-input":{"@type":"PropertyValueSpecification","valueRequired":true,"valueName":"search_term_string"}}],"inLanguage":"lt-LT"},{"@type":"Organization","@id":"https:\/\/miumjau.ee\/#organization","name":"MiuMjau O\u00dc","url":"https:\/\/miumjau.ee\/","logo":{"@type":"ImageObject","inLanguage":"lt-LT","@id":"https:\/\/miumjau.ee\/#\/schema\/logo\/image\/","url":"https:\/\/miumjau.ee\/wp-content\/uploads\/2022\/04\/MiuMjau-logo-kollane.png","contentUrl":"https:\/\/miumjau.ee\/wp-content\/uploads\/2022\/04\/MiuMjau-logo-kollane.png","width":219,"height":100,"caption":"MiuMjau O\u00dc"},"image":{"@id":"https:\/\/miumjau.ee\/#\/schema\/logo\/image\/"},"sameAs":["https:\/\/www.facebook.com\/miumjaupood\/"]}]}},"_links":{"self":[{"href":"https:\/\/miumjau.ee\/lt\/wp-json\/wp\/v2\/product\/49782","targetHints":{"allow":["GET"]}}],"collection":[{"href":"https:\/\/miumjau.ee\/lt\/wp-json\/wp\/v2\/product"}],"about":[{"href":"https:\/\/miumjau.ee\/lt\/wp-json\/wp\/v2\/types\/product"}],"wp:featuredmedia":[{"embeddable":true,"href":"https:\/\/miumjau.ee\/lt\/wp-json\/wp\/v2\/media\/49783"}],"wp:attachment":[{"href":"https:\/\/miumjau.ee\/lt\/wp-json\/wp\/v2\/media?parent=49782"}],"wp:term":[{"taxonomy":"product_brand","embeddable":true,"href":"https:\/\/miumjau.ee\/lt\/wp-json\/wp\/v2\/product_brand?post=49782"},{"taxonomy":"product_cat","embeddable":true,"href":"https:\/\/miumjau.ee\/lt\/wp-json\/wp\/v2\/product_cat?post=49782"},{"taxonomy":"product_tag","embeddable":true,"href":"https:\/\/miumjau.ee\/lt\/wp-json\/wp\/v2\/product_tag?post=49782"}],"curies":[{"name":"wp","href":"https:\/\/api.w.org\/{rel}","templated":true}]}}