{"id":49767,"date":"2025-04-22T16:05:54","date_gmt":"2025-04-22T13:05:54","guid":{"rendered":"https:\/\/miumjau.ee\/toode\/catfest-lasisos-ir-krabu-skonio-edalo-maiselis-katems-drebuciuose-70-g\/"},"modified":"2026-01-07T20:42:55","modified_gmt":"2026-01-07T18:42:55","slug":"catfest-lasisos-ir-krabu-skonio-edalo-maiselis-katems-drebuciuose-70-g","status":"publish","type":"product","link":"https:\/\/miumjau.ee\/lt\/produktas\/catfest-lasisos-ir-krabu-skonio-edalo-maiselis-katems-drebuciuose-70-g\/","title":{"rendered":"CatFest la\u0161i\u0161os ir krab\u0173 skonio \u0117dalo mai\u0161elis kat\u0117ms drebu\u010diuose, 70 g"},"content":{"rendered":"","protected":false},"excerpt":{"rendered":"<p>Laukin\u0117s la\u0161i\u0161os fil\u0117 su krab\u0173 lazdel\u0117mis drebu\u010diuose yra maistingas ir skanus produktas suaugusioms kat\u0117ms. Didelis la\u0161i\u0161os ir krab\u0173 lazdeli\u0173 kiekis suteikia katei reikaling\u0173 baltym\u0173 ir riebal\u0173 r\u016bg\u0161\u010di\u0173, kurios palaiko jos sveikat\u0105 ir gyvybingum\u0105. Si\u016blomas kaip papildomas nat\u016bralus maistas.<\/p>\n<p>Sud\u0117tis: la\u0161i\u0161a 54 %, krab\u0173 lazdel\u0117s 6 %, \u017euv\u0173 sultinys 38 %, an\u010diuvi\u0173 aliejus, prebiotikai FOS, vitaminas E, taurinas, cikorij\u0173 ekstraktas, mineralai.<\/p>\n<p>Analitin\u0117s sudedamosios dalys: \u017eali baltymai 8,5 %, \u017eali riebalai 2,5 %, \u017eali pelenai 1,5 %, \u017ealia l\u0105steliena 1 %, dr\u0117gm\u0117 89 %.<\/p>\n<p>Privalumai: la\u0161i\u0161a yra gausus omega-3 riebal\u0173 r\u016bg\u0161\u010di\u0173 \u0161altinis, kurios palaiko odos ir kailio sveikat\u0105. Prebiotikas FOS gerina vir\u0161kinim\u0105 ir padeda palaikyti sveik\u0105 \u017earnyno mikroflor\u0105. Krab\u0173 lazdel\u0117s suteikia papildomo skonio ir tekst\u016bros, tod\u0117l maistas tampa dar apetiti\u0161kesnis. Cikorijos suma\u017eina ka\u010di\u0173 i\u0161mat\u0173 kvap\u0105, pad\u0117damos palaikyti gryn\u0105 or\u0105 aplink kraiko d\u0117\u017eut\u0119.<\/p>\n<p>Naudojimas: tinka kaip papildomas nat\u016bralus \u0117dalas visoms suaugusioms namin\u0117ms kat\u0117ms, \u012fskaitant sterilizuotas ir kastruotas kates bei kates, turin\u010dias alergij\u0173 ar vir\u0161kinimo problem\u0173. Patiekite kambario temperat\u016broje. Laikyti v\u0117sioje, sausoje vietoje. Suvartokite iki 3 pakeli\u0173 per dien\u0105. \u012esitikinkite, kad j\u016bs\u0173 kat\u0117 visada turi prieig\u0105 prie \u0161vie\u017eio vandens.<\/p>\n","protected":false},"featured_media":49768,"template":"","meta":[],"product_brand":[],"product_cat":[526],"product_tag":[],"class_list":{"0":"post-49767","1":"product","2":"type-product","3":"status-publish","4":"has-post-thumbnail","6":"product_cat-slapias-maistas","8":"first","9":"instock","10":"taxable","11":"shipping-taxable","12":"purchasable","13":"product-type-simple"},"yoast_head":"<!-- This site is optimized with the Yoast SEO plugin v27.2 - https:\/\/yoast.com\/product\/yoast-seo-wordpress\/ -->\n<title>CatFest la\u0161i\u0161os ir krab\u0173 skonio \u0117dalo mai\u0161elis kat\u0117ms drebu\u010diuose, 70 g - MiuMjau<\/title>\n<meta name=\"description\" content=\"\u201eCatFest\u201c simbolizuoja tikr\u0105 nat\u016bral\u0173 maist\u0105. Fil\u0117 gabaliukai gard\u017eioje, sultingoje drebu\u010diuose. J\u016bs\u0173 kat\u0117 tiesiog negali atsispirti!\" \/>\n<meta name=\"robots\" content=\"index, follow, max-snippet:-1, max-image-preview:large, max-video-preview:-1\" \/>\n<link rel=\"canonical\" href=\"https:\/\/miumjau.ee\/lt\/produktas\/catfest-lasisos-ir-krabu-skonio-edalo-maiselis-katems-drebuciuose-70-g\/\" \/>\n<meta property=\"og:locale\" content=\"lt_LT\" \/>\n<meta property=\"og:type\" content=\"article\" \/>\n<meta property=\"og:title\" content=\"CatFest la\u0161i\u0161os ir krab\u0173 skonio \u0117dalo mai\u0161elis kat\u0117ms drebu\u010diuose, 70 g - MiuMjau\" \/>\n<meta property=\"og:description\" content=\"\u201eCatFest\u201c simbolizuoja tikr\u0105 nat\u016bral\u0173 maist\u0105. Fil\u0117 gabaliukai gard\u017eioje, sultingoje drebu\u010diuose. J\u016bs\u0173 kat\u0117 tiesiog negali atsispirti!\" \/>\n<meta property=\"og:url\" content=\"https:\/\/miumjau.ee\/lt\/produktas\/catfest-lasisos-ir-krabu-skonio-edalo-maiselis-katems-drebuciuose-70-g\/\" \/>\n<meta property=\"og:site_name\" content=\"MiuMjau\" \/>\n<meta property=\"article:publisher\" content=\"https:\/\/www.facebook.com\/miumjaupood\/\" \/>\n<meta property=\"article:modified_time\" content=\"2026-01-07T18:42:55+00:00\" \/>\n<meta property=\"og:image\" content=\"https:\/\/miumjau.ee\/wp-content\/uploads\/2025\/04\/catfest-margtoit-kassidele14.webp\" \/>\n\t<meta property=\"og:image:width\" content=\"600\" \/>\n\t<meta property=\"og:image:height\" content=\"800\" \/>\n\t<meta property=\"og:image:type\" content=\"image\/webp\" \/>\n<meta name=\"twitter:card\" content=\"summary_large_image\" \/>\n<script type=\"application\/ld+json\" class=\"yoast-schema-graph\">{\"@context\":\"https:\/\/schema.org\",\"@graph\":[{\"@type\":\"WebPage\",\"@id\":\"https:\/\/miumjau.ee\/lt\/produktas\/catfest-lasisos-ir-krabu-skonio-edalo-maiselis-katems-drebuciuose-70-g\/\",\"url\":\"https:\/\/miumjau.ee\/lt\/produktas\/catfest-lasisos-ir-krabu-skonio-edalo-maiselis-katems-drebuciuose-70-g\/\",\"name\":\"CatFest la\u0161i\u0161os ir krab\u0173 skonio \u0117dalo mai\u0161elis kat\u0117ms drebu\u010diuose, 70 g - MiuMjau\",\"isPartOf\":{\"@id\":\"https:\/\/miumjau.ee\/#website\"},\"primaryImageOfPage\":{\"@id\":\"https:\/\/miumjau.ee\/lt\/produktas\/catfest-lasisos-ir-krabu-skonio-edalo-maiselis-katems-drebuciuose-70-g\/#primaryimage\"},\"image\":{\"@id\":\"https:\/\/miumjau.ee\/lt\/produktas\/catfest-lasisos-ir-krabu-skonio-edalo-maiselis-katems-drebuciuose-70-g\/#primaryimage\"},\"thumbnailUrl\":\"https:\/\/miumjau.ee\/wp-content\/uploads\/2025\/04\/catfest-margtoit-kassidele14.webp\",\"datePublished\":\"2025-04-22T13:05:54+00:00\",\"dateModified\":\"2026-01-07T18:42:55+00:00\",\"description\":\"\u201eCatFest\u201c simbolizuoja tikr\u0105 nat\u016bral\u0173 maist\u0105. Fil\u0117 gabaliukai gard\u017eioje, sultingoje drebu\u010diuose. J\u016bs\u0173 kat\u0117 tiesiog negali atsispirti!\",\"breadcrumb\":{\"@id\":\"https:\/\/miumjau.ee\/lt\/produktas\/catfest-lasisos-ir-krabu-skonio-edalo-maiselis-katems-drebuciuose-70-g\/#breadcrumb\"},\"inLanguage\":\"lt-LT\",\"potentialAction\":[{\"@type\":\"ReadAction\",\"target\":[\"https:\/\/miumjau.ee\/lt\/produktas\/catfest-lasisos-ir-krabu-skonio-edalo-maiselis-katems-drebuciuose-70-g\/\"]}]},{\"@type\":\"ImageObject\",\"inLanguage\":\"lt-LT\",\"@id\":\"https:\/\/miumjau.ee\/lt\/produktas\/catfest-lasisos-ir-krabu-skonio-edalo-maiselis-katems-drebuciuose-70-g\/#primaryimage\",\"url\":\"https:\/\/miumjau.ee\/wp-content\/uploads\/2025\/04\/catfest-margtoit-kassidele14.webp\",\"contentUrl\":\"https:\/\/miumjau.ee\/wp-content\/uploads\/2025\/04\/catfest-margtoit-kassidele14.webp\",\"width\":600,\"height\":800},{\"@type\":\"BreadcrumbList\",\"@id\":\"https:\/\/miumjau.ee\/lt\/produktas\/catfest-lasisos-ir-krabu-skonio-edalo-maiselis-katems-drebuciuose-70-g\/#breadcrumb\",\"itemListElement\":[{\"@type\":\"ListItem\",\"position\":1,\"name\":\"Home\",\"item\":\"https:\/\/miumjau.ee\/lt\/\"},{\"@type\":\"ListItem\",\"position\":2,\"name\":\"Parduotuv\u0117\",\"item\":\"https:\/\/miumjau.ee\/lt\/parduotuve\/\"},{\"@type\":\"ListItem\",\"position\":3,\"name\":\"CatFest la\u0161i\u0161os ir krab\u0173 skonio \u0117dalo mai\u0161elis kat\u0117ms drebu\u010diuose, 70 g\"}]},{\"@type\":\"WebSite\",\"@id\":\"https:\/\/miumjau.ee\/#website\",\"url\":\"https:\/\/miumjau.ee\/\",\"name\":\"MiuMjau\",\"description\":\"Kraapimispuud kassidele\",\"publisher\":{\"@id\":\"https:\/\/miumjau.ee\/#organization\"},\"potentialAction\":[{\"@type\":\"SearchAction\",\"target\":{\"@type\":\"EntryPoint\",\"urlTemplate\":\"https:\/\/miumjau.ee\/?s={search_term_string}\"},\"query-input\":{\"@type\":\"PropertyValueSpecification\",\"valueRequired\":true,\"valueName\":\"search_term_string\"}}],\"inLanguage\":\"lt-LT\"},{\"@type\":\"Organization\",\"@id\":\"https:\/\/miumjau.ee\/#organization\",\"name\":\"MiuMjau O\u00dc\",\"url\":\"https:\/\/miumjau.ee\/\",\"logo\":{\"@type\":\"ImageObject\",\"inLanguage\":\"lt-LT\",\"@id\":\"https:\/\/miumjau.ee\/#\/schema\/logo\/image\/\",\"url\":\"https:\/\/miumjau.ee\/wp-content\/uploads\/2022\/04\/MiuMjau-logo-kollane.png\",\"contentUrl\":\"https:\/\/miumjau.ee\/wp-content\/uploads\/2022\/04\/MiuMjau-logo-kollane.png\",\"width\":219,\"height\":100,\"caption\":\"MiuMjau O\u00dc\"},\"image\":{\"@id\":\"https:\/\/miumjau.ee\/#\/schema\/logo\/image\/\"},\"sameAs\":[\"https:\/\/www.facebook.com\/miumjaupood\/\"]}]}<\/script>\n<!-- \/ Yoast SEO plugin. -->","yoast_head_json":{"title":"CatFest la\u0161i\u0161os ir krab\u0173 skonio \u0117dalo mai\u0161elis kat\u0117ms drebu\u010diuose, 70 g - MiuMjau","description":"\u201eCatFest\u201c simbolizuoja tikr\u0105 nat\u016bral\u0173 maist\u0105. Fil\u0117 gabaliukai gard\u017eioje, sultingoje drebu\u010diuose. J\u016bs\u0173 kat\u0117 tiesiog negali atsispirti!","robots":{"index":"index","follow":"follow","max-snippet":"max-snippet:-1","max-image-preview":"max-image-preview:large","max-video-preview":"max-video-preview:-1"},"canonical":"https:\/\/miumjau.ee\/lt\/produktas\/catfest-lasisos-ir-krabu-skonio-edalo-maiselis-katems-drebuciuose-70-g\/","og_locale":"lt_LT","og_type":"article","og_title":"CatFest la\u0161i\u0161os ir krab\u0173 skonio \u0117dalo mai\u0161elis kat\u0117ms drebu\u010diuose, 70 g - MiuMjau","og_description":"\u201eCatFest\u201c simbolizuoja tikr\u0105 nat\u016bral\u0173 maist\u0105. Fil\u0117 gabaliukai gard\u017eioje, sultingoje drebu\u010diuose. J\u016bs\u0173 kat\u0117 tiesiog negali atsispirti!","og_url":"https:\/\/miumjau.ee\/lt\/produktas\/catfest-lasisos-ir-krabu-skonio-edalo-maiselis-katems-drebuciuose-70-g\/","og_site_name":"MiuMjau","article_publisher":"https:\/\/www.facebook.com\/miumjaupood\/","article_modified_time":"2026-01-07T18:42:55+00:00","og_image":[{"width":600,"height":800,"url":"https:\/\/miumjau.ee\/wp-content\/uploads\/2025\/04\/catfest-margtoit-kassidele14.webp","type":"image\/webp"}],"twitter_card":"summary_large_image","schema":{"@context":"https:\/\/schema.org","@graph":[{"@type":"WebPage","@id":"https:\/\/miumjau.ee\/lt\/produktas\/catfest-lasisos-ir-krabu-skonio-edalo-maiselis-katems-drebuciuose-70-g\/","url":"https:\/\/miumjau.ee\/lt\/produktas\/catfest-lasisos-ir-krabu-skonio-edalo-maiselis-katems-drebuciuose-70-g\/","name":"CatFest la\u0161i\u0161os ir krab\u0173 skonio \u0117dalo mai\u0161elis kat\u0117ms drebu\u010diuose, 70 g - MiuMjau","isPartOf":{"@id":"https:\/\/miumjau.ee\/#website"},"primaryImageOfPage":{"@id":"https:\/\/miumjau.ee\/lt\/produktas\/catfest-lasisos-ir-krabu-skonio-edalo-maiselis-katems-drebuciuose-70-g\/#primaryimage"},"image":{"@id":"https:\/\/miumjau.ee\/lt\/produktas\/catfest-lasisos-ir-krabu-skonio-edalo-maiselis-katems-drebuciuose-70-g\/#primaryimage"},"thumbnailUrl":"https:\/\/miumjau.ee\/wp-content\/uploads\/2025\/04\/catfest-margtoit-kassidele14.webp","datePublished":"2025-04-22T13:05:54+00:00","dateModified":"2026-01-07T18:42:55+00:00","description":"\u201eCatFest\u201c simbolizuoja tikr\u0105 nat\u016bral\u0173 maist\u0105. Fil\u0117 gabaliukai gard\u017eioje, sultingoje drebu\u010diuose. J\u016bs\u0173 kat\u0117 tiesiog negali atsispirti!","breadcrumb":{"@id":"https:\/\/miumjau.ee\/lt\/produktas\/catfest-lasisos-ir-krabu-skonio-edalo-maiselis-katems-drebuciuose-70-g\/#breadcrumb"},"inLanguage":"lt-LT","potentialAction":[{"@type":"ReadAction","target":["https:\/\/miumjau.ee\/lt\/produktas\/catfest-lasisos-ir-krabu-skonio-edalo-maiselis-katems-drebuciuose-70-g\/"]}]},{"@type":"ImageObject","inLanguage":"lt-LT","@id":"https:\/\/miumjau.ee\/lt\/produktas\/catfest-lasisos-ir-krabu-skonio-edalo-maiselis-katems-drebuciuose-70-g\/#primaryimage","url":"https:\/\/miumjau.ee\/wp-content\/uploads\/2025\/04\/catfest-margtoit-kassidele14.webp","contentUrl":"https:\/\/miumjau.ee\/wp-content\/uploads\/2025\/04\/catfest-margtoit-kassidele14.webp","width":600,"height":800},{"@type":"BreadcrumbList","@id":"https:\/\/miumjau.ee\/lt\/produktas\/catfest-lasisos-ir-krabu-skonio-edalo-maiselis-katems-drebuciuose-70-g\/#breadcrumb","itemListElement":[{"@type":"ListItem","position":1,"name":"Home","item":"https:\/\/miumjau.ee\/lt\/"},{"@type":"ListItem","position":2,"name":"Parduotuv\u0117","item":"https:\/\/miumjau.ee\/lt\/parduotuve\/"},{"@type":"ListItem","position":3,"name":"CatFest la\u0161i\u0161os ir krab\u0173 skonio \u0117dalo mai\u0161elis kat\u0117ms drebu\u010diuose, 70 g"}]},{"@type":"WebSite","@id":"https:\/\/miumjau.ee\/#website","url":"https:\/\/miumjau.ee\/","name":"MiuMjau","description":"Kraapimispuud kassidele","publisher":{"@id":"https:\/\/miumjau.ee\/#organization"},"potentialAction":[{"@type":"SearchAction","target":{"@type":"EntryPoint","urlTemplate":"https:\/\/miumjau.ee\/?s={search_term_string}"},"query-input":{"@type":"PropertyValueSpecification","valueRequired":true,"valueName":"search_term_string"}}],"inLanguage":"lt-LT"},{"@type":"Organization","@id":"https:\/\/miumjau.ee\/#organization","name":"MiuMjau O\u00dc","url":"https:\/\/miumjau.ee\/","logo":{"@type":"ImageObject","inLanguage":"lt-LT","@id":"https:\/\/miumjau.ee\/#\/schema\/logo\/image\/","url":"https:\/\/miumjau.ee\/wp-content\/uploads\/2022\/04\/MiuMjau-logo-kollane.png","contentUrl":"https:\/\/miumjau.ee\/wp-content\/uploads\/2022\/04\/MiuMjau-logo-kollane.png","width":219,"height":100,"caption":"MiuMjau O\u00dc"},"image":{"@id":"https:\/\/miumjau.ee\/#\/schema\/logo\/image\/"},"sameAs":["https:\/\/www.facebook.com\/miumjaupood\/"]}]}},"_links":{"self":[{"href":"https:\/\/miumjau.ee\/lt\/wp-json\/wp\/v2\/product\/49767","targetHints":{"allow":["GET"]}}],"collection":[{"href":"https:\/\/miumjau.ee\/lt\/wp-json\/wp\/v2\/product"}],"about":[{"href":"https:\/\/miumjau.ee\/lt\/wp-json\/wp\/v2\/types\/product"}],"wp:featuredmedia":[{"embeddable":true,"href":"https:\/\/miumjau.ee\/lt\/wp-json\/wp\/v2\/media\/49768"}],"wp:attachment":[{"href":"https:\/\/miumjau.ee\/lt\/wp-json\/wp\/v2\/media?parent=49767"}],"wp:term":[{"taxonomy":"product_brand","embeddable":true,"href":"https:\/\/miumjau.ee\/lt\/wp-json\/wp\/v2\/product_brand?post=49767"},{"taxonomy":"product_cat","embeddable":true,"href":"https:\/\/miumjau.ee\/lt\/wp-json\/wp\/v2\/product_cat?post=49767"},{"taxonomy":"product_tag","embeddable":true,"href":"https:\/\/miumjau.ee\/lt\/wp-json\/wp\/v2\/product_tag?post=49767"}],"curies":[{"name":"wp","href":"https:\/\/api.w.org\/{rel}","templated":true}]}}