{"id":49764,"date":"2025-04-22T16:05:55","date_gmt":"2025-04-22T13:05:55","guid":{"rendered":"https:\/\/miumjau.ee\/toode\/catfest-edalo-maiselis-su-antiena-ir-tunu-drebuciuose-slapias-kaciu-edalas-70-g\/"},"modified":"2026-01-07T20:42:55","modified_gmt":"2026-01-07T18:42:55","slug":"catfest-edalo-maiselis-su-antiena-ir-tunu-drebuciuose-slapias-kaciu-edalas-70-g","status":"publish","type":"product","link":"https:\/\/miumjau.ee\/lt\/produktas\/catfest-edalo-maiselis-su-antiena-ir-tunu-drebuciuose-slapias-kaciu-edalas-70-g\/","title":{"rendered":"CatFest \u0117dalo mai\u0161elis su antiena ir tunu drebu\u010diuose, \u0161lapias ka\u010di\u0173 \u0117dalas 70 g"},"content":{"rendered":"","protected":false},"excerpt":{"rendered":"<p>Anties fil\u0117 su tunu \u2013 puikus papildymas suaugusi\u0173 ka\u010di\u0173 racionui. Didelis anties m\u0117sos ir tuno kiekis u\u017etikrina subalansuot\u0105 mityb\u0105, padedan\u010di\u0105 palaikyti j\u016bs\u0173 augintinio sveikat\u0105 ir fizin\u0119 form\u0105.<\/p>\n<p>Sudedamosios dalys: anties m\u0117sa 54 %, tunas 6 %, anties m\u0117sos sultinys 38 %, an\u010diuvi\u0173 \u017euv\u0173 taukai, vitaminas E, taurinas, tapijokos krakmolas, cikorij\u0173 ekstraktas, fruktoz\u0117, trikalcio fosfatas.<\/p>\n<p>Analitin\u0117s sudedamosios dalys: \u017eali baltymai 11 %, \u017eali riebalai 2 %, \u017eali pelenai 1,5 %, \u017ealia l\u0105steliena 1 %, dr\u0117gm\u0117 89 %.<\/p>\n<p>Privalumai: Anties m\u0117sa ir tunas yra puik\u016bs baltym\u0173 \u0161altiniai, padedantys palaikyti raumen\u0173 mas\u0119 ir bendr\u0105 sveikat\u0105. Prebiotikas FOS padeda palaikyti sveik\u0105 \u017earnyno mikroflor\u0105 ir gerina vir\u0161kinim\u0105. An\u010diuvi\u0173 aliejus praturtina \u0117dal\u0105 omega-3 riebal\u0173 r\u016bg\u0161timis, kurios palaiko odos ir kailio sveikat\u0105. Mineral\u0173 papildai stiprina kaulus ir palaiko bendr\u0105 sveikat\u0105.<\/p>\n<p>Nurodymai: Tinka kaip nat\u016bralus maisto papildas visoms suaugusioms namin\u0117ms kat\u0117ms, \u012fskaitant kastruotas ir sterilizuotas kates bei kates, turin\u010dias alergij\u0173 ar vir\u0161kinimo problem\u0173. Patiekite kambario temperat\u016broje. Laikyti v\u0117sioje, sausoje vietoje. Suvartoti iki 3 pakeli\u0173 per dien\u0105. U\u017etikrinkite, kad j\u016bs\u0173 kat\u0117 visada tur\u0117t\u0173 prieig\u0105 prie \u0161vie\u017eio vandens.<\/p>\n","protected":false},"featured_media":49765,"template":"","meta":[],"product_brand":[],"product_cat":[526],"product_tag":[],"class_list":{"0":"post-49764","1":"product","2":"type-product","3":"status-publish","4":"has-post-thumbnail","6":"product_cat-slapias-maistas","8":"first","9":"instock","10":"sale","11":"taxable","12":"shipping-taxable","13":"purchasable","14":"product-type-simple"},"yoast_head":"<!-- This site is optimized with the Yoast SEO plugin v27.2 - https:\/\/yoast.com\/product\/yoast-seo-wordpress\/ -->\n<title>CatFest \u0117dalo mai\u0161elis su antiena ir tunu drebu\u010diuose, \u0161lapias ka\u010di\u0173 \u0117dalas 70 g - MiuMjau<\/title>\n<meta name=\"description\" content=\"\u201eCatFest\u201c simbolizuoja tikr\u0105 nat\u016bral\u0173 maist\u0105. Fil\u0117 gabaliukai gard\u017eioje, sultingoje drebu\u010diuose. J\u016bs\u0173 kat\u0117 tiesiog negali atsispirti!\" \/>\n<meta name=\"robots\" content=\"index, follow, max-snippet:-1, max-image-preview:large, max-video-preview:-1\" \/>\n<link rel=\"canonical\" href=\"https:\/\/miumjau.ee\/lt\/produktas\/catfest-edalo-maiselis-su-antiena-ir-tunu-drebuciuose-slapias-kaciu-edalas-70-g\/\" \/>\n<meta property=\"og:locale\" content=\"lt_LT\" \/>\n<meta property=\"og:type\" content=\"article\" \/>\n<meta property=\"og:title\" content=\"CatFest \u0117dalo mai\u0161elis su antiena ir tunu drebu\u010diuose, \u0161lapias ka\u010di\u0173 \u0117dalas 70 g - MiuMjau\" \/>\n<meta property=\"og:description\" content=\"\u201eCatFest\u201c simbolizuoja tikr\u0105 nat\u016bral\u0173 maist\u0105. Fil\u0117 gabaliukai gard\u017eioje, sultingoje drebu\u010diuose. J\u016bs\u0173 kat\u0117 tiesiog negali atsispirti!\" \/>\n<meta property=\"og:url\" content=\"https:\/\/miumjau.ee\/lt\/produktas\/catfest-edalo-maiselis-su-antiena-ir-tunu-drebuciuose-slapias-kaciu-edalas-70-g\/\" \/>\n<meta property=\"og:site_name\" content=\"MiuMjau\" \/>\n<meta property=\"article:publisher\" content=\"https:\/\/www.facebook.com\/miumjaupood\/\" \/>\n<meta property=\"article:modified_time\" content=\"2026-01-07T18:42:55+00:00\" \/>\n<meta property=\"og:image\" content=\"https:\/\/miumjau.ee\/wp-content\/uploads\/2025\/04\/catfest-margtoit-kassidele11.webp\" \/>\n\t<meta property=\"og:image:width\" content=\"600\" \/>\n\t<meta property=\"og:image:height\" content=\"800\" \/>\n\t<meta property=\"og:image:type\" content=\"image\/webp\" \/>\n<meta name=\"twitter:card\" content=\"summary_large_image\" \/>\n<script type=\"application\/ld+json\" class=\"yoast-schema-graph\">{\"@context\":\"https:\/\/schema.org\",\"@graph\":[{\"@type\":\"WebPage\",\"@id\":\"https:\/\/miumjau.ee\/lt\/produktas\/catfest-edalo-maiselis-su-antiena-ir-tunu-drebuciuose-slapias-kaciu-edalas-70-g\/\",\"url\":\"https:\/\/miumjau.ee\/lt\/produktas\/catfest-edalo-maiselis-su-antiena-ir-tunu-drebuciuose-slapias-kaciu-edalas-70-g\/\",\"name\":\"CatFest \u0117dalo mai\u0161elis su antiena ir tunu drebu\u010diuose, \u0161lapias ka\u010di\u0173 \u0117dalas 70 g - MiuMjau\",\"isPartOf\":{\"@id\":\"https:\/\/miumjau.ee\/#website\"},\"primaryImageOfPage\":{\"@id\":\"https:\/\/miumjau.ee\/lt\/produktas\/catfest-edalo-maiselis-su-antiena-ir-tunu-drebuciuose-slapias-kaciu-edalas-70-g\/#primaryimage\"},\"image\":{\"@id\":\"https:\/\/miumjau.ee\/lt\/produktas\/catfest-edalo-maiselis-su-antiena-ir-tunu-drebuciuose-slapias-kaciu-edalas-70-g\/#primaryimage\"},\"thumbnailUrl\":\"https:\/\/miumjau.ee\/wp-content\/uploads\/2025\/04\/catfest-margtoit-kassidele11.webp\",\"datePublished\":\"2025-04-22T13:05:55+00:00\",\"dateModified\":\"2026-01-07T18:42:55+00:00\",\"description\":\"\u201eCatFest\u201c simbolizuoja tikr\u0105 nat\u016bral\u0173 maist\u0105. Fil\u0117 gabaliukai gard\u017eioje, sultingoje drebu\u010diuose. J\u016bs\u0173 kat\u0117 tiesiog negali atsispirti!\",\"breadcrumb\":{\"@id\":\"https:\/\/miumjau.ee\/lt\/produktas\/catfest-edalo-maiselis-su-antiena-ir-tunu-drebuciuose-slapias-kaciu-edalas-70-g\/#breadcrumb\"},\"inLanguage\":\"lt-LT\",\"potentialAction\":[{\"@type\":\"ReadAction\",\"target\":[\"https:\/\/miumjau.ee\/lt\/produktas\/catfest-edalo-maiselis-su-antiena-ir-tunu-drebuciuose-slapias-kaciu-edalas-70-g\/\"]}]},{\"@type\":\"ImageObject\",\"inLanguage\":\"lt-LT\",\"@id\":\"https:\/\/miumjau.ee\/lt\/produktas\/catfest-edalo-maiselis-su-antiena-ir-tunu-drebuciuose-slapias-kaciu-edalas-70-g\/#primaryimage\",\"url\":\"https:\/\/miumjau.ee\/wp-content\/uploads\/2025\/04\/catfest-margtoit-kassidele11.webp\",\"contentUrl\":\"https:\/\/miumjau.ee\/wp-content\/uploads\/2025\/04\/catfest-margtoit-kassidele11.webp\",\"width\":600,\"height\":800},{\"@type\":\"BreadcrumbList\",\"@id\":\"https:\/\/miumjau.ee\/lt\/produktas\/catfest-edalo-maiselis-su-antiena-ir-tunu-drebuciuose-slapias-kaciu-edalas-70-g\/#breadcrumb\",\"itemListElement\":[{\"@type\":\"ListItem\",\"position\":1,\"name\":\"Home\",\"item\":\"https:\/\/miumjau.ee\/lt\/\"},{\"@type\":\"ListItem\",\"position\":2,\"name\":\"Parduotuv\u0117\",\"item\":\"https:\/\/miumjau.ee\/lt\/parduotuve\/\"},{\"@type\":\"ListItem\",\"position\":3,\"name\":\"CatFest \u0117dalo mai\u0161elis su antiena ir tunu drebu\u010diuose, \u0161lapias ka\u010di\u0173 \u0117dalas 70 g\"}]},{\"@type\":\"WebSite\",\"@id\":\"https:\/\/miumjau.ee\/#website\",\"url\":\"https:\/\/miumjau.ee\/\",\"name\":\"MiuMjau\",\"description\":\"Kraapimispuud kassidele\",\"publisher\":{\"@id\":\"https:\/\/miumjau.ee\/#organization\"},\"potentialAction\":[{\"@type\":\"SearchAction\",\"target\":{\"@type\":\"EntryPoint\",\"urlTemplate\":\"https:\/\/miumjau.ee\/?s={search_term_string}\"},\"query-input\":{\"@type\":\"PropertyValueSpecification\",\"valueRequired\":true,\"valueName\":\"search_term_string\"}}],\"inLanguage\":\"lt-LT\"},{\"@type\":\"Organization\",\"@id\":\"https:\/\/miumjau.ee\/#organization\",\"name\":\"MiuMjau O\u00dc\",\"url\":\"https:\/\/miumjau.ee\/\",\"logo\":{\"@type\":\"ImageObject\",\"inLanguage\":\"lt-LT\",\"@id\":\"https:\/\/miumjau.ee\/#\/schema\/logo\/image\/\",\"url\":\"https:\/\/miumjau.ee\/wp-content\/uploads\/2022\/04\/MiuMjau-logo-kollane.png\",\"contentUrl\":\"https:\/\/miumjau.ee\/wp-content\/uploads\/2022\/04\/MiuMjau-logo-kollane.png\",\"width\":219,\"height\":100,\"caption\":\"MiuMjau O\u00dc\"},\"image\":{\"@id\":\"https:\/\/miumjau.ee\/#\/schema\/logo\/image\/\"},\"sameAs\":[\"https:\/\/www.facebook.com\/miumjaupood\/\"]}]}<\/script>\n<!-- \/ Yoast SEO plugin. -->","yoast_head_json":{"title":"CatFest \u0117dalo mai\u0161elis su antiena ir tunu drebu\u010diuose, \u0161lapias ka\u010di\u0173 \u0117dalas 70 g - MiuMjau","description":"\u201eCatFest\u201c simbolizuoja tikr\u0105 nat\u016bral\u0173 maist\u0105. Fil\u0117 gabaliukai gard\u017eioje, sultingoje drebu\u010diuose. J\u016bs\u0173 kat\u0117 tiesiog negali atsispirti!","robots":{"index":"index","follow":"follow","max-snippet":"max-snippet:-1","max-image-preview":"max-image-preview:large","max-video-preview":"max-video-preview:-1"},"canonical":"https:\/\/miumjau.ee\/lt\/produktas\/catfest-edalo-maiselis-su-antiena-ir-tunu-drebuciuose-slapias-kaciu-edalas-70-g\/","og_locale":"lt_LT","og_type":"article","og_title":"CatFest \u0117dalo mai\u0161elis su antiena ir tunu drebu\u010diuose, \u0161lapias ka\u010di\u0173 \u0117dalas 70 g - MiuMjau","og_description":"\u201eCatFest\u201c simbolizuoja tikr\u0105 nat\u016bral\u0173 maist\u0105. Fil\u0117 gabaliukai gard\u017eioje, sultingoje drebu\u010diuose. J\u016bs\u0173 kat\u0117 tiesiog negali atsispirti!","og_url":"https:\/\/miumjau.ee\/lt\/produktas\/catfest-edalo-maiselis-su-antiena-ir-tunu-drebuciuose-slapias-kaciu-edalas-70-g\/","og_site_name":"MiuMjau","article_publisher":"https:\/\/www.facebook.com\/miumjaupood\/","article_modified_time":"2026-01-07T18:42:55+00:00","og_image":[{"width":600,"height":800,"url":"https:\/\/miumjau.ee\/wp-content\/uploads\/2025\/04\/catfest-margtoit-kassidele11.webp","type":"image\/webp"}],"twitter_card":"summary_large_image","schema":{"@context":"https:\/\/schema.org","@graph":[{"@type":"WebPage","@id":"https:\/\/miumjau.ee\/lt\/produktas\/catfest-edalo-maiselis-su-antiena-ir-tunu-drebuciuose-slapias-kaciu-edalas-70-g\/","url":"https:\/\/miumjau.ee\/lt\/produktas\/catfest-edalo-maiselis-su-antiena-ir-tunu-drebuciuose-slapias-kaciu-edalas-70-g\/","name":"CatFest \u0117dalo mai\u0161elis su antiena ir tunu drebu\u010diuose, \u0161lapias ka\u010di\u0173 \u0117dalas 70 g - MiuMjau","isPartOf":{"@id":"https:\/\/miumjau.ee\/#website"},"primaryImageOfPage":{"@id":"https:\/\/miumjau.ee\/lt\/produktas\/catfest-edalo-maiselis-su-antiena-ir-tunu-drebuciuose-slapias-kaciu-edalas-70-g\/#primaryimage"},"image":{"@id":"https:\/\/miumjau.ee\/lt\/produktas\/catfest-edalo-maiselis-su-antiena-ir-tunu-drebuciuose-slapias-kaciu-edalas-70-g\/#primaryimage"},"thumbnailUrl":"https:\/\/miumjau.ee\/wp-content\/uploads\/2025\/04\/catfest-margtoit-kassidele11.webp","datePublished":"2025-04-22T13:05:55+00:00","dateModified":"2026-01-07T18:42:55+00:00","description":"\u201eCatFest\u201c simbolizuoja tikr\u0105 nat\u016bral\u0173 maist\u0105. Fil\u0117 gabaliukai gard\u017eioje, sultingoje drebu\u010diuose. J\u016bs\u0173 kat\u0117 tiesiog negali atsispirti!","breadcrumb":{"@id":"https:\/\/miumjau.ee\/lt\/produktas\/catfest-edalo-maiselis-su-antiena-ir-tunu-drebuciuose-slapias-kaciu-edalas-70-g\/#breadcrumb"},"inLanguage":"lt-LT","potentialAction":[{"@type":"ReadAction","target":["https:\/\/miumjau.ee\/lt\/produktas\/catfest-edalo-maiselis-su-antiena-ir-tunu-drebuciuose-slapias-kaciu-edalas-70-g\/"]}]},{"@type":"ImageObject","inLanguage":"lt-LT","@id":"https:\/\/miumjau.ee\/lt\/produktas\/catfest-edalo-maiselis-su-antiena-ir-tunu-drebuciuose-slapias-kaciu-edalas-70-g\/#primaryimage","url":"https:\/\/miumjau.ee\/wp-content\/uploads\/2025\/04\/catfest-margtoit-kassidele11.webp","contentUrl":"https:\/\/miumjau.ee\/wp-content\/uploads\/2025\/04\/catfest-margtoit-kassidele11.webp","width":600,"height":800},{"@type":"BreadcrumbList","@id":"https:\/\/miumjau.ee\/lt\/produktas\/catfest-edalo-maiselis-su-antiena-ir-tunu-drebuciuose-slapias-kaciu-edalas-70-g\/#breadcrumb","itemListElement":[{"@type":"ListItem","position":1,"name":"Home","item":"https:\/\/miumjau.ee\/lt\/"},{"@type":"ListItem","position":2,"name":"Parduotuv\u0117","item":"https:\/\/miumjau.ee\/lt\/parduotuve\/"},{"@type":"ListItem","position":3,"name":"CatFest \u0117dalo mai\u0161elis su antiena ir tunu drebu\u010diuose, \u0161lapias ka\u010di\u0173 \u0117dalas 70 g"}]},{"@type":"WebSite","@id":"https:\/\/miumjau.ee\/#website","url":"https:\/\/miumjau.ee\/","name":"MiuMjau","description":"Kraapimispuud kassidele","publisher":{"@id":"https:\/\/miumjau.ee\/#organization"},"potentialAction":[{"@type":"SearchAction","target":{"@type":"EntryPoint","urlTemplate":"https:\/\/miumjau.ee\/?s={search_term_string}"},"query-input":{"@type":"PropertyValueSpecification","valueRequired":true,"valueName":"search_term_string"}}],"inLanguage":"lt-LT"},{"@type":"Organization","@id":"https:\/\/miumjau.ee\/#organization","name":"MiuMjau O\u00dc","url":"https:\/\/miumjau.ee\/","logo":{"@type":"ImageObject","inLanguage":"lt-LT","@id":"https:\/\/miumjau.ee\/#\/schema\/logo\/image\/","url":"https:\/\/miumjau.ee\/wp-content\/uploads\/2022\/04\/MiuMjau-logo-kollane.png","contentUrl":"https:\/\/miumjau.ee\/wp-content\/uploads\/2022\/04\/MiuMjau-logo-kollane.png","width":219,"height":100,"caption":"MiuMjau O\u00dc"},"image":{"@id":"https:\/\/miumjau.ee\/#\/schema\/logo\/image\/"},"sameAs":["https:\/\/www.facebook.com\/miumjaupood\/"]}]}},"_links":{"self":[{"href":"https:\/\/miumjau.ee\/lt\/wp-json\/wp\/v2\/product\/49764","targetHints":{"allow":["GET"]}}],"collection":[{"href":"https:\/\/miumjau.ee\/lt\/wp-json\/wp\/v2\/product"}],"about":[{"href":"https:\/\/miumjau.ee\/lt\/wp-json\/wp\/v2\/types\/product"}],"wp:featuredmedia":[{"embeddable":true,"href":"https:\/\/miumjau.ee\/lt\/wp-json\/wp\/v2\/media\/49765"}],"wp:attachment":[{"href":"https:\/\/miumjau.ee\/lt\/wp-json\/wp\/v2\/media?parent=49764"}],"wp:term":[{"taxonomy":"product_brand","embeddable":true,"href":"https:\/\/miumjau.ee\/lt\/wp-json\/wp\/v2\/product_brand?post=49764"},{"taxonomy":"product_cat","embeddable":true,"href":"https:\/\/miumjau.ee\/lt\/wp-json\/wp\/v2\/product_cat?post=49764"},{"taxonomy":"product_tag","embeddable":true,"href":"https:\/\/miumjau.ee\/lt\/wp-json\/wp\/v2\/product_tag?post=49764"}],"curies":[{"name":"wp","href":"https:\/\/api.w.org\/{rel}","templated":true}]}}