{"id":49675,"date":"2025-04-23T10:35:25","date_gmt":"2025-04-23T07:35:25","guid":{"rendered":"https:\/\/miumjau.ee\/toode\/brit-care-sausas-edalas-suaugusioms-katems-skirtas-aktyviam-gyvenimui-7-kg\/"},"modified":"2026-01-07T20:42:55","modified_gmt":"2026-01-07T18:42:55","slug":"brit-care-sausas-edalas-suaugusioms-katems-skirtas-aktyviam-gyvenimui-7-kg","status":"publish","type":"product","link":"https:\/\/miumjau.ee\/lt\/produktas\/brit-care-sausas-edalas-suaugusioms-katems-skirtas-aktyviam-gyvenimui-7-kg\/","title":{"rendered":"Brit Care sausas \u0117dalas suaugusioms kat\u0117ms, skirtas aktyviam gyvenimui (7 kg)."},"content":{"rendered":"","protected":false},"excerpt":{"rendered":"<p>Hipoalerginis ir be gr\u016bd\u0173 visavertis \u0117dalas aktyvioms suaugusioms kat\u0117ms. Auk\u0161tos kokyb\u0117s baltymai padeda palaikyti stiprius ir liesus raumenis, o optimal\u016bs vitaminai ir mineralai suteikia reikiamos energijos.<\/p>\n<p>\ud83d\udd39 Sveiki s\u0105nariai ir dantys \u2013 chondroprotektoriai ir kalcis palaiko kaulus ir s\u0105narius.<\/p>\n<p>\ud83d\udd39 \u0160irdies ir aki\u0173 sveikata \u2013 taurinas padeda palaikyti ger\u0105 reg\u0117jim\u0105 ir stiprina \u0161ird\u012f.<\/p>\n<p>\ud83d\udd39 Stiprus imunitetas ir vir\u0161kinimas \u2013 probiotikai ir prebiotikai palaiko vir\u0161kinam\u0105j\u012f trakt\u0105 ir apsaugo nuo lig\u0173.<\/p>\n<p>\ud83d\udd39 Nat\u016bralus supermaistas \u2013 vaisiai, uogos ir vaistiniai augalai prisideda prie ilgaam\u017ei\u0161kumo ir gerov\u0117s.<\/p>\n<p>\ud83d\udd39 Saugus ir nat\u016bralus \u2013 N\u0116RA gr\u016bd\u0173, dirbtini\u0173 da\u017eikli\u0173, konservant\u0173 ar GMO.<\/p>\n<p>Sud\u0117tis: Dehidratuota kalakutiena (28 %), \u0161vie\u017eia vi\u0161tiena (26 %), geltonieji \u017eirneliai (16 %), pauk\u0161tienos riebalai (13 %), avin\u017eirniai, la\u0161i\u0161\u0173 aliejus, vi\u0161tienos kepen\u0117l\u0117s, lin\u0173 s\u0117menys, d\u017eiovintos spanguol\u0117s, juodieji kmynai, gliukozaminas, chondroitinas, probiotikai.<\/p>\n<p>Analiz\u0117: Baltymai 34 %, riebalai 18 %, skaidulos 1 %, kalcis 1,2 %, fosforas 0,9 %, Omega-3 0,3 %, Omega-6 2,0 %.<\/p>\n<p>Laikymas ir \u0161\u0117rimas: Patiekite saus\u0105 arba \u0161iek tiek sudr\u0117kint\u0105. Kiek\u012f reguliuokite pagal kat\u0117s aktyvum\u0105. Visada pasir\u016bpinkite \u0161vie\u017eiu geriamuoju vandeniu.<\/p>\n<p>\ud83c\udfc6 Stipri ir energinga kat\u0117 \u2013 \u201eBrit Care Activity Support\u201c!<\/p>\n","protected":false},"featured_media":49676,"template":"","meta":[],"product_brand":[],"product_cat":[528],"product_tag":[],"class_list":{"0":"post-49675","1":"product","2":"type-product","3":"status-publish","4":"has-post-thumbnail","6":"product_cat-sausas-maistas","8":"first","9":"instock","10":"taxable","11":"shipping-taxable","12":"purchasable","13":"product-type-simple"},"yoast_head":"<!-- This site is optimized with the Yoast SEO plugin v27.2 - https:\/\/yoast.com\/product\/yoast-seo-wordpress\/ -->\n<title>Brit Care sausas \u0117dalas suaugusioms kat\u0117ms, skirtas aktyviam gyvenimui (7 kg). - MiuMjau<\/title>\n<meta name=\"robots\" content=\"index, follow, max-snippet:-1, max-image-preview:large, max-video-preview:-1\" \/>\n<link rel=\"canonical\" href=\"https:\/\/miumjau.ee\/lt\/produktas\/brit-care-sausas-edalas-suaugusioms-katems-skirtas-aktyviam-gyvenimui-7-kg\/\" \/>\n<meta property=\"og:locale\" content=\"lt_LT\" \/>\n<meta property=\"og:type\" content=\"article\" \/>\n<meta property=\"og:title\" content=\"Brit Care sausas \u0117dalas suaugusioms kat\u0117ms, skirtas aktyviam gyvenimui (7 kg). - MiuMjau\" \/>\n<meta property=\"og:description\" content=\"Hipoalerginis ir be gr\u016bd\u0173 visavertis \u0117dalas aktyvioms suaugusioms kat\u0117ms. Auk\u0161tos kokyb\u0117s baltymai padeda palaikyti stiprius ir liesus raumenis, o optimal\u016bs vitaminai ir mineralai suteikia reikiamos energijos.  \ud83d\udd39 Sveiki s\u0105nariai ir dantys \u2013 chondroprotektoriai ir kalcis palaiko kaulus ir s\u0105narius.  \ud83d\udd39 \u0160irdies ir aki\u0173 sveikata \u2013 taurinas padeda palaikyti ger\u0105 reg\u0117jim\u0105 ir stiprina \u0161ird\u012f.  \ud83d\udd39 Stiprus imunitetas ir vir\u0161kinimas \u2013 probiotikai ir prebiotikai palaiko vir\u0161kinam\u0105j\u012f trakt\u0105 ir apsaugo nuo lig\u0173.  \ud83d\udd39 Nat\u016bralus supermaistas \u2013 vaisiai, uogos ir vaistiniai augalai prisideda prie ilgaam\u017ei\u0161kumo ir gerov\u0117s.  \ud83d\udd39 Saugus ir nat\u016bralus \u2013 N\u0116RA gr\u016bd\u0173, dirbtini\u0173 da\u017eikli\u0173, konservant\u0173 ar GMO.  Sud\u0117tis: Dehidratuota kalakutiena (28 %), \u0161vie\u017eia vi\u0161tiena (26 %), geltonieji \u017eirneliai (16 %), pauk\u0161tienos riebalai (13 %), avin\u017eirniai, la\u0161i\u0161\u0173 aliejus, vi\u0161tienos kepen\u0117l\u0117s, lin\u0173 s\u0117menys, d\u017eiovintos spanguol\u0117s, juodieji kmynai, gliukozaminas, chondroitinas, probiotikai.  Analiz\u0117: Baltymai 34 %, riebalai 18 %, skaidulos 1 %, kalcis 1,2 %, fosforas 0,9 %, Omega-3 0,3 %, Omega-6 2,0 %.  Laikymas ir \u0161\u0117rimas: Patiekite saus\u0105 arba \u0161iek tiek sudr\u0117kint\u0105. Kiek\u012f reguliuokite pagal kat\u0117s aktyvum\u0105. Visada pasir\u016bpinkite \u0161vie\u017eiu geriamuoju vandeniu.  \ud83c\udfc6 Stipri ir energinga kat\u0117 \u2013 \u201eBrit Care Activity Support\u201c!\" \/>\n<meta property=\"og:url\" content=\"https:\/\/miumjau.ee\/lt\/produktas\/brit-care-sausas-edalas-suaugusioms-katems-skirtas-aktyviam-gyvenimui-7-kg\/\" \/>\n<meta property=\"og:site_name\" content=\"MiuMjau\" \/>\n<meta property=\"article:publisher\" content=\"https:\/\/www.facebook.com\/miumjaupood\/\" \/>\n<meta property=\"article:modified_time\" content=\"2026-01-07T18:42:55+00:00\" \/>\n<meta property=\"og:image\" content=\"https:\/\/miumjau.ee\/wp-content\/uploads\/2025\/02\/brit-care-kuivtoit-kassile-activity-support.jpg\" \/>\n\t<meta property=\"og:image:width\" content=\"600\" \/>\n\t<meta property=\"og:image:height\" content=\"800\" \/>\n\t<meta property=\"og:image:type\" content=\"image\/jpeg\" \/>\n<meta name=\"twitter:card\" content=\"summary_large_image\" \/>\n<script type=\"application\/ld+json\" class=\"yoast-schema-graph\">{\"@context\":\"https:\/\/schema.org\",\"@graph\":[{\"@type\":\"WebPage\",\"@id\":\"https:\/\/miumjau.ee\/lt\/produktas\/brit-care-sausas-edalas-suaugusioms-katems-skirtas-aktyviam-gyvenimui-7-kg\/\",\"url\":\"https:\/\/miumjau.ee\/lt\/produktas\/brit-care-sausas-edalas-suaugusioms-katems-skirtas-aktyviam-gyvenimui-7-kg\/\",\"name\":\"Brit Care sausas \u0117dalas suaugusioms kat\u0117ms, skirtas aktyviam gyvenimui (7 kg). - MiuMjau\",\"isPartOf\":{\"@id\":\"https:\/\/miumjau.ee\/#website\"},\"primaryImageOfPage\":{\"@id\":\"https:\/\/miumjau.ee\/lt\/produktas\/brit-care-sausas-edalas-suaugusioms-katems-skirtas-aktyviam-gyvenimui-7-kg\/#primaryimage\"},\"image\":{\"@id\":\"https:\/\/miumjau.ee\/lt\/produktas\/brit-care-sausas-edalas-suaugusioms-katems-skirtas-aktyviam-gyvenimui-7-kg\/#primaryimage\"},\"thumbnailUrl\":\"https:\/\/miumjau.ee\/wp-content\/uploads\/2025\/02\/brit-care-kuivtoit-kassile-activity-support.jpg\",\"datePublished\":\"2025-04-23T07:35:25+00:00\",\"dateModified\":\"2026-01-07T18:42:55+00:00\",\"breadcrumb\":{\"@id\":\"https:\/\/miumjau.ee\/lt\/produktas\/brit-care-sausas-edalas-suaugusioms-katems-skirtas-aktyviam-gyvenimui-7-kg\/#breadcrumb\"},\"inLanguage\":\"lt-LT\",\"potentialAction\":[{\"@type\":\"ReadAction\",\"target\":[\"https:\/\/miumjau.ee\/lt\/produktas\/brit-care-sausas-edalas-suaugusioms-katems-skirtas-aktyviam-gyvenimui-7-kg\/\"]}]},{\"@type\":\"ImageObject\",\"inLanguage\":\"lt-LT\",\"@id\":\"https:\/\/miumjau.ee\/lt\/produktas\/brit-care-sausas-edalas-suaugusioms-katems-skirtas-aktyviam-gyvenimui-7-kg\/#primaryimage\",\"url\":\"https:\/\/miumjau.ee\/wp-content\/uploads\/2025\/02\/brit-care-kuivtoit-kassile-activity-support.jpg\",\"contentUrl\":\"https:\/\/miumjau.ee\/wp-content\/uploads\/2025\/02\/brit-care-kuivtoit-kassile-activity-support.jpg\",\"width\":600,\"height\":800},{\"@type\":\"BreadcrumbList\",\"@id\":\"https:\/\/miumjau.ee\/lt\/produktas\/brit-care-sausas-edalas-suaugusioms-katems-skirtas-aktyviam-gyvenimui-7-kg\/#breadcrumb\",\"itemListElement\":[{\"@type\":\"ListItem\",\"position\":1,\"name\":\"Home\",\"item\":\"https:\/\/miumjau.ee\/lt\/\"},{\"@type\":\"ListItem\",\"position\":2,\"name\":\"Parduotuv\u0117\",\"item\":\"https:\/\/miumjau.ee\/lt\/parduotuve\/\"},{\"@type\":\"ListItem\",\"position\":3,\"name\":\"Brit Care sausas \u0117dalas suaugusioms kat\u0117ms, skirtas aktyviam gyvenimui (7 kg).\"}]},{\"@type\":\"WebSite\",\"@id\":\"https:\/\/miumjau.ee\/#website\",\"url\":\"https:\/\/miumjau.ee\/\",\"name\":\"MiuMjau\",\"description\":\"Kraapimispuud kassidele\",\"publisher\":{\"@id\":\"https:\/\/miumjau.ee\/#organization\"},\"potentialAction\":[{\"@type\":\"SearchAction\",\"target\":{\"@type\":\"EntryPoint\",\"urlTemplate\":\"https:\/\/miumjau.ee\/?s={search_term_string}\"},\"query-input\":{\"@type\":\"PropertyValueSpecification\",\"valueRequired\":true,\"valueName\":\"search_term_string\"}}],\"inLanguage\":\"lt-LT\"},{\"@type\":\"Organization\",\"@id\":\"https:\/\/miumjau.ee\/#organization\",\"name\":\"MiuMjau O\u00dc\",\"url\":\"https:\/\/miumjau.ee\/\",\"logo\":{\"@type\":\"ImageObject\",\"inLanguage\":\"lt-LT\",\"@id\":\"https:\/\/miumjau.ee\/#\/schema\/logo\/image\/\",\"url\":\"https:\/\/miumjau.ee\/wp-content\/uploads\/2022\/04\/MiuMjau-logo-kollane.png\",\"contentUrl\":\"https:\/\/miumjau.ee\/wp-content\/uploads\/2022\/04\/MiuMjau-logo-kollane.png\",\"width\":219,\"height\":100,\"caption\":\"MiuMjau O\u00dc\"},\"image\":{\"@id\":\"https:\/\/miumjau.ee\/#\/schema\/logo\/image\/\"},\"sameAs\":[\"https:\/\/www.facebook.com\/miumjaupood\/\"]}]}<\/script>\n<!-- \/ Yoast SEO plugin. -->","yoast_head_json":{"title":"Brit Care sausas \u0117dalas suaugusioms kat\u0117ms, skirtas aktyviam gyvenimui (7 kg). - MiuMjau","robots":{"index":"index","follow":"follow","max-snippet":"max-snippet:-1","max-image-preview":"max-image-preview:large","max-video-preview":"max-video-preview:-1"},"canonical":"https:\/\/miumjau.ee\/lt\/produktas\/brit-care-sausas-edalas-suaugusioms-katems-skirtas-aktyviam-gyvenimui-7-kg\/","og_locale":"lt_LT","og_type":"article","og_title":"Brit Care sausas \u0117dalas suaugusioms kat\u0117ms, skirtas aktyviam gyvenimui (7 kg). - MiuMjau","og_description":"Hipoalerginis ir be gr\u016bd\u0173 visavertis \u0117dalas aktyvioms suaugusioms kat\u0117ms. Auk\u0161tos kokyb\u0117s baltymai padeda palaikyti stiprius ir liesus raumenis, o optimal\u016bs vitaminai ir mineralai suteikia reikiamos energijos.  \ud83d\udd39 Sveiki s\u0105nariai ir dantys \u2013 chondroprotektoriai ir kalcis palaiko kaulus ir s\u0105narius.  \ud83d\udd39 \u0160irdies ir aki\u0173 sveikata \u2013 taurinas padeda palaikyti ger\u0105 reg\u0117jim\u0105 ir stiprina \u0161ird\u012f.  \ud83d\udd39 Stiprus imunitetas ir vir\u0161kinimas \u2013 probiotikai ir prebiotikai palaiko vir\u0161kinam\u0105j\u012f trakt\u0105 ir apsaugo nuo lig\u0173.  \ud83d\udd39 Nat\u016bralus supermaistas \u2013 vaisiai, uogos ir vaistiniai augalai prisideda prie ilgaam\u017ei\u0161kumo ir gerov\u0117s.  \ud83d\udd39 Saugus ir nat\u016bralus \u2013 N\u0116RA gr\u016bd\u0173, dirbtini\u0173 da\u017eikli\u0173, konservant\u0173 ar GMO.  Sud\u0117tis: Dehidratuota kalakutiena (28 %), \u0161vie\u017eia vi\u0161tiena (26 %), geltonieji \u017eirneliai (16 %), pauk\u0161tienos riebalai (13 %), avin\u017eirniai, la\u0161i\u0161\u0173 aliejus, vi\u0161tienos kepen\u0117l\u0117s, lin\u0173 s\u0117menys, d\u017eiovintos spanguol\u0117s, juodieji kmynai, gliukozaminas, chondroitinas, probiotikai.  Analiz\u0117: Baltymai 34 %, riebalai 18 %, skaidulos 1 %, kalcis 1,2 %, fosforas 0,9 %, Omega-3 0,3 %, Omega-6 2,0 %.  Laikymas ir \u0161\u0117rimas: Patiekite saus\u0105 arba \u0161iek tiek sudr\u0117kint\u0105. Kiek\u012f reguliuokite pagal kat\u0117s aktyvum\u0105. Visada pasir\u016bpinkite \u0161vie\u017eiu geriamuoju vandeniu.  \ud83c\udfc6 Stipri ir energinga kat\u0117 \u2013 \u201eBrit Care Activity Support\u201c!","og_url":"https:\/\/miumjau.ee\/lt\/produktas\/brit-care-sausas-edalas-suaugusioms-katems-skirtas-aktyviam-gyvenimui-7-kg\/","og_site_name":"MiuMjau","article_publisher":"https:\/\/www.facebook.com\/miumjaupood\/","article_modified_time":"2026-01-07T18:42:55+00:00","og_image":[{"width":600,"height":800,"url":"https:\/\/miumjau.ee\/wp-content\/uploads\/2025\/02\/brit-care-kuivtoit-kassile-activity-support.jpg","type":"image\/jpeg"}],"twitter_card":"summary_large_image","schema":{"@context":"https:\/\/schema.org","@graph":[{"@type":"WebPage","@id":"https:\/\/miumjau.ee\/lt\/produktas\/brit-care-sausas-edalas-suaugusioms-katems-skirtas-aktyviam-gyvenimui-7-kg\/","url":"https:\/\/miumjau.ee\/lt\/produktas\/brit-care-sausas-edalas-suaugusioms-katems-skirtas-aktyviam-gyvenimui-7-kg\/","name":"Brit Care sausas \u0117dalas suaugusioms kat\u0117ms, skirtas aktyviam gyvenimui (7 kg). - MiuMjau","isPartOf":{"@id":"https:\/\/miumjau.ee\/#website"},"primaryImageOfPage":{"@id":"https:\/\/miumjau.ee\/lt\/produktas\/brit-care-sausas-edalas-suaugusioms-katems-skirtas-aktyviam-gyvenimui-7-kg\/#primaryimage"},"image":{"@id":"https:\/\/miumjau.ee\/lt\/produktas\/brit-care-sausas-edalas-suaugusioms-katems-skirtas-aktyviam-gyvenimui-7-kg\/#primaryimage"},"thumbnailUrl":"https:\/\/miumjau.ee\/wp-content\/uploads\/2025\/02\/brit-care-kuivtoit-kassile-activity-support.jpg","datePublished":"2025-04-23T07:35:25+00:00","dateModified":"2026-01-07T18:42:55+00:00","breadcrumb":{"@id":"https:\/\/miumjau.ee\/lt\/produktas\/brit-care-sausas-edalas-suaugusioms-katems-skirtas-aktyviam-gyvenimui-7-kg\/#breadcrumb"},"inLanguage":"lt-LT","potentialAction":[{"@type":"ReadAction","target":["https:\/\/miumjau.ee\/lt\/produktas\/brit-care-sausas-edalas-suaugusioms-katems-skirtas-aktyviam-gyvenimui-7-kg\/"]}]},{"@type":"ImageObject","inLanguage":"lt-LT","@id":"https:\/\/miumjau.ee\/lt\/produktas\/brit-care-sausas-edalas-suaugusioms-katems-skirtas-aktyviam-gyvenimui-7-kg\/#primaryimage","url":"https:\/\/miumjau.ee\/wp-content\/uploads\/2025\/02\/brit-care-kuivtoit-kassile-activity-support.jpg","contentUrl":"https:\/\/miumjau.ee\/wp-content\/uploads\/2025\/02\/brit-care-kuivtoit-kassile-activity-support.jpg","width":600,"height":800},{"@type":"BreadcrumbList","@id":"https:\/\/miumjau.ee\/lt\/produktas\/brit-care-sausas-edalas-suaugusioms-katems-skirtas-aktyviam-gyvenimui-7-kg\/#breadcrumb","itemListElement":[{"@type":"ListItem","position":1,"name":"Home","item":"https:\/\/miumjau.ee\/lt\/"},{"@type":"ListItem","position":2,"name":"Parduotuv\u0117","item":"https:\/\/miumjau.ee\/lt\/parduotuve\/"},{"@type":"ListItem","position":3,"name":"Brit Care sausas \u0117dalas suaugusioms kat\u0117ms, skirtas aktyviam gyvenimui (7 kg)."}]},{"@type":"WebSite","@id":"https:\/\/miumjau.ee\/#website","url":"https:\/\/miumjau.ee\/","name":"MiuMjau","description":"Kraapimispuud kassidele","publisher":{"@id":"https:\/\/miumjau.ee\/#organization"},"potentialAction":[{"@type":"SearchAction","target":{"@type":"EntryPoint","urlTemplate":"https:\/\/miumjau.ee\/?s={search_term_string}"},"query-input":{"@type":"PropertyValueSpecification","valueRequired":true,"valueName":"search_term_string"}}],"inLanguage":"lt-LT"},{"@type":"Organization","@id":"https:\/\/miumjau.ee\/#organization","name":"MiuMjau O\u00dc","url":"https:\/\/miumjau.ee\/","logo":{"@type":"ImageObject","inLanguage":"lt-LT","@id":"https:\/\/miumjau.ee\/#\/schema\/logo\/image\/","url":"https:\/\/miumjau.ee\/wp-content\/uploads\/2022\/04\/MiuMjau-logo-kollane.png","contentUrl":"https:\/\/miumjau.ee\/wp-content\/uploads\/2022\/04\/MiuMjau-logo-kollane.png","width":219,"height":100,"caption":"MiuMjau O\u00dc"},"image":{"@id":"https:\/\/miumjau.ee\/#\/schema\/logo\/image\/"},"sameAs":["https:\/\/www.facebook.com\/miumjaupood\/"]}]}},"_links":{"self":[{"href":"https:\/\/miumjau.ee\/lt\/wp-json\/wp\/v2\/product\/49675","targetHints":{"allow":["GET"]}}],"collection":[{"href":"https:\/\/miumjau.ee\/lt\/wp-json\/wp\/v2\/product"}],"about":[{"href":"https:\/\/miumjau.ee\/lt\/wp-json\/wp\/v2\/types\/product"}],"wp:featuredmedia":[{"embeddable":true,"href":"https:\/\/miumjau.ee\/lt\/wp-json\/wp\/v2\/media\/49676"}],"wp:attachment":[{"href":"https:\/\/miumjau.ee\/lt\/wp-json\/wp\/v2\/media?parent=49675"}],"wp:term":[{"taxonomy":"product_brand","embeddable":true,"href":"https:\/\/miumjau.ee\/lt\/wp-json\/wp\/v2\/product_brand?post=49675"},{"taxonomy":"product_cat","embeddable":true,"href":"https:\/\/miumjau.ee\/lt\/wp-json\/wp\/v2\/product_cat?post=49675"},{"taxonomy":"product_tag","embeddable":true,"href":"https:\/\/miumjau.ee\/lt\/wp-json\/wp\/v2\/product_tag?post=49675"}],"curies":[{"name":"wp","href":"https:\/\/api.w.org\/{rel}","templated":true}]}}