{"id":49671,"date":"2025-04-23T10:35:37","date_gmt":"2025-04-23T07:35:37","guid":{"rendered":"https:\/\/miumjau.ee\/toode\/brit-care-sensitive-sausas-maistas-su-triusiena-sterilizuotoms-katems-7-kg\/"},"modified":"2026-01-07T20:43:02","modified_gmt":"2026-01-07T18:43:02","slug":"brit-care-sensitive-sausas-maistas-su-triusiena-sterilizuotoms-katems-7-kg","status":"publish","type":"product","link":"https:\/\/miumjau.ee\/lt\/produktas\/brit-care-sensitive-sausas-maistas-su-triusiena-sterilizuotoms-katems-7-kg\/","title":{"rendered":"Brit Care Sensitive sausas maistas su triu\u0161iena sterilizuotoms kat\u0117ms, 7 kg"},"content":{"rendered":"","protected":false},"excerpt":{"rendered":"<p>Visavertis \u0117dalas sterilizuotoms suaugusioms kat\u0117ms, turin\u010dioms jautri\u0105 vir\u0161kinim\u0105.<\/p>\n<p>Hipoalergin\u0117 begr\u016bd\u0117 formul\u0117, palaikanti inkst\u0173 ir \u0161lapimo tak\u0173 sveikat\u0105, sud\u0117tyje turi vaisi\u0173 ir \u017eoleli\u0173, kuriuose gausu nat\u016brali\u0173 antioksidant\u0173 ir vitamino E, apsaugan\u010di\u0173 organizm\u0105 nuo laisv\u0173j\u0173 radikal\u0173 ir u\u017etikrinan\u010di\u0173 stipri\u0105 imunin\u0119 sistem\u0105 visam gyvenimui. \u0160vie\u017eia liesa triu\u0161iena yra lengvai vir\u0161kinama ir joje ma\u017eai cholesterolio, tod\u0117l ji palaiko \u0161irdies ir kraujotakos sistemos veikl\u0105 bei padeda palaikyti optimali\u0105 fizin\u0119 b\u016bkl\u0119.<\/p>\n<p>\u0160altakiai ir zefyrai palaiko inkst\u0173 ir \u0161lapimo tak\u0173 sveikat\u0105. Ma\u017eas magnio ir L-metionino kiekis padeda palaikyti optimal\u0173 \u0161lapimo pH 6,0\u20136,5. Probiotikai ir prebiotikai skatina vir\u0161kinimo ir imunin\u0117s sistemos sveikat\u0105.<\/p>\n<p>Sud\u0117tis: \u0161vie\u017eia triu\u0161iena (26 %), dehidratuota triu\u0161iena (26 %), geltonieji \u017eirneliai (16 %), avin\u017eirniai (10 %), vi\u0161tienos riebalai, la\u0161i\u0161\u0173 aliejus, lin\u0173 s\u0117menys, spanguol\u0117s, \u0161altalankis, nasturt\u0117s, prebiotikai ir probiotikai.<\/p>\n<p>Analitin\u0117 sud\u0117tis: Baltymai 31 %, riebalai 13 %, skaidulos 3 %, kalcis 0,8 %, fosforas 0,7 %, Omega-3 0,4 %, Omega-6 1,2 %.<\/p>\n<p>Laikymas ir \u0161\u0117rimas: Patiekite saus\u0105 arba sudr\u0117kint\u0105 vandeniu. Kiek\u012f reguliuokite pagal kat\u0117s poreikius. Visada pasir\u016bpinkite \u0161vie\u017eiu geriamuoju vandeniu.<\/p>\n","protected":false},"featured_media":49672,"template":"","meta":[],"product_brand":[],"product_cat":[528],"product_tag":[],"class_list":{"0":"post-49671","1":"product","2":"type-product","3":"status-publish","4":"has-post-thumbnail","6":"product_cat-sausas-maistas","8":"first","9":"instock","10":"sale","11":"taxable","12":"shipping-taxable","13":"purchasable","14":"product-type-simple"},"yoast_head":"<!-- This site is optimized with the Yoast SEO plugin v27.2 - https:\/\/yoast.com\/product\/yoast-seo-wordpress\/ -->\n<title>Brit Care Sensitive sausas maistas su triu\u0161iena sterilizuotoms kat\u0117ms, 7 kg - MiuMjau<\/title>\n<meta name=\"description\" content=\"Visavertis \u0117dalas sterilizuotoms suaugusioms kat\u0117ms, turin\u010dioms jautri\u0105 vir\u0161kinim\u0105. \u201eBrit Care\u201c r\u016bpinasi j\u016bs\u0173 kat\u0117s sveikata ir yra labai skanus.\" \/>\n<meta name=\"robots\" content=\"index, follow, max-snippet:-1, max-image-preview:large, max-video-preview:-1\" \/>\n<link rel=\"canonical\" href=\"https:\/\/miumjau.ee\/lt\/produktas\/brit-care-sensitive-sausas-maistas-su-triusiena-sterilizuotoms-katems-7-kg\/\" \/>\n<meta property=\"og:locale\" content=\"lt_LT\" \/>\n<meta property=\"og:type\" content=\"article\" \/>\n<meta property=\"og:title\" content=\"Brit Care Sensitive sausas maistas su triu\u0161iena sterilizuotoms kat\u0117ms, 7 kg - MiuMjau\" \/>\n<meta property=\"og:description\" content=\"Visavertis \u0117dalas sterilizuotoms suaugusioms kat\u0117ms, turin\u010dioms jautri\u0105 vir\u0161kinim\u0105. \u201eBrit Care\u201c r\u016bpinasi j\u016bs\u0173 kat\u0117s sveikata ir yra labai skanus.\" \/>\n<meta property=\"og:url\" content=\"https:\/\/miumjau.ee\/lt\/produktas\/brit-care-sensitive-sausas-maistas-su-triusiena-sterilizuotoms-katems-7-kg\/\" \/>\n<meta property=\"og:site_name\" content=\"MiuMjau\" \/>\n<meta property=\"article:publisher\" content=\"https:\/\/www.facebook.com\/miumjaupood\/\" \/>\n<meta property=\"article:modified_time\" content=\"2026-01-07T18:43:02+00:00\" \/>\n<meta property=\"og:image\" content=\"https:\/\/miumjau.ee\/wp-content\/uploads\/2025\/02\/brit-care-kuivtoidud-kassidele9.jpg\" \/>\n\t<meta property=\"og:image:width\" content=\"600\" \/>\n\t<meta property=\"og:image:height\" content=\"800\" \/>\n\t<meta property=\"og:image:type\" content=\"image\/jpeg\" \/>\n<meta name=\"twitter:card\" content=\"summary_large_image\" \/>\n<script type=\"application\/ld+json\" class=\"yoast-schema-graph\">{\"@context\":\"https:\/\/schema.org\",\"@graph\":[{\"@type\":\"WebPage\",\"@id\":\"https:\/\/miumjau.ee\/lt\/produktas\/brit-care-sensitive-sausas-maistas-su-triusiena-sterilizuotoms-katems-7-kg\/\",\"url\":\"https:\/\/miumjau.ee\/lt\/produktas\/brit-care-sensitive-sausas-maistas-su-triusiena-sterilizuotoms-katems-7-kg\/\",\"name\":\"Brit Care Sensitive sausas maistas su triu\u0161iena sterilizuotoms kat\u0117ms, 7 kg - MiuMjau\",\"isPartOf\":{\"@id\":\"https:\/\/miumjau.ee\/#website\"},\"primaryImageOfPage\":{\"@id\":\"https:\/\/miumjau.ee\/lt\/produktas\/brit-care-sensitive-sausas-maistas-su-triusiena-sterilizuotoms-katems-7-kg\/#primaryimage\"},\"image\":{\"@id\":\"https:\/\/miumjau.ee\/lt\/produktas\/brit-care-sensitive-sausas-maistas-su-triusiena-sterilizuotoms-katems-7-kg\/#primaryimage\"},\"thumbnailUrl\":\"https:\/\/miumjau.ee\/wp-content\/uploads\/2025\/02\/brit-care-kuivtoidud-kassidele9.jpg\",\"datePublished\":\"2025-04-23T07:35:37+00:00\",\"dateModified\":\"2026-01-07T18:43:02+00:00\",\"description\":\"Visavertis \u0117dalas sterilizuotoms suaugusioms kat\u0117ms, turin\u010dioms jautri\u0105 vir\u0161kinim\u0105. \u201eBrit Care\u201c r\u016bpinasi j\u016bs\u0173 kat\u0117s sveikata ir yra labai skanus.\",\"breadcrumb\":{\"@id\":\"https:\/\/miumjau.ee\/lt\/produktas\/brit-care-sensitive-sausas-maistas-su-triusiena-sterilizuotoms-katems-7-kg\/#breadcrumb\"},\"inLanguage\":\"lt-LT\",\"potentialAction\":[{\"@type\":\"ReadAction\",\"target\":[\"https:\/\/miumjau.ee\/lt\/produktas\/brit-care-sensitive-sausas-maistas-su-triusiena-sterilizuotoms-katems-7-kg\/\"]}]},{\"@type\":\"ImageObject\",\"inLanguage\":\"lt-LT\",\"@id\":\"https:\/\/miumjau.ee\/lt\/produktas\/brit-care-sensitive-sausas-maistas-su-triusiena-sterilizuotoms-katems-7-kg\/#primaryimage\",\"url\":\"https:\/\/miumjau.ee\/wp-content\/uploads\/2025\/02\/brit-care-kuivtoidud-kassidele9.jpg\",\"contentUrl\":\"https:\/\/miumjau.ee\/wp-content\/uploads\/2025\/02\/brit-care-kuivtoidud-kassidele9.jpg\",\"width\":600,\"height\":800},{\"@type\":\"BreadcrumbList\",\"@id\":\"https:\/\/miumjau.ee\/lt\/produktas\/brit-care-sensitive-sausas-maistas-su-triusiena-sterilizuotoms-katems-7-kg\/#breadcrumb\",\"itemListElement\":[{\"@type\":\"ListItem\",\"position\":1,\"name\":\"Home\",\"item\":\"https:\/\/miumjau.ee\/lt\/\"},{\"@type\":\"ListItem\",\"position\":2,\"name\":\"Parduotuv\u0117\",\"item\":\"https:\/\/miumjau.ee\/lt\/parduotuve\/\"},{\"@type\":\"ListItem\",\"position\":3,\"name\":\"Brit Care Sensitive sausas maistas su triu\u0161iena sterilizuotoms kat\u0117ms, 7 kg\"}]},{\"@type\":\"WebSite\",\"@id\":\"https:\/\/miumjau.ee\/#website\",\"url\":\"https:\/\/miumjau.ee\/\",\"name\":\"MiuMjau\",\"description\":\"Kraapimispuud kassidele\",\"publisher\":{\"@id\":\"https:\/\/miumjau.ee\/#organization\"},\"potentialAction\":[{\"@type\":\"SearchAction\",\"target\":{\"@type\":\"EntryPoint\",\"urlTemplate\":\"https:\/\/miumjau.ee\/?s={search_term_string}\"},\"query-input\":{\"@type\":\"PropertyValueSpecification\",\"valueRequired\":true,\"valueName\":\"search_term_string\"}}],\"inLanguage\":\"lt-LT\"},{\"@type\":\"Organization\",\"@id\":\"https:\/\/miumjau.ee\/#organization\",\"name\":\"MiuMjau O\u00dc\",\"url\":\"https:\/\/miumjau.ee\/\",\"logo\":{\"@type\":\"ImageObject\",\"inLanguage\":\"lt-LT\",\"@id\":\"https:\/\/miumjau.ee\/#\/schema\/logo\/image\/\",\"url\":\"https:\/\/miumjau.ee\/wp-content\/uploads\/2022\/04\/MiuMjau-logo-kollane.png\",\"contentUrl\":\"https:\/\/miumjau.ee\/wp-content\/uploads\/2022\/04\/MiuMjau-logo-kollane.png\",\"width\":219,\"height\":100,\"caption\":\"MiuMjau O\u00dc\"},\"image\":{\"@id\":\"https:\/\/miumjau.ee\/#\/schema\/logo\/image\/\"},\"sameAs\":[\"https:\/\/www.facebook.com\/miumjaupood\/\"]}]}<\/script>\n<!-- \/ Yoast SEO plugin. -->","yoast_head_json":{"title":"Brit Care Sensitive sausas maistas su triu\u0161iena sterilizuotoms kat\u0117ms, 7 kg - MiuMjau","description":"Visavertis \u0117dalas sterilizuotoms suaugusioms kat\u0117ms, turin\u010dioms jautri\u0105 vir\u0161kinim\u0105. \u201eBrit Care\u201c r\u016bpinasi j\u016bs\u0173 kat\u0117s sveikata ir yra labai skanus.","robots":{"index":"index","follow":"follow","max-snippet":"max-snippet:-1","max-image-preview":"max-image-preview:large","max-video-preview":"max-video-preview:-1"},"canonical":"https:\/\/miumjau.ee\/lt\/produktas\/brit-care-sensitive-sausas-maistas-su-triusiena-sterilizuotoms-katems-7-kg\/","og_locale":"lt_LT","og_type":"article","og_title":"Brit Care Sensitive sausas maistas su triu\u0161iena sterilizuotoms kat\u0117ms, 7 kg - MiuMjau","og_description":"Visavertis \u0117dalas sterilizuotoms suaugusioms kat\u0117ms, turin\u010dioms jautri\u0105 vir\u0161kinim\u0105. \u201eBrit Care\u201c r\u016bpinasi j\u016bs\u0173 kat\u0117s sveikata ir yra labai skanus.","og_url":"https:\/\/miumjau.ee\/lt\/produktas\/brit-care-sensitive-sausas-maistas-su-triusiena-sterilizuotoms-katems-7-kg\/","og_site_name":"MiuMjau","article_publisher":"https:\/\/www.facebook.com\/miumjaupood\/","article_modified_time":"2026-01-07T18:43:02+00:00","og_image":[{"width":600,"height":800,"url":"https:\/\/miumjau.ee\/wp-content\/uploads\/2025\/02\/brit-care-kuivtoidud-kassidele9.jpg","type":"image\/jpeg"}],"twitter_card":"summary_large_image","schema":{"@context":"https:\/\/schema.org","@graph":[{"@type":"WebPage","@id":"https:\/\/miumjau.ee\/lt\/produktas\/brit-care-sensitive-sausas-maistas-su-triusiena-sterilizuotoms-katems-7-kg\/","url":"https:\/\/miumjau.ee\/lt\/produktas\/brit-care-sensitive-sausas-maistas-su-triusiena-sterilizuotoms-katems-7-kg\/","name":"Brit Care Sensitive sausas maistas su triu\u0161iena sterilizuotoms kat\u0117ms, 7 kg - MiuMjau","isPartOf":{"@id":"https:\/\/miumjau.ee\/#website"},"primaryImageOfPage":{"@id":"https:\/\/miumjau.ee\/lt\/produktas\/brit-care-sensitive-sausas-maistas-su-triusiena-sterilizuotoms-katems-7-kg\/#primaryimage"},"image":{"@id":"https:\/\/miumjau.ee\/lt\/produktas\/brit-care-sensitive-sausas-maistas-su-triusiena-sterilizuotoms-katems-7-kg\/#primaryimage"},"thumbnailUrl":"https:\/\/miumjau.ee\/wp-content\/uploads\/2025\/02\/brit-care-kuivtoidud-kassidele9.jpg","datePublished":"2025-04-23T07:35:37+00:00","dateModified":"2026-01-07T18:43:02+00:00","description":"Visavertis \u0117dalas sterilizuotoms suaugusioms kat\u0117ms, turin\u010dioms jautri\u0105 vir\u0161kinim\u0105. \u201eBrit Care\u201c r\u016bpinasi j\u016bs\u0173 kat\u0117s sveikata ir yra labai skanus.","breadcrumb":{"@id":"https:\/\/miumjau.ee\/lt\/produktas\/brit-care-sensitive-sausas-maistas-su-triusiena-sterilizuotoms-katems-7-kg\/#breadcrumb"},"inLanguage":"lt-LT","potentialAction":[{"@type":"ReadAction","target":["https:\/\/miumjau.ee\/lt\/produktas\/brit-care-sensitive-sausas-maistas-su-triusiena-sterilizuotoms-katems-7-kg\/"]}]},{"@type":"ImageObject","inLanguage":"lt-LT","@id":"https:\/\/miumjau.ee\/lt\/produktas\/brit-care-sensitive-sausas-maistas-su-triusiena-sterilizuotoms-katems-7-kg\/#primaryimage","url":"https:\/\/miumjau.ee\/wp-content\/uploads\/2025\/02\/brit-care-kuivtoidud-kassidele9.jpg","contentUrl":"https:\/\/miumjau.ee\/wp-content\/uploads\/2025\/02\/brit-care-kuivtoidud-kassidele9.jpg","width":600,"height":800},{"@type":"BreadcrumbList","@id":"https:\/\/miumjau.ee\/lt\/produktas\/brit-care-sensitive-sausas-maistas-su-triusiena-sterilizuotoms-katems-7-kg\/#breadcrumb","itemListElement":[{"@type":"ListItem","position":1,"name":"Home","item":"https:\/\/miumjau.ee\/lt\/"},{"@type":"ListItem","position":2,"name":"Parduotuv\u0117","item":"https:\/\/miumjau.ee\/lt\/parduotuve\/"},{"@type":"ListItem","position":3,"name":"Brit Care Sensitive sausas maistas su triu\u0161iena sterilizuotoms kat\u0117ms, 7 kg"}]},{"@type":"WebSite","@id":"https:\/\/miumjau.ee\/#website","url":"https:\/\/miumjau.ee\/","name":"MiuMjau","description":"Kraapimispuud kassidele","publisher":{"@id":"https:\/\/miumjau.ee\/#organization"},"potentialAction":[{"@type":"SearchAction","target":{"@type":"EntryPoint","urlTemplate":"https:\/\/miumjau.ee\/?s={search_term_string}"},"query-input":{"@type":"PropertyValueSpecification","valueRequired":true,"valueName":"search_term_string"}}],"inLanguage":"lt-LT"},{"@type":"Organization","@id":"https:\/\/miumjau.ee\/#organization","name":"MiuMjau O\u00dc","url":"https:\/\/miumjau.ee\/","logo":{"@type":"ImageObject","inLanguage":"lt-LT","@id":"https:\/\/miumjau.ee\/#\/schema\/logo\/image\/","url":"https:\/\/miumjau.ee\/wp-content\/uploads\/2022\/04\/MiuMjau-logo-kollane.png","contentUrl":"https:\/\/miumjau.ee\/wp-content\/uploads\/2022\/04\/MiuMjau-logo-kollane.png","width":219,"height":100,"caption":"MiuMjau O\u00dc"},"image":{"@id":"https:\/\/miumjau.ee\/#\/schema\/logo\/image\/"},"sameAs":["https:\/\/www.facebook.com\/miumjaupood\/"]}]}},"_links":{"self":[{"href":"https:\/\/miumjau.ee\/lt\/wp-json\/wp\/v2\/product\/49671","targetHints":{"allow":["GET"]}}],"collection":[{"href":"https:\/\/miumjau.ee\/lt\/wp-json\/wp\/v2\/product"}],"about":[{"href":"https:\/\/miumjau.ee\/lt\/wp-json\/wp\/v2\/types\/product"}],"wp:featuredmedia":[{"embeddable":true,"href":"https:\/\/miumjau.ee\/lt\/wp-json\/wp\/v2\/media\/49672"}],"wp:attachment":[{"href":"https:\/\/miumjau.ee\/lt\/wp-json\/wp\/v2\/media?parent=49671"}],"wp:term":[{"taxonomy":"product_brand","embeddable":true,"href":"https:\/\/miumjau.ee\/lt\/wp-json\/wp\/v2\/product_brand?post=49671"},{"taxonomy":"product_cat","embeddable":true,"href":"https:\/\/miumjau.ee\/lt\/wp-json\/wp\/v2\/product_cat?post=49671"},{"taxonomy":"product_tag","embeddable":true,"href":"https:\/\/miumjau.ee\/lt\/wp-json\/wp\/v2\/product_tag?post=49671"}],"curies":[{"name":"wp","href":"https:\/\/api.w.org\/{rel}","templated":true}]}}