{"id":49669,"date":"2025-04-23T10:36:12","date_gmt":"2025-04-23T07:36:12","guid":{"rendered":"https:\/\/miumjau.ee\/toode\/brit-care-sensitive-sausas-sausas-maistas-katems-su-jautria-virskinimo-sistema-su-kalakutiena-ir-lasisa-7-kg\/"},"modified":"2026-01-07T20:43:02","modified_gmt":"2026-01-07T18:43:02","slug":"brit-care-sensitive-sausas-sausas-maistas-katems-su-jautria-virskinimo-sistema-su-kalakutiena-ir-lasisa-7-kg","status":"publish","type":"product","link":"https:\/\/miumjau.ee\/lt\/produktas\/brit-care-sensitive-sausas-sausas-maistas-katems-su-jautria-virskinimo-sistema-su-kalakutiena-ir-lasisa-7-kg\/","title":{"rendered":"Brit Care Sensitive sausas sausas maistas kat\u0117ms su jautria vir\u0161kinimo sistema, su kalakutiena ir la\u0161i\u0161a, 7 kg"},"content":{"rendered":"","protected":false},"excerpt":{"rendered":"<p>Hipoalerginis ir be gr\u016bd\u0173 \u0117dalas kat\u0117ms, turin\u010dioms jautri\u0105 vir\u0161kinim\u0105. Lengvai vir\u0161kinama sud\u0117tis u\u017etikrina maksimal\u0173 maistini\u0173 med\u017eiag\u0173 \u012fsisavinim\u0105 ir palaiko vir\u0161kinim\u0105 bei bendr\u0105 savijaut\u0105.<\/p>\n<p>\ud83d\udd39 Skanu ir maistinga \u2013 \u0161vie\u017eia kalakutiena ir la\u0161i\u0161a patenkins net ir i\u0161rankiausios kat\u0117s apetit\u0105.<br \/>\n\ud83d\udd39 Sveikas vir\u0161kinimas \u2013 probiotikai ir antioksidantai palaiko \u017earnyno mikroflor\u0105 ir imunitet\u0105.<\/p>\n<p>\ud83d\udd39 Inkst\u0173 ir \u0161lapimo tak\u0173 apsauga \u2013 \u0161altalankis ir ma\u017eas magnio kiekis padeda palaikyti optimal\u0173 \u0161lapimo pH.<\/p>\n<p>\ud83d\udd39 Ma\u017eina nemalonius kvapus \u2013 jukos ekstraktas padeda suma\u017einti i\u0161mat\u0173 kvap\u0105.<\/p>\n<p>\ud83d\udd39 Saugu ir nat\u016bralu \u2013 N\u0116RA gr\u016bd\u0173, dirbtini\u0173 da\u017eikli\u0173, konservant\u0173 ar GMO.<\/p>\n<p>Sud\u0117tis: \u0161vie\u017eia kalakutiena (26 %), dehidratuota la\u0161i\u0161a (26 %), geltonieji \u017eirneliai (16 %), avin\u017eirniai (11 %), pauk\u0161tienos riebalai, cikorij\u0173 \u0161aknis, la\u0161i\u0161\u0173 aliejus, alaus miel\u0117s, \u0161altalankis, spanguol\u0117s, probiotikai.<\/p>\n<p>Analiz\u0117: Baltymai 32 %, Riebalai 16 %, Skaidulos 1,5 %, Kalcis 1,2 %, Fosforas 0,9 %, Omega-3 0,5 %, Omega-6 2,0 %.<\/p>\n<p>Laikymas ir \u0161\u0117rimas: Patiekite saus\u0105 arba \u0161lapi\u0105. Kiek\u012f reguliuokite pagal kat\u0117s poreikius. Visada pasir\u016bpinkite \u0161vie\u017eiu geriamuoju vandeniu.<\/p>\n<p>\ud83d\udc3e \u0160velniam vir\u0161kinimui ir puikiam skoniui \u2013 Brit Care Sensitive!<\/p>\n","protected":false},"featured_media":49670,"template":"","meta":[],"product_brand":[],"product_cat":[528],"product_tag":[],"class_list":{"0":"post-49669","1":"product","2":"type-product","3":"status-publish","4":"has-post-thumbnail","6":"product_cat-sausas-maistas","8":"first","9":"instock","10":"sale","11":"taxable","12":"shipping-taxable","13":"purchasable","14":"product-type-simple"},"yoast_head":"<!-- This site is optimized with the Yoast SEO plugin v27.2 - https:\/\/yoast.com\/product\/yoast-seo-wordpress\/ -->\n<title>Brit Care Sensitive sausas sausas maistas kat\u0117ms su jautria vir\u0161kinimo sistema, su kalakutiena ir la\u0161i\u0161a, 7 kg - MiuMjau<\/title>\n<meta name=\"robots\" content=\"index, follow, max-snippet:-1, max-image-preview:large, max-video-preview:-1\" \/>\n<link rel=\"canonical\" href=\"https:\/\/miumjau.ee\/lt\/produktas\/brit-care-sensitive-sausas-sausas-maistas-katems-su-jautria-virskinimo-sistema-su-kalakutiena-ir-lasisa-7-kg\/\" \/>\n<meta property=\"og:locale\" content=\"lt_LT\" \/>\n<meta property=\"og:type\" content=\"article\" \/>\n<meta property=\"og:title\" content=\"Brit Care Sensitive sausas sausas maistas kat\u0117ms su jautria vir\u0161kinimo sistema, su kalakutiena ir la\u0161i\u0161a, 7 kg - MiuMjau\" \/>\n<meta property=\"og:description\" content=\"Hipoalerginis ir be gr\u016bd\u0173 \u0117dalas kat\u0117ms, turin\u010dioms jautri\u0105 vir\u0161kinim\u0105. Lengvai vir\u0161kinama sud\u0117tis u\u017etikrina maksimal\u0173 maistini\u0173 med\u017eiag\u0173 \u012fsisavinim\u0105 ir palaiko vir\u0161kinim\u0105 bei bendr\u0105 savijaut\u0105.  \ud83d\udd39 Skanu ir maistinga \u2013 \u0161vie\u017eia kalakutiena ir la\u0161i\u0161a patenkins net ir i\u0161rankiausios kat\u0117s apetit\u0105. \ud83d\udd39 Sveikas vir\u0161kinimas \u2013 probiotikai ir antioksidantai palaiko \u017earnyno mikroflor\u0105 ir imunitet\u0105.  \ud83d\udd39 Inkst\u0173 ir \u0161lapimo tak\u0173 apsauga \u2013 \u0161altalankis ir ma\u017eas magnio kiekis padeda palaikyti optimal\u0173 \u0161lapimo pH.  \ud83d\udd39 Ma\u017eina nemalonius kvapus \u2013 jukos ekstraktas padeda suma\u017einti i\u0161mat\u0173 kvap\u0105.  \ud83d\udd39 Saugu ir nat\u016bralu \u2013 N\u0116RA gr\u016bd\u0173, dirbtini\u0173 da\u017eikli\u0173, konservant\u0173 ar GMO.  Sud\u0117tis: \u0161vie\u017eia kalakutiena (26 %), dehidratuota la\u0161i\u0161a (26 %), geltonieji \u017eirneliai (16 %), avin\u017eirniai (11 %), pauk\u0161tienos riebalai, cikorij\u0173 \u0161aknis, la\u0161i\u0161\u0173 aliejus, alaus miel\u0117s, \u0161altalankis, spanguol\u0117s, probiotikai.  Analiz\u0117: Baltymai 32 %, Riebalai 16 %, Skaidulos 1,5 %, Kalcis 1,2 %, Fosforas 0,9 %, Omega-3 0,5 %, Omega-6 2,0 %.  Laikymas ir \u0161\u0117rimas: Patiekite saus\u0105 arba \u0161lapi\u0105. Kiek\u012f reguliuokite pagal kat\u0117s poreikius. Visada pasir\u016bpinkite \u0161vie\u017eiu geriamuoju vandeniu.  \ud83d\udc3e \u0160velniam vir\u0161kinimui ir puikiam skoniui \u2013 Brit Care Sensitive!\" \/>\n<meta property=\"og:url\" content=\"https:\/\/miumjau.ee\/lt\/produktas\/brit-care-sensitive-sausas-sausas-maistas-katems-su-jautria-virskinimo-sistema-su-kalakutiena-ir-lasisa-7-kg\/\" \/>\n<meta property=\"og:site_name\" content=\"MiuMjau\" \/>\n<meta property=\"article:publisher\" content=\"https:\/\/www.facebook.com\/miumjaupood\/\" \/>\n<meta property=\"article:modified_time\" content=\"2026-01-07T18:43:02+00:00\" \/>\n<meta property=\"og:image\" content=\"https:\/\/miumjau.ee\/wp-content\/uploads\/2025\/02\/brit-care-kuivtoit-kassile-sensitive-healthy-digestion.jpg\" \/>\n\t<meta property=\"og:image:width\" content=\"600\" \/>\n\t<meta property=\"og:image:height\" content=\"800\" \/>\n\t<meta property=\"og:image:type\" content=\"image\/jpeg\" \/>\n<meta name=\"twitter:card\" content=\"summary_large_image\" \/>\n<script type=\"application\/ld+json\" class=\"yoast-schema-graph\">{\"@context\":\"https:\/\/schema.org\",\"@graph\":[{\"@type\":\"WebPage\",\"@id\":\"https:\/\/miumjau.ee\/lt\/produktas\/brit-care-sensitive-sausas-sausas-maistas-katems-su-jautria-virskinimo-sistema-su-kalakutiena-ir-lasisa-7-kg\/\",\"url\":\"https:\/\/miumjau.ee\/lt\/produktas\/brit-care-sensitive-sausas-sausas-maistas-katems-su-jautria-virskinimo-sistema-su-kalakutiena-ir-lasisa-7-kg\/\",\"name\":\"Brit Care Sensitive sausas sausas maistas kat\u0117ms su jautria vir\u0161kinimo sistema, su kalakutiena ir la\u0161i\u0161a, 7 kg - MiuMjau\",\"isPartOf\":{\"@id\":\"https:\/\/miumjau.ee\/#website\"},\"primaryImageOfPage\":{\"@id\":\"https:\/\/miumjau.ee\/lt\/produktas\/brit-care-sensitive-sausas-sausas-maistas-katems-su-jautria-virskinimo-sistema-su-kalakutiena-ir-lasisa-7-kg\/#primaryimage\"},\"image\":{\"@id\":\"https:\/\/miumjau.ee\/lt\/produktas\/brit-care-sensitive-sausas-sausas-maistas-katems-su-jautria-virskinimo-sistema-su-kalakutiena-ir-lasisa-7-kg\/#primaryimage\"},\"thumbnailUrl\":\"https:\/\/miumjau.ee\/wp-content\/uploads\/2025\/02\/brit-care-kuivtoit-kassile-sensitive-healthy-digestion.jpg\",\"datePublished\":\"2025-04-23T07:36:12+00:00\",\"dateModified\":\"2026-01-07T18:43:02+00:00\",\"breadcrumb\":{\"@id\":\"https:\/\/miumjau.ee\/lt\/produktas\/brit-care-sensitive-sausas-sausas-maistas-katems-su-jautria-virskinimo-sistema-su-kalakutiena-ir-lasisa-7-kg\/#breadcrumb\"},\"inLanguage\":\"lt-LT\",\"potentialAction\":[{\"@type\":\"ReadAction\",\"target\":[\"https:\/\/miumjau.ee\/lt\/produktas\/brit-care-sensitive-sausas-sausas-maistas-katems-su-jautria-virskinimo-sistema-su-kalakutiena-ir-lasisa-7-kg\/\"]}]},{\"@type\":\"ImageObject\",\"inLanguage\":\"lt-LT\",\"@id\":\"https:\/\/miumjau.ee\/lt\/produktas\/brit-care-sensitive-sausas-sausas-maistas-katems-su-jautria-virskinimo-sistema-su-kalakutiena-ir-lasisa-7-kg\/#primaryimage\",\"url\":\"https:\/\/miumjau.ee\/wp-content\/uploads\/2025\/02\/brit-care-kuivtoit-kassile-sensitive-healthy-digestion.jpg\",\"contentUrl\":\"https:\/\/miumjau.ee\/wp-content\/uploads\/2025\/02\/brit-care-kuivtoit-kassile-sensitive-healthy-digestion.jpg\",\"width\":600,\"height\":800},{\"@type\":\"BreadcrumbList\",\"@id\":\"https:\/\/miumjau.ee\/lt\/produktas\/brit-care-sensitive-sausas-sausas-maistas-katems-su-jautria-virskinimo-sistema-su-kalakutiena-ir-lasisa-7-kg\/#breadcrumb\",\"itemListElement\":[{\"@type\":\"ListItem\",\"position\":1,\"name\":\"Home\",\"item\":\"https:\/\/miumjau.ee\/lt\/\"},{\"@type\":\"ListItem\",\"position\":2,\"name\":\"Parduotuv\u0117\",\"item\":\"https:\/\/miumjau.ee\/lt\/parduotuve\/\"},{\"@type\":\"ListItem\",\"position\":3,\"name\":\"Brit Care Sensitive sausas sausas maistas kat\u0117ms su jautria vir\u0161kinimo sistema, su kalakutiena ir la\u0161i\u0161a, 7 kg\"}]},{\"@type\":\"WebSite\",\"@id\":\"https:\/\/miumjau.ee\/#website\",\"url\":\"https:\/\/miumjau.ee\/\",\"name\":\"MiuMjau\",\"description\":\"Kraapimispuud kassidele\",\"publisher\":{\"@id\":\"https:\/\/miumjau.ee\/#organization\"},\"potentialAction\":[{\"@type\":\"SearchAction\",\"target\":{\"@type\":\"EntryPoint\",\"urlTemplate\":\"https:\/\/miumjau.ee\/?s={search_term_string}\"},\"query-input\":{\"@type\":\"PropertyValueSpecification\",\"valueRequired\":true,\"valueName\":\"search_term_string\"}}],\"inLanguage\":\"lt-LT\"},{\"@type\":\"Organization\",\"@id\":\"https:\/\/miumjau.ee\/#organization\",\"name\":\"MiuMjau O\u00dc\",\"url\":\"https:\/\/miumjau.ee\/\",\"logo\":{\"@type\":\"ImageObject\",\"inLanguage\":\"lt-LT\",\"@id\":\"https:\/\/miumjau.ee\/#\/schema\/logo\/image\/\",\"url\":\"https:\/\/miumjau.ee\/wp-content\/uploads\/2022\/04\/MiuMjau-logo-kollane.png\",\"contentUrl\":\"https:\/\/miumjau.ee\/wp-content\/uploads\/2022\/04\/MiuMjau-logo-kollane.png\",\"width\":219,\"height\":100,\"caption\":\"MiuMjau O\u00dc\"},\"image\":{\"@id\":\"https:\/\/miumjau.ee\/#\/schema\/logo\/image\/\"},\"sameAs\":[\"https:\/\/www.facebook.com\/miumjaupood\/\"]}]}<\/script>\n<!-- \/ Yoast SEO plugin. -->","yoast_head_json":{"title":"Brit Care Sensitive sausas sausas maistas kat\u0117ms su jautria vir\u0161kinimo sistema, su kalakutiena ir la\u0161i\u0161a, 7 kg - MiuMjau","robots":{"index":"index","follow":"follow","max-snippet":"max-snippet:-1","max-image-preview":"max-image-preview:large","max-video-preview":"max-video-preview:-1"},"canonical":"https:\/\/miumjau.ee\/lt\/produktas\/brit-care-sensitive-sausas-sausas-maistas-katems-su-jautria-virskinimo-sistema-su-kalakutiena-ir-lasisa-7-kg\/","og_locale":"lt_LT","og_type":"article","og_title":"Brit Care Sensitive sausas sausas maistas kat\u0117ms su jautria vir\u0161kinimo sistema, su kalakutiena ir la\u0161i\u0161a, 7 kg - MiuMjau","og_description":"Hipoalerginis ir be gr\u016bd\u0173 \u0117dalas kat\u0117ms, turin\u010dioms jautri\u0105 vir\u0161kinim\u0105. Lengvai vir\u0161kinama sud\u0117tis u\u017etikrina maksimal\u0173 maistini\u0173 med\u017eiag\u0173 \u012fsisavinim\u0105 ir palaiko vir\u0161kinim\u0105 bei bendr\u0105 savijaut\u0105.  \ud83d\udd39 Skanu ir maistinga \u2013 \u0161vie\u017eia kalakutiena ir la\u0161i\u0161a patenkins net ir i\u0161rankiausios kat\u0117s apetit\u0105. \ud83d\udd39 Sveikas vir\u0161kinimas \u2013 probiotikai ir antioksidantai palaiko \u017earnyno mikroflor\u0105 ir imunitet\u0105.  \ud83d\udd39 Inkst\u0173 ir \u0161lapimo tak\u0173 apsauga \u2013 \u0161altalankis ir ma\u017eas magnio kiekis padeda palaikyti optimal\u0173 \u0161lapimo pH.  \ud83d\udd39 Ma\u017eina nemalonius kvapus \u2013 jukos ekstraktas padeda suma\u017einti i\u0161mat\u0173 kvap\u0105.  \ud83d\udd39 Saugu ir nat\u016bralu \u2013 N\u0116RA gr\u016bd\u0173, dirbtini\u0173 da\u017eikli\u0173, konservant\u0173 ar GMO.  Sud\u0117tis: \u0161vie\u017eia kalakutiena (26 %), dehidratuota la\u0161i\u0161a (26 %), geltonieji \u017eirneliai (16 %), avin\u017eirniai (11 %), pauk\u0161tienos riebalai, cikorij\u0173 \u0161aknis, la\u0161i\u0161\u0173 aliejus, alaus miel\u0117s, \u0161altalankis, spanguol\u0117s, probiotikai.  Analiz\u0117: Baltymai 32 %, Riebalai 16 %, Skaidulos 1,5 %, Kalcis 1,2 %, Fosforas 0,9 %, Omega-3 0,5 %, Omega-6 2,0 %.  Laikymas ir \u0161\u0117rimas: Patiekite saus\u0105 arba \u0161lapi\u0105. Kiek\u012f reguliuokite pagal kat\u0117s poreikius. Visada pasir\u016bpinkite \u0161vie\u017eiu geriamuoju vandeniu.  \ud83d\udc3e \u0160velniam vir\u0161kinimui ir puikiam skoniui \u2013 Brit Care Sensitive!","og_url":"https:\/\/miumjau.ee\/lt\/produktas\/brit-care-sensitive-sausas-sausas-maistas-katems-su-jautria-virskinimo-sistema-su-kalakutiena-ir-lasisa-7-kg\/","og_site_name":"MiuMjau","article_publisher":"https:\/\/www.facebook.com\/miumjaupood\/","article_modified_time":"2026-01-07T18:43:02+00:00","og_image":[{"width":600,"height":800,"url":"https:\/\/miumjau.ee\/wp-content\/uploads\/2025\/02\/brit-care-kuivtoit-kassile-sensitive-healthy-digestion.jpg","type":"image\/jpeg"}],"twitter_card":"summary_large_image","schema":{"@context":"https:\/\/schema.org","@graph":[{"@type":"WebPage","@id":"https:\/\/miumjau.ee\/lt\/produktas\/brit-care-sensitive-sausas-sausas-maistas-katems-su-jautria-virskinimo-sistema-su-kalakutiena-ir-lasisa-7-kg\/","url":"https:\/\/miumjau.ee\/lt\/produktas\/brit-care-sensitive-sausas-sausas-maistas-katems-su-jautria-virskinimo-sistema-su-kalakutiena-ir-lasisa-7-kg\/","name":"Brit Care Sensitive sausas sausas maistas kat\u0117ms su jautria vir\u0161kinimo sistema, su kalakutiena ir la\u0161i\u0161a, 7 kg - MiuMjau","isPartOf":{"@id":"https:\/\/miumjau.ee\/#website"},"primaryImageOfPage":{"@id":"https:\/\/miumjau.ee\/lt\/produktas\/brit-care-sensitive-sausas-sausas-maistas-katems-su-jautria-virskinimo-sistema-su-kalakutiena-ir-lasisa-7-kg\/#primaryimage"},"image":{"@id":"https:\/\/miumjau.ee\/lt\/produktas\/brit-care-sensitive-sausas-sausas-maistas-katems-su-jautria-virskinimo-sistema-su-kalakutiena-ir-lasisa-7-kg\/#primaryimage"},"thumbnailUrl":"https:\/\/miumjau.ee\/wp-content\/uploads\/2025\/02\/brit-care-kuivtoit-kassile-sensitive-healthy-digestion.jpg","datePublished":"2025-04-23T07:36:12+00:00","dateModified":"2026-01-07T18:43:02+00:00","breadcrumb":{"@id":"https:\/\/miumjau.ee\/lt\/produktas\/brit-care-sensitive-sausas-sausas-maistas-katems-su-jautria-virskinimo-sistema-su-kalakutiena-ir-lasisa-7-kg\/#breadcrumb"},"inLanguage":"lt-LT","potentialAction":[{"@type":"ReadAction","target":["https:\/\/miumjau.ee\/lt\/produktas\/brit-care-sensitive-sausas-sausas-maistas-katems-su-jautria-virskinimo-sistema-su-kalakutiena-ir-lasisa-7-kg\/"]}]},{"@type":"ImageObject","inLanguage":"lt-LT","@id":"https:\/\/miumjau.ee\/lt\/produktas\/brit-care-sensitive-sausas-sausas-maistas-katems-su-jautria-virskinimo-sistema-su-kalakutiena-ir-lasisa-7-kg\/#primaryimage","url":"https:\/\/miumjau.ee\/wp-content\/uploads\/2025\/02\/brit-care-kuivtoit-kassile-sensitive-healthy-digestion.jpg","contentUrl":"https:\/\/miumjau.ee\/wp-content\/uploads\/2025\/02\/brit-care-kuivtoit-kassile-sensitive-healthy-digestion.jpg","width":600,"height":800},{"@type":"BreadcrumbList","@id":"https:\/\/miumjau.ee\/lt\/produktas\/brit-care-sensitive-sausas-sausas-maistas-katems-su-jautria-virskinimo-sistema-su-kalakutiena-ir-lasisa-7-kg\/#breadcrumb","itemListElement":[{"@type":"ListItem","position":1,"name":"Home","item":"https:\/\/miumjau.ee\/lt\/"},{"@type":"ListItem","position":2,"name":"Parduotuv\u0117","item":"https:\/\/miumjau.ee\/lt\/parduotuve\/"},{"@type":"ListItem","position":3,"name":"Brit Care Sensitive sausas sausas maistas kat\u0117ms su jautria vir\u0161kinimo sistema, su kalakutiena ir la\u0161i\u0161a, 7 kg"}]},{"@type":"WebSite","@id":"https:\/\/miumjau.ee\/#website","url":"https:\/\/miumjau.ee\/","name":"MiuMjau","description":"Kraapimispuud kassidele","publisher":{"@id":"https:\/\/miumjau.ee\/#organization"},"potentialAction":[{"@type":"SearchAction","target":{"@type":"EntryPoint","urlTemplate":"https:\/\/miumjau.ee\/?s={search_term_string}"},"query-input":{"@type":"PropertyValueSpecification","valueRequired":true,"valueName":"search_term_string"}}],"inLanguage":"lt-LT"},{"@type":"Organization","@id":"https:\/\/miumjau.ee\/#organization","name":"MiuMjau O\u00dc","url":"https:\/\/miumjau.ee\/","logo":{"@type":"ImageObject","inLanguage":"lt-LT","@id":"https:\/\/miumjau.ee\/#\/schema\/logo\/image\/","url":"https:\/\/miumjau.ee\/wp-content\/uploads\/2022\/04\/MiuMjau-logo-kollane.png","contentUrl":"https:\/\/miumjau.ee\/wp-content\/uploads\/2022\/04\/MiuMjau-logo-kollane.png","width":219,"height":100,"caption":"MiuMjau O\u00dc"},"image":{"@id":"https:\/\/miumjau.ee\/#\/schema\/logo\/image\/"},"sameAs":["https:\/\/www.facebook.com\/miumjaupood\/"]}]}},"_links":{"self":[{"href":"https:\/\/miumjau.ee\/lt\/wp-json\/wp\/v2\/product\/49669","targetHints":{"allow":["GET"]}}],"collection":[{"href":"https:\/\/miumjau.ee\/lt\/wp-json\/wp\/v2\/product"}],"about":[{"href":"https:\/\/miumjau.ee\/lt\/wp-json\/wp\/v2\/types\/product"}],"wp:featuredmedia":[{"embeddable":true,"href":"https:\/\/miumjau.ee\/lt\/wp-json\/wp\/v2\/media\/49670"}],"wp:attachment":[{"href":"https:\/\/miumjau.ee\/lt\/wp-json\/wp\/v2\/media?parent=49669"}],"wp:term":[{"taxonomy":"product_brand","embeddable":true,"href":"https:\/\/miumjau.ee\/lt\/wp-json\/wp\/v2\/product_brand?post=49669"},{"taxonomy":"product_cat","embeddable":true,"href":"https:\/\/miumjau.ee\/lt\/wp-json\/wp\/v2\/product_cat?post=49669"},{"taxonomy":"product_tag","embeddable":true,"href":"https:\/\/miumjau.ee\/lt\/wp-json\/wp\/v2\/product_tag?post=49669"}],"curies":[{"name":"wp","href":"https:\/\/api.w.org\/{rel}","templated":true}]}}