{"id":49650,"date":"2025-04-23T11:01:02","date_gmt":"2025-04-23T08:01:02","guid":{"rendered":"https:\/\/miumjau.ee\/toode\/himalaju-surio-kramtukai-sunims-s-28-40g\/"},"modified":"2026-01-07T20:43:02","modified_gmt":"2026-01-07T18:43:02","slug":"himalaju-surio-kramtukai-sunims-s-28-40g","status":"publish","type":"product","link":"https:\/\/miumjau.ee\/lt\/produktas\/himalaju-surio-kramtukai-sunims-s-28-40g\/","title":{"rendered":"Himalaj\u0173 s\u016brio kramtukai \u0161unims S (28-40g)"},"content":{"rendered":"","protected":false},"excerpt":{"rendered":"<p>Nat\u016bral\u016bs kieti kramtukai \u0161unims \u2013 100 % nat\u016bral\u016bs skan\u0117stai, pagaminti i\u0161 \u0161vie\u017eio karv\u0117s pieno.<\/p>\n<p>Himalajiniai kramtukai \u2013 tai kramtomi, tvirtos tekst\u016bros skan\u0117stai, ilgai d\u017eiovinami, kad pa\u0161alint\u0173 dr\u0117gm\u0117s pertekli\u0173. Galima \u012fsigyti \u012fvairi\u0173 dyd\u017ei\u0173 \u2013 kiekvienam \u0161uniui tinkamas gabal\u0117lis.<\/p>\n<p>Be dirbtini\u0173 pried\u0173 \u2013 n\u0117ra konservant\u0173, da\u017eikli\u0173 ar skonio stiprikli\u0173. Daug kalcio ir baltym\u0173 (iki 80 %).<\/p>\n<p>Privalumai:<\/p>\n<p>Lengvai vir\u0161kinamas<\/p>\n<p>Stipri tekst\u016bra padeda valyti dantis<\/p>\n<p>Sud\u0117tyje yra nat\u016brali\u0173 vitamin\u0173 ir mineral\u0173 (A, B, C, D, E, K, cinko, gele\u017eies, magnio ir kt.)<\/p>\n<p>Sud\u0117tis: 99,9 % pieno ir pieno produkt\u0173, &lt;0,01 % druskos<\/p>\n<p>Analitin\u0117 sud\u0117tis: baltymai 62,4 %, riebalai 18 %, skaidulos &lt;1 %, pelenai 5,3 %, dr\u0117gm\u0117 10,2 %<\/p>\n<p>Dyd\u017eiai ir svoriai:<br \/>\nS \u2013 28\u201340 g<br \/>\nM \u2013 68\u201380 g<br \/>\nL \u2013 138\u2013155 g<br \/>\nXL \u2013 190\u2013220 g<\/p>\n<p>Naudojimas: kaip skan\u0117stas tarp valgym\u0173. Visada turi b\u016bti vandens. Nepakei\u010dia visaver\u010dio maisto. Tik gyv\u016bnams. Laikyti sausoje ir v\u0117sioje vietoje.<\/p>\n","protected":false},"featured_media":49651,"template":"","meta":[],"product_brand":[],"product_cat":[540],"product_tag":[],"class_list":{"0":"post-49650","1":"product","2":"type-product","3":"status-publish","4":"has-post-thumbnail","6":"product_cat-skanestai-sunims","8":"first","9":"instock","10":"taxable","11":"shipping-taxable","12":"purchasable","13":"product-type-simple"},"yoast_head":"<!-- This site is optimized with the Yoast SEO plugin v27.2 - https:\/\/yoast.com\/product\/yoast-seo-wordpress\/ -->\n<title>Himalaj\u0173 s\u016brio kramtukai \u0161unims S (28-40g) - MiuMjau<\/title>\n<meta name=\"description\" content=\"Himalaj\u0173 s\u016bris veikia kaip kramtukas ir yra ilgai i\u0161liekantis skan\u0117stas \u0161unims. Smagus u\u017esi\u0117mimas, kuris taip pat padeda i\u0161valyti dantis.\" \/>\n<meta name=\"robots\" content=\"index, follow, max-snippet:-1, max-image-preview:large, max-video-preview:-1\" \/>\n<link rel=\"canonical\" href=\"https:\/\/miumjau.ee\/lt\/produktas\/himalaju-surio-kramtukai-sunims-s-28-40g\/\" \/>\n<meta property=\"og:locale\" content=\"lt_LT\" \/>\n<meta property=\"og:type\" content=\"article\" \/>\n<meta property=\"og:title\" content=\"Himalaj\u0173 s\u016brio kramtukai \u0161unims S (28-40g) - MiuMjau\" \/>\n<meta property=\"og:description\" content=\"Himalaj\u0173 s\u016bris veikia kaip kramtukas ir yra ilgai i\u0161liekantis skan\u0117stas \u0161unims. Smagus u\u017esi\u0117mimas, kuris taip pat padeda i\u0161valyti dantis.\" \/>\n<meta property=\"og:url\" content=\"https:\/\/miumjau.ee\/lt\/produktas\/himalaju-surio-kramtukai-sunims-s-28-40g\/\" \/>\n<meta property=\"og:site_name\" content=\"MiuMjau\" \/>\n<meta property=\"article:publisher\" content=\"https:\/\/www.facebook.com\/miumjaupood\/\" \/>\n<meta property=\"article:modified_time\" content=\"2026-01-07T18:43:02+00:00\" \/>\n<meta property=\"og:image\" content=\"https:\/\/miumjau.ee\/wp-content\/uploads\/2025\/04\/himaalaja-juustupulk.webp\" \/>\n\t<meta property=\"og:image:width\" content=\"600\" \/>\n\t<meta property=\"og:image:height\" content=\"800\" \/>\n\t<meta property=\"og:image:type\" content=\"image\/webp\" \/>\n<meta name=\"twitter:card\" content=\"summary_large_image\" \/>\n<script type=\"application\/ld+json\" class=\"yoast-schema-graph\">{\"@context\":\"https:\/\/schema.org\",\"@graph\":[{\"@type\":\"WebPage\",\"@id\":\"https:\/\/miumjau.ee\/lt\/produktas\/himalaju-surio-kramtukai-sunims-s-28-40g\/\",\"url\":\"https:\/\/miumjau.ee\/lt\/produktas\/himalaju-surio-kramtukai-sunims-s-28-40g\/\",\"name\":\"Himalaj\u0173 s\u016brio kramtukai \u0161unims S (28-40g) - MiuMjau\",\"isPartOf\":{\"@id\":\"https:\/\/miumjau.ee\/#website\"},\"primaryImageOfPage\":{\"@id\":\"https:\/\/miumjau.ee\/lt\/produktas\/himalaju-surio-kramtukai-sunims-s-28-40g\/#primaryimage\"},\"image\":{\"@id\":\"https:\/\/miumjau.ee\/lt\/produktas\/himalaju-surio-kramtukai-sunims-s-28-40g\/#primaryimage\"},\"thumbnailUrl\":\"https:\/\/miumjau.ee\/wp-content\/uploads\/2025\/04\/himaalaja-juustupulk.webp\",\"datePublished\":\"2025-04-23T08:01:02+00:00\",\"dateModified\":\"2026-01-07T18:43:02+00:00\",\"description\":\"Himalaj\u0173 s\u016bris veikia kaip kramtukas ir yra ilgai i\u0161liekantis skan\u0117stas \u0161unims. Smagus u\u017esi\u0117mimas, kuris taip pat padeda i\u0161valyti dantis.\",\"breadcrumb\":{\"@id\":\"https:\/\/miumjau.ee\/lt\/produktas\/himalaju-surio-kramtukai-sunims-s-28-40g\/#breadcrumb\"},\"inLanguage\":\"lt-LT\",\"potentialAction\":[{\"@type\":\"ReadAction\",\"target\":[\"https:\/\/miumjau.ee\/lt\/produktas\/himalaju-surio-kramtukai-sunims-s-28-40g\/\"]}]},{\"@type\":\"ImageObject\",\"inLanguage\":\"lt-LT\",\"@id\":\"https:\/\/miumjau.ee\/lt\/produktas\/himalaju-surio-kramtukai-sunims-s-28-40g\/#primaryimage\",\"url\":\"https:\/\/miumjau.ee\/wp-content\/uploads\/2025\/04\/himaalaja-juustupulk.webp\",\"contentUrl\":\"https:\/\/miumjau.ee\/wp-content\/uploads\/2025\/04\/himaalaja-juustupulk.webp\",\"width\":600,\"height\":800},{\"@type\":\"BreadcrumbList\",\"@id\":\"https:\/\/miumjau.ee\/lt\/produktas\/himalaju-surio-kramtukai-sunims-s-28-40g\/#breadcrumb\",\"itemListElement\":[{\"@type\":\"ListItem\",\"position\":1,\"name\":\"Home\",\"item\":\"https:\/\/miumjau.ee\/lt\/\"},{\"@type\":\"ListItem\",\"position\":2,\"name\":\"Parduotuv\u0117\",\"item\":\"https:\/\/miumjau.ee\/lt\/parduotuve\/\"},{\"@type\":\"ListItem\",\"position\":3,\"name\":\"Himalaj\u0173 s\u016brio kramtukai \u0161unims S (28-40g)\"}]},{\"@type\":\"WebSite\",\"@id\":\"https:\/\/miumjau.ee\/#website\",\"url\":\"https:\/\/miumjau.ee\/\",\"name\":\"MiuMjau\",\"description\":\"Kraapimispuud kassidele\",\"publisher\":{\"@id\":\"https:\/\/miumjau.ee\/#organization\"},\"potentialAction\":[{\"@type\":\"SearchAction\",\"target\":{\"@type\":\"EntryPoint\",\"urlTemplate\":\"https:\/\/miumjau.ee\/?s={search_term_string}\"},\"query-input\":{\"@type\":\"PropertyValueSpecification\",\"valueRequired\":true,\"valueName\":\"search_term_string\"}}],\"inLanguage\":\"lt-LT\"},{\"@type\":\"Organization\",\"@id\":\"https:\/\/miumjau.ee\/#organization\",\"name\":\"MiuMjau O\u00dc\",\"url\":\"https:\/\/miumjau.ee\/\",\"logo\":{\"@type\":\"ImageObject\",\"inLanguage\":\"lt-LT\",\"@id\":\"https:\/\/miumjau.ee\/#\/schema\/logo\/image\/\",\"url\":\"https:\/\/miumjau.ee\/wp-content\/uploads\/2022\/04\/MiuMjau-logo-kollane.png\",\"contentUrl\":\"https:\/\/miumjau.ee\/wp-content\/uploads\/2022\/04\/MiuMjau-logo-kollane.png\",\"width\":219,\"height\":100,\"caption\":\"MiuMjau O\u00dc\"},\"image\":{\"@id\":\"https:\/\/miumjau.ee\/#\/schema\/logo\/image\/\"},\"sameAs\":[\"https:\/\/www.facebook.com\/miumjaupood\/\"]}]}<\/script>\n<!-- \/ Yoast SEO plugin. -->","yoast_head_json":{"title":"Himalaj\u0173 s\u016brio kramtukai \u0161unims S (28-40g) - MiuMjau","description":"Himalaj\u0173 s\u016bris veikia kaip kramtukas ir yra ilgai i\u0161liekantis skan\u0117stas \u0161unims. Smagus u\u017esi\u0117mimas, kuris taip pat padeda i\u0161valyti dantis.","robots":{"index":"index","follow":"follow","max-snippet":"max-snippet:-1","max-image-preview":"max-image-preview:large","max-video-preview":"max-video-preview:-1"},"canonical":"https:\/\/miumjau.ee\/lt\/produktas\/himalaju-surio-kramtukai-sunims-s-28-40g\/","og_locale":"lt_LT","og_type":"article","og_title":"Himalaj\u0173 s\u016brio kramtukai \u0161unims S (28-40g) - MiuMjau","og_description":"Himalaj\u0173 s\u016bris veikia kaip kramtukas ir yra ilgai i\u0161liekantis skan\u0117stas \u0161unims. Smagus u\u017esi\u0117mimas, kuris taip pat padeda i\u0161valyti dantis.","og_url":"https:\/\/miumjau.ee\/lt\/produktas\/himalaju-surio-kramtukai-sunims-s-28-40g\/","og_site_name":"MiuMjau","article_publisher":"https:\/\/www.facebook.com\/miumjaupood\/","article_modified_time":"2026-01-07T18:43:02+00:00","og_image":[{"width":600,"height":800,"url":"https:\/\/miumjau.ee\/wp-content\/uploads\/2025\/04\/himaalaja-juustupulk.webp","type":"image\/webp"}],"twitter_card":"summary_large_image","schema":{"@context":"https:\/\/schema.org","@graph":[{"@type":"WebPage","@id":"https:\/\/miumjau.ee\/lt\/produktas\/himalaju-surio-kramtukai-sunims-s-28-40g\/","url":"https:\/\/miumjau.ee\/lt\/produktas\/himalaju-surio-kramtukai-sunims-s-28-40g\/","name":"Himalaj\u0173 s\u016brio kramtukai \u0161unims S (28-40g) - MiuMjau","isPartOf":{"@id":"https:\/\/miumjau.ee\/#website"},"primaryImageOfPage":{"@id":"https:\/\/miumjau.ee\/lt\/produktas\/himalaju-surio-kramtukai-sunims-s-28-40g\/#primaryimage"},"image":{"@id":"https:\/\/miumjau.ee\/lt\/produktas\/himalaju-surio-kramtukai-sunims-s-28-40g\/#primaryimage"},"thumbnailUrl":"https:\/\/miumjau.ee\/wp-content\/uploads\/2025\/04\/himaalaja-juustupulk.webp","datePublished":"2025-04-23T08:01:02+00:00","dateModified":"2026-01-07T18:43:02+00:00","description":"Himalaj\u0173 s\u016bris veikia kaip kramtukas ir yra ilgai i\u0161liekantis skan\u0117stas \u0161unims. Smagus u\u017esi\u0117mimas, kuris taip pat padeda i\u0161valyti dantis.","breadcrumb":{"@id":"https:\/\/miumjau.ee\/lt\/produktas\/himalaju-surio-kramtukai-sunims-s-28-40g\/#breadcrumb"},"inLanguage":"lt-LT","potentialAction":[{"@type":"ReadAction","target":["https:\/\/miumjau.ee\/lt\/produktas\/himalaju-surio-kramtukai-sunims-s-28-40g\/"]}]},{"@type":"ImageObject","inLanguage":"lt-LT","@id":"https:\/\/miumjau.ee\/lt\/produktas\/himalaju-surio-kramtukai-sunims-s-28-40g\/#primaryimage","url":"https:\/\/miumjau.ee\/wp-content\/uploads\/2025\/04\/himaalaja-juustupulk.webp","contentUrl":"https:\/\/miumjau.ee\/wp-content\/uploads\/2025\/04\/himaalaja-juustupulk.webp","width":600,"height":800},{"@type":"BreadcrumbList","@id":"https:\/\/miumjau.ee\/lt\/produktas\/himalaju-surio-kramtukai-sunims-s-28-40g\/#breadcrumb","itemListElement":[{"@type":"ListItem","position":1,"name":"Home","item":"https:\/\/miumjau.ee\/lt\/"},{"@type":"ListItem","position":2,"name":"Parduotuv\u0117","item":"https:\/\/miumjau.ee\/lt\/parduotuve\/"},{"@type":"ListItem","position":3,"name":"Himalaj\u0173 s\u016brio kramtukai \u0161unims S (28-40g)"}]},{"@type":"WebSite","@id":"https:\/\/miumjau.ee\/#website","url":"https:\/\/miumjau.ee\/","name":"MiuMjau","description":"Kraapimispuud kassidele","publisher":{"@id":"https:\/\/miumjau.ee\/#organization"},"potentialAction":[{"@type":"SearchAction","target":{"@type":"EntryPoint","urlTemplate":"https:\/\/miumjau.ee\/?s={search_term_string}"},"query-input":{"@type":"PropertyValueSpecification","valueRequired":true,"valueName":"search_term_string"}}],"inLanguage":"lt-LT"},{"@type":"Organization","@id":"https:\/\/miumjau.ee\/#organization","name":"MiuMjau O\u00dc","url":"https:\/\/miumjau.ee\/","logo":{"@type":"ImageObject","inLanguage":"lt-LT","@id":"https:\/\/miumjau.ee\/#\/schema\/logo\/image\/","url":"https:\/\/miumjau.ee\/wp-content\/uploads\/2022\/04\/MiuMjau-logo-kollane.png","contentUrl":"https:\/\/miumjau.ee\/wp-content\/uploads\/2022\/04\/MiuMjau-logo-kollane.png","width":219,"height":100,"caption":"MiuMjau O\u00dc"},"image":{"@id":"https:\/\/miumjau.ee\/#\/schema\/logo\/image\/"},"sameAs":["https:\/\/www.facebook.com\/miumjaupood\/"]}]}},"_links":{"self":[{"href":"https:\/\/miumjau.ee\/lt\/wp-json\/wp\/v2\/product\/49650","targetHints":{"allow":["GET"]}}],"collection":[{"href":"https:\/\/miumjau.ee\/lt\/wp-json\/wp\/v2\/product"}],"about":[{"href":"https:\/\/miumjau.ee\/lt\/wp-json\/wp\/v2\/types\/product"}],"wp:featuredmedia":[{"embeddable":true,"href":"https:\/\/miumjau.ee\/lt\/wp-json\/wp\/v2\/media\/49651"}],"wp:attachment":[{"href":"https:\/\/miumjau.ee\/lt\/wp-json\/wp\/v2\/media?parent=49650"}],"wp:term":[{"taxonomy":"product_brand","embeddable":true,"href":"https:\/\/miumjau.ee\/lt\/wp-json\/wp\/v2\/product_brand?post=49650"},{"taxonomy":"product_cat","embeddable":true,"href":"https:\/\/miumjau.ee\/lt\/wp-json\/wp\/v2\/product_cat?post=49650"},{"taxonomy":"product_tag","embeddable":true,"href":"https:\/\/miumjau.ee\/lt\/wp-json\/wp\/v2\/product_tag?post=49650"}],"curies":[{"name":"wp","href":"https:\/\/api.w.org\/{rel}","templated":true}]}}