{"id":49636,"date":"2025-04-30T11:19:08","date_gmt":"2025-04-30T08:19:08","guid":{"rendered":"https:\/\/miumjau.ee\/toode\/ontarijo-konservuotas-kaciu-edalas-su-vistiena-ir-lasisa-95-g\/"},"modified":"2026-01-07T20:43:09","modified_gmt":"2026-01-07T18:43:09","slug":"ontarijo-konservuotas-kaciu-edalas-su-vistiena-ir-lasisa-95-g","status":"publish","type":"product","link":"https:\/\/miumjau.ee\/lt\/produktas\/ontarijo-konservuotas-kaciu-edalas-su-vistiena-ir-lasisa-95-g\/","title":{"rendered":"Ontarijo konservuotas ka\u010di\u0173 \u0117dalas su vi\u0161tiena ir la\u0161i\u0161a, 95 g"},"content":{"rendered":"","protected":false},"excerpt":{"rendered":"<p>Visavertis superpremium klas\u0117s konservuotas \u0117dalas suaugusioms kat\u0117ms.<\/p>\n<p>Tikri vi\u0161tienos ir la\u0161i\u0161os fil\u0117 gabal\u0117liai.<\/p>\n<p>Augaliniai aliejai skatina odos sveikat\u0105 ir kailio gro\u017e\u012f.<\/p>\n<p>Sud\u0117tyje n\u0117ra kvapi\u0173j\u0173 med\u017eiag\u0173, sintetini\u0173 apetito stimuliatori\u0173, maistini\u0173 da\u017eikli\u0173 ar konservant\u0173.<\/p>\n<p>Gausu vitamin\u0173, aminor\u016bg\u0161\u010di\u0173 ir mineral\u0173.<\/p>\n<p>Sudedamosios dalys: vi\u0161tiena 49,7 %, vi\u0161tienos sultinys 43,86 %, la\u0161i\u0161a 3,32 %, maistinis krakmolas 1,1 %, \u017euvis 0,75 %, karageninas 0,66 %, druska 0,61 %.<\/p>\n<p>Analitin\u0117 sud\u0117tis: \u017eali baltymai 14 %, \u017eali aliejai ir riebalai 1 %, \u017ealia l\u0105steliena 0,1 %, pelenai 1 %, dr\u0117gm\u0117 85 %.<\/p>\n","protected":false},"featured_media":49626,"template":"","meta":[],"product_brand":[],"product_cat":[526],"product_tag":[],"class_list":{"0":"post-49636","1":"product","2":"type-product","3":"status-publish","4":"has-post-thumbnail","6":"product_cat-slapias-maistas","8":"first","9":"instock","10":"taxable","11":"shipping-taxable","12":"purchasable","13":"product-type-simple"},"yoast_head":"<!-- This site is optimized with the Yoast SEO plugin v27.2 - https:\/\/yoast.com\/product\/yoast-seo-wordpress\/ -->\n<title>Ontarijo konservuotas ka\u010di\u0173 \u0117dalas su vi\u0161tiena ir la\u0161i\u0161a, 95 g - MiuMjau<\/title>\n<meta name=\"description\" content=\"Ontarijo ka\u010di\u0173 \u0117dalas yra tikrai gardus ir auk\u0161tos kokyb\u0117s. Gausu m\u0117sos ir sultinio, be joki\u0173 gr\u016bd\u0173. Tikra m\u0117sa ir d\u017eiaugsmas j\u016bs\u0173 ka\u010diukui!\" \/>\n<meta name=\"robots\" content=\"index, follow, max-snippet:-1, max-image-preview:large, max-video-preview:-1\" \/>\n<link rel=\"canonical\" href=\"https:\/\/miumjau.ee\/lt\/produktas\/ontarijo-konservuotas-kaciu-edalas-su-vistiena-ir-lasisa-95-g\/\" \/>\n<meta property=\"og:locale\" content=\"lt_LT\" \/>\n<meta property=\"og:type\" content=\"article\" \/>\n<meta property=\"og:title\" content=\"Ontarijo konservuotas ka\u010di\u0173 \u0117dalas su vi\u0161tiena ir la\u0161i\u0161a, 95 g - MiuMjau\" \/>\n<meta property=\"og:description\" content=\"Ontarijo ka\u010di\u0173 \u0117dalas yra tikrai gardus ir auk\u0161tos kokyb\u0117s. Gausu m\u0117sos ir sultinio, be joki\u0173 gr\u016bd\u0173. Tikra m\u0117sa ir d\u017eiaugsmas j\u016bs\u0173 ka\u010diukui!\" \/>\n<meta property=\"og:url\" content=\"https:\/\/miumjau.ee\/lt\/produktas\/ontarijo-konservuotas-kaciu-edalas-su-vistiena-ir-lasisa-95-g\/\" \/>\n<meta property=\"og:site_name\" content=\"MiuMjau\" \/>\n<meta property=\"article:publisher\" content=\"https:\/\/www.facebook.com\/miumjaupood\/\" \/>\n<meta property=\"article:modified_time\" content=\"2026-01-07T18:43:09+00:00\" \/>\n<meta property=\"og:image\" content=\"https:\/\/miumjau.ee\/wp-content\/uploads\/2025\/04\/ontario-kassikonserv-95g3.webp\" \/>\n\t<meta property=\"og:image:width\" content=\"1200\" \/>\n\t<meta property=\"og:image:height\" content=\"1600\" \/>\n\t<meta property=\"og:image:type\" content=\"image\/webp\" \/>\n<meta name=\"twitter:card\" content=\"summary_large_image\" \/>\n<script type=\"application\/ld+json\" class=\"yoast-schema-graph\">{\"@context\":\"https:\/\/schema.org\",\"@graph\":[{\"@type\":\"WebPage\",\"@id\":\"https:\/\/miumjau.ee\/lt\/produktas\/ontarijo-konservuotas-kaciu-edalas-su-vistiena-ir-lasisa-95-g\/\",\"url\":\"https:\/\/miumjau.ee\/lt\/produktas\/ontarijo-konservuotas-kaciu-edalas-su-vistiena-ir-lasisa-95-g\/\",\"name\":\"Ontarijo konservuotas ka\u010di\u0173 \u0117dalas su vi\u0161tiena ir la\u0161i\u0161a, 95 g - MiuMjau\",\"isPartOf\":{\"@id\":\"https:\/\/miumjau.ee\/#website\"},\"primaryImageOfPage\":{\"@id\":\"https:\/\/miumjau.ee\/lt\/produktas\/ontarijo-konservuotas-kaciu-edalas-su-vistiena-ir-lasisa-95-g\/#primaryimage\"},\"image\":{\"@id\":\"https:\/\/miumjau.ee\/lt\/produktas\/ontarijo-konservuotas-kaciu-edalas-su-vistiena-ir-lasisa-95-g\/#primaryimage\"},\"thumbnailUrl\":\"https:\/\/miumjau.ee\/wp-content\/uploads\/2025\/04\/ontario-kassikonserv-95g3.webp\",\"datePublished\":\"2025-04-30T08:19:08+00:00\",\"dateModified\":\"2026-01-07T18:43:09+00:00\",\"description\":\"Ontarijo ka\u010di\u0173 \u0117dalas yra tikrai gardus ir auk\u0161tos kokyb\u0117s. Gausu m\u0117sos ir sultinio, be joki\u0173 gr\u016bd\u0173. Tikra m\u0117sa ir d\u017eiaugsmas j\u016bs\u0173 ka\u010diukui!\",\"breadcrumb\":{\"@id\":\"https:\/\/miumjau.ee\/lt\/produktas\/ontarijo-konservuotas-kaciu-edalas-su-vistiena-ir-lasisa-95-g\/#breadcrumb\"},\"inLanguage\":\"lt-LT\",\"potentialAction\":[{\"@type\":\"ReadAction\",\"target\":[\"https:\/\/miumjau.ee\/lt\/produktas\/ontarijo-konservuotas-kaciu-edalas-su-vistiena-ir-lasisa-95-g\/\"]}]},{\"@type\":\"ImageObject\",\"inLanguage\":\"lt-LT\",\"@id\":\"https:\/\/miumjau.ee\/lt\/produktas\/ontarijo-konservuotas-kaciu-edalas-su-vistiena-ir-lasisa-95-g\/#primaryimage\",\"url\":\"https:\/\/miumjau.ee\/wp-content\/uploads\/2025\/04\/ontario-kassikonserv-95g3.webp\",\"contentUrl\":\"https:\/\/miumjau.ee\/wp-content\/uploads\/2025\/04\/ontario-kassikonserv-95g3.webp\",\"width\":1200,\"height\":1600,\"caption\":\"Ontario konserv kassile kana ja l\u00f5hega 95g\"},{\"@type\":\"BreadcrumbList\",\"@id\":\"https:\/\/miumjau.ee\/lt\/produktas\/ontarijo-konservuotas-kaciu-edalas-su-vistiena-ir-lasisa-95-g\/#breadcrumb\",\"itemListElement\":[{\"@type\":\"ListItem\",\"position\":1,\"name\":\"Home\",\"item\":\"https:\/\/miumjau.ee\/lt\/\"},{\"@type\":\"ListItem\",\"position\":2,\"name\":\"Parduotuv\u0117\",\"item\":\"https:\/\/miumjau.ee\/lt\/parduotuve\/\"},{\"@type\":\"ListItem\",\"position\":3,\"name\":\"Ontarijo konservuotas ka\u010di\u0173 \u0117dalas su vi\u0161tiena ir la\u0161i\u0161a, 95 g\"}]},{\"@type\":\"WebSite\",\"@id\":\"https:\/\/miumjau.ee\/#website\",\"url\":\"https:\/\/miumjau.ee\/\",\"name\":\"MiuMjau\",\"description\":\"Kraapimispuud kassidele\",\"publisher\":{\"@id\":\"https:\/\/miumjau.ee\/#organization\"},\"potentialAction\":[{\"@type\":\"SearchAction\",\"target\":{\"@type\":\"EntryPoint\",\"urlTemplate\":\"https:\/\/miumjau.ee\/?s={search_term_string}\"},\"query-input\":{\"@type\":\"PropertyValueSpecification\",\"valueRequired\":true,\"valueName\":\"search_term_string\"}}],\"inLanguage\":\"lt-LT\"},{\"@type\":\"Organization\",\"@id\":\"https:\/\/miumjau.ee\/#organization\",\"name\":\"MiuMjau O\u00dc\",\"url\":\"https:\/\/miumjau.ee\/\",\"logo\":{\"@type\":\"ImageObject\",\"inLanguage\":\"lt-LT\",\"@id\":\"https:\/\/miumjau.ee\/#\/schema\/logo\/image\/\",\"url\":\"https:\/\/miumjau.ee\/wp-content\/uploads\/2022\/04\/MiuMjau-logo-kollane.png\",\"contentUrl\":\"https:\/\/miumjau.ee\/wp-content\/uploads\/2022\/04\/MiuMjau-logo-kollane.png\",\"width\":219,\"height\":100,\"caption\":\"MiuMjau O\u00dc\"},\"image\":{\"@id\":\"https:\/\/miumjau.ee\/#\/schema\/logo\/image\/\"},\"sameAs\":[\"https:\/\/www.facebook.com\/miumjaupood\/\"]}]}<\/script>\n<!-- \/ Yoast SEO plugin. -->","yoast_head_json":{"title":"Ontarijo konservuotas ka\u010di\u0173 \u0117dalas su vi\u0161tiena ir la\u0161i\u0161a, 95 g - MiuMjau","description":"Ontarijo ka\u010di\u0173 \u0117dalas yra tikrai gardus ir auk\u0161tos kokyb\u0117s. Gausu m\u0117sos ir sultinio, be joki\u0173 gr\u016bd\u0173. Tikra m\u0117sa ir d\u017eiaugsmas j\u016bs\u0173 ka\u010diukui!","robots":{"index":"index","follow":"follow","max-snippet":"max-snippet:-1","max-image-preview":"max-image-preview:large","max-video-preview":"max-video-preview:-1"},"canonical":"https:\/\/miumjau.ee\/lt\/produktas\/ontarijo-konservuotas-kaciu-edalas-su-vistiena-ir-lasisa-95-g\/","og_locale":"lt_LT","og_type":"article","og_title":"Ontarijo konservuotas ka\u010di\u0173 \u0117dalas su vi\u0161tiena ir la\u0161i\u0161a, 95 g - MiuMjau","og_description":"Ontarijo ka\u010di\u0173 \u0117dalas yra tikrai gardus ir auk\u0161tos kokyb\u0117s. Gausu m\u0117sos ir sultinio, be joki\u0173 gr\u016bd\u0173. Tikra m\u0117sa ir d\u017eiaugsmas j\u016bs\u0173 ka\u010diukui!","og_url":"https:\/\/miumjau.ee\/lt\/produktas\/ontarijo-konservuotas-kaciu-edalas-su-vistiena-ir-lasisa-95-g\/","og_site_name":"MiuMjau","article_publisher":"https:\/\/www.facebook.com\/miumjaupood\/","article_modified_time":"2026-01-07T18:43:09+00:00","og_image":[{"width":1200,"height":1600,"url":"https:\/\/miumjau.ee\/wp-content\/uploads\/2025\/04\/ontario-kassikonserv-95g3.webp","type":"image\/webp"}],"twitter_card":"summary_large_image","schema":{"@context":"https:\/\/schema.org","@graph":[{"@type":"WebPage","@id":"https:\/\/miumjau.ee\/lt\/produktas\/ontarijo-konservuotas-kaciu-edalas-su-vistiena-ir-lasisa-95-g\/","url":"https:\/\/miumjau.ee\/lt\/produktas\/ontarijo-konservuotas-kaciu-edalas-su-vistiena-ir-lasisa-95-g\/","name":"Ontarijo konservuotas ka\u010di\u0173 \u0117dalas su vi\u0161tiena ir la\u0161i\u0161a, 95 g - MiuMjau","isPartOf":{"@id":"https:\/\/miumjau.ee\/#website"},"primaryImageOfPage":{"@id":"https:\/\/miumjau.ee\/lt\/produktas\/ontarijo-konservuotas-kaciu-edalas-su-vistiena-ir-lasisa-95-g\/#primaryimage"},"image":{"@id":"https:\/\/miumjau.ee\/lt\/produktas\/ontarijo-konservuotas-kaciu-edalas-su-vistiena-ir-lasisa-95-g\/#primaryimage"},"thumbnailUrl":"https:\/\/miumjau.ee\/wp-content\/uploads\/2025\/04\/ontario-kassikonserv-95g3.webp","datePublished":"2025-04-30T08:19:08+00:00","dateModified":"2026-01-07T18:43:09+00:00","description":"Ontarijo ka\u010di\u0173 \u0117dalas yra tikrai gardus ir auk\u0161tos kokyb\u0117s. Gausu m\u0117sos ir sultinio, be joki\u0173 gr\u016bd\u0173. Tikra m\u0117sa ir d\u017eiaugsmas j\u016bs\u0173 ka\u010diukui!","breadcrumb":{"@id":"https:\/\/miumjau.ee\/lt\/produktas\/ontarijo-konservuotas-kaciu-edalas-su-vistiena-ir-lasisa-95-g\/#breadcrumb"},"inLanguage":"lt-LT","potentialAction":[{"@type":"ReadAction","target":["https:\/\/miumjau.ee\/lt\/produktas\/ontarijo-konservuotas-kaciu-edalas-su-vistiena-ir-lasisa-95-g\/"]}]},{"@type":"ImageObject","inLanguage":"lt-LT","@id":"https:\/\/miumjau.ee\/lt\/produktas\/ontarijo-konservuotas-kaciu-edalas-su-vistiena-ir-lasisa-95-g\/#primaryimage","url":"https:\/\/miumjau.ee\/wp-content\/uploads\/2025\/04\/ontario-kassikonserv-95g3.webp","contentUrl":"https:\/\/miumjau.ee\/wp-content\/uploads\/2025\/04\/ontario-kassikonserv-95g3.webp","width":1200,"height":1600,"caption":"Ontario konserv kassile kana ja l\u00f5hega 95g"},{"@type":"BreadcrumbList","@id":"https:\/\/miumjau.ee\/lt\/produktas\/ontarijo-konservuotas-kaciu-edalas-su-vistiena-ir-lasisa-95-g\/#breadcrumb","itemListElement":[{"@type":"ListItem","position":1,"name":"Home","item":"https:\/\/miumjau.ee\/lt\/"},{"@type":"ListItem","position":2,"name":"Parduotuv\u0117","item":"https:\/\/miumjau.ee\/lt\/parduotuve\/"},{"@type":"ListItem","position":3,"name":"Ontarijo konservuotas ka\u010di\u0173 \u0117dalas su vi\u0161tiena ir la\u0161i\u0161a, 95 g"}]},{"@type":"WebSite","@id":"https:\/\/miumjau.ee\/#website","url":"https:\/\/miumjau.ee\/","name":"MiuMjau","description":"Kraapimispuud kassidele","publisher":{"@id":"https:\/\/miumjau.ee\/#organization"},"potentialAction":[{"@type":"SearchAction","target":{"@type":"EntryPoint","urlTemplate":"https:\/\/miumjau.ee\/?s={search_term_string}"},"query-input":{"@type":"PropertyValueSpecification","valueRequired":true,"valueName":"search_term_string"}}],"inLanguage":"lt-LT"},{"@type":"Organization","@id":"https:\/\/miumjau.ee\/#organization","name":"MiuMjau O\u00dc","url":"https:\/\/miumjau.ee\/","logo":{"@type":"ImageObject","inLanguage":"lt-LT","@id":"https:\/\/miumjau.ee\/#\/schema\/logo\/image\/","url":"https:\/\/miumjau.ee\/wp-content\/uploads\/2022\/04\/MiuMjau-logo-kollane.png","contentUrl":"https:\/\/miumjau.ee\/wp-content\/uploads\/2022\/04\/MiuMjau-logo-kollane.png","width":219,"height":100,"caption":"MiuMjau O\u00dc"},"image":{"@id":"https:\/\/miumjau.ee\/#\/schema\/logo\/image\/"},"sameAs":["https:\/\/www.facebook.com\/miumjaupood\/"]}]}},"_links":{"self":[{"href":"https:\/\/miumjau.ee\/lt\/wp-json\/wp\/v2\/product\/49636","targetHints":{"allow":["GET"]}}],"collection":[{"href":"https:\/\/miumjau.ee\/lt\/wp-json\/wp\/v2\/product"}],"about":[{"href":"https:\/\/miumjau.ee\/lt\/wp-json\/wp\/v2\/types\/product"}],"wp:featuredmedia":[{"embeddable":true,"href":"https:\/\/miumjau.ee\/lt\/wp-json\/wp\/v2\/media\/49626"}],"wp:attachment":[{"href":"https:\/\/miumjau.ee\/lt\/wp-json\/wp\/v2\/media?parent=49636"}],"wp:term":[{"taxonomy":"product_brand","embeddable":true,"href":"https:\/\/miumjau.ee\/lt\/wp-json\/wp\/v2\/product_brand?post=49636"},{"taxonomy":"product_cat","embeddable":true,"href":"https:\/\/miumjau.ee\/lt\/wp-json\/wp\/v2\/product_cat?post=49636"},{"taxonomy":"product_tag","embeddable":true,"href":"https:\/\/miumjau.ee\/lt\/wp-json\/wp\/v2\/product_tag?post=49636"}],"curies":[{"name":"wp","href":"https:\/\/api.w.org\/{rel}","templated":true}]}}