{"id":49617,"date":"2025-05-16T09:46:35","date_gmt":"2025-05-16T06:46:35","guid":{"rendered":"https:\/\/miumjau.ee\/toode\/kiaules-ausu-juosteles-500-g-naturalus-skanestas-sunims\/"},"modified":"2026-01-07T20:43:09","modified_gmt":"2026-01-07T18:43:09","slug":"kiaules-ausu-juosteles-500-g-naturalus-skanestas-sunims","status":"publish","type":"product","link":"https:\/\/miumjau.ee\/lt\/produktas\/kiaules-ausu-juosteles-500-g-naturalus-skanestas-sunims\/","title":{"rendered":"Kiaul\u0117s aus\u0173 juostel\u0117s 500 g &#8211; nat\u016bralus skan\u0117stas \u0161unims"},"content":{"rendered":"","protected":false},"excerpt":{"rendered":"<p>Kiaul\u0117s ausys yra m\u0117gstamas kramtomas skan\u0117stas \u0161unims, daugiausia sudarytas i\u0161 tra\u0161ki\u0173 ir skani\u0173 kremzli\u0173. Jos stiprina \u017eandikaulio raumenis ir padeda valyti dantis. SANADOG kiaul\u0117s aus\u0173 juostel\u0117s yra ypa\u010d didel\u0117s, malonaus \u0161onin\u0117s aromato ir lengvai vir\u0161kinamos \u2013 puikiai tinka tiek aistringiems kramtytojams, tiek gurmanams.<\/p>\n<p>Produktas gaminamas rankomis, m\u016bs\u0173 pa\u010di\u0173 gamybos, be gr\u016bd\u0173, sojos, dirbtini\u0173 pried\u0173 ar m\u0117sos atrai\u017e\u0173. \u0160velnus d\u017eiovinimo ore metodas i\u0161saugo nat\u016bralias maistines med\u017eiagas ir u\u017etikrina auk\u0161t\u0105 kokyb\u0119. Kruop\u0161\u010diai atrinktos kiaul\u0117s ausys yra i\u0161 vietini\u0173 tiek\u0117j\u0173 ir yra 100 % atsekamos.<\/p>\n<p>Sud\u0117tis: 100 % kiaulienos ausis<br \/>\nMaistin\u0117 vert\u0117: Baltymai \u2013 45 %, Riebalai \u2013 24,9 %, Dr\u0117gm\u0117 \u2013 12 %, Pelenai \u2013 5,4 %, Skaidulin\u0117s med\u017eiagos \u2013 7,5 %<br \/>\nPakuot\u0117: daugkartinio naudojimo, prakti\u0161kas mai\u0161elis<br \/>\nLaikymas: laikyti v\u0117sioje, sausoje ir nuo saul\u0117s spinduli\u0173 apsaugotoje vietoje<br \/>\nNaudojimas: kaip atlygis arba u\u017ekandis. Jei reikia, suma\u017einkite maisto kiek\u012f. Visada turi b\u016bti \u0161vie\u017eio geriamojo vandens. Netinka jaunesniems nei 3 m\u0117nesi\u0173 \u0161unims.<\/p>\n","protected":false},"featured_media":49611,"template":"","meta":[],"product_brand":[],"product_cat":[540],"product_tag":[],"class_list":{"0":"post-49617","1":"product","2":"type-product","3":"status-publish","4":"has-post-thumbnail","6":"product_cat-skanestai-sunims","8":"first","9":"instock","10":"taxable","11":"shipping-taxable","12":"purchasable","13":"product-type-simple"},"yoast_head":"<!-- This site is optimized with the Yoast SEO plugin v27.2 - https:\/\/yoast.com\/product\/yoast-seo-wordpress\/ -->\n<title>Kiaul\u0117s aus\u0173 juostel\u0117s 500 g - nat\u016bralus skan\u0117stas \u0161unims - MiuMjau<\/title>\n<meta name=\"description\" content=\"Kiauli\u0173 ausys yra m\u0117gstamas \u0161un\u0173 kramtomas skan\u0117stas, daugiausia sudarytas i\u0161 tra\u0161ki\u0173 ir skani\u0173 kremzli\u0173. Jos stiprina \u017eandikaulio raumenis ir padeda valyti dantis.\" \/>\n<meta name=\"robots\" content=\"index, follow, max-snippet:-1, max-image-preview:large, max-video-preview:-1\" \/>\n<link rel=\"canonical\" href=\"https:\/\/miumjau.ee\/lt\/produktas\/kiaules-ausu-juosteles-500-g-naturalus-skanestas-sunims\/\" \/>\n<meta property=\"og:locale\" content=\"lt_LT\" \/>\n<meta property=\"og:type\" content=\"article\" \/>\n<meta property=\"og:title\" content=\"Kiaul\u0117s aus\u0173 juostel\u0117s 500 g - nat\u016bralus skan\u0117stas \u0161unims - MiuMjau\" \/>\n<meta property=\"og:description\" content=\"Kiauli\u0173 ausys yra m\u0117gstamas \u0161un\u0173 kramtomas skan\u0117stas, daugiausia sudarytas i\u0161 tra\u0161ki\u0173 ir skani\u0173 kremzli\u0173. Jos stiprina \u017eandikaulio raumenis ir padeda valyti dantis.\" \/>\n<meta property=\"og:url\" content=\"https:\/\/miumjau.ee\/lt\/produktas\/kiaules-ausu-juosteles-500-g-naturalus-skanestas-sunims\/\" \/>\n<meta property=\"og:site_name\" content=\"MiuMjau\" \/>\n<meta property=\"article:publisher\" content=\"https:\/\/www.facebook.com\/miumjaupood\/\" \/>\n<meta property=\"article:modified_time\" content=\"2026-01-07T18:43:09+00:00\" \/>\n<meta property=\"og:image\" content=\"https:\/\/miumjau.ee\/wp-content\/uploads\/2025\/05\/koera-maius-6.jpg\" \/>\n\t<meta property=\"og:image:width\" content=\"600\" \/>\n\t<meta property=\"og:image:height\" content=\"800\" \/>\n\t<meta property=\"og:image:type\" content=\"image\/jpeg\" \/>\n<meta name=\"twitter:card\" content=\"summary_large_image\" \/>\n<script type=\"application\/ld+json\" class=\"yoast-schema-graph\">{\"@context\":\"https:\/\/schema.org\",\"@graph\":[{\"@type\":\"WebPage\",\"@id\":\"https:\/\/miumjau.ee\/lt\/produktas\/kiaules-ausu-juosteles-500-g-naturalus-skanestas-sunims\/\",\"url\":\"https:\/\/miumjau.ee\/lt\/produktas\/kiaules-ausu-juosteles-500-g-naturalus-skanestas-sunims\/\",\"name\":\"Kiaul\u0117s aus\u0173 juostel\u0117s 500 g - nat\u016bralus skan\u0117stas \u0161unims - MiuMjau\",\"isPartOf\":{\"@id\":\"https:\/\/miumjau.ee\/#website\"},\"primaryImageOfPage\":{\"@id\":\"https:\/\/miumjau.ee\/lt\/produktas\/kiaules-ausu-juosteles-500-g-naturalus-skanestas-sunims\/#primaryimage\"},\"image\":{\"@id\":\"https:\/\/miumjau.ee\/lt\/produktas\/kiaules-ausu-juosteles-500-g-naturalus-skanestas-sunims\/#primaryimage\"},\"thumbnailUrl\":\"https:\/\/miumjau.ee\/wp-content\/uploads\/2025\/05\/koera-maius-6.jpg\",\"datePublished\":\"2025-05-16T06:46:35+00:00\",\"dateModified\":\"2026-01-07T18:43:09+00:00\",\"description\":\"Kiauli\u0173 ausys yra m\u0117gstamas \u0161un\u0173 kramtomas skan\u0117stas, daugiausia sudarytas i\u0161 tra\u0161ki\u0173 ir skani\u0173 kremzli\u0173. Jos stiprina \u017eandikaulio raumenis ir padeda valyti dantis.\",\"breadcrumb\":{\"@id\":\"https:\/\/miumjau.ee\/lt\/produktas\/kiaules-ausu-juosteles-500-g-naturalus-skanestas-sunims\/#breadcrumb\"},\"inLanguage\":\"lt-LT\",\"potentialAction\":[{\"@type\":\"ReadAction\",\"target\":[\"https:\/\/miumjau.ee\/lt\/produktas\/kiaules-ausu-juosteles-500-g-naturalus-skanestas-sunims\/\"]}]},{\"@type\":\"ImageObject\",\"inLanguage\":\"lt-LT\",\"@id\":\"https:\/\/miumjau.ee\/lt\/produktas\/kiaules-ausu-juosteles-500-g-naturalus-skanestas-sunims\/#primaryimage\",\"url\":\"https:\/\/miumjau.ee\/wp-content\/uploads\/2025\/05\/koera-maius-6.jpg\",\"contentUrl\":\"https:\/\/miumjau.ee\/wp-content\/uploads\/2025\/05\/koera-maius-6.jpg\",\"width\":600,\"height\":800,\"caption\":\"Sea k\u00f5rvade ribad 500g - naturaalne maius koertele\"},{\"@type\":\"BreadcrumbList\",\"@id\":\"https:\/\/miumjau.ee\/lt\/produktas\/kiaules-ausu-juosteles-500-g-naturalus-skanestas-sunims\/#breadcrumb\",\"itemListElement\":[{\"@type\":\"ListItem\",\"position\":1,\"name\":\"Home\",\"item\":\"https:\/\/miumjau.ee\/lt\/\"},{\"@type\":\"ListItem\",\"position\":2,\"name\":\"Parduotuv\u0117\",\"item\":\"https:\/\/miumjau.ee\/lt\/parduotuve\/\"},{\"@type\":\"ListItem\",\"position\":3,\"name\":\"Kiaul\u0117s aus\u0173 juostel\u0117s 500 g &#8211; nat\u016bralus skan\u0117stas \u0161unims\"}]},{\"@type\":\"WebSite\",\"@id\":\"https:\/\/miumjau.ee\/#website\",\"url\":\"https:\/\/miumjau.ee\/\",\"name\":\"MiuMjau\",\"description\":\"Kraapimispuud kassidele\",\"publisher\":{\"@id\":\"https:\/\/miumjau.ee\/#organization\"},\"potentialAction\":[{\"@type\":\"SearchAction\",\"target\":{\"@type\":\"EntryPoint\",\"urlTemplate\":\"https:\/\/miumjau.ee\/?s={search_term_string}\"},\"query-input\":{\"@type\":\"PropertyValueSpecification\",\"valueRequired\":true,\"valueName\":\"search_term_string\"}}],\"inLanguage\":\"lt-LT\"},{\"@type\":\"Organization\",\"@id\":\"https:\/\/miumjau.ee\/#organization\",\"name\":\"MiuMjau O\u00dc\",\"url\":\"https:\/\/miumjau.ee\/\",\"logo\":{\"@type\":\"ImageObject\",\"inLanguage\":\"lt-LT\",\"@id\":\"https:\/\/miumjau.ee\/#\/schema\/logo\/image\/\",\"url\":\"https:\/\/miumjau.ee\/wp-content\/uploads\/2022\/04\/MiuMjau-logo-kollane.png\",\"contentUrl\":\"https:\/\/miumjau.ee\/wp-content\/uploads\/2022\/04\/MiuMjau-logo-kollane.png\",\"width\":219,\"height\":100,\"caption\":\"MiuMjau O\u00dc\"},\"image\":{\"@id\":\"https:\/\/miumjau.ee\/#\/schema\/logo\/image\/\"},\"sameAs\":[\"https:\/\/www.facebook.com\/miumjaupood\/\"]}]}<\/script>\n<!-- \/ Yoast SEO plugin. -->","yoast_head_json":{"title":"Kiaul\u0117s aus\u0173 juostel\u0117s 500 g - nat\u016bralus skan\u0117stas \u0161unims - MiuMjau","description":"Kiauli\u0173 ausys yra m\u0117gstamas \u0161un\u0173 kramtomas skan\u0117stas, daugiausia sudarytas i\u0161 tra\u0161ki\u0173 ir skani\u0173 kremzli\u0173. Jos stiprina \u017eandikaulio raumenis ir padeda valyti dantis.","robots":{"index":"index","follow":"follow","max-snippet":"max-snippet:-1","max-image-preview":"max-image-preview:large","max-video-preview":"max-video-preview:-1"},"canonical":"https:\/\/miumjau.ee\/lt\/produktas\/kiaules-ausu-juosteles-500-g-naturalus-skanestas-sunims\/","og_locale":"lt_LT","og_type":"article","og_title":"Kiaul\u0117s aus\u0173 juostel\u0117s 500 g - nat\u016bralus skan\u0117stas \u0161unims - MiuMjau","og_description":"Kiauli\u0173 ausys yra m\u0117gstamas \u0161un\u0173 kramtomas skan\u0117stas, daugiausia sudarytas i\u0161 tra\u0161ki\u0173 ir skani\u0173 kremzli\u0173. Jos stiprina \u017eandikaulio raumenis ir padeda valyti dantis.","og_url":"https:\/\/miumjau.ee\/lt\/produktas\/kiaules-ausu-juosteles-500-g-naturalus-skanestas-sunims\/","og_site_name":"MiuMjau","article_publisher":"https:\/\/www.facebook.com\/miumjaupood\/","article_modified_time":"2026-01-07T18:43:09+00:00","og_image":[{"width":600,"height":800,"url":"https:\/\/miumjau.ee\/wp-content\/uploads\/2025\/05\/koera-maius-6.jpg","type":"image\/jpeg"}],"twitter_card":"summary_large_image","schema":{"@context":"https:\/\/schema.org","@graph":[{"@type":"WebPage","@id":"https:\/\/miumjau.ee\/lt\/produktas\/kiaules-ausu-juosteles-500-g-naturalus-skanestas-sunims\/","url":"https:\/\/miumjau.ee\/lt\/produktas\/kiaules-ausu-juosteles-500-g-naturalus-skanestas-sunims\/","name":"Kiaul\u0117s aus\u0173 juostel\u0117s 500 g - nat\u016bralus skan\u0117stas \u0161unims - MiuMjau","isPartOf":{"@id":"https:\/\/miumjau.ee\/#website"},"primaryImageOfPage":{"@id":"https:\/\/miumjau.ee\/lt\/produktas\/kiaules-ausu-juosteles-500-g-naturalus-skanestas-sunims\/#primaryimage"},"image":{"@id":"https:\/\/miumjau.ee\/lt\/produktas\/kiaules-ausu-juosteles-500-g-naturalus-skanestas-sunims\/#primaryimage"},"thumbnailUrl":"https:\/\/miumjau.ee\/wp-content\/uploads\/2025\/05\/koera-maius-6.jpg","datePublished":"2025-05-16T06:46:35+00:00","dateModified":"2026-01-07T18:43:09+00:00","description":"Kiauli\u0173 ausys yra m\u0117gstamas \u0161un\u0173 kramtomas skan\u0117stas, daugiausia sudarytas i\u0161 tra\u0161ki\u0173 ir skani\u0173 kremzli\u0173. Jos stiprina \u017eandikaulio raumenis ir padeda valyti dantis.","breadcrumb":{"@id":"https:\/\/miumjau.ee\/lt\/produktas\/kiaules-ausu-juosteles-500-g-naturalus-skanestas-sunims\/#breadcrumb"},"inLanguage":"lt-LT","potentialAction":[{"@type":"ReadAction","target":["https:\/\/miumjau.ee\/lt\/produktas\/kiaules-ausu-juosteles-500-g-naturalus-skanestas-sunims\/"]}]},{"@type":"ImageObject","inLanguage":"lt-LT","@id":"https:\/\/miumjau.ee\/lt\/produktas\/kiaules-ausu-juosteles-500-g-naturalus-skanestas-sunims\/#primaryimage","url":"https:\/\/miumjau.ee\/wp-content\/uploads\/2025\/05\/koera-maius-6.jpg","contentUrl":"https:\/\/miumjau.ee\/wp-content\/uploads\/2025\/05\/koera-maius-6.jpg","width":600,"height":800,"caption":"Sea k\u00f5rvade ribad 500g - naturaalne maius koertele"},{"@type":"BreadcrumbList","@id":"https:\/\/miumjau.ee\/lt\/produktas\/kiaules-ausu-juosteles-500-g-naturalus-skanestas-sunims\/#breadcrumb","itemListElement":[{"@type":"ListItem","position":1,"name":"Home","item":"https:\/\/miumjau.ee\/lt\/"},{"@type":"ListItem","position":2,"name":"Parduotuv\u0117","item":"https:\/\/miumjau.ee\/lt\/parduotuve\/"},{"@type":"ListItem","position":3,"name":"Kiaul\u0117s aus\u0173 juostel\u0117s 500 g &#8211; nat\u016bralus skan\u0117stas \u0161unims"}]},{"@type":"WebSite","@id":"https:\/\/miumjau.ee\/#website","url":"https:\/\/miumjau.ee\/","name":"MiuMjau","description":"Kraapimispuud kassidele","publisher":{"@id":"https:\/\/miumjau.ee\/#organization"},"potentialAction":[{"@type":"SearchAction","target":{"@type":"EntryPoint","urlTemplate":"https:\/\/miumjau.ee\/?s={search_term_string}"},"query-input":{"@type":"PropertyValueSpecification","valueRequired":true,"valueName":"search_term_string"}}],"inLanguage":"lt-LT"},{"@type":"Organization","@id":"https:\/\/miumjau.ee\/#organization","name":"MiuMjau O\u00dc","url":"https:\/\/miumjau.ee\/","logo":{"@type":"ImageObject","inLanguage":"lt-LT","@id":"https:\/\/miumjau.ee\/#\/schema\/logo\/image\/","url":"https:\/\/miumjau.ee\/wp-content\/uploads\/2022\/04\/MiuMjau-logo-kollane.png","contentUrl":"https:\/\/miumjau.ee\/wp-content\/uploads\/2022\/04\/MiuMjau-logo-kollane.png","width":219,"height":100,"caption":"MiuMjau O\u00dc"},"image":{"@id":"https:\/\/miumjau.ee\/#\/schema\/logo\/image\/"},"sameAs":["https:\/\/www.facebook.com\/miumjaupood\/"]}]}},"_links":{"self":[{"href":"https:\/\/miumjau.ee\/lt\/wp-json\/wp\/v2\/product\/49617","targetHints":{"allow":["GET"]}}],"collection":[{"href":"https:\/\/miumjau.ee\/lt\/wp-json\/wp\/v2\/product"}],"about":[{"href":"https:\/\/miumjau.ee\/lt\/wp-json\/wp\/v2\/types\/product"}],"wp:featuredmedia":[{"embeddable":true,"href":"https:\/\/miumjau.ee\/lt\/wp-json\/wp\/v2\/media\/49611"}],"wp:attachment":[{"href":"https:\/\/miumjau.ee\/lt\/wp-json\/wp\/v2\/media?parent=49617"}],"wp:term":[{"taxonomy":"product_brand","embeddable":true,"href":"https:\/\/miumjau.ee\/lt\/wp-json\/wp\/v2\/product_brand?post=49617"},{"taxonomy":"product_cat","embeddable":true,"href":"https:\/\/miumjau.ee\/lt\/wp-json\/wp\/v2\/product_cat?post=49617"},{"taxonomy":"product_tag","embeddable":true,"href":"https:\/\/miumjau.ee\/lt\/wp-json\/wp\/v2\/product_tag?post=49617"}],"curies":[{"name":"wp","href":"https:\/\/api.w.org\/{rel}","templated":true}]}}