{"id":49589,"date":"2025-02-03T09:53:37","date_gmt":"2025-02-03T07:53:37","guid":{"rendered":"https:\/\/miumjau.ee\/toode\/sieninis-draskymo-skydas-petrebels-scratch-frame-7030-rusty-oak\/"},"modified":"2026-01-07T20:43:09","modified_gmt":"2026-01-07T18:43:09","slug":"sieninis-draskymo-skydas-petrebels-scratch-frame-7030-rusty-oak","status":"publish","type":"product","link":"https:\/\/miumjau.ee\/lt\/produktas\/sieninis-draskymo-skydas-petrebels-scratch-frame-7030-rusty-oak\/","title":{"rendered":"Sieninis draskymo skydas Petrebels Scratch Frame 7030, rusty oak"},"content":{"rendered":"","protected":false},"excerpt":{"rendered":"<p data-start=\"1128\" data-end=\"1175\">Draskymo skydas, kuris tikrai tarnauja ilgai!<\/p>\n<p data-start=\"1177\" data-end=\"1657\">Scratch Frame 7030 yra itin stilingas papildymas bet kuriam <em data-start=\"1237\" data-end=\"1253\">Wall of Rebels<\/em> kolekcijos gaminiui. \u0160is draskymo skydas turi prakti\u0161k\u0105 Z formos laikikl\u012f, leid\u017eiant\u012f lengvai pritvirtinti \u0161i\u0105 prabangi\u0105 draskykl\u0119 prie sienos. Puikiai tinka draskymui \u2013 ypa\u010d patogu, nes suteikia katei daug draskymo galimybi\u0173, neu\u017eimant daug vietos. Kaip ir visi m\u016bs\u0173 ka\u010di\u0173 baldai, \u0161is draskymo skydas pasi\u017eymi puikia kokybe \u2013 pagamintas i\u0161 itin tvirto sizalio kilimo, o kra\u0161tai \u2013 i\u0161 eukalipto medienos.<\/p>\n<p data-start=\"1659\" data-end=\"1916\">Matmenys: ilgis 70 cm, plotis 30 cm, auk\u0161tis 2 cm<br data-start=\"1708\" data-end=\"1711\" \/>Gaminio svoris: 2 kg<br data-start=\"1731\" data-end=\"1734\" \/>Pagamintas i\u0161 eukalipto medienos<br data-start=\"1766\" data-end=\"1769\" \/>Padengtas sizalio kilimu, pritvirtintu \u201eVelcro\u201c juosta (kei\u010diamas)<br data-start=\"1835\" data-end=\"1838\" \/>Tvirtinimo detal\u0117s \u012feina \u012f komplekt\u0105 (Z formos laikiklis, var\u017etai, kai\u0161\u010diai)<\/p>\n","protected":false},"featured_media":49586,"template":"","meta":[],"product_brand":[],"product_cat":[517],"product_tag":[],"class_list":{"0":"post-49589","1":"product","2":"type-product","3":"status-publish","4":"has-post-thumbnail","6":"product_cat-laipiojimo-sienele-katems","7":"product_shipping_class-pakiautomaati-sobimatu-lt","9":"first","10":"instock","11":"sale","12":"taxable","13":"shipping-taxable","14":"purchasable","15":"product-type-simple"},"yoast_head":"<!-- This site is optimized with the Yoast SEO plugin v27.2 - https:\/\/yoast.com\/product\/yoast-seo-wordpress\/ -->\n<title>Sieninis draskymo skydas Petrebels Scratch Frame 7030, rusty oak - MiuMjau<\/title>\n<meta name=\"robots\" content=\"index, follow, max-snippet:-1, max-image-preview:large, max-video-preview:-1\" \/>\n<link rel=\"canonical\" href=\"https:\/\/miumjau.ee\/lt\/produktas\/sieninis-draskymo-skydas-petrebels-scratch-frame-7030-rusty-oak\/\" \/>\n<meta property=\"og:locale\" content=\"lt_LT\" \/>\n<meta property=\"og:type\" content=\"article\" \/>\n<meta property=\"og:title\" content=\"Sieninis draskymo skydas Petrebels Scratch Frame 7030, rusty oak - MiuMjau\" \/>\n<meta property=\"og:description\" content=\"Draskymo skydas, kuris tikrai tarnauja ilgai! Scratch Frame 7030 yra itin stilingas papildymas bet kuriam Wall of Rebels kolekcijos gaminiui. \u0160is draskymo skydas turi prakti\u0161k\u0105 Z formos laikikl\u012f, leid\u017eiant\u012f lengvai pritvirtinti \u0161i\u0105 prabangi\u0105 draskykl\u0119 prie sienos. Puikiai tinka draskymui \u2013 ypa\u010d patogu, nes suteikia katei daug draskymo galimybi\u0173, neu\u017eimant daug vietos. Kaip ir visi m\u016bs\u0173 ka\u010di\u0173 baldai, \u0161is draskymo skydas pasi\u017eymi puikia kokybe \u2013 pagamintas i\u0161 itin tvirto sizalio kilimo, o kra\u0161tai \u2013 i\u0161 eukalipto medienos. Matmenys: ilgis 70 cm, plotis 30 cm, auk\u0161tis 2 cmGaminio svoris: 2 kgPagamintas i\u0161 eukalipto medienosPadengtas sizalio kilimu, pritvirtintu \u201eVelcro\u201c juosta (kei\u010diamas)Tvirtinimo detal\u0117s \u012feina \u012f komplekt\u0105 (Z formos laikiklis, var\u017etai, kai\u0161\u010diai)\" \/>\n<meta property=\"og:url\" content=\"https:\/\/miumjau.ee\/lt\/produktas\/sieninis-draskymo-skydas-petrebels-scratch-frame-7030-rusty-oak\/\" \/>\n<meta property=\"og:site_name\" content=\"MiuMjau\" \/>\n<meta property=\"article:publisher\" content=\"https:\/\/www.facebook.com\/miumjaupood\/\" \/>\n<meta property=\"article:modified_time\" content=\"2026-01-07T18:43:09+00:00\" \/>\n<meta property=\"og:image\" content=\"https:\/\/miumjau.ee\/wp-content\/uploads\/2025\/02\/kaapimisplaat-petrebels-scratch-frame-70303.jpg\" \/>\n\t<meta property=\"og:image:width\" content=\"600\" \/>\n\t<meta property=\"og:image:height\" content=\"800\" \/>\n\t<meta property=\"og:image:type\" content=\"image\/jpeg\" \/>\n<meta name=\"twitter:card\" content=\"summary_large_image\" \/>\n<script type=\"application\/ld+json\" class=\"yoast-schema-graph\">{\"@context\":\"https:\/\/schema.org\",\"@graph\":[{\"@type\":\"WebPage\",\"@id\":\"https:\/\/miumjau.ee\/lt\/produktas\/sieninis-draskymo-skydas-petrebels-scratch-frame-7030-rusty-oak\/\",\"url\":\"https:\/\/miumjau.ee\/lt\/produktas\/sieninis-draskymo-skydas-petrebels-scratch-frame-7030-rusty-oak\/\",\"name\":\"Sieninis draskymo skydas Petrebels Scratch Frame 7030, rusty oak - MiuMjau\",\"isPartOf\":{\"@id\":\"https:\/\/miumjau.ee\/#website\"},\"primaryImageOfPage\":{\"@id\":\"https:\/\/miumjau.ee\/lt\/produktas\/sieninis-draskymo-skydas-petrebels-scratch-frame-7030-rusty-oak\/#primaryimage\"},\"image\":{\"@id\":\"https:\/\/miumjau.ee\/lt\/produktas\/sieninis-draskymo-skydas-petrebels-scratch-frame-7030-rusty-oak\/#primaryimage\"},\"thumbnailUrl\":\"https:\/\/miumjau.ee\/wp-content\/uploads\/2025\/02\/kaapimisplaat-petrebels-scratch-frame-70303.jpg\",\"datePublished\":\"2025-02-03T07:53:37+00:00\",\"dateModified\":\"2026-01-07T18:43:09+00:00\",\"breadcrumb\":{\"@id\":\"https:\/\/miumjau.ee\/lt\/produktas\/sieninis-draskymo-skydas-petrebels-scratch-frame-7030-rusty-oak\/#breadcrumb\"},\"inLanguage\":\"lt-LT\",\"potentialAction\":[{\"@type\":\"ReadAction\",\"target\":[\"https:\/\/miumjau.ee\/lt\/produktas\/sieninis-draskymo-skydas-petrebels-scratch-frame-7030-rusty-oak\/\"]}]},{\"@type\":\"ImageObject\",\"inLanguage\":\"lt-LT\",\"@id\":\"https:\/\/miumjau.ee\/lt\/produktas\/sieninis-draskymo-skydas-petrebels-scratch-frame-7030-rusty-oak\/#primaryimage\",\"url\":\"https:\/\/miumjau.ee\/wp-content\/uploads\/2025\/02\/kaapimisplaat-petrebels-scratch-frame-70303.jpg\",\"contentUrl\":\"https:\/\/miumjau.ee\/wp-content\/uploads\/2025\/02\/kaapimisplaat-petrebels-scratch-frame-70303.jpg\",\"width\":600,\"height\":800},{\"@type\":\"BreadcrumbList\",\"@id\":\"https:\/\/miumjau.ee\/lt\/produktas\/sieninis-draskymo-skydas-petrebels-scratch-frame-7030-rusty-oak\/#breadcrumb\",\"itemListElement\":[{\"@type\":\"ListItem\",\"position\":1,\"name\":\"Home\",\"item\":\"https:\/\/miumjau.ee\/lt\/\"},{\"@type\":\"ListItem\",\"position\":2,\"name\":\"Parduotuv\u0117\",\"item\":\"https:\/\/miumjau.ee\/lt\/parduotuve\/\"},{\"@type\":\"ListItem\",\"position\":3,\"name\":\"Sieninis draskymo skydas Petrebels Scratch Frame 7030, rusty oak\"}]},{\"@type\":\"WebSite\",\"@id\":\"https:\/\/miumjau.ee\/#website\",\"url\":\"https:\/\/miumjau.ee\/\",\"name\":\"MiuMjau\",\"description\":\"Kraapimispuud kassidele\",\"publisher\":{\"@id\":\"https:\/\/miumjau.ee\/#organization\"},\"potentialAction\":[{\"@type\":\"SearchAction\",\"target\":{\"@type\":\"EntryPoint\",\"urlTemplate\":\"https:\/\/miumjau.ee\/?s={search_term_string}\"},\"query-input\":{\"@type\":\"PropertyValueSpecification\",\"valueRequired\":true,\"valueName\":\"search_term_string\"}}],\"inLanguage\":\"lt-LT\"},{\"@type\":\"Organization\",\"@id\":\"https:\/\/miumjau.ee\/#organization\",\"name\":\"MiuMjau O\u00dc\",\"url\":\"https:\/\/miumjau.ee\/\",\"logo\":{\"@type\":\"ImageObject\",\"inLanguage\":\"lt-LT\",\"@id\":\"https:\/\/miumjau.ee\/#\/schema\/logo\/image\/\",\"url\":\"https:\/\/miumjau.ee\/wp-content\/uploads\/2022\/04\/MiuMjau-logo-kollane.png\",\"contentUrl\":\"https:\/\/miumjau.ee\/wp-content\/uploads\/2022\/04\/MiuMjau-logo-kollane.png\",\"width\":219,\"height\":100,\"caption\":\"MiuMjau O\u00dc\"},\"image\":{\"@id\":\"https:\/\/miumjau.ee\/#\/schema\/logo\/image\/\"},\"sameAs\":[\"https:\/\/www.facebook.com\/miumjaupood\/\"]}]}<\/script>\n<!-- \/ Yoast SEO plugin. -->","yoast_head_json":{"title":"Sieninis draskymo skydas Petrebels Scratch Frame 7030, rusty oak - MiuMjau","robots":{"index":"index","follow":"follow","max-snippet":"max-snippet:-1","max-image-preview":"max-image-preview:large","max-video-preview":"max-video-preview:-1"},"canonical":"https:\/\/miumjau.ee\/lt\/produktas\/sieninis-draskymo-skydas-petrebels-scratch-frame-7030-rusty-oak\/","og_locale":"lt_LT","og_type":"article","og_title":"Sieninis draskymo skydas Petrebels Scratch Frame 7030, rusty oak - MiuMjau","og_description":"Draskymo skydas, kuris tikrai tarnauja ilgai! Scratch Frame 7030 yra itin stilingas papildymas bet kuriam Wall of Rebels kolekcijos gaminiui. \u0160is draskymo skydas turi prakti\u0161k\u0105 Z formos laikikl\u012f, leid\u017eiant\u012f lengvai pritvirtinti \u0161i\u0105 prabangi\u0105 draskykl\u0119 prie sienos. Puikiai tinka draskymui \u2013 ypa\u010d patogu, nes suteikia katei daug draskymo galimybi\u0173, neu\u017eimant daug vietos. Kaip ir visi m\u016bs\u0173 ka\u010di\u0173 baldai, \u0161is draskymo skydas pasi\u017eymi puikia kokybe \u2013 pagamintas i\u0161 itin tvirto sizalio kilimo, o kra\u0161tai \u2013 i\u0161 eukalipto medienos. Matmenys: ilgis 70 cm, plotis 30 cm, auk\u0161tis 2 cmGaminio svoris: 2 kgPagamintas i\u0161 eukalipto medienosPadengtas sizalio kilimu, pritvirtintu \u201eVelcro\u201c juosta (kei\u010diamas)Tvirtinimo detal\u0117s \u012feina \u012f komplekt\u0105 (Z formos laikiklis, var\u017etai, kai\u0161\u010diai)","og_url":"https:\/\/miumjau.ee\/lt\/produktas\/sieninis-draskymo-skydas-petrebels-scratch-frame-7030-rusty-oak\/","og_site_name":"MiuMjau","article_publisher":"https:\/\/www.facebook.com\/miumjaupood\/","article_modified_time":"2026-01-07T18:43:09+00:00","og_image":[{"width":600,"height":800,"url":"https:\/\/miumjau.ee\/wp-content\/uploads\/2025\/02\/kaapimisplaat-petrebels-scratch-frame-70303.jpg","type":"image\/jpeg"}],"twitter_card":"summary_large_image","schema":{"@context":"https:\/\/schema.org","@graph":[{"@type":"WebPage","@id":"https:\/\/miumjau.ee\/lt\/produktas\/sieninis-draskymo-skydas-petrebels-scratch-frame-7030-rusty-oak\/","url":"https:\/\/miumjau.ee\/lt\/produktas\/sieninis-draskymo-skydas-petrebels-scratch-frame-7030-rusty-oak\/","name":"Sieninis draskymo skydas Petrebels Scratch Frame 7030, rusty oak - MiuMjau","isPartOf":{"@id":"https:\/\/miumjau.ee\/#website"},"primaryImageOfPage":{"@id":"https:\/\/miumjau.ee\/lt\/produktas\/sieninis-draskymo-skydas-petrebels-scratch-frame-7030-rusty-oak\/#primaryimage"},"image":{"@id":"https:\/\/miumjau.ee\/lt\/produktas\/sieninis-draskymo-skydas-petrebels-scratch-frame-7030-rusty-oak\/#primaryimage"},"thumbnailUrl":"https:\/\/miumjau.ee\/wp-content\/uploads\/2025\/02\/kaapimisplaat-petrebels-scratch-frame-70303.jpg","datePublished":"2025-02-03T07:53:37+00:00","dateModified":"2026-01-07T18:43:09+00:00","breadcrumb":{"@id":"https:\/\/miumjau.ee\/lt\/produktas\/sieninis-draskymo-skydas-petrebels-scratch-frame-7030-rusty-oak\/#breadcrumb"},"inLanguage":"lt-LT","potentialAction":[{"@type":"ReadAction","target":["https:\/\/miumjau.ee\/lt\/produktas\/sieninis-draskymo-skydas-petrebels-scratch-frame-7030-rusty-oak\/"]}]},{"@type":"ImageObject","inLanguage":"lt-LT","@id":"https:\/\/miumjau.ee\/lt\/produktas\/sieninis-draskymo-skydas-petrebels-scratch-frame-7030-rusty-oak\/#primaryimage","url":"https:\/\/miumjau.ee\/wp-content\/uploads\/2025\/02\/kaapimisplaat-petrebels-scratch-frame-70303.jpg","contentUrl":"https:\/\/miumjau.ee\/wp-content\/uploads\/2025\/02\/kaapimisplaat-petrebels-scratch-frame-70303.jpg","width":600,"height":800},{"@type":"BreadcrumbList","@id":"https:\/\/miumjau.ee\/lt\/produktas\/sieninis-draskymo-skydas-petrebels-scratch-frame-7030-rusty-oak\/#breadcrumb","itemListElement":[{"@type":"ListItem","position":1,"name":"Home","item":"https:\/\/miumjau.ee\/lt\/"},{"@type":"ListItem","position":2,"name":"Parduotuv\u0117","item":"https:\/\/miumjau.ee\/lt\/parduotuve\/"},{"@type":"ListItem","position":3,"name":"Sieninis draskymo skydas Petrebels Scratch Frame 7030, rusty oak"}]},{"@type":"WebSite","@id":"https:\/\/miumjau.ee\/#website","url":"https:\/\/miumjau.ee\/","name":"MiuMjau","description":"Kraapimispuud kassidele","publisher":{"@id":"https:\/\/miumjau.ee\/#organization"},"potentialAction":[{"@type":"SearchAction","target":{"@type":"EntryPoint","urlTemplate":"https:\/\/miumjau.ee\/?s={search_term_string}"},"query-input":{"@type":"PropertyValueSpecification","valueRequired":true,"valueName":"search_term_string"}}],"inLanguage":"lt-LT"},{"@type":"Organization","@id":"https:\/\/miumjau.ee\/#organization","name":"MiuMjau O\u00dc","url":"https:\/\/miumjau.ee\/","logo":{"@type":"ImageObject","inLanguage":"lt-LT","@id":"https:\/\/miumjau.ee\/#\/schema\/logo\/image\/","url":"https:\/\/miumjau.ee\/wp-content\/uploads\/2022\/04\/MiuMjau-logo-kollane.png","contentUrl":"https:\/\/miumjau.ee\/wp-content\/uploads\/2022\/04\/MiuMjau-logo-kollane.png","width":219,"height":100,"caption":"MiuMjau O\u00dc"},"image":{"@id":"https:\/\/miumjau.ee\/#\/schema\/logo\/image\/"},"sameAs":["https:\/\/www.facebook.com\/miumjaupood\/"]}]}},"_links":{"self":[{"href":"https:\/\/miumjau.ee\/lt\/wp-json\/wp\/v2\/product\/49589","targetHints":{"allow":["GET"]}}],"collection":[{"href":"https:\/\/miumjau.ee\/lt\/wp-json\/wp\/v2\/product"}],"about":[{"href":"https:\/\/miumjau.ee\/lt\/wp-json\/wp\/v2\/types\/product"}],"wp:featuredmedia":[{"embeddable":true,"href":"https:\/\/miumjau.ee\/lt\/wp-json\/wp\/v2\/media\/49586"}],"wp:attachment":[{"href":"https:\/\/miumjau.ee\/lt\/wp-json\/wp\/v2\/media?parent=49589"}],"wp:term":[{"taxonomy":"product_brand","embeddable":true,"href":"https:\/\/miumjau.ee\/lt\/wp-json\/wp\/v2\/product_brand?post=49589"},{"taxonomy":"product_cat","embeddable":true,"href":"https:\/\/miumjau.ee\/lt\/wp-json\/wp\/v2\/product_cat?post=49589"},{"taxonomy":"product_tag","embeddable":true,"href":"https:\/\/miumjau.ee\/lt\/wp-json\/wp\/v2\/product_tag?post=49589"}],"curies":[{"name":"wp","href":"https:\/\/api.w.org\/{rel}","templated":true}]}}