{"id":49568,"date":"2025-02-03T09:34:29","date_gmt":"2025-02-03T07:34:29","guid":{"rendered":"https:\/\/miumjau.ee\/toode\/laipiojimo-ir-draskymo-medis-petrebels-virgo-173-sendintos-pilkos-spalvos-old-grey\/"},"modified":"2026-01-07T20:43:09","modified_gmt":"2026-01-07T18:43:09","slug":"laipiojimo-ir-draskymo-medis-petrebels-virgo-173-sendintos-pilkos-spalvos-old-grey","status":"publish","type":"product","link":"https:\/\/miumjau.ee\/lt\/produktas\/laipiojimo-ir-draskymo-medis-petrebels-virgo-173-sendintos-pilkos-spalvos-old-grey\/","title":{"rendered":"Laipiojimo ir draskymo medis Petrebels Virgo 173, sendintos pilkos spalvos (old grey)"},"content":{"rendered":"","protected":false},"excerpt":{"rendered":"<p data-start=\"1268\" data-end=\"1303\">Modernus, eleganti\u0161kas ir tvirtas<\/p>\n<p data-start=\"1305\" data-end=\"1859\">Virgo 173 \u2013 tai tikrai modernus draskymo medis, puikiai atrodantis j\u016bs\u0173 svetain\u0117je. Jis auk\u0161tas ir tikras d\u0117mesio traukos objektas namuose \u2013 gra\u017eus, su prabangia apdaila ir d\u0117l harmoning\u0173 spalv\u0173 tinkantis bet kokiam interjerui. Ta\u010diau svarbiausia \u2013 \u0161is draskymo medis yra tikras malonumas j\u016bs\u0173 katei. Jame yra viskas, ko katei reikia: itin didelis gul\u0117jimo krep\u0161ys vir\u0161uje, du mink\u0161ti, skalbiami hamakai poilsiui ir jaukus, erdvus ka\u010di\u0173 namelis. Viskas aptraukta mink\u0161tu pliu\u0161u ir apr\u016bpinta storu sizaliu draskymui. Tai idealus draskymo medis j\u016bs\u0173 katei!<\/p>\n<p data-start=\"1861\" data-end=\"1991\">2\u00d7 skalbiami hamakai<br data-start=\"1881\" data-end=\"1884\" \/>Sizalio kilim\u0117lis tvirtinamas komplekte esan\u010dia \u201eVelcro\u201c juosta<br data-start=\"1947\" data-end=\"1950\" \/>Prabangus gultas su skalbiama pagalv\u0117le<\/p>\n<p data-start=\"1993\" data-end=\"2147\">Gaminio svoris: 42 kg (pristatomas 4 atskirose d\u0117\u017e\u0117se)<br data-start=\"2047\" data-end=\"2050\" \/>Stulp\u0173 skersmuo \u2013 net 15 cm<br data-start=\"2077\" data-end=\"2080\" \/>Hamako apkrova iki 25 kg<br data-start=\"2104\" data-end=\"2107\" \/>Auk\u0161tis 173 cm (\u017er. matmen\u0173 nuotrauk\u0105)<\/p>\n","protected":false},"featured_media":49573,"template":"","meta":[],"product_brand":[],"product_cat":[515],"product_tag":[],"class_list":{"0":"post-49568","1":"product","2":"type-product","3":"status-publish","4":"has-post-thumbnail","6":"product_cat-petrebels-produktai-dideliems-katems","7":"product_shipping_class-pakiautomaati-sobimatu-lt","9":"first","10":"outofstock","11":"sale","12":"taxable","13":"shipping-taxable","14":"purchasable","15":"product-type-simple"},"yoast_head":"<!-- This site is optimized with the Yoast SEO plugin v27.2 - https:\/\/yoast.com\/product\/yoast-seo-wordpress\/ -->\n<title>Laipiojimo ir draskymo medis Petrebels Virgo 173, sendintos pilkos spalvos (old grey) - MiuMjau<\/title>\n<meta name=\"robots\" content=\"index, follow, max-snippet:-1, max-image-preview:large, max-video-preview:-1\" \/>\n<link rel=\"canonical\" href=\"https:\/\/miumjau.ee\/lt\/produktas\/laipiojimo-ir-draskymo-medis-petrebels-virgo-173-sendintos-pilkos-spalvos-old-grey\/\" \/>\n<meta property=\"og:locale\" content=\"lt_LT\" \/>\n<meta property=\"og:type\" content=\"article\" \/>\n<meta property=\"og:title\" content=\"Laipiojimo ir draskymo medis Petrebels Virgo 173, sendintos pilkos spalvos (old grey) - MiuMjau\" \/>\n<meta property=\"og:description\" content=\"Modernus, eleganti\u0161kas ir tvirtas Virgo 173 \u2013 tai tikrai modernus draskymo medis, puikiai atrodantis j\u016bs\u0173 svetain\u0117je. Jis auk\u0161tas ir tikras d\u0117mesio traukos objektas namuose \u2013 gra\u017eus, su prabangia apdaila ir d\u0117l harmoning\u0173 spalv\u0173 tinkantis bet kokiam interjerui. Ta\u010diau svarbiausia \u2013 \u0161is draskymo medis yra tikras malonumas j\u016bs\u0173 katei. Jame yra viskas, ko katei reikia: itin didelis gul\u0117jimo krep\u0161ys vir\u0161uje, du mink\u0161ti, skalbiami hamakai poilsiui ir jaukus, erdvus ka\u010di\u0173 namelis. Viskas aptraukta mink\u0161tu pliu\u0161u ir apr\u016bpinta storu sizaliu draskymui. Tai idealus draskymo medis j\u016bs\u0173 katei! 2\u00d7 skalbiami hamakaiSizalio kilim\u0117lis tvirtinamas komplekte esan\u010dia \u201eVelcro\u201c juostaPrabangus gultas su skalbiama pagalv\u0117le Gaminio svoris: 42 kg (pristatomas 4 atskirose d\u0117\u017e\u0117se)Stulp\u0173 skersmuo \u2013 net 15 cmHamako apkrova iki 25 kgAuk\u0161tis 173 cm (\u017er. matmen\u0173 nuotrauk\u0105)\" \/>\n<meta property=\"og:url\" content=\"https:\/\/miumjau.ee\/lt\/produktas\/laipiojimo-ir-draskymo-medis-petrebels-virgo-173-sendintos-pilkos-spalvos-old-grey\/\" \/>\n<meta property=\"og:site_name\" content=\"MiuMjau\" \/>\n<meta property=\"article:publisher\" content=\"https:\/\/www.facebook.com\/miumjaupood\/\" \/>\n<meta property=\"article:modified_time\" content=\"2026-01-07T18:43:09+00:00\" \/>\n<meta property=\"og:image\" content=\"https:\/\/miumjau.ee\/wp-content\/uploads\/2025\/02\/ronimispuu-virgo173-oldgrey4.jpg\" \/>\n\t<meta property=\"og:image:width\" content=\"600\" \/>\n\t<meta property=\"og:image:height\" content=\"800\" \/>\n\t<meta property=\"og:image:type\" content=\"image\/jpeg\" \/>\n<meta name=\"twitter:card\" content=\"summary_large_image\" \/>\n<script type=\"application\/ld+json\" class=\"yoast-schema-graph\">{\"@context\":\"https:\/\/schema.org\",\"@graph\":[{\"@type\":\"WebPage\",\"@id\":\"https:\/\/miumjau.ee\/lt\/produktas\/laipiojimo-ir-draskymo-medis-petrebels-virgo-173-sendintos-pilkos-spalvos-old-grey\/\",\"url\":\"https:\/\/miumjau.ee\/lt\/produktas\/laipiojimo-ir-draskymo-medis-petrebels-virgo-173-sendintos-pilkos-spalvos-old-grey\/\",\"name\":\"Laipiojimo ir draskymo medis Petrebels Virgo 173, sendintos pilkos spalvos (old grey) - MiuMjau\",\"isPartOf\":{\"@id\":\"https:\/\/miumjau.ee\/#website\"},\"primaryImageOfPage\":{\"@id\":\"https:\/\/miumjau.ee\/lt\/produktas\/laipiojimo-ir-draskymo-medis-petrebels-virgo-173-sendintos-pilkos-spalvos-old-grey\/#primaryimage\"},\"image\":{\"@id\":\"https:\/\/miumjau.ee\/lt\/produktas\/laipiojimo-ir-draskymo-medis-petrebels-virgo-173-sendintos-pilkos-spalvos-old-grey\/#primaryimage\"},\"thumbnailUrl\":\"https:\/\/miumjau.ee\/wp-content\/uploads\/2025\/02\/ronimispuu-virgo173-oldgrey4.jpg\",\"datePublished\":\"2025-02-03T07:34:29+00:00\",\"dateModified\":\"2026-01-07T18:43:09+00:00\",\"breadcrumb\":{\"@id\":\"https:\/\/miumjau.ee\/lt\/produktas\/laipiojimo-ir-draskymo-medis-petrebels-virgo-173-sendintos-pilkos-spalvos-old-grey\/#breadcrumb\"},\"inLanguage\":\"lt-LT\",\"potentialAction\":[{\"@type\":\"ReadAction\",\"target\":[\"https:\/\/miumjau.ee\/lt\/produktas\/laipiojimo-ir-draskymo-medis-petrebels-virgo-173-sendintos-pilkos-spalvos-old-grey\/\"]}]},{\"@type\":\"ImageObject\",\"inLanguage\":\"lt-LT\",\"@id\":\"https:\/\/miumjau.ee\/lt\/produktas\/laipiojimo-ir-draskymo-medis-petrebels-virgo-173-sendintos-pilkos-spalvos-old-grey\/#primaryimage\",\"url\":\"https:\/\/miumjau.ee\/wp-content\/uploads\/2025\/02\/ronimispuu-virgo173-oldgrey4.jpg\",\"contentUrl\":\"https:\/\/miumjau.ee\/wp-content\/uploads\/2025\/02\/ronimispuu-virgo173-oldgrey4.jpg\",\"width\":600,\"height\":800},{\"@type\":\"BreadcrumbList\",\"@id\":\"https:\/\/miumjau.ee\/lt\/produktas\/laipiojimo-ir-draskymo-medis-petrebels-virgo-173-sendintos-pilkos-spalvos-old-grey\/#breadcrumb\",\"itemListElement\":[{\"@type\":\"ListItem\",\"position\":1,\"name\":\"Home\",\"item\":\"https:\/\/miumjau.ee\/lt\/\"},{\"@type\":\"ListItem\",\"position\":2,\"name\":\"Parduotuv\u0117\",\"item\":\"https:\/\/miumjau.ee\/lt\/parduotuve\/\"},{\"@type\":\"ListItem\",\"position\":3,\"name\":\"Laipiojimo ir draskymo medis Petrebels Virgo 173, sendintos pilkos spalvos (old grey)\"}]},{\"@type\":\"WebSite\",\"@id\":\"https:\/\/miumjau.ee\/#website\",\"url\":\"https:\/\/miumjau.ee\/\",\"name\":\"MiuMjau\",\"description\":\"Kraapimispuud kassidele\",\"publisher\":{\"@id\":\"https:\/\/miumjau.ee\/#organization\"},\"potentialAction\":[{\"@type\":\"SearchAction\",\"target\":{\"@type\":\"EntryPoint\",\"urlTemplate\":\"https:\/\/miumjau.ee\/?s={search_term_string}\"},\"query-input\":{\"@type\":\"PropertyValueSpecification\",\"valueRequired\":true,\"valueName\":\"search_term_string\"}}],\"inLanguage\":\"lt-LT\"},{\"@type\":\"Organization\",\"@id\":\"https:\/\/miumjau.ee\/#organization\",\"name\":\"MiuMjau O\u00dc\",\"url\":\"https:\/\/miumjau.ee\/\",\"logo\":{\"@type\":\"ImageObject\",\"inLanguage\":\"lt-LT\",\"@id\":\"https:\/\/miumjau.ee\/#\/schema\/logo\/image\/\",\"url\":\"https:\/\/miumjau.ee\/wp-content\/uploads\/2022\/04\/MiuMjau-logo-kollane.png\",\"contentUrl\":\"https:\/\/miumjau.ee\/wp-content\/uploads\/2022\/04\/MiuMjau-logo-kollane.png\",\"width\":219,\"height\":100,\"caption\":\"MiuMjau O\u00dc\"},\"image\":{\"@id\":\"https:\/\/miumjau.ee\/#\/schema\/logo\/image\/\"},\"sameAs\":[\"https:\/\/www.facebook.com\/miumjaupood\/\"]}]}<\/script>\n<!-- \/ Yoast SEO plugin. -->","yoast_head_json":{"title":"Laipiojimo ir draskymo medis Petrebels Virgo 173, sendintos pilkos spalvos (old grey) - MiuMjau","robots":{"index":"index","follow":"follow","max-snippet":"max-snippet:-1","max-image-preview":"max-image-preview:large","max-video-preview":"max-video-preview:-1"},"canonical":"https:\/\/miumjau.ee\/lt\/produktas\/laipiojimo-ir-draskymo-medis-petrebels-virgo-173-sendintos-pilkos-spalvos-old-grey\/","og_locale":"lt_LT","og_type":"article","og_title":"Laipiojimo ir draskymo medis Petrebels Virgo 173, sendintos pilkos spalvos (old grey) - MiuMjau","og_description":"Modernus, eleganti\u0161kas ir tvirtas Virgo 173 \u2013 tai tikrai modernus draskymo medis, puikiai atrodantis j\u016bs\u0173 svetain\u0117je. Jis auk\u0161tas ir tikras d\u0117mesio traukos objektas namuose \u2013 gra\u017eus, su prabangia apdaila ir d\u0117l harmoning\u0173 spalv\u0173 tinkantis bet kokiam interjerui. Ta\u010diau svarbiausia \u2013 \u0161is draskymo medis yra tikras malonumas j\u016bs\u0173 katei. Jame yra viskas, ko katei reikia: itin didelis gul\u0117jimo krep\u0161ys vir\u0161uje, du mink\u0161ti, skalbiami hamakai poilsiui ir jaukus, erdvus ka\u010di\u0173 namelis. Viskas aptraukta mink\u0161tu pliu\u0161u ir apr\u016bpinta storu sizaliu draskymui. Tai idealus draskymo medis j\u016bs\u0173 katei! 2\u00d7 skalbiami hamakaiSizalio kilim\u0117lis tvirtinamas komplekte esan\u010dia \u201eVelcro\u201c juostaPrabangus gultas su skalbiama pagalv\u0117le Gaminio svoris: 42 kg (pristatomas 4 atskirose d\u0117\u017e\u0117se)Stulp\u0173 skersmuo \u2013 net 15 cmHamako apkrova iki 25 kgAuk\u0161tis 173 cm (\u017er. matmen\u0173 nuotrauk\u0105)","og_url":"https:\/\/miumjau.ee\/lt\/produktas\/laipiojimo-ir-draskymo-medis-petrebels-virgo-173-sendintos-pilkos-spalvos-old-grey\/","og_site_name":"MiuMjau","article_publisher":"https:\/\/www.facebook.com\/miumjaupood\/","article_modified_time":"2026-01-07T18:43:09+00:00","og_image":[{"width":600,"height":800,"url":"https:\/\/miumjau.ee\/wp-content\/uploads\/2025\/02\/ronimispuu-virgo173-oldgrey4.jpg","type":"image\/jpeg"}],"twitter_card":"summary_large_image","schema":{"@context":"https:\/\/schema.org","@graph":[{"@type":"WebPage","@id":"https:\/\/miumjau.ee\/lt\/produktas\/laipiojimo-ir-draskymo-medis-petrebels-virgo-173-sendintos-pilkos-spalvos-old-grey\/","url":"https:\/\/miumjau.ee\/lt\/produktas\/laipiojimo-ir-draskymo-medis-petrebels-virgo-173-sendintos-pilkos-spalvos-old-grey\/","name":"Laipiojimo ir draskymo medis Petrebels Virgo 173, sendintos pilkos spalvos (old grey) - MiuMjau","isPartOf":{"@id":"https:\/\/miumjau.ee\/#website"},"primaryImageOfPage":{"@id":"https:\/\/miumjau.ee\/lt\/produktas\/laipiojimo-ir-draskymo-medis-petrebels-virgo-173-sendintos-pilkos-spalvos-old-grey\/#primaryimage"},"image":{"@id":"https:\/\/miumjau.ee\/lt\/produktas\/laipiojimo-ir-draskymo-medis-petrebels-virgo-173-sendintos-pilkos-spalvos-old-grey\/#primaryimage"},"thumbnailUrl":"https:\/\/miumjau.ee\/wp-content\/uploads\/2025\/02\/ronimispuu-virgo173-oldgrey4.jpg","datePublished":"2025-02-03T07:34:29+00:00","dateModified":"2026-01-07T18:43:09+00:00","breadcrumb":{"@id":"https:\/\/miumjau.ee\/lt\/produktas\/laipiojimo-ir-draskymo-medis-petrebels-virgo-173-sendintos-pilkos-spalvos-old-grey\/#breadcrumb"},"inLanguage":"lt-LT","potentialAction":[{"@type":"ReadAction","target":["https:\/\/miumjau.ee\/lt\/produktas\/laipiojimo-ir-draskymo-medis-petrebels-virgo-173-sendintos-pilkos-spalvos-old-grey\/"]}]},{"@type":"ImageObject","inLanguage":"lt-LT","@id":"https:\/\/miumjau.ee\/lt\/produktas\/laipiojimo-ir-draskymo-medis-petrebels-virgo-173-sendintos-pilkos-spalvos-old-grey\/#primaryimage","url":"https:\/\/miumjau.ee\/wp-content\/uploads\/2025\/02\/ronimispuu-virgo173-oldgrey4.jpg","contentUrl":"https:\/\/miumjau.ee\/wp-content\/uploads\/2025\/02\/ronimispuu-virgo173-oldgrey4.jpg","width":600,"height":800},{"@type":"BreadcrumbList","@id":"https:\/\/miumjau.ee\/lt\/produktas\/laipiojimo-ir-draskymo-medis-petrebels-virgo-173-sendintos-pilkos-spalvos-old-grey\/#breadcrumb","itemListElement":[{"@type":"ListItem","position":1,"name":"Home","item":"https:\/\/miumjau.ee\/lt\/"},{"@type":"ListItem","position":2,"name":"Parduotuv\u0117","item":"https:\/\/miumjau.ee\/lt\/parduotuve\/"},{"@type":"ListItem","position":3,"name":"Laipiojimo ir draskymo medis Petrebels Virgo 173, sendintos pilkos spalvos (old grey)"}]},{"@type":"WebSite","@id":"https:\/\/miumjau.ee\/#website","url":"https:\/\/miumjau.ee\/","name":"MiuMjau","description":"Kraapimispuud kassidele","publisher":{"@id":"https:\/\/miumjau.ee\/#organization"},"potentialAction":[{"@type":"SearchAction","target":{"@type":"EntryPoint","urlTemplate":"https:\/\/miumjau.ee\/?s={search_term_string}"},"query-input":{"@type":"PropertyValueSpecification","valueRequired":true,"valueName":"search_term_string"}}],"inLanguage":"lt-LT"},{"@type":"Organization","@id":"https:\/\/miumjau.ee\/#organization","name":"MiuMjau O\u00dc","url":"https:\/\/miumjau.ee\/","logo":{"@type":"ImageObject","inLanguage":"lt-LT","@id":"https:\/\/miumjau.ee\/#\/schema\/logo\/image\/","url":"https:\/\/miumjau.ee\/wp-content\/uploads\/2022\/04\/MiuMjau-logo-kollane.png","contentUrl":"https:\/\/miumjau.ee\/wp-content\/uploads\/2022\/04\/MiuMjau-logo-kollane.png","width":219,"height":100,"caption":"MiuMjau O\u00dc"},"image":{"@id":"https:\/\/miumjau.ee\/#\/schema\/logo\/image\/"},"sameAs":["https:\/\/www.facebook.com\/miumjaupood\/"]}]}},"_links":{"self":[{"href":"https:\/\/miumjau.ee\/lt\/wp-json\/wp\/v2\/product\/49568","targetHints":{"allow":["GET"]}}],"collection":[{"href":"https:\/\/miumjau.ee\/lt\/wp-json\/wp\/v2\/product"}],"about":[{"href":"https:\/\/miumjau.ee\/lt\/wp-json\/wp\/v2\/types\/product"}],"wp:featuredmedia":[{"embeddable":true,"href":"https:\/\/miumjau.ee\/lt\/wp-json\/wp\/v2\/media\/49573"}],"wp:attachment":[{"href":"https:\/\/miumjau.ee\/lt\/wp-json\/wp\/v2\/media?parent=49568"}],"wp:term":[{"taxonomy":"product_brand","embeddable":true,"href":"https:\/\/miumjau.ee\/lt\/wp-json\/wp\/v2\/product_brand?post=49568"},{"taxonomy":"product_cat","embeddable":true,"href":"https:\/\/miumjau.ee\/lt\/wp-json\/wp\/v2\/product_cat?post=49568"},{"taxonomy":"product_tag","embeddable":true,"href":"https:\/\/miumjau.ee\/lt\/wp-json\/wp\/v2\/product_tag?post=49568"}],"curies":[{"name":"wp","href":"https:\/\/api.w.org\/{rel}","templated":true}]}}