{"id":49511,"date":"2025-07-20T14:29:27","date_gmt":"2025-07-20T11:29:27","guid":{"rendered":"https:\/\/miumjau.ee\/toode\/suns-narvas-sutvirtintas-xl-106x71x77cm\/"},"modified":"2026-01-07T20:43:16","modified_gmt":"2026-01-07T18:43:16","slug":"suns-narvas-sutvirtintas-xl-106x71x77cm","status":"publish","type":"product","link":"https:\/\/miumjau.ee\/lt\/produktas\/suns-narvas-sutvirtintas-xl-106x71x77cm\/","title":{"rendered":"\u0160uns narvas (sutvirtintas) XL 106x71x77cm"},"content":{"rendered":"","protected":false},"excerpt":{"rendered":"<p data-start=\"3958\" data-end=\"4189\">Daugiafunkcis metalinis \u0161uns narvas su dviem \u012f\u0117jimais. Narvas pagamintas kruop\u0161\u010diai, u\u017etikrinant auk\u0161tos kokyb\u0117s apdail\u0105, garantuojan\u010di\u0105 augintinio saugum\u0105 ir ilgaam\u017ei\u0161kum\u0105. <em data-start=\"4132\" data-end=\"4187\">Konstrukcijoje naudojama 4,7\/4,1\/4,1 mm storio viela.<\/em><\/p>\n<p data-start=\"4191\" data-end=\"4304\">I\u0161matavimai: Ilgis 106 cm, Plotis 71 cm, Auk\u0161tis 77 cm. Narvo svoris: 17 kg. Produkto svoris su pakuote: 19 kg.<\/p>\n<p data-start=\"4306\" data-end=\"4324\">Dur\u0173 skai\u010dius: 2<\/p>\n<p data-start=\"4326\" data-end=\"4343\"><strong data-start=\"4326\" data-end=\"4341\">Privalumai:<\/strong><\/p>\n<ul data-start=\"4344\" data-end=\"4731\">\n<li data-start=\"4344\" data-end=\"4370\">\n<p data-start=\"4346\" data-end=\"4370\">I\u0161traukiamas pad\u0117klas.<\/p>\n<\/li>\n<li data-start=\"4371\" data-end=\"4419\">\n<p data-start=\"4373\" data-end=\"4419\">Labai lengva ir patvari plieno konstrukcija.<\/p>\n<\/li>\n<li data-start=\"4420\" data-end=\"4438\">\n<p data-start=\"4422\" data-end=\"4438\">Lengva valyti.<\/p>\n<\/li>\n<li data-start=\"4439\" data-end=\"4499\">\n<p data-start=\"4441\" data-end=\"4499\">Apver\u010diamas rankena abiejose pus\u0117se patogiam ne\u0161iojimui.<\/p>\n<\/li>\n<li data-start=\"4500\" data-end=\"4550\">\n<p data-start=\"4502\" data-end=\"4550\">Greita surinkimas, nereikia var\u017et\u0173 ar \u012franki\u0173.<\/p>\n<\/li>\n<li data-start=\"4551\" data-end=\"4583\">\n<p data-start=\"4553\" data-end=\"4583\">Sulankstomas kaip lagaminas.<\/p>\n<\/li>\n<li data-start=\"4584\" data-end=\"4633\">\n<p data-start=\"4586\" data-end=\"4633\">Lengva laikyti ir transportuoti po surinkimo.<\/p>\n<\/li>\n<li data-start=\"4634\" data-end=\"4731\">\n<p data-start=\"4636\" data-end=\"4731\">N\u0117ra a\u0161tri\u0173 kra\u0161t\u0173, tod\u0117l u\u017etikrinamas augintinio saugumas ir nepa\u017eeid\u017eiamos kitos pavir\u0161iai.<\/p>\n<\/li>\n<\/ul>\n<p data-start=\"4733\" data-end=\"4759\"><strong data-start=\"4733\" data-end=\"4757\">Techniniai duomenys:<\/strong><\/p>\n<ul data-start=\"4760\" data-end=\"5222\" data-is-last-node=\"\" data-is-only-node=\"\">\n<li data-start=\"4760\" data-end=\"4788\">\n<p data-start=\"4762\" data-end=\"4788\">Tarpai tarp viel\u0173: 35 mm<\/p>\n<\/li>\n<li data-start=\"4789\" data-end=\"4834\">\n<p data-start=\"4791\" data-end=\"4834\">Pagrindin\u0117s\/konstrukcin\u0117s strypai: 4,7 mm<\/p>\n<\/li>\n<li data-start=\"4835\" data-end=\"4874\">\n<p data-start=\"4837\" data-end=\"4874\">Storis (vertikal\u016bs strypai): 4,1 mm<\/p>\n<\/li>\n<li data-start=\"4875\" data-end=\"4916\">\n<p data-start=\"4877\" data-end=\"4916\">Storis (horizontal\u016bs strypai): 4,1 mm<\/p>\n<\/li>\n<li data-start=\"4917\" data-end=\"4995\">\n<p data-start=\"4919\" data-end=\"4995\">\u012e\u0117jimo anga \u2013 pagrindin\u0117s durys (ilgoji pus\u0117): 54 \u00d7 59 cm (plotis\/auk\u0161tis)<\/p>\n<\/li>\n<li data-start=\"4996\" data-end=\"5071\">\n<p data-start=\"4998\" data-end=\"5071\">\u012e\u0117jimo anga \u2013 trumpoji pus\u0117, de\u0161in\u0117s durys: 53 \u00d7 53 cm (plotis\/auk\u0161tis)<\/p>\n<\/li>\n<li data-start=\"5072\" data-end=\"5185\">\n<p data-start=\"5074\" data-end=\"5185\">L formos spyna neleid\u017eia \u0161uniui atidaryti dur\u0173. Tvir\u010diausia spynos sistema, naudojama narvuose ir aptvaruose.<\/p>\n<\/li>\n<li data-start=\"5186\" data-end=\"5222\" data-is-last-node=\"\">\n<p data-start=\"5188\" data-end=\"5222\" data-is-last-node=\"\">Kiekvienose duryse yra dvi spynos.<\/p>\n<\/li>\n<\/ul>\n","protected":false},"featured_media":43958,"template":"","meta":[],"product_brand":[],"product_cat":[544],"product_tag":[],"class_list":{"0":"post-49511","1":"product","2":"type-product","3":"status-publish","4":"has-post-thumbnail","6":"product_cat-sunu-narvai-ir-transportavimo-krepsiai","7":"product_shipping_class-pakiautomaati-sobimatu-lt","9":"first","10":"instock","11":"taxable","12":"shipping-taxable","13":"purchasable","14":"product-type-simple"},"yoast_head":"<!-- This site is optimized with the Yoast SEO plugin v27.2 - https:\/\/yoast.com\/product\/yoast-seo-wordpress\/ -->\n<title>\u0160uns narvas (sutvirtintas) XL 106x71x77cm - MiuMjau<\/title>\n<meta name=\"robots\" content=\"index, follow, max-snippet:-1, max-image-preview:large, max-video-preview:-1\" \/>\n<link rel=\"canonical\" href=\"https:\/\/miumjau.ee\/lt\/produktas\/suns-narvas-sutvirtintas-xl-106x71x77cm\/\" \/>\n<meta property=\"og:locale\" content=\"lt_LT\" \/>\n<meta property=\"og:type\" content=\"article\" \/>\n<meta property=\"og:title\" content=\"\u0160uns narvas (sutvirtintas) XL 106x71x77cm - MiuMjau\" \/>\n<meta property=\"og:description\" content=\"Daugiafunkcis metalinis \u0161uns narvas su dviem \u012f\u0117jimais. Narvas pagamintas kruop\u0161\u010diai, u\u017etikrinant auk\u0161tos kokyb\u0117s apdail\u0105, garantuojan\u010di\u0105 augintinio saugum\u0105 ir ilgaam\u017ei\u0161kum\u0105. Konstrukcijoje naudojama 4,7\/4,1\/4,1 mm storio viela. I\u0161matavimai: Ilgis 106 cm, Plotis 71 cm, Auk\u0161tis 77 cm. Narvo svoris: 17 kg. Produkto svoris su pakuote: 19 kg. Dur\u0173 skai\u010dius: 2 Privalumai:     I\u0161traukiamas pad\u0117klas.    Labai lengva ir patvari plieno konstrukcija.    Lengva valyti.    Apver\u010diamas rankena abiejose pus\u0117se patogiam ne\u0161iojimui.    Greita surinkimas, nereikia var\u017et\u0173 ar \u012franki\u0173.    Sulankstomas kaip lagaminas.    Lengva laikyti ir transportuoti po surinkimo.    N\u0117ra a\u0161tri\u0173 kra\u0161t\u0173, tod\u0117l u\u017etikrinamas augintinio saugumas ir nepa\u017eeid\u017eiamos kitos pavir\u0161iai.   Techniniai duomenys:     Tarpai tarp viel\u0173: 35 mm    Pagrindin\u0117s\/konstrukcin\u0117s strypai: 4,7 mm    Storis (vertikal\u016bs strypai): 4,1 mm    Storis (horizontal\u016bs strypai): 4,1 mm    \u012e\u0117jimo anga \u2013 pagrindin\u0117s durys (ilgoji pus\u0117): 54 \u00d7 59 cm (plotis\/auk\u0161tis)    \u012e\u0117jimo anga \u2013 trumpoji pus\u0117, de\u0161in\u0117s durys: 53 \u00d7 53 cm (plotis\/auk\u0161tis)    L formos spyna neleid\u017eia \u0161uniui atidaryti dur\u0173. Tvir\u010diausia spynos sistema, naudojama narvuose ir aptvaruose.    Kiekvienose duryse yra dvi spynos.\" \/>\n<meta property=\"og:url\" content=\"https:\/\/miumjau.ee\/lt\/produktas\/suns-narvas-sutvirtintas-xl-106x71x77cm\/\" \/>\n<meta property=\"og:site_name\" content=\"MiuMjau\" \/>\n<meta property=\"article:publisher\" content=\"https:\/\/www.facebook.com\/miumjaupood\/\" \/>\n<meta property=\"article:modified_time\" content=\"2026-01-07T18:43:16+00:00\" \/>\n<meta property=\"og:image\" content=\"https:\/\/miumjau.ee\/wp-content\/uploads\/2025\/07\/koerapuur-puur-L3-Photoroom.jpg\" \/>\n\t<meta property=\"og:image:width\" content=\"600\" \/>\n\t<meta property=\"og:image:height\" content=\"800\" \/>\n\t<meta property=\"og:image:type\" content=\"image\/jpeg\" \/>\n<meta name=\"twitter:card\" content=\"summary_large_image\" \/>\n<script type=\"application\/ld+json\" class=\"yoast-schema-graph\">{\"@context\":\"https:\/\/schema.org\",\"@graph\":[{\"@type\":\"WebPage\",\"@id\":\"https:\/\/miumjau.ee\/lt\/produktas\/suns-narvas-sutvirtintas-xl-106x71x77cm\/\",\"url\":\"https:\/\/miumjau.ee\/lt\/produktas\/suns-narvas-sutvirtintas-xl-106x71x77cm\/\",\"name\":\"\u0160uns narvas (sutvirtintas) XL 106x71x77cm - MiuMjau\",\"isPartOf\":{\"@id\":\"https:\/\/miumjau.ee\/#website\"},\"primaryImageOfPage\":{\"@id\":\"https:\/\/miumjau.ee\/lt\/produktas\/suns-narvas-sutvirtintas-xl-106x71x77cm\/#primaryimage\"},\"image\":{\"@id\":\"https:\/\/miumjau.ee\/lt\/produktas\/suns-narvas-sutvirtintas-xl-106x71x77cm\/#primaryimage\"},\"thumbnailUrl\":\"https:\/\/miumjau.ee\/wp-content\/uploads\/2025\/07\/koerapuur-puur-L3-Photoroom.jpg\",\"datePublished\":\"2025-07-20T11:29:27+00:00\",\"dateModified\":\"2026-01-07T18:43:16+00:00\",\"breadcrumb\":{\"@id\":\"https:\/\/miumjau.ee\/lt\/produktas\/suns-narvas-sutvirtintas-xl-106x71x77cm\/#breadcrumb\"},\"inLanguage\":\"lt-LT\",\"potentialAction\":[{\"@type\":\"ReadAction\",\"target\":[\"https:\/\/miumjau.ee\/lt\/produktas\/suns-narvas-sutvirtintas-xl-106x71x77cm\/\"]}]},{\"@type\":\"ImageObject\",\"inLanguage\":\"lt-LT\",\"@id\":\"https:\/\/miumjau.ee\/lt\/produktas\/suns-narvas-sutvirtintas-xl-106x71x77cm\/#primaryimage\",\"url\":\"https:\/\/miumjau.ee\/wp-content\/uploads\/2025\/07\/koerapuur-puur-L3-Photoroom.jpg\",\"contentUrl\":\"https:\/\/miumjau.ee\/wp-content\/uploads\/2025\/07\/koerapuur-puur-L3-Photoroom.jpg\",\"width\":600,\"height\":800,\"caption\":\"Koera puur (tugevdatud) XL 106x71x77cm\"},{\"@type\":\"BreadcrumbList\",\"@id\":\"https:\/\/miumjau.ee\/lt\/produktas\/suns-narvas-sutvirtintas-xl-106x71x77cm\/#breadcrumb\",\"itemListElement\":[{\"@type\":\"ListItem\",\"position\":1,\"name\":\"Home\",\"item\":\"https:\/\/miumjau.ee\/lt\/\"},{\"@type\":\"ListItem\",\"position\":2,\"name\":\"Parduotuv\u0117\",\"item\":\"https:\/\/miumjau.ee\/lt\/parduotuve\/\"},{\"@type\":\"ListItem\",\"position\":3,\"name\":\"\u0160uns narvas (sutvirtintas) XL 106x71x77cm\"}]},{\"@type\":\"WebSite\",\"@id\":\"https:\/\/miumjau.ee\/#website\",\"url\":\"https:\/\/miumjau.ee\/\",\"name\":\"MiuMjau\",\"description\":\"Kraapimispuud kassidele\",\"publisher\":{\"@id\":\"https:\/\/miumjau.ee\/#organization\"},\"potentialAction\":[{\"@type\":\"SearchAction\",\"target\":{\"@type\":\"EntryPoint\",\"urlTemplate\":\"https:\/\/miumjau.ee\/?s={search_term_string}\"},\"query-input\":{\"@type\":\"PropertyValueSpecification\",\"valueRequired\":true,\"valueName\":\"search_term_string\"}}],\"inLanguage\":\"lt-LT\"},{\"@type\":\"Organization\",\"@id\":\"https:\/\/miumjau.ee\/#organization\",\"name\":\"MiuMjau O\u00dc\",\"url\":\"https:\/\/miumjau.ee\/\",\"logo\":{\"@type\":\"ImageObject\",\"inLanguage\":\"lt-LT\",\"@id\":\"https:\/\/miumjau.ee\/#\/schema\/logo\/image\/\",\"url\":\"https:\/\/miumjau.ee\/wp-content\/uploads\/2022\/04\/MiuMjau-logo-kollane.png\",\"contentUrl\":\"https:\/\/miumjau.ee\/wp-content\/uploads\/2022\/04\/MiuMjau-logo-kollane.png\",\"width\":219,\"height\":100,\"caption\":\"MiuMjau O\u00dc\"},\"image\":{\"@id\":\"https:\/\/miumjau.ee\/#\/schema\/logo\/image\/\"},\"sameAs\":[\"https:\/\/www.facebook.com\/miumjaupood\/\"]}]}<\/script>\n<!-- \/ Yoast SEO plugin. -->","yoast_head_json":{"title":"\u0160uns narvas (sutvirtintas) XL 106x71x77cm - MiuMjau","robots":{"index":"index","follow":"follow","max-snippet":"max-snippet:-1","max-image-preview":"max-image-preview:large","max-video-preview":"max-video-preview:-1"},"canonical":"https:\/\/miumjau.ee\/lt\/produktas\/suns-narvas-sutvirtintas-xl-106x71x77cm\/","og_locale":"lt_LT","og_type":"article","og_title":"\u0160uns narvas (sutvirtintas) XL 106x71x77cm - MiuMjau","og_description":"Daugiafunkcis metalinis \u0161uns narvas su dviem \u012f\u0117jimais. Narvas pagamintas kruop\u0161\u010diai, u\u017etikrinant auk\u0161tos kokyb\u0117s apdail\u0105, garantuojan\u010di\u0105 augintinio saugum\u0105 ir ilgaam\u017ei\u0161kum\u0105. Konstrukcijoje naudojama 4,7\/4,1\/4,1 mm storio viela. I\u0161matavimai: Ilgis 106 cm, Plotis 71 cm, Auk\u0161tis 77 cm. Narvo svoris: 17 kg. Produkto svoris su pakuote: 19 kg. Dur\u0173 skai\u010dius: 2 Privalumai:     I\u0161traukiamas pad\u0117klas.    Labai lengva ir patvari plieno konstrukcija.    Lengva valyti.    Apver\u010diamas rankena abiejose pus\u0117se patogiam ne\u0161iojimui.    Greita surinkimas, nereikia var\u017et\u0173 ar \u012franki\u0173.    Sulankstomas kaip lagaminas.    Lengva laikyti ir transportuoti po surinkimo.    N\u0117ra a\u0161tri\u0173 kra\u0161t\u0173, tod\u0117l u\u017etikrinamas augintinio saugumas ir nepa\u017eeid\u017eiamos kitos pavir\u0161iai.   Techniniai duomenys:     Tarpai tarp viel\u0173: 35 mm    Pagrindin\u0117s\/konstrukcin\u0117s strypai: 4,7 mm    Storis (vertikal\u016bs strypai): 4,1 mm    Storis (horizontal\u016bs strypai): 4,1 mm    \u012e\u0117jimo anga \u2013 pagrindin\u0117s durys (ilgoji pus\u0117): 54 \u00d7 59 cm (plotis\/auk\u0161tis)    \u012e\u0117jimo anga \u2013 trumpoji pus\u0117, de\u0161in\u0117s durys: 53 \u00d7 53 cm (plotis\/auk\u0161tis)    L formos spyna neleid\u017eia \u0161uniui atidaryti dur\u0173. Tvir\u010diausia spynos sistema, naudojama narvuose ir aptvaruose.    Kiekvienose duryse yra dvi spynos.","og_url":"https:\/\/miumjau.ee\/lt\/produktas\/suns-narvas-sutvirtintas-xl-106x71x77cm\/","og_site_name":"MiuMjau","article_publisher":"https:\/\/www.facebook.com\/miumjaupood\/","article_modified_time":"2026-01-07T18:43:16+00:00","og_image":[{"width":600,"height":800,"url":"https:\/\/miumjau.ee\/wp-content\/uploads\/2025\/07\/koerapuur-puur-L3-Photoroom.jpg","type":"image\/jpeg"}],"twitter_card":"summary_large_image","schema":{"@context":"https:\/\/schema.org","@graph":[{"@type":"WebPage","@id":"https:\/\/miumjau.ee\/lt\/produktas\/suns-narvas-sutvirtintas-xl-106x71x77cm\/","url":"https:\/\/miumjau.ee\/lt\/produktas\/suns-narvas-sutvirtintas-xl-106x71x77cm\/","name":"\u0160uns narvas (sutvirtintas) XL 106x71x77cm - MiuMjau","isPartOf":{"@id":"https:\/\/miumjau.ee\/#website"},"primaryImageOfPage":{"@id":"https:\/\/miumjau.ee\/lt\/produktas\/suns-narvas-sutvirtintas-xl-106x71x77cm\/#primaryimage"},"image":{"@id":"https:\/\/miumjau.ee\/lt\/produktas\/suns-narvas-sutvirtintas-xl-106x71x77cm\/#primaryimage"},"thumbnailUrl":"https:\/\/miumjau.ee\/wp-content\/uploads\/2025\/07\/koerapuur-puur-L3-Photoroom.jpg","datePublished":"2025-07-20T11:29:27+00:00","dateModified":"2026-01-07T18:43:16+00:00","breadcrumb":{"@id":"https:\/\/miumjau.ee\/lt\/produktas\/suns-narvas-sutvirtintas-xl-106x71x77cm\/#breadcrumb"},"inLanguage":"lt-LT","potentialAction":[{"@type":"ReadAction","target":["https:\/\/miumjau.ee\/lt\/produktas\/suns-narvas-sutvirtintas-xl-106x71x77cm\/"]}]},{"@type":"ImageObject","inLanguage":"lt-LT","@id":"https:\/\/miumjau.ee\/lt\/produktas\/suns-narvas-sutvirtintas-xl-106x71x77cm\/#primaryimage","url":"https:\/\/miumjau.ee\/wp-content\/uploads\/2025\/07\/koerapuur-puur-L3-Photoroom.jpg","contentUrl":"https:\/\/miumjau.ee\/wp-content\/uploads\/2025\/07\/koerapuur-puur-L3-Photoroom.jpg","width":600,"height":800,"caption":"Koera puur (tugevdatud) XL 106x71x77cm"},{"@type":"BreadcrumbList","@id":"https:\/\/miumjau.ee\/lt\/produktas\/suns-narvas-sutvirtintas-xl-106x71x77cm\/#breadcrumb","itemListElement":[{"@type":"ListItem","position":1,"name":"Home","item":"https:\/\/miumjau.ee\/lt\/"},{"@type":"ListItem","position":2,"name":"Parduotuv\u0117","item":"https:\/\/miumjau.ee\/lt\/parduotuve\/"},{"@type":"ListItem","position":3,"name":"\u0160uns narvas (sutvirtintas) XL 106x71x77cm"}]},{"@type":"WebSite","@id":"https:\/\/miumjau.ee\/#website","url":"https:\/\/miumjau.ee\/","name":"MiuMjau","description":"Kraapimispuud kassidele","publisher":{"@id":"https:\/\/miumjau.ee\/#organization"},"potentialAction":[{"@type":"SearchAction","target":{"@type":"EntryPoint","urlTemplate":"https:\/\/miumjau.ee\/?s={search_term_string}"},"query-input":{"@type":"PropertyValueSpecification","valueRequired":true,"valueName":"search_term_string"}}],"inLanguage":"lt-LT"},{"@type":"Organization","@id":"https:\/\/miumjau.ee\/#organization","name":"MiuMjau O\u00dc","url":"https:\/\/miumjau.ee\/","logo":{"@type":"ImageObject","inLanguage":"lt-LT","@id":"https:\/\/miumjau.ee\/#\/schema\/logo\/image\/","url":"https:\/\/miumjau.ee\/wp-content\/uploads\/2022\/04\/MiuMjau-logo-kollane.png","contentUrl":"https:\/\/miumjau.ee\/wp-content\/uploads\/2022\/04\/MiuMjau-logo-kollane.png","width":219,"height":100,"caption":"MiuMjau O\u00dc"},"image":{"@id":"https:\/\/miumjau.ee\/#\/schema\/logo\/image\/"},"sameAs":["https:\/\/www.facebook.com\/miumjaupood\/"]}]}},"_links":{"self":[{"href":"https:\/\/miumjau.ee\/lt\/wp-json\/wp\/v2\/product\/49511","targetHints":{"allow":["GET"]}}],"collection":[{"href":"https:\/\/miumjau.ee\/lt\/wp-json\/wp\/v2\/product"}],"about":[{"href":"https:\/\/miumjau.ee\/lt\/wp-json\/wp\/v2\/types\/product"}],"wp:featuredmedia":[{"embeddable":true,"href":"https:\/\/miumjau.ee\/lt\/wp-json\/wp\/v2\/media\/43958"}],"wp:attachment":[{"href":"https:\/\/miumjau.ee\/lt\/wp-json\/wp\/v2\/media?parent=49511"}],"wp:term":[{"taxonomy":"product_brand","embeddable":true,"href":"https:\/\/miumjau.ee\/lt\/wp-json\/wp\/v2\/product_brand?post=49511"},{"taxonomy":"product_cat","embeddable":true,"href":"https:\/\/miumjau.ee\/lt\/wp-json\/wp\/v2\/product_cat?post=49511"},{"taxonomy":"product_tag","embeddable":true,"href":"https:\/\/miumjau.ee\/lt\/wp-json\/wp\/v2\/product_tag?post=49511"}],"curies":[{"name":"wp","href":"https:\/\/api.w.org\/{rel}","templated":true}]}}