{"id":49503,"date":"2025-07-18T20:43:26","date_gmt":"2025-07-18T17:43:26","guid":{"rendered":"https:\/\/miumjau.ee\/toode\/suns-narvas-dideliems-sunims-xxl-121x74x805cm\/"},"modified":"2026-01-07T20:43:16","modified_gmt":"2026-01-07T18:43:16","slug":"suns-narvas-dideliems-sunims-xxl-121x74x805cm","status":"publish","type":"product","link":"https:\/\/miumjau.ee\/lt\/produktas\/suns-narvas-dideliems-sunims-xxl-121x74x805cm\/","title":{"rendered":"\u0160uns narvas dideliems \u0161unims XXL 121x74x80,5cm"},"content":{"rendered":"","protected":false},"excerpt":{"rendered":"<div class=\"flex max-w-full flex-col grow\">\n<div class=\"min-h-8 text-message relative flex w-full flex-col items-end gap-2 text-start break-words whitespace-normal [.text-message+&amp;]:mt-1\" dir=\"auto\" data-message-author-role=\"assistant\" data-message-id=\"8405df74-7a15-4fa8-987c-59d090de73a3\" data-message-model-slug=\"gpt-5-mini\">\n<div class=\"flex w-full flex-col gap-1 empty:hidden first:pt-[1px]\">\n<div class=\"markdown prose dark:prose-invert w-full break-words light markdown-new-styling\">\n<p data-start=\"2160\" data-end=\"2591\">\u0160uns narvas j\u016bs\u0173 augintinio saugiam laikymui automobilyje arba namuose. Narvas pagamintas i\u0161 metalo. Jis erdvus, u\u017etikrinant augintinio komfort\u0105. Specialus dizainas tinka daugumai automobili\u0173 baga\u017eini\u0173. Pagamintas i\u0161 auk\u0161tos kokyb\u0117s, tvirt\u0173 ir patvari\u0173 med\u017eiag\u0173. \u012erengtas neslystan\u010diais slankikliais patogesniam transportavimui. Didel\u0117s priekin\u0117s ir \u0161onin\u0117s durys u\u017etikrina ger\u0105 oro cirkuliacij\u0105 ir pakankam\u0105 v\u0117dinim\u0105 baga\u017ein\u0117je.<\/p>\n<ul data-start=\"2593\" data-end=\"2782\" data-is-last-node=\"\" data-is-only-node=\"\">\n<li data-start=\"2593\" data-end=\"2656\">\n<p data-start=\"2595\" data-end=\"2656\">Auk\u0161tos kokyb\u0117s sulankstomas metalinis narvas augintiniams.<\/p>\n<\/li>\n<li data-start=\"2657\" data-end=\"2722\">\n<p data-start=\"2659\" data-end=\"2722\">Nuimamas plastikinis pad\u0117klas palengvina valym\u0105 ir prie\u017ei\u016br\u0105.<\/p>\n<\/li>\n<li data-start=\"2723\" data-end=\"2782\" data-is-last-node=\"\">\n<p data-start=\"2725\" data-end=\"2782\" data-is-last-node=\"\">Dvigubos durys leid\u017eia reguliuoti prieig\u0105 ir narvo viet\u0105.<\/p>\n<\/li>\n<\/ul>\n<\/div>\n<\/div>\n<\/div>\n<\/div>\n","protected":false},"featured_media":49506,"template":"","meta":[],"product_brand":[],"product_cat":[544],"product_tag":[],"class_list":{"0":"post-49503","1":"product","2":"type-product","3":"status-publish","4":"has-post-thumbnail","6":"product_cat-sunu-narvai-ir-transportavimo-krepsiai","7":"product_shipping_class-pakiautomaati-sobimatu-lt","9":"first","10":"outofstock","11":"taxable","12":"shipping-taxable","13":"purchasable","14":"product-type-simple"},"yoast_head":"<!-- This site is optimized with the Yoast SEO plugin v27.2 - https:\/\/yoast.com\/product\/yoast-seo-wordpress\/ -->\n<title>\u0160uns narvas dideliems \u0161unims XXL 121x74x80,5cm - MiuMjau<\/title>\n<meta name=\"robots\" content=\"index, follow, max-snippet:-1, max-image-preview:large, max-video-preview:-1\" \/>\n<link rel=\"canonical\" href=\"https:\/\/miumjau.ee\/produktas\/koerapuur-suurele-koerale-xxl-121x74x80-5\/\" \/>\n<meta property=\"og:locale\" content=\"lt_LT\" \/>\n<meta property=\"og:type\" content=\"article\" \/>\n<meta property=\"og:title\" content=\"\u0160uns narvas dideliems \u0161unims XXL 121x74x80,5cm - MiuMjau\" \/>\n<meta property=\"og:description\" content=\"\u0160uns narvas j\u016bs\u0173 augintinio saugiam laikymui automobilyje arba namuose. Narvas pagamintas i\u0161 metalo. Jis erdvus, u\u017etikrinant augintinio komfort\u0105. Specialus dizainas tinka daugumai automobili\u0173 baga\u017eini\u0173. Pagamintas i\u0161 auk\u0161tos kokyb\u0117s, tvirt\u0173 ir patvari\u0173 med\u017eiag\u0173. \u012erengtas neslystan\u010diais slankikliais patogesniam transportavimui. Didel\u0117s priekin\u0117s ir \u0161onin\u0117s durys u\u017etikrina ger\u0105 oro cirkuliacij\u0105 ir pakankam\u0105 v\u0117dinim\u0105 baga\u017ein\u0117je.     Auk\u0161tos kokyb\u0117s sulankstomas metalinis narvas augintiniams.    Nuimamas plastikinis pad\u0117klas palengvina valym\u0105 ir prie\u017ei\u016br\u0105.    Dvigubos durys leid\u017eia reguliuoti prieig\u0105 ir narvo viet\u0105.\" \/>\n<meta property=\"og:url\" content=\"https:\/\/miumjau.ee\/produktas\/koerapuur-suurele-koerale-xxl-121x74x80-5\/\" \/>\n<meta property=\"og:site_name\" content=\"MiuMjau\" \/>\n<meta property=\"article:publisher\" content=\"https:\/\/www.facebook.com\/miumjaupood\/\" \/>\n<meta property=\"article:modified_time\" content=\"2026-01-07T18:43:16+00:00\" \/>\n<meta property=\"og:image\" content=\"https:\/\/miumjau.ee\/wp-content\/uploads\/2025\/07\/koerapuur-xxl4.jpg\" \/>\n\t<meta property=\"og:image:width\" content=\"600\" \/>\n\t<meta property=\"og:image:height\" content=\"800\" \/>\n\t<meta property=\"og:image:type\" content=\"image\/jpeg\" \/>\n<meta name=\"twitter:card\" content=\"summary_large_image\" \/>\n<script type=\"application\/ld+json\" class=\"yoast-schema-graph\">{\"@context\":\"https:\/\/schema.org\",\"@graph\":[{\"@type\":\"WebPage\",\"@id\":\"https:\/\/miumjau.ee\/produktas\/koerapuur-suurele-koerale-xxl-121x74x80-5\/\",\"url\":\"https:\/\/miumjau.ee\/produktas\/koerapuur-suurele-koerale-xxl-121x74x80-5\/\",\"name\":\"\u0160uns narvas dideliems \u0161unims XXL 121x74x80,5cm - MiuMjau\",\"isPartOf\":{\"@id\":\"https:\/\/miumjau.ee\/#website\"},\"primaryImageOfPage\":{\"@id\":\"https:\/\/miumjau.ee\/produktas\/koerapuur-suurele-koerale-xxl-121x74x80-5\/#primaryimage\"},\"image\":{\"@id\":\"https:\/\/miumjau.ee\/produktas\/koerapuur-suurele-koerale-xxl-121x74x80-5\/#primaryimage\"},\"thumbnailUrl\":\"https:\/\/miumjau.ee\/wp-content\/uploads\/2025\/07\/koerapuur-xxl4.jpg\",\"datePublished\":\"2025-07-18T17:43:26+00:00\",\"dateModified\":\"2026-01-07T18:43:16+00:00\",\"breadcrumb\":{\"@id\":\"https:\/\/miumjau.ee\/produktas\/koerapuur-suurele-koerale-xxl-121x74x80-5\/#breadcrumb\"},\"inLanguage\":\"lt-LT\",\"potentialAction\":[{\"@type\":\"ReadAction\",\"target\":[\"https:\/\/miumjau.ee\/produktas\/koerapuur-suurele-koerale-xxl-121x74x80-5\/\"]}]},{\"@type\":\"ImageObject\",\"inLanguage\":\"lt-LT\",\"@id\":\"https:\/\/miumjau.ee\/produktas\/koerapuur-suurele-koerale-xxl-121x74x80-5\/#primaryimage\",\"url\":\"https:\/\/miumjau.ee\/wp-content\/uploads\/2025\/07\/koerapuur-xxl4.jpg\",\"contentUrl\":\"https:\/\/miumjau.ee\/wp-content\/uploads\/2025\/07\/koerapuur-xxl4.jpg\",\"width\":600,\"height\":800},{\"@type\":\"BreadcrumbList\",\"@id\":\"https:\/\/miumjau.ee\/produktas\/koerapuur-suurele-koerale-xxl-121x74x80-5\/#breadcrumb\",\"itemListElement\":[{\"@type\":\"ListItem\",\"position\":1,\"name\":\"Home\",\"item\":\"https:\/\/miumjau.ee\/lt\/\"},{\"@type\":\"ListItem\",\"position\":2,\"name\":\"Parduotuv\u0117\",\"item\":\"https:\/\/miumjau.ee\/lt\/parduotuve\/\"},{\"@type\":\"ListItem\",\"position\":3,\"name\":\"\u0160uns narvas dideliems \u0161unims XXL 121x74x80,5cm\"}]},{\"@type\":\"WebSite\",\"@id\":\"https:\/\/miumjau.ee\/#website\",\"url\":\"https:\/\/miumjau.ee\/\",\"name\":\"MiuMjau\",\"description\":\"Kraapimispuud kassidele\",\"publisher\":{\"@id\":\"https:\/\/miumjau.ee\/#organization\"},\"potentialAction\":[{\"@type\":\"SearchAction\",\"target\":{\"@type\":\"EntryPoint\",\"urlTemplate\":\"https:\/\/miumjau.ee\/?s={search_term_string}\"},\"query-input\":{\"@type\":\"PropertyValueSpecification\",\"valueRequired\":true,\"valueName\":\"search_term_string\"}}],\"inLanguage\":\"lt-LT\"},{\"@type\":\"Organization\",\"@id\":\"https:\/\/miumjau.ee\/#organization\",\"name\":\"MiuMjau O\u00dc\",\"url\":\"https:\/\/miumjau.ee\/\",\"logo\":{\"@type\":\"ImageObject\",\"inLanguage\":\"lt-LT\",\"@id\":\"https:\/\/miumjau.ee\/#\/schema\/logo\/image\/\",\"url\":\"https:\/\/miumjau.ee\/wp-content\/uploads\/2022\/04\/MiuMjau-logo-kollane.png\",\"contentUrl\":\"https:\/\/miumjau.ee\/wp-content\/uploads\/2022\/04\/MiuMjau-logo-kollane.png\",\"width\":219,\"height\":100,\"caption\":\"MiuMjau O\u00dc\"},\"image\":{\"@id\":\"https:\/\/miumjau.ee\/#\/schema\/logo\/image\/\"},\"sameAs\":[\"https:\/\/www.facebook.com\/miumjaupood\/\"]}]}<\/script>\n<!-- \/ Yoast SEO plugin. -->","yoast_head_json":{"title":"\u0160uns narvas dideliems \u0161unims XXL 121x74x80,5cm - MiuMjau","robots":{"index":"index","follow":"follow","max-snippet":"max-snippet:-1","max-image-preview":"max-image-preview:large","max-video-preview":"max-video-preview:-1"},"canonical":"https:\/\/miumjau.ee\/produktas\/koerapuur-suurele-koerale-xxl-121x74x80-5\/","og_locale":"lt_LT","og_type":"article","og_title":"\u0160uns narvas dideliems \u0161unims XXL 121x74x80,5cm - MiuMjau","og_description":"\u0160uns narvas j\u016bs\u0173 augintinio saugiam laikymui automobilyje arba namuose. Narvas pagamintas i\u0161 metalo. Jis erdvus, u\u017etikrinant augintinio komfort\u0105. Specialus dizainas tinka daugumai automobili\u0173 baga\u017eini\u0173. Pagamintas i\u0161 auk\u0161tos kokyb\u0117s, tvirt\u0173 ir patvari\u0173 med\u017eiag\u0173. \u012erengtas neslystan\u010diais slankikliais patogesniam transportavimui. Didel\u0117s priekin\u0117s ir \u0161onin\u0117s durys u\u017etikrina ger\u0105 oro cirkuliacij\u0105 ir pakankam\u0105 v\u0117dinim\u0105 baga\u017ein\u0117je.     Auk\u0161tos kokyb\u0117s sulankstomas metalinis narvas augintiniams.    Nuimamas plastikinis pad\u0117klas palengvina valym\u0105 ir prie\u017ei\u016br\u0105.    Dvigubos durys leid\u017eia reguliuoti prieig\u0105 ir narvo viet\u0105.","og_url":"https:\/\/miumjau.ee\/produktas\/koerapuur-suurele-koerale-xxl-121x74x80-5\/","og_site_name":"MiuMjau","article_publisher":"https:\/\/www.facebook.com\/miumjaupood\/","article_modified_time":"2026-01-07T18:43:16+00:00","og_image":[{"width":600,"height":800,"url":"https:\/\/miumjau.ee\/wp-content\/uploads\/2025\/07\/koerapuur-xxl4.jpg","type":"image\/jpeg"}],"twitter_card":"summary_large_image","schema":{"@context":"https:\/\/schema.org","@graph":[{"@type":"WebPage","@id":"https:\/\/miumjau.ee\/produktas\/koerapuur-suurele-koerale-xxl-121x74x80-5\/","url":"https:\/\/miumjau.ee\/produktas\/koerapuur-suurele-koerale-xxl-121x74x80-5\/","name":"\u0160uns narvas dideliems \u0161unims XXL 121x74x80,5cm - MiuMjau","isPartOf":{"@id":"https:\/\/miumjau.ee\/#website"},"primaryImageOfPage":{"@id":"https:\/\/miumjau.ee\/produktas\/koerapuur-suurele-koerale-xxl-121x74x80-5\/#primaryimage"},"image":{"@id":"https:\/\/miumjau.ee\/produktas\/koerapuur-suurele-koerale-xxl-121x74x80-5\/#primaryimage"},"thumbnailUrl":"https:\/\/miumjau.ee\/wp-content\/uploads\/2025\/07\/koerapuur-xxl4.jpg","datePublished":"2025-07-18T17:43:26+00:00","dateModified":"2026-01-07T18:43:16+00:00","breadcrumb":{"@id":"https:\/\/miumjau.ee\/produktas\/koerapuur-suurele-koerale-xxl-121x74x80-5\/#breadcrumb"},"inLanguage":"lt-LT","potentialAction":[{"@type":"ReadAction","target":["https:\/\/miumjau.ee\/produktas\/koerapuur-suurele-koerale-xxl-121x74x80-5\/"]}]},{"@type":"ImageObject","inLanguage":"lt-LT","@id":"https:\/\/miumjau.ee\/produktas\/koerapuur-suurele-koerale-xxl-121x74x80-5\/#primaryimage","url":"https:\/\/miumjau.ee\/wp-content\/uploads\/2025\/07\/koerapuur-xxl4.jpg","contentUrl":"https:\/\/miumjau.ee\/wp-content\/uploads\/2025\/07\/koerapuur-xxl4.jpg","width":600,"height":800},{"@type":"BreadcrumbList","@id":"https:\/\/miumjau.ee\/produktas\/koerapuur-suurele-koerale-xxl-121x74x80-5\/#breadcrumb","itemListElement":[{"@type":"ListItem","position":1,"name":"Home","item":"https:\/\/miumjau.ee\/lt\/"},{"@type":"ListItem","position":2,"name":"Parduotuv\u0117","item":"https:\/\/miumjau.ee\/lt\/parduotuve\/"},{"@type":"ListItem","position":3,"name":"\u0160uns narvas dideliems \u0161unims XXL 121x74x80,5cm"}]},{"@type":"WebSite","@id":"https:\/\/miumjau.ee\/#website","url":"https:\/\/miumjau.ee\/","name":"MiuMjau","description":"Kraapimispuud kassidele","publisher":{"@id":"https:\/\/miumjau.ee\/#organization"},"potentialAction":[{"@type":"SearchAction","target":{"@type":"EntryPoint","urlTemplate":"https:\/\/miumjau.ee\/?s={search_term_string}"},"query-input":{"@type":"PropertyValueSpecification","valueRequired":true,"valueName":"search_term_string"}}],"inLanguage":"lt-LT"},{"@type":"Organization","@id":"https:\/\/miumjau.ee\/#organization","name":"MiuMjau O\u00dc","url":"https:\/\/miumjau.ee\/","logo":{"@type":"ImageObject","inLanguage":"lt-LT","@id":"https:\/\/miumjau.ee\/#\/schema\/logo\/image\/","url":"https:\/\/miumjau.ee\/wp-content\/uploads\/2022\/04\/MiuMjau-logo-kollane.png","contentUrl":"https:\/\/miumjau.ee\/wp-content\/uploads\/2022\/04\/MiuMjau-logo-kollane.png","width":219,"height":100,"caption":"MiuMjau O\u00dc"},"image":{"@id":"https:\/\/miumjau.ee\/#\/schema\/logo\/image\/"},"sameAs":["https:\/\/www.facebook.com\/miumjaupood\/"]}]}},"_links":{"self":[{"href":"https:\/\/miumjau.ee\/lt\/wp-json\/wp\/v2\/product\/49503","targetHints":{"allow":["GET"]}}],"collection":[{"href":"https:\/\/miumjau.ee\/lt\/wp-json\/wp\/v2\/product"}],"about":[{"href":"https:\/\/miumjau.ee\/lt\/wp-json\/wp\/v2\/types\/product"}],"wp:featuredmedia":[{"embeddable":true,"href":"https:\/\/miumjau.ee\/lt\/wp-json\/wp\/v2\/media\/49506"}],"wp:attachment":[{"href":"https:\/\/miumjau.ee\/lt\/wp-json\/wp\/v2\/media?parent=49503"}],"wp:term":[{"taxonomy":"product_brand","embeddable":true,"href":"https:\/\/miumjau.ee\/lt\/wp-json\/wp\/v2\/product_brand?post=49503"},{"taxonomy":"product_cat","embeddable":true,"href":"https:\/\/miumjau.ee\/lt\/wp-json\/wp\/v2\/product_cat?post=49503"},{"taxonomy":"product_tag","embeddable":true,"href":"https:\/\/miumjau.ee\/lt\/wp-json\/wp\/v2\/product_tag?post=49503"}],"curies":[{"name":"wp","href":"https:\/\/api.w.org\/{rel}","templated":true}]}}