{"id":49498,"date":"2025-07-20T14:29:54","date_gmt":"2025-07-20T11:29:54","guid":{"rendered":"https:\/\/miumjau.ee\/toode\/suns-narvas-sutvirtintas-l-91x60x66cm\/"},"modified":"2026-01-07T20:43:16","modified_gmt":"2026-01-07T18:43:16","slug":"suns-narvas-sutvirtintas-l-91x60x66cm","status":"publish","type":"product","link":"https:\/\/miumjau.ee\/lt\/produktas\/suns-narvas-sutvirtintas-l-91x60x66cm\/","title":{"rendered":"\u0160uns narvas (sutvirtintas) L 91x60x66cm"},"content":{"rendered":"","protected":false},"excerpt":{"rendered":"<div class=\"flex max-w-full flex-col grow\">\n<div class=\"min-h-8 text-message relative flex w-full flex-col items-end gap-2 text-start break-words whitespace-normal [.text-message+&amp;]:mt-1\" dir=\"auto\" data-message-author-role=\"assistant\" data-message-id=\"35ce0926-8710-428a-a755-c69d6211acfc\" data-message-model-slug=\"gpt-5-mini\">\n<div class=\"flex w-full flex-col gap-1 empty:hidden first:pt-[1px]\">\n<div class=\"markdown prose dark:prose-invert w-full break-words light markdown-new-styling\">\n<p data-start=\"4045\" data-end=\"4138\">Daugiaveiksmis metalinis narvas su dviem \u012f\u0117jimais. Premium versija su storesniais strypais.<\/p>\n<ul data-start=\"4139\" data-end=\"4202\">\n<li data-start=\"4139\" data-end=\"4202\">\n<p data-start=\"4141\" data-end=\"4202\">Konstrukcijoje naudojamo strypo storis: 4,5 \/ 4,1 \/ 4,1 mm.<\/p>\n<\/li>\n<\/ul>\n<p data-start=\"4204\" data-end=\"4328\">Narvas pagamintas ypatingai kruop\u0161\u010diai, auk\u0161tos kokyb\u0117s apdaila u\u017etikrina j\u016bs\u0173 augintinio saugum\u0105 ir ilg\u0105 naudojimo laik\u0105.<\/p>\n<p data-start=\"4330\" data-end=\"4449\"><strong data-start=\"4330\" data-end=\"4343\">Matmenys:<\/strong> Ilgis 91 cm, Plotis 60 cm, Auk\u0161tis 66 cm. Narvo svoris 12 kg (14 kg su pakuote).<br data-start=\"4424\" data-end=\"4427\" \/><strong data-start=\"4427\" data-end=\"4445\">Dur\u0173 skai\u010dius:<\/strong> 2<\/p>\n<p data-start=\"4451\" data-end=\"4468\"><strong data-start=\"4451\" data-end=\"4466\">Privalumai:<\/strong><\/p>\n<ul data-start=\"4469\" data-end=\"4816\">\n<li data-start=\"4469\" data-end=\"4494\">\n<p data-start=\"4471\" data-end=\"4494\">I\u0161traukiama pad\u0117klas.<\/p>\n<\/li>\n<li data-start=\"4495\" data-end=\"4529\">\n<p data-start=\"4497\" data-end=\"4529\">Patvari plienin\u0117 konstrukcija.<\/p>\n<\/li>\n<li data-start=\"4530\" data-end=\"4548\">\n<p data-start=\"4532\" data-end=\"4548\">Lengva valyti.<\/p>\n<\/li>\n<li data-start=\"4549\" data-end=\"4608\">\n<p data-start=\"4551\" data-end=\"4608\">Sukiojamas rankena abiejose pus\u0117se patogiam ne\u0161iojimui.<\/p>\n<\/li>\n<li data-start=\"4609\" data-end=\"4660\">\n<p data-start=\"4611\" data-end=\"4660\">Greitas surinkimas, nereikia var\u017et\u0173 ar \u012franki\u0173.<\/p>\n<\/li>\n<li data-start=\"4661\" data-end=\"4693\">\n<p data-start=\"4663\" data-end=\"4693\">Sulankstomas kaip lagaminas.<\/p>\n<\/li>\n<li data-start=\"4694\" data-end=\"4743\">\n<p data-start=\"4696\" data-end=\"4743\">Po surinkimo lengva laikyti ir transportuoti.<\/p>\n<\/li>\n<li data-start=\"4744\" data-end=\"4816\">\n<p data-start=\"4746\" data-end=\"4816\">Be a\u0161tri\u0173 kra\u0161t\u0173, u\u017etikrina augintinio saugum\u0105 ir nebrai\u017eo pavir\u0161i\u0173.<\/p>\n<\/li>\n<\/ul>\n<p data-start=\"4818\" data-end=\"4844\"><strong data-start=\"4818\" data-end=\"4842\">Techniniai duomenys:<\/strong><\/p>\n<ul data-start=\"4845\" data-end=\"5300\" data-is-last-node=\"\" data-is-only-node=\"\">\n<li data-start=\"4845\" data-end=\"4869\">\n<p data-start=\"4847\" data-end=\"4869\">Stryp\u0173 tarpai: 35 mm<\/p>\n<\/li>\n<li data-start=\"4870\" data-end=\"4917\">\n<p data-start=\"4872\" data-end=\"4917\">Pagrindiniai\/konstrukciniai strypai: 4,5 mm<\/p>\n<\/li>\n<li data-start=\"4918\" data-end=\"4957\">\n<p data-start=\"4920\" data-end=\"4957\">Storis (vertikal\u016bs strypai): 4,1 mm<\/p>\n<\/li>\n<li data-start=\"4958\" data-end=\"4999\">\n<p data-start=\"4960\" data-end=\"4999\">Storis (horizontal\u016bs strypai): 4,1 mm<\/p>\n<\/li>\n<li data-start=\"5000\" data-end=\"5072\">\n<p data-start=\"5002\" data-end=\"5072\">\u012e\u0117jimo anga \u2013 pagrindin\u0117s durys ilgesn\u0117je pus\u0117je: 42 \u00d7 45 cm (P \u00d7 A)<\/p>\n<\/li>\n<li data-start=\"5073\" data-end=\"5140\">\n<p data-start=\"5075\" data-end=\"5140\">\u012e\u0117jimo anga \u2013 trumpesn\u0117s pus\u0117s de\u0161in\u0117 duris: 41 \u00d7 45 cm (P \u00d7 A)<\/p>\n<\/li>\n<li data-start=\"5141\" data-end=\"5262\">\n<p data-start=\"5143\" data-end=\"5262\">L formos u\u017eraktas neleid\u017eia \u0161uniui atidaryti dur\u0173. Patvariausia u\u017erakinimo sistema, naudojama narvuose ir voljeruose.<\/p>\n<\/li>\n<li data-start=\"5263\" data-end=\"5300\" data-is-last-node=\"\">\n<p data-start=\"5265\" data-end=\"5300\" data-is-last-node=\"\">Kiekvienose duryse yra du u\u017eraktai.<\/p>\n<\/li>\n<\/ul>\n<\/div>\n<\/div>\n<\/div>\n<\/div>\n","protected":false},"featured_media":43958,"template":"","meta":[],"product_brand":[],"product_cat":[544],"product_tag":[],"class_list":{"0":"post-49498","1":"product","2":"type-product","3":"status-publish","4":"has-post-thumbnail","6":"product_cat-sunu-narvai-ir-transportavimo-krepsiai","7":"product_shipping_class-pakiautomaati-sobimatu-lt","9":"first","10":"instock","11":"taxable","12":"shipping-taxable","13":"purchasable","14":"product-type-simple"},"yoast_head":"<!-- This site is optimized with the Yoast SEO plugin v27.2 - https:\/\/yoast.com\/product\/yoast-seo-wordpress\/ -->\n<title>\u0160uns narvas (sutvirtintas) L 91x60x66cm - MiuMjau<\/title>\n<meta name=\"robots\" content=\"index, follow, max-snippet:-1, max-image-preview:large, max-video-preview:-1\" \/>\n<link rel=\"canonical\" href=\"https:\/\/miumjau.ee\/lt\/produktas\/suns-narvas-sutvirtintas-l-91x60x66cm\/\" \/>\n<meta property=\"og:locale\" content=\"lt_LT\" \/>\n<meta property=\"og:type\" content=\"article\" \/>\n<meta property=\"og:title\" content=\"\u0160uns narvas (sutvirtintas) L 91x60x66cm - MiuMjau\" \/>\n<meta property=\"og:description\" content=\"Daugiaveiksmis metalinis narvas su dviem \u012f\u0117jimais. Premium versija su storesniais strypais.     Konstrukcijoje naudojamo strypo storis: 4,5 \/ 4,1 \/ 4,1 mm.   Narvas pagamintas ypatingai kruop\u0161\u010diai, auk\u0161tos kokyb\u0117s apdaila u\u017etikrina j\u016bs\u0173 augintinio saugum\u0105 ir ilg\u0105 naudojimo laik\u0105. Matmenys: Ilgis 91 cm, Plotis 60 cm, Auk\u0161tis 66 cm. Narvo svoris 12 kg (14 kg su pakuote).Dur\u0173 skai\u010dius: 2 Privalumai:     I\u0161traukiama pad\u0117klas.    Patvari plienin\u0117 konstrukcija.    Lengva valyti.    Sukiojamas rankena abiejose pus\u0117se patogiam ne\u0161iojimui.    Greitas surinkimas, nereikia var\u017et\u0173 ar \u012franki\u0173.    Sulankstomas kaip lagaminas.    Po surinkimo lengva laikyti ir transportuoti.    Be a\u0161tri\u0173 kra\u0161t\u0173, u\u017etikrina augintinio saugum\u0105 ir nebrai\u017eo pavir\u0161i\u0173.   Techniniai duomenys:     Stryp\u0173 tarpai: 35 mm    Pagrindiniai\/konstrukciniai strypai: 4,5 mm    Storis (vertikal\u016bs strypai): 4,1 mm    Storis (horizontal\u016bs strypai): 4,1 mm    \u012e\u0117jimo anga \u2013 pagrindin\u0117s durys ilgesn\u0117je pus\u0117je: 42 \u00d7 45 cm (P \u00d7 A)    \u012e\u0117jimo anga \u2013 trumpesn\u0117s pus\u0117s de\u0161in\u0117 duris: 41 \u00d7 45 cm (P \u00d7 A)    L formos u\u017eraktas neleid\u017eia \u0161uniui atidaryti dur\u0173. Patvariausia u\u017erakinimo sistema, naudojama narvuose ir voljeruose.    Kiekvienose duryse yra du u\u017eraktai.\" \/>\n<meta property=\"og:url\" content=\"https:\/\/miumjau.ee\/lt\/produktas\/suns-narvas-sutvirtintas-l-91x60x66cm\/\" \/>\n<meta property=\"og:site_name\" content=\"MiuMjau\" \/>\n<meta property=\"article:publisher\" content=\"https:\/\/www.facebook.com\/miumjaupood\/\" \/>\n<meta property=\"article:modified_time\" content=\"2026-01-07T18:43:16+00:00\" \/>\n<meta property=\"og:image\" content=\"https:\/\/miumjau.ee\/wp-content\/uploads\/2025\/07\/koerapuur-puur-L3-Photoroom.jpg\" \/>\n\t<meta property=\"og:image:width\" content=\"600\" \/>\n\t<meta property=\"og:image:height\" content=\"800\" \/>\n\t<meta property=\"og:image:type\" content=\"image\/jpeg\" \/>\n<meta name=\"twitter:card\" content=\"summary_large_image\" \/>\n<script type=\"application\/ld+json\" class=\"yoast-schema-graph\">{\"@context\":\"https:\/\/schema.org\",\"@graph\":[{\"@type\":\"WebPage\",\"@id\":\"https:\/\/miumjau.ee\/lt\/produktas\/suns-narvas-sutvirtintas-l-91x60x66cm\/\",\"url\":\"https:\/\/miumjau.ee\/lt\/produktas\/suns-narvas-sutvirtintas-l-91x60x66cm\/\",\"name\":\"\u0160uns narvas (sutvirtintas) L 91x60x66cm - MiuMjau\",\"isPartOf\":{\"@id\":\"https:\/\/miumjau.ee\/#website\"},\"primaryImageOfPage\":{\"@id\":\"https:\/\/miumjau.ee\/lt\/produktas\/suns-narvas-sutvirtintas-l-91x60x66cm\/#primaryimage\"},\"image\":{\"@id\":\"https:\/\/miumjau.ee\/lt\/produktas\/suns-narvas-sutvirtintas-l-91x60x66cm\/#primaryimage\"},\"thumbnailUrl\":\"https:\/\/miumjau.ee\/wp-content\/uploads\/2025\/07\/koerapuur-puur-L3-Photoroom.jpg\",\"datePublished\":\"2025-07-20T11:29:54+00:00\",\"dateModified\":\"2026-01-07T18:43:16+00:00\",\"breadcrumb\":{\"@id\":\"https:\/\/miumjau.ee\/lt\/produktas\/suns-narvas-sutvirtintas-l-91x60x66cm\/#breadcrumb\"},\"inLanguage\":\"lt-LT\",\"potentialAction\":[{\"@type\":\"ReadAction\",\"target\":[\"https:\/\/miumjau.ee\/lt\/produktas\/suns-narvas-sutvirtintas-l-91x60x66cm\/\"]}]},{\"@type\":\"ImageObject\",\"inLanguage\":\"lt-LT\",\"@id\":\"https:\/\/miumjau.ee\/lt\/produktas\/suns-narvas-sutvirtintas-l-91x60x66cm\/#primaryimage\",\"url\":\"https:\/\/miumjau.ee\/wp-content\/uploads\/2025\/07\/koerapuur-puur-L3-Photoroom.jpg\",\"contentUrl\":\"https:\/\/miumjau.ee\/wp-content\/uploads\/2025\/07\/koerapuur-puur-L3-Photoroom.jpg\",\"width\":600,\"height\":800,\"caption\":\"Koera puur (tugevdatud) XL 106x71x77cm\"},{\"@type\":\"BreadcrumbList\",\"@id\":\"https:\/\/miumjau.ee\/lt\/produktas\/suns-narvas-sutvirtintas-l-91x60x66cm\/#breadcrumb\",\"itemListElement\":[{\"@type\":\"ListItem\",\"position\":1,\"name\":\"Home\",\"item\":\"https:\/\/miumjau.ee\/lt\/\"},{\"@type\":\"ListItem\",\"position\":2,\"name\":\"Parduotuv\u0117\",\"item\":\"https:\/\/miumjau.ee\/lt\/parduotuve\/\"},{\"@type\":\"ListItem\",\"position\":3,\"name\":\"\u0160uns narvas (sutvirtintas) L 91x60x66cm\"}]},{\"@type\":\"WebSite\",\"@id\":\"https:\/\/miumjau.ee\/#website\",\"url\":\"https:\/\/miumjau.ee\/\",\"name\":\"MiuMjau\",\"description\":\"Kraapimispuud kassidele\",\"publisher\":{\"@id\":\"https:\/\/miumjau.ee\/#organization\"},\"potentialAction\":[{\"@type\":\"SearchAction\",\"target\":{\"@type\":\"EntryPoint\",\"urlTemplate\":\"https:\/\/miumjau.ee\/?s={search_term_string}\"},\"query-input\":{\"@type\":\"PropertyValueSpecification\",\"valueRequired\":true,\"valueName\":\"search_term_string\"}}],\"inLanguage\":\"lt-LT\"},{\"@type\":\"Organization\",\"@id\":\"https:\/\/miumjau.ee\/#organization\",\"name\":\"MiuMjau O\u00dc\",\"url\":\"https:\/\/miumjau.ee\/\",\"logo\":{\"@type\":\"ImageObject\",\"inLanguage\":\"lt-LT\",\"@id\":\"https:\/\/miumjau.ee\/#\/schema\/logo\/image\/\",\"url\":\"https:\/\/miumjau.ee\/wp-content\/uploads\/2022\/04\/MiuMjau-logo-kollane.png\",\"contentUrl\":\"https:\/\/miumjau.ee\/wp-content\/uploads\/2022\/04\/MiuMjau-logo-kollane.png\",\"width\":219,\"height\":100,\"caption\":\"MiuMjau O\u00dc\"},\"image\":{\"@id\":\"https:\/\/miumjau.ee\/#\/schema\/logo\/image\/\"},\"sameAs\":[\"https:\/\/www.facebook.com\/miumjaupood\/\"]}]}<\/script>\n<!-- \/ Yoast SEO plugin. -->","yoast_head_json":{"title":"\u0160uns narvas (sutvirtintas) L 91x60x66cm - MiuMjau","robots":{"index":"index","follow":"follow","max-snippet":"max-snippet:-1","max-image-preview":"max-image-preview:large","max-video-preview":"max-video-preview:-1"},"canonical":"https:\/\/miumjau.ee\/lt\/produktas\/suns-narvas-sutvirtintas-l-91x60x66cm\/","og_locale":"lt_LT","og_type":"article","og_title":"\u0160uns narvas (sutvirtintas) L 91x60x66cm - MiuMjau","og_description":"Daugiaveiksmis metalinis narvas su dviem \u012f\u0117jimais. Premium versija su storesniais strypais.     Konstrukcijoje naudojamo strypo storis: 4,5 \/ 4,1 \/ 4,1 mm.   Narvas pagamintas ypatingai kruop\u0161\u010diai, auk\u0161tos kokyb\u0117s apdaila u\u017etikrina j\u016bs\u0173 augintinio saugum\u0105 ir ilg\u0105 naudojimo laik\u0105. Matmenys: Ilgis 91 cm, Plotis 60 cm, Auk\u0161tis 66 cm. Narvo svoris 12 kg (14 kg su pakuote).Dur\u0173 skai\u010dius: 2 Privalumai:     I\u0161traukiama pad\u0117klas.    Patvari plienin\u0117 konstrukcija.    Lengva valyti.    Sukiojamas rankena abiejose pus\u0117se patogiam ne\u0161iojimui.    Greitas surinkimas, nereikia var\u017et\u0173 ar \u012franki\u0173.    Sulankstomas kaip lagaminas.    Po surinkimo lengva laikyti ir transportuoti.    Be a\u0161tri\u0173 kra\u0161t\u0173, u\u017etikrina augintinio saugum\u0105 ir nebrai\u017eo pavir\u0161i\u0173.   Techniniai duomenys:     Stryp\u0173 tarpai: 35 mm    Pagrindiniai\/konstrukciniai strypai: 4,5 mm    Storis (vertikal\u016bs strypai): 4,1 mm    Storis (horizontal\u016bs strypai): 4,1 mm    \u012e\u0117jimo anga \u2013 pagrindin\u0117s durys ilgesn\u0117je pus\u0117je: 42 \u00d7 45 cm (P \u00d7 A)    \u012e\u0117jimo anga \u2013 trumpesn\u0117s pus\u0117s de\u0161in\u0117 duris: 41 \u00d7 45 cm (P \u00d7 A)    L formos u\u017eraktas neleid\u017eia \u0161uniui atidaryti dur\u0173. Patvariausia u\u017erakinimo sistema, naudojama narvuose ir voljeruose.    Kiekvienose duryse yra du u\u017eraktai.","og_url":"https:\/\/miumjau.ee\/lt\/produktas\/suns-narvas-sutvirtintas-l-91x60x66cm\/","og_site_name":"MiuMjau","article_publisher":"https:\/\/www.facebook.com\/miumjaupood\/","article_modified_time":"2026-01-07T18:43:16+00:00","og_image":[{"width":600,"height":800,"url":"https:\/\/miumjau.ee\/wp-content\/uploads\/2025\/07\/koerapuur-puur-L3-Photoroom.jpg","type":"image\/jpeg"}],"twitter_card":"summary_large_image","schema":{"@context":"https:\/\/schema.org","@graph":[{"@type":"WebPage","@id":"https:\/\/miumjau.ee\/lt\/produktas\/suns-narvas-sutvirtintas-l-91x60x66cm\/","url":"https:\/\/miumjau.ee\/lt\/produktas\/suns-narvas-sutvirtintas-l-91x60x66cm\/","name":"\u0160uns narvas (sutvirtintas) L 91x60x66cm - MiuMjau","isPartOf":{"@id":"https:\/\/miumjau.ee\/#website"},"primaryImageOfPage":{"@id":"https:\/\/miumjau.ee\/lt\/produktas\/suns-narvas-sutvirtintas-l-91x60x66cm\/#primaryimage"},"image":{"@id":"https:\/\/miumjau.ee\/lt\/produktas\/suns-narvas-sutvirtintas-l-91x60x66cm\/#primaryimage"},"thumbnailUrl":"https:\/\/miumjau.ee\/wp-content\/uploads\/2025\/07\/koerapuur-puur-L3-Photoroom.jpg","datePublished":"2025-07-20T11:29:54+00:00","dateModified":"2026-01-07T18:43:16+00:00","breadcrumb":{"@id":"https:\/\/miumjau.ee\/lt\/produktas\/suns-narvas-sutvirtintas-l-91x60x66cm\/#breadcrumb"},"inLanguage":"lt-LT","potentialAction":[{"@type":"ReadAction","target":["https:\/\/miumjau.ee\/lt\/produktas\/suns-narvas-sutvirtintas-l-91x60x66cm\/"]}]},{"@type":"ImageObject","inLanguage":"lt-LT","@id":"https:\/\/miumjau.ee\/lt\/produktas\/suns-narvas-sutvirtintas-l-91x60x66cm\/#primaryimage","url":"https:\/\/miumjau.ee\/wp-content\/uploads\/2025\/07\/koerapuur-puur-L3-Photoroom.jpg","contentUrl":"https:\/\/miumjau.ee\/wp-content\/uploads\/2025\/07\/koerapuur-puur-L3-Photoroom.jpg","width":600,"height":800,"caption":"Koera puur (tugevdatud) XL 106x71x77cm"},{"@type":"BreadcrumbList","@id":"https:\/\/miumjau.ee\/lt\/produktas\/suns-narvas-sutvirtintas-l-91x60x66cm\/#breadcrumb","itemListElement":[{"@type":"ListItem","position":1,"name":"Home","item":"https:\/\/miumjau.ee\/lt\/"},{"@type":"ListItem","position":2,"name":"Parduotuv\u0117","item":"https:\/\/miumjau.ee\/lt\/parduotuve\/"},{"@type":"ListItem","position":3,"name":"\u0160uns narvas (sutvirtintas) L 91x60x66cm"}]},{"@type":"WebSite","@id":"https:\/\/miumjau.ee\/#website","url":"https:\/\/miumjau.ee\/","name":"MiuMjau","description":"Kraapimispuud kassidele","publisher":{"@id":"https:\/\/miumjau.ee\/#organization"},"potentialAction":[{"@type":"SearchAction","target":{"@type":"EntryPoint","urlTemplate":"https:\/\/miumjau.ee\/?s={search_term_string}"},"query-input":{"@type":"PropertyValueSpecification","valueRequired":true,"valueName":"search_term_string"}}],"inLanguage":"lt-LT"},{"@type":"Organization","@id":"https:\/\/miumjau.ee\/#organization","name":"MiuMjau O\u00dc","url":"https:\/\/miumjau.ee\/","logo":{"@type":"ImageObject","inLanguage":"lt-LT","@id":"https:\/\/miumjau.ee\/#\/schema\/logo\/image\/","url":"https:\/\/miumjau.ee\/wp-content\/uploads\/2022\/04\/MiuMjau-logo-kollane.png","contentUrl":"https:\/\/miumjau.ee\/wp-content\/uploads\/2022\/04\/MiuMjau-logo-kollane.png","width":219,"height":100,"caption":"MiuMjau O\u00dc"},"image":{"@id":"https:\/\/miumjau.ee\/#\/schema\/logo\/image\/"},"sameAs":["https:\/\/www.facebook.com\/miumjaupood\/"]}]}},"_links":{"self":[{"href":"https:\/\/miumjau.ee\/lt\/wp-json\/wp\/v2\/product\/49498","targetHints":{"allow":["GET"]}}],"collection":[{"href":"https:\/\/miumjau.ee\/lt\/wp-json\/wp\/v2\/product"}],"about":[{"href":"https:\/\/miumjau.ee\/lt\/wp-json\/wp\/v2\/types\/product"}],"wp:featuredmedia":[{"embeddable":true,"href":"https:\/\/miumjau.ee\/lt\/wp-json\/wp\/v2\/media\/43958"}],"wp:attachment":[{"href":"https:\/\/miumjau.ee\/lt\/wp-json\/wp\/v2\/media?parent=49498"}],"wp:term":[{"taxonomy":"product_brand","embeddable":true,"href":"https:\/\/miumjau.ee\/lt\/wp-json\/wp\/v2\/product_brand?post=49498"},{"taxonomy":"product_cat","embeddable":true,"href":"https:\/\/miumjau.ee\/lt\/wp-json\/wp\/v2\/product_cat?post=49498"},{"taxonomy":"product_tag","embeddable":true,"href":"https:\/\/miumjau.ee\/lt\/wp-json\/wp\/v2\/product_tag?post=49498"}],"curies":[{"name":"wp","href":"https:\/\/api.w.org\/{rel}","templated":true}]}}