{"id":49486,"date":"2025-07-20T14:31:11","date_gmt":"2025-07-20T11:31:11","guid":{"rendered":"https:\/\/miumjau.ee\/toode\/suns-narvas-su-metaline-tinkle-s-61x42x485cm\/"},"modified":"2026-01-07T20:43:16","modified_gmt":"2026-01-07T18:43:16","slug":"suns-narvas-su-metaline-tinkle-s-61x42x485cm","status":"publish","type":"product","link":"https:\/\/miumjau.ee\/lt\/produktas\/suns-narvas-su-metaline-tinkle-s-61x42x485cm\/","title":{"rendered":"\u0160uns narvas su metaline tinkle S (61x42x48,5cm)"},"content":{"rendered":"","protected":false},"excerpt":{"rendered":"<p data-start=\"2061\" data-end=\"2475\">Metalin\u0117 narvas u\u017etikrina j\u016bs\u0173 augintinio saugum\u0105 automobilyje arba namuose. Jame yra erdvi vidin\u0117 dalis, kad augintinis jaust\u0173si patogiai. Specialus dizainas tinka daugumai automobili\u0173 baga\u017eini\u0173. Pagaminta i\u0161 auk\u0161tos kokyb\u0117s, tvirt\u0173 ir patvari\u0173 med\u017eiag\u0173. Neslystan\u010dios slankios detal\u0117s palengvina transportavim\u0105. Didel\u0117s priekin\u0117s ir \u0161onin\u0117s durys u\u017etikrina ger\u0105 oro cirkuliacij\u0105 ir tinkam\u0105 v\u0117dinim\u0105 baga\u017ein\u0117je.<\/p>\n<ul data-start=\"2477\" data-end=\"2660\" data-is-last-node=\"\" data-is-only-node=\"\">\n<li data-start=\"2477\" data-end=\"2540\">\n<p data-start=\"2479\" data-end=\"2540\">Auk\u0161tos kokyb\u0117s sulankstomas metalinis narvas augintiniams.<\/p>\n<\/li>\n<li data-start=\"2541\" data-end=\"2596\">\n<p data-start=\"2543\" data-end=\"2596\">Nuimama dugno dalis palengvina prie\u017ei\u016br\u0105 ir valym\u0105.<\/p>\n<\/li>\n<li data-start=\"2597\" data-end=\"2660\" data-is-last-node=\"\">\n<p data-start=\"2599\" data-end=\"2660\" data-is-last-node=\"\">Dvi dur\u0173 poros leid\u017eia reguliuoti prieig\u0105 ir pastatymo viet\u0105.<\/p>\n<\/li>\n<\/ul>\n","protected":false},"featured_media":43960,"template":"","meta":[],"product_brand":[],"product_cat":[544],"product_tag":[],"class_list":{"0":"post-49486","1":"product","2":"type-product","3":"status-publish","4":"has-post-thumbnail","6":"product_cat-sunu-narvai-ir-transportavimo-krepsiai","7":"product_shipping_class-pakiautomaati-sobimatu-lt","9":"first","10":"instock","11":"taxable","12":"shipping-taxable","13":"purchasable","14":"product-type-simple"},"yoast_head":"<!-- This site is optimized with the Yoast SEO plugin v27.2 - https:\/\/yoast.com\/product\/yoast-seo-wordpress\/ -->\n<title>\u0160uns narvas su metaline tinkle S (61x42x48,5cm) - MiuMjau<\/title>\n<meta name=\"robots\" content=\"index, follow, max-snippet:-1, max-image-preview:large, max-video-preview:-1\" \/>\n<link rel=\"canonical\" href=\"https:\/\/miumjau.ee\/lt\/produktas\/suns-narvas-su-metaline-tinkle-s-61x42x485cm\/\" \/>\n<meta property=\"og:locale\" content=\"lt_LT\" \/>\n<meta property=\"og:type\" content=\"article\" \/>\n<meta property=\"og:title\" content=\"\u0160uns narvas su metaline tinkle S (61x42x48,5cm) - MiuMjau\" \/>\n<meta property=\"og:description\" content=\"Metalin\u0117 narvas u\u017etikrina j\u016bs\u0173 augintinio saugum\u0105 automobilyje arba namuose. Jame yra erdvi vidin\u0117 dalis, kad augintinis jaust\u0173si patogiai. Specialus dizainas tinka daugumai automobili\u0173 baga\u017eini\u0173. Pagaminta i\u0161 auk\u0161tos kokyb\u0117s, tvirt\u0173 ir patvari\u0173 med\u017eiag\u0173. Neslystan\u010dios slankios detal\u0117s palengvina transportavim\u0105. Didel\u0117s priekin\u0117s ir \u0161onin\u0117s durys u\u017etikrina ger\u0105 oro cirkuliacij\u0105 ir tinkam\u0105 v\u0117dinim\u0105 baga\u017ein\u0117je.     Auk\u0161tos kokyb\u0117s sulankstomas metalinis narvas augintiniams.    Nuimama dugno dalis palengvina prie\u017ei\u016br\u0105 ir valym\u0105.    Dvi dur\u0173 poros leid\u017eia reguliuoti prieig\u0105 ir pastatymo viet\u0105.\" \/>\n<meta property=\"og:url\" content=\"https:\/\/miumjau.ee\/lt\/produktas\/suns-narvas-su-metaline-tinkle-s-61x42x485cm\/\" \/>\n<meta property=\"og:site_name\" content=\"MiuMjau\" \/>\n<meta property=\"article:publisher\" content=\"https:\/\/www.facebook.com\/miumjaupood\/\" \/>\n<meta property=\"article:modified_time\" content=\"2026-01-07T18:43:16+00:00\" \/>\n<meta property=\"og:image\" content=\"https:\/\/miumjau.ee\/wp-content\/uploads\/2025\/07\/koera-puur-s2-Photoroom.jpg\" \/>\n\t<meta property=\"og:image:width\" content=\"600\" \/>\n\t<meta property=\"og:image:height\" content=\"800\" \/>\n\t<meta property=\"og:image:type\" content=\"image\/jpeg\" \/>\n<meta name=\"twitter:card\" content=\"summary_large_image\" \/>\n<script type=\"application\/ld+json\" class=\"yoast-schema-graph\">{\"@context\":\"https:\/\/schema.org\",\"@graph\":[{\"@type\":\"WebPage\",\"@id\":\"https:\/\/miumjau.ee\/lt\/produktas\/suns-narvas-su-metaline-tinkle-s-61x42x485cm\/\",\"url\":\"https:\/\/miumjau.ee\/lt\/produktas\/suns-narvas-su-metaline-tinkle-s-61x42x485cm\/\",\"name\":\"\u0160uns narvas su metaline tinkle S (61x42x48,5cm) - MiuMjau\",\"isPartOf\":{\"@id\":\"https:\/\/miumjau.ee\/#website\"},\"primaryImageOfPage\":{\"@id\":\"https:\/\/miumjau.ee\/lt\/produktas\/suns-narvas-su-metaline-tinkle-s-61x42x485cm\/#primaryimage\"},\"image\":{\"@id\":\"https:\/\/miumjau.ee\/lt\/produktas\/suns-narvas-su-metaline-tinkle-s-61x42x485cm\/#primaryimage\"},\"thumbnailUrl\":\"https:\/\/miumjau.ee\/wp-content\/uploads\/2025\/07\/koera-puur-s2-Photoroom.jpg\",\"datePublished\":\"2025-07-20T11:31:11+00:00\",\"dateModified\":\"2026-01-07T18:43:16+00:00\",\"breadcrumb\":{\"@id\":\"https:\/\/miumjau.ee\/lt\/produktas\/suns-narvas-su-metaline-tinkle-s-61x42x485cm\/#breadcrumb\"},\"inLanguage\":\"lt-LT\",\"potentialAction\":[{\"@type\":\"ReadAction\",\"target\":[\"https:\/\/miumjau.ee\/lt\/produktas\/suns-narvas-su-metaline-tinkle-s-61x42x485cm\/\"]}]},{\"@type\":\"ImageObject\",\"inLanguage\":\"lt-LT\",\"@id\":\"https:\/\/miumjau.ee\/lt\/produktas\/suns-narvas-su-metaline-tinkle-s-61x42x485cm\/#primaryimage\",\"url\":\"https:\/\/miumjau.ee\/wp-content\/uploads\/2025\/07\/koera-puur-s2-Photoroom.jpg\",\"contentUrl\":\"https:\/\/miumjau.ee\/wp-content\/uploads\/2025\/07\/koera-puur-s2-Photoroom.jpg\",\"width\":600,\"height\":800,\"caption\":\"Koera puur metallv\u00f5rega M (76x45x51.5cm)\"},{\"@type\":\"BreadcrumbList\",\"@id\":\"https:\/\/miumjau.ee\/lt\/produktas\/suns-narvas-su-metaline-tinkle-s-61x42x485cm\/#breadcrumb\",\"itemListElement\":[{\"@type\":\"ListItem\",\"position\":1,\"name\":\"Home\",\"item\":\"https:\/\/miumjau.ee\/lt\/\"},{\"@type\":\"ListItem\",\"position\":2,\"name\":\"Parduotuv\u0117\",\"item\":\"https:\/\/miumjau.ee\/lt\/parduotuve\/\"},{\"@type\":\"ListItem\",\"position\":3,\"name\":\"\u0160uns narvas su metaline tinkle S (61x42x48,5cm)\"}]},{\"@type\":\"WebSite\",\"@id\":\"https:\/\/miumjau.ee\/#website\",\"url\":\"https:\/\/miumjau.ee\/\",\"name\":\"MiuMjau\",\"description\":\"Kraapimispuud kassidele\",\"publisher\":{\"@id\":\"https:\/\/miumjau.ee\/#organization\"},\"potentialAction\":[{\"@type\":\"SearchAction\",\"target\":{\"@type\":\"EntryPoint\",\"urlTemplate\":\"https:\/\/miumjau.ee\/?s={search_term_string}\"},\"query-input\":{\"@type\":\"PropertyValueSpecification\",\"valueRequired\":true,\"valueName\":\"search_term_string\"}}],\"inLanguage\":\"lt-LT\"},{\"@type\":\"Organization\",\"@id\":\"https:\/\/miumjau.ee\/#organization\",\"name\":\"MiuMjau O\u00dc\",\"url\":\"https:\/\/miumjau.ee\/\",\"logo\":{\"@type\":\"ImageObject\",\"inLanguage\":\"lt-LT\",\"@id\":\"https:\/\/miumjau.ee\/#\/schema\/logo\/image\/\",\"url\":\"https:\/\/miumjau.ee\/wp-content\/uploads\/2022\/04\/MiuMjau-logo-kollane.png\",\"contentUrl\":\"https:\/\/miumjau.ee\/wp-content\/uploads\/2022\/04\/MiuMjau-logo-kollane.png\",\"width\":219,\"height\":100,\"caption\":\"MiuMjau O\u00dc\"},\"image\":{\"@id\":\"https:\/\/miumjau.ee\/#\/schema\/logo\/image\/\"},\"sameAs\":[\"https:\/\/www.facebook.com\/miumjaupood\/\"]}]}<\/script>\n<!-- \/ Yoast SEO plugin. -->","yoast_head_json":{"title":"\u0160uns narvas su metaline tinkle S (61x42x48,5cm) - MiuMjau","robots":{"index":"index","follow":"follow","max-snippet":"max-snippet:-1","max-image-preview":"max-image-preview:large","max-video-preview":"max-video-preview:-1"},"canonical":"https:\/\/miumjau.ee\/lt\/produktas\/suns-narvas-su-metaline-tinkle-s-61x42x485cm\/","og_locale":"lt_LT","og_type":"article","og_title":"\u0160uns narvas su metaline tinkle S (61x42x48,5cm) - MiuMjau","og_description":"Metalin\u0117 narvas u\u017etikrina j\u016bs\u0173 augintinio saugum\u0105 automobilyje arba namuose. Jame yra erdvi vidin\u0117 dalis, kad augintinis jaust\u0173si patogiai. Specialus dizainas tinka daugumai automobili\u0173 baga\u017eini\u0173. Pagaminta i\u0161 auk\u0161tos kokyb\u0117s, tvirt\u0173 ir patvari\u0173 med\u017eiag\u0173. Neslystan\u010dios slankios detal\u0117s palengvina transportavim\u0105. Didel\u0117s priekin\u0117s ir \u0161onin\u0117s durys u\u017etikrina ger\u0105 oro cirkuliacij\u0105 ir tinkam\u0105 v\u0117dinim\u0105 baga\u017ein\u0117je.     Auk\u0161tos kokyb\u0117s sulankstomas metalinis narvas augintiniams.    Nuimama dugno dalis palengvina prie\u017ei\u016br\u0105 ir valym\u0105.    Dvi dur\u0173 poros leid\u017eia reguliuoti prieig\u0105 ir pastatymo viet\u0105.","og_url":"https:\/\/miumjau.ee\/lt\/produktas\/suns-narvas-su-metaline-tinkle-s-61x42x485cm\/","og_site_name":"MiuMjau","article_publisher":"https:\/\/www.facebook.com\/miumjaupood\/","article_modified_time":"2026-01-07T18:43:16+00:00","og_image":[{"width":600,"height":800,"url":"https:\/\/miumjau.ee\/wp-content\/uploads\/2025\/07\/koera-puur-s2-Photoroom.jpg","type":"image\/jpeg"}],"twitter_card":"summary_large_image","schema":{"@context":"https:\/\/schema.org","@graph":[{"@type":"WebPage","@id":"https:\/\/miumjau.ee\/lt\/produktas\/suns-narvas-su-metaline-tinkle-s-61x42x485cm\/","url":"https:\/\/miumjau.ee\/lt\/produktas\/suns-narvas-su-metaline-tinkle-s-61x42x485cm\/","name":"\u0160uns narvas su metaline tinkle S (61x42x48,5cm) - MiuMjau","isPartOf":{"@id":"https:\/\/miumjau.ee\/#website"},"primaryImageOfPage":{"@id":"https:\/\/miumjau.ee\/lt\/produktas\/suns-narvas-su-metaline-tinkle-s-61x42x485cm\/#primaryimage"},"image":{"@id":"https:\/\/miumjau.ee\/lt\/produktas\/suns-narvas-su-metaline-tinkle-s-61x42x485cm\/#primaryimage"},"thumbnailUrl":"https:\/\/miumjau.ee\/wp-content\/uploads\/2025\/07\/koera-puur-s2-Photoroom.jpg","datePublished":"2025-07-20T11:31:11+00:00","dateModified":"2026-01-07T18:43:16+00:00","breadcrumb":{"@id":"https:\/\/miumjau.ee\/lt\/produktas\/suns-narvas-su-metaline-tinkle-s-61x42x485cm\/#breadcrumb"},"inLanguage":"lt-LT","potentialAction":[{"@type":"ReadAction","target":["https:\/\/miumjau.ee\/lt\/produktas\/suns-narvas-su-metaline-tinkle-s-61x42x485cm\/"]}]},{"@type":"ImageObject","inLanguage":"lt-LT","@id":"https:\/\/miumjau.ee\/lt\/produktas\/suns-narvas-su-metaline-tinkle-s-61x42x485cm\/#primaryimage","url":"https:\/\/miumjau.ee\/wp-content\/uploads\/2025\/07\/koera-puur-s2-Photoroom.jpg","contentUrl":"https:\/\/miumjau.ee\/wp-content\/uploads\/2025\/07\/koera-puur-s2-Photoroom.jpg","width":600,"height":800,"caption":"Koera puur metallv\u00f5rega M (76x45x51.5cm)"},{"@type":"BreadcrumbList","@id":"https:\/\/miumjau.ee\/lt\/produktas\/suns-narvas-su-metaline-tinkle-s-61x42x485cm\/#breadcrumb","itemListElement":[{"@type":"ListItem","position":1,"name":"Home","item":"https:\/\/miumjau.ee\/lt\/"},{"@type":"ListItem","position":2,"name":"Parduotuv\u0117","item":"https:\/\/miumjau.ee\/lt\/parduotuve\/"},{"@type":"ListItem","position":3,"name":"\u0160uns narvas su metaline tinkle S (61x42x48,5cm)"}]},{"@type":"WebSite","@id":"https:\/\/miumjau.ee\/#website","url":"https:\/\/miumjau.ee\/","name":"MiuMjau","description":"Kraapimispuud kassidele","publisher":{"@id":"https:\/\/miumjau.ee\/#organization"},"potentialAction":[{"@type":"SearchAction","target":{"@type":"EntryPoint","urlTemplate":"https:\/\/miumjau.ee\/?s={search_term_string}"},"query-input":{"@type":"PropertyValueSpecification","valueRequired":true,"valueName":"search_term_string"}}],"inLanguage":"lt-LT"},{"@type":"Organization","@id":"https:\/\/miumjau.ee\/#organization","name":"MiuMjau O\u00dc","url":"https:\/\/miumjau.ee\/","logo":{"@type":"ImageObject","inLanguage":"lt-LT","@id":"https:\/\/miumjau.ee\/#\/schema\/logo\/image\/","url":"https:\/\/miumjau.ee\/wp-content\/uploads\/2022\/04\/MiuMjau-logo-kollane.png","contentUrl":"https:\/\/miumjau.ee\/wp-content\/uploads\/2022\/04\/MiuMjau-logo-kollane.png","width":219,"height":100,"caption":"MiuMjau O\u00dc"},"image":{"@id":"https:\/\/miumjau.ee\/#\/schema\/logo\/image\/"},"sameAs":["https:\/\/www.facebook.com\/miumjaupood\/"]}]}},"_links":{"self":[{"href":"https:\/\/miumjau.ee\/lt\/wp-json\/wp\/v2\/product\/49486","targetHints":{"allow":["GET"]}}],"collection":[{"href":"https:\/\/miumjau.ee\/lt\/wp-json\/wp\/v2\/product"}],"about":[{"href":"https:\/\/miumjau.ee\/lt\/wp-json\/wp\/v2\/types\/product"}],"wp:featuredmedia":[{"embeddable":true,"href":"https:\/\/miumjau.ee\/lt\/wp-json\/wp\/v2\/media\/43960"}],"wp:attachment":[{"href":"https:\/\/miumjau.ee\/lt\/wp-json\/wp\/v2\/media?parent=49486"}],"wp:term":[{"taxonomy":"product_brand","embeddable":true,"href":"https:\/\/miumjau.ee\/lt\/wp-json\/wp\/v2\/product_brand?post=49486"},{"taxonomy":"product_cat","embeddable":true,"href":"https:\/\/miumjau.ee\/lt\/wp-json\/wp\/v2\/product_cat?post=49486"},{"taxonomy":"product_tag","embeddable":true,"href":"https:\/\/miumjau.ee\/lt\/wp-json\/wp\/v2\/product_tag?post=49486"}],"curies":[{"name":"wp","href":"https:\/\/api.w.org\/{rel}","templated":true}]}}