{"id":49479,"date":"2025-06-14T17:40:55","date_gmt":"2025-06-14T14:40:55","guid":{"rendered":"https:\/\/miumjau.ee\/toode\/bugalugs-pedu-valiklio-putos-su-papaja-ir-kokosu-be-skalavimo-200ml\/"},"modified":"2026-01-07T20:27:18","modified_gmt":"2026-01-07T18:27:18","slug":"bugalugs-pedu-valiklio-putos-su-papaja-ir-kokosu-be-skalavimo-200ml","status":"publish","type":"product","link":"https:\/\/miumjau.ee\/lt\/produktas\/bugalugs-pedu-valiklio-putos-su-papaja-ir-kokosu-be-skalavimo-200ml\/","title":{"rendered":"Bugalugs P\u0117d\u0173 Valiklio Putos su Papaja ir Kokosu, Be Skalavimo 200ml"},"content":{"rendered":"","protected":false},"excerpt":{"rendered":"<p data-start=\"5380\" data-end=\"5509\">Atsisveikinkite su purvinomis, sausomis ir sudirgusiomis p\u0117domis su Bugalugs putojan\u010diu p\u0117d\u0173 valikliu, kurio nereikia skalauti!<\/p>\n<p data-start=\"5511\" data-end=\"5796\">Silikonin\u0117 \u0161epet\u0117lio galvut\u0117 sukurta taip, kad \u0161velniai masa\u017euot\u0173 j\u016bs\u0173 augintinio p\u0117das, pasiekt\u0173 ply\u0161ius ir tarpupir\u0161\u010dius bei pa\u0161alint\u0173 \u012fsisen\u0117jus\u012f ne\u0161varum\u0105. Mink\u0161ti, bet tvirti silikoniniai \u0161ereliai yra \u0161veln\u016bs jautrioms augintinio p\u0117d\u0173 pagalv\u0117l\u0117ms, tod\u0117l \u0161epetys malonus naudoti.<\/p>\n<p data-start=\"5798\" data-end=\"6060\">Bugalugs p\u0117d\u0173 valiklio i\u0161skirtinumas \u2013 putos, kuri\u0173 nereikia skalauti. Lengvai naudojamas put\u0173 siurblys ir \u0161epetys leid\u017eia paprastai tepti putas tiesiai ant p\u0117d\u0173 \u2013 taip paprasta! Kompakti\u0161kas dydis idealus kelion\u0117ms, stovyklavimui ar trumpam pasivaik\u0161\u010diojimui.<\/p>\n<p data-start=\"6062\" data-end=\"6293\">Nat\u016brali formul\u0117 turi eterini\u0173 aliej\u0173, ekstrakt\u0173 ir malon\u0173 kvap\u0105, ma\u017einant\u012f nemalonius kvapus ir ramina od\u0105. \u0160velni formul\u0117 tinka net jautriausiai odai ir gali b\u016bti naudojama vis\u0173 veisli\u0173 \u0161unims bei kat\u0117ms nuo 8 savai\u010di\u0173 am\u017eiaus.<\/p>\n<p data-start=\"6295\" data-end=\"6704\"><strong data-start=\"6295\" data-end=\"6310\">Naudojimas:<\/strong><br data-start=\"6310\" data-end=\"6313\" \/>Nuimkite dangtel\u012f ir paspauskite siurbl\u012f, kad putos patekt\u0173 ant mink\u0161tos silikonin\u0117s \u0161epet\u0117lio galvut\u0117s. \u0160velniai masa\u017euokite putas apskritais judesiais ant p\u0117d\u0173, \u012fsitikindami, kad jos pasiekia tarpupir\u0161\u010dius. Nuvalykite p\u0117das sausu. Skalavimo nereikia. Naudokite po kiekvieno pasivaik\u0161\u010diojimo arba pagal poreik\u012f. Valant silikoninius \u0161erelius nuimkite dangtel\u012f ir nuplaukite \u0161iltu vandeniu.<\/p>\n<p data-start=\"6706\" data-end=\"7021\"><strong data-start=\"6706\" data-end=\"6718\">Sud\u0117tis:<\/strong> vanduo, glicerinas, polisorbatas 20, dekilo gliukozidas, metilpropandiolis, kokamidopropilbetainas, cetrimonium chloridas, parfumas, kaprililglicolis, natrio chloridas, benzofenonas-4, citrinos r\u016bg\u0161tis, fenilpropanoilis, papajos vaisi\u0173 ekstraktas, kokoso vaisi\u0173 ekstraktas, fenoksietanolis, CI 14700.<\/p>\n<p data-start=\"7023\" data-end=\"7057\" data-is-last-node=\"\" data-is-only-node=\"\"><strong data-start=\"7023\" data-end=\"7038\">Gamintojas:<\/strong> Lakeland Cosmetics<\/p>\n","protected":false},"featured_media":49476,"template":"","meta":[],"product_brand":[],"product_cat":[542],"product_tag":[],"class_list":{"0":"post-49479","1":"product","2":"type-product","3":"status-publish","4":"has-post-thumbnail","6":"product_cat-prieziuros-priemones-sunims","8":"first","9":"instock","10":"sale","11":"taxable","12":"shipping-taxable","13":"purchasable","14":"product-type-simple"},"yoast_head":"<!-- This site is optimized with the Yoast SEO plugin v27.4 - https:\/\/yoast.com\/product\/yoast-seo-wordpress\/ -->\n<title>Bugalugs P\u0117d\u0173 Valiklio Putos su Papaja ir Kokosu, Be Skalavimo 200ml - MiuMjau<\/title>\n<meta name=\"robots\" content=\"index, follow, max-snippet:-1, max-image-preview:large, max-video-preview:-1\" \/>\n<link rel=\"canonical\" href=\"https:\/\/miumjau.ee\/toode\/bugalugs-papaia-ja-kookosega-loputusvaba-kapapuhastusvahend-200ml\/\" \/>\n<meta property=\"og:locale\" content=\"lt_LT\" \/>\n<meta property=\"og:type\" content=\"article\" \/>\n<meta property=\"og:title\" content=\"Bugalugs P\u0117d\u0173 Valiklio Putos su Papaja ir Kokosu, Be Skalavimo 200ml - MiuMjau\" \/>\n<meta property=\"og:description\" content=\"Atsisveikinkite su purvinomis, sausomis ir sudirgusiomis p\u0117domis su Bugalugs putojan\u010diu p\u0117d\u0173 valikliu, kurio nereikia skalauti! Silikonin\u0117 \u0161epet\u0117lio galvut\u0117 sukurta taip, kad \u0161velniai masa\u017euot\u0173 j\u016bs\u0173 augintinio p\u0117das, pasiekt\u0173 ply\u0161ius ir tarpupir\u0161\u010dius bei pa\u0161alint\u0173 \u012fsisen\u0117jus\u012f ne\u0161varum\u0105. Mink\u0161ti, bet tvirti silikoniniai \u0161ereliai yra \u0161veln\u016bs jautrioms augintinio p\u0117d\u0173 pagalv\u0117l\u0117ms, tod\u0117l \u0161epetys malonus naudoti. Bugalugs p\u0117d\u0173 valiklio i\u0161skirtinumas \u2013 putos, kuri\u0173 nereikia skalauti. Lengvai naudojamas put\u0173 siurblys ir \u0161epetys leid\u017eia paprastai tepti putas tiesiai ant p\u0117d\u0173 \u2013 taip paprasta! Kompakti\u0161kas dydis idealus kelion\u0117ms, stovyklavimui ar trumpam pasivaik\u0161\u010diojimui. Nat\u016brali formul\u0117 turi eterini\u0173 aliej\u0173, ekstrakt\u0173 ir malon\u0173 kvap\u0105, ma\u017einant\u012f nemalonius kvapus ir ramina od\u0105. \u0160velni formul\u0117 tinka net jautriausiai odai ir gali b\u016bti naudojama vis\u0173 veisli\u0173 \u0161unims bei kat\u0117ms nuo 8 savai\u010di\u0173 am\u017eiaus. Naudojimas:Nuimkite dangtel\u012f ir paspauskite siurbl\u012f, kad putos patekt\u0173 ant mink\u0161tos silikonin\u0117s \u0161epet\u0117lio galvut\u0117s. \u0160velniai masa\u017euokite putas apskritais judesiais ant p\u0117d\u0173, \u012fsitikindami, kad jos pasiekia tarpupir\u0161\u010dius. Nuvalykite p\u0117das sausu. Skalavimo nereikia. Naudokite po kiekvieno pasivaik\u0161\u010diojimo arba pagal poreik\u012f. Valant silikoninius \u0161erelius nuimkite dangtel\u012f ir nuplaukite \u0161iltu vandeniu. Sud\u0117tis: vanduo, glicerinas, polisorbatas 20, dekilo gliukozidas, metilpropandiolis, kokamidopropilbetainas, cetrimonium chloridas, parfumas, kaprililglicolis, natrio chloridas, benzofenonas-4, citrinos r\u016bg\u0161tis, fenilpropanoilis, papajos vaisi\u0173 ekstraktas, kokoso vaisi\u0173 ekstraktas, fenoksietanolis, CI 14700. Gamintojas: Lakeland Cosmetics\" \/>\n<meta property=\"og:url\" content=\"https:\/\/miumjau.ee\/toode\/bugalugs-papaia-ja-kookosega-loputusvaba-kapapuhastusvahend-200ml\/\" \/>\n<meta property=\"og:site_name\" content=\"MiuMjau\" \/>\n<meta property=\"article:publisher\" content=\"https:\/\/www.facebook.com\/miumjaupood\/\" \/>\n<meta property=\"article:modified_time\" content=\"2026-01-07T18:27:18+00:00\" \/>\n<meta property=\"og:image\" content=\"https:\/\/miumjau.ee\/wp-content\/uploads\/2025\/06\/Bugalugs-loputusvaba-kapapuhastusvahend-200ml.jpg\" \/>\n\t<meta property=\"og:image:width\" content=\"600\" \/>\n\t<meta property=\"og:image:height\" content=\"800\" \/>\n\t<meta property=\"og:image:type\" content=\"image\/jpeg\" \/>\n<meta name=\"twitter:card\" content=\"summary_large_image\" \/>\n<meta name=\"twitter:label1\" content=\"Est. reading time\" \/>\n\t<meta name=\"twitter:data1\" content=\"1 minut\u0117\" \/>\n<script type=\"application\/ld+json\" class=\"yoast-schema-graph\">{\"@context\":\"https:\\\/\\\/schema.org\",\"@graph\":[{\"@type\":\"WebPage\",\"@id\":\"https:\\\/\\\/miumjau.ee\\\/toode\\\/bugalugs-papaia-ja-kookosega-loputusvaba-kapapuhastusvahend-200ml\\\/\",\"url\":\"https:\\\/\\\/miumjau.ee\\\/toode\\\/bugalugs-papaia-ja-kookosega-loputusvaba-kapapuhastusvahend-200ml\\\/\",\"name\":\"Bugalugs P\u0117d\u0173 Valiklio Putos su Papaja ir Kokosu, Be Skalavimo 200ml - MiuMjau\",\"isPartOf\":{\"@id\":\"https:\\\/\\\/miumjau.ee\\\/#website\"},\"primaryImageOfPage\":{\"@id\":\"https:\\\/\\\/miumjau.ee\\\/toode\\\/bugalugs-papaia-ja-kookosega-loputusvaba-kapapuhastusvahend-200ml\\\/#primaryimage\"},\"image\":{\"@id\":\"https:\\\/\\\/miumjau.ee\\\/toode\\\/bugalugs-papaia-ja-kookosega-loputusvaba-kapapuhastusvahend-200ml\\\/#primaryimage\"},\"thumbnailUrl\":\"https:\\\/\\\/miumjau.ee\\\/wp-content\\\/uploads\\\/2025\\\/06\\\/Bugalugs-loputusvaba-kapapuhastusvahend-200ml.jpg\",\"datePublished\":\"2025-06-14T14:40:55+00:00\",\"dateModified\":\"2026-01-07T18:27:18+00:00\",\"breadcrumb\":{\"@id\":\"https:\\\/\\\/miumjau.ee\\\/toode\\\/bugalugs-papaia-ja-kookosega-loputusvaba-kapapuhastusvahend-200ml\\\/#breadcrumb\"},\"inLanguage\":\"lt-LT\",\"potentialAction\":[{\"@type\":\"ReadAction\",\"target\":[\"https:\\\/\\\/miumjau.ee\\\/toode\\\/bugalugs-papaia-ja-kookosega-loputusvaba-kapapuhastusvahend-200ml\\\/\"]}]},{\"@type\":\"ImageObject\",\"inLanguage\":\"lt-LT\",\"@id\":\"https:\\\/\\\/miumjau.ee\\\/toode\\\/bugalugs-papaia-ja-kookosega-loputusvaba-kapapuhastusvahend-200ml\\\/#primaryimage\",\"url\":\"https:\\\/\\\/miumjau.ee\\\/wp-content\\\/uploads\\\/2025\\\/06\\\/Bugalugs-loputusvaba-kapapuhastusvahend-200ml.jpg\",\"contentUrl\":\"https:\\\/\\\/miumjau.ee\\\/wp-content\\\/uploads\\\/2025\\\/06\\\/Bugalugs-loputusvaba-kapapuhastusvahend-200ml.jpg\",\"width\":600,\"height\":800},{\"@type\":\"BreadcrumbList\",\"@id\":\"https:\\\/\\\/miumjau.ee\\\/toode\\\/bugalugs-papaia-ja-kookosega-loputusvaba-kapapuhastusvahend-200ml\\\/#breadcrumb\",\"itemListElement\":[{\"@type\":\"ListItem\",\"position\":1,\"name\":\"Home\",\"item\":\"https:\\\/\\\/miumjau.ee\\\/lt\\\/\"},{\"@type\":\"ListItem\",\"position\":2,\"name\":\"Parduotuv\u0117\",\"item\":\"https:\\\/\\\/miumjau.ee\\\/lt\\\/parduotuve\\\/\"},{\"@type\":\"ListItem\",\"position\":3,\"name\":\"Bugalugs P\u0117d\u0173 Valiklio Putos su Papaja ir Kokosu, Be Skalavimo 200ml\"}]},{\"@type\":\"WebSite\",\"@id\":\"https:\\\/\\\/miumjau.ee\\\/#website\",\"url\":\"https:\\\/\\\/miumjau.ee\\\/\",\"name\":\"MiuMjau\",\"description\":\"Kraapimispuud kassidele\",\"publisher\":{\"@id\":\"https:\\\/\\\/miumjau.ee\\\/#organization\"},\"potentialAction\":[{\"@type\":\"SearchAction\",\"target\":{\"@type\":\"EntryPoint\",\"urlTemplate\":\"https:\\\/\\\/miumjau.ee\\\/?s={search_term_string}\"},\"query-input\":{\"@type\":\"PropertyValueSpecification\",\"valueRequired\":true,\"valueName\":\"search_term_string\"}}],\"inLanguage\":\"lt-LT\"},{\"@type\":\"Organization\",\"@id\":\"https:\\\/\\\/miumjau.ee\\\/#organization\",\"name\":\"MiuMjau O\u00dc\",\"url\":\"https:\\\/\\\/miumjau.ee\\\/\",\"logo\":{\"@type\":\"ImageObject\",\"inLanguage\":\"lt-LT\",\"@id\":\"https:\\\/\\\/miumjau.ee\\\/#\\\/schema\\\/logo\\\/image\\\/\",\"url\":\"https:\\\/\\\/miumjau.ee\\\/wp-content\\\/uploads\\\/2022\\\/04\\\/MiuMjau-logo-kollane.png\",\"contentUrl\":\"https:\\\/\\\/miumjau.ee\\\/wp-content\\\/uploads\\\/2022\\\/04\\\/MiuMjau-logo-kollane.png\",\"width\":219,\"height\":100,\"caption\":\"MiuMjau O\u00dc\"},\"image\":{\"@id\":\"https:\\\/\\\/miumjau.ee\\\/#\\\/schema\\\/logo\\\/image\\\/\"},\"sameAs\":[\"https:\\\/\\\/www.facebook.com\\\/miumjaupood\\\/\"]}]}<\/script>\n<!-- \/ Yoast SEO plugin. -->","yoast_head_json":{"title":"Bugalugs P\u0117d\u0173 Valiklio Putos su Papaja ir Kokosu, Be Skalavimo 200ml - MiuMjau","robots":{"index":"index","follow":"follow","max-snippet":"max-snippet:-1","max-image-preview":"max-image-preview:large","max-video-preview":"max-video-preview:-1"},"canonical":"https:\/\/miumjau.ee\/toode\/bugalugs-papaia-ja-kookosega-loputusvaba-kapapuhastusvahend-200ml\/","og_locale":"lt_LT","og_type":"article","og_title":"Bugalugs P\u0117d\u0173 Valiklio Putos su Papaja ir Kokosu, Be Skalavimo 200ml - MiuMjau","og_description":"Atsisveikinkite su purvinomis, sausomis ir sudirgusiomis p\u0117domis su Bugalugs putojan\u010diu p\u0117d\u0173 valikliu, kurio nereikia skalauti! Silikonin\u0117 \u0161epet\u0117lio galvut\u0117 sukurta taip, kad \u0161velniai masa\u017euot\u0173 j\u016bs\u0173 augintinio p\u0117das, pasiekt\u0173 ply\u0161ius ir tarpupir\u0161\u010dius bei pa\u0161alint\u0173 \u012fsisen\u0117jus\u012f ne\u0161varum\u0105. Mink\u0161ti, bet tvirti silikoniniai \u0161ereliai yra \u0161veln\u016bs jautrioms augintinio p\u0117d\u0173 pagalv\u0117l\u0117ms, tod\u0117l \u0161epetys malonus naudoti. Bugalugs p\u0117d\u0173 valiklio i\u0161skirtinumas \u2013 putos, kuri\u0173 nereikia skalauti. Lengvai naudojamas put\u0173 siurblys ir \u0161epetys leid\u017eia paprastai tepti putas tiesiai ant p\u0117d\u0173 \u2013 taip paprasta! Kompakti\u0161kas dydis idealus kelion\u0117ms, stovyklavimui ar trumpam pasivaik\u0161\u010diojimui. Nat\u016brali formul\u0117 turi eterini\u0173 aliej\u0173, ekstrakt\u0173 ir malon\u0173 kvap\u0105, ma\u017einant\u012f nemalonius kvapus ir ramina od\u0105. \u0160velni formul\u0117 tinka net jautriausiai odai ir gali b\u016bti naudojama vis\u0173 veisli\u0173 \u0161unims bei kat\u0117ms nuo 8 savai\u010di\u0173 am\u017eiaus. Naudojimas:Nuimkite dangtel\u012f ir paspauskite siurbl\u012f, kad putos patekt\u0173 ant mink\u0161tos silikonin\u0117s \u0161epet\u0117lio galvut\u0117s. \u0160velniai masa\u017euokite putas apskritais judesiais ant p\u0117d\u0173, \u012fsitikindami, kad jos pasiekia tarpupir\u0161\u010dius. Nuvalykite p\u0117das sausu. Skalavimo nereikia. Naudokite po kiekvieno pasivaik\u0161\u010diojimo arba pagal poreik\u012f. Valant silikoninius \u0161erelius nuimkite dangtel\u012f ir nuplaukite \u0161iltu vandeniu. Sud\u0117tis: vanduo, glicerinas, polisorbatas 20, dekilo gliukozidas, metilpropandiolis, kokamidopropilbetainas, cetrimonium chloridas, parfumas, kaprililglicolis, natrio chloridas, benzofenonas-4, citrinos r\u016bg\u0161tis, fenilpropanoilis, papajos vaisi\u0173 ekstraktas, kokoso vaisi\u0173 ekstraktas, fenoksietanolis, CI 14700. Gamintojas: Lakeland Cosmetics","og_url":"https:\/\/miumjau.ee\/toode\/bugalugs-papaia-ja-kookosega-loputusvaba-kapapuhastusvahend-200ml\/","og_site_name":"MiuMjau","article_publisher":"https:\/\/www.facebook.com\/miumjaupood\/","article_modified_time":"2026-01-07T18:27:18+00:00","og_image":[{"width":600,"height":800,"url":"https:\/\/miumjau.ee\/wp-content\/uploads\/2025\/06\/Bugalugs-loputusvaba-kapapuhastusvahend-200ml.jpg","type":"image\/jpeg"}],"twitter_card":"summary_large_image","twitter_misc":{"Est. reading time":"1 minut\u0117"},"schema":{"@context":"https:\/\/schema.org","@graph":[{"@type":"WebPage","@id":"https:\/\/miumjau.ee\/toode\/bugalugs-papaia-ja-kookosega-loputusvaba-kapapuhastusvahend-200ml\/","url":"https:\/\/miumjau.ee\/toode\/bugalugs-papaia-ja-kookosega-loputusvaba-kapapuhastusvahend-200ml\/","name":"Bugalugs P\u0117d\u0173 Valiklio Putos su Papaja ir Kokosu, Be Skalavimo 200ml - MiuMjau","isPartOf":{"@id":"https:\/\/miumjau.ee\/#website"},"primaryImageOfPage":{"@id":"https:\/\/miumjau.ee\/toode\/bugalugs-papaia-ja-kookosega-loputusvaba-kapapuhastusvahend-200ml\/#primaryimage"},"image":{"@id":"https:\/\/miumjau.ee\/toode\/bugalugs-papaia-ja-kookosega-loputusvaba-kapapuhastusvahend-200ml\/#primaryimage"},"thumbnailUrl":"https:\/\/miumjau.ee\/wp-content\/uploads\/2025\/06\/Bugalugs-loputusvaba-kapapuhastusvahend-200ml.jpg","datePublished":"2025-06-14T14:40:55+00:00","dateModified":"2026-01-07T18:27:18+00:00","breadcrumb":{"@id":"https:\/\/miumjau.ee\/toode\/bugalugs-papaia-ja-kookosega-loputusvaba-kapapuhastusvahend-200ml\/#breadcrumb"},"inLanguage":"lt-LT","potentialAction":[{"@type":"ReadAction","target":["https:\/\/miumjau.ee\/toode\/bugalugs-papaia-ja-kookosega-loputusvaba-kapapuhastusvahend-200ml\/"]}]},{"@type":"ImageObject","inLanguage":"lt-LT","@id":"https:\/\/miumjau.ee\/toode\/bugalugs-papaia-ja-kookosega-loputusvaba-kapapuhastusvahend-200ml\/#primaryimage","url":"https:\/\/miumjau.ee\/wp-content\/uploads\/2025\/06\/Bugalugs-loputusvaba-kapapuhastusvahend-200ml.jpg","contentUrl":"https:\/\/miumjau.ee\/wp-content\/uploads\/2025\/06\/Bugalugs-loputusvaba-kapapuhastusvahend-200ml.jpg","width":600,"height":800},{"@type":"BreadcrumbList","@id":"https:\/\/miumjau.ee\/toode\/bugalugs-papaia-ja-kookosega-loputusvaba-kapapuhastusvahend-200ml\/#breadcrumb","itemListElement":[{"@type":"ListItem","position":1,"name":"Home","item":"https:\/\/miumjau.ee\/lt\/"},{"@type":"ListItem","position":2,"name":"Parduotuv\u0117","item":"https:\/\/miumjau.ee\/lt\/parduotuve\/"},{"@type":"ListItem","position":3,"name":"Bugalugs P\u0117d\u0173 Valiklio Putos su Papaja ir Kokosu, Be Skalavimo 200ml"}]},{"@type":"WebSite","@id":"https:\/\/miumjau.ee\/#website","url":"https:\/\/miumjau.ee\/","name":"MiuMjau","description":"Kraapimispuud kassidele","publisher":{"@id":"https:\/\/miumjau.ee\/#organization"},"potentialAction":[{"@type":"SearchAction","target":{"@type":"EntryPoint","urlTemplate":"https:\/\/miumjau.ee\/?s={search_term_string}"},"query-input":{"@type":"PropertyValueSpecification","valueRequired":true,"valueName":"search_term_string"}}],"inLanguage":"lt-LT"},{"@type":"Organization","@id":"https:\/\/miumjau.ee\/#organization","name":"MiuMjau O\u00dc","url":"https:\/\/miumjau.ee\/","logo":{"@type":"ImageObject","inLanguage":"lt-LT","@id":"https:\/\/miumjau.ee\/#\/schema\/logo\/image\/","url":"https:\/\/miumjau.ee\/wp-content\/uploads\/2022\/04\/MiuMjau-logo-kollane.png","contentUrl":"https:\/\/miumjau.ee\/wp-content\/uploads\/2022\/04\/MiuMjau-logo-kollane.png","width":219,"height":100,"caption":"MiuMjau O\u00dc"},"image":{"@id":"https:\/\/miumjau.ee\/#\/schema\/logo\/image\/"},"sameAs":["https:\/\/www.facebook.com\/miumjaupood\/"]}]}},"_links":{"self":[{"href":"https:\/\/miumjau.ee\/lt\/wp-json\/wp\/v2\/product\/49479","targetHints":{"allow":["GET"]}}],"collection":[{"href":"https:\/\/miumjau.ee\/lt\/wp-json\/wp\/v2\/product"}],"about":[{"href":"https:\/\/miumjau.ee\/lt\/wp-json\/wp\/v2\/types\/product"}],"wp:featuredmedia":[{"embeddable":true,"href":"https:\/\/miumjau.ee\/lt\/wp-json\/wp\/v2\/media\/49476"}],"wp:attachment":[{"href":"https:\/\/miumjau.ee\/lt\/wp-json\/wp\/v2\/media?parent=49479"}],"wp:term":[{"taxonomy":"product_brand","embeddable":true,"href":"https:\/\/miumjau.ee\/lt\/wp-json\/wp\/v2\/product_brand?post=49479"},{"taxonomy":"product_cat","embeddable":true,"href":"https:\/\/miumjau.ee\/lt\/wp-json\/wp\/v2\/product_cat?post=49479"},{"taxonomy":"product_tag","embeddable":true,"href":"https:\/\/miumjau.ee\/lt\/wp-json\/wp\/v2\/product_tag?post=49479"}],"curies":[{"name":"wp","href":"https:\/\/api.w.org\/{rel}","templated":true}]}}