{"id":49468,"date":"2025-06-17T22:20:44","date_gmt":"2025-06-17T19:20:44","guid":{"rendered":"https:\/\/miumjau.ee\/toode\/bugalugs-suns-pedu-valiklis-juodas-l\/"},"modified":"2026-01-07T20:43:16","modified_gmt":"2026-01-07T18:43:16","slug":"bugalugs-suns-pedu-valiklis-juodas-l","status":"publish","type":"product","link":"https:\/\/miumjau.ee\/lt\/produktas\/bugalugs-suns-pedu-valiklis-juodas-l\/","title":{"rendered":"Bugalugs \u0160uns P\u0117d\u0173 Valiklis, Juodas L"},"content":{"rendered":"","protected":false},"excerpt":{"rendered":"<p data-start=\"3625\" data-end=\"3828\">Laikykite savo \u0161uns p\u0117das \u0161varias ir namus be purvo su Bugalugs prakti\u0161ku p\u0117d\u0173 valikliu! \u0160i lengvai naudojama priemon\u0117 greitai pa\u0161alina ne\u0161varumus, sm\u0117l\u012f ir purv\u0105, tuo pat metu b\u016bdama \u0161velni \u0161uns p\u0117doms.<\/p>\n<p data-start=\"3830\" data-end=\"3854\"><strong data-start=\"3830\" data-end=\"3854\">Pagrindin\u0117s savyb\u0117s:<\/strong><\/p>\n<p data-start=\"3856\" data-end=\"4300\">\ud83e\uddf4 Lengva naudoti \u2013 \u012fpilkite valiklio vandens, \u012fki\u0161kite p\u0117d\u0105 ir \u0161velniai judinkite pirmyn-atgal \u2013 taip paprasta!<br data-start=\"3968\" data-end=\"3971\" \/>\ud83d\udca7 Efektyvus valymas \u2013 efektyviai pa\u0161alina purv\u0105, sm\u0117l\u012f ir kitus ne\u0161varumus po pasivaik\u0161\u010diojim\u0173.<br data-start=\"4067\" data-end=\"4070\" \/>\ud83d\udc3e Mink\u0161ti silikoniniai \u0161ereliai \u2013 \u0161veln\u016bs p\u0117d\u0173 pagalv\u0117l\u0117ms, tinka jautriems \u0161unims.<br data-start=\"4154\" data-end=\"4157\" \/>\u23f1 Kasdieniam naudojimui \u2013 idealiai tinka dr\u0117gnomis ar purvinais orais.<br data-start=\"4227\" data-end=\"4230\" \/>\ud83e\uddfc Lengva pri\u017ei\u016br\u0117ti \u2013 po naudojimo nuplaukite ir palikite i\u0161d\u017ei\u016bti.<\/p>\n<p data-start=\"4302\" data-end=\"4319\"><strong data-start=\"4302\" data-end=\"4317\">Naudojimas:<\/strong><\/p>\n<p data-start=\"4321\" data-end=\"4533\">U\u017epildykite valikl\u012f \u0161iltu vandeniu ir, pageidaujant, \u012fpilkite \u0161uns \u0161amp\u016bno.<br data-start=\"4396\" data-end=\"4399\" \/>\u012ed\u0117kite \u0161uns p\u0117d\u0105 \u012f valikl\u012f ir \u0161velniai pasukite pirmyn-atgal.<br data-start=\"4461\" data-end=\"4464\" \/>I\u0161d\u017eiovinkite p\u0117d\u0105 rank\u0161luos\u010diu ir nuplaukite valikl\u012f po naudojimo.<\/p>\n<p data-start=\"4535\" data-end=\"4690\">P\u0117d\u0173 valiklis puikiai tinka auksiniams retriveriams, labradorams, vokie\u010di\u0173 aviganiams, dobermanams ir kitiems pana\u0161aus dyd\u017eio \u0161unims (p\u0117dos plotis 5\u20138 cm).<\/p>\n<p data-start=\"4692\" data-end=\"4726\" data-is-last-node=\"\" data-is-only-node=\"\"><strong data-start=\"4692\" data-end=\"4707\">Gamintojas:<\/strong> Lakeland Cosmetics<\/p>\n","protected":false},"featured_media":49469,"template":"","meta":[],"product_brand":[],"product_cat":[542],"product_tag":[],"class_list":{"0":"post-49468","1":"product","2":"type-product","3":"status-publish","4":"has-post-thumbnail","6":"product_cat-prieziuros-priemones-sunims","8":"first","9":"instock","10":"taxable","11":"shipping-taxable","12":"purchasable","13":"product-type-simple"},"yoast_head":"<!-- This site is optimized with the Yoast SEO plugin v27.2 - https:\/\/yoast.com\/product\/yoast-seo-wordpress\/ -->\n<title>Bugalugs \u0160uns P\u0117d\u0173 Valiklis, Juodas L - MiuMjau<\/title>\n<meta name=\"robots\" content=\"index, follow, max-snippet:-1, max-image-preview:large, max-video-preview:-1\" \/>\n<link rel=\"canonical\" href=\"https:\/\/miumjau.ee\/lt\/produktas\/bugalugs-suns-pedu-valiklis-juodas-l\/\" \/>\n<meta property=\"og:locale\" content=\"lt_LT\" \/>\n<meta property=\"og:type\" content=\"article\" \/>\n<meta property=\"og:title\" content=\"Bugalugs \u0160uns P\u0117d\u0173 Valiklis, Juodas L - MiuMjau\" \/>\n<meta property=\"og:description\" content=\"Laikykite savo \u0161uns p\u0117das \u0161varias ir namus be purvo su Bugalugs prakti\u0161ku p\u0117d\u0173 valikliu! \u0160i lengvai naudojama priemon\u0117 greitai pa\u0161alina ne\u0161varumus, sm\u0117l\u012f ir purv\u0105, tuo pat metu b\u016bdama \u0161velni \u0161uns p\u0117doms. Pagrindin\u0117s savyb\u0117s: \ud83e\uddf4 Lengva naudoti \u2013 \u012fpilkite valiklio vandens, \u012fki\u0161kite p\u0117d\u0105 ir \u0161velniai judinkite pirmyn-atgal \u2013 taip paprasta!\ud83d\udca7 Efektyvus valymas \u2013 efektyviai pa\u0161alina purv\u0105, sm\u0117l\u012f ir kitus ne\u0161varumus po pasivaik\u0161\u010diojim\u0173.\ud83d\udc3e Mink\u0161ti silikoniniai \u0161ereliai \u2013 \u0161veln\u016bs p\u0117d\u0173 pagalv\u0117l\u0117ms, tinka jautriems \u0161unims.\u23f1 Kasdieniam naudojimui \u2013 idealiai tinka dr\u0117gnomis ar purvinais orais.\ud83e\uddfc Lengva pri\u017ei\u016br\u0117ti \u2013 po naudojimo nuplaukite ir palikite i\u0161d\u017ei\u016bti. Naudojimas: U\u017epildykite valikl\u012f \u0161iltu vandeniu ir, pageidaujant, \u012fpilkite \u0161uns \u0161amp\u016bno.\u012ed\u0117kite \u0161uns p\u0117d\u0105 \u012f valikl\u012f ir \u0161velniai pasukite pirmyn-atgal.I\u0161d\u017eiovinkite p\u0117d\u0105 rank\u0161luos\u010diu ir nuplaukite valikl\u012f po naudojimo. P\u0117d\u0173 valiklis puikiai tinka auksiniams retriveriams, labradorams, vokie\u010di\u0173 aviganiams, dobermanams ir kitiems pana\u0161aus dyd\u017eio \u0161unims (p\u0117dos plotis 5\u20138 cm). Gamintojas: Lakeland Cosmetics\" \/>\n<meta property=\"og:url\" content=\"https:\/\/miumjau.ee\/lt\/produktas\/bugalugs-suns-pedu-valiklis-juodas-l\/\" \/>\n<meta property=\"og:site_name\" content=\"MiuMjau\" \/>\n<meta property=\"article:publisher\" content=\"https:\/\/www.facebook.com\/miumjaupood\/\" \/>\n<meta property=\"article:modified_time\" content=\"2026-01-07T18:43:16+00:00\" \/>\n<meta property=\"og:image\" content=\"https:\/\/miumjau.ee\/wp-content\/uploads\/2025\/06\/bugalugs-koera-kappade-puhastaja17.webp\" \/>\n\t<meta property=\"og:image:width\" content=\"600\" \/>\n\t<meta property=\"og:image:height\" content=\"800\" \/>\n\t<meta property=\"og:image:type\" content=\"image\/webp\" \/>\n<meta name=\"twitter:card\" content=\"summary_large_image\" \/>\n<script type=\"application\/ld+json\" class=\"yoast-schema-graph\">{\"@context\":\"https:\/\/schema.org\",\"@graph\":[{\"@type\":\"WebPage\",\"@id\":\"https:\/\/miumjau.ee\/lt\/produktas\/bugalugs-suns-pedu-valiklis-juodas-l\/\",\"url\":\"https:\/\/miumjau.ee\/lt\/produktas\/bugalugs-suns-pedu-valiklis-juodas-l\/\",\"name\":\"Bugalugs \u0160uns P\u0117d\u0173 Valiklis, Juodas L - MiuMjau\",\"isPartOf\":{\"@id\":\"https:\/\/miumjau.ee\/#website\"},\"primaryImageOfPage\":{\"@id\":\"https:\/\/miumjau.ee\/lt\/produktas\/bugalugs-suns-pedu-valiklis-juodas-l\/#primaryimage\"},\"image\":{\"@id\":\"https:\/\/miumjau.ee\/lt\/produktas\/bugalugs-suns-pedu-valiklis-juodas-l\/#primaryimage\"},\"thumbnailUrl\":\"https:\/\/miumjau.ee\/wp-content\/uploads\/2025\/06\/bugalugs-koera-kappade-puhastaja17.webp\",\"datePublished\":\"2025-06-17T19:20:44+00:00\",\"dateModified\":\"2026-01-07T18:43:16+00:00\",\"breadcrumb\":{\"@id\":\"https:\/\/miumjau.ee\/lt\/produktas\/bugalugs-suns-pedu-valiklis-juodas-l\/#breadcrumb\"},\"inLanguage\":\"lt-LT\",\"potentialAction\":[{\"@type\":\"ReadAction\",\"target\":[\"https:\/\/miumjau.ee\/lt\/produktas\/bugalugs-suns-pedu-valiklis-juodas-l\/\"]}]},{\"@type\":\"ImageObject\",\"inLanguage\":\"lt-LT\",\"@id\":\"https:\/\/miumjau.ee\/lt\/produktas\/bugalugs-suns-pedu-valiklis-juodas-l\/#primaryimage\",\"url\":\"https:\/\/miumjau.ee\/wp-content\/uploads\/2025\/06\/bugalugs-koera-kappade-puhastaja17.webp\",\"contentUrl\":\"https:\/\/miumjau.ee\/wp-content\/uploads\/2025\/06\/bugalugs-koera-kappade-puhastaja17.webp\",\"width\":600,\"height\":800},{\"@type\":\"BreadcrumbList\",\"@id\":\"https:\/\/miumjau.ee\/lt\/produktas\/bugalugs-suns-pedu-valiklis-juodas-l\/#breadcrumb\",\"itemListElement\":[{\"@type\":\"ListItem\",\"position\":1,\"name\":\"Home\",\"item\":\"https:\/\/miumjau.ee\/lt\/\"},{\"@type\":\"ListItem\",\"position\":2,\"name\":\"Parduotuv\u0117\",\"item\":\"https:\/\/miumjau.ee\/lt\/parduotuve\/\"},{\"@type\":\"ListItem\",\"position\":3,\"name\":\"Bugalugs \u0160uns P\u0117d\u0173 Valiklis, Juodas L\"}]},{\"@type\":\"WebSite\",\"@id\":\"https:\/\/miumjau.ee\/#website\",\"url\":\"https:\/\/miumjau.ee\/\",\"name\":\"MiuMjau\",\"description\":\"Kraapimispuud kassidele\",\"publisher\":{\"@id\":\"https:\/\/miumjau.ee\/#organization\"},\"potentialAction\":[{\"@type\":\"SearchAction\",\"target\":{\"@type\":\"EntryPoint\",\"urlTemplate\":\"https:\/\/miumjau.ee\/?s={search_term_string}\"},\"query-input\":{\"@type\":\"PropertyValueSpecification\",\"valueRequired\":true,\"valueName\":\"search_term_string\"}}],\"inLanguage\":\"lt-LT\"},{\"@type\":\"Organization\",\"@id\":\"https:\/\/miumjau.ee\/#organization\",\"name\":\"MiuMjau O\u00dc\",\"url\":\"https:\/\/miumjau.ee\/\",\"logo\":{\"@type\":\"ImageObject\",\"inLanguage\":\"lt-LT\",\"@id\":\"https:\/\/miumjau.ee\/#\/schema\/logo\/image\/\",\"url\":\"https:\/\/miumjau.ee\/wp-content\/uploads\/2022\/04\/MiuMjau-logo-kollane.png\",\"contentUrl\":\"https:\/\/miumjau.ee\/wp-content\/uploads\/2022\/04\/MiuMjau-logo-kollane.png\",\"width\":219,\"height\":100,\"caption\":\"MiuMjau O\u00dc\"},\"image\":{\"@id\":\"https:\/\/miumjau.ee\/#\/schema\/logo\/image\/\"},\"sameAs\":[\"https:\/\/www.facebook.com\/miumjaupood\/\"]}]}<\/script>\n<!-- \/ Yoast SEO plugin. -->","yoast_head_json":{"title":"Bugalugs \u0160uns P\u0117d\u0173 Valiklis, Juodas L - MiuMjau","robots":{"index":"index","follow":"follow","max-snippet":"max-snippet:-1","max-image-preview":"max-image-preview:large","max-video-preview":"max-video-preview:-1"},"canonical":"https:\/\/miumjau.ee\/lt\/produktas\/bugalugs-suns-pedu-valiklis-juodas-l\/","og_locale":"lt_LT","og_type":"article","og_title":"Bugalugs \u0160uns P\u0117d\u0173 Valiklis, Juodas L - MiuMjau","og_description":"Laikykite savo \u0161uns p\u0117das \u0161varias ir namus be purvo su Bugalugs prakti\u0161ku p\u0117d\u0173 valikliu! \u0160i lengvai naudojama priemon\u0117 greitai pa\u0161alina ne\u0161varumus, sm\u0117l\u012f ir purv\u0105, tuo pat metu b\u016bdama \u0161velni \u0161uns p\u0117doms. Pagrindin\u0117s savyb\u0117s: \ud83e\uddf4 Lengva naudoti \u2013 \u012fpilkite valiklio vandens, \u012fki\u0161kite p\u0117d\u0105 ir \u0161velniai judinkite pirmyn-atgal \u2013 taip paprasta!\ud83d\udca7 Efektyvus valymas \u2013 efektyviai pa\u0161alina purv\u0105, sm\u0117l\u012f ir kitus ne\u0161varumus po pasivaik\u0161\u010diojim\u0173.\ud83d\udc3e Mink\u0161ti silikoniniai \u0161ereliai \u2013 \u0161veln\u016bs p\u0117d\u0173 pagalv\u0117l\u0117ms, tinka jautriems \u0161unims.\u23f1 Kasdieniam naudojimui \u2013 idealiai tinka dr\u0117gnomis ar purvinais orais.\ud83e\uddfc Lengva pri\u017ei\u016br\u0117ti \u2013 po naudojimo nuplaukite ir palikite i\u0161d\u017ei\u016bti. Naudojimas: U\u017epildykite valikl\u012f \u0161iltu vandeniu ir, pageidaujant, \u012fpilkite \u0161uns \u0161amp\u016bno.\u012ed\u0117kite \u0161uns p\u0117d\u0105 \u012f valikl\u012f ir \u0161velniai pasukite pirmyn-atgal.I\u0161d\u017eiovinkite p\u0117d\u0105 rank\u0161luos\u010diu ir nuplaukite valikl\u012f po naudojimo. P\u0117d\u0173 valiklis puikiai tinka auksiniams retriveriams, labradorams, vokie\u010di\u0173 aviganiams, dobermanams ir kitiems pana\u0161aus dyd\u017eio \u0161unims (p\u0117dos plotis 5\u20138 cm). Gamintojas: Lakeland Cosmetics","og_url":"https:\/\/miumjau.ee\/lt\/produktas\/bugalugs-suns-pedu-valiklis-juodas-l\/","og_site_name":"MiuMjau","article_publisher":"https:\/\/www.facebook.com\/miumjaupood\/","article_modified_time":"2026-01-07T18:43:16+00:00","og_image":[{"width":600,"height":800,"url":"https:\/\/miumjau.ee\/wp-content\/uploads\/2025\/06\/bugalugs-koera-kappade-puhastaja17.webp","type":"image\/webp"}],"twitter_card":"summary_large_image","schema":{"@context":"https:\/\/schema.org","@graph":[{"@type":"WebPage","@id":"https:\/\/miumjau.ee\/lt\/produktas\/bugalugs-suns-pedu-valiklis-juodas-l\/","url":"https:\/\/miumjau.ee\/lt\/produktas\/bugalugs-suns-pedu-valiklis-juodas-l\/","name":"Bugalugs \u0160uns P\u0117d\u0173 Valiklis, Juodas L - MiuMjau","isPartOf":{"@id":"https:\/\/miumjau.ee\/#website"},"primaryImageOfPage":{"@id":"https:\/\/miumjau.ee\/lt\/produktas\/bugalugs-suns-pedu-valiklis-juodas-l\/#primaryimage"},"image":{"@id":"https:\/\/miumjau.ee\/lt\/produktas\/bugalugs-suns-pedu-valiklis-juodas-l\/#primaryimage"},"thumbnailUrl":"https:\/\/miumjau.ee\/wp-content\/uploads\/2025\/06\/bugalugs-koera-kappade-puhastaja17.webp","datePublished":"2025-06-17T19:20:44+00:00","dateModified":"2026-01-07T18:43:16+00:00","breadcrumb":{"@id":"https:\/\/miumjau.ee\/lt\/produktas\/bugalugs-suns-pedu-valiklis-juodas-l\/#breadcrumb"},"inLanguage":"lt-LT","potentialAction":[{"@type":"ReadAction","target":["https:\/\/miumjau.ee\/lt\/produktas\/bugalugs-suns-pedu-valiklis-juodas-l\/"]}]},{"@type":"ImageObject","inLanguage":"lt-LT","@id":"https:\/\/miumjau.ee\/lt\/produktas\/bugalugs-suns-pedu-valiklis-juodas-l\/#primaryimage","url":"https:\/\/miumjau.ee\/wp-content\/uploads\/2025\/06\/bugalugs-koera-kappade-puhastaja17.webp","contentUrl":"https:\/\/miumjau.ee\/wp-content\/uploads\/2025\/06\/bugalugs-koera-kappade-puhastaja17.webp","width":600,"height":800},{"@type":"BreadcrumbList","@id":"https:\/\/miumjau.ee\/lt\/produktas\/bugalugs-suns-pedu-valiklis-juodas-l\/#breadcrumb","itemListElement":[{"@type":"ListItem","position":1,"name":"Home","item":"https:\/\/miumjau.ee\/lt\/"},{"@type":"ListItem","position":2,"name":"Parduotuv\u0117","item":"https:\/\/miumjau.ee\/lt\/parduotuve\/"},{"@type":"ListItem","position":3,"name":"Bugalugs \u0160uns P\u0117d\u0173 Valiklis, Juodas L"}]},{"@type":"WebSite","@id":"https:\/\/miumjau.ee\/#website","url":"https:\/\/miumjau.ee\/","name":"MiuMjau","description":"Kraapimispuud kassidele","publisher":{"@id":"https:\/\/miumjau.ee\/#organization"},"potentialAction":[{"@type":"SearchAction","target":{"@type":"EntryPoint","urlTemplate":"https:\/\/miumjau.ee\/?s={search_term_string}"},"query-input":{"@type":"PropertyValueSpecification","valueRequired":true,"valueName":"search_term_string"}}],"inLanguage":"lt-LT"},{"@type":"Organization","@id":"https:\/\/miumjau.ee\/#organization","name":"MiuMjau O\u00dc","url":"https:\/\/miumjau.ee\/","logo":{"@type":"ImageObject","inLanguage":"lt-LT","@id":"https:\/\/miumjau.ee\/#\/schema\/logo\/image\/","url":"https:\/\/miumjau.ee\/wp-content\/uploads\/2022\/04\/MiuMjau-logo-kollane.png","contentUrl":"https:\/\/miumjau.ee\/wp-content\/uploads\/2022\/04\/MiuMjau-logo-kollane.png","width":219,"height":100,"caption":"MiuMjau O\u00dc"},"image":{"@id":"https:\/\/miumjau.ee\/#\/schema\/logo\/image\/"},"sameAs":["https:\/\/www.facebook.com\/miumjaupood\/"]}]}},"_links":{"self":[{"href":"https:\/\/miumjau.ee\/lt\/wp-json\/wp\/v2\/product\/49468","targetHints":{"allow":["GET"]}}],"collection":[{"href":"https:\/\/miumjau.ee\/lt\/wp-json\/wp\/v2\/product"}],"about":[{"href":"https:\/\/miumjau.ee\/lt\/wp-json\/wp\/v2\/types\/product"}],"wp:featuredmedia":[{"embeddable":true,"href":"https:\/\/miumjau.ee\/lt\/wp-json\/wp\/v2\/media\/49469"}],"wp:attachment":[{"href":"https:\/\/miumjau.ee\/lt\/wp-json\/wp\/v2\/media?parent=49468"}],"wp:term":[{"taxonomy":"product_brand","embeddable":true,"href":"https:\/\/miumjau.ee\/lt\/wp-json\/wp\/v2\/product_brand?post=49468"},{"taxonomy":"product_cat","embeddable":true,"href":"https:\/\/miumjau.ee\/lt\/wp-json\/wp\/v2\/product_cat?post=49468"},{"taxonomy":"product_tag","embeddable":true,"href":"https:\/\/miumjau.ee\/lt\/wp-json\/wp\/v2\/product_tag?post=49468"}],"curies":[{"name":"wp","href":"https:\/\/api.w.org\/{rel}","templated":true}]}}