{"id":49438,"date":"2025-06-17T22:33:57","date_gmt":"2025-06-17T19:33:57","guid":{"rendered":"https:\/\/miumjau.ee\/toode\/bugalugs-avizu-putos-be-skalavimo-pedu-valiklis\/"},"modified":"2026-01-07T20:43:23","modified_gmt":"2026-01-07T18:43:23","slug":"bugalugs-avizu-putos-be-skalavimo-pedu-valiklis","status":"publish","type":"product","link":"https:\/\/miumjau.ee\/lt\/produktas\/bugalugs-avizu-putos-be-skalavimo-pedu-valiklis\/","title":{"rendered":"Bugalugs Avi\u017e\u0173 Putos Be Skalavimo P\u0117d\u0173 Valiklis"},"content":{"rendered":"","protected":false},"excerpt":{"rendered":"<p data-start=\"5586\" data-end=\"5695\">Atsisveikinkite su purvinomis, per sausiomis ir sudirgusiomis p\u0117domis su Bugalugs be skalavimo p\u0117d\u0173 valikliu!<\/p>\n<p data-start=\"5697\" data-end=\"5715\"><strong data-start=\"5697\" data-end=\"5708\">Kiekis:<\/strong> 200 ml<\/p>\n<p data-start=\"5717\" data-end=\"5984\">Silikonin\u0117 \u0161epet\u0117lio galvut\u0117 sukurta \u0161velniai masa\u017euoti augintinio p\u0117das, pasiekti \u012f ply\u0161ius ir tarp pir\u0161t\u0173, kad pa\u0161alint\u0173 net \u012fsisen\u0117jus\u012f ne\u0161varum\u0105. Mink\u0161ti, bet patvar\u016bs silikoniniai \u0161ereliai yra \u0161veln\u016bs jautrioms p\u0117d\u0173 pagalv\u0117l\u0117ms, padarant valym\u0105 patog\u0173 ir malon\u0173.<\/p>\n<p data-start=\"5986\" data-end=\"6245\">Bugalugs p\u0117d\u0173 valikl\u012f i\u0161skiria m\u016bs\u0173 put\u0173 formul\u0117, kuri\u0105 skalauti nereikia. Naudojant put\u0173 pomp\u0105 ir \u0161epet\u0117l\u012f, putas galima lengvai u\u017etepti tiesiai ant p\u0117d\u0173 \u2013 taip paprasta! Kompakti\u0161kas dydis puikiai tinka kelion\u0117ms, stovyklavimui ar trumpai pasivaik\u0161\u010diojimui.<\/p>\n<p data-start=\"6247\" data-end=\"6479\">Nat\u016brali formul\u0117 turi eterini\u0173 aliej\u0173, ekstrakt\u0173 ir malon\u0173 kvap\u0105, suma\u017einan\u010di\u0173 nemalon\u0173 kvap\u0105 ir nuraminan\u010di\u0173 od\u0105. \u0160velni formul\u0117 tinka jautriausiai odai ir gali b\u016bti naudojama visoms \u0161un\u0173 veisl\u0117ms bei kat\u0117ms nuo 8 savai\u010di\u0173 am\u017eiaus.<\/p>\n<p data-start=\"6481\" data-end=\"6895\"><strong data-start=\"6481\" data-end=\"6496\">Naudojimas:<\/strong> Nuimkite dangtel\u012f ir paspauskite purk\u0161tuk\u0105, kad putos i\u0161siskirt\u0173 mink\u0161tais silikoniniais \u0161ereliais. \u0160velniai masa\u017euokite putas ant p\u0117d\u0173 sukamaisiais judesiais, u\u017etikrindami, kad pasiekt\u0173 tarp pir\u0161t\u0173. Nuvalykite p\u0117das sausas. Skalauti nereikia. Naudokite po kiekvieno pasivaik\u0161\u010diojimo arba pagal poreik\u012f. Norint i\u0161valyti silikonin\u012f \u0161epet\u0117l\u012f, nuimkite \u0161epet\u0117lio dangtel\u012f ir nuplaukite \u0161iltu vandeniu.<\/p>\n<p data-start=\"6897\" data-end=\"7389\"><strong data-start=\"6897\" data-end=\"6909\">Sud\u0117tis:<\/strong> Vanduo, Glicerinas, Polisorbatas 20, Dekilo gliukozidas, Metilpropandiolis, Kokamidopropilo beta\u00ednas, Cetrimonio chloridas, Kvapas, Kaprilglicolis, Natrio chloridas, Benzofenonas-4, Citrinos r\u016bg\u0161tis, Fenilpropanolis, Propilenglikolis, Avi\u017e\u0173 branduoli\u0173 ekstraktas, Kalio sorbatas, Natrio benzoatas, Tetranatrio EDTA, Laimo aliejus, Apelsin\u0173 \u017eieveli\u0173 aliejus, Citrin\u0173 \u017eieveli\u0173 aliejus, Levand\u0173 aliejus, Citralis, Citronellolis, Kumariinas, Limonenas, Linalolis, CI 14700, CI 19140.<\/p>\n<p data-start=\"7391\" data-end=\"7425\" data-is-last-node=\"\" data-is-only-node=\"\"><strong data-start=\"7391\" data-end=\"7406\">Gamintojas:<\/strong> Lakeland Cosmetics<\/p>\n","protected":false},"featured_media":49432,"template":"","meta":[],"product_brand":[],"product_cat":[542],"product_tag":[],"class_list":{"0":"post-49438","1":"product","2":"type-product","3":"status-publish","4":"has-post-thumbnail","6":"product_cat-prieziuros-priemones-sunims","8":"first","9":"instock","10":"taxable","11":"shipping-taxable","12":"purchasable","13":"product-type-simple"},"yoast_head":"<!-- This site is optimized with the Yoast SEO plugin v27.2 - https:\/\/yoast.com\/product\/yoast-seo-wordpress\/ -->\n<title>Bugalugs Avi\u017e\u0173 Putos Be Skalavimo P\u0117d\u0173 Valiklis - MiuMjau<\/title>\n<meta name=\"robots\" content=\"index, follow, max-snippet:-1, max-image-preview:large, max-video-preview:-1\" \/>\n<link rel=\"canonical\" href=\"https:\/\/miumjau.ee\/lt\/produktas\/bugalugs-avizu-putos-be-skalavimo-pedu-valiklis\/\" \/>\n<meta property=\"og:locale\" content=\"lt_LT\" \/>\n<meta property=\"og:type\" content=\"article\" \/>\n<meta property=\"og:title\" content=\"Bugalugs Avi\u017e\u0173 Putos Be Skalavimo P\u0117d\u0173 Valiklis - MiuMjau\" \/>\n<meta property=\"og:description\" content=\"Atsisveikinkite su purvinomis, per sausiomis ir sudirgusiomis p\u0117domis su Bugalugs be skalavimo p\u0117d\u0173 valikliu! Kiekis: 200 ml Silikonin\u0117 \u0161epet\u0117lio galvut\u0117 sukurta \u0161velniai masa\u017euoti augintinio p\u0117das, pasiekti \u012f ply\u0161ius ir tarp pir\u0161t\u0173, kad pa\u0161alint\u0173 net \u012fsisen\u0117jus\u012f ne\u0161varum\u0105. Mink\u0161ti, bet patvar\u016bs silikoniniai \u0161ereliai yra \u0161veln\u016bs jautrioms p\u0117d\u0173 pagalv\u0117l\u0117ms, padarant valym\u0105 patog\u0173 ir malon\u0173. Bugalugs p\u0117d\u0173 valikl\u012f i\u0161skiria m\u016bs\u0173 put\u0173 formul\u0117, kuri\u0105 skalauti nereikia. Naudojant put\u0173 pomp\u0105 ir \u0161epet\u0117l\u012f, putas galima lengvai u\u017etepti tiesiai ant p\u0117d\u0173 \u2013 taip paprasta! Kompakti\u0161kas dydis puikiai tinka kelion\u0117ms, stovyklavimui ar trumpai pasivaik\u0161\u010diojimui. Nat\u016brali formul\u0117 turi eterini\u0173 aliej\u0173, ekstrakt\u0173 ir malon\u0173 kvap\u0105, suma\u017einan\u010di\u0173 nemalon\u0173 kvap\u0105 ir nuraminan\u010di\u0173 od\u0105. \u0160velni formul\u0117 tinka jautriausiai odai ir gali b\u016bti naudojama visoms \u0161un\u0173 veisl\u0117ms bei kat\u0117ms nuo 8 savai\u010di\u0173 am\u017eiaus. Naudojimas: Nuimkite dangtel\u012f ir paspauskite purk\u0161tuk\u0105, kad putos i\u0161siskirt\u0173 mink\u0161tais silikoniniais \u0161ereliais. \u0160velniai masa\u017euokite putas ant p\u0117d\u0173 sukamaisiais judesiais, u\u017etikrindami, kad pasiekt\u0173 tarp pir\u0161t\u0173. Nuvalykite p\u0117das sausas. Skalauti nereikia. Naudokite po kiekvieno pasivaik\u0161\u010diojimo arba pagal poreik\u012f. Norint i\u0161valyti silikonin\u012f \u0161epet\u0117l\u012f, nuimkite \u0161epet\u0117lio dangtel\u012f ir nuplaukite \u0161iltu vandeniu. Sud\u0117tis: Vanduo, Glicerinas, Polisorbatas 20, Dekilo gliukozidas, Metilpropandiolis, Kokamidopropilo beta\u00ednas, Cetrimonio chloridas, Kvapas, Kaprilglicolis, Natrio chloridas, Benzofenonas-4, Citrinos r\u016bg\u0161tis, Fenilpropanolis, Propilenglikolis, Avi\u017e\u0173 branduoli\u0173 ekstraktas, Kalio sorbatas, Natrio benzoatas, Tetranatrio EDTA, Laimo aliejus, Apelsin\u0173 \u017eieveli\u0173 aliejus, Citrin\u0173 \u017eieveli\u0173 aliejus, Levand\u0173 aliejus, Citralis, Citronellolis, Kumariinas, Limonenas, Linalolis, CI 14700, CI 19140. Gamintojas: Lakeland Cosmetics\" \/>\n<meta property=\"og:url\" content=\"https:\/\/miumjau.ee\/lt\/produktas\/bugalugs-avizu-putos-be-skalavimo-pedu-valiklis\/\" \/>\n<meta property=\"og:site_name\" content=\"MiuMjau\" \/>\n<meta property=\"article:publisher\" content=\"https:\/\/www.facebook.com\/miumjaupood\/\" \/>\n<meta property=\"article:modified_time\" content=\"2026-01-07T18:43:23+00:00\" \/>\n<meta property=\"og:image\" content=\"https:\/\/miumjau.ee\/wp-content\/uploads\/2025\/06\/bugalugs-loputusvaba-kapapuhastusvahend-oatmeal.jpg\" \/>\n\t<meta property=\"og:image:width\" content=\"600\" \/>\n\t<meta property=\"og:image:height\" content=\"800\" \/>\n\t<meta property=\"og:image:type\" content=\"image\/jpeg\" \/>\n<meta name=\"twitter:card\" content=\"summary_large_image\" \/>\n<script type=\"application\/ld+json\" class=\"yoast-schema-graph\">{\"@context\":\"https:\/\/schema.org\",\"@graph\":[{\"@type\":\"WebPage\",\"@id\":\"https:\/\/miumjau.ee\/lt\/produktas\/bugalugs-avizu-putos-be-skalavimo-pedu-valiklis\/\",\"url\":\"https:\/\/miumjau.ee\/lt\/produktas\/bugalugs-avizu-putos-be-skalavimo-pedu-valiklis\/\",\"name\":\"Bugalugs Avi\u017e\u0173 Putos Be Skalavimo P\u0117d\u0173 Valiklis - MiuMjau\",\"isPartOf\":{\"@id\":\"https:\/\/miumjau.ee\/#website\"},\"primaryImageOfPage\":{\"@id\":\"https:\/\/miumjau.ee\/lt\/produktas\/bugalugs-avizu-putos-be-skalavimo-pedu-valiklis\/#primaryimage\"},\"image\":{\"@id\":\"https:\/\/miumjau.ee\/lt\/produktas\/bugalugs-avizu-putos-be-skalavimo-pedu-valiklis\/#primaryimage\"},\"thumbnailUrl\":\"https:\/\/miumjau.ee\/wp-content\/uploads\/2025\/06\/bugalugs-loputusvaba-kapapuhastusvahend-oatmeal.jpg\",\"datePublished\":\"2025-06-17T19:33:57+00:00\",\"dateModified\":\"2026-01-07T18:43:23+00:00\",\"breadcrumb\":{\"@id\":\"https:\/\/miumjau.ee\/lt\/produktas\/bugalugs-avizu-putos-be-skalavimo-pedu-valiklis\/#breadcrumb\"},\"inLanguage\":\"lt-LT\",\"potentialAction\":[{\"@type\":\"ReadAction\",\"target\":[\"https:\/\/miumjau.ee\/lt\/produktas\/bugalugs-avizu-putos-be-skalavimo-pedu-valiklis\/\"]}]},{\"@type\":\"ImageObject\",\"inLanguage\":\"lt-LT\",\"@id\":\"https:\/\/miumjau.ee\/lt\/produktas\/bugalugs-avizu-putos-be-skalavimo-pedu-valiklis\/#primaryimage\",\"url\":\"https:\/\/miumjau.ee\/wp-content\/uploads\/2025\/06\/bugalugs-loputusvaba-kapapuhastusvahend-oatmeal.jpg\",\"contentUrl\":\"https:\/\/miumjau.ee\/wp-content\/uploads\/2025\/06\/bugalugs-loputusvaba-kapapuhastusvahend-oatmeal.jpg\",\"width\":600,\"height\":800},{\"@type\":\"BreadcrumbList\",\"@id\":\"https:\/\/miumjau.ee\/lt\/produktas\/bugalugs-avizu-putos-be-skalavimo-pedu-valiklis\/#breadcrumb\",\"itemListElement\":[{\"@type\":\"ListItem\",\"position\":1,\"name\":\"Home\",\"item\":\"https:\/\/miumjau.ee\/lt\/\"},{\"@type\":\"ListItem\",\"position\":2,\"name\":\"Parduotuv\u0117\",\"item\":\"https:\/\/miumjau.ee\/lt\/parduotuve\/\"},{\"@type\":\"ListItem\",\"position\":3,\"name\":\"Bugalugs Avi\u017e\u0173 Putos Be Skalavimo P\u0117d\u0173 Valiklis\"}]},{\"@type\":\"WebSite\",\"@id\":\"https:\/\/miumjau.ee\/#website\",\"url\":\"https:\/\/miumjau.ee\/\",\"name\":\"MiuMjau\",\"description\":\"Kraapimispuud kassidele\",\"publisher\":{\"@id\":\"https:\/\/miumjau.ee\/#organization\"},\"potentialAction\":[{\"@type\":\"SearchAction\",\"target\":{\"@type\":\"EntryPoint\",\"urlTemplate\":\"https:\/\/miumjau.ee\/?s={search_term_string}\"},\"query-input\":{\"@type\":\"PropertyValueSpecification\",\"valueRequired\":true,\"valueName\":\"search_term_string\"}}],\"inLanguage\":\"lt-LT\"},{\"@type\":\"Organization\",\"@id\":\"https:\/\/miumjau.ee\/#organization\",\"name\":\"MiuMjau O\u00dc\",\"url\":\"https:\/\/miumjau.ee\/\",\"logo\":{\"@type\":\"ImageObject\",\"inLanguage\":\"lt-LT\",\"@id\":\"https:\/\/miumjau.ee\/#\/schema\/logo\/image\/\",\"url\":\"https:\/\/miumjau.ee\/wp-content\/uploads\/2022\/04\/MiuMjau-logo-kollane.png\",\"contentUrl\":\"https:\/\/miumjau.ee\/wp-content\/uploads\/2022\/04\/MiuMjau-logo-kollane.png\",\"width\":219,\"height\":100,\"caption\":\"MiuMjau O\u00dc\"},\"image\":{\"@id\":\"https:\/\/miumjau.ee\/#\/schema\/logo\/image\/\"},\"sameAs\":[\"https:\/\/www.facebook.com\/miumjaupood\/\"]}]}<\/script>\n<!-- \/ Yoast SEO plugin. -->","yoast_head_json":{"title":"Bugalugs Avi\u017e\u0173 Putos Be Skalavimo P\u0117d\u0173 Valiklis - MiuMjau","robots":{"index":"index","follow":"follow","max-snippet":"max-snippet:-1","max-image-preview":"max-image-preview:large","max-video-preview":"max-video-preview:-1"},"canonical":"https:\/\/miumjau.ee\/lt\/produktas\/bugalugs-avizu-putos-be-skalavimo-pedu-valiklis\/","og_locale":"lt_LT","og_type":"article","og_title":"Bugalugs Avi\u017e\u0173 Putos Be Skalavimo P\u0117d\u0173 Valiklis - MiuMjau","og_description":"Atsisveikinkite su purvinomis, per sausiomis ir sudirgusiomis p\u0117domis su Bugalugs be skalavimo p\u0117d\u0173 valikliu! Kiekis: 200 ml Silikonin\u0117 \u0161epet\u0117lio galvut\u0117 sukurta \u0161velniai masa\u017euoti augintinio p\u0117das, pasiekti \u012f ply\u0161ius ir tarp pir\u0161t\u0173, kad pa\u0161alint\u0173 net \u012fsisen\u0117jus\u012f ne\u0161varum\u0105. Mink\u0161ti, bet patvar\u016bs silikoniniai \u0161ereliai yra \u0161veln\u016bs jautrioms p\u0117d\u0173 pagalv\u0117l\u0117ms, padarant valym\u0105 patog\u0173 ir malon\u0173. Bugalugs p\u0117d\u0173 valikl\u012f i\u0161skiria m\u016bs\u0173 put\u0173 formul\u0117, kuri\u0105 skalauti nereikia. Naudojant put\u0173 pomp\u0105 ir \u0161epet\u0117l\u012f, putas galima lengvai u\u017etepti tiesiai ant p\u0117d\u0173 \u2013 taip paprasta! Kompakti\u0161kas dydis puikiai tinka kelion\u0117ms, stovyklavimui ar trumpai pasivaik\u0161\u010diojimui. Nat\u016brali formul\u0117 turi eterini\u0173 aliej\u0173, ekstrakt\u0173 ir malon\u0173 kvap\u0105, suma\u017einan\u010di\u0173 nemalon\u0173 kvap\u0105 ir nuraminan\u010di\u0173 od\u0105. \u0160velni formul\u0117 tinka jautriausiai odai ir gali b\u016bti naudojama visoms \u0161un\u0173 veisl\u0117ms bei kat\u0117ms nuo 8 savai\u010di\u0173 am\u017eiaus. Naudojimas: Nuimkite dangtel\u012f ir paspauskite purk\u0161tuk\u0105, kad putos i\u0161siskirt\u0173 mink\u0161tais silikoniniais \u0161ereliais. \u0160velniai masa\u017euokite putas ant p\u0117d\u0173 sukamaisiais judesiais, u\u017etikrindami, kad pasiekt\u0173 tarp pir\u0161t\u0173. Nuvalykite p\u0117das sausas. Skalauti nereikia. Naudokite po kiekvieno pasivaik\u0161\u010diojimo arba pagal poreik\u012f. Norint i\u0161valyti silikonin\u012f \u0161epet\u0117l\u012f, nuimkite \u0161epet\u0117lio dangtel\u012f ir nuplaukite \u0161iltu vandeniu. Sud\u0117tis: Vanduo, Glicerinas, Polisorbatas 20, Dekilo gliukozidas, Metilpropandiolis, Kokamidopropilo beta\u00ednas, Cetrimonio chloridas, Kvapas, Kaprilglicolis, Natrio chloridas, Benzofenonas-4, Citrinos r\u016bg\u0161tis, Fenilpropanolis, Propilenglikolis, Avi\u017e\u0173 branduoli\u0173 ekstraktas, Kalio sorbatas, Natrio benzoatas, Tetranatrio EDTA, Laimo aliejus, Apelsin\u0173 \u017eieveli\u0173 aliejus, Citrin\u0173 \u017eieveli\u0173 aliejus, Levand\u0173 aliejus, Citralis, Citronellolis, Kumariinas, Limonenas, Linalolis, CI 14700, CI 19140. Gamintojas: Lakeland Cosmetics","og_url":"https:\/\/miumjau.ee\/lt\/produktas\/bugalugs-avizu-putos-be-skalavimo-pedu-valiklis\/","og_site_name":"MiuMjau","article_publisher":"https:\/\/www.facebook.com\/miumjaupood\/","article_modified_time":"2026-01-07T18:43:23+00:00","og_image":[{"width":600,"height":800,"url":"https:\/\/miumjau.ee\/wp-content\/uploads\/2025\/06\/bugalugs-loputusvaba-kapapuhastusvahend-oatmeal.jpg","type":"image\/jpeg"}],"twitter_card":"summary_large_image","schema":{"@context":"https:\/\/schema.org","@graph":[{"@type":"WebPage","@id":"https:\/\/miumjau.ee\/lt\/produktas\/bugalugs-avizu-putos-be-skalavimo-pedu-valiklis\/","url":"https:\/\/miumjau.ee\/lt\/produktas\/bugalugs-avizu-putos-be-skalavimo-pedu-valiklis\/","name":"Bugalugs Avi\u017e\u0173 Putos Be Skalavimo P\u0117d\u0173 Valiklis - MiuMjau","isPartOf":{"@id":"https:\/\/miumjau.ee\/#website"},"primaryImageOfPage":{"@id":"https:\/\/miumjau.ee\/lt\/produktas\/bugalugs-avizu-putos-be-skalavimo-pedu-valiklis\/#primaryimage"},"image":{"@id":"https:\/\/miumjau.ee\/lt\/produktas\/bugalugs-avizu-putos-be-skalavimo-pedu-valiklis\/#primaryimage"},"thumbnailUrl":"https:\/\/miumjau.ee\/wp-content\/uploads\/2025\/06\/bugalugs-loputusvaba-kapapuhastusvahend-oatmeal.jpg","datePublished":"2025-06-17T19:33:57+00:00","dateModified":"2026-01-07T18:43:23+00:00","breadcrumb":{"@id":"https:\/\/miumjau.ee\/lt\/produktas\/bugalugs-avizu-putos-be-skalavimo-pedu-valiklis\/#breadcrumb"},"inLanguage":"lt-LT","potentialAction":[{"@type":"ReadAction","target":["https:\/\/miumjau.ee\/lt\/produktas\/bugalugs-avizu-putos-be-skalavimo-pedu-valiklis\/"]}]},{"@type":"ImageObject","inLanguage":"lt-LT","@id":"https:\/\/miumjau.ee\/lt\/produktas\/bugalugs-avizu-putos-be-skalavimo-pedu-valiklis\/#primaryimage","url":"https:\/\/miumjau.ee\/wp-content\/uploads\/2025\/06\/bugalugs-loputusvaba-kapapuhastusvahend-oatmeal.jpg","contentUrl":"https:\/\/miumjau.ee\/wp-content\/uploads\/2025\/06\/bugalugs-loputusvaba-kapapuhastusvahend-oatmeal.jpg","width":600,"height":800},{"@type":"BreadcrumbList","@id":"https:\/\/miumjau.ee\/lt\/produktas\/bugalugs-avizu-putos-be-skalavimo-pedu-valiklis\/#breadcrumb","itemListElement":[{"@type":"ListItem","position":1,"name":"Home","item":"https:\/\/miumjau.ee\/lt\/"},{"@type":"ListItem","position":2,"name":"Parduotuv\u0117","item":"https:\/\/miumjau.ee\/lt\/parduotuve\/"},{"@type":"ListItem","position":3,"name":"Bugalugs Avi\u017e\u0173 Putos Be Skalavimo P\u0117d\u0173 Valiklis"}]},{"@type":"WebSite","@id":"https:\/\/miumjau.ee\/#website","url":"https:\/\/miumjau.ee\/","name":"MiuMjau","description":"Kraapimispuud kassidele","publisher":{"@id":"https:\/\/miumjau.ee\/#organization"},"potentialAction":[{"@type":"SearchAction","target":{"@type":"EntryPoint","urlTemplate":"https:\/\/miumjau.ee\/?s={search_term_string}"},"query-input":{"@type":"PropertyValueSpecification","valueRequired":true,"valueName":"search_term_string"}}],"inLanguage":"lt-LT"},{"@type":"Organization","@id":"https:\/\/miumjau.ee\/#organization","name":"MiuMjau O\u00dc","url":"https:\/\/miumjau.ee\/","logo":{"@type":"ImageObject","inLanguage":"lt-LT","@id":"https:\/\/miumjau.ee\/#\/schema\/logo\/image\/","url":"https:\/\/miumjau.ee\/wp-content\/uploads\/2022\/04\/MiuMjau-logo-kollane.png","contentUrl":"https:\/\/miumjau.ee\/wp-content\/uploads\/2022\/04\/MiuMjau-logo-kollane.png","width":219,"height":100,"caption":"MiuMjau O\u00dc"},"image":{"@id":"https:\/\/miumjau.ee\/#\/schema\/logo\/image\/"},"sameAs":["https:\/\/www.facebook.com\/miumjaupood\/"]}]}},"_links":{"self":[{"href":"https:\/\/miumjau.ee\/lt\/wp-json\/wp\/v2\/product\/49438","targetHints":{"allow":["GET"]}}],"collection":[{"href":"https:\/\/miumjau.ee\/lt\/wp-json\/wp\/v2\/product"}],"about":[{"href":"https:\/\/miumjau.ee\/lt\/wp-json\/wp\/v2\/types\/product"}],"wp:featuredmedia":[{"embeddable":true,"href":"https:\/\/miumjau.ee\/lt\/wp-json\/wp\/v2\/media\/49432"}],"wp:attachment":[{"href":"https:\/\/miumjau.ee\/lt\/wp-json\/wp\/v2\/media?parent=49438"}],"wp:term":[{"taxonomy":"product_brand","embeddable":true,"href":"https:\/\/miumjau.ee\/lt\/wp-json\/wp\/v2\/product_brand?post=49438"},{"taxonomy":"product_cat","embeddable":true,"href":"https:\/\/miumjau.ee\/lt\/wp-json\/wp\/v2\/product_cat?post=49438"},{"taxonomy":"product_tag","embeddable":true,"href":"https:\/\/miumjau.ee\/lt\/wp-json\/wp\/v2\/product_tag?post=49438"}],"curies":[{"name":"wp","href":"https:\/\/api.w.org\/{rel}","templated":true}]}}