{"id":49429,"date":"2025-06-17T22:55:28","date_gmt":"2025-06-17T19:55:28","guid":{"rendered":"https:\/\/miumjau.ee\/toode\/bugalugs-pedu-ir-nosies-balzamas-40g\/"},"modified":"2026-01-07T20:43:23","modified_gmt":"2026-01-07T18:43:23","slug":"bugalugs-pedu-ir-nosies-balzamas-40g","status":"publish","type":"product","link":"https:\/\/miumjau.ee\/lt\/produktas\/bugalugs-pedu-ir-nosies-balzamas-40g\/","title":{"rendered":"Bugalugs P\u0117d\u0173 ir Nosies Balzamas 40g"},"content":{"rendered":"","protected":false},"excerpt":{"rendered":"<p data-start=\"2615\" data-end=\"2884\">Puikus dr\u0117kiklis, maitinantis j\u016bs\u0173 augintinio saus\u0105 ir skilin\u0117jant\u012f od\u0105. Tinka naudoti i\u0161tisus metus, kad nosis ir p\u0117dos i\u0161likt\u0173 mink\u0161tos ir lygios. Bugalugs vegani\u0161kas receptas, pagamintas i\u0161 nat\u016brali\u0173 aliej\u0173, tinka visoms veisl\u0117ms ir \u0161uniukams nuo 8 savai\u010di\u0173 am\u017eiaus.<\/p>\n<p data-start=\"2886\" data-end=\"3024\">Specialiai sukurtas balzamas yra maitinantis \u012fvairi\u0173 nat\u016brali\u0173 aliej\u0173 ir sviest\u0173 mi\u0161inys, \u017einomas d\u0117l nuostabi\u0173 od\u0105 puosel\u0117jan\u010di\u0173 savybi\u0173.<\/p>\n<p data-start=\"3026\" data-end=\"3147\"><strong data-start=\"3026\" data-end=\"3041\">Naudojimas:<\/strong> \u012esitikinkite, kad oda yra \u0161vari ir sausa. Tepkite \u017eirnio dyd\u017eio kiek\u012f ant p\u0117d\u0173 ar nosies ir \u012fmasa\u017euokite.<\/p>\n<p data-start=\"3149\" data-end=\"3411\"><strong data-start=\"3149\" data-end=\"3161\">Sud\u0117tis:<\/strong> Saldaus migdol\u0173 branduolio aliejus, kaprilini\u0173\/kaprilo triglicerid\u0173 aliejus, kokoso branduolio aliejus, mie\u017ei\u0173 s\u0117kl\u0173 miltai, saul\u0117gr\u0105\u017e\u0173 va\u0161kas, saul\u0117gr\u0105\u017e\u0173 aliejus, avi\u017e\u0173 branduolio miltai, avi\u017e\u0173 branduolio aliejus, tokoferolis, heksilcinamaldehidas.<\/p>\n<p data-start=\"3413\" data-end=\"3447\" data-is-last-node=\"\" data-is-only-node=\"\"><strong data-start=\"3413\" data-end=\"3428\">Gamintojas:<\/strong> Lakeland Cosmetics<\/p>\n","protected":false},"featured_media":49424,"template":"","meta":[],"product_brand":[],"product_cat":[542],"product_tag":[],"class_list":{"0":"post-49429","1":"product","2":"type-product","3":"status-publish","4":"has-post-thumbnail","6":"product_cat-prieziuros-priemones-sunims","8":"first","9":"instock","10":"sale","11":"taxable","12":"shipping-taxable","13":"purchasable","14":"product-type-simple"},"yoast_head":"<!-- This site is optimized with the Yoast SEO plugin v27.2 - https:\/\/yoast.com\/product\/yoast-seo-wordpress\/ -->\n<title>Bugalugs P\u0117d\u0173 ir Nosies Balzamas 40g - MiuMjau<\/title>\n<meta name=\"robots\" content=\"index, follow, max-snippet:-1, max-image-preview:large, max-video-preview:-1\" \/>\n<link rel=\"canonical\" href=\"https:\/\/miumjau.ee\/lt\/produktas\/bugalugs-pedu-ir-nosies-balzamas-40g\/\" \/>\n<meta property=\"og:locale\" content=\"lt_LT\" \/>\n<meta property=\"og:type\" content=\"article\" \/>\n<meta property=\"og:title\" content=\"Bugalugs P\u0117d\u0173 ir Nosies Balzamas 40g - MiuMjau\" \/>\n<meta property=\"og:description\" content=\"Puikus dr\u0117kiklis, maitinantis j\u016bs\u0173 augintinio saus\u0105 ir skilin\u0117jant\u012f od\u0105. Tinka naudoti i\u0161tisus metus, kad nosis ir p\u0117dos i\u0161likt\u0173 mink\u0161tos ir lygios. Bugalugs vegani\u0161kas receptas, pagamintas i\u0161 nat\u016brali\u0173 aliej\u0173, tinka visoms veisl\u0117ms ir \u0161uniukams nuo 8 savai\u010di\u0173 am\u017eiaus. Specialiai sukurtas balzamas yra maitinantis \u012fvairi\u0173 nat\u016brali\u0173 aliej\u0173 ir sviest\u0173 mi\u0161inys, \u017einomas d\u0117l nuostabi\u0173 od\u0105 puosel\u0117jan\u010di\u0173 savybi\u0173. Naudojimas: \u012esitikinkite, kad oda yra \u0161vari ir sausa. Tepkite \u017eirnio dyd\u017eio kiek\u012f ant p\u0117d\u0173 ar nosies ir \u012fmasa\u017euokite. Sud\u0117tis: Saldaus migdol\u0173 branduolio aliejus, kaprilini\u0173\/kaprilo triglicerid\u0173 aliejus, kokoso branduolio aliejus, mie\u017ei\u0173 s\u0117kl\u0173 miltai, saul\u0117gr\u0105\u017e\u0173 va\u0161kas, saul\u0117gr\u0105\u017e\u0173 aliejus, avi\u017e\u0173 branduolio miltai, avi\u017e\u0173 branduolio aliejus, tokoferolis, heksilcinamaldehidas. Gamintojas: Lakeland Cosmetics\" \/>\n<meta property=\"og:url\" content=\"https:\/\/miumjau.ee\/lt\/produktas\/bugalugs-pedu-ir-nosies-balzamas-40g\/\" \/>\n<meta property=\"og:site_name\" content=\"MiuMjau\" \/>\n<meta property=\"article:publisher\" content=\"https:\/\/www.facebook.com\/miumjaupood\/\" \/>\n<meta property=\"article:modified_time\" content=\"2026-01-07T18:43:23+00:00\" \/>\n<meta property=\"og:image\" content=\"https:\/\/miumjau.ee\/wp-content\/uploads\/2025\/06\/bugalugs-kapavaha-ninavaha-40g1.webp\" \/>\n\t<meta property=\"og:image:width\" content=\"600\" \/>\n\t<meta property=\"og:image:height\" content=\"800\" \/>\n\t<meta property=\"og:image:type\" content=\"image\/webp\" \/>\n<meta name=\"twitter:card\" content=\"summary_large_image\" \/>\n<script type=\"application\/ld+json\" class=\"yoast-schema-graph\">{\"@context\":\"https:\/\/schema.org\",\"@graph\":[{\"@type\":\"WebPage\",\"@id\":\"https:\/\/miumjau.ee\/lt\/produktas\/bugalugs-pedu-ir-nosies-balzamas-40g\/\",\"url\":\"https:\/\/miumjau.ee\/lt\/produktas\/bugalugs-pedu-ir-nosies-balzamas-40g\/\",\"name\":\"Bugalugs P\u0117d\u0173 ir Nosies Balzamas 40g - MiuMjau\",\"isPartOf\":{\"@id\":\"https:\/\/miumjau.ee\/#website\"},\"primaryImageOfPage\":{\"@id\":\"https:\/\/miumjau.ee\/lt\/produktas\/bugalugs-pedu-ir-nosies-balzamas-40g\/#primaryimage\"},\"image\":{\"@id\":\"https:\/\/miumjau.ee\/lt\/produktas\/bugalugs-pedu-ir-nosies-balzamas-40g\/#primaryimage\"},\"thumbnailUrl\":\"https:\/\/miumjau.ee\/wp-content\/uploads\/2025\/06\/bugalugs-kapavaha-ninavaha-40g1.webp\",\"datePublished\":\"2025-06-17T19:55:28+00:00\",\"dateModified\":\"2026-01-07T18:43:23+00:00\",\"breadcrumb\":{\"@id\":\"https:\/\/miumjau.ee\/lt\/produktas\/bugalugs-pedu-ir-nosies-balzamas-40g\/#breadcrumb\"},\"inLanguage\":\"lt-LT\",\"potentialAction\":[{\"@type\":\"ReadAction\",\"target\":[\"https:\/\/miumjau.ee\/lt\/produktas\/bugalugs-pedu-ir-nosies-balzamas-40g\/\"]}]},{\"@type\":\"ImageObject\",\"inLanguage\":\"lt-LT\",\"@id\":\"https:\/\/miumjau.ee\/lt\/produktas\/bugalugs-pedu-ir-nosies-balzamas-40g\/#primaryimage\",\"url\":\"https:\/\/miumjau.ee\/wp-content\/uploads\/2025\/06\/bugalugs-kapavaha-ninavaha-40g1.webp\",\"contentUrl\":\"https:\/\/miumjau.ee\/wp-content\/uploads\/2025\/06\/bugalugs-kapavaha-ninavaha-40g1.webp\",\"width\":600,\"height\":800},{\"@type\":\"BreadcrumbList\",\"@id\":\"https:\/\/miumjau.ee\/lt\/produktas\/bugalugs-pedu-ir-nosies-balzamas-40g\/#breadcrumb\",\"itemListElement\":[{\"@type\":\"ListItem\",\"position\":1,\"name\":\"Home\",\"item\":\"https:\/\/miumjau.ee\/lt\/\"},{\"@type\":\"ListItem\",\"position\":2,\"name\":\"Parduotuv\u0117\",\"item\":\"https:\/\/miumjau.ee\/lt\/parduotuve\/\"},{\"@type\":\"ListItem\",\"position\":3,\"name\":\"Bugalugs P\u0117d\u0173 ir Nosies Balzamas 40g\"}]},{\"@type\":\"WebSite\",\"@id\":\"https:\/\/miumjau.ee\/#website\",\"url\":\"https:\/\/miumjau.ee\/\",\"name\":\"MiuMjau\",\"description\":\"Kraapimispuud kassidele\",\"publisher\":{\"@id\":\"https:\/\/miumjau.ee\/#organization\"},\"potentialAction\":[{\"@type\":\"SearchAction\",\"target\":{\"@type\":\"EntryPoint\",\"urlTemplate\":\"https:\/\/miumjau.ee\/?s={search_term_string}\"},\"query-input\":{\"@type\":\"PropertyValueSpecification\",\"valueRequired\":true,\"valueName\":\"search_term_string\"}}],\"inLanguage\":\"lt-LT\"},{\"@type\":\"Organization\",\"@id\":\"https:\/\/miumjau.ee\/#organization\",\"name\":\"MiuMjau O\u00dc\",\"url\":\"https:\/\/miumjau.ee\/\",\"logo\":{\"@type\":\"ImageObject\",\"inLanguage\":\"lt-LT\",\"@id\":\"https:\/\/miumjau.ee\/#\/schema\/logo\/image\/\",\"url\":\"https:\/\/miumjau.ee\/wp-content\/uploads\/2022\/04\/MiuMjau-logo-kollane.png\",\"contentUrl\":\"https:\/\/miumjau.ee\/wp-content\/uploads\/2022\/04\/MiuMjau-logo-kollane.png\",\"width\":219,\"height\":100,\"caption\":\"MiuMjau O\u00dc\"},\"image\":{\"@id\":\"https:\/\/miumjau.ee\/#\/schema\/logo\/image\/\"},\"sameAs\":[\"https:\/\/www.facebook.com\/miumjaupood\/\"]}]}<\/script>\n<!-- \/ Yoast SEO plugin. -->","yoast_head_json":{"title":"Bugalugs P\u0117d\u0173 ir Nosies Balzamas 40g - MiuMjau","robots":{"index":"index","follow":"follow","max-snippet":"max-snippet:-1","max-image-preview":"max-image-preview:large","max-video-preview":"max-video-preview:-1"},"canonical":"https:\/\/miumjau.ee\/lt\/produktas\/bugalugs-pedu-ir-nosies-balzamas-40g\/","og_locale":"lt_LT","og_type":"article","og_title":"Bugalugs P\u0117d\u0173 ir Nosies Balzamas 40g - MiuMjau","og_description":"Puikus dr\u0117kiklis, maitinantis j\u016bs\u0173 augintinio saus\u0105 ir skilin\u0117jant\u012f od\u0105. Tinka naudoti i\u0161tisus metus, kad nosis ir p\u0117dos i\u0161likt\u0173 mink\u0161tos ir lygios. Bugalugs vegani\u0161kas receptas, pagamintas i\u0161 nat\u016brali\u0173 aliej\u0173, tinka visoms veisl\u0117ms ir \u0161uniukams nuo 8 savai\u010di\u0173 am\u017eiaus. Specialiai sukurtas balzamas yra maitinantis \u012fvairi\u0173 nat\u016brali\u0173 aliej\u0173 ir sviest\u0173 mi\u0161inys, \u017einomas d\u0117l nuostabi\u0173 od\u0105 puosel\u0117jan\u010di\u0173 savybi\u0173. Naudojimas: \u012esitikinkite, kad oda yra \u0161vari ir sausa. Tepkite \u017eirnio dyd\u017eio kiek\u012f ant p\u0117d\u0173 ar nosies ir \u012fmasa\u017euokite. Sud\u0117tis: Saldaus migdol\u0173 branduolio aliejus, kaprilini\u0173\/kaprilo triglicerid\u0173 aliejus, kokoso branduolio aliejus, mie\u017ei\u0173 s\u0117kl\u0173 miltai, saul\u0117gr\u0105\u017e\u0173 va\u0161kas, saul\u0117gr\u0105\u017e\u0173 aliejus, avi\u017e\u0173 branduolio miltai, avi\u017e\u0173 branduolio aliejus, tokoferolis, heksilcinamaldehidas. Gamintojas: Lakeland Cosmetics","og_url":"https:\/\/miumjau.ee\/lt\/produktas\/bugalugs-pedu-ir-nosies-balzamas-40g\/","og_site_name":"MiuMjau","article_publisher":"https:\/\/www.facebook.com\/miumjaupood\/","article_modified_time":"2026-01-07T18:43:23+00:00","og_image":[{"width":600,"height":800,"url":"https:\/\/miumjau.ee\/wp-content\/uploads\/2025\/06\/bugalugs-kapavaha-ninavaha-40g1.webp","type":"image\/webp"}],"twitter_card":"summary_large_image","schema":{"@context":"https:\/\/schema.org","@graph":[{"@type":"WebPage","@id":"https:\/\/miumjau.ee\/lt\/produktas\/bugalugs-pedu-ir-nosies-balzamas-40g\/","url":"https:\/\/miumjau.ee\/lt\/produktas\/bugalugs-pedu-ir-nosies-balzamas-40g\/","name":"Bugalugs P\u0117d\u0173 ir Nosies Balzamas 40g - MiuMjau","isPartOf":{"@id":"https:\/\/miumjau.ee\/#website"},"primaryImageOfPage":{"@id":"https:\/\/miumjau.ee\/lt\/produktas\/bugalugs-pedu-ir-nosies-balzamas-40g\/#primaryimage"},"image":{"@id":"https:\/\/miumjau.ee\/lt\/produktas\/bugalugs-pedu-ir-nosies-balzamas-40g\/#primaryimage"},"thumbnailUrl":"https:\/\/miumjau.ee\/wp-content\/uploads\/2025\/06\/bugalugs-kapavaha-ninavaha-40g1.webp","datePublished":"2025-06-17T19:55:28+00:00","dateModified":"2026-01-07T18:43:23+00:00","breadcrumb":{"@id":"https:\/\/miumjau.ee\/lt\/produktas\/bugalugs-pedu-ir-nosies-balzamas-40g\/#breadcrumb"},"inLanguage":"lt-LT","potentialAction":[{"@type":"ReadAction","target":["https:\/\/miumjau.ee\/lt\/produktas\/bugalugs-pedu-ir-nosies-balzamas-40g\/"]}]},{"@type":"ImageObject","inLanguage":"lt-LT","@id":"https:\/\/miumjau.ee\/lt\/produktas\/bugalugs-pedu-ir-nosies-balzamas-40g\/#primaryimage","url":"https:\/\/miumjau.ee\/wp-content\/uploads\/2025\/06\/bugalugs-kapavaha-ninavaha-40g1.webp","contentUrl":"https:\/\/miumjau.ee\/wp-content\/uploads\/2025\/06\/bugalugs-kapavaha-ninavaha-40g1.webp","width":600,"height":800},{"@type":"BreadcrumbList","@id":"https:\/\/miumjau.ee\/lt\/produktas\/bugalugs-pedu-ir-nosies-balzamas-40g\/#breadcrumb","itemListElement":[{"@type":"ListItem","position":1,"name":"Home","item":"https:\/\/miumjau.ee\/lt\/"},{"@type":"ListItem","position":2,"name":"Parduotuv\u0117","item":"https:\/\/miumjau.ee\/lt\/parduotuve\/"},{"@type":"ListItem","position":3,"name":"Bugalugs P\u0117d\u0173 ir Nosies Balzamas 40g"}]},{"@type":"WebSite","@id":"https:\/\/miumjau.ee\/#website","url":"https:\/\/miumjau.ee\/","name":"MiuMjau","description":"Kraapimispuud kassidele","publisher":{"@id":"https:\/\/miumjau.ee\/#organization"},"potentialAction":[{"@type":"SearchAction","target":{"@type":"EntryPoint","urlTemplate":"https:\/\/miumjau.ee\/?s={search_term_string}"},"query-input":{"@type":"PropertyValueSpecification","valueRequired":true,"valueName":"search_term_string"}}],"inLanguage":"lt-LT"},{"@type":"Organization","@id":"https:\/\/miumjau.ee\/#organization","name":"MiuMjau O\u00dc","url":"https:\/\/miumjau.ee\/","logo":{"@type":"ImageObject","inLanguage":"lt-LT","@id":"https:\/\/miumjau.ee\/#\/schema\/logo\/image\/","url":"https:\/\/miumjau.ee\/wp-content\/uploads\/2022\/04\/MiuMjau-logo-kollane.png","contentUrl":"https:\/\/miumjau.ee\/wp-content\/uploads\/2022\/04\/MiuMjau-logo-kollane.png","width":219,"height":100,"caption":"MiuMjau O\u00dc"},"image":{"@id":"https:\/\/miumjau.ee\/#\/schema\/logo\/image\/"},"sameAs":["https:\/\/www.facebook.com\/miumjaupood\/"]}]}},"_links":{"self":[{"href":"https:\/\/miumjau.ee\/lt\/wp-json\/wp\/v2\/product\/49429","targetHints":{"allow":["GET"]}}],"collection":[{"href":"https:\/\/miumjau.ee\/lt\/wp-json\/wp\/v2\/product"}],"about":[{"href":"https:\/\/miumjau.ee\/lt\/wp-json\/wp\/v2\/types\/product"}],"wp:featuredmedia":[{"embeddable":true,"href":"https:\/\/miumjau.ee\/lt\/wp-json\/wp\/v2\/media\/49424"}],"wp:attachment":[{"href":"https:\/\/miumjau.ee\/lt\/wp-json\/wp\/v2\/media?parent=49429"}],"wp:term":[{"taxonomy":"product_brand","embeddable":true,"href":"https:\/\/miumjau.ee\/lt\/wp-json\/wp\/v2\/product_brand?post=49429"},{"taxonomy":"product_cat","embeddable":true,"href":"https:\/\/miumjau.ee\/lt\/wp-json\/wp\/v2\/product_cat?post=49429"},{"taxonomy":"product_tag","embeddable":true,"href":"https:\/\/miumjau.ee\/lt\/wp-json\/wp\/v2\/product_tag?post=49429"}],"curies":[{"name":"wp","href":"https:\/\/api.w.org\/{rel}","templated":true}]}}