{"id":49421,"date":"2025-06-18T09:18:27","date_gmt":"2025-06-18T06:18:27","guid":{"rendered":"https:\/\/miumjau.ee\/toode\/bugalugs-nuo-blusu-ir-erkiu-purskalas-sunims-ir-katems\/"},"modified":"2026-01-07T20:43:23","modified_gmt":"2026-01-07T18:43:23","slug":"bugalugs-nuo-blusu-ir-erkiu-purskalas-sunims-ir-katems","status":"publish","type":"product","link":"https:\/\/miumjau.ee\/lt\/produktas\/bugalugs-nuo-blusu-ir-erkiu-purskalas-sunims-ir-katems\/","title":{"rendered":"Bugalugs Nuo Blus\u0173 ir Erki\u0173 Pur\u0161kalas \u0160unims ir Kat\u0117ms"},"content":{"rendered":"","protected":false},"excerpt":{"rendered":"<p data-start=\"2299\" data-end=\"2617\">Bugalugs viso k\u016bno pur\u0161kalas nuo blus\u0173 ir erki\u0173 \u0161unims ir kat\u0117ms. Pasakykite \u201esudie\u201c nepageidaujamiems parazitams su Bugalugs pur\u0161kalu. Su neem aliejumi praturtintas pur\u0161kalas yra saugus b\u016bdas kovoti su parazitais, padedantis \u0161unims ir kat\u0117ms palaikyti sveik\u0105 kail\u012f, tuo pa\u010diu raminant ir mal\u0161inant jau sudirgusi\u0105 od\u0105.<\/p>\n<p data-start=\"2619\" data-end=\"2637\"><strong data-start=\"2619\" data-end=\"2630\">Kiekis:<\/strong> 200 ml<\/p>\n<p data-start=\"2639\" data-end=\"2732\"><strong data-start=\"2639\" data-end=\"2654\">Naudojimas:<\/strong> Tiesiog purk\u0161kite ant sauso kailio. Laikykite vaikams nepasiekiamoje vietoje.<\/p>\n<p data-start=\"2734\" data-end=\"2874\"><strong data-start=\"2734\" data-end=\"2746\">Sud\u0117tis:<\/strong> Denat\u016bruotas alkoholis, kaprilin\u0117s\/kaprilo trigliceridas, kvapas, Melia Azadirachta (Neem) s\u0117kl\u0173 aliejus, kumarinas, eugenolis.<\/p>\n<p data-start=\"2876\" data-end=\"2927\"><strong data-start=\"2876\" data-end=\"2897\">Galiojimo laikas:<\/strong> iki 18 m\u0117nesi\u0173 nuo atidarymo.<\/p>\n<p data-start=\"2929\" data-end=\"2963\" data-is-last-node=\"\" data-is-only-node=\"\"><strong data-start=\"2929\" data-end=\"2944\">Gamintojas:<\/strong> Lakeland Cosmetics<\/p>\n","protected":false},"featured_media":49417,"template":"","meta":[],"product_brand":[],"product_cat":[523,542],"product_tag":[],"class_list":{"0":"post-49421","1":"product","2":"type-product","3":"status-publish","4":"has-post-thumbnail","6":"product_cat-kita","7":"product_cat-prieziuros-priemones-sunims","9":"first","10":"instock","11":"taxable","12":"shipping-taxable","13":"purchasable","14":"product-type-simple"},"yoast_head":"<!-- This site is optimized with the Yoast SEO plugin v27.2 - https:\/\/yoast.com\/product\/yoast-seo-wordpress\/ -->\n<title>Bugalugs Nuo Blus\u0173 ir Erki\u0173 Pur\u0161kalas \u0160unims ir Kat\u0117ms - MiuMjau<\/title>\n<meta name=\"robots\" content=\"index, follow, max-snippet:-1, max-image-preview:large, max-video-preview:-1\" \/>\n<link rel=\"canonical\" href=\"https:\/\/miumjau.ee\/lt\/produktas\/bugalugs-nuo-blusu-ir-erkiu-purskalas-sunims-ir-katems\/\" \/>\n<meta property=\"og:locale\" content=\"lt_LT\" \/>\n<meta property=\"og:type\" content=\"article\" \/>\n<meta property=\"og:title\" content=\"Bugalugs Nuo Blus\u0173 ir Erki\u0173 Pur\u0161kalas \u0160unims ir Kat\u0117ms - MiuMjau\" \/>\n<meta property=\"og:description\" content=\"Bugalugs viso k\u016bno pur\u0161kalas nuo blus\u0173 ir erki\u0173 \u0161unims ir kat\u0117ms. Pasakykite \u201esudie\u201c nepageidaujamiems parazitams su Bugalugs pur\u0161kalu. Su neem aliejumi praturtintas pur\u0161kalas yra saugus b\u016bdas kovoti su parazitais, padedantis \u0161unims ir kat\u0117ms palaikyti sveik\u0105 kail\u012f, tuo pa\u010diu raminant ir mal\u0161inant jau sudirgusi\u0105 od\u0105. Kiekis: 200 ml Naudojimas: Tiesiog purk\u0161kite ant sauso kailio. Laikykite vaikams nepasiekiamoje vietoje. Sud\u0117tis: Denat\u016bruotas alkoholis, kaprilin\u0117s\/kaprilo trigliceridas, kvapas, Melia Azadirachta (Neem) s\u0117kl\u0173 aliejus, kumarinas, eugenolis. Galiojimo laikas: iki 18 m\u0117nesi\u0173 nuo atidarymo. Gamintojas: Lakeland Cosmetics\" \/>\n<meta property=\"og:url\" content=\"https:\/\/miumjau.ee\/lt\/produktas\/bugalugs-nuo-blusu-ir-erkiu-purskalas-sunims-ir-katems\/\" \/>\n<meta property=\"og:site_name\" content=\"MiuMjau\" \/>\n<meta property=\"article:publisher\" content=\"https:\/\/www.facebook.com\/miumjaupood\/\" \/>\n<meta property=\"article:modified_time\" content=\"2026-01-07T18:43:23+00:00\" \/>\n<meta property=\"og:image\" content=\"https:\/\/miumjau.ee\/wp-content\/uploads\/2025\/06\/bugalugs-kirbu-puugivastane-sprei1.webp\" \/>\n\t<meta property=\"og:image:width\" content=\"600\" \/>\n\t<meta property=\"og:image:height\" content=\"800\" \/>\n\t<meta property=\"og:image:type\" content=\"image\/webp\" \/>\n<meta name=\"twitter:card\" content=\"summary_large_image\" \/>\n<script type=\"application\/ld+json\" class=\"yoast-schema-graph\">{\"@context\":\"https:\/\/schema.org\",\"@graph\":[{\"@type\":\"WebPage\",\"@id\":\"https:\/\/miumjau.ee\/lt\/produktas\/bugalugs-nuo-blusu-ir-erkiu-purskalas-sunims-ir-katems\/\",\"url\":\"https:\/\/miumjau.ee\/lt\/produktas\/bugalugs-nuo-blusu-ir-erkiu-purskalas-sunims-ir-katems\/\",\"name\":\"Bugalugs Nuo Blus\u0173 ir Erki\u0173 Pur\u0161kalas \u0160unims ir Kat\u0117ms - MiuMjau\",\"isPartOf\":{\"@id\":\"https:\/\/miumjau.ee\/#website\"},\"primaryImageOfPage\":{\"@id\":\"https:\/\/miumjau.ee\/lt\/produktas\/bugalugs-nuo-blusu-ir-erkiu-purskalas-sunims-ir-katems\/#primaryimage\"},\"image\":{\"@id\":\"https:\/\/miumjau.ee\/lt\/produktas\/bugalugs-nuo-blusu-ir-erkiu-purskalas-sunims-ir-katems\/#primaryimage\"},\"thumbnailUrl\":\"https:\/\/miumjau.ee\/wp-content\/uploads\/2025\/06\/bugalugs-kirbu-puugivastane-sprei1.webp\",\"datePublished\":\"2025-06-18T06:18:27+00:00\",\"dateModified\":\"2026-01-07T18:43:23+00:00\",\"breadcrumb\":{\"@id\":\"https:\/\/miumjau.ee\/lt\/produktas\/bugalugs-nuo-blusu-ir-erkiu-purskalas-sunims-ir-katems\/#breadcrumb\"},\"inLanguage\":\"lt-LT\",\"potentialAction\":[{\"@type\":\"ReadAction\",\"target\":[\"https:\/\/miumjau.ee\/lt\/produktas\/bugalugs-nuo-blusu-ir-erkiu-purskalas-sunims-ir-katems\/\"]}]},{\"@type\":\"ImageObject\",\"inLanguage\":\"lt-LT\",\"@id\":\"https:\/\/miumjau.ee\/lt\/produktas\/bugalugs-nuo-blusu-ir-erkiu-purskalas-sunims-ir-katems\/#primaryimage\",\"url\":\"https:\/\/miumjau.ee\/wp-content\/uploads\/2025\/06\/bugalugs-kirbu-puugivastane-sprei1.webp\",\"contentUrl\":\"https:\/\/miumjau.ee\/wp-content\/uploads\/2025\/06\/bugalugs-kirbu-puugivastane-sprei1.webp\",\"width\":600,\"height\":800},{\"@type\":\"BreadcrumbList\",\"@id\":\"https:\/\/miumjau.ee\/lt\/produktas\/bugalugs-nuo-blusu-ir-erkiu-purskalas-sunims-ir-katems\/#breadcrumb\",\"itemListElement\":[{\"@type\":\"ListItem\",\"position\":1,\"name\":\"Home\",\"item\":\"https:\/\/miumjau.ee\/lt\/\"},{\"@type\":\"ListItem\",\"position\":2,\"name\":\"Parduotuv\u0117\",\"item\":\"https:\/\/miumjau.ee\/lt\/parduotuve\/\"},{\"@type\":\"ListItem\",\"position\":3,\"name\":\"Bugalugs Nuo Blus\u0173 ir Erki\u0173 Pur\u0161kalas \u0160unims ir Kat\u0117ms\"}]},{\"@type\":\"WebSite\",\"@id\":\"https:\/\/miumjau.ee\/#website\",\"url\":\"https:\/\/miumjau.ee\/\",\"name\":\"MiuMjau\",\"description\":\"Kraapimispuud kassidele\",\"publisher\":{\"@id\":\"https:\/\/miumjau.ee\/#organization\"},\"potentialAction\":[{\"@type\":\"SearchAction\",\"target\":{\"@type\":\"EntryPoint\",\"urlTemplate\":\"https:\/\/miumjau.ee\/?s={search_term_string}\"},\"query-input\":{\"@type\":\"PropertyValueSpecification\",\"valueRequired\":true,\"valueName\":\"search_term_string\"}}],\"inLanguage\":\"lt-LT\"},{\"@type\":\"Organization\",\"@id\":\"https:\/\/miumjau.ee\/#organization\",\"name\":\"MiuMjau O\u00dc\",\"url\":\"https:\/\/miumjau.ee\/\",\"logo\":{\"@type\":\"ImageObject\",\"inLanguage\":\"lt-LT\",\"@id\":\"https:\/\/miumjau.ee\/#\/schema\/logo\/image\/\",\"url\":\"https:\/\/miumjau.ee\/wp-content\/uploads\/2022\/04\/MiuMjau-logo-kollane.png\",\"contentUrl\":\"https:\/\/miumjau.ee\/wp-content\/uploads\/2022\/04\/MiuMjau-logo-kollane.png\",\"width\":219,\"height\":100,\"caption\":\"MiuMjau O\u00dc\"},\"image\":{\"@id\":\"https:\/\/miumjau.ee\/#\/schema\/logo\/image\/\"},\"sameAs\":[\"https:\/\/www.facebook.com\/miumjaupood\/\"]}]}<\/script>\n<!-- \/ Yoast SEO plugin. -->","yoast_head_json":{"title":"Bugalugs Nuo Blus\u0173 ir Erki\u0173 Pur\u0161kalas \u0160unims ir Kat\u0117ms - MiuMjau","robots":{"index":"index","follow":"follow","max-snippet":"max-snippet:-1","max-image-preview":"max-image-preview:large","max-video-preview":"max-video-preview:-1"},"canonical":"https:\/\/miumjau.ee\/lt\/produktas\/bugalugs-nuo-blusu-ir-erkiu-purskalas-sunims-ir-katems\/","og_locale":"lt_LT","og_type":"article","og_title":"Bugalugs Nuo Blus\u0173 ir Erki\u0173 Pur\u0161kalas \u0160unims ir Kat\u0117ms - MiuMjau","og_description":"Bugalugs viso k\u016bno pur\u0161kalas nuo blus\u0173 ir erki\u0173 \u0161unims ir kat\u0117ms. Pasakykite \u201esudie\u201c nepageidaujamiems parazitams su Bugalugs pur\u0161kalu. Su neem aliejumi praturtintas pur\u0161kalas yra saugus b\u016bdas kovoti su parazitais, padedantis \u0161unims ir kat\u0117ms palaikyti sveik\u0105 kail\u012f, tuo pa\u010diu raminant ir mal\u0161inant jau sudirgusi\u0105 od\u0105. Kiekis: 200 ml Naudojimas: Tiesiog purk\u0161kite ant sauso kailio. Laikykite vaikams nepasiekiamoje vietoje. Sud\u0117tis: Denat\u016bruotas alkoholis, kaprilin\u0117s\/kaprilo trigliceridas, kvapas, Melia Azadirachta (Neem) s\u0117kl\u0173 aliejus, kumarinas, eugenolis. Galiojimo laikas: iki 18 m\u0117nesi\u0173 nuo atidarymo. Gamintojas: Lakeland Cosmetics","og_url":"https:\/\/miumjau.ee\/lt\/produktas\/bugalugs-nuo-blusu-ir-erkiu-purskalas-sunims-ir-katems\/","og_site_name":"MiuMjau","article_publisher":"https:\/\/www.facebook.com\/miumjaupood\/","article_modified_time":"2026-01-07T18:43:23+00:00","og_image":[{"width":600,"height":800,"url":"https:\/\/miumjau.ee\/wp-content\/uploads\/2025\/06\/bugalugs-kirbu-puugivastane-sprei1.webp","type":"image\/webp"}],"twitter_card":"summary_large_image","schema":{"@context":"https:\/\/schema.org","@graph":[{"@type":"WebPage","@id":"https:\/\/miumjau.ee\/lt\/produktas\/bugalugs-nuo-blusu-ir-erkiu-purskalas-sunims-ir-katems\/","url":"https:\/\/miumjau.ee\/lt\/produktas\/bugalugs-nuo-blusu-ir-erkiu-purskalas-sunims-ir-katems\/","name":"Bugalugs Nuo Blus\u0173 ir Erki\u0173 Pur\u0161kalas \u0160unims ir Kat\u0117ms - MiuMjau","isPartOf":{"@id":"https:\/\/miumjau.ee\/#website"},"primaryImageOfPage":{"@id":"https:\/\/miumjau.ee\/lt\/produktas\/bugalugs-nuo-blusu-ir-erkiu-purskalas-sunims-ir-katems\/#primaryimage"},"image":{"@id":"https:\/\/miumjau.ee\/lt\/produktas\/bugalugs-nuo-blusu-ir-erkiu-purskalas-sunims-ir-katems\/#primaryimage"},"thumbnailUrl":"https:\/\/miumjau.ee\/wp-content\/uploads\/2025\/06\/bugalugs-kirbu-puugivastane-sprei1.webp","datePublished":"2025-06-18T06:18:27+00:00","dateModified":"2026-01-07T18:43:23+00:00","breadcrumb":{"@id":"https:\/\/miumjau.ee\/lt\/produktas\/bugalugs-nuo-blusu-ir-erkiu-purskalas-sunims-ir-katems\/#breadcrumb"},"inLanguage":"lt-LT","potentialAction":[{"@type":"ReadAction","target":["https:\/\/miumjau.ee\/lt\/produktas\/bugalugs-nuo-blusu-ir-erkiu-purskalas-sunims-ir-katems\/"]}]},{"@type":"ImageObject","inLanguage":"lt-LT","@id":"https:\/\/miumjau.ee\/lt\/produktas\/bugalugs-nuo-blusu-ir-erkiu-purskalas-sunims-ir-katems\/#primaryimage","url":"https:\/\/miumjau.ee\/wp-content\/uploads\/2025\/06\/bugalugs-kirbu-puugivastane-sprei1.webp","contentUrl":"https:\/\/miumjau.ee\/wp-content\/uploads\/2025\/06\/bugalugs-kirbu-puugivastane-sprei1.webp","width":600,"height":800},{"@type":"BreadcrumbList","@id":"https:\/\/miumjau.ee\/lt\/produktas\/bugalugs-nuo-blusu-ir-erkiu-purskalas-sunims-ir-katems\/#breadcrumb","itemListElement":[{"@type":"ListItem","position":1,"name":"Home","item":"https:\/\/miumjau.ee\/lt\/"},{"@type":"ListItem","position":2,"name":"Parduotuv\u0117","item":"https:\/\/miumjau.ee\/lt\/parduotuve\/"},{"@type":"ListItem","position":3,"name":"Bugalugs Nuo Blus\u0173 ir Erki\u0173 Pur\u0161kalas \u0160unims ir Kat\u0117ms"}]},{"@type":"WebSite","@id":"https:\/\/miumjau.ee\/#website","url":"https:\/\/miumjau.ee\/","name":"MiuMjau","description":"Kraapimispuud kassidele","publisher":{"@id":"https:\/\/miumjau.ee\/#organization"},"potentialAction":[{"@type":"SearchAction","target":{"@type":"EntryPoint","urlTemplate":"https:\/\/miumjau.ee\/?s={search_term_string}"},"query-input":{"@type":"PropertyValueSpecification","valueRequired":true,"valueName":"search_term_string"}}],"inLanguage":"lt-LT"},{"@type":"Organization","@id":"https:\/\/miumjau.ee\/#organization","name":"MiuMjau O\u00dc","url":"https:\/\/miumjau.ee\/","logo":{"@type":"ImageObject","inLanguage":"lt-LT","@id":"https:\/\/miumjau.ee\/#\/schema\/logo\/image\/","url":"https:\/\/miumjau.ee\/wp-content\/uploads\/2022\/04\/MiuMjau-logo-kollane.png","contentUrl":"https:\/\/miumjau.ee\/wp-content\/uploads\/2022\/04\/MiuMjau-logo-kollane.png","width":219,"height":100,"caption":"MiuMjau O\u00dc"},"image":{"@id":"https:\/\/miumjau.ee\/#\/schema\/logo\/image\/"},"sameAs":["https:\/\/www.facebook.com\/miumjaupood\/"]}]}},"_links":{"self":[{"href":"https:\/\/miumjau.ee\/lt\/wp-json\/wp\/v2\/product\/49421","targetHints":{"allow":["GET"]}}],"collection":[{"href":"https:\/\/miumjau.ee\/lt\/wp-json\/wp\/v2\/product"}],"about":[{"href":"https:\/\/miumjau.ee\/lt\/wp-json\/wp\/v2\/types\/product"}],"wp:featuredmedia":[{"embeddable":true,"href":"https:\/\/miumjau.ee\/lt\/wp-json\/wp\/v2\/media\/49417"}],"wp:attachment":[{"href":"https:\/\/miumjau.ee\/lt\/wp-json\/wp\/v2\/media?parent=49421"}],"wp:term":[{"taxonomy":"product_brand","embeddable":true,"href":"https:\/\/miumjau.ee\/lt\/wp-json\/wp\/v2\/product_brand?post=49421"},{"taxonomy":"product_cat","embeddable":true,"href":"https:\/\/miumjau.ee\/lt\/wp-json\/wp\/v2\/product_cat?post=49421"},{"taxonomy":"product_tag","embeddable":true,"href":"https:\/\/miumjau.ee\/lt\/wp-json\/wp\/v2\/product_tag?post=49421"}],"curies":[{"name":"wp","href":"https:\/\/api.w.org\/{rel}","templated":true}]}}