{"id":49414,"date":"2025-06-18T09:37:50","date_gmt":"2025-06-18T06:37:50","guid":{"rendered":"https:\/\/miumjau.ee\/toode\/bugalugs-silikonine-vonios-sepetelis-katems-ir-sunims-rozine\/"},"modified":"2026-01-07T20:43:23","modified_gmt":"2026-01-07T18:43:23","slug":"bugalugs-silikonine-vonios-sepetelis-katems-ir-sunims-rozine","status":"publish","type":"product","link":"https:\/\/miumjau.ee\/lt\/produktas\/bugalugs-silikonine-vonios-sepetelis-katems-ir-sunims-rozine\/","title":{"rendered":"Bugalugs Silikonin\u0117 Vonios \u0160epet\u0117lis Kat\u0117ms ir \u0160unims, Ro\u017ein\u0117"},"content":{"rendered":"","protected":false},"excerpt":{"rendered":"<p data-start=\"3725\" data-end=\"3997\">Padarykite \u0161uns maudym\u0105 lengv\u0105, greit\u0105 ir malon\u0173 su Bugalugs ro\u017einiu vonios \u0161epet\u0117liu! \u0160is ergonomi\u0161kas \u0161epetys su mink\u0161tais \u0161ereliais padeda tolygiai paskirstyti \u0161amp\u016bn\u0105, pa\u0161alinti ne\u0161varumus ir masa\u017euoti od\u0105, skatinant kraujotak\u0105 ir palaikant kail\u012f sveik\u0105 bei blizgant\u012f.<\/p>\n<p data-start=\"3999\" data-end=\"4025\"><strong data-start=\"3999\" data-end=\"4023\">Pagrindin\u0117s savyb\u0117s:<\/strong><\/p>\n<p data-start=\"4027\" data-end=\"4614\">\ud83e\uddfc <strong data-start=\"4030\" data-end=\"4062\">Valo ir masa\u017euoja vienu metu<\/strong> \u2013 pa\u0161alina ne\u0161varumus ir i\u0161silaisvinusius plaukus, \u0161velniai masa\u017euodamas od\u0105.<br data-start=\"4140\" data-end=\"4143\" \/>\ud83d\udc3e <strong data-start=\"4146\" data-end=\"4179\">Mink\u0161ti silikoniniai \u0161ereliai<\/strong> \u2013 \u0161veln\u016bs net jautriai odai, tinka vis\u0173 tip\u0173 kailiui.<br data-start=\"4233\" data-end=\"4236\" \/>\u270b <strong data-start=\"4238\" data-end=\"4256\">Patogi rankena<\/strong> \u2013 ergonomi\u0161kas dizainas u\u017etikrina saug\u0173 sukibim\u0105 net su \u0161lapiais delnais.<br data-start=\"4330\" data-end=\"4333\" \/>\ud83d\udec1 <strong data-start=\"4336\" data-end=\"4366\">Lengva \u0161amp\u016bno paskirstyti<\/strong> \u2013 padeda tolygiai paskirstyti \u0161amp\u016bn\u0105 ir giliai i\u0161valyti kail\u012f.<br data-start=\"4430\" data-end=\"4433\" \/>\ud83d\udca6 <strong data-start=\"4436\" data-end=\"4460\">Idealu vonios laikui<\/strong> \u2013 daro plovim\u0105 greitesn\u012f ir ma\u017eiau stresin\u012f.<br data-start=\"4505\" data-end=\"4508\" \/>\ud83c\udfa8 <strong data-start=\"4511\" data-end=\"4541\">Stilingas ro\u017einis dizainas<\/strong> \u2013 miela ir prakti\u0161ka papildoma priemon\u0117 bet kuriai prie\u017ei\u016bros rinkiniui.<\/p>\n<p data-start=\"4616\" data-end=\"4633\"><strong data-start=\"4616\" data-end=\"4631\">Naudojimas:<\/strong><\/p>\n<ul data-start=\"4635\" data-end=\"4854\">\n<li data-start=\"4635\" data-end=\"4663\">\n<p data-start=\"4637\" data-end=\"4663\">Sudr\u0117kinkite \u0161uns kail\u012f.<\/p>\n<\/li>\n<li data-start=\"4664\" data-end=\"4720\">\n<p data-start=\"4666\" data-end=\"4720\">U\u017etepkite \u0161amp\u016bn\u0105 tiesiai ant \u0161epet\u0117lio arba kailio.<\/p>\n<\/li>\n<li data-start=\"4721\" data-end=\"4797\">\n<p data-start=\"4723\" data-end=\"4797\">\u0160epetys visam k\u016bnui sukamaisiais judesiais, vengiant aki\u0173 ir aus\u0173 zonos.<\/p>\n<\/li>\n<li data-start=\"4798\" data-end=\"4854\">\n<p data-start=\"4800\" data-end=\"4854\">Kruop\u0161\u010diai nuplaukite ir leiskite \u0161epet\u0117liui i\u0161d\u017ei\u016bti.<\/p>\n<\/li>\n<\/ul>\n<p data-start=\"4856\" data-end=\"4890\" data-is-last-node=\"\" data-is-only-node=\"\"><strong data-start=\"4856\" data-end=\"4871\">Gamintojas:<\/strong> Lakeland Cosmetics<\/p>\n","protected":false},"featured_media":49410,"template":"","meta":[],"product_brand":[],"product_cat":[523,542],"product_tag":[],"class_list":{"0":"post-49414","1":"product","2":"type-product","3":"status-publish","4":"has-post-thumbnail","6":"product_cat-kita","7":"product_cat-prieziuros-priemones-sunims","9":"first","10":"instock","11":"taxable","12":"shipping-taxable","13":"purchasable","14":"product-type-simple"},"yoast_head":"<!-- This site is optimized with the Yoast SEO plugin v27.2 - https:\/\/yoast.com\/product\/yoast-seo-wordpress\/ -->\n<title>Bugalugs Silikonin\u0117 Vonios \u0160epet\u0117lis Kat\u0117ms ir \u0160unims, Ro\u017ein\u0117 - MiuMjau<\/title>\n<meta name=\"robots\" content=\"index, follow, max-snippet:-1, max-image-preview:large, max-video-preview:-1\" \/>\n<link rel=\"canonical\" href=\"https:\/\/miumjau.ee\/lt\/produktas\/bugalugs-silikonine-vonios-sepetelis-katems-ir-sunims-rozine\/\" \/>\n<meta property=\"og:locale\" content=\"lt_LT\" \/>\n<meta property=\"og:type\" content=\"article\" \/>\n<meta property=\"og:title\" content=\"Bugalugs Silikonin\u0117 Vonios \u0160epet\u0117lis Kat\u0117ms ir \u0160unims, Ro\u017ein\u0117 - MiuMjau\" \/>\n<meta property=\"og:description\" content=\"Padarykite \u0161uns maudym\u0105 lengv\u0105, greit\u0105 ir malon\u0173 su Bugalugs ro\u017einiu vonios \u0161epet\u0117liu! \u0160is ergonomi\u0161kas \u0161epetys su mink\u0161tais \u0161ereliais padeda tolygiai paskirstyti \u0161amp\u016bn\u0105, pa\u0161alinti ne\u0161varumus ir masa\u017euoti od\u0105, skatinant kraujotak\u0105 ir palaikant kail\u012f sveik\u0105 bei blizgant\u012f. Pagrindin\u0117s savyb\u0117s: \ud83e\uddfc Valo ir masa\u017euoja vienu metu \u2013 pa\u0161alina ne\u0161varumus ir i\u0161silaisvinusius plaukus, \u0161velniai masa\u017euodamas od\u0105.\ud83d\udc3e Mink\u0161ti silikoniniai \u0161ereliai \u2013 \u0161veln\u016bs net jautriai odai, tinka vis\u0173 tip\u0173 kailiui.\u270b Patogi rankena \u2013 ergonomi\u0161kas dizainas u\u017etikrina saug\u0173 sukibim\u0105 net su \u0161lapiais delnais.\ud83d\udec1 Lengva \u0161amp\u016bno paskirstyti \u2013 padeda tolygiai paskirstyti \u0161amp\u016bn\u0105 ir giliai i\u0161valyti kail\u012f.\ud83d\udca6 Idealu vonios laikui \u2013 daro plovim\u0105 greitesn\u012f ir ma\u017eiau stresin\u012f.\ud83c\udfa8 Stilingas ro\u017einis dizainas \u2013 miela ir prakti\u0161ka papildoma priemon\u0117 bet kuriai prie\u017ei\u016bros rinkiniui. Naudojimas:     Sudr\u0117kinkite \u0161uns kail\u012f.    U\u017etepkite \u0161amp\u016bn\u0105 tiesiai ant \u0161epet\u0117lio arba kailio.    \u0160epetys visam k\u016bnui sukamaisiais judesiais, vengiant aki\u0173 ir aus\u0173 zonos.    Kruop\u0161\u010diai nuplaukite ir leiskite \u0161epet\u0117liui i\u0161d\u017ei\u016bti.   Gamintojas: Lakeland Cosmetics\" \/>\n<meta property=\"og:url\" content=\"https:\/\/miumjau.ee\/lt\/produktas\/bugalugs-silikonine-vonios-sepetelis-katems-ir-sunims-rozine\/\" \/>\n<meta property=\"og:site_name\" content=\"MiuMjau\" \/>\n<meta property=\"article:publisher\" content=\"https:\/\/www.facebook.com\/miumjaupood\/\" \/>\n<meta property=\"article:modified_time\" content=\"2026-01-07T18:43:23+00:00\" \/>\n<meta property=\"og:image\" content=\"https:\/\/miumjau.ee\/wp-content\/uploads\/2025\/06\/bugalugs-pesuhari-roosa3.webp\" \/>\n\t<meta property=\"og:image:width\" content=\"600\" \/>\n\t<meta property=\"og:image:height\" content=\"800\" \/>\n\t<meta property=\"og:image:type\" content=\"image\/webp\" \/>\n<meta name=\"twitter:card\" content=\"summary_large_image\" \/>\n<script type=\"application\/ld+json\" class=\"yoast-schema-graph\">{\"@context\":\"https:\/\/schema.org\",\"@graph\":[{\"@type\":\"WebPage\",\"@id\":\"https:\/\/miumjau.ee\/lt\/produktas\/bugalugs-silikonine-vonios-sepetelis-katems-ir-sunims-rozine\/\",\"url\":\"https:\/\/miumjau.ee\/lt\/produktas\/bugalugs-silikonine-vonios-sepetelis-katems-ir-sunims-rozine\/\",\"name\":\"Bugalugs Silikonin\u0117 Vonios \u0160epet\u0117lis Kat\u0117ms ir \u0160unims, Ro\u017ein\u0117 - MiuMjau\",\"isPartOf\":{\"@id\":\"https:\/\/miumjau.ee\/#website\"},\"primaryImageOfPage\":{\"@id\":\"https:\/\/miumjau.ee\/lt\/produktas\/bugalugs-silikonine-vonios-sepetelis-katems-ir-sunims-rozine\/#primaryimage\"},\"image\":{\"@id\":\"https:\/\/miumjau.ee\/lt\/produktas\/bugalugs-silikonine-vonios-sepetelis-katems-ir-sunims-rozine\/#primaryimage\"},\"thumbnailUrl\":\"https:\/\/miumjau.ee\/wp-content\/uploads\/2025\/06\/bugalugs-pesuhari-roosa3.webp\",\"datePublished\":\"2025-06-18T06:37:50+00:00\",\"dateModified\":\"2026-01-07T18:43:23+00:00\",\"breadcrumb\":{\"@id\":\"https:\/\/miumjau.ee\/lt\/produktas\/bugalugs-silikonine-vonios-sepetelis-katems-ir-sunims-rozine\/#breadcrumb\"},\"inLanguage\":\"lt-LT\",\"potentialAction\":[{\"@type\":\"ReadAction\",\"target\":[\"https:\/\/miumjau.ee\/lt\/produktas\/bugalugs-silikonine-vonios-sepetelis-katems-ir-sunims-rozine\/\"]}]},{\"@type\":\"ImageObject\",\"inLanguage\":\"lt-LT\",\"@id\":\"https:\/\/miumjau.ee\/lt\/produktas\/bugalugs-silikonine-vonios-sepetelis-katems-ir-sunims-rozine\/#primaryimage\",\"url\":\"https:\/\/miumjau.ee\/wp-content\/uploads\/2025\/06\/bugalugs-pesuhari-roosa3.webp\",\"contentUrl\":\"https:\/\/miumjau.ee\/wp-content\/uploads\/2025\/06\/bugalugs-pesuhari-roosa3.webp\",\"width\":600,\"height\":800},{\"@type\":\"BreadcrumbList\",\"@id\":\"https:\/\/miumjau.ee\/lt\/produktas\/bugalugs-silikonine-vonios-sepetelis-katems-ir-sunims-rozine\/#breadcrumb\",\"itemListElement\":[{\"@type\":\"ListItem\",\"position\":1,\"name\":\"Home\",\"item\":\"https:\/\/miumjau.ee\/lt\/\"},{\"@type\":\"ListItem\",\"position\":2,\"name\":\"Parduotuv\u0117\",\"item\":\"https:\/\/miumjau.ee\/lt\/parduotuve\/\"},{\"@type\":\"ListItem\",\"position\":3,\"name\":\"Bugalugs Silikonin\u0117 Vonios \u0160epet\u0117lis Kat\u0117ms ir \u0160unims, Ro\u017ein\u0117\"}]},{\"@type\":\"WebSite\",\"@id\":\"https:\/\/miumjau.ee\/#website\",\"url\":\"https:\/\/miumjau.ee\/\",\"name\":\"MiuMjau\",\"description\":\"Kraapimispuud kassidele\",\"publisher\":{\"@id\":\"https:\/\/miumjau.ee\/#organization\"},\"potentialAction\":[{\"@type\":\"SearchAction\",\"target\":{\"@type\":\"EntryPoint\",\"urlTemplate\":\"https:\/\/miumjau.ee\/?s={search_term_string}\"},\"query-input\":{\"@type\":\"PropertyValueSpecification\",\"valueRequired\":true,\"valueName\":\"search_term_string\"}}],\"inLanguage\":\"lt-LT\"},{\"@type\":\"Organization\",\"@id\":\"https:\/\/miumjau.ee\/#organization\",\"name\":\"MiuMjau O\u00dc\",\"url\":\"https:\/\/miumjau.ee\/\",\"logo\":{\"@type\":\"ImageObject\",\"inLanguage\":\"lt-LT\",\"@id\":\"https:\/\/miumjau.ee\/#\/schema\/logo\/image\/\",\"url\":\"https:\/\/miumjau.ee\/wp-content\/uploads\/2022\/04\/MiuMjau-logo-kollane.png\",\"contentUrl\":\"https:\/\/miumjau.ee\/wp-content\/uploads\/2022\/04\/MiuMjau-logo-kollane.png\",\"width\":219,\"height\":100,\"caption\":\"MiuMjau O\u00dc\"},\"image\":{\"@id\":\"https:\/\/miumjau.ee\/#\/schema\/logo\/image\/\"},\"sameAs\":[\"https:\/\/www.facebook.com\/miumjaupood\/\"]}]}<\/script>\n<!-- \/ Yoast SEO plugin. -->","yoast_head_json":{"title":"Bugalugs Silikonin\u0117 Vonios \u0160epet\u0117lis Kat\u0117ms ir \u0160unims, Ro\u017ein\u0117 - MiuMjau","robots":{"index":"index","follow":"follow","max-snippet":"max-snippet:-1","max-image-preview":"max-image-preview:large","max-video-preview":"max-video-preview:-1"},"canonical":"https:\/\/miumjau.ee\/lt\/produktas\/bugalugs-silikonine-vonios-sepetelis-katems-ir-sunims-rozine\/","og_locale":"lt_LT","og_type":"article","og_title":"Bugalugs Silikonin\u0117 Vonios \u0160epet\u0117lis Kat\u0117ms ir \u0160unims, Ro\u017ein\u0117 - MiuMjau","og_description":"Padarykite \u0161uns maudym\u0105 lengv\u0105, greit\u0105 ir malon\u0173 su Bugalugs ro\u017einiu vonios \u0161epet\u0117liu! \u0160is ergonomi\u0161kas \u0161epetys su mink\u0161tais \u0161ereliais padeda tolygiai paskirstyti \u0161amp\u016bn\u0105, pa\u0161alinti ne\u0161varumus ir masa\u017euoti od\u0105, skatinant kraujotak\u0105 ir palaikant kail\u012f sveik\u0105 bei blizgant\u012f. Pagrindin\u0117s savyb\u0117s: \ud83e\uddfc Valo ir masa\u017euoja vienu metu \u2013 pa\u0161alina ne\u0161varumus ir i\u0161silaisvinusius plaukus, \u0161velniai masa\u017euodamas od\u0105.\ud83d\udc3e Mink\u0161ti silikoniniai \u0161ereliai \u2013 \u0161veln\u016bs net jautriai odai, tinka vis\u0173 tip\u0173 kailiui.\u270b Patogi rankena \u2013 ergonomi\u0161kas dizainas u\u017etikrina saug\u0173 sukibim\u0105 net su \u0161lapiais delnais.\ud83d\udec1 Lengva \u0161amp\u016bno paskirstyti \u2013 padeda tolygiai paskirstyti \u0161amp\u016bn\u0105 ir giliai i\u0161valyti kail\u012f.\ud83d\udca6 Idealu vonios laikui \u2013 daro plovim\u0105 greitesn\u012f ir ma\u017eiau stresin\u012f.\ud83c\udfa8 Stilingas ro\u017einis dizainas \u2013 miela ir prakti\u0161ka papildoma priemon\u0117 bet kuriai prie\u017ei\u016bros rinkiniui. Naudojimas:     Sudr\u0117kinkite \u0161uns kail\u012f.    U\u017etepkite \u0161amp\u016bn\u0105 tiesiai ant \u0161epet\u0117lio arba kailio.    \u0160epetys visam k\u016bnui sukamaisiais judesiais, vengiant aki\u0173 ir aus\u0173 zonos.    Kruop\u0161\u010diai nuplaukite ir leiskite \u0161epet\u0117liui i\u0161d\u017ei\u016bti.   Gamintojas: Lakeland Cosmetics","og_url":"https:\/\/miumjau.ee\/lt\/produktas\/bugalugs-silikonine-vonios-sepetelis-katems-ir-sunims-rozine\/","og_site_name":"MiuMjau","article_publisher":"https:\/\/www.facebook.com\/miumjaupood\/","article_modified_time":"2026-01-07T18:43:23+00:00","og_image":[{"width":600,"height":800,"url":"https:\/\/miumjau.ee\/wp-content\/uploads\/2025\/06\/bugalugs-pesuhari-roosa3.webp","type":"image\/webp"}],"twitter_card":"summary_large_image","schema":{"@context":"https:\/\/schema.org","@graph":[{"@type":"WebPage","@id":"https:\/\/miumjau.ee\/lt\/produktas\/bugalugs-silikonine-vonios-sepetelis-katems-ir-sunims-rozine\/","url":"https:\/\/miumjau.ee\/lt\/produktas\/bugalugs-silikonine-vonios-sepetelis-katems-ir-sunims-rozine\/","name":"Bugalugs Silikonin\u0117 Vonios \u0160epet\u0117lis Kat\u0117ms ir \u0160unims, Ro\u017ein\u0117 - MiuMjau","isPartOf":{"@id":"https:\/\/miumjau.ee\/#website"},"primaryImageOfPage":{"@id":"https:\/\/miumjau.ee\/lt\/produktas\/bugalugs-silikonine-vonios-sepetelis-katems-ir-sunims-rozine\/#primaryimage"},"image":{"@id":"https:\/\/miumjau.ee\/lt\/produktas\/bugalugs-silikonine-vonios-sepetelis-katems-ir-sunims-rozine\/#primaryimage"},"thumbnailUrl":"https:\/\/miumjau.ee\/wp-content\/uploads\/2025\/06\/bugalugs-pesuhari-roosa3.webp","datePublished":"2025-06-18T06:37:50+00:00","dateModified":"2026-01-07T18:43:23+00:00","breadcrumb":{"@id":"https:\/\/miumjau.ee\/lt\/produktas\/bugalugs-silikonine-vonios-sepetelis-katems-ir-sunims-rozine\/#breadcrumb"},"inLanguage":"lt-LT","potentialAction":[{"@type":"ReadAction","target":["https:\/\/miumjau.ee\/lt\/produktas\/bugalugs-silikonine-vonios-sepetelis-katems-ir-sunims-rozine\/"]}]},{"@type":"ImageObject","inLanguage":"lt-LT","@id":"https:\/\/miumjau.ee\/lt\/produktas\/bugalugs-silikonine-vonios-sepetelis-katems-ir-sunims-rozine\/#primaryimage","url":"https:\/\/miumjau.ee\/wp-content\/uploads\/2025\/06\/bugalugs-pesuhari-roosa3.webp","contentUrl":"https:\/\/miumjau.ee\/wp-content\/uploads\/2025\/06\/bugalugs-pesuhari-roosa3.webp","width":600,"height":800},{"@type":"BreadcrumbList","@id":"https:\/\/miumjau.ee\/lt\/produktas\/bugalugs-silikonine-vonios-sepetelis-katems-ir-sunims-rozine\/#breadcrumb","itemListElement":[{"@type":"ListItem","position":1,"name":"Home","item":"https:\/\/miumjau.ee\/lt\/"},{"@type":"ListItem","position":2,"name":"Parduotuv\u0117","item":"https:\/\/miumjau.ee\/lt\/parduotuve\/"},{"@type":"ListItem","position":3,"name":"Bugalugs Silikonin\u0117 Vonios \u0160epet\u0117lis Kat\u0117ms ir \u0160unims, Ro\u017ein\u0117"}]},{"@type":"WebSite","@id":"https:\/\/miumjau.ee\/#website","url":"https:\/\/miumjau.ee\/","name":"MiuMjau","description":"Kraapimispuud kassidele","publisher":{"@id":"https:\/\/miumjau.ee\/#organization"},"potentialAction":[{"@type":"SearchAction","target":{"@type":"EntryPoint","urlTemplate":"https:\/\/miumjau.ee\/?s={search_term_string}"},"query-input":{"@type":"PropertyValueSpecification","valueRequired":true,"valueName":"search_term_string"}}],"inLanguage":"lt-LT"},{"@type":"Organization","@id":"https:\/\/miumjau.ee\/#organization","name":"MiuMjau O\u00dc","url":"https:\/\/miumjau.ee\/","logo":{"@type":"ImageObject","inLanguage":"lt-LT","@id":"https:\/\/miumjau.ee\/#\/schema\/logo\/image\/","url":"https:\/\/miumjau.ee\/wp-content\/uploads\/2022\/04\/MiuMjau-logo-kollane.png","contentUrl":"https:\/\/miumjau.ee\/wp-content\/uploads\/2022\/04\/MiuMjau-logo-kollane.png","width":219,"height":100,"caption":"MiuMjau O\u00dc"},"image":{"@id":"https:\/\/miumjau.ee\/#\/schema\/logo\/image\/"},"sameAs":["https:\/\/www.facebook.com\/miumjaupood\/"]}]}},"_links":{"self":[{"href":"https:\/\/miumjau.ee\/lt\/wp-json\/wp\/v2\/product\/49414","targetHints":{"allow":["GET"]}}],"collection":[{"href":"https:\/\/miumjau.ee\/lt\/wp-json\/wp\/v2\/product"}],"about":[{"href":"https:\/\/miumjau.ee\/lt\/wp-json\/wp\/v2\/types\/product"}],"wp:featuredmedia":[{"embeddable":true,"href":"https:\/\/miumjau.ee\/lt\/wp-json\/wp\/v2\/media\/49410"}],"wp:attachment":[{"href":"https:\/\/miumjau.ee\/lt\/wp-json\/wp\/v2\/media?parent=49414"}],"wp:term":[{"taxonomy":"product_brand","embeddable":true,"href":"https:\/\/miumjau.ee\/lt\/wp-json\/wp\/v2\/product_brand?post=49414"},{"taxonomy":"product_cat","embeddable":true,"href":"https:\/\/miumjau.ee\/lt\/wp-json\/wp\/v2\/product_cat?post=49414"},{"taxonomy":"product_tag","embeddable":true,"href":"https:\/\/miumjau.ee\/lt\/wp-json\/wp\/v2\/product_tag?post=49414"}],"curies":[{"name":"wp","href":"https:\/\/api.w.org\/{rel}","templated":true}]}}