{"id":49403,"date":"2025-06-18T10:18:59","date_gmt":"2025-06-18T07:18:59","guid":{"rendered":"https:\/\/miumjau.ee\/toode\/bugalugs-enzimu-dantu-pasta-sunims-ir-katems\/"},"modified":"2026-01-07T20:43:23","modified_gmt":"2026-01-07T18:43:23","slug":"bugalugs-enzimu-dantu-pasta-sunims-ir-katems","status":"publish","type":"product","link":"https:\/\/miumjau.ee\/lt\/produktas\/bugalugs-enzimu-dantu-pasta-sunims-ir-katems\/","title":{"rendered":"Bugalugs Enzim\u0173 Dant\u0173 Pasta \u0160unims ir Kat\u0117ms"},"content":{"rendered":"","protected":false},"excerpt":{"rendered":"<p data-start=\"3368\" data-end=\"3856\">Bugalugs dant\u0173 pasta turi nat\u016brali\u0173 ingredient\u0173 ir ferment\u0173, toki\u0173 kaip proteaz\u0117 ir gliukoz\u0117s oksidaz\u0117, kurie padeda i\u0161vengti dant\u0173 akmen\u0173 susidarymo ir kaupimosi ant dant\u0173. Ji padeda palaikyti j\u016bs\u0173 augintinio dantis \u0161varius ir sveikus. Bugalugs ferment\u0173 dant\u0173 pasta ne tik veiksmingai ma\u017eina dant\u0173 problemas, bet ir skatina gaivesn\u012f kv\u0117pavim\u0105. Pasta turi nesiprie\u0161inam\u0105 kepen\u0173 skon\u012f, tod\u0117l dant\u0173 valymas tampa malonumu, o ne pareiga, suteikiant teigiam\u0105 patirt\u012f tiek \u0161unims, tiek kat\u0117ms.<\/p>\n<p data-start=\"3858\" data-end=\"4134\"><strong data-start=\"3858\" data-end=\"3873\">Naudojimas:<\/strong> U\u017etepkite nedidel\u012f kiek\u012f dant\u0173 pastos ant Bugalugs dant\u0173 \u0161epet\u0117lio. \u0160velniai valykite dantis sukamaisiais judesiais i\u0161 abiej\u0173 burnos pusi\u0173. Geriausiems rezultatams valykite kart\u0105 per dien\u0105. Rekomenduojama po valymo 30 minu\u010di\u0173 neleisti gyv\u016bnui valgyti ar gerti.<\/p>\n<p data-start=\"4136\" data-end=\"4376\"><strong data-start=\"4136\" data-end=\"4148\">Sud\u0117tis:<\/strong> Vanduo, Glicerinas, Hidruotas silicio dioksidas, Maltodekstrinas, Fenoksietanolis, Gliikolipidai, Proteaz\u0117, Ksantano derva, Kvapikliai, Sorbitolis, Etilheksilglicerinas, Natrio hidroksidas, Gliukoz\u0117s oksidaz\u0117, Natrio benzoatas.<\/p>\n<p data-start=\"4378\" data-end=\"4436\" data-is-last-node=\"\" data-is-only-node=\"\"><strong data-start=\"4378\" data-end=\"4389\">Kiekis:<\/strong> 75 gramai<br data-start=\"4399\" data-end=\"4402\" \/><strong data-start=\"4402\" data-end=\"4417\">Gamintojas:<\/strong> Lakeland Cosmetics<\/p>\n","protected":false},"featured_media":49401,"template":"","meta":[],"product_brand":[],"product_cat":[523,542],"product_tag":[],"class_list":{"0":"post-49403","1":"product","2":"type-product","3":"status-publish","4":"has-post-thumbnail","6":"product_cat-kita","7":"product_cat-prieziuros-priemones-sunims","9":"first","10":"outofstock","11":"taxable","12":"shipping-taxable","13":"purchasable","14":"product-type-simple"},"yoast_head":"<!-- This site is optimized with the Yoast SEO plugin v27.2 - https:\/\/yoast.com\/product\/yoast-seo-wordpress\/ -->\n<title>Bugalugs Enzim\u0173 Dant\u0173 Pasta \u0160unims ir Kat\u0117ms - MiuMjau<\/title>\n<meta name=\"robots\" content=\"index, follow, max-snippet:-1, max-image-preview:large, max-video-preview:-1\" \/>\n<link rel=\"canonical\" href=\"https:\/\/miumjau.ee\/lt\/produktas\/bugalugs-enzimu-dantu-pasta-sunims-ir-katems\/\" \/>\n<meta property=\"og:locale\" content=\"lt_LT\" \/>\n<meta property=\"og:type\" content=\"article\" \/>\n<meta property=\"og:title\" content=\"Bugalugs Enzim\u0173 Dant\u0173 Pasta \u0160unims ir Kat\u0117ms - MiuMjau\" \/>\n<meta property=\"og:description\" content=\"Bugalugs dant\u0173 pasta turi nat\u016brali\u0173 ingredient\u0173 ir ferment\u0173, toki\u0173 kaip proteaz\u0117 ir gliukoz\u0117s oksidaz\u0117, kurie padeda i\u0161vengti dant\u0173 akmen\u0173 susidarymo ir kaupimosi ant dant\u0173. Ji padeda palaikyti j\u016bs\u0173 augintinio dantis \u0161varius ir sveikus. Bugalugs ferment\u0173 dant\u0173 pasta ne tik veiksmingai ma\u017eina dant\u0173 problemas, bet ir skatina gaivesn\u012f kv\u0117pavim\u0105. Pasta turi nesiprie\u0161inam\u0105 kepen\u0173 skon\u012f, tod\u0117l dant\u0173 valymas tampa malonumu, o ne pareiga, suteikiant teigiam\u0105 patirt\u012f tiek \u0161unims, tiek kat\u0117ms. Naudojimas: U\u017etepkite nedidel\u012f kiek\u012f dant\u0173 pastos ant Bugalugs dant\u0173 \u0161epet\u0117lio. \u0160velniai valykite dantis sukamaisiais judesiais i\u0161 abiej\u0173 burnos pusi\u0173. Geriausiems rezultatams valykite kart\u0105 per dien\u0105. Rekomenduojama po valymo 30 minu\u010di\u0173 neleisti gyv\u016bnui valgyti ar gerti. Sud\u0117tis: Vanduo, Glicerinas, Hidruotas silicio dioksidas, Maltodekstrinas, Fenoksietanolis, Gliikolipidai, Proteaz\u0117, Ksantano derva, Kvapikliai, Sorbitolis, Etilheksilglicerinas, Natrio hidroksidas, Gliukoz\u0117s oksidaz\u0117, Natrio benzoatas. Kiekis: 75 gramaiGamintojas: Lakeland Cosmetics\" \/>\n<meta property=\"og:url\" content=\"https:\/\/miumjau.ee\/lt\/produktas\/bugalugs-enzimu-dantu-pasta-sunims-ir-katems\/\" \/>\n<meta property=\"og:site_name\" content=\"MiuMjau\" \/>\n<meta property=\"article:publisher\" content=\"https:\/\/www.facebook.com\/miumjaupood\/\" \/>\n<meta property=\"article:modified_time\" content=\"2026-01-07T18:43:23+00:00\" \/>\n<meta property=\"og:image\" content=\"https:\/\/miumjau.ee\/wp-content\/uploads\/2025\/06\/koerte-hambapasta-bugalugs-ensuumidega2.webp\" \/>\n\t<meta property=\"og:image:width\" content=\"600\" \/>\n\t<meta property=\"og:image:height\" content=\"800\" \/>\n\t<meta property=\"og:image:type\" content=\"image\/webp\" \/>\n<meta name=\"twitter:card\" content=\"summary_large_image\" \/>\n<script type=\"application\/ld+json\" class=\"yoast-schema-graph\">{\"@context\":\"https:\/\/schema.org\",\"@graph\":[{\"@type\":\"WebPage\",\"@id\":\"https:\/\/miumjau.ee\/lt\/produktas\/bugalugs-enzimu-dantu-pasta-sunims-ir-katems\/\",\"url\":\"https:\/\/miumjau.ee\/lt\/produktas\/bugalugs-enzimu-dantu-pasta-sunims-ir-katems\/\",\"name\":\"Bugalugs Enzim\u0173 Dant\u0173 Pasta \u0160unims ir Kat\u0117ms - MiuMjau\",\"isPartOf\":{\"@id\":\"https:\/\/miumjau.ee\/#website\"},\"primaryImageOfPage\":{\"@id\":\"https:\/\/miumjau.ee\/lt\/produktas\/bugalugs-enzimu-dantu-pasta-sunims-ir-katems\/#primaryimage\"},\"image\":{\"@id\":\"https:\/\/miumjau.ee\/lt\/produktas\/bugalugs-enzimu-dantu-pasta-sunims-ir-katems\/#primaryimage\"},\"thumbnailUrl\":\"https:\/\/miumjau.ee\/wp-content\/uploads\/2025\/06\/koerte-hambapasta-bugalugs-ensuumidega2.webp\",\"datePublished\":\"2025-06-18T07:18:59+00:00\",\"dateModified\":\"2026-01-07T18:43:23+00:00\",\"breadcrumb\":{\"@id\":\"https:\/\/miumjau.ee\/lt\/produktas\/bugalugs-enzimu-dantu-pasta-sunims-ir-katems\/#breadcrumb\"},\"inLanguage\":\"lt-LT\",\"potentialAction\":[{\"@type\":\"ReadAction\",\"target\":[\"https:\/\/miumjau.ee\/lt\/produktas\/bugalugs-enzimu-dantu-pasta-sunims-ir-katems\/\"]}]},{\"@type\":\"ImageObject\",\"inLanguage\":\"lt-LT\",\"@id\":\"https:\/\/miumjau.ee\/lt\/produktas\/bugalugs-enzimu-dantu-pasta-sunims-ir-katems\/#primaryimage\",\"url\":\"https:\/\/miumjau.ee\/wp-content\/uploads\/2025\/06\/koerte-hambapasta-bugalugs-ensuumidega2.webp\",\"contentUrl\":\"https:\/\/miumjau.ee\/wp-content\/uploads\/2025\/06\/koerte-hambapasta-bugalugs-ensuumidega2.webp\",\"width\":600,\"height\":800},{\"@type\":\"BreadcrumbList\",\"@id\":\"https:\/\/miumjau.ee\/lt\/produktas\/bugalugs-enzimu-dantu-pasta-sunims-ir-katems\/#breadcrumb\",\"itemListElement\":[{\"@type\":\"ListItem\",\"position\":1,\"name\":\"Home\",\"item\":\"https:\/\/miumjau.ee\/lt\/\"},{\"@type\":\"ListItem\",\"position\":2,\"name\":\"Parduotuv\u0117\",\"item\":\"https:\/\/miumjau.ee\/lt\/parduotuve\/\"},{\"@type\":\"ListItem\",\"position\":3,\"name\":\"Bugalugs Enzim\u0173 Dant\u0173 Pasta \u0160unims ir Kat\u0117ms\"}]},{\"@type\":\"WebSite\",\"@id\":\"https:\/\/miumjau.ee\/#website\",\"url\":\"https:\/\/miumjau.ee\/\",\"name\":\"MiuMjau\",\"description\":\"Kraapimispuud kassidele\",\"publisher\":{\"@id\":\"https:\/\/miumjau.ee\/#organization\"},\"potentialAction\":[{\"@type\":\"SearchAction\",\"target\":{\"@type\":\"EntryPoint\",\"urlTemplate\":\"https:\/\/miumjau.ee\/?s={search_term_string}\"},\"query-input\":{\"@type\":\"PropertyValueSpecification\",\"valueRequired\":true,\"valueName\":\"search_term_string\"}}],\"inLanguage\":\"lt-LT\"},{\"@type\":\"Organization\",\"@id\":\"https:\/\/miumjau.ee\/#organization\",\"name\":\"MiuMjau O\u00dc\",\"url\":\"https:\/\/miumjau.ee\/\",\"logo\":{\"@type\":\"ImageObject\",\"inLanguage\":\"lt-LT\",\"@id\":\"https:\/\/miumjau.ee\/#\/schema\/logo\/image\/\",\"url\":\"https:\/\/miumjau.ee\/wp-content\/uploads\/2022\/04\/MiuMjau-logo-kollane.png\",\"contentUrl\":\"https:\/\/miumjau.ee\/wp-content\/uploads\/2022\/04\/MiuMjau-logo-kollane.png\",\"width\":219,\"height\":100,\"caption\":\"MiuMjau O\u00dc\"},\"image\":{\"@id\":\"https:\/\/miumjau.ee\/#\/schema\/logo\/image\/\"},\"sameAs\":[\"https:\/\/www.facebook.com\/miumjaupood\/\"]}]}<\/script>\n<!-- \/ Yoast SEO plugin. -->","yoast_head_json":{"title":"Bugalugs Enzim\u0173 Dant\u0173 Pasta \u0160unims ir Kat\u0117ms - MiuMjau","robots":{"index":"index","follow":"follow","max-snippet":"max-snippet:-1","max-image-preview":"max-image-preview:large","max-video-preview":"max-video-preview:-1"},"canonical":"https:\/\/miumjau.ee\/lt\/produktas\/bugalugs-enzimu-dantu-pasta-sunims-ir-katems\/","og_locale":"lt_LT","og_type":"article","og_title":"Bugalugs Enzim\u0173 Dant\u0173 Pasta \u0160unims ir Kat\u0117ms - MiuMjau","og_description":"Bugalugs dant\u0173 pasta turi nat\u016brali\u0173 ingredient\u0173 ir ferment\u0173, toki\u0173 kaip proteaz\u0117 ir gliukoz\u0117s oksidaz\u0117, kurie padeda i\u0161vengti dant\u0173 akmen\u0173 susidarymo ir kaupimosi ant dant\u0173. Ji padeda palaikyti j\u016bs\u0173 augintinio dantis \u0161varius ir sveikus. Bugalugs ferment\u0173 dant\u0173 pasta ne tik veiksmingai ma\u017eina dant\u0173 problemas, bet ir skatina gaivesn\u012f kv\u0117pavim\u0105. Pasta turi nesiprie\u0161inam\u0105 kepen\u0173 skon\u012f, tod\u0117l dant\u0173 valymas tampa malonumu, o ne pareiga, suteikiant teigiam\u0105 patirt\u012f tiek \u0161unims, tiek kat\u0117ms. Naudojimas: U\u017etepkite nedidel\u012f kiek\u012f dant\u0173 pastos ant Bugalugs dant\u0173 \u0161epet\u0117lio. \u0160velniai valykite dantis sukamaisiais judesiais i\u0161 abiej\u0173 burnos pusi\u0173. Geriausiems rezultatams valykite kart\u0105 per dien\u0105. Rekomenduojama po valymo 30 minu\u010di\u0173 neleisti gyv\u016bnui valgyti ar gerti. Sud\u0117tis: Vanduo, Glicerinas, Hidruotas silicio dioksidas, Maltodekstrinas, Fenoksietanolis, Gliikolipidai, Proteaz\u0117, Ksantano derva, Kvapikliai, Sorbitolis, Etilheksilglicerinas, Natrio hidroksidas, Gliukoz\u0117s oksidaz\u0117, Natrio benzoatas. Kiekis: 75 gramaiGamintojas: Lakeland Cosmetics","og_url":"https:\/\/miumjau.ee\/lt\/produktas\/bugalugs-enzimu-dantu-pasta-sunims-ir-katems\/","og_site_name":"MiuMjau","article_publisher":"https:\/\/www.facebook.com\/miumjaupood\/","article_modified_time":"2026-01-07T18:43:23+00:00","og_image":[{"width":600,"height":800,"url":"https:\/\/miumjau.ee\/wp-content\/uploads\/2025\/06\/koerte-hambapasta-bugalugs-ensuumidega2.webp","type":"image\/webp"}],"twitter_card":"summary_large_image","schema":{"@context":"https:\/\/schema.org","@graph":[{"@type":"WebPage","@id":"https:\/\/miumjau.ee\/lt\/produktas\/bugalugs-enzimu-dantu-pasta-sunims-ir-katems\/","url":"https:\/\/miumjau.ee\/lt\/produktas\/bugalugs-enzimu-dantu-pasta-sunims-ir-katems\/","name":"Bugalugs Enzim\u0173 Dant\u0173 Pasta \u0160unims ir Kat\u0117ms - MiuMjau","isPartOf":{"@id":"https:\/\/miumjau.ee\/#website"},"primaryImageOfPage":{"@id":"https:\/\/miumjau.ee\/lt\/produktas\/bugalugs-enzimu-dantu-pasta-sunims-ir-katems\/#primaryimage"},"image":{"@id":"https:\/\/miumjau.ee\/lt\/produktas\/bugalugs-enzimu-dantu-pasta-sunims-ir-katems\/#primaryimage"},"thumbnailUrl":"https:\/\/miumjau.ee\/wp-content\/uploads\/2025\/06\/koerte-hambapasta-bugalugs-ensuumidega2.webp","datePublished":"2025-06-18T07:18:59+00:00","dateModified":"2026-01-07T18:43:23+00:00","breadcrumb":{"@id":"https:\/\/miumjau.ee\/lt\/produktas\/bugalugs-enzimu-dantu-pasta-sunims-ir-katems\/#breadcrumb"},"inLanguage":"lt-LT","potentialAction":[{"@type":"ReadAction","target":["https:\/\/miumjau.ee\/lt\/produktas\/bugalugs-enzimu-dantu-pasta-sunims-ir-katems\/"]}]},{"@type":"ImageObject","inLanguage":"lt-LT","@id":"https:\/\/miumjau.ee\/lt\/produktas\/bugalugs-enzimu-dantu-pasta-sunims-ir-katems\/#primaryimage","url":"https:\/\/miumjau.ee\/wp-content\/uploads\/2025\/06\/koerte-hambapasta-bugalugs-ensuumidega2.webp","contentUrl":"https:\/\/miumjau.ee\/wp-content\/uploads\/2025\/06\/koerte-hambapasta-bugalugs-ensuumidega2.webp","width":600,"height":800},{"@type":"BreadcrumbList","@id":"https:\/\/miumjau.ee\/lt\/produktas\/bugalugs-enzimu-dantu-pasta-sunims-ir-katems\/#breadcrumb","itemListElement":[{"@type":"ListItem","position":1,"name":"Home","item":"https:\/\/miumjau.ee\/lt\/"},{"@type":"ListItem","position":2,"name":"Parduotuv\u0117","item":"https:\/\/miumjau.ee\/lt\/parduotuve\/"},{"@type":"ListItem","position":3,"name":"Bugalugs Enzim\u0173 Dant\u0173 Pasta \u0160unims ir Kat\u0117ms"}]},{"@type":"WebSite","@id":"https:\/\/miumjau.ee\/#website","url":"https:\/\/miumjau.ee\/","name":"MiuMjau","description":"Kraapimispuud kassidele","publisher":{"@id":"https:\/\/miumjau.ee\/#organization"},"potentialAction":[{"@type":"SearchAction","target":{"@type":"EntryPoint","urlTemplate":"https:\/\/miumjau.ee\/?s={search_term_string}"},"query-input":{"@type":"PropertyValueSpecification","valueRequired":true,"valueName":"search_term_string"}}],"inLanguage":"lt-LT"},{"@type":"Organization","@id":"https:\/\/miumjau.ee\/#organization","name":"MiuMjau O\u00dc","url":"https:\/\/miumjau.ee\/","logo":{"@type":"ImageObject","inLanguage":"lt-LT","@id":"https:\/\/miumjau.ee\/#\/schema\/logo\/image\/","url":"https:\/\/miumjau.ee\/wp-content\/uploads\/2022\/04\/MiuMjau-logo-kollane.png","contentUrl":"https:\/\/miumjau.ee\/wp-content\/uploads\/2022\/04\/MiuMjau-logo-kollane.png","width":219,"height":100,"caption":"MiuMjau O\u00dc"},"image":{"@id":"https:\/\/miumjau.ee\/#\/schema\/logo\/image\/"},"sameAs":["https:\/\/www.facebook.com\/miumjaupood\/"]}]}},"_links":{"self":[{"href":"https:\/\/miumjau.ee\/lt\/wp-json\/wp\/v2\/product\/49403","targetHints":{"allow":["GET"]}}],"collection":[{"href":"https:\/\/miumjau.ee\/lt\/wp-json\/wp\/v2\/product"}],"about":[{"href":"https:\/\/miumjau.ee\/lt\/wp-json\/wp\/v2\/types\/product"}],"wp:featuredmedia":[{"embeddable":true,"href":"https:\/\/miumjau.ee\/lt\/wp-json\/wp\/v2\/media\/49401"}],"wp:attachment":[{"href":"https:\/\/miumjau.ee\/lt\/wp-json\/wp\/v2\/media?parent=49403"}],"wp:term":[{"taxonomy":"product_brand","embeddable":true,"href":"https:\/\/miumjau.ee\/lt\/wp-json\/wp\/v2\/product_brand?post=49403"},{"taxonomy":"product_cat","embeddable":true,"href":"https:\/\/miumjau.ee\/lt\/wp-json\/wp\/v2\/product_cat?post=49403"},{"taxonomy":"product_tag","embeddable":true,"href":"https:\/\/miumjau.ee\/lt\/wp-json\/wp\/v2\/product_tag?post=49403"}],"curies":[{"name":"wp","href":"https:\/\/api.w.org\/{rel}","templated":true}]}}