{"id":49394,"date":"2025-06-18T10:50:57","date_gmt":"2025-06-18T07:50:57","guid":{"rendered":"https:\/\/miumjau.ee\/toode\/bugalugs-dantu-sepetelis-su-trimis-galvutemis-katems-ir-sunims-x2\/"},"modified":"2026-01-07T20:43:23","modified_gmt":"2026-01-07T18:43:23","slug":"bugalugs-dantu-sepetelis-su-trimis-galvutemis-katems-ir-sunims-x2","status":"publish","type":"product","link":"https:\/\/miumjau.ee\/lt\/produktas\/bugalugs-dantu-sepetelis-su-trimis-galvutemis-katems-ir-sunims-x2\/","title":{"rendered":"Bugalugs Dant\u0173 \u0160epet\u0117lis Su Trimis Galvut\u0117mis Kat\u0117ms ir \u0160unims x2"},"content":{"rendered":"","protected":false},"excerpt":{"rendered":"<p data-start=\"3791\" data-end=\"4098\">Laikykite savo augintinio dantis \u0161varius ir dantenas sveikas su Bugalugs inovatyviu dant\u0173 \u0161epet\u0117liu su trimis galvut\u0117mis! \u0160is i\u0161manus \u0161epet\u0117lis apgaubia dantis i\u0161 trij\u0173 pusi\u0173, juos greitai ir efektyviai valydamas, ma\u017eindamas apna\u0161as ir pad\u0117damas i\u0161vengti danten\u0173 problem\u0173. Rinkin\u012f sudaro 2 dant\u0173 \u0161epet\u0117liai.<\/p>\n<p data-start=\"4100\" data-end=\"4126\"><strong data-start=\"4100\" data-end=\"4124\">Pagrindin\u0117s savyb\u0117s:<\/strong><\/p>\n<p data-start=\"4128\" data-end=\"4644\">\ud83e\uddb7 <strong data-start=\"4131\" data-end=\"4151\">Trigalv\u0117 galvut\u0117<\/strong> \u2013 valo dantis i\u0161 vir\u0161aus, apa\u010dios ir \u0161on\u0173 vienu judesiu.<br data-start=\"4208\" data-end=\"4211\" \/>\ud83d\udca7 <strong data-start=\"4214\" data-end=\"4234\">Mink\u0161ti \u0161ereliai<\/strong> \u2013 \u0161veln\u016bs dantenoms, nepa\u017eeid\u017eia ir neirrituoja.<br data-start=\"4283\" data-end=\"4286\" \/>\u270b <strong data-start=\"4288\" data-end=\"4323\">Neslystantis rankenos pavir\u0161ius<\/strong> \u2013 saugus laikyti ir patogus naudoti net su \u0161lapiomis rankomis.<br data-start=\"4386\" data-end=\"4389\" \/>\ud83d\udc3e <strong data-start=\"4392\" data-end=\"4422\">Tinka visoms \u0161un\u0173 veisl\u0117ms<\/strong> \u2013 idealiai tinka \u012fvairaus dyd\u017eio \u0161unims.<br data-start=\"4463\" data-end=\"4466\" \/>\ud83e\uddb7 <strong data-start=\"4469\" data-end=\"4518\">U\u017ekerta keli\u0105 dant\u0173 akmeniui ir blogam kvapui<\/strong> \u2013 padeda i\u0161vengti dant\u0173 \u0117duonies ir danten\u0173 lig\u0173.<br data-start=\"4568\" data-end=\"4571\" \/>\u23f1 <strong data-start=\"4573\" data-end=\"4615\">Greitesnis ir lengvesnis dant\u0173 valymas<\/strong> \u2013 ma\u017eiau streso j\u016bs\u0173 \u0161uniui.<\/p>\n<p data-start=\"4646\" data-end=\"4663\"><strong data-start=\"4646\" data-end=\"4661\">Naudojimas:<\/strong><\/p>\n<ul data-start=\"4665\" data-end=\"4959\">\n<li data-start=\"4665\" data-end=\"4726\">\n<p data-start=\"4667\" data-end=\"4726\">U\u017etepkite nedidel\u012f kiek\u012f \u0161un\u0173 dant\u0173 pastos ant \u0161epet\u0117lio.<\/p>\n<\/li>\n<li data-start=\"4727\" data-end=\"4809\">\n<p data-start=\"4729\" data-end=\"4809\">\u0160velniai pakelkite \u0161uns l\u016bpas ir valykite dantis l\u0117tais, apskritais judesiais.<\/p>\n<\/li>\n<li data-start=\"4810\" data-end=\"4884\">\n<p data-start=\"4812\" data-end=\"4884\">Rekomenduojama naudoti 2\u20133 kartus per savait\u0119 geriausiems rezultatams.<\/p>\n<\/li>\n<li data-start=\"4885\" data-end=\"4959\">\n<p data-start=\"4887\" data-end=\"4959\">Po kiekvieno naudojimo nuplaukite \u0161epet\u0117l\u012f ir leiskite jam i\u0161d\u017ei\u016bti ore.<\/p>\n<\/li>\n<\/ul>\n<p data-start=\"4961\" data-end=\"4995\" data-is-last-node=\"\" data-is-only-node=\"\"><strong data-start=\"4961\" data-end=\"4976\">Gamintojas:<\/strong> Lakeland Cosmetics<\/p>\n","protected":false},"featured_media":49388,"template":"","meta":[],"product_brand":[],"product_cat":[523,542],"product_tag":[],"class_list":{"0":"post-49394","1":"product","2":"type-product","3":"status-publish","4":"has-post-thumbnail","6":"product_cat-kita","7":"product_cat-prieziuros-priemones-sunims","9":"first","10":"instock","11":"taxable","12":"shipping-taxable","13":"purchasable","14":"product-type-simple"},"yoast_head":"<!-- This site is optimized with the Yoast SEO plugin v27.2 - https:\/\/yoast.com\/product\/yoast-seo-wordpress\/ -->\n<title>Bugalugs Dant\u0173 \u0160epet\u0117lis Su Trimis Galvut\u0117mis Kat\u0117ms ir \u0160unims x2 - MiuMjau<\/title>\n<meta name=\"robots\" content=\"index, follow, max-snippet:-1, max-image-preview:large, max-video-preview:-1\" \/>\n<link rel=\"canonical\" href=\"https:\/\/miumjau.ee\/lt\/produktas\/bugalugs-dantu-sepetelis-su-trimis-galvutemis-katems-ir-sunims-x2\/\" \/>\n<meta property=\"og:locale\" content=\"lt_LT\" \/>\n<meta property=\"og:type\" content=\"article\" \/>\n<meta property=\"og:title\" content=\"Bugalugs Dant\u0173 \u0160epet\u0117lis Su Trimis Galvut\u0117mis Kat\u0117ms ir \u0160unims x2 - MiuMjau\" \/>\n<meta property=\"og:description\" content=\"Laikykite savo augintinio dantis \u0161varius ir dantenas sveikas su Bugalugs inovatyviu dant\u0173 \u0161epet\u0117liu su trimis galvut\u0117mis! \u0160is i\u0161manus \u0161epet\u0117lis apgaubia dantis i\u0161 trij\u0173 pusi\u0173, juos greitai ir efektyviai valydamas, ma\u017eindamas apna\u0161as ir pad\u0117damas i\u0161vengti danten\u0173 problem\u0173. Rinkin\u012f sudaro 2 dant\u0173 \u0161epet\u0117liai. Pagrindin\u0117s savyb\u0117s: \ud83e\uddb7 Trigalv\u0117 galvut\u0117 \u2013 valo dantis i\u0161 vir\u0161aus, apa\u010dios ir \u0161on\u0173 vienu judesiu.\ud83d\udca7 Mink\u0161ti \u0161ereliai \u2013 \u0161veln\u016bs dantenoms, nepa\u017eeid\u017eia ir neirrituoja.\u270b Neslystantis rankenos pavir\u0161ius \u2013 saugus laikyti ir patogus naudoti net su \u0161lapiomis rankomis.\ud83d\udc3e Tinka visoms \u0161un\u0173 veisl\u0117ms \u2013 idealiai tinka \u012fvairaus dyd\u017eio \u0161unims.\ud83e\uddb7 U\u017ekerta keli\u0105 dant\u0173 akmeniui ir blogam kvapui \u2013 padeda i\u0161vengti dant\u0173 \u0117duonies ir danten\u0173 lig\u0173.\u23f1 Greitesnis ir lengvesnis dant\u0173 valymas \u2013 ma\u017eiau streso j\u016bs\u0173 \u0161uniui. Naudojimas:     U\u017etepkite nedidel\u012f kiek\u012f \u0161un\u0173 dant\u0173 pastos ant \u0161epet\u0117lio.    \u0160velniai pakelkite \u0161uns l\u016bpas ir valykite dantis l\u0117tais, apskritais judesiais.    Rekomenduojama naudoti 2\u20133 kartus per savait\u0119 geriausiems rezultatams.    Po kiekvieno naudojimo nuplaukite \u0161epet\u0117l\u012f ir leiskite jam i\u0161d\u017ei\u016bti ore.   Gamintojas: Lakeland Cosmetics\" \/>\n<meta property=\"og:url\" content=\"https:\/\/miumjau.ee\/lt\/produktas\/bugalugs-dantu-sepetelis-su-trimis-galvutemis-katems-ir-sunims-x2\/\" \/>\n<meta property=\"og:site_name\" content=\"MiuMjau\" \/>\n<meta property=\"article:publisher\" content=\"https:\/\/www.facebook.com\/miumjaupood\/\" \/>\n<meta property=\"article:modified_time\" content=\"2026-01-07T18:43:23+00:00\" \/>\n<meta property=\"og:image\" content=\"https:\/\/miumjau.ee\/wp-content\/uploads\/2025\/06\/bugalugs-koerte-hambahari-3pealine2.webp\" \/>\n\t<meta property=\"og:image:width\" content=\"600\" \/>\n\t<meta property=\"og:image:height\" content=\"800\" \/>\n\t<meta property=\"og:image:type\" content=\"image\/webp\" \/>\n<meta name=\"twitter:card\" content=\"summary_large_image\" \/>\n<script type=\"application\/ld+json\" class=\"yoast-schema-graph\">{\"@context\":\"https:\/\/schema.org\",\"@graph\":[{\"@type\":\"WebPage\",\"@id\":\"https:\/\/miumjau.ee\/lt\/produktas\/bugalugs-dantu-sepetelis-su-trimis-galvutemis-katems-ir-sunims-x2\/\",\"url\":\"https:\/\/miumjau.ee\/lt\/produktas\/bugalugs-dantu-sepetelis-su-trimis-galvutemis-katems-ir-sunims-x2\/\",\"name\":\"Bugalugs Dant\u0173 \u0160epet\u0117lis Su Trimis Galvut\u0117mis Kat\u0117ms ir \u0160unims x2 - MiuMjau\",\"isPartOf\":{\"@id\":\"https:\/\/miumjau.ee\/#website\"},\"primaryImageOfPage\":{\"@id\":\"https:\/\/miumjau.ee\/lt\/produktas\/bugalugs-dantu-sepetelis-su-trimis-galvutemis-katems-ir-sunims-x2\/#primaryimage\"},\"image\":{\"@id\":\"https:\/\/miumjau.ee\/lt\/produktas\/bugalugs-dantu-sepetelis-su-trimis-galvutemis-katems-ir-sunims-x2\/#primaryimage\"},\"thumbnailUrl\":\"https:\/\/miumjau.ee\/wp-content\/uploads\/2025\/06\/bugalugs-koerte-hambahari-3pealine2.webp\",\"datePublished\":\"2025-06-18T07:50:57+00:00\",\"dateModified\":\"2026-01-07T18:43:23+00:00\",\"breadcrumb\":{\"@id\":\"https:\/\/miumjau.ee\/lt\/produktas\/bugalugs-dantu-sepetelis-su-trimis-galvutemis-katems-ir-sunims-x2\/#breadcrumb\"},\"inLanguage\":\"lt-LT\",\"potentialAction\":[{\"@type\":\"ReadAction\",\"target\":[\"https:\/\/miumjau.ee\/lt\/produktas\/bugalugs-dantu-sepetelis-su-trimis-galvutemis-katems-ir-sunims-x2\/\"]}]},{\"@type\":\"ImageObject\",\"inLanguage\":\"lt-LT\",\"@id\":\"https:\/\/miumjau.ee\/lt\/produktas\/bugalugs-dantu-sepetelis-su-trimis-galvutemis-katems-ir-sunims-x2\/#primaryimage\",\"url\":\"https:\/\/miumjau.ee\/wp-content\/uploads\/2025\/06\/bugalugs-koerte-hambahari-3pealine2.webp\",\"contentUrl\":\"https:\/\/miumjau.ee\/wp-content\/uploads\/2025\/06\/bugalugs-koerte-hambahari-3pealine2.webp\",\"width\":600,\"height\":800},{\"@type\":\"BreadcrumbList\",\"@id\":\"https:\/\/miumjau.ee\/lt\/produktas\/bugalugs-dantu-sepetelis-su-trimis-galvutemis-katems-ir-sunims-x2\/#breadcrumb\",\"itemListElement\":[{\"@type\":\"ListItem\",\"position\":1,\"name\":\"Home\",\"item\":\"https:\/\/miumjau.ee\/lt\/\"},{\"@type\":\"ListItem\",\"position\":2,\"name\":\"Parduotuv\u0117\",\"item\":\"https:\/\/miumjau.ee\/lt\/parduotuve\/\"},{\"@type\":\"ListItem\",\"position\":3,\"name\":\"Bugalugs Dant\u0173 \u0160epet\u0117lis Su Trimis Galvut\u0117mis Kat\u0117ms ir \u0160unims x2\"}]},{\"@type\":\"WebSite\",\"@id\":\"https:\/\/miumjau.ee\/#website\",\"url\":\"https:\/\/miumjau.ee\/\",\"name\":\"MiuMjau\",\"description\":\"Kraapimispuud kassidele\",\"publisher\":{\"@id\":\"https:\/\/miumjau.ee\/#organization\"},\"potentialAction\":[{\"@type\":\"SearchAction\",\"target\":{\"@type\":\"EntryPoint\",\"urlTemplate\":\"https:\/\/miumjau.ee\/?s={search_term_string}\"},\"query-input\":{\"@type\":\"PropertyValueSpecification\",\"valueRequired\":true,\"valueName\":\"search_term_string\"}}],\"inLanguage\":\"lt-LT\"},{\"@type\":\"Organization\",\"@id\":\"https:\/\/miumjau.ee\/#organization\",\"name\":\"MiuMjau O\u00dc\",\"url\":\"https:\/\/miumjau.ee\/\",\"logo\":{\"@type\":\"ImageObject\",\"inLanguage\":\"lt-LT\",\"@id\":\"https:\/\/miumjau.ee\/#\/schema\/logo\/image\/\",\"url\":\"https:\/\/miumjau.ee\/wp-content\/uploads\/2022\/04\/MiuMjau-logo-kollane.png\",\"contentUrl\":\"https:\/\/miumjau.ee\/wp-content\/uploads\/2022\/04\/MiuMjau-logo-kollane.png\",\"width\":219,\"height\":100,\"caption\":\"MiuMjau O\u00dc\"},\"image\":{\"@id\":\"https:\/\/miumjau.ee\/#\/schema\/logo\/image\/\"},\"sameAs\":[\"https:\/\/www.facebook.com\/miumjaupood\/\"]}]}<\/script>\n<!-- \/ Yoast SEO plugin. -->","yoast_head_json":{"title":"Bugalugs Dant\u0173 \u0160epet\u0117lis Su Trimis Galvut\u0117mis Kat\u0117ms ir \u0160unims x2 - MiuMjau","robots":{"index":"index","follow":"follow","max-snippet":"max-snippet:-1","max-image-preview":"max-image-preview:large","max-video-preview":"max-video-preview:-1"},"canonical":"https:\/\/miumjau.ee\/lt\/produktas\/bugalugs-dantu-sepetelis-su-trimis-galvutemis-katems-ir-sunims-x2\/","og_locale":"lt_LT","og_type":"article","og_title":"Bugalugs Dant\u0173 \u0160epet\u0117lis Su Trimis Galvut\u0117mis Kat\u0117ms ir \u0160unims x2 - MiuMjau","og_description":"Laikykite savo augintinio dantis \u0161varius ir dantenas sveikas su Bugalugs inovatyviu dant\u0173 \u0161epet\u0117liu su trimis galvut\u0117mis! \u0160is i\u0161manus \u0161epet\u0117lis apgaubia dantis i\u0161 trij\u0173 pusi\u0173, juos greitai ir efektyviai valydamas, ma\u017eindamas apna\u0161as ir pad\u0117damas i\u0161vengti danten\u0173 problem\u0173. Rinkin\u012f sudaro 2 dant\u0173 \u0161epet\u0117liai. Pagrindin\u0117s savyb\u0117s: \ud83e\uddb7 Trigalv\u0117 galvut\u0117 \u2013 valo dantis i\u0161 vir\u0161aus, apa\u010dios ir \u0161on\u0173 vienu judesiu.\ud83d\udca7 Mink\u0161ti \u0161ereliai \u2013 \u0161veln\u016bs dantenoms, nepa\u017eeid\u017eia ir neirrituoja.\u270b Neslystantis rankenos pavir\u0161ius \u2013 saugus laikyti ir patogus naudoti net su \u0161lapiomis rankomis.\ud83d\udc3e Tinka visoms \u0161un\u0173 veisl\u0117ms \u2013 idealiai tinka \u012fvairaus dyd\u017eio \u0161unims.\ud83e\uddb7 U\u017ekerta keli\u0105 dant\u0173 akmeniui ir blogam kvapui \u2013 padeda i\u0161vengti dant\u0173 \u0117duonies ir danten\u0173 lig\u0173.\u23f1 Greitesnis ir lengvesnis dant\u0173 valymas \u2013 ma\u017eiau streso j\u016bs\u0173 \u0161uniui. Naudojimas:     U\u017etepkite nedidel\u012f kiek\u012f \u0161un\u0173 dant\u0173 pastos ant \u0161epet\u0117lio.    \u0160velniai pakelkite \u0161uns l\u016bpas ir valykite dantis l\u0117tais, apskritais judesiais.    Rekomenduojama naudoti 2\u20133 kartus per savait\u0119 geriausiems rezultatams.    Po kiekvieno naudojimo nuplaukite \u0161epet\u0117l\u012f ir leiskite jam i\u0161d\u017ei\u016bti ore.   Gamintojas: Lakeland Cosmetics","og_url":"https:\/\/miumjau.ee\/lt\/produktas\/bugalugs-dantu-sepetelis-su-trimis-galvutemis-katems-ir-sunims-x2\/","og_site_name":"MiuMjau","article_publisher":"https:\/\/www.facebook.com\/miumjaupood\/","article_modified_time":"2026-01-07T18:43:23+00:00","og_image":[{"width":600,"height":800,"url":"https:\/\/miumjau.ee\/wp-content\/uploads\/2025\/06\/bugalugs-koerte-hambahari-3pealine2.webp","type":"image\/webp"}],"twitter_card":"summary_large_image","schema":{"@context":"https:\/\/schema.org","@graph":[{"@type":"WebPage","@id":"https:\/\/miumjau.ee\/lt\/produktas\/bugalugs-dantu-sepetelis-su-trimis-galvutemis-katems-ir-sunims-x2\/","url":"https:\/\/miumjau.ee\/lt\/produktas\/bugalugs-dantu-sepetelis-su-trimis-galvutemis-katems-ir-sunims-x2\/","name":"Bugalugs Dant\u0173 \u0160epet\u0117lis Su Trimis Galvut\u0117mis Kat\u0117ms ir \u0160unims x2 - MiuMjau","isPartOf":{"@id":"https:\/\/miumjau.ee\/#website"},"primaryImageOfPage":{"@id":"https:\/\/miumjau.ee\/lt\/produktas\/bugalugs-dantu-sepetelis-su-trimis-galvutemis-katems-ir-sunims-x2\/#primaryimage"},"image":{"@id":"https:\/\/miumjau.ee\/lt\/produktas\/bugalugs-dantu-sepetelis-su-trimis-galvutemis-katems-ir-sunims-x2\/#primaryimage"},"thumbnailUrl":"https:\/\/miumjau.ee\/wp-content\/uploads\/2025\/06\/bugalugs-koerte-hambahari-3pealine2.webp","datePublished":"2025-06-18T07:50:57+00:00","dateModified":"2026-01-07T18:43:23+00:00","breadcrumb":{"@id":"https:\/\/miumjau.ee\/lt\/produktas\/bugalugs-dantu-sepetelis-su-trimis-galvutemis-katems-ir-sunims-x2\/#breadcrumb"},"inLanguage":"lt-LT","potentialAction":[{"@type":"ReadAction","target":["https:\/\/miumjau.ee\/lt\/produktas\/bugalugs-dantu-sepetelis-su-trimis-galvutemis-katems-ir-sunims-x2\/"]}]},{"@type":"ImageObject","inLanguage":"lt-LT","@id":"https:\/\/miumjau.ee\/lt\/produktas\/bugalugs-dantu-sepetelis-su-trimis-galvutemis-katems-ir-sunims-x2\/#primaryimage","url":"https:\/\/miumjau.ee\/wp-content\/uploads\/2025\/06\/bugalugs-koerte-hambahari-3pealine2.webp","contentUrl":"https:\/\/miumjau.ee\/wp-content\/uploads\/2025\/06\/bugalugs-koerte-hambahari-3pealine2.webp","width":600,"height":800},{"@type":"BreadcrumbList","@id":"https:\/\/miumjau.ee\/lt\/produktas\/bugalugs-dantu-sepetelis-su-trimis-galvutemis-katems-ir-sunims-x2\/#breadcrumb","itemListElement":[{"@type":"ListItem","position":1,"name":"Home","item":"https:\/\/miumjau.ee\/lt\/"},{"@type":"ListItem","position":2,"name":"Parduotuv\u0117","item":"https:\/\/miumjau.ee\/lt\/parduotuve\/"},{"@type":"ListItem","position":3,"name":"Bugalugs Dant\u0173 \u0160epet\u0117lis Su Trimis Galvut\u0117mis Kat\u0117ms ir \u0160unims x2"}]},{"@type":"WebSite","@id":"https:\/\/miumjau.ee\/#website","url":"https:\/\/miumjau.ee\/","name":"MiuMjau","description":"Kraapimispuud kassidele","publisher":{"@id":"https:\/\/miumjau.ee\/#organization"},"potentialAction":[{"@type":"SearchAction","target":{"@type":"EntryPoint","urlTemplate":"https:\/\/miumjau.ee\/?s={search_term_string}"},"query-input":{"@type":"PropertyValueSpecification","valueRequired":true,"valueName":"search_term_string"}}],"inLanguage":"lt-LT"},{"@type":"Organization","@id":"https:\/\/miumjau.ee\/#organization","name":"MiuMjau O\u00dc","url":"https:\/\/miumjau.ee\/","logo":{"@type":"ImageObject","inLanguage":"lt-LT","@id":"https:\/\/miumjau.ee\/#\/schema\/logo\/image\/","url":"https:\/\/miumjau.ee\/wp-content\/uploads\/2022\/04\/MiuMjau-logo-kollane.png","contentUrl":"https:\/\/miumjau.ee\/wp-content\/uploads\/2022\/04\/MiuMjau-logo-kollane.png","width":219,"height":100,"caption":"MiuMjau O\u00dc"},"image":{"@id":"https:\/\/miumjau.ee\/#\/schema\/logo\/image\/"},"sameAs":["https:\/\/www.facebook.com\/miumjaupood\/"]}]}},"_links":{"self":[{"href":"https:\/\/miumjau.ee\/lt\/wp-json\/wp\/v2\/product\/49394","targetHints":{"allow":["GET"]}}],"collection":[{"href":"https:\/\/miumjau.ee\/lt\/wp-json\/wp\/v2\/product"}],"about":[{"href":"https:\/\/miumjau.ee\/lt\/wp-json\/wp\/v2\/types\/product"}],"wp:featuredmedia":[{"embeddable":true,"href":"https:\/\/miumjau.ee\/lt\/wp-json\/wp\/v2\/media\/49388"}],"wp:attachment":[{"href":"https:\/\/miumjau.ee\/lt\/wp-json\/wp\/v2\/media?parent=49394"}],"wp:term":[{"taxonomy":"product_brand","embeddable":true,"href":"https:\/\/miumjau.ee\/lt\/wp-json\/wp\/v2\/product_brand?post=49394"},{"taxonomy":"product_cat","embeddable":true,"href":"https:\/\/miumjau.ee\/lt\/wp-json\/wp\/v2\/product_cat?post=49394"},{"taxonomy":"product_tag","embeddable":true,"href":"https:\/\/miumjau.ee\/lt\/wp-json\/wp\/v2\/product_tag?post=49394"}],"curies":[{"name":"wp","href":"https:\/\/api.w.org\/{rel}","templated":true}]}}