{"id":49383,"date":"2025-06-18T11:04:38","date_gmt":"2025-06-18T08:04:38","guid":{"rendered":"https:\/\/miumjau.ee\/toode\/bugalugs-avieciu-ir-citrinu-kvapo-3-in-1-sampunas-250-ml\/"},"modified":"2026-01-07T20:43:23","modified_gmt":"2026-01-07T18:43:23","slug":"bugalugs-avieciu-ir-citrinu-kvapo-3-in-1-sampunas-250-ml","status":"publish","type":"product","link":"https:\/\/miumjau.ee\/lt\/produktas\/bugalugs-avieciu-ir-citrinu-kvapo-3-in-1-sampunas-250-ml\/","title":{"rendered":"Bugalugs Avie\u010di\u0173 ir Citrin\u0173 Kvapo 3-in-1 \u0160amp\u016bnas 250 ml"},"content":{"rendered":"","protected":false},"excerpt":{"rendered":"<p data-start=\"5588\" data-end=\"6009\">R\u016bpinkit\u0117s savo \u0161unimi su Bugalugs \u0161amp\u016bno, kondicionieriaus ir detangler 3-in-1 galia, turin\u010dia gaiv\u0173 avie\u010di\u0173 ir citrin\u0173 kvap\u0105, palengvinan\u010di\u0105 vonios laik\u0105. \u0160i daugiafunkc\u0117 prie\u017ei\u016bros priemon\u0117 valo ir pri\u017ei\u016bri \u0161uns kail\u012f bei od\u0105. Turtingai kvepianti formul\u0117 padeda i\u0161\u0161ukuoti kail\u012f, kad \u0161ukavimas b\u016bt\u0173 sklandus ir neskausmingas. Pa\u0161alina ne\u0161varumus ir net stipriausius kvapus, vienu greitu plovimu valo ir pri\u017ei\u016bri kail\u012f.<\/p>\n<p data-start=\"6011\" data-end=\"6094\">Be paraben\u0173 \u0161amp\u016bnas tinka vis\u0173 veisli\u0173 \u0161unims ir \u0161uniukams nuo 8 savai\u010di\u0173 am\u017eiaus.<\/p>\n<p data-start=\"6096\" data-end=\"6383\"><strong data-start=\"6096\" data-end=\"6111\">Naudojimas:<\/strong> Sudr\u0117kinkite \u0161uns kail\u012f \u0161iltu vandeniu. Galima skiesti santykiu 10:1. U\u017etepkite \u0161amp\u016bn\u0105 ant kailio, i\u0161plaukite putomis ir kruop\u0161\u010diai nuskalaukite. Tada nusausinkite. Venkite patekimo \u012f akis \u2013 patekus, kruop\u0161\u010diai praplauti vandeniu. Laikyti vaikams nepasiekiamoje vietoje.<\/p>\n<p data-start=\"6385\" data-end=\"7189\"><strong data-start=\"6385\" data-end=\"6397\">Sud\u0117tis:<\/strong> Aqua, Sodium Laureth Sulfate, Glycerin, Cocamidopropyl Betaine, Coco-Glucoside, Glyceryl Oleate, Parfum, Polyglyceryl-2 Caprate, Phenoxyethanol, Glycol Distearate, Sodium Chloride, Sodium Benzoate, Panthenol, Benzophenone-4, Citric Acid, Sodium Hydroxide, Laureth-4, Prunus Amygdalus Dulcis (Migdol\u0173) Oil, Polyquaternium-7, Vaccinium Macrocarpon (Spanguoli\u0173) Fruit Extract, Lactic Acid, Hydrogenated Palm Glycerides Citrate, Citrus Aurantifolia (Laimo) Fruit Extract, Citrus Aurantium Bergamia (Bergamoto) Leaf Extract, Citrus Aurantium Dulcis (Apelsin\u0173) Fruit Extract, Citrus Grandis (Greipfrut\u0173) Extract, Citrus Limon (Citrin\u0173) Fruit Extract, Citrus Reticulata (Satsuma) Fruit Extract, Tocopherol, Potassium Sorbate, Benzyl Benzoate, Hexyl Cinnamal, Linalool, CI 14700, CI 17200, CI 19140.<\/p>\n<p data-start=\"7191\" data-end=\"7305\" data-is-last-node=\"\" data-is-only-node=\"\"><strong data-start=\"7191\" data-end=\"7201\">Dydis:<\/strong> 250\/500 ml<br data-start=\"7212\" data-end=\"7215\" \/><strong data-start=\"7215\" data-end=\"7234\">Geriausias iki:<\/strong> 12 m\u0117nesi\u0173 nuo pakuot\u0117s atidarymo<br data-start=\"7268\" data-end=\"7271\" \/><strong data-start=\"7271\" data-end=\"7286\">Gamintojas:<\/strong> Lakeland Cosmetics<\/p>\n","protected":false},"featured_media":49372,"template":"","meta":[],"product_brand":[],"product_cat":[542],"product_tag":[],"class_list":{"0":"post-49383","1":"product","2":"type-product","3":"status-publish","4":"has-post-thumbnail","6":"product_cat-prieziuros-priemones-sunims","8":"first","9":"instock","10":"taxable","11":"shipping-taxable","12":"purchasable","13":"product-type-simple"},"yoast_head":"<!-- This site is optimized with the Yoast SEO plugin v27.2 - https:\/\/yoast.com\/product\/yoast-seo-wordpress\/ -->\n<title>Bugalugs Avie\u010di\u0173 ir Citrin\u0173 Kvapo 3-in-1 \u0160amp\u016bnas 250 ml - MiuMjau<\/title>\n<meta name=\"robots\" content=\"index, follow, max-snippet:-1, max-image-preview:large, max-video-preview:-1\" \/>\n<link rel=\"canonical\" href=\"https:\/\/miumjau.ee\/lt\/produktas\/bugalugs-avieciu-ir-citrinu-kvapo-3-in-1-sampunas-250-ml\/\" \/>\n<meta property=\"og:locale\" content=\"lt_LT\" \/>\n<meta property=\"og:type\" content=\"article\" \/>\n<meta property=\"og:title\" content=\"Bugalugs Avie\u010di\u0173 ir Citrin\u0173 Kvapo 3-in-1 \u0160amp\u016bnas 250 ml - MiuMjau\" \/>\n<meta property=\"og:description\" content=\"R\u016bpinkit\u0117s savo \u0161unimi su Bugalugs \u0161amp\u016bno, kondicionieriaus ir detangler 3-in-1 galia, turin\u010dia gaiv\u0173 avie\u010di\u0173 ir citrin\u0173 kvap\u0105, palengvinan\u010di\u0105 vonios laik\u0105. \u0160i daugiafunkc\u0117 prie\u017ei\u016bros priemon\u0117 valo ir pri\u017ei\u016bri \u0161uns kail\u012f bei od\u0105. Turtingai kvepianti formul\u0117 padeda i\u0161\u0161ukuoti kail\u012f, kad \u0161ukavimas b\u016bt\u0173 sklandus ir neskausmingas. Pa\u0161alina ne\u0161varumus ir net stipriausius kvapus, vienu greitu plovimu valo ir pri\u017ei\u016bri kail\u012f. Be paraben\u0173 \u0161amp\u016bnas tinka vis\u0173 veisli\u0173 \u0161unims ir \u0161uniukams nuo 8 savai\u010di\u0173 am\u017eiaus. Naudojimas: Sudr\u0117kinkite \u0161uns kail\u012f \u0161iltu vandeniu. Galima skiesti santykiu 10:1. U\u017etepkite \u0161amp\u016bn\u0105 ant kailio, i\u0161plaukite putomis ir kruop\u0161\u010diai nuskalaukite. Tada nusausinkite. Venkite patekimo \u012f akis \u2013 patekus, kruop\u0161\u010diai praplauti vandeniu. Laikyti vaikams nepasiekiamoje vietoje. Sud\u0117tis: Aqua, Sodium Laureth Sulfate, Glycerin, Cocamidopropyl Betaine, Coco-Glucoside, Glyceryl Oleate, Parfum, Polyglyceryl-2 Caprate, Phenoxyethanol, Glycol Distearate, Sodium Chloride, Sodium Benzoate, Panthenol, Benzophenone-4, Citric Acid, Sodium Hydroxide, Laureth-4, Prunus Amygdalus Dulcis (Migdol\u0173) Oil, Polyquaternium-7, Vaccinium Macrocarpon (Spanguoli\u0173) Fruit Extract, Lactic Acid, Hydrogenated Palm Glycerides Citrate, Citrus Aurantifolia (Laimo) Fruit Extract, Citrus Aurantium Bergamia (Bergamoto) Leaf Extract, Citrus Aurantium Dulcis (Apelsin\u0173) Fruit Extract, Citrus Grandis (Greipfrut\u0173) Extract, Citrus Limon (Citrin\u0173) Fruit Extract, Citrus Reticulata (Satsuma) Fruit Extract, Tocopherol, Potassium Sorbate, Benzyl Benzoate, Hexyl Cinnamal, Linalool, CI 14700, CI 17200, CI 19140. Dydis: 250\/500 mlGeriausias iki: 12 m\u0117nesi\u0173 nuo pakuot\u0117s atidarymoGamintojas: Lakeland Cosmetics\" \/>\n<meta property=\"og:url\" content=\"https:\/\/miumjau.ee\/lt\/produktas\/bugalugs-avieciu-ir-citrinu-kvapo-3-in-1-sampunas-250-ml\/\" \/>\n<meta property=\"og:site_name\" content=\"MiuMjau\" \/>\n<meta property=\"article:publisher\" content=\"https:\/\/www.facebook.com\/miumjaupood\/\" \/>\n<meta property=\"article:modified_time\" content=\"2026-01-07T18:43:23+00:00\" \/>\n<meta property=\"og:image\" content=\"https:\/\/miumjau.ee\/wp-content\/uploads\/2025\/06\/bugalugs-koerte-sampoon-3in1-vaarikas-sidrun3.jpg\" \/>\n\t<meta property=\"og:image:width\" content=\"600\" \/>\n\t<meta property=\"og:image:height\" content=\"800\" \/>\n\t<meta property=\"og:image:type\" content=\"image\/jpeg\" \/>\n<meta name=\"twitter:card\" content=\"summary_large_image\" \/>\n<script type=\"application\/ld+json\" class=\"yoast-schema-graph\">{\"@context\":\"https:\/\/schema.org\",\"@graph\":[{\"@type\":\"WebPage\",\"@id\":\"https:\/\/miumjau.ee\/lt\/produktas\/bugalugs-avieciu-ir-citrinu-kvapo-3-in-1-sampunas-250-ml\/\",\"url\":\"https:\/\/miumjau.ee\/lt\/produktas\/bugalugs-avieciu-ir-citrinu-kvapo-3-in-1-sampunas-250-ml\/\",\"name\":\"Bugalugs Avie\u010di\u0173 ir Citrin\u0173 Kvapo 3-in-1 \u0160amp\u016bnas 250 ml - MiuMjau\",\"isPartOf\":{\"@id\":\"https:\/\/miumjau.ee\/#website\"},\"primaryImageOfPage\":{\"@id\":\"https:\/\/miumjau.ee\/lt\/produktas\/bugalugs-avieciu-ir-citrinu-kvapo-3-in-1-sampunas-250-ml\/#primaryimage\"},\"image\":{\"@id\":\"https:\/\/miumjau.ee\/lt\/produktas\/bugalugs-avieciu-ir-citrinu-kvapo-3-in-1-sampunas-250-ml\/#primaryimage\"},\"thumbnailUrl\":\"https:\/\/miumjau.ee\/wp-content\/uploads\/2025\/06\/bugalugs-koerte-sampoon-3in1-vaarikas-sidrun3.jpg\",\"datePublished\":\"2025-06-18T08:04:38+00:00\",\"dateModified\":\"2026-01-07T18:43:23+00:00\",\"breadcrumb\":{\"@id\":\"https:\/\/miumjau.ee\/lt\/produktas\/bugalugs-avieciu-ir-citrinu-kvapo-3-in-1-sampunas-250-ml\/#breadcrumb\"},\"inLanguage\":\"lt-LT\",\"potentialAction\":[{\"@type\":\"ReadAction\",\"target\":[\"https:\/\/miumjau.ee\/lt\/produktas\/bugalugs-avieciu-ir-citrinu-kvapo-3-in-1-sampunas-250-ml\/\"]}]},{\"@type\":\"ImageObject\",\"inLanguage\":\"lt-LT\",\"@id\":\"https:\/\/miumjau.ee\/lt\/produktas\/bugalugs-avieciu-ir-citrinu-kvapo-3-in-1-sampunas-250-ml\/#primaryimage\",\"url\":\"https:\/\/miumjau.ee\/wp-content\/uploads\/2025\/06\/bugalugs-koerte-sampoon-3in1-vaarikas-sidrun3.jpg\",\"contentUrl\":\"https:\/\/miumjau.ee\/wp-content\/uploads\/2025\/06\/bugalugs-koerte-sampoon-3in1-vaarikas-sidrun3.jpg\",\"width\":600,\"height\":800},{\"@type\":\"BreadcrumbList\",\"@id\":\"https:\/\/miumjau.ee\/lt\/produktas\/bugalugs-avieciu-ir-citrinu-kvapo-3-in-1-sampunas-250-ml\/#breadcrumb\",\"itemListElement\":[{\"@type\":\"ListItem\",\"position\":1,\"name\":\"Home\",\"item\":\"https:\/\/miumjau.ee\/lt\/\"},{\"@type\":\"ListItem\",\"position\":2,\"name\":\"Parduotuv\u0117\",\"item\":\"https:\/\/miumjau.ee\/lt\/parduotuve\/\"},{\"@type\":\"ListItem\",\"position\":3,\"name\":\"Bugalugs Avie\u010di\u0173 ir Citrin\u0173 Kvapo 3-in-1 \u0160amp\u016bnas 250 ml\"}]},{\"@type\":\"WebSite\",\"@id\":\"https:\/\/miumjau.ee\/#website\",\"url\":\"https:\/\/miumjau.ee\/\",\"name\":\"MiuMjau\",\"description\":\"Kraapimispuud kassidele\",\"publisher\":{\"@id\":\"https:\/\/miumjau.ee\/#organization\"},\"potentialAction\":[{\"@type\":\"SearchAction\",\"target\":{\"@type\":\"EntryPoint\",\"urlTemplate\":\"https:\/\/miumjau.ee\/?s={search_term_string}\"},\"query-input\":{\"@type\":\"PropertyValueSpecification\",\"valueRequired\":true,\"valueName\":\"search_term_string\"}}],\"inLanguage\":\"lt-LT\"},{\"@type\":\"Organization\",\"@id\":\"https:\/\/miumjau.ee\/#organization\",\"name\":\"MiuMjau O\u00dc\",\"url\":\"https:\/\/miumjau.ee\/\",\"logo\":{\"@type\":\"ImageObject\",\"inLanguage\":\"lt-LT\",\"@id\":\"https:\/\/miumjau.ee\/#\/schema\/logo\/image\/\",\"url\":\"https:\/\/miumjau.ee\/wp-content\/uploads\/2022\/04\/MiuMjau-logo-kollane.png\",\"contentUrl\":\"https:\/\/miumjau.ee\/wp-content\/uploads\/2022\/04\/MiuMjau-logo-kollane.png\",\"width\":219,\"height\":100,\"caption\":\"MiuMjau O\u00dc\"},\"image\":{\"@id\":\"https:\/\/miumjau.ee\/#\/schema\/logo\/image\/\"},\"sameAs\":[\"https:\/\/www.facebook.com\/miumjaupood\/\"]}]}<\/script>\n<!-- \/ Yoast SEO plugin. -->","yoast_head_json":{"title":"Bugalugs Avie\u010di\u0173 ir Citrin\u0173 Kvapo 3-in-1 \u0160amp\u016bnas 250 ml - MiuMjau","robots":{"index":"index","follow":"follow","max-snippet":"max-snippet:-1","max-image-preview":"max-image-preview:large","max-video-preview":"max-video-preview:-1"},"canonical":"https:\/\/miumjau.ee\/lt\/produktas\/bugalugs-avieciu-ir-citrinu-kvapo-3-in-1-sampunas-250-ml\/","og_locale":"lt_LT","og_type":"article","og_title":"Bugalugs Avie\u010di\u0173 ir Citrin\u0173 Kvapo 3-in-1 \u0160amp\u016bnas 250 ml - MiuMjau","og_description":"R\u016bpinkit\u0117s savo \u0161unimi su Bugalugs \u0161amp\u016bno, kondicionieriaus ir detangler 3-in-1 galia, turin\u010dia gaiv\u0173 avie\u010di\u0173 ir citrin\u0173 kvap\u0105, palengvinan\u010di\u0105 vonios laik\u0105. \u0160i daugiafunkc\u0117 prie\u017ei\u016bros priemon\u0117 valo ir pri\u017ei\u016bri \u0161uns kail\u012f bei od\u0105. Turtingai kvepianti formul\u0117 padeda i\u0161\u0161ukuoti kail\u012f, kad \u0161ukavimas b\u016bt\u0173 sklandus ir neskausmingas. Pa\u0161alina ne\u0161varumus ir net stipriausius kvapus, vienu greitu plovimu valo ir pri\u017ei\u016bri kail\u012f. Be paraben\u0173 \u0161amp\u016bnas tinka vis\u0173 veisli\u0173 \u0161unims ir \u0161uniukams nuo 8 savai\u010di\u0173 am\u017eiaus. Naudojimas: Sudr\u0117kinkite \u0161uns kail\u012f \u0161iltu vandeniu. Galima skiesti santykiu 10:1. U\u017etepkite \u0161amp\u016bn\u0105 ant kailio, i\u0161plaukite putomis ir kruop\u0161\u010diai nuskalaukite. Tada nusausinkite. Venkite patekimo \u012f akis \u2013 patekus, kruop\u0161\u010diai praplauti vandeniu. Laikyti vaikams nepasiekiamoje vietoje. Sud\u0117tis: Aqua, Sodium Laureth Sulfate, Glycerin, Cocamidopropyl Betaine, Coco-Glucoside, Glyceryl Oleate, Parfum, Polyglyceryl-2 Caprate, Phenoxyethanol, Glycol Distearate, Sodium Chloride, Sodium Benzoate, Panthenol, Benzophenone-4, Citric Acid, Sodium Hydroxide, Laureth-4, Prunus Amygdalus Dulcis (Migdol\u0173) Oil, Polyquaternium-7, Vaccinium Macrocarpon (Spanguoli\u0173) Fruit Extract, Lactic Acid, Hydrogenated Palm Glycerides Citrate, Citrus Aurantifolia (Laimo) Fruit Extract, Citrus Aurantium Bergamia (Bergamoto) Leaf Extract, Citrus Aurantium Dulcis (Apelsin\u0173) Fruit Extract, Citrus Grandis (Greipfrut\u0173) Extract, Citrus Limon (Citrin\u0173) Fruit Extract, Citrus Reticulata (Satsuma) Fruit Extract, Tocopherol, Potassium Sorbate, Benzyl Benzoate, Hexyl Cinnamal, Linalool, CI 14700, CI 17200, CI 19140. Dydis: 250\/500 mlGeriausias iki: 12 m\u0117nesi\u0173 nuo pakuot\u0117s atidarymoGamintojas: Lakeland Cosmetics","og_url":"https:\/\/miumjau.ee\/lt\/produktas\/bugalugs-avieciu-ir-citrinu-kvapo-3-in-1-sampunas-250-ml\/","og_site_name":"MiuMjau","article_publisher":"https:\/\/www.facebook.com\/miumjaupood\/","article_modified_time":"2026-01-07T18:43:23+00:00","og_image":[{"width":600,"height":800,"url":"https:\/\/miumjau.ee\/wp-content\/uploads\/2025\/06\/bugalugs-koerte-sampoon-3in1-vaarikas-sidrun3.jpg","type":"image\/jpeg"}],"twitter_card":"summary_large_image","schema":{"@context":"https:\/\/schema.org","@graph":[{"@type":"WebPage","@id":"https:\/\/miumjau.ee\/lt\/produktas\/bugalugs-avieciu-ir-citrinu-kvapo-3-in-1-sampunas-250-ml\/","url":"https:\/\/miumjau.ee\/lt\/produktas\/bugalugs-avieciu-ir-citrinu-kvapo-3-in-1-sampunas-250-ml\/","name":"Bugalugs Avie\u010di\u0173 ir Citrin\u0173 Kvapo 3-in-1 \u0160amp\u016bnas 250 ml - MiuMjau","isPartOf":{"@id":"https:\/\/miumjau.ee\/#website"},"primaryImageOfPage":{"@id":"https:\/\/miumjau.ee\/lt\/produktas\/bugalugs-avieciu-ir-citrinu-kvapo-3-in-1-sampunas-250-ml\/#primaryimage"},"image":{"@id":"https:\/\/miumjau.ee\/lt\/produktas\/bugalugs-avieciu-ir-citrinu-kvapo-3-in-1-sampunas-250-ml\/#primaryimage"},"thumbnailUrl":"https:\/\/miumjau.ee\/wp-content\/uploads\/2025\/06\/bugalugs-koerte-sampoon-3in1-vaarikas-sidrun3.jpg","datePublished":"2025-06-18T08:04:38+00:00","dateModified":"2026-01-07T18:43:23+00:00","breadcrumb":{"@id":"https:\/\/miumjau.ee\/lt\/produktas\/bugalugs-avieciu-ir-citrinu-kvapo-3-in-1-sampunas-250-ml\/#breadcrumb"},"inLanguage":"lt-LT","potentialAction":[{"@type":"ReadAction","target":["https:\/\/miumjau.ee\/lt\/produktas\/bugalugs-avieciu-ir-citrinu-kvapo-3-in-1-sampunas-250-ml\/"]}]},{"@type":"ImageObject","inLanguage":"lt-LT","@id":"https:\/\/miumjau.ee\/lt\/produktas\/bugalugs-avieciu-ir-citrinu-kvapo-3-in-1-sampunas-250-ml\/#primaryimage","url":"https:\/\/miumjau.ee\/wp-content\/uploads\/2025\/06\/bugalugs-koerte-sampoon-3in1-vaarikas-sidrun3.jpg","contentUrl":"https:\/\/miumjau.ee\/wp-content\/uploads\/2025\/06\/bugalugs-koerte-sampoon-3in1-vaarikas-sidrun3.jpg","width":600,"height":800},{"@type":"BreadcrumbList","@id":"https:\/\/miumjau.ee\/lt\/produktas\/bugalugs-avieciu-ir-citrinu-kvapo-3-in-1-sampunas-250-ml\/#breadcrumb","itemListElement":[{"@type":"ListItem","position":1,"name":"Home","item":"https:\/\/miumjau.ee\/lt\/"},{"@type":"ListItem","position":2,"name":"Parduotuv\u0117","item":"https:\/\/miumjau.ee\/lt\/parduotuve\/"},{"@type":"ListItem","position":3,"name":"Bugalugs Avie\u010di\u0173 ir Citrin\u0173 Kvapo 3-in-1 \u0160amp\u016bnas 250 ml"}]},{"@type":"WebSite","@id":"https:\/\/miumjau.ee\/#website","url":"https:\/\/miumjau.ee\/","name":"MiuMjau","description":"Kraapimispuud kassidele","publisher":{"@id":"https:\/\/miumjau.ee\/#organization"},"potentialAction":[{"@type":"SearchAction","target":{"@type":"EntryPoint","urlTemplate":"https:\/\/miumjau.ee\/?s={search_term_string}"},"query-input":{"@type":"PropertyValueSpecification","valueRequired":true,"valueName":"search_term_string"}}],"inLanguage":"lt-LT"},{"@type":"Organization","@id":"https:\/\/miumjau.ee\/#organization","name":"MiuMjau O\u00dc","url":"https:\/\/miumjau.ee\/","logo":{"@type":"ImageObject","inLanguage":"lt-LT","@id":"https:\/\/miumjau.ee\/#\/schema\/logo\/image\/","url":"https:\/\/miumjau.ee\/wp-content\/uploads\/2022\/04\/MiuMjau-logo-kollane.png","contentUrl":"https:\/\/miumjau.ee\/wp-content\/uploads\/2022\/04\/MiuMjau-logo-kollane.png","width":219,"height":100,"caption":"MiuMjau O\u00dc"},"image":{"@id":"https:\/\/miumjau.ee\/#\/schema\/logo\/image\/"},"sameAs":["https:\/\/www.facebook.com\/miumjaupood\/"]}]}},"_links":{"self":[{"href":"https:\/\/miumjau.ee\/lt\/wp-json\/wp\/v2\/product\/49383","targetHints":{"allow":["GET"]}}],"collection":[{"href":"https:\/\/miumjau.ee\/lt\/wp-json\/wp\/v2\/product"}],"about":[{"href":"https:\/\/miumjau.ee\/lt\/wp-json\/wp\/v2\/types\/product"}],"wp:featuredmedia":[{"embeddable":true,"href":"https:\/\/miumjau.ee\/lt\/wp-json\/wp\/v2\/media\/49372"}],"wp:attachment":[{"href":"https:\/\/miumjau.ee\/lt\/wp-json\/wp\/v2\/media?parent=49383"}],"wp:term":[{"taxonomy":"product_brand","embeddable":true,"href":"https:\/\/miumjau.ee\/lt\/wp-json\/wp\/v2\/product_brand?post=49383"},{"taxonomy":"product_cat","embeddable":true,"href":"https:\/\/miumjau.ee\/lt\/wp-json\/wp\/v2\/product_cat?post=49383"},{"taxonomy":"product_tag","embeddable":true,"href":"https:\/\/miumjau.ee\/lt\/wp-json\/wp\/v2\/product_tag?post=49383"}],"curies":[{"name":"wp","href":"https:\/\/api.w.org\/{rel}","templated":true}]}}