{"id":49369,"date":"2025-06-18T11:10:13","date_gmt":"2025-06-18T08:10:13","guid":{"rendered":"https:\/\/miumjau.ee\/toode\/bugalugs-kudikiu-pudros-kvapo-sampunas-baby-fresh-250-ml\/"},"modified":"2026-01-07T20:43:30","modified_gmt":"2026-01-07T18:43:30","slug":"bugalugs-kudikiu-pudros-kvapo-sampunas-baby-fresh-250-ml","status":"publish","type":"product","link":"https:\/\/miumjau.ee\/lt\/produktas\/bugalugs-kudikiu-pudros-kvapo-sampunas-baby-fresh-250-ml\/","title":{"rendered":"Bugalugs K\u016bdiki\u0173 Pudros Kvapo \u0160amp\u016bnas Baby Fresh 250 ml"},"content":{"rendered":"","protected":false},"excerpt":{"rendered":"<p data-start=\"2431\" data-end=\"2728\">\u0160is nostalgi\u0161kas k\u016bdiki\u0173 pudros kvapo \u0161amp\u016bnas puikiai tinka pa\u0161alinti nemalonius kvapus i\u0161 \u0161un\u0173 kailio. \u0160velnus, pH subalansuotas \u0161amp\u016bnas valo kail\u012f giliai, nealergizuoja odos, palikdamas kail\u012f \u0161var\u0173, mink\u0161t\u0105 ir neatsispiriamai kvepiant\u012f. Tinka \u0161unims nuo 8 savai\u010di\u0173 am\u017eiaus ir vis\u0173 kailio tip\u0173.<\/p>\n<p data-start=\"2730\" data-end=\"3040\"><strong data-start=\"2730\" data-end=\"2745\">Naudojimas:<\/strong> Sudr\u0117kinkite \u0161uns kail\u012f \u0161iltu vandeniu. Galima skiesti santykiu 20:1 (u\u017etenka ilgam laikui). U\u017etepkite \u0161amp\u016bn\u0105 ant kailio, i\u0161plaukite putomis ir kruop\u0161\u010diai nuskalaukite. Tada nusausinkite. Venkite patekimo \u012f akis \u2013 patekus, kruop\u0161\u010diai praplauti vandeniu. Laikyti vaikams nepasiekiamoje vietoje.<\/p>\n<p data-start=\"3042\" data-end=\"3080\" data-is-last-node=\"\" data-is-only-node=\"\"><strong data-start=\"3042\" data-end=\"3057\">Gamintojas:<\/strong> Lakeland Cosmetics, UK<\/p>\n","protected":false},"featured_media":49366,"template":"","meta":[],"product_brand":[],"product_cat":[542],"product_tag":[],"class_list":{"0":"post-49369","1":"product","2":"type-product","3":"status-publish","4":"has-post-thumbnail","6":"product_cat-prieziuros-priemones-sunims","8":"first","9":"instock","10":"taxable","11":"shipping-taxable","12":"purchasable","13":"product-type-simple"},"yoast_head":"<!-- This site is optimized with the Yoast SEO plugin v27.2 - https:\/\/yoast.com\/product\/yoast-seo-wordpress\/ -->\n<title>Bugalugs K\u016bdiki\u0173 Pudros Kvapo \u0160amp\u016bnas Baby Fresh 250 ml - MiuMjau<\/title>\n<meta name=\"robots\" content=\"index, follow, max-snippet:-1, max-image-preview:large, max-video-preview:-1\" \/>\n<link rel=\"canonical\" href=\"https:\/\/miumjau.ee\/lt\/produktas\/bugalugs-kudikiu-pudros-kvapo-sampunas-baby-fresh-250-ml\/\" \/>\n<meta property=\"og:locale\" content=\"lt_LT\" \/>\n<meta property=\"og:type\" content=\"article\" \/>\n<meta property=\"og:title\" content=\"Bugalugs K\u016bdiki\u0173 Pudros Kvapo \u0160amp\u016bnas Baby Fresh 250 ml - MiuMjau\" \/>\n<meta property=\"og:description\" content=\"\u0160is nostalgi\u0161kas k\u016bdiki\u0173 pudros kvapo \u0161amp\u016bnas puikiai tinka pa\u0161alinti nemalonius kvapus i\u0161 \u0161un\u0173 kailio. \u0160velnus, pH subalansuotas \u0161amp\u016bnas valo kail\u012f giliai, nealergizuoja odos, palikdamas kail\u012f \u0161var\u0173, mink\u0161t\u0105 ir neatsispiriamai kvepiant\u012f. Tinka \u0161unims nuo 8 savai\u010di\u0173 am\u017eiaus ir vis\u0173 kailio tip\u0173. Naudojimas: Sudr\u0117kinkite \u0161uns kail\u012f \u0161iltu vandeniu. Galima skiesti santykiu 20:1 (u\u017etenka ilgam laikui). U\u017etepkite \u0161amp\u016bn\u0105 ant kailio, i\u0161plaukite putomis ir kruop\u0161\u010diai nuskalaukite. Tada nusausinkite. Venkite patekimo \u012f akis \u2013 patekus, kruop\u0161\u010diai praplauti vandeniu. Laikyti vaikams nepasiekiamoje vietoje. Gamintojas: Lakeland Cosmetics, UK\" \/>\n<meta property=\"og:url\" content=\"https:\/\/miumjau.ee\/lt\/produktas\/bugalugs-kudikiu-pudros-kvapo-sampunas-baby-fresh-250-ml\/\" \/>\n<meta property=\"og:site_name\" content=\"MiuMjau\" \/>\n<meta property=\"article:publisher\" content=\"https:\/\/www.facebook.com\/miumjaupood\/\" \/>\n<meta property=\"article:modified_time\" content=\"2026-01-07T18:43:30+00:00\" \/>\n<meta property=\"og:image\" content=\"https:\/\/miumjau.ee\/wp-content\/uploads\/2025\/06\/bugalugs-koerte-sampoon-babyfresh-250ml.jpg\" \/>\n\t<meta property=\"og:image:width\" content=\"600\" \/>\n\t<meta property=\"og:image:height\" content=\"800\" \/>\n\t<meta property=\"og:image:type\" content=\"image\/jpeg\" \/>\n<meta name=\"twitter:card\" content=\"summary_large_image\" \/>\n<script type=\"application\/ld+json\" class=\"yoast-schema-graph\">{\"@context\":\"https:\/\/schema.org\",\"@graph\":[{\"@type\":\"WebPage\",\"@id\":\"https:\/\/miumjau.ee\/lt\/produktas\/bugalugs-kudikiu-pudros-kvapo-sampunas-baby-fresh-250-ml\/\",\"url\":\"https:\/\/miumjau.ee\/lt\/produktas\/bugalugs-kudikiu-pudros-kvapo-sampunas-baby-fresh-250-ml\/\",\"name\":\"Bugalugs K\u016bdiki\u0173 Pudros Kvapo \u0160amp\u016bnas Baby Fresh 250 ml - MiuMjau\",\"isPartOf\":{\"@id\":\"https:\/\/miumjau.ee\/#website\"},\"primaryImageOfPage\":{\"@id\":\"https:\/\/miumjau.ee\/lt\/produktas\/bugalugs-kudikiu-pudros-kvapo-sampunas-baby-fresh-250-ml\/#primaryimage\"},\"image\":{\"@id\":\"https:\/\/miumjau.ee\/lt\/produktas\/bugalugs-kudikiu-pudros-kvapo-sampunas-baby-fresh-250-ml\/#primaryimage\"},\"thumbnailUrl\":\"https:\/\/miumjau.ee\/wp-content\/uploads\/2025\/06\/bugalugs-koerte-sampoon-babyfresh-250ml.jpg\",\"datePublished\":\"2025-06-18T08:10:13+00:00\",\"dateModified\":\"2026-01-07T18:43:30+00:00\",\"breadcrumb\":{\"@id\":\"https:\/\/miumjau.ee\/lt\/produktas\/bugalugs-kudikiu-pudros-kvapo-sampunas-baby-fresh-250-ml\/#breadcrumb\"},\"inLanguage\":\"lt-LT\",\"potentialAction\":[{\"@type\":\"ReadAction\",\"target\":[\"https:\/\/miumjau.ee\/lt\/produktas\/bugalugs-kudikiu-pudros-kvapo-sampunas-baby-fresh-250-ml\/\"]}]},{\"@type\":\"ImageObject\",\"inLanguage\":\"lt-LT\",\"@id\":\"https:\/\/miumjau.ee\/lt\/produktas\/bugalugs-kudikiu-pudros-kvapo-sampunas-baby-fresh-250-ml\/#primaryimage\",\"url\":\"https:\/\/miumjau.ee\/wp-content\/uploads\/2025\/06\/bugalugs-koerte-sampoon-babyfresh-250ml.jpg\",\"contentUrl\":\"https:\/\/miumjau.ee\/wp-content\/uploads\/2025\/06\/bugalugs-koerte-sampoon-babyfresh-250ml.jpg\",\"width\":600,\"height\":800},{\"@type\":\"BreadcrumbList\",\"@id\":\"https:\/\/miumjau.ee\/lt\/produktas\/bugalugs-kudikiu-pudros-kvapo-sampunas-baby-fresh-250-ml\/#breadcrumb\",\"itemListElement\":[{\"@type\":\"ListItem\",\"position\":1,\"name\":\"Home\",\"item\":\"https:\/\/miumjau.ee\/lt\/\"},{\"@type\":\"ListItem\",\"position\":2,\"name\":\"Parduotuv\u0117\",\"item\":\"https:\/\/miumjau.ee\/lt\/parduotuve\/\"},{\"@type\":\"ListItem\",\"position\":3,\"name\":\"Bugalugs K\u016bdiki\u0173 Pudros Kvapo \u0160amp\u016bnas Baby Fresh 250 ml\"}]},{\"@type\":\"WebSite\",\"@id\":\"https:\/\/miumjau.ee\/#website\",\"url\":\"https:\/\/miumjau.ee\/\",\"name\":\"MiuMjau\",\"description\":\"Kraapimispuud kassidele\",\"publisher\":{\"@id\":\"https:\/\/miumjau.ee\/#organization\"},\"potentialAction\":[{\"@type\":\"SearchAction\",\"target\":{\"@type\":\"EntryPoint\",\"urlTemplate\":\"https:\/\/miumjau.ee\/?s={search_term_string}\"},\"query-input\":{\"@type\":\"PropertyValueSpecification\",\"valueRequired\":true,\"valueName\":\"search_term_string\"}}],\"inLanguage\":\"lt-LT\"},{\"@type\":\"Organization\",\"@id\":\"https:\/\/miumjau.ee\/#organization\",\"name\":\"MiuMjau O\u00dc\",\"url\":\"https:\/\/miumjau.ee\/\",\"logo\":{\"@type\":\"ImageObject\",\"inLanguage\":\"lt-LT\",\"@id\":\"https:\/\/miumjau.ee\/#\/schema\/logo\/image\/\",\"url\":\"https:\/\/miumjau.ee\/wp-content\/uploads\/2022\/04\/MiuMjau-logo-kollane.png\",\"contentUrl\":\"https:\/\/miumjau.ee\/wp-content\/uploads\/2022\/04\/MiuMjau-logo-kollane.png\",\"width\":219,\"height\":100,\"caption\":\"MiuMjau O\u00dc\"},\"image\":{\"@id\":\"https:\/\/miumjau.ee\/#\/schema\/logo\/image\/\"},\"sameAs\":[\"https:\/\/www.facebook.com\/miumjaupood\/\"]}]}<\/script>\n<!-- \/ Yoast SEO plugin. -->","yoast_head_json":{"title":"Bugalugs K\u016bdiki\u0173 Pudros Kvapo \u0160amp\u016bnas Baby Fresh 250 ml - MiuMjau","robots":{"index":"index","follow":"follow","max-snippet":"max-snippet:-1","max-image-preview":"max-image-preview:large","max-video-preview":"max-video-preview:-1"},"canonical":"https:\/\/miumjau.ee\/lt\/produktas\/bugalugs-kudikiu-pudros-kvapo-sampunas-baby-fresh-250-ml\/","og_locale":"lt_LT","og_type":"article","og_title":"Bugalugs K\u016bdiki\u0173 Pudros Kvapo \u0160amp\u016bnas Baby Fresh 250 ml - MiuMjau","og_description":"\u0160is nostalgi\u0161kas k\u016bdiki\u0173 pudros kvapo \u0161amp\u016bnas puikiai tinka pa\u0161alinti nemalonius kvapus i\u0161 \u0161un\u0173 kailio. \u0160velnus, pH subalansuotas \u0161amp\u016bnas valo kail\u012f giliai, nealergizuoja odos, palikdamas kail\u012f \u0161var\u0173, mink\u0161t\u0105 ir neatsispiriamai kvepiant\u012f. Tinka \u0161unims nuo 8 savai\u010di\u0173 am\u017eiaus ir vis\u0173 kailio tip\u0173. Naudojimas: Sudr\u0117kinkite \u0161uns kail\u012f \u0161iltu vandeniu. Galima skiesti santykiu 20:1 (u\u017etenka ilgam laikui). U\u017etepkite \u0161amp\u016bn\u0105 ant kailio, i\u0161plaukite putomis ir kruop\u0161\u010diai nuskalaukite. Tada nusausinkite. Venkite patekimo \u012f akis \u2013 patekus, kruop\u0161\u010diai praplauti vandeniu. Laikyti vaikams nepasiekiamoje vietoje. Gamintojas: Lakeland Cosmetics, UK","og_url":"https:\/\/miumjau.ee\/lt\/produktas\/bugalugs-kudikiu-pudros-kvapo-sampunas-baby-fresh-250-ml\/","og_site_name":"MiuMjau","article_publisher":"https:\/\/www.facebook.com\/miumjaupood\/","article_modified_time":"2026-01-07T18:43:30+00:00","og_image":[{"width":600,"height":800,"url":"https:\/\/miumjau.ee\/wp-content\/uploads\/2025\/06\/bugalugs-koerte-sampoon-babyfresh-250ml.jpg","type":"image\/jpeg"}],"twitter_card":"summary_large_image","schema":{"@context":"https:\/\/schema.org","@graph":[{"@type":"WebPage","@id":"https:\/\/miumjau.ee\/lt\/produktas\/bugalugs-kudikiu-pudros-kvapo-sampunas-baby-fresh-250-ml\/","url":"https:\/\/miumjau.ee\/lt\/produktas\/bugalugs-kudikiu-pudros-kvapo-sampunas-baby-fresh-250-ml\/","name":"Bugalugs K\u016bdiki\u0173 Pudros Kvapo \u0160amp\u016bnas Baby Fresh 250 ml - MiuMjau","isPartOf":{"@id":"https:\/\/miumjau.ee\/#website"},"primaryImageOfPage":{"@id":"https:\/\/miumjau.ee\/lt\/produktas\/bugalugs-kudikiu-pudros-kvapo-sampunas-baby-fresh-250-ml\/#primaryimage"},"image":{"@id":"https:\/\/miumjau.ee\/lt\/produktas\/bugalugs-kudikiu-pudros-kvapo-sampunas-baby-fresh-250-ml\/#primaryimage"},"thumbnailUrl":"https:\/\/miumjau.ee\/wp-content\/uploads\/2025\/06\/bugalugs-koerte-sampoon-babyfresh-250ml.jpg","datePublished":"2025-06-18T08:10:13+00:00","dateModified":"2026-01-07T18:43:30+00:00","breadcrumb":{"@id":"https:\/\/miumjau.ee\/lt\/produktas\/bugalugs-kudikiu-pudros-kvapo-sampunas-baby-fresh-250-ml\/#breadcrumb"},"inLanguage":"lt-LT","potentialAction":[{"@type":"ReadAction","target":["https:\/\/miumjau.ee\/lt\/produktas\/bugalugs-kudikiu-pudros-kvapo-sampunas-baby-fresh-250-ml\/"]}]},{"@type":"ImageObject","inLanguage":"lt-LT","@id":"https:\/\/miumjau.ee\/lt\/produktas\/bugalugs-kudikiu-pudros-kvapo-sampunas-baby-fresh-250-ml\/#primaryimage","url":"https:\/\/miumjau.ee\/wp-content\/uploads\/2025\/06\/bugalugs-koerte-sampoon-babyfresh-250ml.jpg","contentUrl":"https:\/\/miumjau.ee\/wp-content\/uploads\/2025\/06\/bugalugs-koerte-sampoon-babyfresh-250ml.jpg","width":600,"height":800},{"@type":"BreadcrumbList","@id":"https:\/\/miumjau.ee\/lt\/produktas\/bugalugs-kudikiu-pudros-kvapo-sampunas-baby-fresh-250-ml\/#breadcrumb","itemListElement":[{"@type":"ListItem","position":1,"name":"Home","item":"https:\/\/miumjau.ee\/lt\/"},{"@type":"ListItem","position":2,"name":"Parduotuv\u0117","item":"https:\/\/miumjau.ee\/lt\/parduotuve\/"},{"@type":"ListItem","position":3,"name":"Bugalugs K\u016bdiki\u0173 Pudros Kvapo \u0160amp\u016bnas Baby Fresh 250 ml"}]},{"@type":"WebSite","@id":"https:\/\/miumjau.ee\/#website","url":"https:\/\/miumjau.ee\/","name":"MiuMjau","description":"Kraapimispuud kassidele","publisher":{"@id":"https:\/\/miumjau.ee\/#organization"},"potentialAction":[{"@type":"SearchAction","target":{"@type":"EntryPoint","urlTemplate":"https:\/\/miumjau.ee\/?s={search_term_string}"},"query-input":{"@type":"PropertyValueSpecification","valueRequired":true,"valueName":"search_term_string"}}],"inLanguage":"lt-LT"},{"@type":"Organization","@id":"https:\/\/miumjau.ee\/#organization","name":"MiuMjau O\u00dc","url":"https:\/\/miumjau.ee\/","logo":{"@type":"ImageObject","inLanguage":"lt-LT","@id":"https:\/\/miumjau.ee\/#\/schema\/logo\/image\/","url":"https:\/\/miumjau.ee\/wp-content\/uploads\/2022\/04\/MiuMjau-logo-kollane.png","contentUrl":"https:\/\/miumjau.ee\/wp-content\/uploads\/2022\/04\/MiuMjau-logo-kollane.png","width":219,"height":100,"caption":"MiuMjau O\u00dc"},"image":{"@id":"https:\/\/miumjau.ee\/#\/schema\/logo\/image\/"},"sameAs":["https:\/\/www.facebook.com\/miumjaupood\/"]}]}},"_links":{"self":[{"href":"https:\/\/miumjau.ee\/lt\/wp-json\/wp\/v2\/product\/49369","targetHints":{"allow":["GET"]}}],"collection":[{"href":"https:\/\/miumjau.ee\/lt\/wp-json\/wp\/v2\/product"}],"about":[{"href":"https:\/\/miumjau.ee\/lt\/wp-json\/wp\/v2\/types\/product"}],"wp:featuredmedia":[{"embeddable":true,"href":"https:\/\/miumjau.ee\/lt\/wp-json\/wp\/v2\/media\/49366"}],"wp:attachment":[{"href":"https:\/\/miumjau.ee\/lt\/wp-json\/wp\/v2\/media?parent=49369"}],"wp:term":[{"taxonomy":"product_brand","embeddable":true,"href":"https:\/\/miumjau.ee\/lt\/wp-json\/wp\/v2\/product_brand?post=49369"},{"taxonomy":"product_cat","embeddable":true,"href":"https:\/\/miumjau.ee\/lt\/wp-json\/wp\/v2\/product_cat?post=49369"},{"taxonomy":"product_tag","embeddable":true,"href":"https:\/\/miumjau.ee\/lt\/wp-json\/wp\/v2\/product_tag?post=49369"}],"curies":[{"name":"wp","href":"https:\/\/api.w.org\/{rel}","templated":true}]}}