{"id":49363,"date":"2025-06-18T11:19:28","date_gmt":"2025-06-18T08:19:28","guid":{"rendered":"https:\/\/miumjau.ee\/toode\/bugalugs-papajos-ir-kokoso-kvapo-kondicionierius-sunims-500-ml\/"},"modified":"2026-01-07T20:43:30","modified_gmt":"2026-01-07T18:43:30","slug":"bugalugs-papajos-ir-kokoso-kvapo-kondicionierius-sunims-500-ml","status":"publish","type":"product","link":"https:\/\/miumjau.ee\/lt\/produktas\/bugalugs-papajos-ir-kokoso-kvapo-kondicionierius-sunims-500-ml\/","title":{"rendered":"Bugalugs Papajos ir Kokoso Kvapo Kondicionierius \u0160unims 500 ml"},"content":{"rendered":"","protected":false},"excerpt":{"rendered":"<p data-start=\"5099\" data-end=\"5344\">\u201eBugalugs\u201c papajos ir kokoso kvapo kondicionierius \u0161unims yra puikus papildymas j\u016bs\u0173 augintinio prie\u017ei\u016bros rutinai. \u0160is maitinamasis kondicionierius \u0161velniai dr\u0117kina od\u0105 ir atkuria kailio \u017evilges\u012f, suteikdamas prabang\u0173 papajos ir kokoso aromat\u0105.<\/p>\n<p data-start=\"5346\" data-end=\"5553\">Nat\u016bralios sud\u0117ties kondicionierius padeda i\u0161vengti s\u0105v\u0117l\u0173, tuo pa\u010diu dr\u0117kindamas od\u0105 ir kail\u012f, kad b\u016bt\u0173 pasiektas i\u0161skirtinis blizgesys. Idealiai tinka naudoti kartu su \u201eBugalugs\u201c papajos ir kokoso \u0161amp\u016bnu.<\/p>\n<p data-start=\"5555\" data-end=\"5767\">Kondicionierius praturtintas nat\u016braliais aliejais ir ekstraktais bei sukurtas vis\u0173 tip\u0173 kailiui. Maitinamoji formul\u0117 saugi sausai ir jautriai odai, paliekanti kail\u012f \u0161ilkin\u012f, glotn\u0173 ir blizgant\u012f be riebi\u0173 liku\u010di\u0173.<\/p>\n<p data-start=\"5769\" data-end=\"6129\"><strong data-start=\"5769\" data-end=\"5784\">Naudojimas:<\/strong> Po plovimo \u201eBugalugs\u201c \u0161amp\u016bnu gausiai u\u017etepkite kondicionieriaus ant \u0161uns kailio nuo galvos iki uodegos. \u012emasa\u017euokite ir palikite veikti 3\u20135 minutes. Kruop\u0161\u010diai nuskalaukite. Tinka \u0161unims nuo 8 savai\u010di\u0173 am\u017eiaus ir vis\u0173 tip\u0173 kailiui. Venkite patekimo \u012f akis \u2013 jei taip nutikt\u0173, gausiai praplauti vandeniu. Laikyti vaikams nepasiekiamoje vietoje.<\/p>\n<p data-start=\"6131\" data-end=\"6634\"><strong data-start=\"6131\" data-end=\"6143\">Sud\u0117tis:<\/strong> Aqua, Glycerin, Cetearyl Alcohol, Cetrimonium Chloride, Prunus Amygdalus Dulcis (Sald\u017ei\u0173j\u0173 migdol\u0173) Oil, Lecithin, Methylpropanediol, Caesalpinia Spinosa Gum, Parfum, Vitis Vinifera (Vynuogi\u0173) Seed Oil, Caprylyl Glycol, Anhydryl Glycol, Guar Hydroxypropyltrimonium Chloride, Tocopherol, Arginine, Saul\u0117gr\u0105\u017e\u0173 s\u0117kl\u0173 aliejus, Phenylpropanol, Citric Acid, Sodium Citrate, Cocos Nucifera (Kokoso) Oil, Papajos Fruit Extract, Avi\u017e\u0173 branduoli\u0173 miltai, Ridik\u0117li\u0173 \u0161akn\u0173 fermento filtratas, CI 14700.<\/p>\n<p data-start=\"6636\" data-end=\"6670\" data-is-last-node=\"\" data-is-only-node=\"\"><strong data-start=\"6636\" data-end=\"6651\">Gamintojas:<\/strong> Lakeland Cosmetics<\/p>\n","protected":false},"featured_media":49360,"template":"","meta":[],"product_brand":[],"product_cat":[542],"product_tag":[],"class_list":{"0":"post-49363","1":"product","2":"type-product","3":"status-publish","4":"has-post-thumbnail","6":"product_cat-prieziuros-priemones-sunims","8":"first","9":"instock","10":"taxable","11":"shipping-taxable","12":"purchasable","13":"product-type-simple"},"yoast_head":"<!-- This site is optimized with the Yoast SEO plugin v27.2 - https:\/\/yoast.com\/product\/yoast-seo-wordpress\/ -->\n<title>Bugalugs Papajos ir Kokoso Kvapo Kondicionierius \u0160unims 500 ml - MiuMjau<\/title>\n<meta name=\"robots\" content=\"index, follow, max-snippet:-1, max-image-preview:large, max-video-preview:-1\" \/>\n<link rel=\"canonical\" href=\"https:\/\/miumjau.ee\/lt\/produktas\/bugalugs-papajos-ir-kokoso-kvapo-kondicionierius-sunims-500-ml\/\" \/>\n<meta property=\"og:locale\" content=\"lt_LT\" \/>\n<meta property=\"og:type\" content=\"article\" \/>\n<meta property=\"og:title\" content=\"Bugalugs Papajos ir Kokoso Kvapo Kondicionierius \u0160unims 500 ml - MiuMjau\" \/>\n<meta property=\"og:description\" content=\"\u201eBugalugs\u201c papajos ir kokoso kvapo kondicionierius \u0161unims yra puikus papildymas j\u016bs\u0173 augintinio prie\u017ei\u016bros rutinai. \u0160is maitinamasis kondicionierius \u0161velniai dr\u0117kina od\u0105 ir atkuria kailio \u017evilges\u012f, suteikdamas prabang\u0173 papajos ir kokoso aromat\u0105. Nat\u016bralios sud\u0117ties kondicionierius padeda i\u0161vengti s\u0105v\u0117l\u0173, tuo pa\u010diu dr\u0117kindamas od\u0105 ir kail\u012f, kad b\u016bt\u0173 pasiektas i\u0161skirtinis blizgesys. Idealiai tinka naudoti kartu su \u201eBugalugs\u201c papajos ir kokoso \u0161amp\u016bnu. Kondicionierius praturtintas nat\u016braliais aliejais ir ekstraktais bei sukurtas vis\u0173 tip\u0173 kailiui. Maitinamoji formul\u0117 saugi sausai ir jautriai odai, paliekanti kail\u012f \u0161ilkin\u012f, glotn\u0173 ir blizgant\u012f be riebi\u0173 liku\u010di\u0173. Naudojimas: Po plovimo \u201eBugalugs\u201c \u0161amp\u016bnu gausiai u\u017etepkite kondicionieriaus ant \u0161uns kailio nuo galvos iki uodegos. \u012emasa\u017euokite ir palikite veikti 3\u20135 minutes. Kruop\u0161\u010diai nuskalaukite. Tinka \u0161unims nuo 8 savai\u010di\u0173 am\u017eiaus ir vis\u0173 tip\u0173 kailiui. Venkite patekimo \u012f akis \u2013 jei taip nutikt\u0173, gausiai praplauti vandeniu. Laikyti vaikams nepasiekiamoje vietoje. Sud\u0117tis: Aqua, Glycerin, Cetearyl Alcohol, Cetrimonium Chloride, Prunus Amygdalus Dulcis (Sald\u017ei\u0173j\u0173 migdol\u0173) Oil, Lecithin, Methylpropanediol, Caesalpinia Spinosa Gum, Parfum, Vitis Vinifera (Vynuogi\u0173) Seed Oil, Caprylyl Glycol, Anhydryl Glycol, Guar Hydroxypropyltrimonium Chloride, Tocopherol, Arginine, Saul\u0117gr\u0105\u017e\u0173 s\u0117kl\u0173 aliejus, Phenylpropanol, Citric Acid, Sodium Citrate, Cocos Nucifera (Kokoso) Oil, Papajos Fruit Extract, Avi\u017e\u0173 branduoli\u0173 miltai, Ridik\u0117li\u0173 \u0161akn\u0173 fermento filtratas, CI 14700. Gamintojas: Lakeland Cosmetics\" \/>\n<meta property=\"og:url\" content=\"https:\/\/miumjau.ee\/lt\/produktas\/bugalugs-papajos-ir-kokoso-kvapo-kondicionierius-sunims-500-ml\/\" \/>\n<meta property=\"og:site_name\" content=\"MiuMjau\" \/>\n<meta property=\"article:publisher\" content=\"https:\/\/www.facebook.com\/miumjaupood\/\" \/>\n<meta property=\"article:modified_time\" content=\"2026-01-07T18:43:30+00:00\" \/>\n<meta property=\"og:image\" content=\"https:\/\/miumjau.ee\/wp-content\/uploads\/2025\/06\/bugalugs-koerte-palsam-papaia-kookos-500ml3.jpg\" \/>\n\t<meta property=\"og:image:width\" content=\"600\" \/>\n\t<meta property=\"og:image:height\" content=\"800\" \/>\n\t<meta property=\"og:image:type\" content=\"image\/jpeg\" \/>\n<meta name=\"twitter:card\" content=\"summary_large_image\" \/>\n<script type=\"application\/ld+json\" class=\"yoast-schema-graph\">{\"@context\":\"https:\/\/schema.org\",\"@graph\":[{\"@type\":\"WebPage\",\"@id\":\"https:\/\/miumjau.ee\/lt\/produktas\/bugalugs-papajos-ir-kokoso-kvapo-kondicionierius-sunims-500-ml\/\",\"url\":\"https:\/\/miumjau.ee\/lt\/produktas\/bugalugs-papajos-ir-kokoso-kvapo-kondicionierius-sunims-500-ml\/\",\"name\":\"Bugalugs Papajos ir Kokoso Kvapo Kondicionierius \u0160unims 500 ml - MiuMjau\",\"isPartOf\":{\"@id\":\"https:\/\/miumjau.ee\/#website\"},\"primaryImageOfPage\":{\"@id\":\"https:\/\/miumjau.ee\/lt\/produktas\/bugalugs-papajos-ir-kokoso-kvapo-kondicionierius-sunims-500-ml\/#primaryimage\"},\"image\":{\"@id\":\"https:\/\/miumjau.ee\/lt\/produktas\/bugalugs-papajos-ir-kokoso-kvapo-kondicionierius-sunims-500-ml\/#primaryimage\"},\"thumbnailUrl\":\"https:\/\/miumjau.ee\/wp-content\/uploads\/2025\/06\/bugalugs-koerte-palsam-papaia-kookos-500ml3.jpg\",\"datePublished\":\"2025-06-18T08:19:28+00:00\",\"dateModified\":\"2026-01-07T18:43:30+00:00\",\"breadcrumb\":{\"@id\":\"https:\/\/miumjau.ee\/lt\/produktas\/bugalugs-papajos-ir-kokoso-kvapo-kondicionierius-sunims-500-ml\/#breadcrumb\"},\"inLanguage\":\"lt-LT\",\"potentialAction\":[{\"@type\":\"ReadAction\",\"target\":[\"https:\/\/miumjau.ee\/lt\/produktas\/bugalugs-papajos-ir-kokoso-kvapo-kondicionierius-sunims-500-ml\/\"]}]},{\"@type\":\"ImageObject\",\"inLanguage\":\"lt-LT\",\"@id\":\"https:\/\/miumjau.ee\/lt\/produktas\/bugalugs-papajos-ir-kokoso-kvapo-kondicionierius-sunims-500-ml\/#primaryimage\",\"url\":\"https:\/\/miumjau.ee\/wp-content\/uploads\/2025\/06\/bugalugs-koerte-palsam-papaia-kookos-500ml3.jpg\",\"contentUrl\":\"https:\/\/miumjau.ee\/wp-content\/uploads\/2025\/06\/bugalugs-koerte-palsam-papaia-kookos-500ml3.jpg\",\"width\":600,\"height\":800},{\"@type\":\"BreadcrumbList\",\"@id\":\"https:\/\/miumjau.ee\/lt\/produktas\/bugalugs-papajos-ir-kokoso-kvapo-kondicionierius-sunims-500-ml\/#breadcrumb\",\"itemListElement\":[{\"@type\":\"ListItem\",\"position\":1,\"name\":\"Home\",\"item\":\"https:\/\/miumjau.ee\/lt\/\"},{\"@type\":\"ListItem\",\"position\":2,\"name\":\"Parduotuv\u0117\",\"item\":\"https:\/\/miumjau.ee\/lt\/parduotuve\/\"},{\"@type\":\"ListItem\",\"position\":3,\"name\":\"Bugalugs Papajos ir Kokoso Kvapo Kondicionierius \u0160unims 500 ml\"}]},{\"@type\":\"WebSite\",\"@id\":\"https:\/\/miumjau.ee\/#website\",\"url\":\"https:\/\/miumjau.ee\/\",\"name\":\"MiuMjau\",\"description\":\"Kraapimispuud kassidele\",\"publisher\":{\"@id\":\"https:\/\/miumjau.ee\/#organization\"},\"potentialAction\":[{\"@type\":\"SearchAction\",\"target\":{\"@type\":\"EntryPoint\",\"urlTemplate\":\"https:\/\/miumjau.ee\/?s={search_term_string}\"},\"query-input\":{\"@type\":\"PropertyValueSpecification\",\"valueRequired\":true,\"valueName\":\"search_term_string\"}}],\"inLanguage\":\"lt-LT\"},{\"@type\":\"Organization\",\"@id\":\"https:\/\/miumjau.ee\/#organization\",\"name\":\"MiuMjau O\u00dc\",\"url\":\"https:\/\/miumjau.ee\/\",\"logo\":{\"@type\":\"ImageObject\",\"inLanguage\":\"lt-LT\",\"@id\":\"https:\/\/miumjau.ee\/#\/schema\/logo\/image\/\",\"url\":\"https:\/\/miumjau.ee\/wp-content\/uploads\/2022\/04\/MiuMjau-logo-kollane.png\",\"contentUrl\":\"https:\/\/miumjau.ee\/wp-content\/uploads\/2022\/04\/MiuMjau-logo-kollane.png\",\"width\":219,\"height\":100,\"caption\":\"MiuMjau O\u00dc\"},\"image\":{\"@id\":\"https:\/\/miumjau.ee\/#\/schema\/logo\/image\/\"},\"sameAs\":[\"https:\/\/www.facebook.com\/miumjaupood\/\"]}]}<\/script>\n<!-- \/ Yoast SEO plugin. -->","yoast_head_json":{"title":"Bugalugs Papajos ir Kokoso Kvapo Kondicionierius \u0160unims 500 ml - MiuMjau","robots":{"index":"index","follow":"follow","max-snippet":"max-snippet:-1","max-image-preview":"max-image-preview:large","max-video-preview":"max-video-preview:-1"},"canonical":"https:\/\/miumjau.ee\/lt\/produktas\/bugalugs-papajos-ir-kokoso-kvapo-kondicionierius-sunims-500-ml\/","og_locale":"lt_LT","og_type":"article","og_title":"Bugalugs Papajos ir Kokoso Kvapo Kondicionierius \u0160unims 500 ml - MiuMjau","og_description":"\u201eBugalugs\u201c papajos ir kokoso kvapo kondicionierius \u0161unims yra puikus papildymas j\u016bs\u0173 augintinio prie\u017ei\u016bros rutinai. \u0160is maitinamasis kondicionierius \u0161velniai dr\u0117kina od\u0105 ir atkuria kailio \u017evilges\u012f, suteikdamas prabang\u0173 papajos ir kokoso aromat\u0105. Nat\u016bralios sud\u0117ties kondicionierius padeda i\u0161vengti s\u0105v\u0117l\u0173, tuo pa\u010diu dr\u0117kindamas od\u0105 ir kail\u012f, kad b\u016bt\u0173 pasiektas i\u0161skirtinis blizgesys. Idealiai tinka naudoti kartu su \u201eBugalugs\u201c papajos ir kokoso \u0161amp\u016bnu. Kondicionierius praturtintas nat\u016braliais aliejais ir ekstraktais bei sukurtas vis\u0173 tip\u0173 kailiui. Maitinamoji formul\u0117 saugi sausai ir jautriai odai, paliekanti kail\u012f \u0161ilkin\u012f, glotn\u0173 ir blizgant\u012f be riebi\u0173 liku\u010di\u0173. Naudojimas: Po plovimo \u201eBugalugs\u201c \u0161amp\u016bnu gausiai u\u017etepkite kondicionieriaus ant \u0161uns kailio nuo galvos iki uodegos. \u012emasa\u017euokite ir palikite veikti 3\u20135 minutes. Kruop\u0161\u010diai nuskalaukite. Tinka \u0161unims nuo 8 savai\u010di\u0173 am\u017eiaus ir vis\u0173 tip\u0173 kailiui. Venkite patekimo \u012f akis \u2013 jei taip nutikt\u0173, gausiai praplauti vandeniu. Laikyti vaikams nepasiekiamoje vietoje. Sud\u0117tis: Aqua, Glycerin, Cetearyl Alcohol, Cetrimonium Chloride, Prunus Amygdalus Dulcis (Sald\u017ei\u0173j\u0173 migdol\u0173) Oil, Lecithin, Methylpropanediol, Caesalpinia Spinosa Gum, Parfum, Vitis Vinifera (Vynuogi\u0173) Seed Oil, Caprylyl Glycol, Anhydryl Glycol, Guar Hydroxypropyltrimonium Chloride, Tocopherol, Arginine, Saul\u0117gr\u0105\u017e\u0173 s\u0117kl\u0173 aliejus, Phenylpropanol, Citric Acid, Sodium Citrate, Cocos Nucifera (Kokoso) Oil, Papajos Fruit Extract, Avi\u017e\u0173 branduoli\u0173 miltai, Ridik\u0117li\u0173 \u0161akn\u0173 fermento filtratas, CI 14700. Gamintojas: Lakeland Cosmetics","og_url":"https:\/\/miumjau.ee\/lt\/produktas\/bugalugs-papajos-ir-kokoso-kvapo-kondicionierius-sunims-500-ml\/","og_site_name":"MiuMjau","article_publisher":"https:\/\/www.facebook.com\/miumjaupood\/","article_modified_time":"2026-01-07T18:43:30+00:00","og_image":[{"width":600,"height":800,"url":"https:\/\/miumjau.ee\/wp-content\/uploads\/2025\/06\/bugalugs-koerte-palsam-papaia-kookos-500ml3.jpg","type":"image\/jpeg"}],"twitter_card":"summary_large_image","schema":{"@context":"https:\/\/schema.org","@graph":[{"@type":"WebPage","@id":"https:\/\/miumjau.ee\/lt\/produktas\/bugalugs-papajos-ir-kokoso-kvapo-kondicionierius-sunims-500-ml\/","url":"https:\/\/miumjau.ee\/lt\/produktas\/bugalugs-papajos-ir-kokoso-kvapo-kondicionierius-sunims-500-ml\/","name":"Bugalugs Papajos ir Kokoso Kvapo Kondicionierius \u0160unims 500 ml - MiuMjau","isPartOf":{"@id":"https:\/\/miumjau.ee\/#website"},"primaryImageOfPage":{"@id":"https:\/\/miumjau.ee\/lt\/produktas\/bugalugs-papajos-ir-kokoso-kvapo-kondicionierius-sunims-500-ml\/#primaryimage"},"image":{"@id":"https:\/\/miumjau.ee\/lt\/produktas\/bugalugs-papajos-ir-kokoso-kvapo-kondicionierius-sunims-500-ml\/#primaryimage"},"thumbnailUrl":"https:\/\/miumjau.ee\/wp-content\/uploads\/2025\/06\/bugalugs-koerte-palsam-papaia-kookos-500ml3.jpg","datePublished":"2025-06-18T08:19:28+00:00","dateModified":"2026-01-07T18:43:30+00:00","breadcrumb":{"@id":"https:\/\/miumjau.ee\/lt\/produktas\/bugalugs-papajos-ir-kokoso-kvapo-kondicionierius-sunims-500-ml\/#breadcrumb"},"inLanguage":"lt-LT","potentialAction":[{"@type":"ReadAction","target":["https:\/\/miumjau.ee\/lt\/produktas\/bugalugs-papajos-ir-kokoso-kvapo-kondicionierius-sunims-500-ml\/"]}]},{"@type":"ImageObject","inLanguage":"lt-LT","@id":"https:\/\/miumjau.ee\/lt\/produktas\/bugalugs-papajos-ir-kokoso-kvapo-kondicionierius-sunims-500-ml\/#primaryimage","url":"https:\/\/miumjau.ee\/wp-content\/uploads\/2025\/06\/bugalugs-koerte-palsam-papaia-kookos-500ml3.jpg","contentUrl":"https:\/\/miumjau.ee\/wp-content\/uploads\/2025\/06\/bugalugs-koerte-palsam-papaia-kookos-500ml3.jpg","width":600,"height":800},{"@type":"BreadcrumbList","@id":"https:\/\/miumjau.ee\/lt\/produktas\/bugalugs-papajos-ir-kokoso-kvapo-kondicionierius-sunims-500-ml\/#breadcrumb","itemListElement":[{"@type":"ListItem","position":1,"name":"Home","item":"https:\/\/miumjau.ee\/lt\/"},{"@type":"ListItem","position":2,"name":"Parduotuv\u0117","item":"https:\/\/miumjau.ee\/lt\/parduotuve\/"},{"@type":"ListItem","position":3,"name":"Bugalugs Papajos ir Kokoso Kvapo Kondicionierius \u0160unims 500 ml"}]},{"@type":"WebSite","@id":"https:\/\/miumjau.ee\/#website","url":"https:\/\/miumjau.ee\/","name":"MiuMjau","description":"Kraapimispuud kassidele","publisher":{"@id":"https:\/\/miumjau.ee\/#organization"},"potentialAction":[{"@type":"SearchAction","target":{"@type":"EntryPoint","urlTemplate":"https:\/\/miumjau.ee\/?s={search_term_string}"},"query-input":{"@type":"PropertyValueSpecification","valueRequired":true,"valueName":"search_term_string"}}],"inLanguage":"lt-LT"},{"@type":"Organization","@id":"https:\/\/miumjau.ee\/#organization","name":"MiuMjau O\u00dc","url":"https:\/\/miumjau.ee\/","logo":{"@type":"ImageObject","inLanguage":"lt-LT","@id":"https:\/\/miumjau.ee\/#\/schema\/logo\/image\/","url":"https:\/\/miumjau.ee\/wp-content\/uploads\/2022\/04\/MiuMjau-logo-kollane.png","contentUrl":"https:\/\/miumjau.ee\/wp-content\/uploads\/2022\/04\/MiuMjau-logo-kollane.png","width":219,"height":100,"caption":"MiuMjau O\u00dc"},"image":{"@id":"https:\/\/miumjau.ee\/#\/schema\/logo\/image\/"},"sameAs":["https:\/\/www.facebook.com\/miumjaupood\/"]}]}},"_links":{"self":[{"href":"https:\/\/miumjau.ee\/lt\/wp-json\/wp\/v2\/product\/49363","targetHints":{"allow":["GET"]}}],"collection":[{"href":"https:\/\/miumjau.ee\/lt\/wp-json\/wp\/v2\/product"}],"about":[{"href":"https:\/\/miumjau.ee\/lt\/wp-json\/wp\/v2\/types\/product"}],"wp:featuredmedia":[{"embeddable":true,"href":"https:\/\/miumjau.ee\/lt\/wp-json\/wp\/v2\/media\/49360"}],"wp:attachment":[{"href":"https:\/\/miumjau.ee\/lt\/wp-json\/wp\/v2\/media?parent=49363"}],"wp:term":[{"taxonomy":"product_brand","embeddable":true,"href":"https:\/\/miumjau.ee\/lt\/wp-json\/wp\/v2\/product_brand?post=49363"},{"taxonomy":"product_cat","embeddable":true,"href":"https:\/\/miumjau.ee\/lt\/wp-json\/wp\/v2\/product_cat?post=49363"},{"taxonomy":"product_tag","embeddable":true,"href":"https:\/\/miumjau.ee\/lt\/wp-json\/wp\/v2\/product_tag?post=49363"}],"curies":[{"name":"wp","href":"https:\/\/api.w.org\/{rel}","templated":true}]}}