{"id":49345,"date":"2025-06-18T11:35:21","date_gmt":"2025-06-18T08:35:21","guid":{"rendered":"https:\/\/miumjau.ee\/toode\/bugalugs-ausu-valymo-serveteles-sunims-100-vnt\/"},"modified":"2026-01-07T20:43:30","modified_gmt":"2026-01-07T18:43:30","slug":"bugalugs-ausu-valymo-serveteles-sunims-100-vnt","status":"publish","type":"product","link":"https:\/\/miumjau.ee\/lt\/produktas\/bugalugs-ausu-valymo-serveteles-sunims-100-vnt\/","title":{"rendered":"Bugalugs Aus\u0173 Valymo Servet\u0117l\u0117s \u0160unims 100 vnt."},"content":{"rendered":"","protected":false},"excerpt":{"rendered":"<p data-start=\"3162\" data-end=\"3513\">\u201eBugalugs\u201c aus\u0173 valymo servet\u0117l\u0117s padeda palaikyti j\u016bs\u0173 \u0161uns ausis \u0161varias ir sveikas, \u0161velniai ir veiksmingai pa\u0161alindamos ne\u0161varumus d\u0117l nat\u016bralios sud\u0117ties. I\u0161 anksto sudr\u0117kintos servet\u0117l\u0117s yra 100 % biologi\u0161kai suyran\u010dios ir saugios kasdieniam naudojimui kaip \u012fprastos prie\u017ei\u016bros dalis, padedan\u010dios ma\u017einti nie\u017eul\u012f ir palaikyti ger\u0105 aus\u0173 sveikat\u0105.<\/p>\n<p data-start=\"3515\" data-end=\"3929\"><strong data-start=\"3515\" data-end=\"3530\">Naudojimas:<\/strong> \u0160velniai pakelkite \u0161uns aus\u012f ir atsargiai nuvalykite aus\u012f i\u0161or\u0117je ir viduje. Kiekvienai ausiai naudokite nauj\u0105 servet\u0117l\u0119 ir po naudojimo j\u0105 i\u0161meskite. Rekomenduojama naudoti bent kart\u0105 per savait\u0119 aus\u0173 sveikatai palaikyti. Venkite patekimo \u012f akis. Patekus \u012f akis, kruop\u0161\u010diai praplauti vandeniu, o jei dirginimas nepraeina \u2013 kreiptis \u012f veterinarijos gydytoj\u0105. Laikyti vaikams nepasiekiamoje vietoje.<\/p>\n<p data-start=\"3931\" data-end=\"4101\"><strong data-start=\"3931\" data-end=\"3943\">Sud\u0117tis:<\/strong> Aqua, Glycerin, Decyl Glucoside, Bergamo\u010di\u0173 Leaf Extract, Laim\u0173 Fruit Extract, Apelsin\u0173 Fruit Extract, Greipfrut\u0173 Extract, Citrin\u0173 Fruit Extract, Mandarinai.<\/p>\n<p data-start=\"4103\" data-end=\"4137\" data-is-last-node=\"\" data-is-only-node=\"\"><strong data-start=\"4103\" data-end=\"4118\">Gamintojas:<\/strong> Lakeland Cosmetics<\/p>\n","protected":false},"featured_media":49340,"template":"","meta":[],"product_brand":[],"product_cat":[542],"product_tag":[],"class_list":{"0":"post-49345","1":"product","2":"type-product","3":"status-publish","4":"has-post-thumbnail","6":"product_cat-prieziuros-priemones-sunims","8":"first","9":"instock","10":"taxable","11":"shipping-taxable","12":"purchasable","13":"product-type-simple"},"yoast_head":"<!-- This site is optimized with the Yoast SEO plugin v27.2 - https:\/\/yoast.com\/product\/yoast-seo-wordpress\/ -->\n<title>Bugalugs Aus\u0173 Valymo Servet\u0117l\u0117s \u0160unims 100 vnt. - MiuMjau<\/title>\n<meta name=\"robots\" content=\"index, follow, max-snippet:-1, max-image-preview:large, max-video-preview:-1\" \/>\n<link rel=\"canonical\" href=\"https:\/\/miumjau.ee\/lt\/produktas\/bugalugs-ausu-valymo-serveteles-sunims-100-vnt\/\" \/>\n<meta property=\"og:locale\" content=\"lt_LT\" \/>\n<meta property=\"og:type\" content=\"article\" \/>\n<meta property=\"og:title\" content=\"Bugalugs Aus\u0173 Valymo Servet\u0117l\u0117s \u0160unims 100 vnt. - MiuMjau\" \/>\n<meta property=\"og:description\" content=\"\u201eBugalugs\u201c aus\u0173 valymo servet\u0117l\u0117s padeda palaikyti j\u016bs\u0173 \u0161uns ausis \u0161varias ir sveikas, \u0161velniai ir veiksmingai pa\u0161alindamos ne\u0161varumus d\u0117l nat\u016bralios sud\u0117ties. I\u0161 anksto sudr\u0117kintos servet\u0117l\u0117s yra 100 % biologi\u0161kai suyran\u010dios ir saugios kasdieniam naudojimui kaip \u012fprastos prie\u017ei\u016bros dalis, padedan\u010dios ma\u017einti nie\u017eul\u012f ir palaikyti ger\u0105 aus\u0173 sveikat\u0105. Naudojimas: \u0160velniai pakelkite \u0161uns aus\u012f ir atsargiai nuvalykite aus\u012f i\u0161or\u0117je ir viduje. Kiekvienai ausiai naudokite nauj\u0105 servet\u0117l\u0119 ir po naudojimo j\u0105 i\u0161meskite. Rekomenduojama naudoti bent kart\u0105 per savait\u0119 aus\u0173 sveikatai palaikyti. Venkite patekimo \u012f akis. Patekus \u012f akis, kruop\u0161\u010diai praplauti vandeniu, o jei dirginimas nepraeina \u2013 kreiptis \u012f veterinarijos gydytoj\u0105. Laikyti vaikams nepasiekiamoje vietoje. Sud\u0117tis: Aqua, Glycerin, Decyl Glucoside, Bergamo\u010di\u0173 Leaf Extract, Laim\u0173 Fruit Extract, Apelsin\u0173 Fruit Extract, Greipfrut\u0173 Extract, Citrin\u0173 Fruit Extract, Mandarinai. Gamintojas: Lakeland Cosmetics\" \/>\n<meta property=\"og:url\" content=\"https:\/\/miumjau.ee\/lt\/produktas\/bugalugs-ausu-valymo-serveteles-sunims-100-vnt\/\" \/>\n<meta property=\"og:site_name\" content=\"MiuMjau\" \/>\n<meta property=\"article:publisher\" content=\"https:\/\/www.facebook.com\/miumjaupood\/\" \/>\n<meta property=\"article:modified_time\" content=\"2026-01-07T18:43:30+00:00\" \/>\n<meta property=\"og:image\" content=\"https:\/\/miumjau.ee\/wp-content\/uploads\/2025\/06\/bugalugs-korvade-puhastuslapid-100tk2.jpg\" \/>\n\t<meta property=\"og:image:width\" content=\"600\" \/>\n\t<meta property=\"og:image:height\" content=\"800\" \/>\n\t<meta property=\"og:image:type\" content=\"image\/jpeg\" \/>\n<meta name=\"twitter:card\" content=\"summary_large_image\" \/>\n<script type=\"application\/ld+json\" class=\"yoast-schema-graph\">{\"@context\":\"https:\/\/schema.org\",\"@graph\":[{\"@type\":\"WebPage\",\"@id\":\"https:\/\/miumjau.ee\/lt\/produktas\/bugalugs-ausu-valymo-serveteles-sunims-100-vnt\/\",\"url\":\"https:\/\/miumjau.ee\/lt\/produktas\/bugalugs-ausu-valymo-serveteles-sunims-100-vnt\/\",\"name\":\"Bugalugs Aus\u0173 Valymo Servet\u0117l\u0117s \u0160unims 100 vnt. - MiuMjau\",\"isPartOf\":{\"@id\":\"https:\/\/miumjau.ee\/#website\"},\"primaryImageOfPage\":{\"@id\":\"https:\/\/miumjau.ee\/lt\/produktas\/bugalugs-ausu-valymo-serveteles-sunims-100-vnt\/#primaryimage\"},\"image\":{\"@id\":\"https:\/\/miumjau.ee\/lt\/produktas\/bugalugs-ausu-valymo-serveteles-sunims-100-vnt\/#primaryimage\"},\"thumbnailUrl\":\"https:\/\/miumjau.ee\/wp-content\/uploads\/2025\/06\/bugalugs-korvade-puhastuslapid-100tk2.jpg\",\"datePublished\":\"2025-06-18T08:35:21+00:00\",\"dateModified\":\"2026-01-07T18:43:30+00:00\",\"breadcrumb\":{\"@id\":\"https:\/\/miumjau.ee\/lt\/produktas\/bugalugs-ausu-valymo-serveteles-sunims-100-vnt\/#breadcrumb\"},\"inLanguage\":\"lt-LT\",\"potentialAction\":[{\"@type\":\"ReadAction\",\"target\":[\"https:\/\/miumjau.ee\/lt\/produktas\/bugalugs-ausu-valymo-serveteles-sunims-100-vnt\/\"]}]},{\"@type\":\"ImageObject\",\"inLanguage\":\"lt-LT\",\"@id\":\"https:\/\/miumjau.ee\/lt\/produktas\/bugalugs-ausu-valymo-serveteles-sunims-100-vnt\/#primaryimage\",\"url\":\"https:\/\/miumjau.ee\/wp-content\/uploads\/2025\/06\/bugalugs-korvade-puhastuslapid-100tk2.jpg\",\"contentUrl\":\"https:\/\/miumjau.ee\/wp-content\/uploads\/2025\/06\/bugalugs-korvade-puhastuslapid-100tk2.jpg\",\"width\":600,\"height\":800},{\"@type\":\"BreadcrumbList\",\"@id\":\"https:\/\/miumjau.ee\/lt\/produktas\/bugalugs-ausu-valymo-serveteles-sunims-100-vnt\/#breadcrumb\",\"itemListElement\":[{\"@type\":\"ListItem\",\"position\":1,\"name\":\"Home\",\"item\":\"https:\/\/miumjau.ee\/lt\/\"},{\"@type\":\"ListItem\",\"position\":2,\"name\":\"Parduotuv\u0117\",\"item\":\"https:\/\/miumjau.ee\/lt\/parduotuve\/\"},{\"@type\":\"ListItem\",\"position\":3,\"name\":\"Bugalugs Aus\u0173 Valymo Servet\u0117l\u0117s \u0160unims 100 vnt.\"}]},{\"@type\":\"WebSite\",\"@id\":\"https:\/\/miumjau.ee\/#website\",\"url\":\"https:\/\/miumjau.ee\/\",\"name\":\"MiuMjau\",\"description\":\"Kraapimispuud kassidele\",\"publisher\":{\"@id\":\"https:\/\/miumjau.ee\/#organization\"},\"potentialAction\":[{\"@type\":\"SearchAction\",\"target\":{\"@type\":\"EntryPoint\",\"urlTemplate\":\"https:\/\/miumjau.ee\/?s={search_term_string}\"},\"query-input\":{\"@type\":\"PropertyValueSpecification\",\"valueRequired\":true,\"valueName\":\"search_term_string\"}}],\"inLanguage\":\"lt-LT\"},{\"@type\":\"Organization\",\"@id\":\"https:\/\/miumjau.ee\/#organization\",\"name\":\"MiuMjau O\u00dc\",\"url\":\"https:\/\/miumjau.ee\/\",\"logo\":{\"@type\":\"ImageObject\",\"inLanguage\":\"lt-LT\",\"@id\":\"https:\/\/miumjau.ee\/#\/schema\/logo\/image\/\",\"url\":\"https:\/\/miumjau.ee\/wp-content\/uploads\/2022\/04\/MiuMjau-logo-kollane.png\",\"contentUrl\":\"https:\/\/miumjau.ee\/wp-content\/uploads\/2022\/04\/MiuMjau-logo-kollane.png\",\"width\":219,\"height\":100,\"caption\":\"MiuMjau O\u00dc\"},\"image\":{\"@id\":\"https:\/\/miumjau.ee\/#\/schema\/logo\/image\/\"},\"sameAs\":[\"https:\/\/www.facebook.com\/miumjaupood\/\"]}]}<\/script>\n<!-- \/ Yoast SEO plugin. -->","yoast_head_json":{"title":"Bugalugs Aus\u0173 Valymo Servet\u0117l\u0117s \u0160unims 100 vnt. - MiuMjau","robots":{"index":"index","follow":"follow","max-snippet":"max-snippet:-1","max-image-preview":"max-image-preview:large","max-video-preview":"max-video-preview:-1"},"canonical":"https:\/\/miumjau.ee\/lt\/produktas\/bugalugs-ausu-valymo-serveteles-sunims-100-vnt\/","og_locale":"lt_LT","og_type":"article","og_title":"Bugalugs Aus\u0173 Valymo Servet\u0117l\u0117s \u0160unims 100 vnt. - MiuMjau","og_description":"\u201eBugalugs\u201c aus\u0173 valymo servet\u0117l\u0117s padeda palaikyti j\u016bs\u0173 \u0161uns ausis \u0161varias ir sveikas, \u0161velniai ir veiksmingai pa\u0161alindamos ne\u0161varumus d\u0117l nat\u016bralios sud\u0117ties. I\u0161 anksto sudr\u0117kintos servet\u0117l\u0117s yra 100 % biologi\u0161kai suyran\u010dios ir saugios kasdieniam naudojimui kaip \u012fprastos prie\u017ei\u016bros dalis, padedan\u010dios ma\u017einti nie\u017eul\u012f ir palaikyti ger\u0105 aus\u0173 sveikat\u0105. Naudojimas: \u0160velniai pakelkite \u0161uns aus\u012f ir atsargiai nuvalykite aus\u012f i\u0161or\u0117je ir viduje. Kiekvienai ausiai naudokite nauj\u0105 servet\u0117l\u0119 ir po naudojimo j\u0105 i\u0161meskite. Rekomenduojama naudoti bent kart\u0105 per savait\u0119 aus\u0173 sveikatai palaikyti. Venkite patekimo \u012f akis. Patekus \u012f akis, kruop\u0161\u010diai praplauti vandeniu, o jei dirginimas nepraeina \u2013 kreiptis \u012f veterinarijos gydytoj\u0105. Laikyti vaikams nepasiekiamoje vietoje. Sud\u0117tis: Aqua, Glycerin, Decyl Glucoside, Bergamo\u010di\u0173 Leaf Extract, Laim\u0173 Fruit Extract, Apelsin\u0173 Fruit Extract, Greipfrut\u0173 Extract, Citrin\u0173 Fruit Extract, Mandarinai. Gamintojas: Lakeland Cosmetics","og_url":"https:\/\/miumjau.ee\/lt\/produktas\/bugalugs-ausu-valymo-serveteles-sunims-100-vnt\/","og_site_name":"MiuMjau","article_publisher":"https:\/\/www.facebook.com\/miumjaupood\/","article_modified_time":"2026-01-07T18:43:30+00:00","og_image":[{"width":600,"height":800,"url":"https:\/\/miumjau.ee\/wp-content\/uploads\/2025\/06\/bugalugs-korvade-puhastuslapid-100tk2.jpg","type":"image\/jpeg"}],"twitter_card":"summary_large_image","schema":{"@context":"https:\/\/schema.org","@graph":[{"@type":"WebPage","@id":"https:\/\/miumjau.ee\/lt\/produktas\/bugalugs-ausu-valymo-serveteles-sunims-100-vnt\/","url":"https:\/\/miumjau.ee\/lt\/produktas\/bugalugs-ausu-valymo-serveteles-sunims-100-vnt\/","name":"Bugalugs Aus\u0173 Valymo Servet\u0117l\u0117s \u0160unims 100 vnt. - MiuMjau","isPartOf":{"@id":"https:\/\/miumjau.ee\/#website"},"primaryImageOfPage":{"@id":"https:\/\/miumjau.ee\/lt\/produktas\/bugalugs-ausu-valymo-serveteles-sunims-100-vnt\/#primaryimage"},"image":{"@id":"https:\/\/miumjau.ee\/lt\/produktas\/bugalugs-ausu-valymo-serveteles-sunims-100-vnt\/#primaryimage"},"thumbnailUrl":"https:\/\/miumjau.ee\/wp-content\/uploads\/2025\/06\/bugalugs-korvade-puhastuslapid-100tk2.jpg","datePublished":"2025-06-18T08:35:21+00:00","dateModified":"2026-01-07T18:43:30+00:00","breadcrumb":{"@id":"https:\/\/miumjau.ee\/lt\/produktas\/bugalugs-ausu-valymo-serveteles-sunims-100-vnt\/#breadcrumb"},"inLanguage":"lt-LT","potentialAction":[{"@type":"ReadAction","target":["https:\/\/miumjau.ee\/lt\/produktas\/bugalugs-ausu-valymo-serveteles-sunims-100-vnt\/"]}]},{"@type":"ImageObject","inLanguage":"lt-LT","@id":"https:\/\/miumjau.ee\/lt\/produktas\/bugalugs-ausu-valymo-serveteles-sunims-100-vnt\/#primaryimage","url":"https:\/\/miumjau.ee\/wp-content\/uploads\/2025\/06\/bugalugs-korvade-puhastuslapid-100tk2.jpg","contentUrl":"https:\/\/miumjau.ee\/wp-content\/uploads\/2025\/06\/bugalugs-korvade-puhastuslapid-100tk2.jpg","width":600,"height":800},{"@type":"BreadcrumbList","@id":"https:\/\/miumjau.ee\/lt\/produktas\/bugalugs-ausu-valymo-serveteles-sunims-100-vnt\/#breadcrumb","itemListElement":[{"@type":"ListItem","position":1,"name":"Home","item":"https:\/\/miumjau.ee\/lt\/"},{"@type":"ListItem","position":2,"name":"Parduotuv\u0117","item":"https:\/\/miumjau.ee\/lt\/parduotuve\/"},{"@type":"ListItem","position":3,"name":"Bugalugs Aus\u0173 Valymo Servet\u0117l\u0117s \u0160unims 100 vnt."}]},{"@type":"WebSite","@id":"https:\/\/miumjau.ee\/#website","url":"https:\/\/miumjau.ee\/","name":"MiuMjau","description":"Kraapimispuud kassidele","publisher":{"@id":"https:\/\/miumjau.ee\/#organization"},"potentialAction":[{"@type":"SearchAction","target":{"@type":"EntryPoint","urlTemplate":"https:\/\/miumjau.ee\/?s={search_term_string}"},"query-input":{"@type":"PropertyValueSpecification","valueRequired":true,"valueName":"search_term_string"}}],"inLanguage":"lt-LT"},{"@type":"Organization","@id":"https:\/\/miumjau.ee\/#organization","name":"MiuMjau O\u00dc","url":"https:\/\/miumjau.ee\/","logo":{"@type":"ImageObject","inLanguage":"lt-LT","@id":"https:\/\/miumjau.ee\/#\/schema\/logo\/image\/","url":"https:\/\/miumjau.ee\/wp-content\/uploads\/2022\/04\/MiuMjau-logo-kollane.png","contentUrl":"https:\/\/miumjau.ee\/wp-content\/uploads\/2022\/04\/MiuMjau-logo-kollane.png","width":219,"height":100,"caption":"MiuMjau O\u00dc"},"image":{"@id":"https:\/\/miumjau.ee\/#\/schema\/logo\/image\/"},"sameAs":["https:\/\/www.facebook.com\/miumjaupood\/"]}]}},"_links":{"self":[{"href":"https:\/\/miumjau.ee\/lt\/wp-json\/wp\/v2\/product\/49345","targetHints":{"allow":["GET"]}}],"collection":[{"href":"https:\/\/miumjau.ee\/lt\/wp-json\/wp\/v2\/product"}],"about":[{"href":"https:\/\/miumjau.ee\/lt\/wp-json\/wp\/v2\/types\/product"}],"wp:featuredmedia":[{"embeddable":true,"href":"https:\/\/miumjau.ee\/lt\/wp-json\/wp\/v2\/media\/49340"}],"wp:attachment":[{"href":"https:\/\/miumjau.ee\/lt\/wp-json\/wp\/v2\/media?parent=49345"}],"wp:term":[{"taxonomy":"product_brand","embeddable":true,"href":"https:\/\/miumjau.ee\/lt\/wp-json\/wp\/v2\/product_brand?post=49345"},{"taxonomy":"product_cat","embeddable":true,"href":"https:\/\/miumjau.ee\/lt\/wp-json\/wp\/v2\/product_cat?post=49345"},{"taxonomy":"product_tag","embeddable":true,"href":"https:\/\/miumjau.ee\/lt\/wp-json\/wp\/v2\/product_tag?post=49345"}],"curies":[{"name":"wp","href":"https:\/\/api.w.org\/{rel}","templated":true}]}}