{"id":49333,"date":"2025-06-18T12:00:47","date_gmt":"2025-06-18T09:00:47","guid":{"rendered":"https:\/\/miumjau.ee\/toode\/bugalugs-one-in-a-million-kailio-velimo-mazinimo-purskiklis-sunims-200-ml\/"},"modified":"2026-01-07T20:43:30","modified_gmt":"2026-01-07T18:43:30","slug":"bugalugs-one-in-a-million-kailio-velimo-mazinimo-purskiklis-sunims-200-ml","status":"publish","type":"product","link":"https:\/\/miumjau.ee\/lt\/produktas\/bugalugs-one-in-a-million-kailio-velimo-mazinimo-purskiklis-sunims-200-ml\/","title":{"rendered":"Bugalugs One in a Million Kailio V\u0117limo Ma\u017einimo Pur\u0161kiklis \u0160unims 200 ml"},"content":{"rendered":"","protected":false},"excerpt":{"rendered":"<p data-start=\"4956\" data-end=\"5157\">\u201eBugalugs\u201c pur\u0161kiklis sukurtas susiv\u0117lusiam kailiui suvaldyti. Jis palengvina \u0161uns kailio prie\u017ei\u016br\u0105 ir suteikia blizgesio d\u0117l lengvos, \u0161velnios, dr\u0117kinan\u010dios ir maitinan\u010dios formul\u0117s su gaiviu aromatu.<\/p>\n<p data-start=\"5159\" data-end=\"5375\">Malonaus kvapo, pH subalansuotas, kail\u012f i\u0161\u0161ukuoti padedantis ir puosel\u0117jantis pur\u0161kiklis palieka kail\u012f \u0161ilkin\u012f ir glotn\u0173. Nat\u016bralios sud\u0117ties priemon\u0117 neturi alkoholio, paraben\u0173, silikon\u0173, SLES, SLS, DEA ar ferment\u0173.<\/p>\n<p data-start=\"5377\" data-end=\"5600\">Sud\u0117tyje esantys kvie\u010di\u0173 baltymai prasiskverbia \u012f plauk\u0105 ir padeda j\u012f atkurti, sustiprinti bei apsaugoti i\u0161 vidaus. Kvie\u010di\u0173 baltymai suteikia kailiui ypatingo glotnumo ir suformuoja apsaugin\u0119 pl\u0117vel\u0119 nuo kasdienio poveikio.<\/p>\n<p data-start=\"5602\" data-end=\"5823\">\u0160is pur\u0161kiklis nuo s\u0105v\u0117l\u0173 padeda pa\u0161alinti mazgus ir s\u0105v\u0117las i\u0161 \u0161uns kailio. Reguliariai naudojant gali pad\u0117ti i\u0161vengti nauj\u0173 s\u0105v\u0117l\u0173 susidarymo. Tinka vis\u0173 veisli\u0173 \u0161unims, taip pat gali b\u016bti naudojamas kat\u0117ms ir arkliams.<\/p>\n<p data-start=\"5825\" data-end=\"6145\"><strong data-start=\"5825\" data-end=\"5840\">Naudojimas:<\/strong><br data-start=\"5840\" data-end=\"5843\" \/><em data-start=\"5843\" data-end=\"5859\">Dr\u0117gnas kailis<\/em> \u2013 Po plovimo \u0161amp\u016bnu purk\u0161kite ant \u0161uns kailio, vengdami aki\u0173, nosies ir aus\u0173. Atsargiai i\u0161\u0161ukuokite, naudodami veislei tinkam\u0105 \u0161epet\u012f. Skalauti nereikia.<br data-start=\"6014\" data-end=\"6017\" \/><em data-start=\"6017\" data-end=\"6032\">Sausas kailis<\/em> \u2013 Purk\u0161kite tiesiai ant sauso kailio. I\u0161narpliokite mazgus ir s\u0105v\u0117las nuo galiuk\u0173 link \u0161akn\u0173. Skalauti nereikia.<\/p>\n<p data-start=\"6147\" data-end=\"6427\"><strong data-start=\"6147\" data-end=\"6159\">Sud\u0117tis:<\/strong> Aqua, Polysorbate 20, Phenoxyethanol, Hydrolyzed Wheat Protein, Parfum, Tetrimonium Chloride, Tetrasodium Glutamate Diacetate, Ethylhexylglycerin, Citronellol, Citric Acid, Sodium Benzoate, Alpha-Isomethyl Ionone, Coumarin, Linalool, Hexyl Cinnamal, Benzyl Cinnamate.<\/p>\n<p data-start=\"6429\" data-end=\"6463\" data-is-last-node=\"\" data-is-only-node=\"\"><strong data-start=\"6429\" data-end=\"6444\">Gamintojas:<\/strong> Lakeland Cosmetics<\/p>\n","protected":false},"featured_media":49329,"template":"","meta":[],"product_brand":[],"product_cat":[542],"product_tag":[],"class_list":{"0":"post-49333","1":"product","2":"type-product","3":"status-publish","4":"has-post-thumbnail","6":"product_cat-prieziuros-priemones-sunims","8":"first","9":"instock","10":"taxable","11":"shipping-taxable","12":"purchasable","13":"product-type-simple"},"yoast_head":"<!-- This site is optimized with the Yoast SEO plugin v27.2 - https:\/\/yoast.com\/product\/yoast-seo-wordpress\/ -->\n<title>Bugalugs One in a Million Kailio V\u0117limo Ma\u017einimo Pur\u0161kiklis \u0160unims 200 ml - MiuMjau<\/title>\n<meta name=\"robots\" content=\"index, follow, max-snippet:-1, max-image-preview:large, max-video-preview:-1\" \/>\n<link rel=\"canonical\" href=\"https:\/\/miumjau.ee\/lt\/produktas\/bugalugs-one-in-a-million-kailio-velimo-mazinimo-purskiklis-sunims-200-ml\/\" \/>\n<meta property=\"og:locale\" content=\"lt_LT\" \/>\n<meta property=\"og:type\" content=\"article\" \/>\n<meta property=\"og:title\" content=\"Bugalugs One in a Million Kailio V\u0117limo Ma\u017einimo Pur\u0161kiklis \u0160unims 200 ml - MiuMjau\" \/>\n<meta property=\"og:description\" content=\"\u201eBugalugs\u201c pur\u0161kiklis sukurtas susiv\u0117lusiam kailiui suvaldyti. Jis palengvina \u0161uns kailio prie\u017ei\u016br\u0105 ir suteikia blizgesio d\u0117l lengvos, \u0161velnios, dr\u0117kinan\u010dios ir maitinan\u010dios formul\u0117s su gaiviu aromatu. Malonaus kvapo, pH subalansuotas, kail\u012f i\u0161\u0161ukuoti padedantis ir puosel\u0117jantis pur\u0161kiklis palieka kail\u012f \u0161ilkin\u012f ir glotn\u0173. Nat\u016bralios sud\u0117ties priemon\u0117 neturi alkoholio, paraben\u0173, silikon\u0173, SLES, SLS, DEA ar ferment\u0173. Sud\u0117tyje esantys kvie\u010di\u0173 baltymai prasiskverbia \u012f plauk\u0105 ir padeda j\u012f atkurti, sustiprinti bei apsaugoti i\u0161 vidaus. Kvie\u010di\u0173 baltymai suteikia kailiui ypatingo glotnumo ir suformuoja apsaugin\u0119 pl\u0117vel\u0119 nuo kasdienio poveikio. \u0160is pur\u0161kiklis nuo s\u0105v\u0117l\u0173 padeda pa\u0161alinti mazgus ir s\u0105v\u0117las i\u0161 \u0161uns kailio. Reguliariai naudojant gali pad\u0117ti i\u0161vengti nauj\u0173 s\u0105v\u0117l\u0173 susidarymo. Tinka vis\u0173 veisli\u0173 \u0161unims, taip pat gali b\u016bti naudojamas kat\u0117ms ir arkliams. Naudojimas:Dr\u0117gnas kailis \u2013 Po plovimo \u0161amp\u016bnu purk\u0161kite ant \u0161uns kailio, vengdami aki\u0173, nosies ir aus\u0173. Atsargiai i\u0161\u0161ukuokite, naudodami veislei tinkam\u0105 \u0161epet\u012f. Skalauti nereikia.Sausas kailis \u2013 Purk\u0161kite tiesiai ant sauso kailio. I\u0161narpliokite mazgus ir s\u0105v\u0117las nuo galiuk\u0173 link \u0161akn\u0173. Skalauti nereikia. Sud\u0117tis: Aqua, Polysorbate 20, Phenoxyethanol, Hydrolyzed Wheat Protein, Parfum, Tetrimonium Chloride, Tetrasodium Glutamate Diacetate, Ethylhexylglycerin, Citronellol, Citric Acid, Sodium Benzoate, Alpha-Isomethyl Ionone, Coumarin, Linalool, Hexyl Cinnamal, Benzyl Cinnamate. Gamintojas: Lakeland Cosmetics\" \/>\n<meta property=\"og:url\" content=\"https:\/\/miumjau.ee\/lt\/produktas\/bugalugs-one-in-a-million-kailio-velimo-mazinimo-purskiklis-sunims-200-ml\/\" \/>\n<meta property=\"og:site_name\" content=\"MiuMjau\" \/>\n<meta property=\"article:publisher\" content=\"https:\/\/www.facebook.com\/miumjaupood\/\" \/>\n<meta property=\"article:modified_time\" content=\"2026-01-07T18:43:30+00:00\" \/>\n<meta property=\"og:image\" content=\"https:\/\/miumjau.ee\/wp-content\/uploads\/2025\/06\/bugalugs-pusasprei-oneinamillion.jpg\" \/>\n\t<meta property=\"og:image:width\" content=\"600\" \/>\n\t<meta property=\"og:image:height\" content=\"800\" \/>\n\t<meta property=\"og:image:type\" content=\"image\/jpeg\" \/>\n<meta name=\"twitter:card\" content=\"summary_large_image\" \/>\n<script type=\"application\/ld+json\" class=\"yoast-schema-graph\">{\"@context\":\"https:\/\/schema.org\",\"@graph\":[{\"@type\":\"WebPage\",\"@id\":\"https:\/\/miumjau.ee\/lt\/produktas\/bugalugs-one-in-a-million-kailio-velimo-mazinimo-purskiklis-sunims-200-ml\/\",\"url\":\"https:\/\/miumjau.ee\/lt\/produktas\/bugalugs-one-in-a-million-kailio-velimo-mazinimo-purskiklis-sunims-200-ml\/\",\"name\":\"Bugalugs One in a Million Kailio V\u0117limo Ma\u017einimo Pur\u0161kiklis \u0160unims 200 ml - MiuMjau\",\"isPartOf\":{\"@id\":\"https:\/\/miumjau.ee\/#website\"},\"primaryImageOfPage\":{\"@id\":\"https:\/\/miumjau.ee\/lt\/produktas\/bugalugs-one-in-a-million-kailio-velimo-mazinimo-purskiklis-sunims-200-ml\/#primaryimage\"},\"image\":{\"@id\":\"https:\/\/miumjau.ee\/lt\/produktas\/bugalugs-one-in-a-million-kailio-velimo-mazinimo-purskiklis-sunims-200-ml\/#primaryimage\"},\"thumbnailUrl\":\"https:\/\/miumjau.ee\/wp-content\/uploads\/2025\/06\/bugalugs-pusasprei-oneinamillion.jpg\",\"datePublished\":\"2025-06-18T09:00:47+00:00\",\"dateModified\":\"2026-01-07T18:43:30+00:00\",\"breadcrumb\":{\"@id\":\"https:\/\/miumjau.ee\/lt\/produktas\/bugalugs-one-in-a-million-kailio-velimo-mazinimo-purskiklis-sunims-200-ml\/#breadcrumb\"},\"inLanguage\":\"lt-LT\",\"potentialAction\":[{\"@type\":\"ReadAction\",\"target\":[\"https:\/\/miumjau.ee\/lt\/produktas\/bugalugs-one-in-a-million-kailio-velimo-mazinimo-purskiklis-sunims-200-ml\/\"]}]},{\"@type\":\"ImageObject\",\"inLanguage\":\"lt-LT\",\"@id\":\"https:\/\/miumjau.ee\/lt\/produktas\/bugalugs-one-in-a-million-kailio-velimo-mazinimo-purskiklis-sunims-200-ml\/#primaryimage\",\"url\":\"https:\/\/miumjau.ee\/wp-content\/uploads\/2025\/06\/bugalugs-pusasprei-oneinamillion.jpg\",\"contentUrl\":\"https:\/\/miumjau.ee\/wp-content\/uploads\/2025\/06\/bugalugs-pusasprei-oneinamillion.jpg\",\"width\":600,\"height\":800},{\"@type\":\"BreadcrumbList\",\"@id\":\"https:\/\/miumjau.ee\/lt\/produktas\/bugalugs-one-in-a-million-kailio-velimo-mazinimo-purskiklis-sunims-200-ml\/#breadcrumb\",\"itemListElement\":[{\"@type\":\"ListItem\",\"position\":1,\"name\":\"Home\",\"item\":\"https:\/\/miumjau.ee\/lt\/\"},{\"@type\":\"ListItem\",\"position\":2,\"name\":\"Parduotuv\u0117\",\"item\":\"https:\/\/miumjau.ee\/lt\/parduotuve\/\"},{\"@type\":\"ListItem\",\"position\":3,\"name\":\"Bugalugs One in a Million Kailio V\u0117limo Ma\u017einimo Pur\u0161kiklis \u0160unims 200 ml\"}]},{\"@type\":\"WebSite\",\"@id\":\"https:\/\/miumjau.ee\/#website\",\"url\":\"https:\/\/miumjau.ee\/\",\"name\":\"MiuMjau\",\"description\":\"Kraapimispuud kassidele\",\"publisher\":{\"@id\":\"https:\/\/miumjau.ee\/#organization\"},\"potentialAction\":[{\"@type\":\"SearchAction\",\"target\":{\"@type\":\"EntryPoint\",\"urlTemplate\":\"https:\/\/miumjau.ee\/?s={search_term_string}\"},\"query-input\":{\"@type\":\"PropertyValueSpecification\",\"valueRequired\":true,\"valueName\":\"search_term_string\"}}],\"inLanguage\":\"lt-LT\"},{\"@type\":\"Organization\",\"@id\":\"https:\/\/miumjau.ee\/#organization\",\"name\":\"MiuMjau O\u00dc\",\"url\":\"https:\/\/miumjau.ee\/\",\"logo\":{\"@type\":\"ImageObject\",\"inLanguage\":\"lt-LT\",\"@id\":\"https:\/\/miumjau.ee\/#\/schema\/logo\/image\/\",\"url\":\"https:\/\/miumjau.ee\/wp-content\/uploads\/2022\/04\/MiuMjau-logo-kollane.png\",\"contentUrl\":\"https:\/\/miumjau.ee\/wp-content\/uploads\/2022\/04\/MiuMjau-logo-kollane.png\",\"width\":219,\"height\":100,\"caption\":\"MiuMjau O\u00dc\"},\"image\":{\"@id\":\"https:\/\/miumjau.ee\/#\/schema\/logo\/image\/\"},\"sameAs\":[\"https:\/\/www.facebook.com\/miumjaupood\/\"]}]}<\/script>\n<!-- \/ Yoast SEO plugin. -->","yoast_head_json":{"title":"Bugalugs One in a Million Kailio V\u0117limo Ma\u017einimo Pur\u0161kiklis \u0160unims 200 ml - MiuMjau","robots":{"index":"index","follow":"follow","max-snippet":"max-snippet:-1","max-image-preview":"max-image-preview:large","max-video-preview":"max-video-preview:-1"},"canonical":"https:\/\/miumjau.ee\/lt\/produktas\/bugalugs-one-in-a-million-kailio-velimo-mazinimo-purskiklis-sunims-200-ml\/","og_locale":"lt_LT","og_type":"article","og_title":"Bugalugs One in a Million Kailio V\u0117limo Ma\u017einimo Pur\u0161kiklis \u0160unims 200 ml - MiuMjau","og_description":"\u201eBugalugs\u201c pur\u0161kiklis sukurtas susiv\u0117lusiam kailiui suvaldyti. Jis palengvina \u0161uns kailio prie\u017ei\u016br\u0105 ir suteikia blizgesio d\u0117l lengvos, \u0161velnios, dr\u0117kinan\u010dios ir maitinan\u010dios formul\u0117s su gaiviu aromatu. Malonaus kvapo, pH subalansuotas, kail\u012f i\u0161\u0161ukuoti padedantis ir puosel\u0117jantis pur\u0161kiklis palieka kail\u012f \u0161ilkin\u012f ir glotn\u0173. Nat\u016bralios sud\u0117ties priemon\u0117 neturi alkoholio, paraben\u0173, silikon\u0173, SLES, SLS, DEA ar ferment\u0173. Sud\u0117tyje esantys kvie\u010di\u0173 baltymai prasiskverbia \u012f plauk\u0105 ir padeda j\u012f atkurti, sustiprinti bei apsaugoti i\u0161 vidaus. Kvie\u010di\u0173 baltymai suteikia kailiui ypatingo glotnumo ir suformuoja apsaugin\u0119 pl\u0117vel\u0119 nuo kasdienio poveikio. \u0160is pur\u0161kiklis nuo s\u0105v\u0117l\u0173 padeda pa\u0161alinti mazgus ir s\u0105v\u0117las i\u0161 \u0161uns kailio. Reguliariai naudojant gali pad\u0117ti i\u0161vengti nauj\u0173 s\u0105v\u0117l\u0173 susidarymo. Tinka vis\u0173 veisli\u0173 \u0161unims, taip pat gali b\u016bti naudojamas kat\u0117ms ir arkliams. Naudojimas:Dr\u0117gnas kailis \u2013 Po plovimo \u0161amp\u016bnu purk\u0161kite ant \u0161uns kailio, vengdami aki\u0173, nosies ir aus\u0173. Atsargiai i\u0161\u0161ukuokite, naudodami veislei tinkam\u0105 \u0161epet\u012f. Skalauti nereikia.Sausas kailis \u2013 Purk\u0161kite tiesiai ant sauso kailio. I\u0161narpliokite mazgus ir s\u0105v\u0117las nuo galiuk\u0173 link \u0161akn\u0173. Skalauti nereikia. Sud\u0117tis: Aqua, Polysorbate 20, Phenoxyethanol, Hydrolyzed Wheat Protein, Parfum, Tetrimonium Chloride, Tetrasodium Glutamate Diacetate, Ethylhexylglycerin, Citronellol, Citric Acid, Sodium Benzoate, Alpha-Isomethyl Ionone, Coumarin, Linalool, Hexyl Cinnamal, Benzyl Cinnamate. Gamintojas: Lakeland Cosmetics","og_url":"https:\/\/miumjau.ee\/lt\/produktas\/bugalugs-one-in-a-million-kailio-velimo-mazinimo-purskiklis-sunims-200-ml\/","og_site_name":"MiuMjau","article_publisher":"https:\/\/www.facebook.com\/miumjaupood\/","article_modified_time":"2026-01-07T18:43:30+00:00","og_image":[{"width":600,"height":800,"url":"https:\/\/miumjau.ee\/wp-content\/uploads\/2025\/06\/bugalugs-pusasprei-oneinamillion.jpg","type":"image\/jpeg"}],"twitter_card":"summary_large_image","schema":{"@context":"https:\/\/schema.org","@graph":[{"@type":"WebPage","@id":"https:\/\/miumjau.ee\/lt\/produktas\/bugalugs-one-in-a-million-kailio-velimo-mazinimo-purskiklis-sunims-200-ml\/","url":"https:\/\/miumjau.ee\/lt\/produktas\/bugalugs-one-in-a-million-kailio-velimo-mazinimo-purskiklis-sunims-200-ml\/","name":"Bugalugs One in a Million Kailio V\u0117limo Ma\u017einimo Pur\u0161kiklis \u0160unims 200 ml - MiuMjau","isPartOf":{"@id":"https:\/\/miumjau.ee\/#website"},"primaryImageOfPage":{"@id":"https:\/\/miumjau.ee\/lt\/produktas\/bugalugs-one-in-a-million-kailio-velimo-mazinimo-purskiklis-sunims-200-ml\/#primaryimage"},"image":{"@id":"https:\/\/miumjau.ee\/lt\/produktas\/bugalugs-one-in-a-million-kailio-velimo-mazinimo-purskiklis-sunims-200-ml\/#primaryimage"},"thumbnailUrl":"https:\/\/miumjau.ee\/wp-content\/uploads\/2025\/06\/bugalugs-pusasprei-oneinamillion.jpg","datePublished":"2025-06-18T09:00:47+00:00","dateModified":"2026-01-07T18:43:30+00:00","breadcrumb":{"@id":"https:\/\/miumjau.ee\/lt\/produktas\/bugalugs-one-in-a-million-kailio-velimo-mazinimo-purskiklis-sunims-200-ml\/#breadcrumb"},"inLanguage":"lt-LT","potentialAction":[{"@type":"ReadAction","target":["https:\/\/miumjau.ee\/lt\/produktas\/bugalugs-one-in-a-million-kailio-velimo-mazinimo-purskiklis-sunims-200-ml\/"]}]},{"@type":"ImageObject","inLanguage":"lt-LT","@id":"https:\/\/miumjau.ee\/lt\/produktas\/bugalugs-one-in-a-million-kailio-velimo-mazinimo-purskiklis-sunims-200-ml\/#primaryimage","url":"https:\/\/miumjau.ee\/wp-content\/uploads\/2025\/06\/bugalugs-pusasprei-oneinamillion.jpg","contentUrl":"https:\/\/miumjau.ee\/wp-content\/uploads\/2025\/06\/bugalugs-pusasprei-oneinamillion.jpg","width":600,"height":800},{"@type":"BreadcrumbList","@id":"https:\/\/miumjau.ee\/lt\/produktas\/bugalugs-one-in-a-million-kailio-velimo-mazinimo-purskiklis-sunims-200-ml\/#breadcrumb","itemListElement":[{"@type":"ListItem","position":1,"name":"Home","item":"https:\/\/miumjau.ee\/lt\/"},{"@type":"ListItem","position":2,"name":"Parduotuv\u0117","item":"https:\/\/miumjau.ee\/lt\/parduotuve\/"},{"@type":"ListItem","position":3,"name":"Bugalugs One in a Million Kailio V\u0117limo Ma\u017einimo Pur\u0161kiklis \u0160unims 200 ml"}]},{"@type":"WebSite","@id":"https:\/\/miumjau.ee\/#website","url":"https:\/\/miumjau.ee\/","name":"MiuMjau","description":"Kraapimispuud kassidele","publisher":{"@id":"https:\/\/miumjau.ee\/#organization"},"potentialAction":[{"@type":"SearchAction","target":{"@type":"EntryPoint","urlTemplate":"https:\/\/miumjau.ee\/?s={search_term_string}"},"query-input":{"@type":"PropertyValueSpecification","valueRequired":true,"valueName":"search_term_string"}}],"inLanguage":"lt-LT"},{"@type":"Organization","@id":"https:\/\/miumjau.ee\/#organization","name":"MiuMjau O\u00dc","url":"https:\/\/miumjau.ee\/","logo":{"@type":"ImageObject","inLanguage":"lt-LT","@id":"https:\/\/miumjau.ee\/#\/schema\/logo\/image\/","url":"https:\/\/miumjau.ee\/wp-content\/uploads\/2022\/04\/MiuMjau-logo-kollane.png","contentUrl":"https:\/\/miumjau.ee\/wp-content\/uploads\/2022\/04\/MiuMjau-logo-kollane.png","width":219,"height":100,"caption":"MiuMjau O\u00dc"},"image":{"@id":"https:\/\/miumjau.ee\/#\/schema\/logo\/image\/"},"sameAs":["https:\/\/www.facebook.com\/miumjaupood\/"]}]}},"_links":{"self":[{"href":"https:\/\/miumjau.ee\/lt\/wp-json\/wp\/v2\/product\/49333","targetHints":{"allow":["GET"]}}],"collection":[{"href":"https:\/\/miumjau.ee\/lt\/wp-json\/wp\/v2\/product"}],"about":[{"href":"https:\/\/miumjau.ee\/lt\/wp-json\/wp\/v2\/types\/product"}],"wp:featuredmedia":[{"embeddable":true,"href":"https:\/\/miumjau.ee\/lt\/wp-json\/wp\/v2\/media\/49329"}],"wp:attachment":[{"href":"https:\/\/miumjau.ee\/lt\/wp-json\/wp\/v2\/media?parent=49333"}],"wp:term":[{"taxonomy":"product_brand","embeddable":true,"href":"https:\/\/miumjau.ee\/lt\/wp-json\/wp\/v2\/product_brand?post=49333"},{"taxonomy":"product_cat","embeddable":true,"href":"https:\/\/miumjau.ee\/lt\/wp-json\/wp\/v2\/product_cat?post=49333"},{"taxonomy":"product_tag","embeddable":true,"href":"https:\/\/miumjau.ee\/lt\/wp-json\/wp\/v2\/product_tag?post=49333"}],"curies":[{"name":"wp","href":"https:\/\/api.w.org\/{rel}","templated":true}]}}