{"id":49325,"date":"2025-06-18T17:30:12","date_gmt":"2025-06-18T14:30:12","guid":{"rendered":"https:\/\/miumjau.ee\/toode\/bugalugs-arbatmedzio-ir-avizu-kvapo-sampunas-medi-fresh\/"},"modified":"2026-01-07T20:43:30","modified_gmt":"2026-01-07T18:43:30","slug":"bugalugs-arbatmedzio-ir-avizu-kvapo-sampunas-medi-fresh","status":"publish","type":"product","link":"https:\/\/miumjau.ee\/lt\/produktas\/bugalugs-arbatmedzio-ir-avizu-kvapo-sampunas-medi-fresh\/","title":{"rendered":"Bugalugs Arbatmed\u017eio ir Avi\u017e\u0173 Kvapo \u0160amp\u016bnas Medi Fresh"},"content":{"rendered":"","protected":false},"excerpt":{"rendered":"<p data-start=\"5179\" data-end=\"5523\">\u0160velnus, pH subalansuotas \u0161amp\u016bnas \u0161unims su nat\u016braliais eteriniais aliejais, kuris ramina sudirgusi\u0105 od\u0105 ir padeda pagerinti \u0161uns kailio b\u016bkl\u0119. V\u0117sinantis arbatmedis, alavijas, koloidiniai avi\u017e\u0173 miltai ir kiti eteriniai aliejai ramina ir atpalaiduoja pavargusius bei \u012fsitempusius raumenis. Taip pat padeda valyti smulkias \u017eaizdas ir \u012fbr\u0117\u017eimus.<\/p>\n<p data-start=\"5525\" data-end=\"5748\">\u0160is be paraben\u0173 \u0161amp\u016bnas, pagamintas i\u0161 tyro Lake District vandens, pa\u0161alina ne\u0161varumus ir riebalus, palikdamas kail\u012f mink\u0161t\u0105, blizgant\u012f ir ilgai maloniai kvepiant\u012f. Tinka \u0161unims nuo 8 savai\u010di\u0173 am\u017eiaus ir vis\u0173 tip\u0173 kailiui.<\/p>\n<p data-start=\"5750\" data-end=\"6010\"><strong data-start=\"5750\" data-end=\"5765\">Naudojimas:<\/strong> Sudr\u0117kinkite \u0161uns kail\u012f \u0161iltu vandeniu. Galima skiesti santykiu 10:1. U\u017etepkite \u0161amp\u016bn\u0105, suputokite ir kruop\u0161\u010diai nuskalaukite. Nusausinkite. Venkite patekimo \u012f akis \u2013 patekus, gausiai praplauti vandeniu. Laikyti vaikams nepasiekiamoje vietoje.<\/p>\n<p data-start=\"6012\" data-end=\"6647\"><strong data-start=\"6012\" data-end=\"6024\">Sud\u0117tis:<\/strong> Aqua, Sodium Laureth Sulfate, Glycerin, Cocamidopropyl Betaine, Coco-Glucoside, Glyceryl Oleate, Parfum, Polyglyceryl-2 Caprate, Tea Tree Leaf Oil, Aloe Vera Leaf Juice, Avena Sativa (Avi\u017e\u0173) Kernel Flour, Lemon Peel Oil, Citronella Oil, Cedarwood Oil, Peppermint Leaf Oil, Basil Oil, Pelargonium Graveolens Extract, Rosemary Leaf Oil, Thyme Leaf Oil, Pine Oil, Glycol Distearate, Sodium Chloride, Benzophenone-4, Sodium Hydroxide, Citric Acid, Laureth-4, Limonene, Lactic Acid, Hydrogenated Palm Glycerides Citrate, Polysorbate 20, Tocopherol, Phenoxyethanol, Sodium Benzoate, Benzyl Alcohol, CI 19140, CI 17200, CI 14700.<\/p>\n<p data-start=\"6649\" data-end=\"6747\" data-is-last-node=\"\" data-is-only-node=\"\"><strong data-start=\"6649\" data-end=\"6660\">Kiekis:<\/strong> 500 ml<br data-start=\"6667\" data-end=\"6670\" \/><strong data-start=\"6670\" data-end=\"6689\">Geriausias iki:<\/strong> 12 m\u0117n. po atidarymo<br data-start=\"6710\" data-end=\"6713\" \/><strong data-start=\"6713\" data-end=\"6728\">Gamintojas:<\/strong> Lakeland Cosmetics<\/p>\n","protected":false},"featured_media":49322,"template":"","meta":[],"product_brand":[],"product_cat":[542],"product_tag":[],"class_list":{"0":"post-49325","1":"product","2":"type-product","3":"status-publish","4":"has-post-thumbnail","6":"product_cat-prieziuros-priemones-sunims","8":"first","9":"instock","10":"taxable","11":"shipping-taxable","12":"purchasable","13":"product-type-simple"},"yoast_head":"<!-- This site is optimized with the Yoast SEO plugin v27.2 - https:\/\/yoast.com\/product\/yoast-seo-wordpress\/ -->\n<title>Bugalugs Arbatmed\u017eio ir Avi\u017e\u0173 Kvapo \u0160amp\u016bnas Medi Fresh - MiuMjau<\/title>\n<meta name=\"robots\" content=\"index, follow, max-snippet:-1, max-image-preview:large, max-video-preview:-1\" \/>\n<link rel=\"canonical\" href=\"https:\/\/miumjau.ee\/lt\/produktas\/bugalugs-arbatmedzio-ir-avizu-kvapo-sampunas-medi-fresh\/\" \/>\n<meta property=\"og:locale\" content=\"lt_LT\" \/>\n<meta property=\"og:type\" content=\"article\" \/>\n<meta property=\"og:title\" content=\"Bugalugs Arbatmed\u017eio ir Avi\u017e\u0173 Kvapo \u0160amp\u016bnas Medi Fresh - MiuMjau\" \/>\n<meta property=\"og:description\" content=\"\u0160velnus, pH subalansuotas \u0161amp\u016bnas \u0161unims su nat\u016braliais eteriniais aliejais, kuris ramina sudirgusi\u0105 od\u0105 ir padeda pagerinti \u0161uns kailio b\u016bkl\u0119. V\u0117sinantis arbatmedis, alavijas, koloidiniai avi\u017e\u0173 miltai ir kiti eteriniai aliejai ramina ir atpalaiduoja pavargusius bei \u012fsitempusius raumenis. Taip pat padeda valyti smulkias \u017eaizdas ir \u012fbr\u0117\u017eimus. \u0160is be paraben\u0173 \u0161amp\u016bnas, pagamintas i\u0161 tyro Lake District vandens, pa\u0161alina ne\u0161varumus ir riebalus, palikdamas kail\u012f mink\u0161t\u0105, blizgant\u012f ir ilgai maloniai kvepiant\u012f. Tinka \u0161unims nuo 8 savai\u010di\u0173 am\u017eiaus ir vis\u0173 tip\u0173 kailiui. Naudojimas: Sudr\u0117kinkite \u0161uns kail\u012f \u0161iltu vandeniu. Galima skiesti santykiu 10:1. U\u017etepkite \u0161amp\u016bn\u0105, suputokite ir kruop\u0161\u010diai nuskalaukite. Nusausinkite. Venkite patekimo \u012f akis \u2013 patekus, gausiai praplauti vandeniu. Laikyti vaikams nepasiekiamoje vietoje. Sud\u0117tis: Aqua, Sodium Laureth Sulfate, Glycerin, Cocamidopropyl Betaine, Coco-Glucoside, Glyceryl Oleate, Parfum, Polyglyceryl-2 Caprate, Tea Tree Leaf Oil, Aloe Vera Leaf Juice, Avena Sativa (Avi\u017e\u0173) Kernel Flour, Lemon Peel Oil, Citronella Oil, Cedarwood Oil, Peppermint Leaf Oil, Basil Oil, Pelargonium Graveolens Extract, Rosemary Leaf Oil, Thyme Leaf Oil, Pine Oil, Glycol Distearate, Sodium Chloride, Benzophenone-4, Sodium Hydroxide, Citric Acid, Laureth-4, Limonene, Lactic Acid, Hydrogenated Palm Glycerides Citrate, Polysorbate 20, Tocopherol, Phenoxyethanol, Sodium Benzoate, Benzyl Alcohol, CI 19140, CI 17200, CI 14700. Kiekis: 500 mlGeriausias iki: 12 m\u0117n. po atidarymoGamintojas: Lakeland Cosmetics\" \/>\n<meta property=\"og:url\" content=\"https:\/\/miumjau.ee\/lt\/produktas\/bugalugs-arbatmedzio-ir-avizu-kvapo-sampunas-medi-fresh\/\" \/>\n<meta property=\"og:site_name\" content=\"MiuMjau\" \/>\n<meta property=\"article:publisher\" content=\"https:\/\/www.facebook.com\/miumjaupood\/\" \/>\n<meta property=\"article:modified_time\" content=\"2026-01-07T18:43:30+00:00\" \/>\n<meta property=\"og:image\" content=\"https:\/\/miumjau.ee\/wp-content\/uploads\/2025\/06\/bugalugs-sampoon-koertele-medifresh5.webp\" \/>\n\t<meta property=\"og:image:width\" content=\"600\" \/>\n\t<meta property=\"og:image:height\" content=\"800\" \/>\n\t<meta property=\"og:image:type\" content=\"image\/webp\" \/>\n<meta name=\"twitter:card\" content=\"summary_large_image\" \/>\n<script type=\"application\/ld+json\" class=\"yoast-schema-graph\">{\"@context\":\"https:\/\/schema.org\",\"@graph\":[{\"@type\":\"WebPage\",\"@id\":\"https:\/\/miumjau.ee\/lt\/produktas\/bugalugs-arbatmedzio-ir-avizu-kvapo-sampunas-medi-fresh\/\",\"url\":\"https:\/\/miumjau.ee\/lt\/produktas\/bugalugs-arbatmedzio-ir-avizu-kvapo-sampunas-medi-fresh\/\",\"name\":\"Bugalugs Arbatmed\u017eio ir Avi\u017e\u0173 Kvapo \u0160amp\u016bnas Medi Fresh - MiuMjau\",\"isPartOf\":{\"@id\":\"https:\/\/miumjau.ee\/#website\"},\"primaryImageOfPage\":{\"@id\":\"https:\/\/miumjau.ee\/lt\/produktas\/bugalugs-arbatmedzio-ir-avizu-kvapo-sampunas-medi-fresh\/#primaryimage\"},\"image\":{\"@id\":\"https:\/\/miumjau.ee\/lt\/produktas\/bugalugs-arbatmedzio-ir-avizu-kvapo-sampunas-medi-fresh\/#primaryimage\"},\"thumbnailUrl\":\"https:\/\/miumjau.ee\/wp-content\/uploads\/2025\/06\/bugalugs-sampoon-koertele-medifresh5.webp\",\"datePublished\":\"2025-06-18T14:30:12+00:00\",\"dateModified\":\"2026-01-07T18:43:30+00:00\",\"breadcrumb\":{\"@id\":\"https:\/\/miumjau.ee\/lt\/produktas\/bugalugs-arbatmedzio-ir-avizu-kvapo-sampunas-medi-fresh\/#breadcrumb\"},\"inLanguage\":\"lt-LT\",\"potentialAction\":[{\"@type\":\"ReadAction\",\"target\":[\"https:\/\/miumjau.ee\/lt\/produktas\/bugalugs-arbatmedzio-ir-avizu-kvapo-sampunas-medi-fresh\/\"]}]},{\"@type\":\"ImageObject\",\"inLanguage\":\"lt-LT\",\"@id\":\"https:\/\/miumjau.ee\/lt\/produktas\/bugalugs-arbatmedzio-ir-avizu-kvapo-sampunas-medi-fresh\/#primaryimage\",\"url\":\"https:\/\/miumjau.ee\/wp-content\/uploads\/2025\/06\/bugalugs-sampoon-koertele-medifresh5.webp\",\"contentUrl\":\"https:\/\/miumjau.ee\/wp-content\/uploads\/2025\/06\/bugalugs-sampoon-koertele-medifresh5.webp\",\"width\":600,\"height\":800},{\"@type\":\"BreadcrumbList\",\"@id\":\"https:\/\/miumjau.ee\/lt\/produktas\/bugalugs-arbatmedzio-ir-avizu-kvapo-sampunas-medi-fresh\/#breadcrumb\",\"itemListElement\":[{\"@type\":\"ListItem\",\"position\":1,\"name\":\"Home\",\"item\":\"https:\/\/miumjau.ee\/lt\/\"},{\"@type\":\"ListItem\",\"position\":2,\"name\":\"Parduotuv\u0117\",\"item\":\"https:\/\/miumjau.ee\/lt\/parduotuve\/\"},{\"@type\":\"ListItem\",\"position\":3,\"name\":\"Bugalugs Arbatmed\u017eio ir Avi\u017e\u0173 Kvapo \u0160amp\u016bnas Medi Fresh\"}]},{\"@type\":\"WebSite\",\"@id\":\"https:\/\/miumjau.ee\/#website\",\"url\":\"https:\/\/miumjau.ee\/\",\"name\":\"MiuMjau\",\"description\":\"Kraapimispuud kassidele\",\"publisher\":{\"@id\":\"https:\/\/miumjau.ee\/#organization\"},\"potentialAction\":[{\"@type\":\"SearchAction\",\"target\":{\"@type\":\"EntryPoint\",\"urlTemplate\":\"https:\/\/miumjau.ee\/?s={search_term_string}\"},\"query-input\":{\"@type\":\"PropertyValueSpecification\",\"valueRequired\":true,\"valueName\":\"search_term_string\"}}],\"inLanguage\":\"lt-LT\"},{\"@type\":\"Organization\",\"@id\":\"https:\/\/miumjau.ee\/#organization\",\"name\":\"MiuMjau O\u00dc\",\"url\":\"https:\/\/miumjau.ee\/\",\"logo\":{\"@type\":\"ImageObject\",\"inLanguage\":\"lt-LT\",\"@id\":\"https:\/\/miumjau.ee\/#\/schema\/logo\/image\/\",\"url\":\"https:\/\/miumjau.ee\/wp-content\/uploads\/2022\/04\/MiuMjau-logo-kollane.png\",\"contentUrl\":\"https:\/\/miumjau.ee\/wp-content\/uploads\/2022\/04\/MiuMjau-logo-kollane.png\",\"width\":219,\"height\":100,\"caption\":\"MiuMjau O\u00dc\"},\"image\":{\"@id\":\"https:\/\/miumjau.ee\/#\/schema\/logo\/image\/\"},\"sameAs\":[\"https:\/\/www.facebook.com\/miumjaupood\/\"]}]}<\/script>\n<!-- \/ Yoast SEO plugin. -->","yoast_head_json":{"title":"Bugalugs Arbatmed\u017eio ir Avi\u017e\u0173 Kvapo \u0160amp\u016bnas Medi Fresh - MiuMjau","robots":{"index":"index","follow":"follow","max-snippet":"max-snippet:-1","max-image-preview":"max-image-preview:large","max-video-preview":"max-video-preview:-1"},"canonical":"https:\/\/miumjau.ee\/lt\/produktas\/bugalugs-arbatmedzio-ir-avizu-kvapo-sampunas-medi-fresh\/","og_locale":"lt_LT","og_type":"article","og_title":"Bugalugs Arbatmed\u017eio ir Avi\u017e\u0173 Kvapo \u0160amp\u016bnas Medi Fresh - MiuMjau","og_description":"\u0160velnus, pH subalansuotas \u0161amp\u016bnas \u0161unims su nat\u016braliais eteriniais aliejais, kuris ramina sudirgusi\u0105 od\u0105 ir padeda pagerinti \u0161uns kailio b\u016bkl\u0119. V\u0117sinantis arbatmedis, alavijas, koloidiniai avi\u017e\u0173 miltai ir kiti eteriniai aliejai ramina ir atpalaiduoja pavargusius bei \u012fsitempusius raumenis. Taip pat padeda valyti smulkias \u017eaizdas ir \u012fbr\u0117\u017eimus. \u0160is be paraben\u0173 \u0161amp\u016bnas, pagamintas i\u0161 tyro Lake District vandens, pa\u0161alina ne\u0161varumus ir riebalus, palikdamas kail\u012f mink\u0161t\u0105, blizgant\u012f ir ilgai maloniai kvepiant\u012f. Tinka \u0161unims nuo 8 savai\u010di\u0173 am\u017eiaus ir vis\u0173 tip\u0173 kailiui. Naudojimas: Sudr\u0117kinkite \u0161uns kail\u012f \u0161iltu vandeniu. Galima skiesti santykiu 10:1. U\u017etepkite \u0161amp\u016bn\u0105, suputokite ir kruop\u0161\u010diai nuskalaukite. Nusausinkite. Venkite patekimo \u012f akis \u2013 patekus, gausiai praplauti vandeniu. Laikyti vaikams nepasiekiamoje vietoje. Sud\u0117tis: Aqua, Sodium Laureth Sulfate, Glycerin, Cocamidopropyl Betaine, Coco-Glucoside, Glyceryl Oleate, Parfum, Polyglyceryl-2 Caprate, Tea Tree Leaf Oil, Aloe Vera Leaf Juice, Avena Sativa (Avi\u017e\u0173) Kernel Flour, Lemon Peel Oil, Citronella Oil, Cedarwood Oil, Peppermint Leaf Oil, Basil Oil, Pelargonium Graveolens Extract, Rosemary Leaf Oil, Thyme Leaf Oil, Pine Oil, Glycol Distearate, Sodium Chloride, Benzophenone-4, Sodium Hydroxide, Citric Acid, Laureth-4, Limonene, Lactic Acid, Hydrogenated Palm Glycerides Citrate, Polysorbate 20, Tocopherol, Phenoxyethanol, Sodium Benzoate, Benzyl Alcohol, CI 19140, CI 17200, CI 14700. Kiekis: 500 mlGeriausias iki: 12 m\u0117n. po atidarymoGamintojas: Lakeland Cosmetics","og_url":"https:\/\/miumjau.ee\/lt\/produktas\/bugalugs-arbatmedzio-ir-avizu-kvapo-sampunas-medi-fresh\/","og_site_name":"MiuMjau","article_publisher":"https:\/\/www.facebook.com\/miumjaupood\/","article_modified_time":"2026-01-07T18:43:30+00:00","og_image":[{"width":600,"height":800,"url":"https:\/\/miumjau.ee\/wp-content\/uploads\/2025\/06\/bugalugs-sampoon-koertele-medifresh5.webp","type":"image\/webp"}],"twitter_card":"summary_large_image","schema":{"@context":"https:\/\/schema.org","@graph":[{"@type":"WebPage","@id":"https:\/\/miumjau.ee\/lt\/produktas\/bugalugs-arbatmedzio-ir-avizu-kvapo-sampunas-medi-fresh\/","url":"https:\/\/miumjau.ee\/lt\/produktas\/bugalugs-arbatmedzio-ir-avizu-kvapo-sampunas-medi-fresh\/","name":"Bugalugs Arbatmed\u017eio ir Avi\u017e\u0173 Kvapo \u0160amp\u016bnas Medi Fresh - MiuMjau","isPartOf":{"@id":"https:\/\/miumjau.ee\/#website"},"primaryImageOfPage":{"@id":"https:\/\/miumjau.ee\/lt\/produktas\/bugalugs-arbatmedzio-ir-avizu-kvapo-sampunas-medi-fresh\/#primaryimage"},"image":{"@id":"https:\/\/miumjau.ee\/lt\/produktas\/bugalugs-arbatmedzio-ir-avizu-kvapo-sampunas-medi-fresh\/#primaryimage"},"thumbnailUrl":"https:\/\/miumjau.ee\/wp-content\/uploads\/2025\/06\/bugalugs-sampoon-koertele-medifresh5.webp","datePublished":"2025-06-18T14:30:12+00:00","dateModified":"2026-01-07T18:43:30+00:00","breadcrumb":{"@id":"https:\/\/miumjau.ee\/lt\/produktas\/bugalugs-arbatmedzio-ir-avizu-kvapo-sampunas-medi-fresh\/#breadcrumb"},"inLanguage":"lt-LT","potentialAction":[{"@type":"ReadAction","target":["https:\/\/miumjau.ee\/lt\/produktas\/bugalugs-arbatmedzio-ir-avizu-kvapo-sampunas-medi-fresh\/"]}]},{"@type":"ImageObject","inLanguage":"lt-LT","@id":"https:\/\/miumjau.ee\/lt\/produktas\/bugalugs-arbatmedzio-ir-avizu-kvapo-sampunas-medi-fresh\/#primaryimage","url":"https:\/\/miumjau.ee\/wp-content\/uploads\/2025\/06\/bugalugs-sampoon-koertele-medifresh5.webp","contentUrl":"https:\/\/miumjau.ee\/wp-content\/uploads\/2025\/06\/bugalugs-sampoon-koertele-medifresh5.webp","width":600,"height":800},{"@type":"BreadcrumbList","@id":"https:\/\/miumjau.ee\/lt\/produktas\/bugalugs-arbatmedzio-ir-avizu-kvapo-sampunas-medi-fresh\/#breadcrumb","itemListElement":[{"@type":"ListItem","position":1,"name":"Home","item":"https:\/\/miumjau.ee\/lt\/"},{"@type":"ListItem","position":2,"name":"Parduotuv\u0117","item":"https:\/\/miumjau.ee\/lt\/parduotuve\/"},{"@type":"ListItem","position":3,"name":"Bugalugs Arbatmed\u017eio ir Avi\u017e\u0173 Kvapo \u0160amp\u016bnas Medi Fresh"}]},{"@type":"WebSite","@id":"https:\/\/miumjau.ee\/#website","url":"https:\/\/miumjau.ee\/","name":"MiuMjau","description":"Kraapimispuud kassidele","publisher":{"@id":"https:\/\/miumjau.ee\/#organization"},"potentialAction":[{"@type":"SearchAction","target":{"@type":"EntryPoint","urlTemplate":"https:\/\/miumjau.ee\/?s={search_term_string}"},"query-input":{"@type":"PropertyValueSpecification","valueRequired":true,"valueName":"search_term_string"}}],"inLanguage":"lt-LT"},{"@type":"Organization","@id":"https:\/\/miumjau.ee\/#organization","name":"MiuMjau O\u00dc","url":"https:\/\/miumjau.ee\/","logo":{"@type":"ImageObject","inLanguage":"lt-LT","@id":"https:\/\/miumjau.ee\/#\/schema\/logo\/image\/","url":"https:\/\/miumjau.ee\/wp-content\/uploads\/2022\/04\/MiuMjau-logo-kollane.png","contentUrl":"https:\/\/miumjau.ee\/wp-content\/uploads\/2022\/04\/MiuMjau-logo-kollane.png","width":219,"height":100,"caption":"MiuMjau O\u00dc"},"image":{"@id":"https:\/\/miumjau.ee\/#\/schema\/logo\/image\/"},"sameAs":["https:\/\/www.facebook.com\/miumjaupood\/"]}]}},"_links":{"self":[{"href":"https:\/\/miumjau.ee\/lt\/wp-json\/wp\/v2\/product\/49325","targetHints":{"allow":["GET"]}}],"collection":[{"href":"https:\/\/miumjau.ee\/lt\/wp-json\/wp\/v2\/product"}],"about":[{"href":"https:\/\/miumjau.ee\/lt\/wp-json\/wp\/v2\/types\/product"}],"wp:featuredmedia":[{"embeddable":true,"href":"https:\/\/miumjau.ee\/lt\/wp-json\/wp\/v2\/media\/49322"}],"wp:attachment":[{"href":"https:\/\/miumjau.ee\/lt\/wp-json\/wp\/v2\/media?parent=49325"}],"wp:term":[{"taxonomy":"product_brand","embeddable":true,"href":"https:\/\/miumjau.ee\/lt\/wp-json\/wp\/v2\/product_brand?post=49325"},{"taxonomy":"product_cat","embeddable":true,"href":"https:\/\/miumjau.ee\/lt\/wp-json\/wp\/v2\/product_cat?post=49325"},{"taxonomy":"product_tag","embeddable":true,"href":"https:\/\/miumjau.ee\/lt\/wp-json\/wp\/v2\/product_tag?post=49325"}],"curies":[{"name":"wp","href":"https:\/\/api.w.org\/{rel}","templated":true}]}}