{"id":49311,"date":"2025-06-18T17:32:38","date_gmt":"2025-06-18T14:32:38","guid":{"rendered":"https:\/\/miumjau.ee\/toode\/bugalugs-papaju-ir-kokosu-kvapo-2-in-1-sampunas-250-ml\/"},"modified":"2026-01-07T20:43:30","modified_gmt":"2026-01-07T18:43:30","slug":"bugalugs-papaju-ir-kokosu-kvapo-2-in-1-sampunas-250-ml","status":"publish","type":"product","link":"https:\/\/miumjau.ee\/lt\/produktas\/bugalugs-papaju-ir-kokosu-kvapo-2-in-1-sampunas-250-ml\/","title":{"rendered":"Bugalugs Papaj\u0173 ir Kokos\u0173 Kvapo 2-in-1 \u0160amp\u016bnas 250 ml"},"content":{"rendered":"","protected":false},"excerpt":{"rendered":"<p data-start=\"5169\" data-end=\"5467\">Ilgai i\u0161liekantis papaj\u0173 ir kokos\u0173 kvapo 2-in-1 \u0161amp\u016bnas su kondicionieriumi \u0161unims, kuris ramina, valo, puosel\u0117ja ir dr\u0117kina. \u0160amp\u016bnas giliai i\u0161valo kail\u012f, nedirgindamas odos, palikdamas j\u012f \u0161var\u0173, \u0161veln\u0173 ir maloniai kvepiant\u012f. Tinka \u0161unims nuo 8 savai\u010di\u0173 am\u017eiaus ir vis\u0173 tip\u0173 kailiui. Be paraben\u0173.<\/p>\n<p data-start=\"5469\" data-end=\"5908\">\u0160is sodraus papaj\u0173 ir kokos\u0173 aromato 2-in-1 \u0161amp\u016bnas su kondicionieriumi turi koloidini\u0173 avi\u017e\u0173 milt\u0173 ir kokos\u0173 aliejaus, kurie valo, ramina ir maitina \u0161uns od\u0105 bei kail\u012f. Siekiant i\u0161vengti sausos odos ir suteikti kailiui \u017evilgesio, augintin\u012f rekomenduojama maudyti reguliariai. Kokos\u0173 aliejus \u0161velniai valo ir dr\u0117kina, o papaja padeda atkurti nat\u016bral\u0173 odos ir kailio dr\u0117gm\u0117s balans\u0105. Malonus tropinis kvapas i\u0161lieka juntamas ir po maudymo.<\/p>\n<p data-start=\"5910\" data-end=\"6170\"><strong data-start=\"5910\" data-end=\"5925\">Naudojimas:<\/strong> Sudr\u0117kinkite \u0161uns kail\u012f \u0161iltu vandeniu. Galima skiesti santykiu 10:1. U\u017etepkite \u0161amp\u016bn\u0105, suputokite ir kruop\u0161\u010diai nuskalaukite. Nusausinkite. Venkite patekimo \u012f akis \u2013 patekus, gausiai praplauti vandeniu. Laikyti vaikams nepasiekiamoje vietoje.<\/p>\n<p data-start=\"6172\" data-end=\"6639\"><strong data-start=\"6172\" data-end=\"6184\">Sud\u0117tis:<\/strong> Aqua, Sodium Laureth Sulfate, Glycerin, Cocamidopropyl Betaine, Coco-Glucoside, Glyceryl Oleate, Parfum, Polyglyceryl-2 Caprate, Glycol Distearate, Sodium Chloride, Benzophenone-4, Sodium Hydroxide, Citric Acid, Laureth-4, Coconut Oil, Papaya Fruit Extract, Avena Sativa (Avi\u017e\u0173) Kernel Flour, Lactic Acid, Hydrogenated Palm Glycerides Citrate, Tocopherol, Leuconostoc\/Radish Root Ferment Filtrate, Polysorbate 20, Polyquaternium-4, Phenoxyethanol, CI 11.<\/p>\n<p data-start=\"6641\" data-end=\"6675\" data-is-last-node=\"\" data-is-only-node=\"\"><strong data-start=\"6641\" data-end=\"6656\">Gamintojas:<\/strong> Lakeland Cosmetics<\/p>\n","protected":false},"featured_media":49308,"template":"","meta":[],"product_brand":[],"product_cat":[542],"product_tag":[],"class_list":{"0":"post-49311","1":"product","2":"type-product","3":"status-publish","4":"has-post-thumbnail","6":"product_cat-prieziuros-priemones-sunims","8":"first","9":"instock","10":"taxable","11":"shipping-taxable","12":"purchasable","13":"product-type-simple"},"yoast_head":"<!-- This site is optimized with the Yoast SEO plugin v27.2 - https:\/\/yoast.com\/product\/yoast-seo-wordpress\/ -->\n<title>Bugalugs Papaj\u0173 ir Kokos\u0173 Kvapo 2-in-1 \u0160amp\u016bnas 250 ml - MiuMjau<\/title>\n<meta name=\"robots\" content=\"index, follow, max-snippet:-1, max-image-preview:large, max-video-preview:-1\" \/>\n<link rel=\"canonical\" href=\"https:\/\/miumjau.ee\/lt\/produktas\/bugalugs-papaju-ir-kokosu-kvapo-2-in-1-sampunas-250-ml\/\" \/>\n<meta property=\"og:locale\" content=\"lt_LT\" \/>\n<meta property=\"og:type\" content=\"article\" \/>\n<meta property=\"og:title\" content=\"Bugalugs Papaj\u0173 ir Kokos\u0173 Kvapo 2-in-1 \u0160amp\u016bnas 250 ml - MiuMjau\" \/>\n<meta property=\"og:description\" content=\"Ilgai i\u0161liekantis papaj\u0173 ir kokos\u0173 kvapo 2-in-1 \u0161amp\u016bnas su kondicionieriumi \u0161unims, kuris ramina, valo, puosel\u0117ja ir dr\u0117kina. \u0160amp\u016bnas giliai i\u0161valo kail\u012f, nedirgindamas odos, palikdamas j\u012f \u0161var\u0173, \u0161veln\u0173 ir maloniai kvepiant\u012f. Tinka \u0161unims nuo 8 savai\u010di\u0173 am\u017eiaus ir vis\u0173 tip\u0173 kailiui. Be paraben\u0173. \u0160is sodraus papaj\u0173 ir kokos\u0173 aromato 2-in-1 \u0161amp\u016bnas su kondicionieriumi turi koloidini\u0173 avi\u017e\u0173 milt\u0173 ir kokos\u0173 aliejaus, kurie valo, ramina ir maitina \u0161uns od\u0105 bei kail\u012f. Siekiant i\u0161vengti sausos odos ir suteikti kailiui \u017evilgesio, augintin\u012f rekomenduojama maudyti reguliariai. Kokos\u0173 aliejus \u0161velniai valo ir dr\u0117kina, o papaja padeda atkurti nat\u016bral\u0173 odos ir kailio dr\u0117gm\u0117s balans\u0105. Malonus tropinis kvapas i\u0161lieka juntamas ir po maudymo. Naudojimas: Sudr\u0117kinkite \u0161uns kail\u012f \u0161iltu vandeniu. Galima skiesti santykiu 10:1. U\u017etepkite \u0161amp\u016bn\u0105, suputokite ir kruop\u0161\u010diai nuskalaukite. Nusausinkite. Venkite patekimo \u012f akis \u2013 patekus, gausiai praplauti vandeniu. Laikyti vaikams nepasiekiamoje vietoje. Sud\u0117tis: Aqua, Sodium Laureth Sulfate, Glycerin, Cocamidopropyl Betaine, Coco-Glucoside, Glyceryl Oleate, Parfum, Polyglyceryl-2 Caprate, Glycol Distearate, Sodium Chloride, Benzophenone-4, Sodium Hydroxide, Citric Acid, Laureth-4, Coconut Oil, Papaya Fruit Extract, Avena Sativa (Avi\u017e\u0173) Kernel Flour, Lactic Acid, Hydrogenated Palm Glycerides Citrate, Tocopherol, Leuconostoc\/Radish Root Ferment Filtrate, Polysorbate 20, Polyquaternium-4, Phenoxyethanol, CI 11. Gamintojas: Lakeland Cosmetics\" \/>\n<meta property=\"og:url\" content=\"https:\/\/miumjau.ee\/lt\/produktas\/bugalugs-papaju-ir-kokosu-kvapo-2-in-1-sampunas-250-ml\/\" \/>\n<meta property=\"og:site_name\" content=\"MiuMjau\" \/>\n<meta property=\"article:publisher\" content=\"https:\/\/www.facebook.com\/miumjaupood\/\" \/>\n<meta property=\"article:modified_time\" content=\"2026-01-07T18:43:30+00:00\" \/>\n<meta property=\"og:image\" content=\"https:\/\/miumjau.ee\/wp-content\/uploads\/2025\/06\/bugalugs-2in1-sampoon-papaia-kookos2-1.webp\" \/>\n\t<meta property=\"og:image:width\" content=\"600\" \/>\n\t<meta property=\"og:image:height\" content=\"800\" \/>\n\t<meta property=\"og:image:type\" content=\"image\/webp\" \/>\n<meta name=\"twitter:card\" content=\"summary_large_image\" \/>\n<script type=\"application\/ld+json\" class=\"yoast-schema-graph\">{\"@context\":\"https:\/\/schema.org\",\"@graph\":[{\"@type\":\"WebPage\",\"@id\":\"https:\/\/miumjau.ee\/lt\/produktas\/bugalugs-papaju-ir-kokosu-kvapo-2-in-1-sampunas-250-ml\/\",\"url\":\"https:\/\/miumjau.ee\/lt\/produktas\/bugalugs-papaju-ir-kokosu-kvapo-2-in-1-sampunas-250-ml\/\",\"name\":\"Bugalugs Papaj\u0173 ir Kokos\u0173 Kvapo 2-in-1 \u0160amp\u016bnas 250 ml - MiuMjau\",\"isPartOf\":{\"@id\":\"https:\/\/miumjau.ee\/#website\"},\"primaryImageOfPage\":{\"@id\":\"https:\/\/miumjau.ee\/lt\/produktas\/bugalugs-papaju-ir-kokosu-kvapo-2-in-1-sampunas-250-ml\/#primaryimage\"},\"image\":{\"@id\":\"https:\/\/miumjau.ee\/lt\/produktas\/bugalugs-papaju-ir-kokosu-kvapo-2-in-1-sampunas-250-ml\/#primaryimage\"},\"thumbnailUrl\":\"https:\/\/miumjau.ee\/wp-content\/uploads\/2025\/06\/bugalugs-2in1-sampoon-papaia-kookos2-1.webp\",\"datePublished\":\"2025-06-18T14:32:38+00:00\",\"dateModified\":\"2026-01-07T18:43:30+00:00\",\"breadcrumb\":{\"@id\":\"https:\/\/miumjau.ee\/lt\/produktas\/bugalugs-papaju-ir-kokosu-kvapo-2-in-1-sampunas-250-ml\/#breadcrumb\"},\"inLanguage\":\"lt-LT\",\"potentialAction\":[{\"@type\":\"ReadAction\",\"target\":[\"https:\/\/miumjau.ee\/lt\/produktas\/bugalugs-papaju-ir-kokosu-kvapo-2-in-1-sampunas-250-ml\/\"]}]},{\"@type\":\"ImageObject\",\"inLanguage\":\"lt-LT\",\"@id\":\"https:\/\/miumjau.ee\/lt\/produktas\/bugalugs-papaju-ir-kokosu-kvapo-2-in-1-sampunas-250-ml\/#primaryimage\",\"url\":\"https:\/\/miumjau.ee\/wp-content\/uploads\/2025\/06\/bugalugs-2in1-sampoon-papaia-kookos2-1.webp\",\"contentUrl\":\"https:\/\/miumjau.ee\/wp-content\/uploads\/2025\/06\/bugalugs-2in1-sampoon-papaia-kookos2-1.webp\",\"width\":600,\"height\":800},{\"@type\":\"BreadcrumbList\",\"@id\":\"https:\/\/miumjau.ee\/lt\/produktas\/bugalugs-papaju-ir-kokosu-kvapo-2-in-1-sampunas-250-ml\/#breadcrumb\",\"itemListElement\":[{\"@type\":\"ListItem\",\"position\":1,\"name\":\"Home\",\"item\":\"https:\/\/miumjau.ee\/lt\/\"},{\"@type\":\"ListItem\",\"position\":2,\"name\":\"Parduotuv\u0117\",\"item\":\"https:\/\/miumjau.ee\/lt\/parduotuve\/\"},{\"@type\":\"ListItem\",\"position\":3,\"name\":\"Bugalugs Papaj\u0173 ir Kokos\u0173 Kvapo 2-in-1 \u0160amp\u016bnas 250 ml\"}]},{\"@type\":\"WebSite\",\"@id\":\"https:\/\/miumjau.ee\/#website\",\"url\":\"https:\/\/miumjau.ee\/\",\"name\":\"MiuMjau\",\"description\":\"Kraapimispuud kassidele\",\"publisher\":{\"@id\":\"https:\/\/miumjau.ee\/#organization\"},\"potentialAction\":[{\"@type\":\"SearchAction\",\"target\":{\"@type\":\"EntryPoint\",\"urlTemplate\":\"https:\/\/miumjau.ee\/?s={search_term_string}\"},\"query-input\":{\"@type\":\"PropertyValueSpecification\",\"valueRequired\":true,\"valueName\":\"search_term_string\"}}],\"inLanguage\":\"lt-LT\"},{\"@type\":\"Organization\",\"@id\":\"https:\/\/miumjau.ee\/#organization\",\"name\":\"MiuMjau O\u00dc\",\"url\":\"https:\/\/miumjau.ee\/\",\"logo\":{\"@type\":\"ImageObject\",\"inLanguage\":\"lt-LT\",\"@id\":\"https:\/\/miumjau.ee\/#\/schema\/logo\/image\/\",\"url\":\"https:\/\/miumjau.ee\/wp-content\/uploads\/2022\/04\/MiuMjau-logo-kollane.png\",\"contentUrl\":\"https:\/\/miumjau.ee\/wp-content\/uploads\/2022\/04\/MiuMjau-logo-kollane.png\",\"width\":219,\"height\":100,\"caption\":\"MiuMjau O\u00dc\"},\"image\":{\"@id\":\"https:\/\/miumjau.ee\/#\/schema\/logo\/image\/\"},\"sameAs\":[\"https:\/\/www.facebook.com\/miumjaupood\/\"]}]}<\/script>\n<!-- \/ Yoast SEO plugin. -->","yoast_head_json":{"title":"Bugalugs Papaj\u0173 ir Kokos\u0173 Kvapo 2-in-1 \u0160amp\u016bnas 250 ml - MiuMjau","robots":{"index":"index","follow":"follow","max-snippet":"max-snippet:-1","max-image-preview":"max-image-preview:large","max-video-preview":"max-video-preview:-1"},"canonical":"https:\/\/miumjau.ee\/lt\/produktas\/bugalugs-papaju-ir-kokosu-kvapo-2-in-1-sampunas-250-ml\/","og_locale":"lt_LT","og_type":"article","og_title":"Bugalugs Papaj\u0173 ir Kokos\u0173 Kvapo 2-in-1 \u0160amp\u016bnas 250 ml - MiuMjau","og_description":"Ilgai i\u0161liekantis papaj\u0173 ir kokos\u0173 kvapo 2-in-1 \u0161amp\u016bnas su kondicionieriumi \u0161unims, kuris ramina, valo, puosel\u0117ja ir dr\u0117kina. \u0160amp\u016bnas giliai i\u0161valo kail\u012f, nedirgindamas odos, palikdamas j\u012f \u0161var\u0173, \u0161veln\u0173 ir maloniai kvepiant\u012f. Tinka \u0161unims nuo 8 savai\u010di\u0173 am\u017eiaus ir vis\u0173 tip\u0173 kailiui. Be paraben\u0173. \u0160is sodraus papaj\u0173 ir kokos\u0173 aromato 2-in-1 \u0161amp\u016bnas su kondicionieriumi turi koloidini\u0173 avi\u017e\u0173 milt\u0173 ir kokos\u0173 aliejaus, kurie valo, ramina ir maitina \u0161uns od\u0105 bei kail\u012f. Siekiant i\u0161vengti sausos odos ir suteikti kailiui \u017evilgesio, augintin\u012f rekomenduojama maudyti reguliariai. Kokos\u0173 aliejus \u0161velniai valo ir dr\u0117kina, o papaja padeda atkurti nat\u016bral\u0173 odos ir kailio dr\u0117gm\u0117s balans\u0105. Malonus tropinis kvapas i\u0161lieka juntamas ir po maudymo. Naudojimas: Sudr\u0117kinkite \u0161uns kail\u012f \u0161iltu vandeniu. Galima skiesti santykiu 10:1. U\u017etepkite \u0161amp\u016bn\u0105, suputokite ir kruop\u0161\u010diai nuskalaukite. Nusausinkite. Venkite patekimo \u012f akis \u2013 patekus, gausiai praplauti vandeniu. Laikyti vaikams nepasiekiamoje vietoje. Sud\u0117tis: Aqua, Sodium Laureth Sulfate, Glycerin, Cocamidopropyl Betaine, Coco-Glucoside, Glyceryl Oleate, Parfum, Polyglyceryl-2 Caprate, Glycol Distearate, Sodium Chloride, Benzophenone-4, Sodium Hydroxide, Citric Acid, Laureth-4, Coconut Oil, Papaya Fruit Extract, Avena Sativa (Avi\u017e\u0173) Kernel Flour, Lactic Acid, Hydrogenated Palm Glycerides Citrate, Tocopherol, Leuconostoc\/Radish Root Ferment Filtrate, Polysorbate 20, Polyquaternium-4, Phenoxyethanol, CI 11. Gamintojas: Lakeland Cosmetics","og_url":"https:\/\/miumjau.ee\/lt\/produktas\/bugalugs-papaju-ir-kokosu-kvapo-2-in-1-sampunas-250-ml\/","og_site_name":"MiuMjau","article_publisher":"https:\/\/www.facebook.com\/miumjaupood\/","article_modified_time":"2026-01-07T18:43:30+00:00","og_image":[{"width":600,"height":800,"url":"https:\/\/miumjau.ee\/wp-content\/uploads\/2025\/06\/bugalugs-2in1-sampoon-papaia-kookos2-1.webp","type":"image\/webp"}],"twitter_card":"summary_large_image","schema":{"@context":"https:\/\/schema.org","@graph":[{"@type":"WebPage","@id":"https:\/\/miumjau.ee\/lt\/produktas\/bugalugs-papaju-ir-kokosu-kvapo-2-in-1-sampunas-250-ml\/","url":"https:\/\/miumjau.ee\/lt\/produktas\/bugalugs-papaju-ir-kokosu-kvapo-2-in-1-sampunas-250-ml\/","name":"Bugalugs Papaj\u0173 ir Kokos\u0173 Kvapo 2-in-1 \u0160amp\u016bnas 250 ml - MiuMjau","isPartOf":{"@id":"https:\/\/miumjau.ee\/#website"},"primaryImageOfPage":{"@id":"https:\/\/miumjau.ee\/lt\/produktas\/bugalugs-papaju-ir-kokosu-kvapo-2-in-1-sampunas-250-ml\/#primaryimage"},"image":{"@id":"https:\/\/miumjau.ee\/lt\/produktas\/bugalugs-papaju-ir-kokosu-kvapo-2-in-1-sampunas-250-ml\/#primaryimage"},"thumbnailUrl":"https:\/\/miumjau.ee\/wp-content\/uploads\/2025\/06\/bugalugs-2in1-sampoon-papaia-kookos2-1.webp","datePublished":"2025-06-18T14:32:38+00:00","dateModified":"2026-01-07T18:43:30+00:00","breadcrumb":{"@id":"https:\/\/miumjau.ee\/lt\/produktas\/bugalugs-papaju-ir-kokosu-kvapo-2-in-1-sampunas-250-ml\/#breadcrumb"},"inLanguage":"lt-LT","potentialAction":[{"@type":"ReadAction","target":["https:\/\/miumjau.ee\/lt\/produktas\/bugalugs-papaju-ir-kokosu-kvapo-2-in-1-sampunas-250-ml\/"]}]},{"@type":"ImageObject","inLanguage":"lt-LT","@id":"https:\/\/miumjau.ee\/lt\/produktas\/bugalugs-papaju-ir-kokosu-kvapo-2-in-1-sampunas-250-ml\/#primaryimage","url":"https:\/\/miumjau.ee\/wp-content\/uploads\/2025\/06\/bugalugs-2in1-sampoon-papaia-kookos2-1.webp","contentUrl":"https:\/\/miumjau.ee\/wp-content\/uploads\/2025\/06\/bugalugs-2in1-sampoon-papaia-kookos2-1.webp","width":600,"height":800},{"@type":"BreadcrumbList","@id":"https:\/\/miumjau.ee\/lt\/produktas\/bugalugs-papaju-ir-kokosu-kvapo-2-in-1-sampunas-250-ml\/#breadcrumb","itemListElement":[{"@type":"ListItem","position":1,"name":"Home","item":"https:\/\/miumjau.ee\/lt\/"},{"@type":"ListItem","position":2,"name":"Parduotuv\u0117","item":"https:\/\/miumjau.ee\/lt\/parduotuve\/"},{"@type":"ListItem","position":3,"name":"Bugalugs Papaj\u0173 ir Kokos\u0173 Kvapo 2-in-1 \u0160amp\u016bnas 250 ml"}]},{"@type":"WebSite","@id":"https:\/\/miumjau.ee\/#website","url":"https:\/\/miumjau.ee\/","name":"MiuMjau","description":"Kraapimispuud kassidele","publisher":{"@id":"https:\/\/miumjau.ee\/#organization"},"potentialAction":[{"@type":"SearchAction","target":{"@type":"EntryPoint","urlTemplate":"https:\/\/miumjau.ee\/?s={search_term_string}"},"query-input":{"@type":"PropertyValueSpecification","valueRequired":true,"valueName":"search_term_string"}}],"inLanguage":"lt-LT"},{"@type":"Organization","@id":"https:\/\/miumjau.ee\/#organization","name":"MiuMjau O\u00dc","url":"https:\/\/miumjau.ee\/","logo":{"@type":"ImageObject","inLanguage":"lt-LT","@id":"https:\/\/miumjau.ee\/#\/schema\/logo\/image\/","url":"https:\/\/miumjau.ee\/wp-content\/uploads\/2022\/04\/MiuMjau-logo-kollane.png","contentUrl":"https:\/\/miumjau.ee\/wp-content\/uploads\/2022\/04\/MiuMjau-logo-kollane.png","width":219,"height":100,"caption":"MiuMjau O\u00dc"},"image":{"@id":"https:\/\/miumjau.ee\/#\/schema\/logo\/image\/"},"sameAs":["https:\/\/www.facebook.com\/miumjaupood\/"]}]}},"_links":{"self":[{"href":"https:\/\/miumjau.ee\/lt\/wp-json\/wp\/v2\/product\/49311","targetHints":{"allow":["GET"]}}],"collection":[{"href":"https:\/\/miumjau.ee\/lt\/wp-json\/wp\/v2\/product"}],"about":[{"href":"https:\/\/miumjau.ee\/lt\/wp-json\/wp\/v2\/types\/product"}],"wp:featuredmedia":[{"embeddable":true,"href":"https:\/\/miumjau.ee\/lt\/wp-json\/wp\/v2\/media\/49308"}],"wp:attachment":[{"href":"https:\/\/miumjau.ee\/lt\/wp-json\/wp\/v2\/media?parent=49311"}],"wp:term":[{"taxonomy":"product_brand","embeddable":true,"href":"https:\/\/miumjau.ee\/lt\/wp-json\/wp\/v2\/product_brand?post=49311"},{"taxonomy":"product_cat","embeddable":true,"href":"https:\/\/miumjau.ee\/lt\/wp-json\/wp\/v2\/product_cat?post=49311"},{"taxonomy":"product_tag","embeddable":true,"href":"https:\/\/miumjau.ee\/lt\/wp-json\/wp\/v2\/product_tag?post=49311"}],"curies":[{"name":"wp","href":"https:\/\/api.w.org\/{rel}","templated":true}]}}