{"id":49288,"date":"2025-06-18T18:06:26","date_gmt":"2025-06-18T15:06:26","guid":{"rendered":"https:\/\/miumjau.ee\/toode\/bugalugs-luxury-2in1-sampunas-ir-kondicionierius-katems-250-ml\/"},"modified":"2026-01-07T20:43:37","modified_gmt":"2026-01-07T18:43:37","slug":"bugalugs-luxury-2in1-sampunas-ir-kondicionierius-katems-250-ml","status":"publish","type":"product","link":"https:\/\/miumjau.ee\/lt\/produktas\/bugalugs-luxury-2in1-sampunas-ir-kondicionierius-katems-250-ml\/","title":{"rendered":"Bugalugs Luxury 2in1 \u0160amp\u016bnas ir Kondicionierius Kat\u0117ms 250 ml"},"content":{"rendered":"","protected":false},"excerpt":{"rendered":"<p data-start=\"6407\" data-end=\"6605\">\u201eBugalugs Luxury\u201c 2in1 \u0161amp\u016bnas ir kondicionierius kat\u0117ms praturtintas papajomis ir kokosais, kad palepint\u0173 j\u016bs\u0173 kat\u0119 prabangiais putojan\u010diais burbulais ir suteikt\u0173 ilgai i\u0161liekant\u012f tropin\u012f aromat\u0105.<\/p>\n<p data-start=\"6607\" data-end=\"6999\">\u0160is nepakartojamo kvapo \u0161amp\u016bnas su kondicionieriumi sud\u0117tyje turi koloidini\u0173 avi\u017e\u0173 ekstrakto ir kokos\u0173 aliejaus, kurie valo, ramina ir maitina kat\u0117s od\u0105 bei kail\u012f. Norint i\u0161vengti sausos odos ir suteikti sveik\u0105 blizges\u012f, \u0161\u012f augalin\u0117s kilm\u0117s kondicionieri\u0173 rekomenduojama naudoti reguliariai. Tai puikus maudymo produktas, kuris atgaivina kail\u012f, giliai i\u0161valo ir palengvina s\u0105v\u0117l\u0173 i\u0161\u0161ukavim\u0105!<\/p>\n<p data-start=\"7001\" data-end=\"7367\">\u0160is i\u0161skirtinis \u0161amp\u016bnas ir kondicionierius \u2013 puiki lepinti skirta prie\u017ei\u016bros priemon\u0117! Sud\u0117tyje yra nat\u016brali\u0173 ingredient\u0173, toki\u0173 kaip kokos\u0173 aliejus ir papaja. Kokos\u0173 aliejus pasi\u017eymi \u0161velniomis valan\u010diomis ir dr\u0117kinan\u010diomis savyb\u0117mis, o papaja padeda atkurti nat\u016bral\u0173 odos ir kailio dr\u0117gm\u0117s balans\u0105. Kartu su tropiniu aromatu j\u016bs\u0173 kat\u0117 kvep\u0117s ir jausis nuostabiai!<\/p>\n<p data-start=\"7369\" data-end=\"7381\"><strong data-start=\"7369\" data-end=\"7381\">Savyb\u0117s:<\/strong><\/p>\n<ul data-start=\"7382\" data-end=\"7798\">\n<li data-start=\"7382\" data-end=\"7439\">\n<p data-start=\"7384\" data-end=\"7439\">Nat\u016braliai maitinantis ir dr\u0117kinantis kondicionierius<\/p>\n<\/li>\n<li data-start=\"7440\" data-end=\"7500\">\n<p data-start=\"7442\" data-end=\"7500\">\u0160velniai valo kail\u012f, pa\u0161alindamas riebalus ir ne\u0161varumus<\/p>\n<\/li>\n<li data-start=\"7501\" data-end=\"7550\">\n<p data-start=\"7503\" data-end=\"7550\">Ilgai i\u0161liekantis prabangus tropinis aromatas<\/p>\n<\/li>\n<li data-start=\"7551\" data-end=\"7590\">\n<p data-start=\"7553\" data-end=\"7590\">Vegani\u0161kas, netestuotas su gyv\u016bnais<\/p>\n<\/li>\n<li data-start=\"7591\" data-end=\"7627\">\n<p data-start=\"7593\" data-end=\"7627\">Pagaminta Jungtin\u0117je Karalyst\u0117je<\/p>\n<\/li>\n<li data-start=\"7628\" data-end=\"7698\">\n<p data-start=\"7630\" data-end=\"7698\">Naudotas vanduo i\u0161 UNESCO pasaulio paveldo objekto \u2013 Leikdistrikto<\/p>\n<\/li>\n<li data-start=\"7699\" data-end=\"7739\">\n<p data-start=\"7701\" data-end=\"7739\">pH subalansuota, be paraben\u0173 formul\u0117<\/p>\n<\/li>\n<li data-start=\"7740\" data-end=\"7798\">\n<p data-start=\"7742\" data-end=\"7798\">Butelis pagamintas i\u0161 perdirbt\u0173 ir perdirbam\u0173 med\u017eiag\u0173<\/p>\n<\/li>\n<\/ul>\n<p data-start=\"7800\" data-end=\"8035\"><strong data-start=\"7800\" data-end=\"7826\">Naudojimo instrukcija:<\/strong> Sudr\u0117kinkite kat\u0117s kail\u012f \u0161iltu vandeniu. U\u017etepkite \u0161amp\u016bn\u0105, suputokite, kruop\u0161\u010diai nuskalaukite ir nusausinkite. Venkite patekimo \u012f akis \u2013 patekus, skalaukite vandeniu. Laikyti vaikams nepasiekiamoje vietoje.<\/p>\n<p data-start=\"8037\" data-end=\"8433\" data-is-last-node=\"\" data-is-only-node=\"\"><strong data-start=\"8037\" data-end=\"8049\">Sud\u0117tis:<\/strong> Aqua, Sodium Laureth Sulfate, Glycerin, Cocamidopropyl Betaine, Coco-Glucoside, Glyceryl Oleate, Fragrance (Parfum), Polyglyceryl-2 Caprate, Sodium Chloride, Benzophenone-4, Sodium Hydroxide, Citric Acid, Cocos Nucifera (Kokos\u0173) Oil, Carica Papaya (Papajos) Fruit Extract, Hydrogenated Palm Glycerides Citrate, Tocopherol, Polyquaternium-7, Phenoxyethanol, Sodium Benzoate, CI 14700.<\/p>\n","protected":false},"featured_media":49284,"template":"","meta":[],"product_brand":[],"product_cat":[523],"product_tag":[],"class_list":{"0":"post-49288","1":"product","2":"type-product","3":"status-publish","4":"has-post-thumbnail","6":"product_cat-kita","8":"first","9":"instock","10":"sale","11":"taxable","12":"shipping-taxable","13":"purchasable","14":"product-type-simple"},"yoast_head":"<!-- This site is optimized with the Yoast SEO plugin v27.2 - https:\/\/yoast.com\/product\/yoast-seo-wordpress\/ -->\n<title>Bugalugs Luxury 2in1 \u0160amp\u016bnas ir Kondicionierius Kat\u0117ms 250 ml - MiuMjau<\/title>\n<meta name=\"robots\" content=\"index, follow, max-snippet:-1, max-image-preview:large, max-video-preview:-1\" \/>\n<link rel=\"canonical\" href=\"https:\/\/miumjau.ee\/lt\/produktas\/bugalugs-luxury-2in1-sampunas-ir-kondicionierius-katems-250-ml\/\" \/>\n<meta property=\"og:locale\" content=\"lt_LT\" \/>\n<meta property=\"og:type\" content=\"article\" \/>\n<meta property=\"og:title\" content=\"Bugalugs Luxury 2in1 \u0160amp\u016bnas ir Kondicionierius Kat\u0117ms 250 ml - MiuMjau\" \/>\n<meta property=\"og:description\" content=\"\u201eBugalugs Luxury\u201c 2in1 \u0161amp\u016bnas ir kondicionierius kat\u0117ms praturtintas papajomis ir kokosais, kad palepint\u0173 j\u016bs\u0173 kat\u0119 prabangiais putojan\u010diais burbulais ir suteikt\u0173 ilgai i\u0161liekant\u012f tropin\u012f aromat\u0105. \u0160is nepakartojamo kvapo \u0161amp\u016bnas su kondicionieriumi sud\u0117tyje turi koloidini\u0173 avi\u017e\u0173 ekstrakto ir kokos\u0173 aliejaus, kurie valo, ramina ir maitina kat\u0117s od\u0105 bei kail\u012f. Norint i\u0161vengti sausos odos ir suteikti sveik\u0105 blizges\u012f, \u0161\u012f augalin\u0117s kilm\u0117s kondicionieri\u0173 rekomenduojama naudoti reguliariai. Tai puikus maudymo produktas, kuris atgaivina kail\u012f, giliai i\u0161valo ir palengvina s\u0105v\u0117l\u0173 i\u0161\u0161ukavim\u0105! \u0160is i\u0161skirtinis \u0161amp\u016bnas ir kondicionierius \u2013 puiki lepinti skirta prie\u017ei\u016bros priemon\u0117! Sud\u0117tyje yra nat\u016brali\u0173 ingredient\u0173, toki\u0173 kaip kokos\u0173 aliejus ir papaja. Kokos\u0173 aliejus pasi\u017eymi \u0161velniomis valan\u010diomis ir dr\u0117kinan\u010diomis savyb\u0117mis, o papaja padeda atkurti nat\u016bral\u0173 odos ir kailio dr\u0117gm\u0117s balans\u0105. Kartu su tropiniu aromatu j\u016bs\u0173 kat\u0117 kvep\u0117s ir jausis nuostabiai! Savyb\u0117s:     Nat\u016braliai maitinantis ir dr\u0117kinantis kondicionierius    \u0160velniai valo kail\u012f, pa\u0161alindamas riebalus ir ne\u0161varumus    Ilgai i\u0161liekantis prabangus tropinis aromatas    Vegani\u0161kas, netestuotas su gyv\u016bnais    Pagaminta Jungtin\u0117je Karalyst\u0117je    Naudotas vanduo i\u0161 UNESCO pasaulio paveldo objekto \u2013 Leikdistrikto    pH subalansuota, be paraben\u0173 formul\u0117    Butelis pagamintas i\u0161 perdirbt\u0173 ir perdirbam\u0173 med\u017eiag\u0173   Naudojimo instrukcija: Sudr\u0117kinkite kat\u0117s kail\u012f \u0161iltu vandeniu. U\u017etepkite \u0161amp\u016bn\u0105, suputokite, kruop\u0161\u010diai nuskalaukite ir nusausinkite. Venkite patekimo \u012f akis \u2013 patekus, skalaukite vandeniu. Laikyti vaikams nepasiekiamoje vietoje. Sud\u0117tis: Aqua, Sodium Laureth Sulfate, Glycerin, Cocamidopropyl Betaine, Coco-Glucoside, Glyceryl Oleate, Fragrance (Parfum), Polyglyceryl-2 Caprate, Sodium Chloride, Benzophenone-4, Sodium Hydroxide, Citric Acid, Cocos Nucifera (Kokos\u0173) Oil, Carica Papaya (Papajos) Fruit Extract, Hydrogenated Palm Glycerides Citrate, Tocopherol, Polyquaternium-7, Phenoxyethanol, Sodium Benzoate, CI 14700.\" \/>\n<meta property=\"og:url\" content=\"https:\/\/miumjau.ee\/lt\/produktas\/bugalugs-luxury-2in1-sampunas-ir-kondicionierius-katems-250-ml\/\" \/>\n<meta property=\"og:site_name\" content=\"MiuMjau\" \/>\n<meta property=\"article:publisher\" content=\"https:\/\/www.facebook.com\/miumjaupood\/\" \/>\n<meta property=\"article:modified_time\" content=\"2026-01-07T18:43:37+00:00\" \/>\n<meta property=\"og:image\" content=\"https:\/\/miumjau.ee\/wp-content\/uploads\/2025\/06\/sampoon-kassidele-bugalugs-luxury2in12.webp\" \/>\n\t<meta property=\"og:image:width\" content=\"600\" \/>\n\t<meta property=\"og:image:height\" content=\"800\" \/>\n\t<meta property=\"og:image:type\" content=\"image\/webp\" \/>\n<meta name=\"twitter:card\" content=\"summary_large_image\" \/>\n<script type=\"application\/ld+json\" class=\"yoast-schema-graph\">{\"@context\":\"https:\/\/schema.org\",\"@graph\":[{\"@type\":\"WebPage\",\"@id\":\"https:\/\/miumjau.ee\/lt\/produktas\/bugalugs-luxury-2in1-sampunas-ir-kondicionierius-katems-250-ml\/\",\"url\":\"https:\/\/miumjau.ee\/lt\/produktas\/bugalugs-luxury-2in1-sampunas-ir-kondicionierius-katems-250-ml\/\",\"name\":\"Bugalugs Luxury 2in1 \u0160amp\u016bnas ir Kondicionierius Kat\u0117ms 250 ml - MiuMjau\",\"isPartOf\":{\"@id\":\"https:\/\/miumjau.ee\/#website\"},\"primaryImageOfPage\":{\"@id\":\"https:\/\/miumjau.ee\/lt\/produktas\/bugalugs-luxury-2in1-sampunas-ir-kondicionierius-katems-250-ml\/#primaryimage\"},\"image\":{\"@id\":\"https:\/\/miumjau.ee\/lt\/produktas\/bugalugs-luxury-2in1-sampunas-ir-kondicionierius-katems-250-ml\/#primaryimage\"},\"thumbnailUrl\":\"https:\/\/miumjau.ee\/wp-content\/uploads\/2025\/06\/sampoon-kassidele-bugalugs-luxury2in12.webp\",\"datePublished\":\"2025-06-18T15:06:26+00:00\",\"dateModified\":\"2026-01-07T18:43:37+00:00\",\"breadcrumb\":{\"@id\":\"https:\/\/miumjau.ee\/lt\/produktas\/bugalugs-luxury-2in1-sampunas-ir-kondicionierius-katems-250-ml\/#breadcrumb\"},\"inLanguage\":\"lt-LT\",\"potentialAction\":[{\"@type\":\"ReadAction\",\"target\":[\"https:\/\/miumjau.ee\/lt\/produktas\/bugalugs-luxury-2in1-sampunas-ir-kondicionierius-katems-250-ml\/\"]}]},{\"@type\":\"ImageObject\",\"inLanguage\":\"lt-LT\",\"@id\":\"https:\/\/miumjau.ee\/lt\/produktas\/bugalugs-luxury-2in1-sampunas-ir-kondicionierius-katems-250-ml\/#primaryimage\",\"url\":\"https:\/\/miumjau.ee\/wp-content\/uploads\/2025\/06\/sampoon-kassidele-bugalugs-luxury2in12.webp\",\"contentUrl\":\"https:\/\/miumjau.ee\/wp-content\/uploads\/2025\/06\/sampoon-kassidele-bugalugs-luxury2in12.webp\",\"width\":600,\"height\":800},{\"@type\":\"BreadcrumbList\",\"@id\":\"https:\/\/miumjau.ee\/lt\/produktas\/bugalugs-luxury-2in1-sampunas-ir-kondicionierius-katems-250-ml\/#breadcrumb\",\"itemListElement\":[{\"@type\":\"ListItem\",\"position\":1,\"name\":\"Home\",\"item\":\"https:\/\/miumjau.ee\/lt\/\"},{\"@type\":\"ListItem\",\"position\":2,\"name\":\"Parduotuv\u0117\",\"item\":\"https:\/\/miumjau.ee\/lt\/parduotuve\/\"},{\"@type\":\"ListItem\",\"position\":3,\"name\":\"Bugalugs Luxury 2in1 \u0160amp\u016bnas ir Kondicionierius Kat\u0117ms 250 ml\"}]},{\"@type\":\"WebSite\",\"@id\":\"https:\/\/miumjau.ee\/#website\",\"url\":\"https:\/\/miumjau.ee\/\",\"name\":\"MiuMjau\",\"description\":\"Kraapimispuud kassidele\",\"publisher\":{\"@id\":\"https:\/\/miumjau.ee\/#organization\"},\"potentialAction\":[{\"@type\":\"SearchAction\",\"target\":{\"@type\":\"EntryPoint\",\"urlTemplate\":\"https:\/\/miumjau.ee\/?s={search_term_string}\"},\"query-input\":{\"@type\":\"PropertyValueSpecification\",\"valueRequired\":true,\"valueName\":\"search_term_string\"}}],\"inLanguage\":\"lt-LT\"},{\"@type\":\"Organization\",\"@id\":\"https:\/\/miumjau.ee\/#organization\",\"name\":\"MiuMjau O\u00dc\",\"url\":\"https:\/\/miumjau.ee\/\",\"logo\":{\"@type\":\"ImageObject\",\"inLanguage\":\"lt-LT\",\"@id\":\"https:\/\/miumjau.ee\/#\/schema\/logo\/image\/\",\"url\":\"https:\/\/miumjau.ee\/wp-content\/uploads\/2022\/04\/MiuMjau-logo-kollane.png\",\"contentUrl\":\"https:\/\/miumjau.ee\/wp-content\/uploads\/2022\/04\/MiuMjau-logo-kollane.png\",\"width\":219,\"height\":100,\"caption\":\"MiuMjau O\u00dc\"},\"image\":{\"@id\":\"https:\/\/miumjau.ee\/#\/schema\/logo\/image\/\"},\"sameAs\":[\"https:\/\/www.facebook.com\/miumjaupood\/\"]}]}<\/script>\n<!-- \/ Yoast SEO plugin. -->","yoast_head_json":{"title":"Bugalugs Luxury 2in1 \u0160amp\u016bnas ir Kondicionierius Kat\u0117ms 250 ml - MiuMjau","robots":{"index":"index","follow":"follow","max-snippet":"max-snippet:-1","max-image-preview":"max-image-preview:large","max-video-preview":"max-video-preview:-1"},"canonical":"https:\/\/miumjau.ee\/lt\/produktas\/bugalugs-luxury-2in1-sampunas-ir-kondicionierius-katems-250-ml\/","og_locale":"lt_LT","og_type":"article","og_title":"Bugalugs Luxury 2in1 \u0160amp\u016bnas ir Kondicionierius Kat\u0117ms 250 ml - MiuMjau","og_description":"\u201eBugalugs Luxury\u201c 2in1 \u0161amp\u016bnas ir kondicionierius kat\u0117ms praturtintas papajomis ir kokosais, kad palepint\u0173 j\u016bs\u0173 kat\u0119 prabangiais putojan\u010diais burbulais ir suteikt\u0173 ilgai i\u0161liekant\u012f tropin\u012f aromat\u0105. \u0160is nepakartojamo kvapo \u0161amp\u016bnas su kondicionieriumi sud\u0117tyje turi koloidini\u0173 avi\u017e\u0173 ekstrakto ir kokos\u0173 aliejaus, kurie valo, ramina ir maitina kat\u0117s od\u0105 bei kail\u012f. Norint i\u0161vengti sausos odos ir suteikti sveik\u0105 blizges\u012f, \u0161\u012f augalin\u0117s kilm\u0117s kondicionieri\u0173 rekomenduojama naudoti reguliariai. Tai puikus maudymo produktas, kuris atgaivina kail\u012f, giliai i\u0161valo ir palengvina s\u0105v\u0117l\u0173 i\u0161\u0161ukavim\u0105! \u0160is i\u0161skirtinis \u0161amp\u016bnas ir kondicionierius \u2013 puiki lepinti skirta prie\u017ei\u016bros priemon\u0117! Sud\u0117tyje yra nat\u016brali\u0173 ingredient\u0173, toki\u0173 kaip kokos\u0173 aliejus ir papaja. Kokos\u0173 aliejus pasi\u017eymi \u0161velniomis valan\u010diomis ir dr\u0117kinan\u010diomis savyb\u0117mis, o papaja padeda atkurti nat\u016bral\u0173 odos ir kailio dr\u0117gm\u0117s balans\u0105. Kartu su tropiniu aromatu j\u016bs\u0173 kat\u0117 kvep\u0117s ir jausis nuostabiai! Savyb\u0117s:     Nat\u016braliai maitinantis ir dr\u0117kinantis kondicionierius    \u0160velniai valo kail\u012f, pa\u0161alindamas riebalus ir ne\u0161varumus    Ilgai i\u0161liekantis prabangus tropinis aromatas    Vegani\u0161kas, netestuotas su gyv\u016bnais    Pagaminta Jungtin\u0117je Karalyst\u0117je    Naudotas vanduo i\u0161 UNESCO pasaulio paveldo objekto \u2013 Leikdistrikto    pH subalansuota, be paraben\u0173 formul\u0117    Butelis pagamintas i\u0161 perdirbt\u0173 ir perdirbam\u0173 med\u017eiag\u0173   Naudojimo instrukcija: Sudr\u0117kinkite kat\u0117s kail\u012f \u0161iltu vandeniu. U\u017etepkite \u0161amp\u016bn\u0105, suputokite, kruop\u0161\u010diai nuskalaukite ir nusausinkite. Venkite patekimo \u012f akis \u2013 patekus, skalaukite vandeniu. Laikyti vaikams nepasiekiamoje vietoje. Sud\u0117tis: Aqua, Sodium Laureth Sulfate, Glycerin, Cocamidopropyl Betaine, Coco-Glucoside, Glyceryl Oleate, Fragrance (Parfum), Polyglyceryl-2 Caprate, Sodium Chloride, Benzophenone-4, Sodium Hydroxide, Citric Acid, Cocos Nucifera (Kokos\u0173) Oil, Carica Papaya (Papajos) Fruit Extract, Hydrogenated Palm Glycerides Citrate, Tocopherol, Polyquaternium-7, Phenoxyethanol, Sodium Benzoate, CI 14700.","og_url":"https:\/\/miumjau.ee\/lt\/produktas\/bugalugs-luxury-2in1-sampunas-ir-kondicionierius-katems-250-ml\/","og_site_name":"MiuMjau","article_publisher":"https:\/\/www.facebook.com\/miumjaupood\/","article_modified_time":"2026-01-07T18:43:37+00:00","og_image":[{"width":600,"height":800,"url":"https:\/\/miumjau.ee\/wp-content\/uploads\/2025\/06\/sampoon-kassidele-bugalugs-luxury2in12.webp","type":"image\/webp"}],"twitter_card":"summary_large_image","schema":{"@context":"https:\/\/schema.org","@graph":[{"@type":"WebPage","@id":"https:\/\/miumjau.ee\/lt\/produktas\/bugalugs-luxury-2in1-sampunas-ir-kondicionierius-katems-250-ml\/","url":"https:\/\/miumjau.ee\/lt\/produktas\/bugalugs-luxury-2in1-sampunas-ir-kondicionierius-katems-250-ml\/","name":"Bugalugs Luxury 2in1 \u0160amp\u016bnas ir Kondicionierius Kat\u0117ms 250 ml - MiuMjau","isPartOf":{"@id":"https:\/\/miumjau.ee\/#website"},"primaryImageOfPage":{"@id":"https:\/\/miumjau.ee\/lt\/produktas\/bugalugs-luxury-2in1-sampunas-ir-kondicionierius-katems-250-ml\/#primaryimage"},"image":{"@id":"https:\/\/miumjau.ee\/lt\/produktas\/bugalugs-luxury-2in1-sampunas-ir-kondicionierius-katems-250-ml\/#primaryimage"},"thumbnailUrl":"https:\/\/miumjau.ee\/wp-content\/uploads\/2025\/06\/sampoon-kassidele-bugalugs-luxury2in12.webp","datePublished":"2025-06-18T15:06:26+00:00","dateModified":"2026-01-07T18:43:37+00:00","breadcrumb":{"@id":"https:\/\/miumjau.ee\/lt\/produktas\/bugalugs-luxury-2in1-sampunas-ir-kondicionierius-katems-250-ml\/#breadcrumb"},"inLanguage":"lt-LT","potentialAction":[{"@type":"ReadAction","target":["https:\/\/miumjau.ee\/lt\/produktas\/bugalugs-luxury-2in1-sampunas-ir-kondicionierius-katems-250-ml\/"]}]},{"@type":"ImageObject","inLanguage":"lt-LT","@id":"https:\/\/miumjau.ee\/lt\/produktas\/bugalugs-luxury-2in1-sampunas-ir-kondicionierius-katems-250-ml\/#primaryimage","url":"https:\/\/miumjau.ee\/wp-content\/uploads\/2025\/06\/sampoon-kassidele-bugalugs-luxury2in12.webp","contentUrl":"https:\/\/miumjau.ee\/wp-content\/uploads\/2025\/06\/sampoon-kassidele-bugalugs-luxury2in12.webp","width":600,"height":800},{"@type":"BreadcrumbList","@id":"https:\/\/miumjau.ee\/lt\/produktas\/bugalugs-luxury-2in1-sampunas-ir-kondicionierius-katems-250-ml\/#breadcrumb","itemListElement":[{"@type":"ListItem","position":1,"name":"Home","item":"https:\/\/miumjau.ee\/lt\/"},{"@type":"ListItem","position":2,"name":"Parduotuv\u0117","item":"https:\/\/miumjau.ee\/lt\/parduotuve\/"},{"@type":"ListItem","position":3,"name":"Bugalugs Luxury 2in1 \u0160amp\u016bnas ir Kondicionierius Kat\u0117ms 250 ml"}]},{"@type":"WebSite","@id":"https:\/\/miumjau.ee\/#website","url":"https:\/\/miumjau.ee\/","name":"MiuMjau","description":"Kraapimispuud kassidele","publisher":{"@id":"https:\/\/miumjau.ee\/#organization"},"potentialAction":[{"@type":"SearchAction","target":{"@type":"EntryPoint","urlTemplate":"https:\/\/miumjau.ee\/?s={search_term_string}"},"query-input":{"@type":"PropertyValueSpecification","valueRequired":true,"valueName":"search_term_string"}}],"inLanguage":"lt-LT"},{"@type":"Organization","@id":"https:\/\/miumjau.ee\/#organization","name":"MiuMjau O\u00dc","url":"https:\/\/miumjau.ee\/","logo":{"@type":"ImageObject","inLanguage":"lt-LT","@id":"https:\/\/miumjau.ee\/#\/schema\/logo\/image\/","url":"https:\/\/miumjau.ee\/wp-content\/uploads\/2022\/04\/MiuMjau-logo-kollane.png","contentUrl":"https:\/\/miumjau.ee\/wp-content\/uploads\/2022\/04\/MiuMjau-logo-kollane.png","width":219,"height":100,"caption":"MiuMjau O\u00dc"},"image":{"@id":"https:\/\/miumjau.ee\/#\/schema\/logo\/image\/"},"sameAs":["https:\/\/www.facebook.com\/miumjaupood\/"]}]}},"_links":{"self":[{"href":"https:\/\/miumjau.ee\/lt\/wp-json\/wp\/v2\/product\/49288","targetHints":{"allow":["GET"]}}],"collection":[{"href":"https:\/\/miumjau.ee\/lt\/wp-json\/wp\/v2\/product"}],"about":[{"href":"https:\/\/miumjau.ee\/lt\/wp-json\/wp\/v2\/types\/product"}],"wp:featuredmedia":[{"embeddable":true,"href":"https:\/\/miumjau.ee\/lt\/wp-json\/wp\/v2\/media\/49284"}],"wp:attachment":[{"href":"https:\/\/miumjau.ee\/lt\/wp-json\/wp\/v2\/media?parent=49288"}],"wp:term":[{"taxonomy":"product_brand","embeddable":true,"href":"https:\/\/miumjau.ee\/lt\/wp-json\/wp\/v2\/product_brand?post=49288"},{"taxonomy":"product_cat","embeddable":true,"href":"https:\/\/miumjau.ee\/lt\/wp-json\/wp\/v2\/product_cat?post=49288"},{"taxonomy":"product_tag","embeddable":true,"href":"https:\/\/miumjau.ee\/lt\/wp-json\/wp\/v2\/product_tag?post=49288"}],"curies":[{"name":"wp","href":"https:\/\/api.w.org\/{rel}","templated":true}]}}