{"id":49272,"date":"2025-06-18T22:21:43","date_gmt":"2025-06-18T19:21:43","guid":{"rendered":"https:\/\/miumjau.ee\/toode\/bugalugs-pries-tai-sudrekintos-akiu-serveteles-sunims-100-vnt\/"},"modified":"2026-01-07T20:43:37","modified_gmt":"2026-01-07T18:43:37","slug":"bugalugs-pries-tai-sudrekintos-akiu-serveteles-sunims-100-vnt","status":"publish","type":"product","link":"https:\/\/miumjau.ee\/lt\/produktas\/bugalugs-pries-tai-sudrekintos-akiu-serveteles-sunims-100-vnt\/","title":{"rendered":"Bugalugs prie\u0161 tai sudr\u0117kintos aki\u0173 servet\u0117l\u0117s \u0161unims, 100 vnt."},"content":{"rendered":"","protected":false},"excerpt":{"rendered":"<p data-start=\"3451\" data-end=\"3787\">Bugalugs dr\u0117gnos aki\u0173 servet\u0117l\u0117s padeda i\u0161laikyti j\u016bs\u0173 \u0161uns akis \u0161varias ir sveikas. M\u016bs\u0173 nat\u016bralaus sud\u0117ties servet\u0117l\u0117s \u0161velniai ir efektyviai pa\u0161alina a\u0161ar\u0173 d\u0117mes ir kitus aki\u0173 i\u0161skyrimus. \u0160ios prie\u0161 tai sudr\u0117kintos servet\u0117l\u0117s yra 100 % biologi\u0161kai skaid\u017eios ir tinkamos kasdieniam naudojimui, siekiant palaikyti ger\u0105 aki\u0173 sveikat\u0105.<\/p>\n<p data-start=\"3789\" data-end=\"4134\"><strong data-start=\"3789\" data-end=\"3815\">Naudojimo instrukcija:<\/strong> \u0160velniai nuvalykite srit\u012f po akimi, stumkite servet\u0117l\u0119 nuo apatini\u0173 voko link snukio. Visada stumkite servet\u0117l\u0119 nuo akies. Jei reikia, naudokite nauj\u0105 \u0161vari\u0105 servet\u0117l\u0119. Naudokite pagal poreik\u012f, kad aki\u0173 sritis b\u016bt\u0173 \u0161vari. Ypa\u010d tinka \u0161unims, kuri\u0173 akys i\u0161skiria per daug skys\u010dio arba turi u\u017esikim\u0161usius a\u0161ar\u0173 kanalus.<\/p>\n<p data-start=\"4136\" data-end=\"4484\"><strong data-start=\"4136\" data-end=\"4148\">Sud\u0117tis:<\/strong> Vanduo, Glicerinas, Decilglukozidas, Natrio benzoatas, Citrinos r\u016bg\u0161tis, Kalio sorbatas, Fenoksietanolis, Tetranatrio glutamato diacetatas, Nelumbium Speciosum (Indijos lotus) \u017eied\u0173 ekstraktas, Oenothera Biennis (vakarin\u0117 primula) s\u0117kl\u0173 ekstraktas, Panax Ginseng \u0161akn\u0173 ekstraktas, Passiflora Incarnata (kanapi\u0173 g\u0117l\u0117) \u017eied\u0173 ekstraktas<\/p>\n","protected":false},"featured_media":49269,"template":"","meta":[],"product_brand":[],"product_cat":[542],"product_tag":[],"class_list":{"0":"post-49272","1":"product","2":"type-product","3":"status-publish","4":"has-post-thumbnail","6":"product_cat-prieziuros-priemones-sunims","8":"first","9":"instock","10":"taxable","11":"shipping-taxable","12":"purchasable","13":"product-type-simple"},"yoast_head":"<!-- This site is optimized with the Yoast SEO plugin v27.2 - https:\/\/yoast.com\/product\/yoast-seo-wordpress\/ -->\n<title>Bugalugs prie\u0161 tai sudr\u0117kintos aki\u0173 servet\u0117l\u0117s \u0161unims, 100 vnt. - MiuMjau<\/title>\n<meta name=\"robots\" content=\"index, follow, max-snippet:-1, max-image-preview:large, max-video-preview:-1\" \/>\n<link rel=\"canonical\" href=\"https:\/\/miumjau.ee\/lt\/produktas\/bugalugs-pries-tai-sudrekintos-akiu-serveteles-sunims-100-vnt\/\" \/>\n<meta property=\"og:locale\" content=\"lt_LT\" \/>\n<meta property=\"og:type\" content=\"article\" \/>\n<meta property=\"og:title\" content=\"Bugalugs prie\u0161 tai sudr\u0117kintos aki\u0173 servet\u0117l\u0117s \u0161unims, 100 vnt. - MiuMjau\" \/>\n<meta property=\"og:description\" content=\"Bugalugs dr\u0117gnos aki\u0173 servet\u0117l\u0117s padeda i\u0161laikyti j\u016bs\u0173 \u0161uns akis \u0161varias ir sveikas. M\u016bs\u0173 nat\u016bralaus sud\u0117ties servet\u0117l\u0117s \u0161velniai ir efektyviai pa\u0161alina a\u0161ar\u0173 d\u0117mes ir kitus aki\u0173 i\u0161skyrimus. \u0160ios prie\u0161 tai sudr\u0117kintos servet\u0117l\u0117s yra 100 % biologi\u0161kai skaid\u017eios ir tinkamos kasdieniam naudojimui, siekiant palaikyti ger\u0105 aki\u0173 sveikat\u0105. Naudojimo instrukcija: \u0160velniai nuvalykite srit\u012f po akimi, stumkite servet\u0117l\u0119 nuo apatini\u0173 voko link snukio. Visada stumkite servet\u0117l\u0119 nuo akies. Jei reikia, naudokite nauj\u0105 \u0161vari\u0105 servet\u0117l\u0119. Naudokite pagal poreik\u012f, kad aki\u0173 sritis b\u016bt\u0173 \u0161vari. Ypa\u010d tinka \u0161unims, kuri\u0173 akys i\u0161skiria per daug skys\u010dio arba turi u\u017esikim\u0161usius a\u0161ar\u0173 kanalus. Sud\u0117tis: Vanduo, Glicerinas, Decilglukozidas, Natrio benzoatas, Citrinos r\u016bg\u0161tis, Kalio sorbatas, Fenoksietanolis, Tetranatrio glutamato diacetatas, Nelumbium Speciosum (Indijos lotus) \u017eied\u0173 ekstraktas, Oenothera Biennis (vakarin\u0117 primula) s\u0117kl\u0173 ekstraktas, Panax Ginseng \u0161akn\u0173 ekstraktas, Passiflora Incarnata (kanapi\u0173 g\u0117l\u0117) \u017eied\u0173 ekstraktas\" \/>\n<meta property=\"og:url\" content=\"https:\/\/miumjau.ee\/lt\/produktas\/bugalugs-pries-tai-sudrekintos-akiu-serveteles-sunims-100-vnt\/\" \/>\n<meta property=\"og:site_name\" content=\"MiuMjau\" \/>\n<meta property=\"article:publisher\" content=\"https:\/\/www.facebook.com\/miumjaupood\/\" \/>\n<meta property=\"article:modified_time\" content=\"2026-01-07T18:43:37+00:00\" \/>\n<meta property=\"og:image\" content=\"https:\/\/miumjau.ee\/wp-content\/uploads\/2025\/06\/slmapuhastus-apid-koertele-bugalugs3.webp\" \/>\n\t<meta property=\"og:image:width\" content=\"600\" \/>\n\t<meta property=\"og:image:height\" content=\"800\" \/>\n\t<meta property=\"og:image:type\" content=\"image\/webp\" \/>\n<meta name=\"twitter:card\" content=\"summary_large_image\" \/>\n<script type=\"application\/ld+json\" class=\"yoast-schema-graph\">{\"@context\":\"https:\/\/schema.org\",\"@graph\":[{\"@type\":\"WebPage\",\"@id\":\"https:\/\/miumjau.ee\/lt\/produktas\/bugalugs-pries-tai-sudrekintos-akiu-serveteles-sunims-100-vnt\/\",\"url\":\"https:\/\/miumjau.ee\/lt\/produktas\/bugalugs-pries-tai-sudrekintos-akiu-serveteles-sunims-100-vnt\/\",\"name\":\"Bugalugs prie\u0161 tai sudr\u0117kintos aki\u0173 servet\u0117l\u0117s \u0161unims, 100 vnt. - MiuMjau\",\"isPartOf\":{\"@id\":\"https:\/\/miumjau.ee\/#website\"},\"primaryImageOfPage\":{\"@id\":\"https:\/\/miumjau.ee\/lt\/produktas\/bugalugs-pries-tai-sudrekintos-akiu-serveteles-sunims-100-vnt\/#primaryimage\"},\"image\":{\"@id\":\"https:\/\/miumjau.ee\/lt\/produktas\/bugalugs-pries-tai-sudrekintos-akiu-serveteles-sunims-100-vnt\/#primaryimage\"},\"thumbnailUrl\":\"https:\/\/miumjau.ee\/wp-content\/uploads\/2025\/06\/slmapuhastus-apid-koertele-bugalugs3.webp\",\"datePublished\":\"2025-06-18T19:21:43+00:00\",\"dateModified\":\"2026-01-07T18:43:37+00:00\",\"breadcrumb\":{\"@id\":\"https:\/\/miumjau.ee\/lt\/produktas\/bugalugs-pries-tai-sudrekintos-akiu-serveteles-sunims-100-vnt\/#breadcrumb\"},\"inLanguage\":\"lt-LT\",\"potentialAction\":[{\"@type\":\"ReadAction\",\"target\":[\"https:\/\/miumjau.ee\/lt\/produktas\/bugalugs-pries-tai-sudrekintos-akiu-serveteles-sunims-100-vnt\/\"]}]},{\"@type\":\"ImageObject\",\"inLanguage\":\"lt-LT\",\"@id\":\"https:\/\/miumjau.ee\/lt\/produktas\/bugalugs-pries-tai-sudrekintos-akiu-serveteles-sunims-100-vnt\/#primaryimage\",\"url\":\"https:\/\/miumjau.ee\/wp-content\/uploads\/2025\/06\/slmapuhastus-apid-koertele-bugalugs3.webp\",\"contentUrl\":\"https:\/\/miumjau.ee\/wp-content\/uploads\/2025\/06\/slmapuhastus-apid-koertele-bugalugs3.webp\",\"width\":600,\"height\":800},{\"@type\":\"BreadcrumbList\",\"@id\":\"https:\/\/miumjau.ee\/lt\/produktas\/bugalugs-pries-tai-sudrekintos-akiu-serveteles-sunims-100-vnt\/#breadcrumb\",\"itemListElement\":[{\"@type\":\"ListItem\",\"position\":1,\"name\":\"Home\",\"item\":\"https:\/\/miumjau.ee\/lt\/\"},{\"@type\":\"ListItem\",\"position\":2,\"name\":\"Parduotuv\u0117\",\"item\":\"https:\/\/miumjau.ee\/lt\/parduotuve\/\"},{\"@type\":\"ListItem\",\"position\":3,\"name\":\"Bugalugs prie\u0161 tai sudr\u0117kintos aki\u0173 servet\u0117l\u0117s \u0161unims, 100 vnt.\"}]},{\"@type\":\"WebSite\",\"@id\":\"https:\/\/miumjau.ee\/#website\",\"url\":\"https:\/\/miumjau.ee\/\",\"name\":\"MiuMjau\",\"description\":\"Kraapimispuud kassidele\",\"publisher\":{\"@id\":\"https:\/\/miumjau.ee\/#organization\"},\"potentialAction\":[{\"@type\":\"SearchAction\",\"target\":{\"@type\":\"EntryPoint\",\"urlTemplate\":\"https:\/\/miumjau.ee\/?s={search_term_string}\"},\"query-input\":{\"@type\":\"PropertyValueSpecification\",\"valueRequired\":true,\"valueName\":\"search_term_string\"}}],\"inLanguage\":\"lt-LT\"},{\"@type\":\"Organization\",\"@id\":\"https:\/\/miumjau.ee\/#organization\",\"name\":\"MiuMjau O\u00dc\",\"url\":\"https:\/\/miumjau.ee\/\",\"logo\":{\"@type\":\"ImageObject\",\"inLanguage\":\"lt-LT\",\"@id\":\"https:\/\/miumjau.ee\/#\/schema\/logo\/image\/\",\"url\":\"https:\/\/miumjau.ee\/wp-content\/uploads\/2022\/04\/MiuMjau-logo-kollane.png\",\"contentUrl\":\"https:\/\/miumjau.ee\/wp-content\/uploads\/2022\/04\/MiuMjau-logo-kollane.png\",\"width\":219,\"height\":100,\"caption\":\"MiuMjau O\u00dc\"},\"image\":{\"@id\":\"https:\/\/miumjau.ee\/#\/schema\/logo\/image\/\"},\"sameAs\":[\"https:\/\/www.facebook.com\/miumjaupood\/\"]}]}<\/script>\n<!-- \/ Yoast SEO plugin. -->","yoast_head_json":{"title":"Bugalugs prie\u0161 tai sudr\u0117kintos aki\u0173 servet\u0117l\u0117s \u0161unims, 100 vnt. - MiuMjau","robots":{"index":"index","follow":"follow","max-snippet":"max-snippet:-1","max-image-preview":"max-image-preview:large","max-video-preview":"max-video-preview:-1"},"canonical":"https:\/\/miumjau.ee\/lt\/produktas\/bugalugs-pries-tai-sudrekintos-akiu-serveteles-sunims-100-vnt\/","og_locale":"lt_LT","og_type":"article","og_title":"Bugalugs prie\u0161 tai sudr\u0117kintos aki\u0173 servet\u0117l\u0117s \u0161unims, 100 vnt. - MiuMjau","og_description":"Bugalugs dr\u0117gnos aki\u0173 servet\u0117l\u0117s padeda i\u0161laikyti j\u016bs\u0173 \u0161uns akis \u0161varias ir sveikas. M\u016bs\u0173 nat\u016bralaus sud\u0117ties servet\u0117l\u0117s \u0161velniai ir efektyviai pa\u0161alina a\u0161ar\u0173 d\u0117mes ir kitus aki\u0173 i\u0161skyrimus. \u0160ios prie\u0161 tai sudr\u0117kintos servet\u0117l\u0117s yra 100 % biologi\u0161kai skaid\u017eios ir tinkamos kasdieniam naudojimui, siekiant palaikyti ger\u0105 aki\u0173 sveikat\u0105. Naudojimo instrukcija: \u0160velniai nuvalykite srit\u012f po akimi, stumkite servet\u0117l\u0119 nuo apatini\u0173 voko link snukio. Visada stumkite servet\u0117l\u0119 nuo akies. Jei reikia, naudokite nauj\u0105 \u0161vari\u0105 servet\u0117l\u0119. Naudokite pagal poreik\u012f, kad aki\u0173 sritis b\u016bt\u0173 \u0161vari. Ypa\u010d tinka \u0161unims, kuri\u0173 akys i\u0161skiria per daug skys\u010dio arba turi u\u017esikim\u0161usius a\u0161ar\u0173 kanalus. Sud\u0117tis: Vanduo, Glicerinas, Decilglukozidas, Natrio benzoatas, Citrinos r\u016bg\u0161tis, Kalio sorbatas, Fenoksietanolis, Tetranatrio glutamato diacetatas, Nelumbium Speciosum (Indijos lotus) \u017eied\u0173 ekstraktas, Oenothera Biennis (vakarin\u0117 primula) s\u0117kl\u0173 ekstraktas, Panax Ginseng \u0161akn\u0173 ekstraktas, Passiflora Incarnata (kanapi\u0173 g\u0117l\u0117) \u017eied\u0173 ekstraktas","og_url":"https:\/\/miumjau.ee\/lt\/produktas\/bugalugs-pries-tai-sudrekintos-akiu-serveteles-sunims-100-vnt\/","og_site_name":"MiuMjau","article_publisher":"https:\/\/www.facebook.com\/miumjaupood\/","article_modified_time":"2026-01-07T18:43:37+00:00","og_image":[{"width":600,"height":800,"url":"https:\/\/miumjau.ee\/wp-content\/uploads\/2025\/06\/slmapuhastus-apid-koertele-bugalugs3.webp","type":"image\/webp"}],"twitter_card":"summary_large_image","schema":{"@context":"https:\/\/schema.org","@graph":[{"@type":"WebPage","@id":"https:\/\/miumjau.ee\/lt\/produktas\/bugalugs-pries-tai-sudrekintos-akiu-serveteles-sunims-100-vnt\/","url":"https:\/\/miumjau.ee\/lt\/produktas\/bugalugs-pries-tai-sudrekintos-akiu-serveteles-sunims-100-vnt\/","name":"Bugalugs prie\u0161 tai sudr\u0117kintos aki\u0173 servet\u0117l\u0117s \u0161unims, 100 vnt. - MiuMjau","isPartOf":{"@id":"https:\/\/miumjau.ee\/#website"},"primaryImageOfPage":{"@id":"https:\/\/miumjau.ee\/lt\/produktas\/bugalugs-pries-tai-sudrekintos-akiu-serveteles-sunims-100-vnt\/#primaryimage"},"image":{"@id":"https:\/\/miumjau.ee\/lt\/produktas\/bugalugs-pries-tai-sudrekintos-akiu-serveteles-sunims-100-vnt\/#primaryimage"},"thumbnailUrl":"https:\/\/miumjau.ee\/wp-content\/uploads\/2025\/06\/slmapuhastus-apid-koertele-bugalugs3.webp","datePublished":"2025-06-18T19:21:43+00:00","dateModified":"2026-01-07T18:43:37+00:00","breadcrumb":{"@id":"https:\/\/miumjau.ee\/lt\/produktas\/bugalugs-pries-tai-sudrekintos-akiu-serveteles-sunims-100-vnt\/#breadcrumb"},"inLanguage":"lt-LT","potentialAction":[{"@type":"ReadAction","target":["https:\/\/miumjau.ee\/lt\/produktas\/bugalugs-pries-tai-sudrekintos-akiu-serveteles-sunims-100-vnt\/"]}]},{"@type":"ImageObject","inLanguage":"lt-LT","@id":"https:\/\/miumjau.ee\/lt\/produktas\/bugalugs-pries-tai-sudrekintos-akiu-serveteles-sunims-100-vnt\/#primaryimage","url":"https:\/\/miumjau.ee\/wp-content\/uploads\/2025\/06\/slmapuhastus-apid-koertele-bugalugs3.webp","contentUrl":"https:\/\/miumjau.ee\/wp-content\/uploads\/2025\/06\/slmapuhastus-apid-koertele-bugalugs3.webp","width":600,"height":800},{"@type":"BreadcrumbList","@id":"https:\/\/miumjau.ee\/lt\/produktas\/bugalugs-pries-tai-sudrekintos-akiu-serveteles-sunims-100-vnt\/#breadcrumb","itemListElement":[{"@type":"ListItem","position":1,"name":"Home","item":"https:\/\/miumjau.ee\/lt\/"},{"@type":"ListItem","position":2,"name":"Parduotuv\u0117","item":"https:\/\/miumjau.ee\/lt\/parduotuve\/"},{"@type":"ListItem","position":3,"name":"Bugalugs prie\u0161 tai sudr\u0117kintos aki\u0173 servet\u0117l\u0117s \u0161unims, 100 vnt."}]},{"@type":"WebSite","@id":"https:\/\/miumjau.ee\/#website","url":"https:\/\/miumjau.ee\/","name":"MiuMjau","description":"Kraapimispuud kassidele","publisher":{"@id":"https:\/\/miumjau.ee\/#organization"},"potentialAction":[{"@type":"SearchAction","target":{"@type":"EntryPoint","urlTemplate":"https:\/\/miumjau.ee\/?s={search_term_string}"},"query-input":{"@type":"PropertyValueSpecification","valueRequired":true,"valueName":"search_term_string"}}],"inLanguage":"lt-LT"},{"@type":"Organization","@id":"https:\/\/miumjau.ee\/#organization","name":"MiuMjau O\u00dc","url":"https:\/\/miumjau.ee\/","logo":{"@type":"ImageObject","inLanguage":"lt-LT","@id":"https:\/\/miumjau.ee\/#\/schema\/logo\/image\/","url":"https:\/\/miumjau.ee\/wp-content\/uploads\/2022\/04\/MiuMjau-logo-kollane.png","contentUrl":"https:\/\/miumjau.ee\/wp-content\/uploads\/2022\/04\/MiuMjau-logo-kollane.png","width":219,"height":100,"caption":"MiuMjau O\u00dc"},"image":{"@id":"https:\/\/miumjau.ee\/#\/schema\/logo\/image\/"},"sameAs":["https:\/\/www.facebook.com\/miumjaupood\/"]}]}},"_links":{"self":[{"href":"https:\/\/miumjau.ee\/lt\/wp-json\/wp\/v2\/product\/49272","targetHints":{"allow":["GET"]}}],"collection":[{"href":"https:\/\/miumjau.ee\/lt\/wp-json\/wp\/v2\/product"}],"about":[{"href":"https:\/\/miumjau.ee\/lt\/wp-json\/wp\/v2\/types\/product"}],"wp:featuredmedia":[{"embeddable":true,"href":"https:\/\/miumjau.ee\/lt\/wp-json\/wp\/v2\/media\/49269"}],"wp:attachment":[{"href":"https:\/\/miumjau.ee\/lt\/wp-json\/wp\/v2\/media?parent=49272"}],"wp:term":[{"taxonomy":"product_brand","embeddable":true,"href":"https:\/\/miumjau.ee\/lt\/wp-json\/wp\/v2\/product_brand?post=49272"},{"taxonomy":"product_cat","embeddable":true,"href":"https:\/\/miumjau.ee\/lt\/wp-json\/wp\/v2\/product_cat?post=49272"},{"taxonomy":"product_tag","embeddable":true,"href":"https:\/\/miumjau.ee\/lt\/wp-json\/wp\/v2\/product_tag?post=49272"}],"curies":[{"name":"wp","href":"https:\/\/api.w.org\/{rel}","templated":true}]}}