{"id":49258,"date":"2025-06-18T22:32:39","date_gmt":"2025-06-18T19:32:39","guid":{"rendered":"https:\/\/miumjau.ee\/toode\/bugalugs-neplaunamas-sampunas-sunims-baby-fresh-200ml\/"},"modified":"2026-01-07T20:43:37","modified_gmt":"2026-01-07T18:43:37","slug":"bugalugs-neplaunamas-sampunas-sunims-baby-fresh-200ml","status":"publish","type":"product","link":"https:\/\/miumjau.ee\/lt\/produktas\/bugalugs-neplaunamas-sampunas-sunims-baby-fresh-200ml\/","title":{"rendered":"Bugalugs neplaunamas \u0161amp\u016bnas \u0161unims \u201eBaby Fresh\u201c 200ml"},"content":{"rendered":"","protected":false},"excerpt":{"rendered":"<p data-start=\"4098\" data-end=\"4439\">Bugalugs Baby Fresh \u0161amp\u016bnas valo ir atgaivina j\u016bs\u0173 \u0161uns kail\u012f akimirksniu, nenaudojant vandens. \u0160is produktas puikiai tinka \u0161unims, kurie nem\u0117gsta tradicini\u0173 voni\u0173. Lengvai naudojama put\u0173 formul\u0117 palengvina prie\u017ei\u016br\u0105! I\u0161spauskite putas \u012f deln\u0105 arba tiesiai ant \u0161uns kailio ir \u012fmasa\u017euokite pir\u0161tais arba savo augintinio Bugalugs \u0161epet\u0117liu.<\/p>\n<p data-start=\"4441\" data-end=\"4770\">Neplaunama formul\u0117 yra labai \u0161velni, ta\u010diau efektyvi \u2013 pH subalansuota, vegani\u0161ka, be paraben\u0173 ir testuota ant \u017emoni\u0173, ne gyv\u016bn\u0173. Idealu kelion\u0117ms ar aktyviems \u0161unims ir j\u0173 \u0161eimininkams. Taip pat tinka \u0161unims, kurie nepakelia vandens voni\u0173. Baby Fresh \u0161amp\u016bnas palieka kail\u012f mink\u0161t\u0105, blizgant\u012f ir maloniai kvepiant\u012f vis\u0105 dien\u0105.<\/p>\n<p data-start=\"4772\" data-end=\"4816\">Tinka visoms \u0161un\u0173 veisl\u0117ms nuo 8 savait\u0117s.<\/p>\n<p data-start=\"4818\" data-end=\"4950\"><strong data-start=\"4818\" data-end=\"4845\">Naudojimo instrukcijos:<\/strong> I\u0161spauskite putas \u012f deln\u0105. U\u017etepkite ant sauso kailio, \u012fmasa\u017euokite ir i\u0161\u0161ukuokite. Nereikia skalauti.<\/p>\n<p data-start=\"4952\" data-end=\"5289\"><strong data-start=\"4952\" data-end=\"4964\">Sud\u0117tis:<\/strong> Vanduo, Glicerinas, Polisorbatas 20, Decilglukozidas, Metilpropandiolis, Kokamidopropilbetainas, Cetrimonium chloridas, Kvapas (Parfum), Kaprilglikolis, Natrio chloridas, Benzofenonas-4, Citrinos r\u016bg\u0161tis, Fenilpropanolis, Linalolis, Alfa-izometiljononas, Benzilcinnamatas, Citronelolis, Kuminas, Heksilcinnamalis, CI 17200<\/p>\n","protected":false},"featured_media":49255,"template":"","meta":[],"product_brand":[],"product_cat":[542],"product_tag":[],"class_list":{"0":"post-49258","1":"product","2":"type-product","3":"status-publish","4":"has-post-thumbnail","6":"product_cat-prieziuros-priemones-sunims","8":"first","9":"instock","10":"taxable","11":"shipping-taxable","12":"purchasable","13":"product-type-simple"},"yoast_head":"<!-- This site is optimized with the Yoast SEO plugin v27.2 - https:\/\/yoast.com\/product\/yoast-seo-wordpress\/ -->\n<title>Bugalugs neplaunamas \u0161amp\u016bnas \u0161unims \u201eBaby Fresh\u201c 200ml - MiuMjau<\/title>\n<meta name=\"robots\" content=\"index, follow, max-snippet:-1, max-image-preview:large, max-video-preview:-1\" \/>\n<link rel=\"canonical\" href=\"https:\/\/miumjau.ee\/lt\/produktas\/bugalugs-neplaunamas-sampunas-sunims-baby-fresh-200ml\/\" \/>\n<meta property=\"og:locale\" content=\"lt_LT\" \/>\n<meta property=\"og:type\" content=\"article\" \/>\n<meta property=\"og:title\" content=\"Bugalugs neplaunamas \u0161amp\u016bnas \u0161unims \u201eBaby Fresh\u201c 200ml - MiuMjau\" \/>\n<meta property=\"og:description\" content=\"Bugalugs Baby Fresh \u0161amp\u016bnas valo ir atgaivina j\u016bs\u0173 \u0161uns kail\u012f akimirksniu, nenaudojant vandens. \u0160is produktas puikiai tinka \u0161unims, kurie nem\u0117gsta tradicini\u0173 voni\u0173. Lengvai naudojama put\u0173 formul\u0117 palengvina prie\u017ei\u016br\u0105! I\u0161spauskite putas \u012f deln\u0105 arba tiesiai ant \u0161uns kailio ir \u012fmasa\u017euokite pir\u0161tais arba savo augintinio Bugalugs \u0161epet\u0117liu. Neplaunama formul\u0117 yra labai \u0161velni, ta\u010diau efektyvi \u2013 pH subalansuota, vegani\u0161ka, be paraben\u0173 ir testuota ant \u017emoni\u0173, ne gyv\u016bn\u0173. Idealu kelion\u0117ms ar aktyviems \u0161unims ir j\u0173 \u0161eimininkams. Taip pat tinka \u0161unims, kurie nepakelia vandens voni\u0173. Baby Fresh \u0161amp\u016bnas palieka kail\u012f mink\u0161t\u0105, blizgant\u012f ir maloniai kvepiant\u012f vis\u0105 dien\u0105. Tinka visoms \u0161un\u0173 veisl\u0117ms nuo 8 savait\u0117s. Naudojimo instrukcijos: I\u0161spauskite putas \u012f deln\u0105. U\u017etepkite ant sauso kailio, \u012fmasa\u017euokite ir i\u0161\u0161ukuokite. Nereikia skalauti. Sud\u0117tis: Vanduo, Glicerinas, Polisorbatas 20, Decilglukozidas, Metilpropandiolis, Kokamidopropilbetainas, Cetrimonium chloridas, Kvapas (Parfum), Kaprilglikolis, Natrio chloridas, Benzofenonas-4, Citrinos r\u016bg\u0161tis, Fenilpropanolis, Linalolis, Alfa-izometiljononas, Benzilcinnamatas, Citronelolis, Kuminas, Heksilcinnamalis, CI 17200\" \/>\n<meta property=\"og:url\" content=\"https:\/\/miumjau.ee\/lt\/produktas\/bugalugs-neplaunamas-sampunas-sunims-baby-fresh-200ml\/\" \/>\n<meta property=\"og:site_name\" content=\"MiuMjau\" \/>\n<meta property=\"article:publisher\" content=\"https:\/\/www.facebook.com\/miumjaupood\/\" \/>\n<meta property=\"article:modified_time\" content=\"2026-01-07T18:43:37+00:00\" \/>\n<meta property=\"og:image\" content=\"https:\/\/miumjau.ee\/wp-content\/uploads\/2025\/06\/bugalugs-koerte-sampoon-loputusvaba-babyfresh2-1.webp\" \/>\n\t<meta property=\"og:image:width\" content=\"600\" \/>\n\t<meta property=\"og:image:height\" content=\"800\" \/>\n\t<meta property=\"og:image:type\" content=\"image\/webp\" \/>\n<meta name=\"twitter:card\" content=\"summary_large_image\" \/>\n<script type=\"application\/ld+json\" class=\"yoast-schema-graph\">{\"@context\":\"https:\/\/schema.org\",\"@graph\":[{\"@type\":\"WebPage\",\"@id\":\"https:\/\/miumjau.ee\/lt\/produktas\/bugalugs-neplaunamas-sampunas-sunims-baby-fresh-200ml\/\",\"url\":\"https:\/\/miumjau.ee\/lt\/produktas\/bugalugs-neplaunamas-sampunas-sunims-baby-fresh-200ml\/\",\"name\":\"Bugalugs neplaunamas \u0161amp\u016bnas \u0161unims \u201eBaby Fresh\u201c 200ml - MiuMjau\",\"isPartOf\":{\"@id\":\"https:\/\/miumjau.ee\/#website\"},\"primaryImageOfPage\":{\"@id\":\"https:\/\/miumjau.ee\/lt\/produktas\/bugalugs-neplaunamas-sampunas-sunims-baby-fresh-200ml\/#primaryimage\"},\"image\":{\"@id\":\"https:\/\/miumjau.ee\/lt\/produktas\/bugalugs-neplaunamas-sampunas-sunims-baby-fresh-200ml\/#primaryimage\"},\"thumbnailUrl\":\"https:\/\/miumjau.ee\/wp-content\/uploads\/2025\/06\/bugalugs-koerte-sampoon-loputusvaba-babyfresh2-1.webp\",\"datePublished\":\"2025-06-18T19:32:39+00:00\",\"dateModified\":\"2026-01-07T18:43:37+00:00\",\"breadcrumb\":{\"@id\":\"https:\/\/miumjau.ee\/lt\/produktas\/bugalugs-neplaunamas-sampunas-sunims-baby-fresh-200ml\/#breadcrumb\"},\"inLanguage\":\"lt-LT\",\"potentialAction\":[{\"@type\":\"ReadAction\",\"target\":[\"https:\/\/miumjau.ee\/lt\/produktas\/bugalugs-neplaunamas-sampunas-sunims-baby-fresh-200ml\/\"]}]},{\"@type\":\"ImageObject\",\"inLanguage\":\"lt-LT\",\"@id\":\"https:\/\/miumjau.ee\/lt\/produktas\/bugalugs-neplaunamas-sampunas-sunims-baby-fresh-200ml\/#primaryimage\",\"url\":\"https:\/\/miumjau.ee\/wp-content\/uploads\/2025\/06\/bugalugs-koerte-sampoon-loputusvaba-babyfresh2-1.webp\",\"contentUrl\":\"https:\/\/miumjau.ee\/wp-content\/uploads\/2025\/06\/bugalugs-koerte-sampoon-loputusvaba-babyfresh2-1.webp\",\"width\":600,\"height\":800},{\"@type\":\"BreadcrumbList\",\"@id\":\"https:\/\/miumjau.ee\/lt\/produktas\/bugalugs-neplaunamas-sampunas-sunims-baby-fresh-200ml\/#breadcrumb\",\"itemListElement\":[{\"@type\":\"ListItem\",\"position\":1,\"name\":\"Home\",\"item\":\"https:\/\/miumjau.ee\/lt\/\"},{\"@type\":\"ListItem\",\"position\":2,\"name\":\"Parduotuv\u0117\",\"item\":\"https:\/\/miumjau.ee\/lt\/parduotuve\/\"},{\"@type\":\"ListItem\",\"position\":3,\"name\":\"Bugalugs neplaunamas \u0161amp\u016bnas \u0161unims \u201eBaby Fresh\u201c 200ml\"}]},{\"@type\":\"WebSite\",\"@id\":\"https:\/\/miumjau.ee\/#website\",\"url\":\"https:\/\/miumjau.ee\/\",\"name\":\"MiuMjau\",\"description\":\"Kraapimispuud kassidele\",\"publisher\":{\"@id\":\"https:\/\/miumjau.ee\/#organization\"},\"potentialAction\":[{\"@type\":\"SearchAction\",\"target\":{\"@type\":\"EntryPoint\",\"urlTemplate\":\"https:\/\/miumjau.ee\/?s={search_term_string}\"},\"query-input\":{\"@type\":\"PropertyValueSpecification\",\"valueRequired\":true,\"valueName\":\"search_term_string\"}}],\"inLanguage\":\"lt-LT\"},{\"@type\":\"Organization\",\"@id\":\"https:\/\/miumjau.ee\/#organization\",\"name\":\"MiuMjau O\u00dc\",\"url\":\"https:\/\/miumjau.ee\/\",\"logo\":{\"@type\":\"ImageObject\",\"inLanguage\":\"lt-LT\",\"@id\":\"https:\/\/miumjau.ee\/#\/schema\/logo\/image\/\",\"url\":\"https:\/\/miumjau.ee\/wp-content\/uploads\/2022\/04\/MiuMjau-logo-kollane.png\",\"contentUrl\":\"https:\/\/miumjau.ee\/wp-content\/uploads\/2022\/04\/MiuMjau-logo-kollane.png\",\"width\":219,\"height\":100,\"caption\":\"MiuMjau O\u00dc\"},\"image\":{\"@id\":\"https:\/\/miumjau.ee\/#\/schema\/logo\/image\/\"},\"sameAs\":[\"https:\/\/www.facebook.com\/miumjaupood\/\"]}]}<\/script>\n<!-- \/ Yoast SEO plugin. -->","yoast_head_json":{"title":"Bugalugs neplaunamas \u0161amp\u016bnas \u0161unims \u201eBaby Fresh\u201c 200ml - MiuMjau","robots":{"index":"index","follow":"follow","max-snippet":"max-snippet:-1","max-image-preview":"max-image-preview:large","max-video-preview":"max-video-preview:-1"},"canonical":"https:\/\/miumjau.ee\/lt\/produktas\/bugalugs-neplaunamas-sampunas-sunims-baby-fresh-200ml\/","og_locale":"lt_LT","og_type":"article","og_title":"Bugalugs neplaunamas \u0161amp\u016bnas \u0161unims \u201eBaby Fresh\u201c 200ml - MiuMjau","og_description":"Bugalugs Baby Fresh \u0161amp\u016bnas valo ir atgaivina j\u016bs\u0173 \u0161uns kail\u012f akimirksniu, nenaudojant vandens. \u0160is produktas puikiai tinka \u0161unims, kurie nem\u0117gsta tradicini\u0173 voni\u0173. Lengvai naudojama put\u0173 formul\u0117 palengvina prie\u017ei\u016br\u0105! I\u0161spauskite putas \u012f deln\u0105 arba tiesiai ant \u0161uns kailio ir \u012fmasa\u017euokite pir\u0161tais arba savo augintinio Bugalugs \u0161epet\u0117liu. Neplaunama formul\u0117 yra labai \u0161velni, ta\u010diau efektyvi \u2013 pH subalansuota, vegani\u0161ka, be paraben\u0173 ir testuota ant \u017emoni\u0173, ne gyv\u016bn\u0173. Idealu kelion\u0117ms ar aktyviems \u0161unims ir j\u0173 \u0161eimininkams. Taip pat tinka \u0161unims, kurie nepakelia vandens voni\u0173. Baby Fresh \u0161amp\u016bnas palieka kail\u012f mink\u0161t\u0105, blizgant\u012f ir maloniai kvepiant\u012f vis\u0105 dien\u0105. Tinka visoms \u0161un\u0173 veisl\u0117ms nuo 8 savait\u0117s. Naudojimo instrukcijos: I\u0161spauskite putas \u012f deln\u0105. U\u017etepkite ant sauso kailio, \u012fmasa\u017euokite ir i\u0161\u0161ukuokite. Nereikia skalauti. Sud\u0117tis: Vanduo, Glicerinas, Polisorbatas 20, Decilglukozidas, Metilpropandiolis, Kokamidopropilbetainas, Cetrimonium chloridas, Kvapas (Parfum), Kaprilglikolis, Natrio chloridas, Benzofenonas-4, Citrinos r\u016bg\u0161tis, Fenilpropanolis, Linalolis, Alfa-izometiljononas, Benzilcinnamatas, Citronelolis, Kuminas, Heksilcinnamalis, CI 17200","og_url":"https:\/\/miumjau.ee\/lt\/produktas\/bugalugs-neplaunamas-sampunas-sunims-baby-fresh-200ml\/","og_site_name":"MiuMjau","article_publisher":"https:\/\/www.facebook.com\/miumjaupood\/","article_modified_time":"2026-01-07T18:43:37+00:00","og_image":[{"width":600,"height":800,"url":"https:\/\/miumjau.ee\/wp-content\/uploads\/2025\/06\/bugalugs-koerte-sampoon-loputusvaba-babyfresh2-1.webp","type":"image\/webp"}],"twitter_card":"summary_large_image","schema":{"@context":"https:\/\/schema.org","@graph":[{"@type":"WebPage","@id":"https:\/\/miumjau.ee\/lt\/produktas\/bugalugs-neplaunamas-sampunas-sunims-baby-fresh-200ml\/","url":"https:\/\/miumjau.ee\/lt\/produktas\/bugalugs-neplaunamas-sampunas-sunims-baby-fresh-200ml\/","name":"Bugalugs neplaunamas \u0161amp\u016bnas \u0161unims \u201eBaby Fresh\u201c 200ml - MiuMjau","isPartOf":{"@id":"https:\/\/miumjau.ee\/#website"},"primaryImageOfPage":{"@id":"https:\/\/miumjau.ee\/lt\/produktas\/bugalugs-neplaunamas-sampunas-sunims-baby-fresh-200ml\/#primaryimage"},"image":{"@id":"https:\/\/miumjau.ee\/lt\/produktas\/bugalugs-neplaunamas-sampunas-sunims-baby-fresh-200ml\/#primaryimage"},"thumbnailUrl":"https:\/\/miumjau.ee\/wp-content\/uploads\/2025\/06\/bugalugs-koerte-sampoon-loputusvaba-babyfresh2-1.webp","datePublished":"2025-06-18T19:32:39+00:00","dateModified":"2026-01-07T18:43:37+00:00","breadcrumb":{"@id":"https:\/\/miumjau.ee\/lt\/produktas\/bugalugs-neplaunamas-sampunas-sunims-baby-fresh-200ml\/#breadcrumb"},"inLanguage":"lt-LT","potentialAction":[{"@type":"ReadAction","target":["https:\/\/miumjau.ee\/lt\/produktas\/bugalugs-neplaunamas-sampunas-sunims-baby-fresh-200ml\/"]}]},{"@type":"ImageObject","inLanguage":"lt-LT","@id":"https:\/\/miumjau.ee\/lt\/produktas\/bugalugs-neplaunamas-sampunas-sunims-baby-fresh-200ml\/#primaryimage","url":"https:\/\/miumjau.ee\/wp-content\/uploads\/2025\/06\/bugalugs-koerte-sampoon-loputusvaba-babyfresh2-1.webp","contentUrl":"https:\/\/miumjau.ee\/wp-content\/uploads\/2025\/06\/bugalugs-koerte-sampoon-loputusvaba-babyfresh2-1.webp","width":600,"height":800},{"@type":"BreadcrumbList","@id":"https:\/\/miumjau.ee\/lt\/produktas\/bugalugs-neplaunamas-sampunas-sunims-baby-fresh-200ml\/#breadcrumb","itemListElement":[{"@type":"ListItem","position":1,"name":"Home","item":"https:\/\/miumjau.ee\/lt\/"},{"@type":"ListItem","position":2,"name":"Parduotuv\u0117","item":"https:\/\/miumjau.ee\/lt\/parduotuve\/"},{"@type":"ListItem","position":3,"name":"Bugalugs neplaunamas \u0161amp\u016bnas \u0161unims \u201eBaby Fresh\u201c 200ml"}]},{"@type":"WebSite","@id":"https:\/\/miumjau.ee\/#website","url":"https:\/\/miumjau.ee\/","name":"MiuMjau","description":"Kraapimispuud kassidele","publisher":{"@id":"https:\/\/miumjau.ee\/#organization"},"potentialAction":[{"@type":"SearchAction","target":{"@type":"EntryPoint","urlTemplate":"https:\/\/miumjau.ee\/?s={search_term_string}"},"query-input":{"@type":"PropertyValueSpecification","valueRequired":true,"valueName":"search_term_string"}}],"inLanguage":"lt-LT"},{"@type":"Organization","@id":"https:\/\/miumjau.ee\/#organization","name":"MiuMjau O\u00dc","url":"https:\/\/miumjau.ee\/","logo":{"@type":"ImageObject","inLanguage":"lt-LT","@id":"https:\/\/miumjau.ee\/#\/schema\/logo\/image\/","url":"https:\/\/miumjau.ee\/wp-content\/uploads\/2022\/04\/MiuMjau-logo-kollane.png","contentUrl":"https:\/\/miumjau.ee\/wp-content\/uploads\/2022\/04\/MiuMjau-logo-kollane.png","width":219,"height":100,"caption":"MiuMjau O\u00dc"},"image":{"@id":"https:\/\/miumjau.ee\/#\/schema\/logo\/image\/"},"sameAs":["https:\/\/www.facebook.com\/miumjaupood\/"]}]}},"_links":{"self":[{"href":"https:\/\/miumjau.ee\/lt\/wp-json\/wp\/v2\/product\/49258","targetHints":{"allow":["GET"]}}],"collection":[{"href":"https:\/\/miumjau.ee\/lt\/wp-json\/wp\/v2\/product"}],"about":[{"href":"https:\/\/miumjau.ee\/lt\/wp-json\/wp\/v2\/types\/product"}],"wp:featuredmedia":[{"embeddable":true,"href":"https:\/\/miumjau.ee\/lt\/wp-json\/wp\/v2\/media\/49255"}],"wp:attachment":[{"href":"https:\/\/miumjau.ee\/lt\/wp-json\/wp\/v2\/media?parent=49258"}],"wp:term":[{"taxonomy":"product_brand","embeddable":true,"href":"https:\/\/miumjau.ee\/lt\/wp-json\/wp\/v2\/product_brand?post=49258"},{"taxonomy":"product_cat","embeddable":true,"href":"https:\/\/miumjau.ee\/lt\/wp-json\/wp\/v2\/product_cat?post=49258"},{"taxonomy":"product_tag","embeddable":true,"href":"https:\/\/miumjau.ee\/lt\/wp-json\/wp\/v2\/product_tag?post=49258"}],"curies":[{"name":"wp","href":"https:\/\/api.w.org\/{rel}","templated":true}]}}