{"id":49246,"date":"2025-06-18T22:48:11","date_gmt":"2025-06-18T19:48:11","guid":{"rendered":"https:\/\/miumjau.ee\/toode\/bugalugs-sulankstomos-valymo-serveteles-katems-ir-sunims-80-vnt\/"},"modified":"2026-01-07T20:43:37","modified_gmt":"2026-01-07T18:43:37","slug":"bugalugs-sulankstomos-valymo-serveteles-katems-ir-sunims-80-vnt","status":"publish","type":"product","link":"https:\/\/miumjau.ee\/lt\/produktas\/bugalugs-sulankstomos-valymo-serveteles-katems-ir-sunims-80-vnt\/","title":{"rendered":"Bugalugs sulankstomos valymo servet\u0117l\u0117s kat\u0117ms ir \u0161unims \u2013 80 vnt."},"content":{"rendered":"","protected":false},"excerpt":{"rendered":"<p data-start=\"6501\" data-end=\"6564\"><strong data-start=\"6501\" data-end=\"6562\">Raminanti prie\u017ei\u016bra augintinio odos rauk\u0161l\u0117ms ir klost\u0117ms<\/strong><\/p>\n<p data-start=\"6566\" data-end=\"6879\">Pristatome Bugalugs sulankstomas valymo servet\u0117les \u2013 patikimas ir \u0161velnus sprendimas augintinio odos rauk\u0161l\u0117ms, letenoms ir ausims valyti. Specialiai sukurtos brachicefalin\u0117ms veisl\u0117ms, tokioms kaip pranc\u016bz\u0173 buldogai, mopsai ir bokseriai, \u0161ios servet\u0117l\u0117s padeda palaikyti higien\u0105 ir komfort\u0105 greitai ir lengvai.<\/p>\n<p data-start=\"6881\" data-end=\"6906\"><strong data-start=\"6881\" data-end=\"6904\">Pagrindin\u0117s naudos:<\/strong><\/p>\n<ul data-start=\"6907\" data-end=\"8085\">\n<li data-start=\"6907\" data-end=\"7128\">\n<p data-start=\"6909\" data-end=\"7128\"><strong data-start=\"6909\" data-end=\"6933\">Raminanti prie\u017ei\u016bra:<\/strong> Ar j\u016bs\u0173 augintinio odos rauk\u0161l\u0117s ar letenos reikalauja ypatingos prie\u017ei\u016bros? M\u016bs\u0173 raminanti formul\u0117 padeda suma\u017einti diskomfort\u0105 ir sudirginim\u0105 jautriose vietose, skatindama augintinio gerov\u0119.<\/p>\n<\/li>\n<li data-start=\"7129\" data-end=\"7346\">\n<p data-start=\"7131\" data-end=\"7346\"><strong data-start=\"7131\" data-end=\"7163\">Rauk\u0161li\u0173 ir klos\u010di\u0173 valymas:<\/strong> Specialiai suformuluota odos rauk\u0161l\u0117ms, veido rauk\u0161l\u0117ms ir uodegos sri\u010diai valyti, u\u017ekertant keli\u0105 ne\u0161varum\u0173, \u0161iuk\u0161li\u0173 ir plut\u0173 kaupimuisi, kuris gali sukelti kvap\u0105 ir diskomfort\u0105.<\/p>\n<\/li>\n<li data-start=\"7347\" data-end=\"7508\">\n<p data-start=\"7349\" data-end=\"7508\"><strong data-start=\"7349\" data-end=\"7375\">A\u0161ar\u0173 d\u0117mi\u0173 prie\u017ei\u016bra:<\/strong> Sudie, purvinos akies zonos! Bugalugs servet\u0117l\u0117s efektyviai ir \u0161velniai pa\u0161alina a\u0161ar\u0173 d\u0117mes, palikdamos kail\u012f \u0161var\u0173 ir spindint\u012f.<\/p>\n<\/li>\n<li data-start=\"7509\" data-end=\"7629\">\n<p data-start=\"7511\" data-end=\"7629\"><strong data-start=\"7511\" data-end=\"7536\">Be kvapo ir \u0161velnios:<\/strong> Be prid\u0117t\u0173 kvapikli\u0173, saugo jautri\u0105 augintinio od\u0105 ir apsaugo nuo sudirginimo ar alergij\u0173.<\/p>\n<\/li>\n<li data-start=\"7630\" data-end=\"7795\">\n<p data-start=\"7632\" data-end=\"7795\"><strong data-start=\"7632\" data-end=\"7673\">Neb\u016btina skalauti ar naudoti vandens:<\/strong> Greita ir lengva prie\u017ei\u016bra \u2013 tiesiog paimkite servet\u0117l\u0119 ir nuvalykite. Puikiai tinka u\u017eimtiems augintinio \u0161eimininkams.<\/p>\n<\/li>\n<li data-start=\"7796\" data-end=\"7959\">\n<p data-start=\"7798\" data-end=\"7959\"><strong data-start=\"7798\" data-end=\"7847\">Biologi\u0161kai skaidomos ir draugi\u0161kos aplinkai:<\/strong> Ekologi\u0161ka pasirinktis \u2013 m\u016bs\u0173 prie\u0161 dr\u0117kinamos servet\u0117l\u0117s yra biologi\u0161kai skaidomos ir atsakingai pagamintos.<\/p>\n<\/li>\n<li data-start=\"7960\" data-end=\"8085\">\n<p data-start=\"7962\" data-end=\"8085\"><strong data-start=\"7962\" data-end=\"7997\">Tinka visiems \u0161unims ir kat\u0117ms:<\/strong> N\u0117ra ribojamos konkre\u010dioms veisl\u0117ms \u2013 tinka vis\u0173 dyd\u017ei\u0173 ir am\u017eiaus \u0161unims bei kat\u0117ms.<\/p>\n<\/li>\n<\/ul>\n<p data-start=\"8087\" data-end=\"8215\">Pakelkite savo augintinio prie\u017ei\u016bros rutin\u0105 su Bugalugs sulankstomomis servet\u0117l\u0117mis ir pajuskite skirtum\u0105 komforte ir \u0161varume.<\/p>\n<p data-start=\"8217\" data-end=\"8497\"><strong data-start=\"8217\" data-end=\"8244\">Naudojimo instrukcijos:<\/strong> Atidarykite dangtel\u012f ir i\u0161imkite servet\u0117l\u0119 i\u0161 pakartotinai u\u017edaromo lipduko. \u0160velniai nuvalykite augintinio od\u0105, naudodami abi servet\u0117l\u0117s puses. Skalauti nereikia. U\u017edenkite dangt\u012f po naudojimo, kad servet\u0117l\u0117s nei\u0161d\u017ei\u016bt\u0173. Tinka kasdieniam naudojimui.<\/p>\n<p data-start=\"8499\" data-end=\"8617\"><strong data-start=\"8499\" data-end=\"8511\">Sud\u0117tis:<\/strong> Vanduo, Chlorheksidino diglukonatas, Glicerinas, Fenoksietanolis, Aloe Vera ekstraktas, Polisorbatas 20<\/p>\n","protected":false},"featured_media":49247,"template":"","meta":[],"product_brand":[],"product_cat":[523,542],"product_tag":[],"class_list":{"0":"post-49246","1":"product","2":"type-product","3":"status-publish","4":"has-post-thumbnail","6":"product_cat-kita","7":"product_cat-prieziuros-priemones-sunims","9":"first","10":"instock","11":"taxable","12":"shipping-taxable","13":"purchasable","14":"product-type-simple"},"yoast_head":"<!-- This site is optimized with the Yoast SEO plugin v27.2 - https:\/\/yoast.com\/product\/yoast-seo-wordpress\/ -->\n<title>Bugalugs sulankstomos valymo servet\u0117l\u0117s kat\u0117ms ir \u0161unims \u2013 80 vnt. - MiuMjau<\/title>\n<meta name=\"robots\" content=\"index, follow, max-snippet:-1, max-image-preview:large, max-video-preview:-1\" \/>\n<link rel=\"canonical\" href=\"https:\/\/miumjau.ee\/lt\/produktas\/bugalugs-sulankstomos-valymo-serveteles-katems-ir-sunims-80-vnt\/\" \/>\n<meta property=\"og:locale\" content=\"lt_LT\" \/>\n<meta property=\"og:type\" content=\"article\" \/>\n<meta property=\"og:title\" content=\"Bugalugs sulankstomos valymo servet\u0117l\u0117s kat\u0117ms ir \u0161unims \u2013 80 vnt. - MiuMjau\" \/>\n<meta property=\"og:description\" content=\"Raminanti prie\u017ei\u016bra augintinio odos rauk\u0161l\u0117ms ir klost\u0117ms Pristatome Bugalugs sulankstomas valymo servet\u0117les \u2013 patikimas ir \u0161velnus sprendimas augintinio odos rauk\u0161l\u0117ms, letenoms ir ausims valyti. Specialiai sukurtos brachicefalin\u0117ms veisl\u0117ms, tokioms kaip pranc\u016bz\u0173 buldogai, mopsai ir bokseriai, \u0161ios servet\u0117l\u0117s padeda palaikyti higien\u0105 ir komfort\u0105 greitai ir lengvai. Pagrindin\u0117s naudos:     Raminanti prie\u017ei\u016bra: Ar j\u016bs\u0173 augintinio odos rauk\u0161l\u0117s ar letenos reikalauja ypatingos prie\u017ei\u016bros? M\u016bs\u0173 raminanti formul\u0117 padeda suma\u017einti diskomfort\u0105 ir sudirginim\u0105 jautriose vietose, skatindama augintinio gerov\u0119.    Rauk\u0161li\u0173 ir klos\u010di\u0173 valymas: Specialiai suformuluota odos rauk\u0161l\u0117ms, veido rauk\u0161l\u0117ms ir uodegos sri\u010diai valyti, u\u017ekertant keli\u0105 ne\u0161varum\u0173, \u0161iuk\u0161li\u0173 ir plut\u0173 kaupimuisi, kuris gali sukelti kvap\u0105 ir diskomfort\u0105.    A\u0161ar\u0173 d\u0117mi\u0173 prie\u017ei\u016bra: Sudie, purvinos akies zonos! Bugalugs servet\u0117l\u0117s efektyviai ir \u0161velniai pa\u0161alina a\u0161ar\u0173 d\u0117mes, palikdamos kail\u012f \u0161var\u0173 ir spindint\u012f.    Be kvapo ir \u0161velnios: Be prid\u0117t\u0173 kvapikli\u0173, saugo jautri\u0105 augintinio od\u0105 ir apsaugo nuo sudirginimo ar alergij\u0173.    Neb\u016btina skalauti ar naudoti vandens: Greita ir lengva prie\u017ei\u016bra \u2013 tiesiog paimkite servet\u0117l\u0119 ir nuvalykite. Puikiai tinka u\u017eimtiems augintinio \u0161eimininkams.    Biologi\u0161kai skaidomos ir draugi\u0161kos aplinkai: Ekologi\u0161ka pasirinktis \u2013 m\u016bs\u0173 prie\u0161 dr\u0117kinamos servet\u0117l\u0117s yra biologi\u0161kai skaidomos ir atsakingai pagamintos.    Tinka visiems \u0161unims ir kat\u0117ms: N\u0117ra ribojamos konkre\u010dioms veisl\u0117ms \u2013 tinka vis\u0173 dyd\u017ei\u0173 ir am\u017eiaus \u0161unims bei kat\u0117ms.   Pakelkite savo augintinio prie\u017ei\u016bros rutin\u0105 su Bugalugs sulankstomomis servet\u0117l\u0117mis ir pajuskite skirtum\u0105 komforte ir \u0161varume. Naudojimo instrukcijos: Atidarykite dangtel\u012f ir i\u0161imkite servet\u0117l\u0119 i\u0161 pakartotinai u\u017edaromo lipduko. \u0160velniai nuvalykite augintinio od\u0105, naudodami abi servet\u0117l\u0117s puses. Skalauti nereikia. U\u017edenkite dangt\u012f po naudojimo, kad servet\u0117l\u0117s nei\u0161d\u017ei\u016bt\u0173. Tinka kasdieniam naudojimui. Sud\u0117tis: Vanduo, Chlorheksidino diglukonatas, Glicerinas, Fenoksietanolis, Aloe Vera ekstraktas, Polisorbatas 20\" \/>\n<meta property=\"og:url\" content=\"https:\/\/miumjau.ee\/lt\/produktas\/bugalugs-sulankstomos-valymo-serveteles-katems-ir-sunims-80-vnt\/\" \/>\n<meta property=\"og:site_name\" content=\"MiuMjau\" \/>\n<meta property=\"article:publisher\" content=\"https:\/\/www.facebook.com\/miumjaupood\/\" \/>\n<meta property=\"article:modified_time\" content=\"2026-01-07T18:43:37+00:00\" \/>\n<meta property=\"og:image\" content=\"https:\/\/miumjau.ee\/wp-content\/uploads\/2025\/06\/niisked-salvratid-kortsude-puhastuseks-bugalugs3.webp\" \/>\n\t<meta property=\"og:image:width\" content=\"600\" \/>\n\t<meta property=\"og:image:height\" content=\"800\" \/>\n\t<meta property=\"og:image:type\" content=\"image\/webp\" \/>\n<meta name=\"twitter:card\" content=\"summary_large_image\" \/>\n<script type=\"application\/ld+json\" class=\"yoast-schema-graph\">{\"@context\":\"https:\/\/schema.org\",\"@graph\":[{\"@type\":\"WebPage\",\"@id\":\"https:\/\/miumjau.ee\/lt\/produktas\/bugalugs-sulankstomos-valymo-serveteles-katems-ir-sunims-80-vnt\/\",\"url\":\"https:\/\/miumjau.ee\/lt\/produktas\/bugalugs-sulankstomos-valymo-serveteles-katems-ir-sunims-80-vnt\/\",\"name\":\"Bugalugs sulankstomos valymo servet\u0117l\u0117s kat\u0117ms ir \u0161unims \u2013 80 vnt. - MiuMjau\",\"isPartOf\":{\"@id\":\"https:\/\/miumjau.ee\/#website\"},\"primaryImageOfPage\":{\"@id\":\"https:\/\/miumjau.ee\/lt\/produktas\/bugalugs-sulankstomos-valymo-serveteles-katems-ir-sunims-80-vnt\/#primaryimage\"},\"image\":{\"@id\":\"https:\/\/miumjau.ee\/lt\/produktas\/bugalugs-sulankstomos-valymo-serveteles-katems-ir-sunims-80-vnt\/#primaryimage\"},\"thumbnailUrl\":\"https:\/\/miumjau.ee\/wp-content\/uploads\/2025\/06\/niisked-salvratid-kortsude-puhastuseks-bugalugs3.webp\",\"datePublished\":\"2025-06-18T19:48:11+00:00\",\"dateModified\":\"2026-01-07T18:43:37+00:00\",\"breadcrumb\":{\"@id\":\"https:\/\/miumjau.ee\/lt\/produktas\/bugalugs-sulankstomos-valymo-serveteles-katems-ir-sunims-80-vnt\/#breadcrumb\"},\"inLanguage\":\"lt-LT\",\"potentialAction\":[{\"@type\":\"ReadAction\",\"target\":[\"https:\/\/miumjau.ee\/lt\/produktas\/bugalugs-sulankstomos-valymo-serveteles-katems-ir-sunims-80-vnt\/\"]}]},{\"@type\":\"ImageObject\",\"inLanguage\":\"lt-LT\",\"@id\":\"https:\/\/miumjau.ee\/lt\/produktas\/bugalugs-sulankstomos-valymo-serveteles-katems-ir-sunims-80-vnt\/#primaryimage\",\"url\":\"https:\/\/miumjau.ee\/wp-content\/uploads\/2025\/06\/niisked-salvratid-kortsude-puhastuseks-bugalugs3.webp\",\"contentUrl\":\"https:\/\/miumjau.ee\/wp-content\/uploads\/2025\/06\/niisked-salvratid-kortsude-puhastuseks-bugalugs3.webp\",\"width\":600,\"height\":800},{\"@type\":\"BreadcrumbList\",\"@id\":\"https:\/\/miumjau.ee\/lt\/produktas\/bugalugs-sulankstomos-valymo-serveteles-katems-ir-sunims-80-vnt\/#breadcrumb\",\"itemListElement\":[{\"@type\":\"ListItem\",\"position\":1,\"name\":\"Home\",\"item\":\"https:\/\/miumjau.ee\/lt\/\"},{\"@type\":\"ListItem\",\"position\":2,\"name\":\"Parduotuv\u0117\",\"item\":\"https:\/\/miumjau.ee\/lt\/parduotuve\/\"},{\"@type\":\"ListItem\",\"position\":3,\"name\":\"Bugalugs sulankstomos valymo servet\u0117l\u0117s kat\u0117ms ir \u0161unims \u2013 80 vnt.\"}]},{\"@type\":\"WebSite\",\"@id\":\"https:\/\/miumjau.ee\/#website\",\"url\":\"https:\/\/miumjau.ee\/\",\"name\":\"MiuMjau\",\"description\":\"Kraapimispuud kassidele\",\"publisher\":{\"@id\":\"https:\/\/miumjau.ee\/#organization\"},\"potentialAction\":[{\"@type\":\"SearchAction\",\"target\":{\"@type\":\"EntryPoint\",\"urlTemplate\":\"https:\/\/miumjau.ee\/?s={search_term_string}\"},\"query-input\":{\"@type\":\"PropertyValueSpecification\",\"valueRequired\":true,\"valueName\":\"search_term_string\"}}],\"inLanguage\":\"lt-LT\"},{\"@type\":\"Organization\",\"@id\":\"https:\/\/miumjau.ee\/#organization\",\"name\":\"MiuMjau O\u00dc\",\"url\":\"https:\/\/miumjau.ee\/\",\"logo\":{\"@type\":\"ImageObject\",\"inLanguage\":\"lt-LT\",\"@id\":\"https:\/\/miumjau.ee\/#\/schema\/logo\/image\/\",\"url\":\"https:\/\/miumjau.ee\/wp-content\/uploads\/2022\/04\/MiuMjau-logo-kollane.png\",\"contentUrl\":\"https:\/\/miumjau.ee\/wp-content\/uploads\/2022\/04\/MiuMjau-logo-kollane.png\",\"width\":219,\"height\":100,\"caption\":\"MiuMjau O\u00dc\"},\"image\":{\"@id\":\"https:\/\/miumjau.ee\/#\/schema\/logo\/image\/\"},\"sameAs\":[\"https:\/\/www.facebook.com\/miumjaupood\/\"]}]}<\/script>\n<!-- \/ Yoast SEO plugin. -->","yoast_head_json":{"title":"Bugalugs sulankstomos valymo servet\u0117l\u0117s kat\u0117ms ir \u0161unims \u2013 80 vnt. - MiuMjau","robots":{"index":"index","follow":"follow","max-snippet":"max-snippet:-1","max-image-preview":"max-image-preview:large","max-video-preview":"max-video-preview:-1"},"canonical":"https:\/\/miumjau.ee\/lt\/produktas\/bugalugs-sulankstomos-valymo-serveteles-katems-ir-sunims-80-vnt\/","og_locale":"lt_LT","og_type":"article","og_title":"Bugalugs sulankstomos valymo servet\u0117l\u0117s kat\u0117ms ir \u0161unims \u2013 80 vnt. - MiuMjau","og_description":"Raminanti prie\u017ei\u016bra augintinio odos rauk\u0161l\u0117ms ir klost\u0117ms Pristatome Bugalugs sulankstomas valymo servet\u0117les \u2013 patikimas ir \u0161velnus sprendimas augintinio odos rauk\u0161l\u0117ms, letenoms ir ausims valyti. Specialiai sukurtos brachicefalin\u0117ms veisl\u0117ms, tokioms kaip pranc\u016bz\u0173 buldogai, mopsai ir bokseriai, \u0161ios servet\u0117l\u0117s padeda palaikyti higien\u0105 ir komfort\u0105 greitai ir lengvai. Pagrindin\u0117s naudos:     Raminanti prie\u017ei\u016bra: Ar j\u016bs\u0173 augintinio odos rauk\u0161l\u0117s ar letenos reikalauja ypatingos prie\u017ei\u016bros? M\u016bs\u0173 raminanti formul\u0117 padeda suma\u017einti diskomfort\u0105 ir sudirginim\u0105 jautriose vietose, skatindama augintinio gerov\u0119.    Rauk\u0161li\u0173 ir klos\u010di\u0173 valymas: Specialiai suformuluota odos rauk\u0161l\u0117ms, veido rauk\u0161l\u0117ms ir uodegos sri\u010diai valyti, u\u017ekertant keli\u0105 ne\u0161varum\u0173, \u0161iuk\u0161li\u0173 ir plut\u0173 kaupimuisi, kuris gali sukelti kvap\u0105 ir diskomfort\u0105.    A\u0161ar\u0173 d\u0117mi\u0173 prie\u017ei\u016bra: Sudie, purvinos akies zonos! Bugalugs servet\u0117l\u0117s efektyviai ir \u0161velniai pa\u0161alina a\u0161ar\u0173 d\u0117mes, palikdamos kail\u012f \u0161var\u0173 ir spindint\u012f.    Be kvapo ir \u0161velnios: Be prid\u0117t\u0173 kvapikli\u0173, saugo jautri\u0105 augintinio od\u0105 ir apsaugo nuo sudirginimo ar alergij\u0173.    Neb\u016btina skalauti ar naudoti vandens: Greita ir lengva prie\u017ei\u016bra \u2013 tiesiog paimkite servet\u0117l\u0119 ir nuvalykite. Puikiai tinka u\u017eimtiems augintinio \u0161eimininkams.    Biologi\u0161kai skaidomos ir draugi\u0161kos aplinkai: Ekologi\u0161ka pasirinktis \u2013 m\u016bs\u0173 prie\u0161 dr\u0117kinamos servet\u0117l\u0117s yra biologi\u0161kai skaidomos ir atsakingai pagamintos.    Tinka visiems \u0161unims ir kat\u0117ms: N\u0117ra ribojamos konkre\u010dioms veisl\u0117ms \u2013 tinka vis\u0173 dyd\u017ei\u0173 ir am\u017eiaus \u0161unims bei kat\u0117ms.   Pakelkite savo augintinio prie\u017ei\u016bros rutin\u0105 su Bugalugs sulankstomomis servet\u0117l\u0117mis ir pajuskite skirtum\u0105 komforte ir \u0161varume. Naudojimo instrukcijos: Atidarykite dangtel\u012f ir i\u0161imkite servet\u0117l\u0119 i\u0161 pakartotinai u\u017edaromo lipduko. \u0160velniai nuvalykite augintinio od\u0105, naudodami abi servet\u0117l\u0117s puses. Skalauti nereikia. U\u017edenkite dangt\u012f po naudojimo, kad servet\u0117l\u0117s nei\u0161d\u017ei\u016bt\u0173. Tinka kasdieniam naudojimui. Sud\u0117tis: Vanduo, Chlorheksidino diglukonatas, Glicerinas, Fenoksietanolis, Aloe Vera ekstraktas, Polisorbatas 20","og_url":"https:\/\/miumjau.ee\/lt\/produktas\/bugalugs-sulankstomos-valymo-serveteles-katems-ir-sunims-80-vnt\/","og_site_name":"MiuMjau","article_publisher":"https:\/\/www.facebook.com\/miumjaupood\/","article_modified_time":"2026-01-07T18:43:37+00:00","og_image":[{"width":600,"height":800,"url":"https:\/\/miumjau.ee\/wp-content\/uploads\/2025\/06\/niisked-salvratid-kortsude-puhastuseks-bugalugs3.webp","type":"image\/webp"}],"twitter_card":"summary_large_image","schema":{"@context":"https:\/\/schema.org","@graph":[{"@type":"WebPage","@id":"https:\/\/miumjau.ee\/lt\/produktas\/bugalugs-sulankstomos-valymo-serveteles-katems-ir-sunims-80-vnt\/","url":"https:\/\/miumjau.ee\/lt\/produktas\/bugalugs-sulankstomos-valymo-serveteles-katems-ir-sunims-80-vnt\/","name":"Bugalugs sulankstomos valymo servet\u0117l\u0117s kat\u0117ms ir \u0161unims \u2013 80 vnt. - MiuMjau","isPartOf":{"@id":"https:\/\/miumjau.ee\/#website"},"primaryImageOfPage":{"@id":"https:\/\/miumjau.ee\/lt\/produktas\/bugalugs-sulankstomos-valymo-serveteles-katems-ir-sunims-80-vnt\/#primaryimage"},"image":{"@id":"https:\/\/miumjau.ee\/lt\/produktas\/bugalugs-sulankstomos-valymo-serveteles-katems-ir-sunims-80-vnt\/#primaryimage"},"thumbnailUrl":"https:\/\/miumjau.ee\/wp-content\/uploads\/2025\/06\/niisked-salvratid-kortsude-puhastuseks-bugalugs3.webp","datePublished":"2025-06-18T19:48:11+00:00","dateModified":"2026-01-07T18:43:37+00:00","breadcrumb":{"@id":"https:\/\/miumjau.ee\/lt\/produktas\/bugalugs-sulankstomos-valymo-serveteles-katems-ir-sunims-80-vnt\/#breadcrumb"},"inLanguage":"lt-LT","potentialAction":[{"@type":"ReadAction","target":["https:\/\/miumjau.ee\/lt\/produktas\/bugalugs-sulankstomos-valymo-serveteles-katems-ir-sunims-80-vnt\/"]}]},{"@type":"ImageObject","inLanguage":"lt-LT","@id":"https:\/\/miumjau.ee\/lt\/produktas\/bugalugs-sulankstomos-valymo-serveteles-katems-ir-sunims-80-vnt\/#primaryimage","url":"https:\/\/miumjau.ee\/wp-content\/uploads\/2025\/06\/niisked-salvratid-kortsude-puhastuseks-bugalugs3.webp","contentUrl":"https:\/\/miumjau.ee\/wp-content\/uploads\/2025\/06\/niisked-salvratid-kortsude-puhastuseks-bugalugs3.webp","width":600,"height":800},{"@type":"BreadcrumbList","@id":"https:\/\/miumjau.ee\/lt\/produktas\/bugalugs-sulankstomos-valymo-serveteles-katems-ir-sunims-80-vnt\/#breadcrumb","itemListElement":[{"@type":"ListItem","position":1,"name":"Home","item":"https:\/\/miumjau.ee\/lt\/"},{"@type":"ListItem","position":2,"name":"Parduotuv\u0117","item":"https:\/\/miumjau.ee\/lt\/parduotuve\/"},{"@type":"ListItem","position":3,"name":"Bugalugs sulankstomos valymo servet\u0117l\u0117s kat\u0117ms ir \u0161unims \u2013 80 vnt."}]},{"@type":"WebSite","@id":"https:\/\/miumjau.ee\/#website","url":"https:\/\/miumjau.ee\/","name":"MiuMjau","description":"Kraapimispuud kassidele","publisher":{"@id":"https:\/\/miumjau.ee\/#organization"},"potentialAction":[{"@type":"SearchAction","target":{"@type":"EntryPoint","urlTemplate":"https:\/\/miumjau.ee\/?s={search_term_string}"},"query-input":{"@type":"PropertyValueSpecification","valueRequired":true,"valueName":"search_term_string"}}],"inLanguage":"lt-LT"},{"@type":"Organization","@id":"https:\/\/miumjau.ee\/#organization","name":"MiuMjau O\u00dc","url":"https:\/\/miumjau.ee\/","logo":{"@type":"ImageObject","inLanguage":"lt-LT","@id":"https:\/\/miumjau.ee\/#\/schema\/logo\/image\/","url":"https:\/\/miumjau.ee\/wp-content\/uploads\/2022\/04\/MiuMjau-logo-kollane.png","contentUrl":"https:\/\/miumjau.ee\/wp-content\/uploads\/2022\/04\/MiuMjau-logo-kollane.png","width":219,"height":100,"caption":"MiuMjau O\u00dc"},"image":{"@id":"https:\/\/miumjau.ee\/#\/schema\/logo\/image\/"},"sameAs":["https:\/\/www.facebook.com\/miumjaupood\/"]}]}},"_links":{"self":[{"href":"https:\/\/miumjau.ee\/lt\/wp-json\/wp\/v2\/product\/49246","targetHints":{"allow":["GET"]}}],"collection":[{"href":"https:\/\/miumjau.ee\/lt\/wp-json\/wp\/v2\/product"}],"about":[{"href":"https:\/\/miumjau.ee\/lt\/wp-json\/wp\/v2\/types\/product"}],"wp:featuredmedia":[{"embeddable":true,"href":"https:\/\/miumjau.ee\/lt\/wp-json\/wp\/v2\/media\/49247"}],"wp:attachment":[{"href":"https:\/\/miumjau.ee\/lt\/wp-json\/wp\/v2\/media?parent=49246"}],"wp:term":[{"taxonomy":"product_brand","embeddable":true,"href":"https:\/\/miumjau.ee\/lt\/wp-json\/wp\/v2\/product_brand?post=49246"},{"taxonomy":"product_cat","embeddable":true,"href":"https:\/\/miumjau.ee\/lt\/wp-json\/wp\/v2\/product_cat?post=49246"},{"taxonomy":"product_tag","embeddable":true,"href":"https:\/\/miumjau.ee\/lt\/wp-json\/wp\/v2\/product_tag?post=49246"}],"curies":[{"name":"wp","href":"https:\/\/api.w.org\/{rel}","templated":true}]}}