{"id":49237,"date":"2025-06-18T22:38:36","date_gmt":"2025-06-18T19:38:36","guid":{"rendered":"https:\/\/miumjau.ee\/toode\/bugalugs-raminantis-ausu-valymo-tirpalas-sunims-ir-katems-200-ml\/"},"modified":"2026-01-07T20:43:37","modified_gmt":"2026-01-07T18:43:37","slug":"bugalugs-raminantis-ausu-valymo-tirpalas-sunims-ir-katems-200-ml","status":"publish","type":"product","link":"https:\/\/miumjau.ee\/lt\/produktas\/bugalugs-raminantis-ausu-valymo-tirpalas-sunims-ir-katems-200-ml\/","title":{"rendered":"Bugalugs raminantis aus\u0173 valymo tirpalas \u0161unims ir kat\u0117ms \u2013 200 ml"},"content":{"rendered":"","protected":false},"excerpt":{"rendered":"<p data-start=\"6878\" data-end=\"7179\">Bugalugs raminantis aus\u0173 valymo tirpalas \u0161unims yra puikus papildymas j\u016bs\u0173 augintinio prie\u017ei\u016bros rutinai. Nat\u016bralios kilm\u0117s \u0161velni formul\u0117 ramina nie\u017etin\u010dias ausis, ma\u017eina nemalon\u0173 kvap\u0105 ir pa\u0161alina aus\u0173 va\u0161k\u0105 bei ne\u0161varumus. Specialiai sukurtas greitam rezultatui, palaiko ausis \u0161varias ir sveikas.<\/p>\n<p data-start=\"7181\" data-end=\"7486\">M\u016bs\u0173 \u0161velni vegani\u0161ka formul\u0117 su eti\u0161kai gautomis med\u017eiagomis veiksmingai pa\u0161alina va\u0161k\u0105, ma\u017eina galvos kratym\u0105 d\u0117l ne\u0161varum\u0173 ar dirginimo ir neutralizuoja nemalon\u0173 kvap\u0105 su nat\u016brali\u0173 citrusini\u0173 vaisi\u0173 ekstrakt\u0173 mi\u0161iniu. Pagaminta GMP sertifikuotoje gamykloje \u2013 Bugalugs yra patikimas JK prek\u0117s \u017eenklas.<\/p>\n<p data-start=\"7488\" data-end=\"7524\"><strong data-start=\"7488\" data-end=\"7522\">Bugalugs aus\u0173 valymo tirpalas:<\/strong><\/p>\n<ul data-start=\"7525\" data-end=\"8010\">\n<li data-start=\"7525\" data-end=\"7615\">\n<p data-start=\"7527\" data-end=\"7615\"><strong data-start=\"7527\" data-end=\"7537\">RAMINA<\/strong> \u2013 mal\u0161ina nie\u017eul\u012f, pa\u0161alina ne\u0161varumus ir aus\u0173 va\u0161k\u0105, ma\u017eina nemalon\u0173 kvap\u0105<\/p>\n<\/li>\n<li data-start=\"7616\" data-end=\"7727\">\n<p data-start=\"7618\" data-end=\"7727\"><strong data-start=\"7618\" data-end=\"7639\">GREITI REZULTATAI<\/strong> \u2013 greitai palengvina diskomfort\u0105 d\u0117l kvapo, da\u017eno galvos kratymo ar perteklinio va\u0161ko<\/p>\n<\/li>\n<li data-start=\"7728\" data-end=\"7856\">\n<p data-start=\"7730\" data-end=\"7856\"><strong data-start=\"7730\" data-end=\"7750\">PATIKIMA FORMUL\u0116<\/strong> \u2013 100 % nat\u016bralios kilm\u0117s ingredientai, be alkoholio, be paraben\u0173, silikon\u0173, SLES, SLS, DEA ar ferment\u0173<\/p>\n<\/li>\n<li data-start=\"7857\" data-end=\"7949\">\n<p data-start=\"7859\" data-end=\"7949\"><strong data-start=\"7859\" data-end=\"7877\">LENGVA NAUDOTI<\/strong> \u2013 tinka \u0161unims ir kat\u0117ms; nedidelis kiekis pakanka, suma\u017einant stres\u0105<\/p>\n<\/li>\n<li data-start=\"7950\" data-end=\"8010\">\n<p data-start=\"7952\" data-end=\"8010\"><strong data-start=\"7952\" data-end=\"7975\">DRAUGI\u0160KAS GYV\u016aNAMS<\/strong> \u2013 niekada netestuotas ant gyv\u016bn\u0173<\/p>\n<\/li>\n<\/ul>\n<p data-start=\"8012\" data-end=\"8265\"><strong data-start=\"8012\" data-end=\"8027\">Naudojimas:<\/strong> La\u0161inkite tirpal\u0105 tiesiai \u012f ausies kanal\u0105, kol skystis matomas. Masa\u017euokite ausies pagrind\u0105. \u0160uo gali pakratyti galv\u0105, kad i\u0161stumt\u0173 va\u0161k\u0105 ir ne\u0161varumus. Pa\u0161alinkite pertekli\u0173 su vatos tamponu. Nenaudokite vatos pagaliuk\u0173 ausies kanale.<\/p>\n<p data-start=\"8267\" data-end=\"8565\"><strong data-start=\"8267\" data-end=\"8281\">\u012esp\u0117jimai:<\/strong> Tik i\u0161oriniam naudojimui. Venkite kontakto su akimis ir gleivin\u0117mis. Jei patenka \u012f akis, skalaukite dideliu kiekiu vandens. Jei atsiranda dirginimas, nutraukite naudojim\u0105 ir kreipkit\u0117s \u012f veterinar\u0105. Nenaudokite, jei ausies b\u016bgnelis ply\u0161\u0119s. Laikykite vaikams nepasiekiamoje vietoje.<\/p>\n<p data-start=\"8567\" data-end=\"8952\"><strong data-start=\"8567\" data-end=\"8579\">Sud\u0117tis:<\/strong> Vanduo, Glicerinas, Decilglikozidas, Citrus Aurantium Bergamia (bergamot\u0117s) lap\u0173 ekstraktas, Citrus Aurantifolia (laimo) vaisi\u0173 ekstraktas, Citrus Aurantium Dulcis (apelsin\u0173) vaisi\u0173 ekstraktas, Citrus Grandis (greipfrut\u0173) ekstraktas, Citrus Limon (citrin\u0173) vaisi\u0173 ekstraktas, Citrus Unshiu (mandarin\u0173) vaisi\u0173 ekstraktas, Natrio benzoatas, Citrin\u0173 r\u016bg\u0161tis, Kalio sorbatas<\/p>\n","protected":false},"featured_media":49238,"template":"","meta":[],"product_brand":[],"product_cat":[523,542],"product_tag":[],"class_list":{"0":"post-49237","1":"product","2":"type-product","3":"status-publish","4":"has-post-thumbnail","6":"product_cat-kita","7":"product_cat-prieziuros-priemones-sunims","9":"first","10":"instock","11":"sale","12":"taxable","13":"shipping-taxable","14":"purchasable","15":"product-type-simple"},"yoast_head":"<!-- This site is optimized with the Yoast SEO plugin v27.2 - https:\/\/yoast.com\/product\/yoast-seo-wordpress\/ -->\n<title>Bugalugs raminantis aus\u0173 valymo tirpalas \u0161unims ir kat\u0117ms \u2013 200 ml - MiuMjau<\/title>\n<meta name=\"robots\" content=\"index, follow, max-snippet:-1, max-image-preview:large, max-video-preview:-1\" \/>\n<link rel=\"canonical\" href=\"https:\/\/miumjau.ee\/lt\/produktas\/bugalugs-raminantis-ausu-valymo-tirpalas-sunims-ir-katems-200-ml\/\" \/>\n<meta property=\"og:locale\" content=\"lt_LT\" \/>\n<meta property=\"og:type\" content=\"article\" \/>\n<meta property=\"og:title\" content=\"Bugalugs raminantis aus\u0173 valymo tirpalas \u0161unims ir kat\u0117ms \u2013 200 ml - MiuMjau\" \/>\n<meta property=\"og:description\" content=\"Bugalugs raminantis aus\u0173 valymo tirpalas \u0161unims yra puikus papildymas j\u016bs\u0173 augintinio prie\u017ei\u016bros rutinai. Nat\u016bralios kilm\u0117s \u0161velni formul\u0117 ramina nie\u017etin\u010dias ausis, ma\u017eina nemalon\u0173 kvap\u0105 ir pa\u0161alina aus\u0173 va\u0161k\u0105 bei ne\u0161varumus. Specialiai sukurtas greitam rezultatui, palaiko ausis \u0161varias ir sveikas. M\u016bs\u0173 \u0161velni vegani\u0161ka formul\u0117 su eti\u0161kai gautomis med\u017eiagomis veiksmingai pa\u0161alina va\u0161k\u0105, ma\u017eina galvos kratym\u0105 d\u0117l ne\u0161varum\u0173 ar dirginimo ir neutralizuoja nemalon\u0173 kvap\u0105 su nat\u016brali\u0173 citrusini\u0173 vaisi\u0173 ekstrakt\u0173 mi\u0161iniu. Pagaminta GMP sertifikuotoje gamykloje \u2013 Bugalugs yra patikimas JK prek\u0117s \u017eenklas. Bugalugs aus\u0173 valymo tirpalas:     RAMINA \u2013 mal\u0161ina nie\u017eul\u012f, pa\u0161alina ne\u0161varumus ir aus\u0173 va\u0161k\u0105, ma\u017eina nemalon\u0173 kvap\u0105    GREITI REZULTATAI \u2013 greitai palengvina diskomfort\u0105 d\u0117l kvapo, da\u017eno galvos kratymo ar perteklinio va\u0161ko    PATIKIMA FORMUL\u0116 \u2013 100 % nat\u016bralios kilm\u0117s ingredientai, be alkoholio, be paraben\u0173, silikon\u0173, SLES, SLS, DEA ar ferment\u0173    LENGVA NAUDOTI \u2013 tinka \u0161unims ir kat\u0117ms; nedidelis kiekis pakanka, suma\u017einant stres\u0105    DRAUGI\u0160KAS GYV\u016aNAMS \u2013 niekada netestuotas ant gyv\u016bn\u0173   Naudojimas: La\u0161inkite tirpal\u0105 tiesiai \u012f ausies kanal\u0105, kol skystis matomas. Masa\u017euokite ausies pagrind\u0105. \u0160uo gali pakratyti galv\u0105, kad i\u0161stumt\u0173 va\u0161k\u0105 ir ne\u0161varumus. Pa\u0161alinkite pertekli\u0173 su vatos tamponu. Nenaudokite vatos pagaliuk\u0173 ausies kanale. \u012esp\u0117jimai: Tik i\u0161oriniam naudojimui. Venkite kontakto su akimis ir gleivin\u0117mis. Jei patenka \u012f akis, skalaukite dideliu kiekiu vandens. Jei atsiranda dirginimas, nutraukite naudojim\u0105 ir kreipkit\u0117s \u012f veterinar\u0105. Nenaudokite, jei ausies b\u016bgnelis ply\u0161\u0119s. Laikykite vaikams nepasiekiamoje vietoje. Sud\u0117tis: Vanduo, Glicerinas, Decilglikozidas, Citrus Aurantium Bergamia (bergamot\u0117s) lap\u0173 ekstraktas, Citrus Aurantifolia (laimo) vaisi\u0173 ekstraktas, Citrus Aurantium Dulcis (apelsin\u0173) vaisi\u0173 ekstraktas, Citrus Grandis (greipfrut\u0173) ekstraktas, Citrus Limon (citrin\u0173) vaisi\u0173 ekstraktas, Citrus Unshiu (mandarin\u0173) vaisi\u0173 ekstraktas, Natrio benzoatas, Citrin\u0173 r\u016bg\u0161tis, Kalio sorbatas\" \/>\n<meta property=\"og:url\" content=\"https:\/\/miumjau.ee\/lt\/produktas\/bugalugs-raminantis-ausu-valymo-tirpalas-sunims-ir-katems-200-ml\/\" \/>\n<meta property=\"og:site_name\" content=\"MiuMjau\" \/>\n<meta property=\"article:publisher\" content=\"https:\/\/www.facebook.com\/miumjaupood\/\" \/>\n<meta property=\"article:modified_time\" content=\"2026-01-07T18:43:37+00:00\" \/>\n<meta property=\"og:image\" content=\"https:\/\/miumjau.ee\/wp-content\/uploads\/2025\/06\/bugalugs-koera-korvade-puhastus-sprei3.webp\" \/>\n\t<meta property=\"og:image:width\" content=\"600\" \/>\n\t<meta property=\"og:image:height\" content=\"800\" \/>\n\t<meta property=\"og:image:type\" content=\"image\/webp\" \/>\n<meta name=\"twitter:card\" content=\"summary_large_image\" \/>\n<script type=\"application\/ld+json\" class=\"yoast-schema-graph\">{\"@context\":\"https:\/\/schema.org\",\"@graph\":[{\"@type\":\"WebPage\",\"@id\":\"https:\/\/miumjau.ee\/lt\/produktas\/bugalugs-raminantis-ausu-valymo-tirpalas-sunims-ir-katems-200-ml\/\",\"url\":\"https:\/\/miumjau.ee\/lt\/produktas\/bugalugs-raminantis-ausu-valymo-tirpalas-sunims-ir-katems-200-ml\/\",\"name\":\"Bugalugs raminantis aus\u0173 valymo tirpalas \u0161unims ir kat\u0117ms \u2013 200 ml - MiuMjau\",\"isPartOf\":{\"@id\":\"https:\/\/miumjau.ee\/#website\"},\"primaryImageOfPage\":{\"@id\":\"https:\/\/miumjau.ee\/lt\/produktas\/bugalugs-raminantis-ausu-valymo-tirpalas-sunims-ir-katems-200-ml\/#primaryimage\"},\"image\":{\"@id\":\"https:\/\/miumjau.ee\/lt\/produktas\/bugalugs-raminantis-ausu-valymo-tirpalas-sunims-ir-katems-200-ml\/#primaryimage\"},\"thumbnailUrl\":\"https:\/\/miumjau.ee\/wp-content\/uploads\/2025\/06\/bugalugs-koera-korvade-puhastus-sprei3.webp\",\"datePublished\":\"2025-06-18T19:38:36+00:00\",\"dateModified\":\"2026-01-07T18:43:37+00:00\",\"breadcrumb\":{\"@id\":\"https:\/\/miumjau.ee\/lt\/produktas\/bugalugs-raminantis-ausu-valymo-tirpalas-sunims-ir-katems-200-ml\/#breadcrumb\"},\"inLanguage\":\"lt-LT\",\"potentialAction\":[{\"@type\":\"ReadAction\",\"target\":[\"https:\/\/miumjau.ee\/lt\/produktas\/bugalugs-raminantis-ausu-valymo-tirpalas-sunims-ir-katems-200-ml\/\"]}]},{\"@type\":\"ImageObject\",\"inLanguage\":\"lt-LT\",\"@id\":\"https:\/\/miumjau.ee\/lt\/produktas\/bugalugs-raminantis-ausu-valymo-tirpalas-sunims-ir-katems-200-ml\/#primaryimage\",\"url\":\"https:\/\/miumjau.ee\/wp-content\/uploads\/2025\/06\/bugalugs-koera-korvade-puhastus-sprei3.webp\",\"contentUrl\":\"https:\/\/miumjau.ee\/wp-content\/uploads\/2025\/06\/bugalugs-koera-korvade-puhastus-sprei3.webp\",\"width\":600,\"height\":800},{\"@type\":\"BreadcrumbList\",\"@id\":\"https:\/\/miumjau.ee\/lt\/produktas\/bugalugs-raminantis-ausu-valymo-tirpalas-sunims-ir-katems-200-ml\/#breadcrumb\",\"itemListElement\":[{\"@type\":\"ListItem\",\"position\":1,\"name\":\"Home\",\"item\":\"https:\/\/miumjau.ee\/lt\/\"},{\"@type\":\"ListItem\",\"position\":2,\"name\":\"Parduotuv\u0117\",\"item\":\"https:\/\/miumjau.ee\/lt\/parduotuve\/\"},{\"@type\":\"ListItem\",\"position\":3,\"name\":\"Bugalugs raminantis aus\u0173 valymo tirpalas \u0161unims ir kat\u0117ms \u2013 200 ml\"}]},{\"@type\":\"WebSite\",\"@id\":\"https:\/\/miumjau.ee\/#website\",\"url\":\"https:\/\/miumjau.ee\/\",\"name\":\"MiuMjau\",\"description\":\"Kraapimispuud kassidele\",\"publisher\":{\"@id\":\"https:\/\/miumjau.ee\/#organization\"},\"potentialAction\":[{\"@type\":\"SearchAction\",\"target\":{\"@type\":\"EntryPoint\",\"urlTemplate\":\"https:\/\/miumjau.ee\/?s={search_term_string}\"},\"query-input\":{\"@type\":\"PropertyValueSpecification\",\"valueRequired\":true,\"valueName\":\"search_term_string\"}}],\"inLanguage\":\"lt-LT\"},{\"@type\":\"Organization\",\"@id\":\"https:\/\/miumjau.ee\/#organization\",\"name\":\"MiuMjau O\u00dc\",\"url\":\"https:\/\/miumjau.ee\/\",\"logo\":{\"@type\":\"ImageObject\",\"inLanguage\":\"lt-LT\",\"@id\":\"https:\/\/miumjau.ee\/#\/schema\/logo\/image\/\",\"url\":\"https:\/\/miumjau.ee\/wp-content\/uploads\/2022\/04\/MiuMjau-logo-kollane.png\",\"contentUrl\":\"https:\/\/miumjau.ee\/wp-content\/uploads\/2022\/04\/MiuMjau-logo-kollane.png\",\"width\":219,\"height\":100,\"caption\":\"MiuMjau O\u00dc\"},\"image\":{\"@id\":\"https:\/\/miumjau.ee\/#\/schema\/logo\/image\/\"},\"sameAs\":[\"https:\/\/www.facebook.com\/miumjaupood\/\"]}]}<\/script>\n<!-- \/ Yoast SEO plugin. -->","yoast_head_json":{"title":"Bugalugs raminantis aus\u0173 valymo tirpalas \u0161unims ir kat\u0117ms \u2013 200 ml - MiuMjau","robots":{"index":"index","follow":"follow","max-snippet":"max-snippet:-1","max-image-preview":"max-image-preview:large","max-video-preview":"max-video-preview:-1"},"canonical":"https:\/\/miumjau.ee\/lt\/produktas\/bugalugs-raminantis-ausu-valymo-tirpalas-sunims-ir-katems-200-ml\/","og_locale":"lt_LT","og_type":"article","og_title":"Bugalugs raminantis aus\u0173 valymo tirpalas \u0161unims ir kat\u0117ms \u2013 200 ml - MiuMjau","og_description":"Bugalugs raminantis aus\u0173 valymo tirpalas \u0161unims yra puikus papildymas j\u016bs\u0173 augintinio prie\u017ei\u016bros rutinai. Nat\u016bralios kilm\u0117s \u0161velni formul\u0117 ramina nie\u017etin\u010dias ausis, ma\u017eina nemalon\u0173 kvap\u0105 ir pa\u0161alina aus\u0173 va\u0161k\u0105 bei ne\u0161varumus. Specialiai sukurtas greitam rezultatui, palaiko ausis \u0161varias ir sveikas. M\u016bs\u0173 \u0161velni vegani\u0161ka formul\u0117 su eti\u0161kai gautomis med\u017eiagomis veiksmingai pa\u0161alina va\u0161k\u0105, ma\u017eina galvos kratym\u0105 d\u0117l ne\u0161varum\u0173 ar dirginimo ir neutralizuoja nemalon\u0173 kvap\u0105 su nat\u016brali\u0173 citrusini\u0173 vaisi\u0173 ekstrakt\u0173 mi\u0161iniu. Pagaminta GMP sertifikuotoje gamykloje \u2013 Bugalugs yra patikimas JK prek\u0117s \u017eenklas. Bugalugs aus\u0173 valymo tirpalas:     RAMINA \u2013 mal\u0161ina nie\u017eul\u012f, pa\u0161alina ne\u0161varumus ir aus\u0173 va\u0161k\u0105, ma\u017eina nemalon\u0173 kvap\u0105    GREITI REZULTATAI \u2013 greitai palengvina diskomfort\u0105 d\u0117l kvapo, da\u017eno galvos kratymo ar perteklinio va\u0161ko    PATIKIMA FORMUL\u0116 \u2013 100 % nat\u016bralios kilm\u0117s ingredientai, be alkoholio, be paraben\u0173, silikon\u0173, SLES, SLS, DEA ar ferment\u0173    LENGVA NAUDOTI \u2013 tinka \u0161unims ir kat\u0117ms; nedidelis kiekis pakanka, suma\u017einant stres\u0105    DRAUGI\u0160KAS GYV\u016aNAMS \u2013 niekada netestuotas ant gyv\u016bn\u0173   Naudojimas: La\u0161inkite tirpal\u0105 tiesiai \u012f ausies kanal\u0105, kol skystis matomas. Masa\u017euokite ausies pagrind\u0105. \u0160uo gali pakratyti galv\u0105, kad i\u0161stumt\u0173 va\u0161k\u0105 ir ne\u0161varumus. Pa\u0161alinkite pertekli\u0173 su vatos tamponu. Nenaudokite vatos pagaliuk\u0173 ausies kanale. \u012esp\u0117jimai: Tik i\u0161oriniam naudojimui. Venkite kontakto su akimis ir gleivin\u0117mis. Jei patenka \u012f akis, skalaukite dideliu kiekiu vandens. Jei atsiranda dirginimas, nutraukite naudojim\u0105 ir kreipkit\u0117s \u012f veterinar\u0105. Nenaudokite, jei ausies b\u016bgnelis ply\u0161\u0119s. Laikykite vaikams nepasiekiamoje vietoje. Sud\u0117tis: Vanduo, Glicerinas, Decilglikozidas, Citrus Aurantium Bergamia (bergamot\u0117s) lap\u0173 ekstraktas, Citrus Aurantifolia (laimo) vaisi\u0173 ekstraktas, Citrus Aurantium Dulcis (apelsin\u0173) vaisi\u0173 ekstraktas, Citrus Grandis (greipfrut\u0173) ekstraktas, Citrus Limon (citrin\u0173) vaisi\u0173 ekstraktas, Citrus Unshiu (mandarin\u0173) vaisi\u0173 ekstraktas, Natrio benzoatas, Citrin\u0173 r\u016bg\u0161tis, Kalio sorbatas","og_url":"https:\/\/miumjau.ee\/lt\/produktas\/bugalugs-raminantis-ausu-valymo-tirpalas-sunims-ir-katems-200-ml\/","og_site_name":"MiuMjau","article_publisher":"https:\/\/www.facebook.com\/miumjaupood\/","article_modified_time":"2026-01-07T18:43:37+00:00","og_image":[{"width":600,"height":800,"url":"https:\/\/miumjau.ee\/wp-content\/uploads\/2025\/06\/bugalugs-koera-korvade-puhastus-sprei3.webp","type":"image\/webp"}],"twitter_card":"summary_large_image","schema":{"@context":"https:\/\/schema.org","@graph":[{"@type":"WebPage","@id":"https:\/\/miumjau.ee\/lt\/produktas\/bugalugs-raminantis-ausu-valymo-tirpalas-sunims-ir-katems-200-ml\/","url":"https:\/\/miumjau.ee\/lt\/produktas\/bugalugs-raminantis-ausu-valymo-tirpalas-sunims-ir-katems-200-ml\/","name":"Bugalugs raminantis aus\u0173 valymo tirpalas \u0161unims ir kat\u0117ms \u2013 200 ml - MiuMjau","isPartOf":{"@id":"https:\/\/miumjau.ee\/#website"},"primaryImageOfPage":{"@id":"https:\/\/miumjau.ee\/lt\/produktas\/bugalugs-raminantis-ausu-valymo-tirpalas-sunims-ir-katems-200-ml\/#primaryimage"},"image":{"@id":"https:\/\/miumjau.ee\/lt\/produktas\/bugalugs-raminantis-ausu-valymo-tirpalas-sunims-ir-katems-200-ml\/#primaryimage"},"thumbnailUrl":"https:\/\/miumjau.ee\/wp-content\/uploads\/2025\/06\/bugalugs-koera-korvade-puhastus-sprei3.webp","datePublished":"2025-06-18T19:38:36+00:00","dateModified":"2026-01-07T18:43:37+00:00","breadcrumb":{"@id":"https:\/\/miumjau.ee\/lt\/produktas\/bugalugs-raminantis-ausu-valymo-tirpalas-sunims-ir-katems-200-ml\/#breadcrumb"},"inLanguage":"lt-LT","potentialAction":[{"@type":"ReadAction","target":["https:\/\/miumjau.ee\/lt\/produktas\/bugalugs-raminantis-ausu-valymo-tirpalas-sunims-ir-katems-200-ml\/"]}]},{"@type":"ImageObject","inLanguage":"lt-LT","@id":"https:\/\/miumjau.ee\/lt\/produktas\/bugalugs-raminantis-ausu-valymo-tirpalas-sunims-ir-katems-200-ml\/#primaryimage","url":"https:\/\/miumjau.ee\/wp-content\/uploads\/2025\/06\/bugalugs-koera-korvade-puhastus-sprei3.webp","contentUrl":"https:\/\/miumjau.ee\/wp-content\/uploads\/2025\/06\/bugalugs-koera-korvade-puhastus-sprei3.webp","width":600,"height":800},{"@type":"BreadcrumbList","@id":"https:\/\/miumjau.ee\/lt\/produktas\/bugalugs-raminantis-ausu-valymo-tirpalas-sunims-ir-katems-200-ml\/#breadcrumb","itemListElement":[{"@type":"ListItem","position":1,"name":"Home","item":"https:\/\/miumjau.ee\/lt\/"},{"@type":"ListItem","position":2,"name":"Parduotuv\u0117","item":"https:\/\/miumjau.ee\/lt\/parduotuve\/"},{"@type":"ListItem","position":3,"name":"Bugalugs raminantis aus\u0173 valymo tirpalas \u0161unims ir kat\u0117ms \u2013 200 ml"}]},{"@type":"WebSite","@id":"https:\/\/miumjau.ee\/#website","url":"https:\/\/miumjau.ee\/","name":"MiuMjau","description":"Kraapimispuud kassidele","publisher":{"@id":"https:\/\/miumjau.ee\/#organization"},"potentialAction":[{"@type":"SearchAction","target":{"@type":"EntryPoint","urlTemplate":"https:\/\/miumjau.ee\/?s={search_term_string}"},"query-input":{"@type":"PropertyValueSpecification","valueRequired":true,"valueName":"search_term_string"}}],"inLanguage":"lt-LT"},{"@type":"Organization","@id":"https:\/\/miumjau.ee\/#organization","name":"MiuMjau O\u00dc","url":"https:\/\/miumjau.ee\/","logo":{"@type":"ImageObject","inLanguage":"lt-LT","@id":"https:\/\/miumjau.ee\/#\/schema\/logo\/image\/","url":"https:\/\/miumjau.ee\/wp-content\/uploads\/2022\/04\/MiuMjau-logo-kollane.png","contentUrl":"https:\/\/miumjau.ee\/wp-content\/uploads\/2022\/04\/MiuMjau-logo-kollane.png","width":219,"height":100,"caption":"MiuMjau O\u00dc"},"image":{"@id":"https:\/\/miumjau.ee\/#\/schema\/logo\/image\/"},"sameAs":["https:\/\/www.facebook.com\/miumjaupood\/"]}]}},"_links":{"self":[{"href":"https:\/\/miumjau.ee\/lt\/wp-json\/wp\/v2\/product\/49237","targetHints":{"allow":["GET"]}}],"collection":[{"href":"https:\/\/miumjau.ee\/lt\/wp-json\/wp\/v2\/product"}],"about":[{"href":"https:\/\/miumjau.ee\/lt\/wp-json\/wp\/v2\/types\/product"}],"wp:featuredmedia":[{"embeddable":true,"href":"https:\/\/miumjau.ee\/lt\/wp-json\/wp\/v2\/media\/49238"}],"wp:attachment":[{"href":"https:\/\/miumjau.ee\/lt\/wp-json\/wp\/v2\/media?parent=49237"}],"wp:term":[{"taxonomy":"product_brand","embeddable":true,"href":"https:\/\/miumjau.ee\/lt\/wp-json\/wp\/v2\/product_brand?post=49237"},{"taxonomy":"product_cat","embeddable":true,"href":"https:\/\/miumjau.ee\/lt\/wp-json\/wp\/v2\/product_cat?post=49237"},{"taxonomy":"product_tag","embeddable":true,"href":"https:\/\/miumjau.ee\/lt\/wp-json\/wp\/v2\/product_tag?post=49237"}],"curies":[{"name":"wp","href":"https:\/\/api.w.org\/{rel}","templated":true}]}}