{"id":49227,"date":"2025-06-18T22:53:09","date_gmt":"2025-06-18T19:53:09","guid":{"rendered":"https:\/\/miumjau.ee\/toode\/bugalugs-rauksliu-valymo-serveteles-katems-ir-sunims-100-vnt\/"},"modified":"2026-02-17T16:18:10","modified_gmt":"2026-02-17T14:18:10","slug":"bugalugs-rauksliu-valymo-serveteles-katems-ir-sunims-100-vnt","status":"publish","type":"product","link":"https:\/\/miumjau.ee\/lt\/produktas\/bugalugs-rauksliu-valymo-serveteles-katems-ir-sunims-100-vnt\/","title":{"rendered":"Bugalugs rauk\u0161li\u0173 valymo servet\u0117l\u0117s kat\u0117ms ir \u0161unims \u2013 100 vnt."},"content":{"rendered":"","protected":false},"excerpt":{"rendered":"<p data-start=\"5259\" data-end=\"5362\">Suteikite savo rauk\u0161l\u0117taveid\u017eiam \u0161uniui geriausi\u0105 prie\u017ei\u016br\u0105 su Bugalugs rauk\u0161li\u0173 valymo servet\u0117l\u0117mis.<\/p>\n<p data-start=\"5364\" data-end=\"5581\">Bugalugs Wrinkle Cleansing Wipes \u2013 100 servet\u0117li\u0173, specialiai sukurt\u0173 rauk\u0161l\u0117tos odos valymui. Bekvap\u0117s ir biologi\u0161kai skaid\u017eios, \u0161ios servet\u0117l\u0117s u\u017etikrina j\u016bs\u0173 kailiniam draugui \u0161variausi\u0105 ir patogiausi\u0105 prie\u017ei\u016br\u0105.<\/p>\n<p data-start=\"5583\" data-end=\"5801\">Didel\u0117s ir tvirtos, \u0161ios servet\u0117l\u0117s pasiekia gilias odos rauk\u0161les, pa\u0161alindamos ne\u0161varumus ir dr\u0117gm\u0119, galin\u010dius sukelti bakterij\u0173 dauginim\u0105si ir odos dirginim\u0105. Unikali formul\u0117 nuramina jautri\u0105 od\u0105, letenas ir ausis.<\/p>\n<p data-start=\"5803\" data-end=\"6060\"><strong data-start=\"5803\" data-end=\"5844\">\u0160velni ir efektyvi kasdien\u0117 prie\u017ei\u016bra<\/strong><br data-start=\"5844\" data-end=\"5847\" \/>Puikiai tinka brachicefalin\u0117ms veisl\u0117ms, tokioms kaip pranc\u016bz\u0173 buldogai, mopsai, bokseriai, shi tzu ir kt. \u2013 kasdienis naudojimas padeda i\u0161vengti odos sudirginimo ir palaikyti j\u016bs\u0173 augintinio \u0161var\u0105 bei sveikat\u0105.<\/p>\n<p data-start=\"6062\" data-end=\"6300\">Bugalugs r\u016bpinasi aplinka \u2013 m\u016bs\u0173 rauk\u0161li\u0173 servet\u0117l\u0117s pagamintos i\u0161 augalini\u0173 pluo\u0161t\u0173, be plastiko ir biologi\u0161kai skaid\u017eios. Pasirinkdami Bugalugs, suteikiate savo augintiniui auk\u0161\u010diausios kokyb\u0117s prie\u017ei\u016br\u0105 ir padedate apsaugoti planet\u0105.<\/p>\n<p data-start=\"6302\" data-end=\"6357\"><strong data-start=\"6302\" data-end=\"6355\">Kod\u0117l verta rinktis Bugalugs rauk\u0161li\u0173 servet\u0117les?<\/strong><\/p>\n<ul data-start=\"6358\" data-end=\"6572\">\n<li data-start=\"6358\" data-end=\"6403\">\n<p data-start=\"6360\" data-end=\"6403\">Didel\u0117s, tvirtos ir biologi\u0161kai skaid\u017eios<\/p>\n<\/li>\n<li data-start=\"6404\" data-end=\"6433\">\n<p data-start=\"6406\" data-end=\"6433\">Bekvap\u0117 ir \u0161velni formul\u0117<\/p>\n<\/li>\n<li data-start=\"6434\" data-end=\"6487\">\n<p data-start=\"6436\" data-end=\"6487\">Nuramina \u012fsitempusi\u0105 od\u0105 ir apsaugo nuo dirginimo<\/p>\n<\/li>\n<li data-start=\"6488\" data-end=\"6519\">\n<p data-start=\"6490\" data-end=\"6519\">Tinka kasdieniam naudojimui<\/p>\n<\/li>\n<li data-start=\"6520\" data-end=\"6546\">\n<p data-start=\"6522\" data-end=\"6546\">Tinka \u0161unims ir kat\u0117ms<\/p>\n<\/li>\n<li data-start=\"6547\" data-end=\"6572\">\n<p data-start=\"6549\" data-end=\"6572\">Atsakingai pagamintos<\/p>\n<\/li>\n<\/ul>\n<p data-start=\"6574\" data-end=\"6829\"><strong data-start=\"6574\" data-end=\"6589\">Naudojimas:<\/strong> Paimkite vien\u0105 i\u0161 anksto sudr\u0117kint\u0105 servet\u0117l\u0119 ir \u0161velniai nuvalykite valom\u0105 srit\u012f, \u012fskaitant rauk\u0161les ir \u012flinkius. Naudokite abi servet\u0117l\u0117s puses. Skalauti nereikia. Nenaudokite tos pa\u010dios servet\u0117l\u0117s pakartotinai. Tinka \u0161unims ir kat\u0117ms.<\/p>\n<p data-start=\"6831\" data-end=\"6929\"><strong data-start=\"6831\" data-end=\"6843\">Sud\u0117tis:<\/strong> Vanduo, Glicerinas, Chlorheksidino diglukonatas, PEG-75 lanolinas, Propilenglikolis<\/p>\n","protected":false},"featured_media":49228,"template":"","meta":[],"product_brand":[],"product_cat":[523,542],"product_tag":[],"class_list":{"0":"post-49227","1":"product","2":"type-product","3":"status-publish","4":"has-post-thumbnail","6":"product_cat-kita","7":"product_cat-prieziuros-priemones-sunims","9":"first","10":"instock","11":"taxable","12":"shipping-taxable","13":"purchasable","14":"product-type-simple"},"yoast_head":"<!-- This site is optimized with the Yoast SEO plugin v27.2 - https:\/\/yoast.com\/product\/yoast-seo-wordpress\/ -->\n<title>Bugalugs rauk\u0161li\u0173 valymo servet\u0117l\u0117s kat\u0117ms ir \u0161unims \u2013 100 vnt. - MiuMjau<\/title>\n<meta name=\"robots\" content=\"index, follow, max-snippet:-1, max-image-preview:large, max-video-preview:-1\" \/>\n<link rel=\"canonical\" href=\"https:\/\/miumjau.ee\/lt\/produktas\/bugalugs-rauksliu-valymo-serveteles-katems-ir-sunims-100-vnt\/\" \/>\n<meta property=\"og:locale\" content=\"lt_LT\" \/>\n<meta property=\"og:type\" content=\"article\" \/>\n<meta property=\"og:title\" content=\"Bugalugs rauk\u0161li\u0173 valymo servet\u0117l\u0117s kat\u0117ms ir \u0161unims \u2013 100 vnt. - MiuMjau\" \/>\n<meta property=\"og:description\" content=\"Suteikite savo rauk\u0161l\u0117taveid\u017eiam \u0161uniui geriausi\u0105 prie\u017ei\u016br\u0105 su Bugalugs rauk\u0161li\u0173 valymo servet\u0117l\u0117mis. Bugalugs Wrinkle Cleansing Wipes \u2013 100 servet\u0117li\u0173, specialiai sukurt\u0173 rauk\u0161l\u0117tos odos valymui. Bekvap\u0117s ir biologi\u0161kai skaid\u017eios, \u0161ios servet\u0117l\u0117s u\u017etikrina j\u016bs\u0173 kailiniam draugui \u0161variausi\u0105 ir patogiausi\u0105 prie\u017ei\u016br\u0105. Didel\u0117s ir tvirtos, \u0161ios servet\u0117l\u0117s pasiekia gilias odos rauk\u0161les, pa\u0161alindamos ne\u0161varumus ir dr\u0117gm\u0119, galin\u010dius sukelti bakterij\u0173 dauginim\u0105si ir odos dirginim\u0105. Unikali formul\u0117 nuramina jautri\u0105 od\u0105, letenas ir ausis. \u0160velni ir efektyvi kasdien\u0117 prie\u017ei\u016braPuikiai tinka brachicefalin\u0117ms veisl\u0117ms, tokioms kaip pranc\u016bz\u0173 buldogai, mopsai, bokseriai, shi tzu ir kt. \u2013 kasdienis naudojimas padeda i\u0161vengti odos sudirginimo ir palaikyti j\u016bs\u0173 augintinio \u0161var\u0105 bei sveikat\u0105. Bugalugs r\u016bpinasi aplinka \u2013 m\u016bs\u0173 rauk\u0161li\u0173 servet\u0117l\u0117s pagamintos i\u0161 augalini\u0173 pluo\u0161t\u0173, be plastiko ir biologi\u0161kai skaid\u017eios. Pasirinkdami Bugalugs, suteikiate savo augintiniui auk\u0161\u010diausios kokyb\u0117s prie\u017ei\u016br\u0105 ir padedate apsaugoti planet\u0105. Kod\u0117l verta rinktis Bugalugs rauk\u0161li\u0173 servet\u0117les?     Didel\u0117s, tvirtos ir biologi\u0161kai skaid\u017eios    Bekvap\u0117 ir \u0161velni formul\u0117    Nuramina \u012fsitempusi\u0105 od\u0105 ir apsaugo nuo dirginimo    Tinka kasdieniam naudojimui    Tinka \u0161unims ir kat\u0117ms    Atsakingai pagamintos   Naudojimas: Paimkite vien\u0105 i\u0161 anksto sudr\u0117kint\u0105 servet\u0117l\u0119 ir \u0161velniai nuvalykite valom\u0105 srit\u012f, \u012fskaitant rauk\u0161les ir \u012flinkius. Naudokite abi servet\u0117l\u0117s puses. Skalauti nereikia. Nenaudokite tos pa\u010dios servet\u0117l\u0117s pakartotinai. Tinka \u0161unims ir kat\u0117ms. Sud\u0117tis: Vanduo, Glicerinas, Chlorheksidino diglukonatas, PEG-75 lanolinas, Propilenglikolis\" \/>\n<meta property=\"og:url\" content=\"https:\/\/miumjau.ee\/lt\/produktas\/bugalugs-rauksliu-valymo-serveteles-katems-ir-sunims-100-vnt\/\" \/>\n<meta property=\"og:site_name\" content=\"MiuMjau\" \/>\n<meta property=\"article:publisher\" content=\"https:\/\/www.facebook.com\/miumjaupood\/\" \/>\n<meta property=\"article:modified_time\" content=\"2026-02-17T14:18:10+00:00\" \/>\n<meta property=\"og:image\" content=\"https:\/\/miumjau.ee\/wp-content\/uploads\/2025\/06\/kortsupuhastus-padjakesed-bugalugs2.webp\" \/>\n\t<meta property=\"og:image:width\" content=\"600\" \/>\n\t<meta property=\"og:image:height\" content=\"800\" \/>\n\t<meta property=\"og:image:type\" content=\"image\/webp\" \/>\n<meta name=\"twitter:card\" content=\"summary_large_image\" \/>\n<script type=\"application\/ld+json\" class=\"yoast-schema-graph\">{\"@context\":\"https:\/\/schema.org\",\"@graph\":[{\"@type\":\"WebPage\",\"@id\":\"https:\/\/miumjau.ee\/lt\/produktas\/bugalugs-rauksliu-valymo-serveteles-katems-ir-sunims-100-vnt\/\",\"url\":\"https:\/\/miumjau.ee\/lt\/produktas\/bugalugs-rauksliu-valymo-serveteles-katems-ir-sunims-100-vnt\/\",\"name\":\"Bugalugs rauk\u0161li\u0173 valymo servet\u0117l\u0117s kat\u0117ms ir \u0161unims \u2013 100 vnt. - MiuMjau\",\"isPartOf\":{\"@id\":\"https:\/\/miumjau.ee\/#website\"},\"primaryImageOfPage\":{\"@id\":\"https:\/\/miumjau.ee\/lt\/produktas\/bugalugs-rauksliu-valymo-serveteles-katems-ir-sunims-100-vnt\/#primaryimage\"},\"image\":{\"@id\":\"https:\/\/miumjau.ee\/lt\/produktas\/bugalugs-rauksliu-valymo-serveteles-katems-ir-sunims-100-vnt\/#primaryimage\"},\"thumbnailUrl\":\"https:\/\/miumjau.ee\/wp-content\/uploads\/2025\/06\/kortsupuhastus-padjakesed-bugalugs2.webp\",\"datePublished\":\"2025-06-18T19:53:09+00:00\",\"dateModified\":\"2026-02-17T14:18:10+00:00\",\"breadcrumb\":{\"@id\":\"https:\/\/miumjau.ee\/lt\/produktas\/bugalugs-rauksliu-valymo-serveteles-katems-ir-sunims-100-vnt\/#breadcrumb\"},\"inLanguage\":\"lt-LT\",\"potentialAction\":[{\"@type\":\"ReadAction\",\"target\":[\"https:\/\/miumjau.ee\/lt\/produktas\/bugalugs-rauksliu-valymo-serveteles-katems-ir-sunims-100-vnt\/\"]}]},{\"@type\":\"ImageObject\",\"inLanguage\":\"lt-LT\",\"@id\":\"https:\/\/miumjau.ee\/lt\/produktas\/bugalugs-rauksliu-valymo-serveteles-katems-ir-sunims-100-vnt\/#primaryimage\",\"url\":\"https:\/\/miumjau.ee\/wp-content\/uploads\/2025\/06\/kortsupuhastus-padjakesed-bugalugs2.webp\",\"contentUrl\":\"https:\/\/miumjau.ee\/wp-content\/uploads\/2025\/06\/kortsupuhastus-padjakesed-bugalugs2.webp\",\"width\":600,\"height\":800},{\"@type\":\"BreadcrumbList\",\"@id\":\"https:\/\/miumjau.ee\/lt\/produktas\/bugalugs-rauksliu-valymo-serveteles-katems-ir-sunims-100-vnt\/#breadcrumb\",\"itemListElement\":[{\"@type\":\"ListItem\",\"position\":1,\"name\":\"Home\",\"item\":\"https:\/\/miumjau.ee\/lt\/\"},{\"@type\":\"ListItem\",\"position\":2,\"name\":\"Parduotuv\u0117\",\"item\":\"https:\/\/miumjau.ee\/lt\/parduotuve\/\"},{\"@type\":\"ListItem\",\"position\":3,\"name\":\"Bugalugs rauk\u0161li\u0173 valymo servet\u0117l\u0117s kat\u0117ms ir \u0161unims \u2013 100 vnt.\"}]},{\"@type\":\"WebSite\",\"@id\":\"https:\/\/miumjau.ee\/#website\",\"url\":\"https:\/\/miumjau.ee\/\",\"name\":\"MiuMjau\",\"description\":\"Kraapimispuud kassidele\",\"publisher\":{\"@id\":\"https:\/\/miumjau.ee\/#organization\"},\"potentialAction\":[{\"@type\":\"SearchAction\",\"target\":{\"@type\":\"EntryPoint\",\"urlTemplate\":\"https:\/\/miumjau.ee\/?s={search_term_string}\"},\"query-input\":{\"@type\":\"PropertyValueSpecification\",\"valueRequired\":true,\"valueName\":\"search_term_string\"}}],\"inLanguage\":\"lt-LT\"},{\"@type\":\"Organization\",\"@id\":\"https:\/\/miumjau.ee\/#organization\",\"name\":\"MiuMjau O\u00dc\",\"url\":\"https:\/\/miumjau.ee\/\",\"logo\":{\"@type\":\"ImageObject\",\"inLanguage\":\"lt-LT\",\"@id\":\"https:\/\/miumjau.ee\/#\/schema\/logo\/image\/\",\"url\":\"https:\/\/miumjau.ee\/wp-content\/uploads\/2022\/04\/MiuMjau-logo-kollane.png\",\"contentUrl\":\"https:\/\/miumjau.ee\/wp-content\/uploads\/2022\/04\/MiuMjau-logo-kollane.png\",\"width\":219,\"height\":100,\"caption\":\"MiuMjau O\u00dc\"},\"image\":{\"@id\":\"https:\/\/miumjau.ee\/#\/schema\/logo\/image\/\"},\"sameAs\":[\"https:\/\/www.facebook.com\/miumjaupood\/\"]}]}<\/script>\n<!-- \/ Yoast SEO plugin. -->","yoast_head_json":{"title":"Bugalugs rauk\u0161li\u0173 valymo servet\u0117l\u0117s kat\u0117ms ir \u0161unims \u2013 100 vnt. - MiuMjau","robots":{"index":"index","follow":"follow","max-snippet":"max-snippet:-1","max-image-preview":"max-image-preview:large","max-video-preview":"max-video-preview:-1"},"canonical":"https:\/\/miumjau.ee\/lt\/produktas\/bugalugs-rauksliu-valymo-serveteles-katems-ir-sunims-100-vnt\/","og_locale":"lt_LT","og_type":"article","og_title":"Bugalugs rauk\u0161li\u0173 valymo servet\u0117l\u0117s kat\u0117ms ir \u0161unims \u2013 100 vnt. - MiuMjau","og_description":"Suteikite savo rauk\u0161l\u0117taveid\u017eiam \u0161uniui geriausi\u0105 prie\u017ei\u016br\u0105 su Bugalugs rauk\u0161li\u0173 valymo servet\u0117l\u0117mis. Bugalugs Wrinkle Cleansing Wipes \u2013 100 servet\u0117li\u0173, specialiai sukurt\u0173 rauk\u0161l\u0117tos odos valymui. Bekvap\u0117s ir biologi\u0161kai skaid\u017eios, \u0161ios servet\u0117l\u0117s u\u017etikrina j\u016bs\u0173 kailiniam draugui \u0161variausi\u0105 ir patogiausi\u0105 prie\u017ei\u016br\u0105. Didel\u0117s ir tvirtos, \u0161ios servet\u0117l\u0117s pasiekia gilias odos rauk\u0161les, pa\u0161alindamos ne\u0161varumus ir dr\u0117gm\u0119, galin\u010dius sukelti bakterij\u0173 dauginim\u0105si ir odos dirginim\u0105. Unikali formul\u0117 nuramina jautri\u0105 od\u0105, letenas ir ausis. \u0160velni ir efektyvi kasdien\u0117 prie\u017ei\u016braPuikiai tinka brachicefalin\u0117ms veisl\u0117ms, tokioms kaip pranc\u016bz\u0173 buldogai, mopsai, bokseriai, shi tzu ir kt. \u2013 kasdienis naudojimas padeda i\u0161vengti odos sudirginimo ir palaikyti j\u016bs\u0173 augintinio \u0161var\u0105 bei sveikat\u0105. Bugalugs r\u016bpinasi aplinka \u2013 m\u016bs\u0173 rauk\u0161li\u0173 servet\u0117l\u0117s pagamintos i\u0161 augalini\u0173 pluo\u0161t\u0173, be plastiko ir biologi\u0161kai skaid\u017eios. Pasirinkdami Bugalugs, suteikiate savo augintiniui auk\u0161\u010diausios kokyb\u0117s prie\u017ei\u016br\u0105 ir padedate apsaugoti planet\u0105. Kod\u0117l verta rinktis Bugalugs rauk\u0161li\u0173 servet\u0117les?     Didel\u0117s, tvirtos ir biologi\u0161kai skaid\u017eios    Bekvap\u0117 ir \u0161velni formul\u0117    Nuramina \u012fsitempusi\u0105 od\u0105 ir apsaugo nuo dirginimo    Tinka kasdieniam naudojimui    Tinka \u0161unims ir kat\u0117ms    Atsakingai pagamintos   Naudojimas: Paimkite vien\u0105 i\u0161 anksto sudr\u0117kint\u0105 servet\u0117l\u0119 ir \u0161velniai nuvalykite valom\u0105 srit\u012f, \u012fskaitant rauk\u0161les ir \u012flinkius. Naudokite abi servet\u0117l\u0117s puses. Skalauti nereikia. Nenaudokite tos pa\u010dios servet\u0117l\u0117s pakartotinai. Tinka \u0161unims ir kat\u0117ms. Sud\u0117tis: Vanduo, Glicerinas, Chlorheksidino diglukonatas, PEG-75 lanolinas, Propilenglikolis","og_url":"https:\/\/miumjau.ee\/lt\/produktas\/bugalugs-rauksliu-valymo-serveteles-katems-ir-sunims-100-vnt\/","og_site_name":"MiuMjau","article_publisher":"https:\/\/www.facebook.com\/miumjaupood\/","article_modified_time":"2026-02-17T14:18:10+00:00","og_image":[{"width":600,"height":800,"url":"https:\/\/miumjau.ee\/wp-content\/uploads\/2025\/06\/kortsupuhastus-padjakesed-bugalugs2.webp","type":"image\/webp"}],"twitter_card":"summary_large_image","schema":{"@context":"https:\/\/schema.org","@graph":[{"@type":"WebPage","@id":"https:\/\/miumjau.ee\/lt\/produktas\/bugalugs-rauksliu-valymo-serveteles-katems-ir-sunims-100-vnt\/","url":"https:\/\/miumjau.ee\/lt\/produktas\/bugalugs-rauksliu-valymo-serveteles-katems-ir-sunims-100-vnt\/","name":"Bugalugs rauk\u0161li\u0173 valymo servet\u0117l\u0117s kat\u0117ms ir \u0161unims \u2013 100 vnt. - MiuMjau","isPartOf":{"@id":"https:\/\/miumjau.ee\/#website"},"primaryImageOfPage":{"@id":"https:\/\/miumjau.ee\/lt\/produktas\/bugalugs-rauksliu-valymo-serveteles-katems-ir-sunims-100-vnt\/#primaryimage"},"image":{"@id":"https:\/\/miumjau.ee\/lt\/produktas\/bugalugs-rauksliu-valymo-serveteles-katems-ir-sunims-100-vnt\/#primaryimage"},"thumbnailUrl":"https:\/\/miumjau.ee\/wp-content\/uploads\/2025\/06\/kortsupuhastus-padjakesed-bugalugs2.webp","datePublished":"2025-06-18T19:53:09+00:00","dateModified":"2026-02-17T14:18:10+00:00","breadcrumb":{"@id":"https:\/\/miumjau.ee\/lt\/produktas\/bugalugs-rauksliu-valymo-serveteles-katems-ir-sunims-100-vnt\/#breadcrumb"},"inLanguage":"lt-LT","potentialAction":[{"@type":"ReadAction","target":["https:\/\/miumjau.ee\/lt\/produktas\/bugalugs-rauksliu-valymo-serveteles-katems-ir-sunims-100-vnt\/"]}]},{"@type":"ImageObject","inLanguage":"lt-LT","@id":"https:\/\/miumjau.ee\/lt\/produktas\/bugalugs-rauksliu-valymo-serveteles-katems-ir-sunims-100-vnt\/#primaryimage","url":"https:\/\/miumjau.ee\/wp-content\/uploads\/2025\/06\/kortsupuhastus-padjakesed-bugalugs2.webp","contentUrl":"https:\/\/miumjau.ee\/wp-content\/uploads\/2025\/06\/kortsupuhastus-padjakesed-bugalugs2.webp","width":600,"height":800},{"@type":"BreadcrumbList","@id":"https:\/\/miumjau.ee\/lt\/produktas\/bugalugs-rauksliu-valymo-serveteles-katems-ir-sunims-100-vnt\/#breadcrumb","itemListElement":[{"@type":"ListItem","position":1,"name":"Home","item":"https:\/\/miumjau.ee\/lt\/"},{"@type":"ListItem","position":2,"name":"Parduotuv\u0117","item":"https:\/\/miumjau.ee\/lt\/parduotuve\/"},{"@type":"ListItem","position":3,"name":"Bugalugs rauk\u0161li\u0173 valymo servet\u0117l\u0117s kat\u0117ms ir \u0161unims \u2013 100 vnt."}]},{"@type":"WebSite","@id":"https:\/\/miumjau.ee\/#website","url":"https:\/\/miumjau.ee\/","name":"MiuMjau","description":"Kraapimispuud kassidele","publisher":{"@id":"https:\/\/miumjau.ee\/#organization"},"potentialAction":[{"@type":"SearchAction","target":{"@type":"EntryPoint","urlTemplate":"https:\/\/miumjau.ee\/?s={search_term_string}"},"query-input":{"@type":"PropertyValueSpecification","valueRequired":true,"valueName":"search_term_string"}}],"inLanguage":"lt-LT"},{"@type":"Organization","@id":"https:\/\/miumjau.ee\/#organization","name":"MiuMjau O\u00dc","url":"https:\/\/miumjau.ee\/","logo":{"@type":"ImageObject","inLanguage":"lt-LT","@id":"https:\/\/miumjau.ee\/#\/schema\/logo\/image\/","url":"https:\/\/miumjau.ee\/wp-content\/uploads\/2022\/04\/MiuMjau-logo-kollane.png","contentUrl":"https:\/\/miumjau.ee\/wp-content\/uploads\/2022\/04\/MiuMjau-logo-kollane.png","width":219,"height":100,"caption":"MiuMjau O\u00dc"},"image":{"@id":"https:\/\/miumjau.ee\/#\/schema\/logo\/image\/"},"sameAs":["https:\/\/www.facebook.com\/miumjaupood\/"]}]}},"_links":{"self":[{"href":"https:\/\/miumjau.ee\/lt\/wp-json\/wp\/v2\/product\/49227","targetHints":{"allow":["GET"]}}],"collection":[{"href":"https:\/\/miumjau.ee\/lt\/wp-json\/wp\/v2\/product"}],"about":[{"href":"https:\/\/miumjau.ee\/lt\/wp-json\/wp\/v2\/types\/product"}],"wp:featuredmedia":[{"embeddable":true,"href":"https:\/\/miumjau.ee\/lt\/wp-json\/wp\/v2\/media\/49228"}],"wp:attachment":[{"href":"https:\/\/miumjau.ee\/lt\/wp-json\/wp\/v2\/media?parent=49227"}],"wp:term":[{"taxonomy":"product_brand","embeddable":true,"href":"https:\/\/miumjau.ee\/lt\/wp-json\/wp\/v2\/product_brand?post=49227"},{"taxonomy":"product_cat","embeddable":true,"href":"https:\/\/miumjau.ee\/lt\/wp-json\/wp\/v2\/product_cat?post=49227"},{"taxonomy":"product_tag","embeddable":true,"href":"https:\/\/miumjau.ee\/lt\/wp-json\/wp\/v2\/product_tag?post=49227"}],"curies":[{"name":"wp","href":"https:\/\/api.w.org\/{rel}","templated":true}]}}