{"id":49219,"date":"2025-07-20T10:48:16","date_gmt":"2025-07-20T07:48:16","guid":{"rendered":"https:\/\/miumjau.ee\/toode\/bugalugs-papaya-coconut-kvapu-purskalas-katems\/"},"modified":"2026-01-07T20:43:44","modified_gmt":"2026-01-07T18:43:44","slug":"bugalugs-papaya-coconut-kvapu-purskalas-katems","status":"publish","type":"product","link":"https:\/\/miumjau.ee\/lt\/produktas\/bugalugs-papaya-coconut-kvapu-purskalas-katems\/","title":{"rendered":"Bugalugs Papaya &#038; Coconut kvap\u0173 pur\u0161kalas kat\u0117ms"},"content":{"rendered":"","protected":false},"excerpt":{"rendered":"<p data-start=\"3251\" data-end=\"3347\">Greitai atnaujinkite savo kat\u0119 tarp maudym\u0173 su Bugalugs papajos ir kokoso k\u016bno parfumu kat\u0117ms!<\/p>\n<p data-start=\"3349\" data-end=\"3493\">M\u016bs\u0173 greitai veikian\u010dios pur\u0161kalo ir dvigubo poveikio formul\u0117 efektyviai pa\u0161alina nemalonius kvapus, tuo pa\u010diu dr\u0117kindama ir gaivindama kail\u012f.<\/p>\n<p data-start=\"3495\" data-end=\"3657\">Ilgai veikiantis pur\u0161kalas turi Aloe Vera ir pantenolio (pro-vitaminas B5), yra \u0161velnus odai ir saugus lai\u017eyti. Gaivinkite ir neutralizuokite kvapus be maudymo.<\/p>\n<p data-start=\"3659\" data-end=\"3693\">I\u0161bandyta ant \u017emoni\u0173, ne gyv\u016bn\u0173.<\/p>\n<p data-start=\"3695\" data-end=\"3797\">Vegan\u0173 formul\u0117, pagaminta JK \u2013 nat\u016bral\u016bs ingredientai, raminantys kat\u0117s ir ka\u010diuko odai bei kailiui.<\/p>\n<p data-start=\"3799\" data-end=\"3902\"><strong data-start=\"3799\" data-end=\"3814\">Naudojimas:<\/strong> Purk\u0161kite ant sauso kailio po prie\u017ei\u016bros arba tarp maudym\u0173, kad kat\u0117 kvep\u0117t\u0173 gaiviai.<\/p>\n<p data-start=\"3904\" data-end=\"4178\"><strong data-start=\"3904\" data-end=\"3916\">Sud\u0117tis:<\/strong> Aqua, denat\u016bruotas alkoholis, Polisorbatas 20, Parfumas, Pantenolis, Glicerinas, Citrinos r\u016bg\u0161tis, Natrio hidroksidas, Papajos (Carica Papaya) vaisi\u0173 ekstraktas, Aloe Vera (Aloe Barbadensis) lap\u0173 milteliai, Fenoksietanolis, Benzofenonas-4, CI 14700, CI 19140.<\/p>\n","protected":false},"featured_media":43969,"template":"","meta":[],"product_brand":[],"product_cat":[523],"product_tag":[],"class_list":{"0":"post-49219","1":"product","2":"type-product","3":"status-publish","4":"has-post-thumbnail","6":"product_cat-kita","8":"first","9":"instock","10":"taxable","11":"shipping-taxable","12":"purchasable","13":"product-type-simple"},"yoast_head":"<!-- This site is optimized with the Yoast SEO plugin v27.2 - https:\/\/yoast.com\/product\/yoast-seo-wordpress\/ -->\n<title>Bugalugs Papaya &amp; Coconut kvap\u0173 pur\u0161kalas kat\u0117ms - MiuMjau<\/title>\n<meta name=\"robots\" content=\"index, follow, max-snippet:-1, max-image-preview:large, max-video-preview:-1\" \/>\n<link rel=\"canonical\" href=\"https:\/\/miumjau.ee\/lt\/produktas\/bugalugs-papaya-coconut-kvapu-purskalas-katems\/\" \/>\n<meta property=\"og:locale\" content=\"lt_LT\" \/>\n<meta property=\"og:type\" content=\"article\" \/>\n<meta property=\"og:title\" content=\"Bugalugs Papaya &amp; Coconut kvap\u0173 pur\u0161kalas kat\u0117ms - MiuMjau\" \/>\n<meta property=\"og:description\" content=\"Greitai atnaujinkite savo kat\u0119 tarp maudym\u0173 su Bugalugs papajos ir kokoso k\u016bno parfumu kat\u0117ms! M\u016bs\u0173 greitai veikian\u010dios pur\u0161kalo ir dvigubo poveikio formul\u0117 efektyviai pa\u0161alina nemalonius kvapus, tuo pa\u010diu dr\u0117kindama ir gaivindama kail\u012f. Ilgai veikiantis pur\u0161kalas turi Aloe Vera ir pantenolio (pro-vitaminas B5), yra \u0161velnus odai ir saugus lai\u017eyti. Gaivinkite ir neutralizuokite kvapus be maudymo. I\u0161bandyta ant \u017emoni\u0173, ne gyv\u016bn\u0173. Vegan\u0173 formul\u0117, pagaminta JK \u2013 nat\u016bral\u016bs ingredientai, raminantys kat\u0117s ir ka\u010diuko odai bei kailiui. Naudojimas: Purk\u0161kite ant sauso kailio po prie\u017ei\u016bros arba tarp maudym\u0173, kad kat\u0117 kvep\u0117t\u0173 gaiviai. Sud\u0117tis: Aqua, denat\u016bruotas alkoholis, Polisorbatas 20, Parfumas, Pantenolis, Glicerinas, Citrinos r\u016bg\u0161tis, Natrio hidroksidas, Papajos (Carica Papaya) vaisi\u0173 ekstraktas, Aloe Vera (Aloe Barbadensis) lap\u0173 milteliai, Fenoksietanolis, Benzofenonas-4, CI 14700, CI 19140.\" \/>\n<meta property=\"og:url\" content=\"https:\/\/miumjau.ee\/lt\/produktas\/bugalugs-papaya-coconut-kvapu-purskalas-katems\/\" \/>\n<meta property=\"og:site_name\" content=\"MiuMjau\" \/>\n<meta property=\"article:publisher\" content=\"https:\/\/www.facebook.com\/miumjaupood\/\" \/>\n<meta property=\"article:modified_time\" content=\"2026-01-07T18:43:44+00:00\" \/>\n<meta property=\"og:image\" content=\"https:\/\/miumjau.ee\/wp-content\/uploads\/2025\/07\/lohnavesi-kassidele-bugalugs-papaia3.jpg\" \/>\n\t<meta property=\"og:image:width\" content=\"600\" \/>\n\t<meta property=\"og:image:height\" content=\"800\" \/>\n\t<meta property=\"og:image:type\" content=\"image\/jpeg\" \/>\n<meta name=\"twitter:card\" content=\"summary_large_image\" \/>\n<script type=\"application\/ld+json\" class=\"yoast-schema-graph\">{\"@context\":\"https:\/\/schema.org\",\"@graph\":[{\"@type\":\"WebPage\",\"@id\":\"https:\/\/miumjau.ee\/lt\/produktas\/bugalugs-papaya-coconut-kvapu-purskalas-katems\/\",\"url\":\"https:\/\/miumjau.ee\/lt\/produktas\/bugalugs-papaya-coconut-kvapu-purskalas-katems\/\",\"name\":\"Bugalugs Papaya & Coconut kvap\u0173 pur\u0161kalas kat\u0117ms - MiuMjau\",\"isPartOf\":{\"@id\":\"https:\/\/miumjau.ee\/#website\"},\"primaryImageOfPage\":{\"@id\":\"https:\/\/miumjau.ee\/lt\/produktas\/bugalugs-papaya-coconut-kvapu-purskalas-katems\/#primaryimage\"},\"image\":{\"@id\":\"https:\/\/miumjau.ee\/lt\/produktas\/bugalugs-papaya-coconut-kvapu-purskalas-katems\/#primaryimage\"},\"thumbnailUrl\":\"https:\/\/miumjau.ee\/wp-content\/uploads\/2025\/07\/lohnavesi-kassidele-bugalugs-papaia3.jpg\",\"datePublished\":\"2025-07-20T07:48:16+00:00\",\"dateModified\":\"2026-01-07T18:43:44+00:00\",\"breadcrumb\":{\"@id\":\"https:\/\/miumjau.ee\/lt\/produktas\/bugalugs-papaya-coconut-kvapu-purskalas-katems\/#breadcrumb\"},\"inLanguage\":\"lt-LT\",\"potentialAction\":[{\"@type\":\"ReadAction\",\"target\":[\"https:\/\/miumjau.ee\/lt\/produktas\/bugalugs-papaya-coconut-kvapu-purskalas-katems\/\"]}]},{\"@type\":\"ImageObject\",\"inLanguage\":\"lt-LT\",\"@id\":\"https:\/\/miumjau.ee\/lt\/produktas\/bugalugs-papaya-coconut-kvapu-purskalas-katems\/#primaryimage\",\"url\":\"https:\/\/miumjau.ee\/wp-content\/uploads\/2025\/07\/lohnavesi-kassidele-bugalugs-papaia3.jpg\",\"contentUrl\":\"https:\/\/miumjau.ee\/wp-content\/uploads\/2025\/07\/lohnavesi-kassidele-bugalugs-papaia3.jpg\",\"width\":600,\"height\":800,\"caption\":\"L\u00f5hnavesi kassidele Bugalugs Papaya & Coconut\"},{\"@type\":\"BreadcrumbList\",\"@id\":\"https:\/\/miumjau.ee\/lt\/produktas\/bugalugs-papaya-coconut-kvapu-purskalas-katems\/#breadcrumb\",\"itemListElement\":[{\"@type\":\"ListItem\",\"position\":1,\"name\":\"Home\",\"item\":\"https:\/\/miumjau.ee\/lt\/\"},{\"@type\":\"ListItem\",\"position\":2,\"name\":\"Parduotuv\u0117\",\"item\":\"https:\/\/miumjau.ee\/lt\/parduotuve\/\"},{\"@type\":\"ListItem\",\"position\":3,\"name\":\"Bugalugs Papaya &#038; Coconut kvap\u0173 pur\u0161kalas kat\u0117ms\"}]},{\"@type\":\"WebSite\",\"@id\":\"https:\/\/miumjau.ee\/#website\",\"url\":\"https:\/\/miumjau.ee\/\",\"name\":\"MiuMjau\",\"description\":\"Kraapimispuud kassidele\",\"publisher\":{\"@id\":\"https:\/\/miumjau.ee\/#organization\"},\"potentialAction\":[{\"@type\":\"SearchAction\",\"target\":{\"@type\":\"EntryPoint\",\"urlTemplate\":\"https:\/\/miumjau.ee\/?s={search_term_string}\"},\"query-input\":{\"@type\":\"PropertyValueSpecification\",\"valueRequired\":true,\"valueName\":\"search_term_string\"}}],\"inLanguage\":\"lt-LT\"},{\"@type\":\"Organization\",\"@id\":\"https:\/\/miumjau.ee\/#organization\",\"name\":\"MiuMjau O\u00dc\",\"url\":\"https:\/\/miumjau.ee\/\",\"logo\":{\"@type\":\"ImageObject\",\"inLanguage\":\"lt-LT\",\"@id\":\"https:\/\/miumjau.ee\/#\/schema\/logo\/image\/\",\"url\":\"https:\/\/miumjau.ee\/wp-content\/uploads\/2022\/04\/MiuMjau-logo-kollane.png\",\"contentUrl\":\"https:\/\/miumjau.ee\/wp-content\/uploads\/2022\/04\/MiuMjau-logo-kollane.png\",\"width\":219,\"height\":100,\"caption\":\"MiuMjau O\u00dc\"},\"image\":{\"@id\":\"https:\/\/miumjau.ee\/#\/schema\/logo\/image\/\"},\"sameAs\":[\"https:\/\/www.facebook.com\/miumjaupood\/\"]}]}<\/script>\n<!-- \/ Yoast SEO plugin. -->","yoast_head_json":{"title":"Bugalugs Papaya & Coconut kvap\u0173 pur\u0161kalas kat\u0117ms - MiuMjau","robots":{"index":"index","follow":"follow","max-snippet":"max-snippet:-1","max-image-preview":"max-image-preview:large","max-video-preview":"max-video-preview:-1"},"canonical":"https:\/\/miumjau.ee\/lt\/produktas\/bugalugs-papaya-coconut-kvapu-purskalas-katems\/","og_locale":"lt_LT","og_type":"article","og_title":"Bugalugs Papaya & Coconut kvap\u0173 pur\u0161kalas kat\u0117ms - MiuMjau","og_description":"Greitai atnaujinkite savo kat\u0119 tarp maudym\u0173 su Bugalugs papajos ir kokoso k\u016bno parfumu kat\u0117ms! M\u016bs\u0173 greitai veikian\u010dios pur\u0161kalo ir dvigubo poveikio formul\u0117 efektyviai pa\u0161alina nemalonius kvapus, tuo pa\u010diu dr\u0117kindama ir gaivindama kail\u012f. Ilgai veikiantis pur\u0161kalas turi Aloe Vera ir pantenolio (pro-vitaminas B5), yra \u0161velnus odai ir saugus lai\u017eyti. Gaivinkite ir neutralizuokite kvapus be maudymo. I\u0161bandyta ant \u017emoni\u0173, ne gyv\u016bn\u0173. Vegan\u0173 formul\u0117, pagaminta JK \u2013 nat\u016bral\u016bs ingredientai, raminantys kat\u0117s ir ka\u010diuko odai bei kailiui. Naudojimas: Purk\u0161kite ant sauso kailio po prie\u017ei\u016bros arba tarp maudym\u0173, kad kat\u0117 kvep\u0117t\u0173 gaiviai. Sud\u0117tis: Aqua, denat\u016bruotas alkoholis, Polisorbatas 20, Parfumas, Pantenolis, Glicerinas, Citrinos r\u016bg\u0161tis, Natrio hidroksidas, Papajos (Carica Papaya) vaisi\u0173 ekstraktas, Aloe Vera (Aloe Barbadensis) lap\u0173 milteliai, Fenoksietanolis, Benzofenonas-4, CI 14700, CI 19140.","og_url":"https:\/\/miumjau.ee\/lt\/produktas\/bugalugs-papaya-coconut-kvapu-purskalas-katems\/","og_site_name":"MiuMjau","article_publisher":"https:\/\/www.facebook.com\/miumjaupood\/","article_modified_time":"2026-01-07T18:43:44+00:00","og_image":[{"width":600,"height":800,"url":"https:\/\/miumjau.ee\/wp-content\/uploads\/2025\/07\/lohnavesi-kassidele-bugalugs-papaia3.jpg","type":"image\/jpeg"}],"twitter_card":"summary_large_image","schema":{"@context":"https:\/\/schema.org","@graph":[{"@type":"WebPage","@id":"https:\/\/miumjau.ee\/lt\/produktas\/bugalugs-papaya-coconut-kvapu-purskalas-katems\/","url":"https:\/\/miumjau.ee\/lt\/produktas\/bugalugs-papaya-coconut-kvapu-purskalas-katems\/","name":"Bugalugs Papaya & Coconut kvap\u0173 pur\u0161kalas kat\u0117ms - MiuMjau","isPartOf":{"@id":"https:\/\/miumjau.ee\/#website"},"primaryImageOfPage":{"@id":"https:\/\/miumjau.ee\/lt\/produktas\/bugalugs-papaya-coconut-kvapu-purskalas-katems\/#primaryimage"},"image":{"@id":"https:\/\/miumjau.ee\/lt\/produktas\/bugalugs-papaya-coconut-kvapu-purskalas-katems\/#primaryimage"},"thumbnailUrl":"https:\/\/miumjau.ee\/wp-content\/uploads\/2025\/07\/lohnavesi-kassidele-bugalugs-papaia3.jpg","datePublished":"2025-07-20T07:48:16+00:00","dateModified":"2026-01-07T18:43:44+00:00","breadcrumb":{"@id":"https:\/\/miumjau.ee\/lt\/produktas\/bugalugs-papaya-coconut-kvapu-purskalas-katems\/#breadcrumb"},"inLanguage":"lt-LT","potentialAction":[{"@type":"ReadAction","target":["https:\/\/miumjau.ee\/lt\/produktas\/bugalugs-papaya-coconut-kvapu-purskalas-katems\/"]}]},{"@type":"ImageObject","inLanguage":"lt-LT","@id":"https:\/\/miumjau.ee\/lt\/produktas\/bugalugs-papaya-coconut-kvapu-purskalas-katems\/#primaryimage","url":"https:\/\/miumjau.ee\/wp-content\/uploads\/2025\/07\/lohnavesi-kassidele-bugalugs-papaia3.jpg","contentUrl":"https:\/\/miumjau.ee\/wp-content\/uploads\/2025\/07\/lohnavesi-kassidele-bugalugs-papaia3.jpg","width":600,"height":800,"caption":"L\u00f5hnavesi kassidele Bugalugs Papaya & Coconut"},{"@type":"BreadcrumbList","@id":"https:\/\/miumjau.ee\/lt\/produktas\/bugalugs-papaya-coconut-kvapu-purskalas-katems\/#breadcrumb","itemListElement":[{"@type":"ListItem","position":1,"name":"Home","item":"https:\/\/miumjau.ee\/lt\/"},{"@type":"ListItem","position":2,"name":"Parduotuv\u0117","item":"https:\/\/miumjau.ee\/lt\/parduotuve\/"},{"@type":"ListItem","position":3,"name":"Bugalugs Papaya &#038; Coconut kvap\u0173 pur\u0161kalas kat\u0117ms"}]},{"@type":"WebSite","@id":"https:\/\/miumjau.ee\/#website","url":"https:\/\/miumjau.ee\/","name":"MiuMjau","description":"Kraapimispuud kassidele","publisher":{"@id":"https:\/\/miumjau.ee\/#organization"},"potentialAction":[{"@type":"SearchAction","target":{"@type":"EntryPoint","urlTemplate":"https:\/\/miumjau.ee\/?s={search_term_string}"},"query-input":{"@type":"PropertyValueSpecification","valueRequired":true,"valueName":"search_term_string"}}],"inLanguage":"lt-LT"},{"@type":"Organization","@id":"https:\/\/miumjau.ee\/#organization","name":"MiuMjau O\u00dc","url":"https:\/\/miumjau.ee\/","logo":{"@type":"ImageObject","inLanguage":"lt-LT","@id":"https:\/\/miumjau.ee\/#\/schema\/logo\/image\/","url":"https:\/\/miumjau.ee\/wp-content\/uploads\/2022\/04\/MiuMjau-logo-kollane.png","contentUrl":"https:\/\/miumjau.ee\/wp-content\/uploads\/2022\/04\/MiuMjau-logo-kollane.png","width":219,"height":100,"caption":"MiuMjau O\u00dc"},"image":{"@id":"https:\/\/miumjau.ee\/#\/schema\/logo\/image\/"},"sameAs":["https:\/\/www.facebook.com\/miumjaupood\/"]}]}},"_links":{"self":[{"href":"https:\/\/miumjau.ee\/lt\/wp-json\/wp\/v2\/product\/49219","targetHints":{"allow":["GET"]}}],"collection":[{"href":"https:\/\/miumjau.ee\/lt\/wp-json\/wp\/v2\/product"}],"about":[{"href":"https:\/\/miumjau.ee\/lt\/wp-json\/wp\/v2\/types\/product"}],"wp:featuredmedia":[{"embeddable":true,"href":"https:\/\/miumjau.ee\/lt\/wp-json\/wp\/v2\/media\/43969"}],"wp:attachment":[{"href":"https:\/\/miumjau.ee\/lt\/wp-json\/wp\/v2\/media?parent=49219"}],"wp:term":[{"taxonomy":"product_brand","embeddable":true,"href":"https:\/\/miumjau.ee\/lt\/wp-json\/wp\/v2\/product_brand?post=49219"},{"taxonomy":"product_cat","embeddable":true,"href":"https:\/\/miumjau.ee\/lt\/wp-json\/wp\/v2\/product_cat?post=49219"},{"taxonomy":"product_tag","embeddable":true,"href":"https:\/\/miumjau.ee\/lt\/wp-json\/wp\/v2\/product_tag?post=49219"}],"curies":[{"name":"wp","href":"https:\/\/api.w.org\/{rel}","templated":true}]}}