{"id":49212,"date":"2025-08-10T20:40:35","date_gmt":"2025-08-10T17:40:35","guid":{"rendered":"https:\/\/miumjau.ee\/toode\/churu-fun-bites-katems-vistiena-12g-x-8-pakuotes\/"},"modified":"2026-01-07T20:43:44","modified_gmt":"2026-01-07T18:43:44","slug":"churu-fun-bites-katems-vistiena-12g-x-8-pakuotes","status":"publish","type":"product","link":"https:\/\/miumjau.ee\/lt\/produktas\/churu-fun-bites-katems-vistiena-12g-x-8-pakuotes\/","title":{"rendered":"Churu Fun Bites kat\u0117ms \u2013 vi\u0161tiena, 12g x 8 pakuot\u0117s"},"content":{"rendered":"","protected":false},"excerpt":{"rendered":"<p data-start=\"3752\" data-end=\"4180\">Churu Fun Bites yra skan\u016bs kat\u0117s skan\u0117stai, derinantys dvi tekst\u016bras \u2013 mink\u0161t\u0105 kept\u0105 vi\u0161tienos past\u0105 ir kremin\u012f Churu \u012fdar\u0105. Pagaminta i\u0161 auk\u0161tos kokyb\u0117s \u016bkin\u0117s vi\u0161tienos ir nat\u016bralaus laukinio tuno. Be gr\u016bd\u0173, konservant\u0173, karrageeno ar dirbtini\u0173 da\u017eikli\u0173. Pakuot\u0117je yra trys atskiros porcijos, kurios palaiko skan\u0117stus \u0161vie\u017eius ir lengvai dalijamus. Tinka net i\u0161rankiausioms kat\u0117ms ir gali b\u016bti naudojama table\u010di\u0173 pasl\u0117pimui.<\/p>\n<p data-start=\"4182\" data-end=\"4456\"><strong data-start=\"4182\" data-end=\"4194\">Sud\u0117tis:<\/strong> Vi\u0161tiena, vanduo, tunas, d\u017eiovinti bonito, tapiokos krakmolas, kiau\u0161inio baltymas, natrio kazeinatas, guaro guma, nat\u016bralus vi\u0161tienos skonis, nat\u016bral\u016bs aromatai, mieli\u0173 ekstraktas, taurinas, paprika (spalva), E vitamino papildas, \u017ealiosios arbatos ekstraktas.<\/p>\n<p data-start=\"4458\" data-end=\"4479\"><strong data-start=\"4458\" data-end=\"4477\">Maistin\u0117 vert\u0117:<\/strong><\/p>\n<ul data-start=\"4480\" data-end=\"4680\">\n<li data-start=\"4480\" data-end=\"4502\">\n<p data-start=\"4482\" data-end=\"4502\">Baltymai: min. 24%<\/p>\n<\/li>\n<li data-start=\"4503\" data-end=\"4524\">\n<p data-start=\"4505\" data-end=\"4524\">Riebalai: min. 3%<\/p>\n<\/li>\n<li data-start=\"4525\" data-end=\"4549\">\n<p data-start=\"4527\" data-end=\"4549\">Skaidulos: max. 0,5%<\/p>\n<\/li>\n<li data-start=\"4550\" data-end=\"4570\">\n<p data-start=\"4552\" data-end=\"4570\">Dr\u0117gm\u0117: max. 69%<\/p>\n<\/li>\n<li data-start=\"4571\" data-end=\"4601\">\n<p data-start=\"4573\" data-end=\"4601\">E vitaminas: min. 92 IU\/kg<\/p>\n<\/li>\n<li data-start=\"4602\" data-end=\"4627\">\n<p data-start=\"4604\" data-end=\"4627\">Taurinas: min. 0,026%<\/p>\n<\/li>\n<li data-start=\"4628\" data-end=\"4680\">\n<p data-start=\"4630\" data-end=\"4680\">Energijos tankis: 1400 kcal\/kg (17 kcal\/pakuot\u0117)<\/p>\n<\/li>\n<\/ul>\n<p data-start=\"4682\" data-end=\"4906\"><strong data-start=\"4682\" data-end=\"4697\">Naudojimas:<\/strong> Duoti kaip skan\u0117st\u0105, ne kaip pagrindin\u012f maist\u0105. Visada u\u017etikrinkite \u0161vie\u017ei\u0105 geriam\u0105 vanden\u012f. Laikyti neatidarytas pakuotes v\u0117sioje, sausoje vietoje. Po atidarymo laikyti \u0161aldytuve ir sunaudoti kuo grei\u010diau.<\/p>\n","protected":false},"featured_media":42257,"template":"","meta":[],"product_brand":[],"product_cat":[527],"product_tag":[],"class_list":{"0":"post-49212","1":"product","2":"type-product","3":"status-publish","4":"has-post-thumbnail","6":"product_cat-skanestai","8":"first","9":"instock","10":"taxable","11":"shipping-taxable","12":"purchasable","13":"product-type-simple"},"yoast_head":"<!-- This site is optimized with the Yoast SEO plugin v27.2 - https:\/\/yoast.com\/product\/yoast-seo-wordpress\/ -->\n<title>Churu Fun Bites kat\u0117ms \u2013 vi\u0161tiena, 12g x 8 pakuot\u0117s - MiuMjau<\/title>\n<meta name=\"robots\" content=\"index, follow, max-snippet:-1, max-image-preview:large, max-video-preview:-1\" \/>\n<link rel=\"canonical\" href=\"https:\/\/miumjau.ee\/lt\/produktas\/churu-fun-bites-katems-vistiena-12g-x-8-pakuotes\/\" \/>\n<meta property=\"og:locale\" content=\"lt_LT\" \/>\n<meta property=\"og:type\" content=\"article\" \/>\n<meta property=\"og:title\" content=\"Churu Fun Bites kat\u0117ms \u2013 vi\u0161tiena, 12g x 8 pakuot\u0117s - MiuMjau\" \/>\n<meta property=\"og:description\" content=\"Churu Fun Bites yra skan\u016bs kat\u0117s skan\u0117stai, derinantys dvi tekst\u016bras \u2013 mink\u0161t\u0105 kept\u0105 vi\u0161tienos past\u0105 ir kremin\u012f Churu \u012fdar\u0105. Pagaminta i\u0161 auk\u0161tos kokyb\u0117s \u016bkin\u0117s vi\u0161tienos ir nat\u016bralaus laukinio tuno. Be gr\u016bd\u0173, konservant\u0173, karrageeno ar dirbtini\u0173 da\u017eikli\u0173. Pakuot\u0117je yra trys atskiros porcijos, kurios palaiko skan\u0117stus \u0161vie\u017eius ir lengvai dalijamus. Tinka net i\u0161rankiausioms kat\u0117ms ir gali b\u016bti naudojama table\u010di\u0173 pasl\u0117pimui. Sud\u0117tis: Vi\u0161tiena, vanduo, tunas, d\u017eiovinti bonito, tapiokos krakmolas, kiau\u0161inio baltymas, natrio kazeinatas, guaro guma, nat\u016bralus vi\u0161tienos skonis, nat\u016bral\u016bs aromatai, mieli\u0173 ekstraktas, taurinas, paprika (spalva), E vitamino papildas, \u017ealiosios arbatos ekstraktas. Maistin\u0117 vert\u0117:     Baltymai: min. 24%    Riebalai: min. 3%    Skaidulos: max. 0,5%    Dr\u0117gm\u0117: max. 69%    E vitaminas: min. 92 IU\/kg    Taurinas: min. 0,026%    Energijos tankis: 1400 kcal\/kg (17 kcal\/pakuot\u0117)   Naudojimas: Duoti kaip skan\u0117st\u0105, ne kaip pagrindin\u012f maist\u0105. Visada u\u017etikrinkite \u0161vie\u017ei\u0105 geriam\u0105 vanden\u012f. Laikyti neatidarytas pakuotes v\u0117sioje, sausoje vietoje. Po atidarymo laikyti \u0161aldytuve ir sunaudoti kuo grei\u010diau.\" \/>\n<meta property=\"og:url\" content=\"https:\/\/miumjau.ee\/lt\/produktas\/churu-fun-bites-katems-vistiena-12g-x-8-pakuotes\/\" \/>\n<meta property=\"og:site_name\" content=\"MiuMjau\" \/>\n<meta property=\"article:publisher\" content=\"https:\/\/www.facebook.com\/miumjaupood\/\" \/>\n<meta property=\"article:modified_time\" content=\"2026-01-07T18:43:44+00:00\" \/>\n<meta property=\"og:image\" content=\"https:\/\/miumjau.ee\/wp-content\/uploads\/2025\/08\/churu-fun-bites2.jpg\" \/>\n\t<meta property=\"og:image:width\" content=\"600\" \/>\n\t<meta property=\"og:image:height\" content=\"800\" \/>\n\t<meta property=\"og:image:type\" content=\"image\/jpeg\" \/>\n<meta name=\"twitter:card\" content=\"summary_large_image\" \/>\n<script type=\"application\/ld+json\" class=\"yoast-schema-graph\">{\"@context\":\"https:\/\/schema.org\",\"@graph\":[{\"@type\":\"WebPage\",\"@id\":\"https:\/\/miumjau.ee\/lt\/produktas\/churu-fun-bites-katems-vistiena-12g-x-8-pakuotes\/\",\"url\":\"https:\/\/miumjau.ee\/lt\/produktas\/churu-fun-bites-katems-vistiena-12g-x-8-pakuotes\/\",\"name\":\"Churu Fun Bites kat\u0117ms \u2013 vi\u0161tiena, 12g x 8 pakuot\u0117s - MiuMjau\",\"isPartOf\":{\"@id\":\"https:\/\/miumjau.ee\/#website\"},\"primaryImageOfPage\":{\"@id\":\"https:\/\/miumjau.ee\/lt\/produktas\/churu-fun-bites-katems-vistiena-12g-x-8-pakuotes\/#primaryimage\"},\"image\":{\"@id\":\"https:\/\/miumjau.ee\/lt\/produktas\/churu-fun-bites-katems-vistiena-12g-x-8-pakuotes\/#primaryimage\"},\"thumbnailUrl\":\"https:\/\/miumjau.ee\/wp-content\/uploads\/2025\/08\/churu-fun-bites2.jpg\",\"datePublished\":\"2025-08-10T17:40:35+00:00\",\"dateModified\":\"2026-01-07T18:43:44+00:00\",\"breadcrumb\":{\"@id\":\"https:\/\/miumjau.ee\/lt\/produktas\/churu-fun-bites-katems-vistiena-12g-x-8-pakuotes\/#breadcrumb\"},\"inLanguage\":\"lt-LT\",\"potentialAction\":[{\"@type\":\"ReadAction\",\"target\":[\"https:\/\/miumjau.ee\/lt\/produktas\/churu-fun-bites-katems-vistiena-12g-x-8-pakuotes\/\"]}]},{\"@type\":\"ImageObject\",\"inLanguage\":\"lt-LT\",\"@id\":\"https:\/\/miumjau.ee\/lt\/produktas\/churu-fun-bites-katems-vistiena-12g-x-8-pakuotes\/#primaryimage\",\"url\":\"https:\/\/miumjau.ee\/wp-content\/uploads\/2025\/08\/churu-fun-bites2.jpg\",\"contentUrl\":\"https:\/\/miumjau.ee\/wp-content\/uploads\/2025\/08\/churu-fun-bites2.jpg\",\"width\":600,\"height\":800,\"caption\":\"Churu Fun Bites kassidele kanaga 12g x 8pk\"},{\"@type\":\"BreadcrumbList\",\"@id\":\"https:\/\/miumjau.ee\/lt\/produktas\/churu-fun-bites-katems-vistiena-12g-x-8-pakuotes\/#breadcrumb\",\"itemListElement\":[{\"@type\":\"ListItem\",\"position\":1,\"name\":\"Home\",\"item\":\"https:\/\/miumjau.ee\/lt\/\"},{\"@type\":\"ListItem\",\"position\":2,\"name\":\"Parduotuv\u0117\",\"item\":\"https:\/\/miumjau.ee\/lt\/parduotuve\/\"},{\"@type\":\"ListItem\",\"position\":3,\"name\":\"Churu Fun Bites kat\u0117ms \u2013 vi\u0161tiena, 12g x 8 pakuot\u0117s\"}]},{\"@type\":\"WebSite\",\"@id\":\"https:\/\/miumjau.ee\/#website\",\"url\":\"https:\/\/miumjau.ee\/\",\"name\":\"MiuMjau\",\"description\":\"Kraapimispuud kassidele\",\"publisher\":{\"@id\":\"https:\/\/miumjau.ee\/#organization\"},\"potentialAction\":[{\"@type\":\"SearchAction\",\"target\":{\"@type\":\"EntryPoint\",\"urlTemplate\":\"https:\/\/miumjau.ee\/?s={search_term_string}\"},\"query-input\":{\"@type\":\"PropertyValueSpecification\",\"valueRequired\":true,\"valueName\":\"search_term_string\"}}],\"inLanguage\":\"lt-LT\"},{\"@type\":\"Organization\",\"@id\":\"https:\/\/miumjau.ee\/#organization\",\"name\":\"MiuMjau O\u00dc\",\"url\":\"https:\/\/miumjau.ee\/\",\"logo\":{\"@type\":\"ImageObject\",\"inLanguage\":\"lt-LT\",\"@id\":\"https:\/\/miumjau.ee\/#\/schema\/logo\/image\/\",\"url\":\"https:\/\/miumjau.ee\/wp-content\/uploads\/2022\/04\/MiuMjau-logo-kollane.png\",\"contentUrl\":\"https:\/\/miumjau.ee\/wp-content\/uploads\/2022\/04\/MiuMjau-logo-kollane.png\",\"width\":219,\"height\":100,\"caption\":\"MiuMjau O\u00dc\"},\"image\":{\"@id\":\"https:\/\/miumjau.ee\/#\/schema\/logo\/image\/\"},\"sameAs\":[\"https:\/\/www.facebook.com\/miumjaupood\/\"]}]}<\/script>\n<!-- \/ Yoast SEO plugin. -->","yoast_head_json":{"title":"Churu Fun Bites kat\u0117ms \u2013 vi\u0161tiena, 12g x 8 pakuot\u0117s - MiuMjau","robots":{"index":"index","follow":"follow","max-snippet":"max-snippet:-1","max-image-preview":"max-image-preview:large","max-video-preview":"max-video-preview:-1"},"canonical":"https:\/\/miumjau.ee\/lt\/produktas\/churu-fun-bites-katems-vistiena-12g-x-8-pakuotes\/","og_locale":"lt_LT","og_type":"article","og_title":"Churu Fun Bites kat\u0117ms \u2013 vi\u0161tiena, 12g x 8 pakuot\u0117s - MiuMjau","og_description":"Churu Fun Bites yra skan\u016bs kat\u0117s skan\u0117stai, derinantys dvi tekst\u016bras \u2013 mink\u0161t\u0105 kept\u0105 vi\u0161tienos past\u0105 ir kremin\u012f Churu \u012fdar\u0105. Pagaminta i\u0161 auk\u0161tos kokyb\u0117s \u016bkin\u0117s vi\u0161tienos ir nat\u016bralaus laukinio tuno. Be gr\u016bd\u0173, konservant\u0173, karrageeno ar dirbtini\u0173 da\u017eikli\u0173. Pakuot\u0117je yra trys atskiros porcijos, kurios palaiko skan\u0117stus \u0161vie\u017eius ir lengvai dalijamus. Tinka net i\u0161rankiausioms kat\u0117ms ir gali b\u016bti naudojama table\u010di\u0173 pasl\u0117pimui. Sud\u0117tis: Vi\u0161tiena, vanduo, tunas, d\u017eiovinti bonito, tapiokos krakmolas, kiau\u0161inio baltymas, natrio kazeinatas, guaro guma, nat\u016bralus vi\u0161tienos skonis, nat\u016bral\u016bs aromatai, mieli\u0173 ekstraktas, taurinas, paprika (spalva), E vitamino papildas, \u017ealiosios arbatos ekstraktas. Maistin\u0117 vert\u0117:     Baltymai: min. 24%    Riebalai: min. 3%    Skaidulos: max. 0,5%    Dr\u0117gm\u0117: max. 69%    E vitaminas: min. 92 IU\/kg    Taurinas: min. 0,026%    Energijos tankis: 1400 kcal\/kg (17 kcal\/pakuot\u0117)   Naudojimas: Duoti kaip skan\u0117st\u0105, ne kaip pagrindin\u012f maist\u0105. Visada u\u017etikrinkite \u0161vie\u017ei\u0105 geriam\u0105 vanden\u012f. Laikyti neatidarytas pakuotes v\u0117sioje, sausoje vietoje. Po atidarymo laikyti \u0161aldytuve ir sunaudoti kuo grei\u010diau.","og_url":"https:\/\/miumjau.ee\/lt\/produktas\/churu-fun-bites-katems-vistiena-12g-x-8-pakuotes\/","og_site_name":"MiuMjau","article_publisher":"https:\/\/www.facebook.com\/miumjaupood\/","article_modified_time":"2026-01-07T18:43:44+00:00","og_image":[{"width":600,"height":800,"url":"https:\/\/miumjau.ee\/wp-content\/uploads\/2025\/08\/churu-fun-bites2.jpg","type":"image\/jpeg"}],"twitter_card":"summary_large_image","schema":{"@context":"https:\/\/schema.org","@graph":[{"@type":"WebPage","@id":"https:\/\/miumjau.ee\/lt\/produktas\/churu-fun-bites-katems-vistiena-12g-x-8-pakuotes\/","url":"https:\/\/miumjau.ee\/lt\/produktas\/churu-fun-bites-katems-vistiena-12g-x-8-pakuotes\/","name":"Churu Fun Bites kat\u0117ms \u2013 vi\u0161tiena, 12g x 8 pakuot\u0117s - MiuMjau","isPartOf":{"@id":"https:\/\/miumjau.ee\/#website"},"primaryImageOfPage":{"@id":"https:\/\/miumjau.ee\/lt\/produktas\/churu-fun-bites-katems-vistiena-12g-x-8-pakuotes\/#primaryimage"},"image":{"@id":"https:\/\/miumjau.ee\/lt\/produktas\/churu-fun-bites-katems-vistiena-12g-x-8-pakuotes\/#primaryimage"},"thumbnailUrl":"https:\/\/miumjau.ee\/wp-content\/uploads\/2025\/08\/churu-fun-bites2.jpg","datePublished":"2025-08-10T17:40:35+00:00","dateModified":"2026-01-07T18:43:44+00:00","breadcrumb":{"@id":"https:\/\/miumjau.ee\/lt\/produktas\/churu-fun-bites-katems-vistiena-12g-x-8-pakuotes\/#breadcrumb"},"inLanguage":"lt-LT","potentialAction":[{"@type":"ReadAction","target":["https:\/\/miumjau.ee\/lt\/produktas\/churu-fun-bites-katems-vistiena-12g-x-8-pakuotes\/"]}]},{"@type":"ImageObject","inLanguage":"lt-LT","@id":"https:\/\/miumjau.ee\/lt\/produktas\/churu-fun-bites-katems-vistiena-12g-x-8-pakuotes\/#primaryimage","url":"https:\/\/miumjau.ee\/wp-content\/uploads\/2025\/08\/churu-fun-bites2.jpg","contentUrl":"https:\/\/miumjau.ee\/wp-content\/uploads\/2025\/08\/churu-fun-bites2.jpg","width":600,"height":800,"caption":"Churu Fun Bites kassidele kanaga 12g x 8pk"},{"@type":"BreadcrumbList","@id":"https:\/\/miumjau.ee\/lt\/produktas\/churu-fun-bites-katems-vistiena-12g-x-8-pakuotes\/#breadcrumb","itemListElement":[{"@type":"ListItem","position":1,"name":"Home","item":"https:\/\/miumjau.ee\/lt\/"},{"@type":"ListItem","position":2,"name":"Parduotuv\u0117","item":"https:\/\/miumjau.ee\/lt\/parduotuve\/"},{"@type":"ListItem","position":3,"name":"Churu Fun Bites kat\u0117ms \u2013 vi\u0161tiena, 12g x 8 pakuot\u0117s"}]},{"@type":"WebSite","@id":"https:\/\/miumjau.ee\/#website","url":"https:\/\/miumjau.ee\/","name":"MiuMjau","description":"Kraapimispuud kassidele","publisher":{"@id":"https:\/\/miumjau.ee\/#organization"},"potentialAction":[{"@type":"SearchAction","target":{"@type":"EntryPoint","urlTemplate":"https:\/\/miumjau.ee\/?s={search_term_string}"},"query-input":{"@type":"PropertyValueSpecification","valueRequired":true,"valueName":"search_term_string"}}],"inLanguage":"lt-LT"},{"@type":"Organization","@id":"https:\/\/miumjau.ee\/#organization","name":"MiuMjau O\u00dc","url":"https:\/\/miumjau.ee\/","logo":{"@type":"ImageObject","inLanguage":"lt-LT","@id":"https:\/\/miumjau.ee\/#\/schema\/logo\/image\/","url":"https:\/\/miumjau.ee\/wp-content\/uploads\/2022\/04\/MiuMjau-logo-kollane.png","contentUrl":"https:\/\/miumjau.ee\/wp-content\/uploads\/2022\/04\/MiuMjau-logo-kollane.png","width":219,"height":100,"caption":"MiuMjau O\u00dc"},"image":{"@id":"https:\/\/miumjau.ee\/#\/schema\/logo\/image\/"},"sameAs":["https:\/\/www.facebook.com\/miumjaupood\/"]}]}},"_links":{"self":[{"href":"https:\/\/miumjau.ee\/lt\/wp-json\/wp\/v2\/product\/49212","targetHints":{"allow":["GET"]}}],"collection":[{"href":"https:\/\/miumjau.ee\/lt\/wp-json\/wp\/v2\/product"}],"about":[{"href":"https:\/\/miumjau.ee\/lt\/wp-json\/wp\/v2\/types\/product"}],"wp:featuredmedia":[{"embeddable":true,"href":"https:\/\/miumjau.ee\/lt\/wp-json\/wp\/v2\/media\/42257"}],"wp:attachment":[{"href":"https:\/\/miumjau.ee\/lt\/wp-json\/wp\/v2\/media?parent=49212"}],"wp:term":[{"taxonomy":"product_brand","embeddable":true,"href":"https:\/\/miumjau.ee\/lt\/wp-json\/wp\/v2\/product_brand?post=49212"},{"taxonomy":"product_cat","embeddable":true,"href":"https:\/\/miumjau.ee\/lt\/wp-json\/wp\/v2\/product_cat?post=49212"},{"taxonomy":"product_tag","embeddable":true,"href":"https:\/\/miumjau.ee\/lt\/wp-json\/wp\/v2\/product_tag?post=49212"}],"curies":[{"name":"wp","href":"https:\/\/api.w.org\/{rel}","templated":true}]}}