{"id":49201,"date":"2025-08-14T11:09:11","date_gmt":"2025-08-14T08:09:11","guid":{"rendered":"https:\/\/miumjau.ee\/toode\/catfest-dental-kramtomi-pagalveles-su-vistiena-30g\/"},"modified":"2026-01-07T20:43:44","modified_gmt":"2026-01-07T18:43:44","slug":"catfest-dental-kramtomi-pagalveles-su-vistiena-30g","status":"publish","type":"product","link":"https:\/\/miumjau.ee\/lt\/produktas\/catfest-dental-kramtomi-pagalveles-su-vistiena-30g\/","title":{"rendered":"CatFest Dental Kramtomi Pagalv\u0117l\u0117s su Vi\u0161tiena, 30g"},"content":{"rendered":"<p data-start=\"3287\" data-end=\"3547\">Kramtomi pagalv\u0117l\u0117s su vi\u0161tienos kremu pa\u0161alina apna\u0161as d\u0117l por\u0117tos strukt\u016bros, u\u017ekerta keli\u0105 dant\u0173 akmeniui ir gaivina kv\u0117pavim\u0105. Kremi\u0161kas ir m\u0117sos turtingas \u012fdaras daro juos m\u0117gstamiausiu skan\u0117stu kat\u0117ms. Dabar dant\u0173 prie\u017ei\u016bra ne tik lengva, bet ir skani!<\/p>\n<p data-start=\"3549\" data-end=\"3781\"><strong data-start=\"3549\" data-end=\"3561\">Sud\u0117tis:<\/strong> Kukur\u016bz\u0173 miltai, bulvi\u0173 miltai, ry\u017ei\u0173 miltai, kiau\u0161ini\u0173 tryni\u0173 miltai, \u017euvies miltai, vi\u0161tienos miltai 5%, kreve\u010di\u0173 miltai, aliejai ir riebalai, granat\u0173 s\u0117kl\u0173 miltai, spanguoli\u0173 miltai, \u0161pinatai (chlorofilo \u0161altinis).<\/p>\n<p data-start=\"3783\" data-end=\"3807\"><strong data-start=\"3783\" data-end=\"3805\">Analitin\u0117 sud\u0117tis:<\/strong><\/p>\n<ul data-start=\"3808\" data-end=\"3904\">\n<li data-start=\"3808\" data-end=\"3830\">\n<p data-start=\"3810\" data-end=\"3830\">\u017dali baltymai: 20%<\/p>\n<\/li>\n<li data-start=\"3831\" data-end=\"3848\">\n<p data-start=\"3833\" data-end=\"3848\">Riebalai: 15%<\/p>\n<\/li>\n<li data-start=\"3849\" data-end=\"3872\">\n<p data-start=\"3851\" data-end=\"3872\">\u017dali pluo\u0161tai: 2,5%<\/p>\n<\/li>\n<li data-start=\"3873\" data-end=\"3888\">\n<p data-start=\"3875\" data-end=\"3888\">Pelenai: 4%<\/p>\n<\/li>\n<li data-start=\"3889\" data-end=\"3904\">\n<p data-start=\"3891\" data-end=\"3904\">Dr\u0117gm\u0117: 10%<\/p>\n<\/li>\n<\/ul>\n<p data-start=\"3906\" data-end=\"4277\"><strong data-start=\"3906\" data-end=\"3921\">Naudojimas:<\/strong> Patiekite kaip skan\u0117st\u0105 dienos metu. Maksimali paros norma: 1\u20132 vnt. Reguliuokite kiek\u012f pagal kat\u0117s poreikius ir b\u016bkl\u0119. Visada u\u017etikrinkite \u0161vie\u017ei\u0105 geriam\u0105j\u012f vanden\u012f. Nepalikite kat\u0117s be prie\u017ei\u016bros kramtant arba su skan\u0117sto pakuote. Pakuot\u0117je esantis deguonies suger\u0117jas n\u0117ra valgomas. Laikyti sausoje ir v\u0117sioje vietoje; po atidarymo laikyti \u0161aldytuve.<\/p>\n","protected":false},"excerpt":{"rendered":"<p>Kramtomi pagalv\u0117l\u0117s su vi\u0161tienos kremu pa\u0161alina apna\u0161as d\u0117l por\u0117tos strukt\u016bros,  [&#8230;]<\/p>\n","protected":false},"featured_media":43872,"template":"","meta":[],"product_brand":[],"product_cat":[527,879],"product_tag":[],"class_list":{"0":"post-49201","1":"product","2":"type-product","3":"status-publish","4":"has-post-thumbnail","6":"product_cat-skanestai","7":"product_cat-vitaminai-ir-papildai-katems","9":"first","10":"instock","11":"taxable","12":"shipping-taxable","13":"purchasable","14":"product-type-simple"},"yoast_head":"<!-- This site is optimized with the Yoast SEO plugin v27.4 - https:\/\/yoast.com\/product\/yoast-seo-wordpress\/ -->\n<title>CatFest Dental Kramtomi Pagalv\u0117l\u0117s su Vi\u0161tiena, 30g - MiuMjau<\/title>\n<meta name=\"robots\" content=\"index, follow, max-snippet:-1, max-image-preview:large, max-video-preview:-1\" \/>\n<link rel=\"canonical\" href=\"https:\/\/miumjau.ee\/lt\/produktas\/catfest-dental-kramtomi-pagalveles-su-vistiena-30g\/\" \/>\n<meta property=\"og:locale\" content=\"lt_LT\" \/>\n<meta property=\"og:type\" content=\"article\" \/>\n<meta property=\"og:title\" content=\"CatFest Dental Kramtomi Pagalv\u0117l\u0117s su Vi\u0161tiena, 30g - MiuMjau\" \/>\n<meta property=\"og:description\" content=\"Kramtomi pagalv\u0117l\u0117s su vi\u0161tienos kremu pa\u0161alina apna\u0161as d\u0117l por\u0117tos strukt\u016bros, [...]\" \/>\n<meta property=\"og:url\" content=\"https:\/\/miumjau.ee\/lt\/produktas\/catfest-dental-kramtomi-pagalveles-su-vistiena-30g\/\" \/>\n<meta property=\"og:site_name\" content=\"MiuMjau\" \/>\n<meta property=\"article:publisher\" content=\"https:\/\/www.facebook.com\/miumjaupood\/\" \/>\n<meta property=\"article:modified_time\" content=\"2026-01-07T18:43:44+00:00\" \/>\n<meta property=\"og:image\" content=\"https:\/\/miumjau.ee\/wp-content\/uploads\/2025\/08\/dental-maius-kassile-catfest-kana.jpg\" \/>\n\t<meta property=\"og:image:width\" content=\"600\" \/>\n\t<meta property=\"og:image:height\" content=\"800\" \/>\n\t<meta property=\"og:image:type\" content=\"image\/jpeg\" \/>\n<meta name=\"twitter:card\" content=\"summary_large_image\" \/>\n<meta name=\"twitter:label1\" content=\"Est. reading time\" \/>\n\t<meta name=\"twitter:data1\" content=\"1 minut\u0117\" \/>\n<script type=\"application\/ld+json\" class=\"yoast-schema-graph\">{\"@context\":\"https:\\\/\\\/schema.org\",\"@graph\":[{\"@type\":\"WebPage\",\"@id\":\"https:\\\/\\\/miumjau.ee\\\/lt\\\/produktas\\\/catfest-dental-kramtomi-pagalveles-su-vistiena-30g\\\/\",\"url\":\"https:\\\/\\\/miumjau.ee\\\/lt\\\/produktas\\\/catfest-dental-kramtomi-pagalveles-su-vistiena-30g\\\/\",\"name\":\"CatFest Dental Kramtomi Pagalv\u0117l\u0117s su Vi\u0161tiena, 30g - MiuMjau\",\"isPartOf\":{\"@id\":\"https:\\\/\\\/miumjau.ee\\\/#website\"},\"primaryImageOfPage\":{\"@id\":\"https:\\\/\\\/miumjau.ee\\\/lt\\\/produktas\\\/catfest-dental-kramtomi-pagalveles-su-vistiena-30g\\\/#primaryimage\"},\"image\":{\"@id\":\"https:\\\/\\\/miumjau.ee\\\/lt\\\/produktas\\\/catfest-dental-kramtomi-pagalveles-su-vistiena-30g\\\/#primaryimage\"},\"thumbnailUrl\":\"https:\\\/\\\/miumjau.ee\\\/wp-content\\\/uploads\\\/2025\\\/08\\\/dental-maius-kassile-catfest-kana.jpg\",\"datePublished\":\"2025-08-14T08:09:11+00:00\",\"dateModified\":\"2026-01-07T18:43:44+00:00\",\"breadcrumb\":{\"@id\":\"https:\\\/\\\/miumjau.ee\\\/lt\\\/produktas\\\/catfest-dental-kramtomi-pagalveles-su-vistiena-30g\\\/#breadcrumb\"},\"inLanguage\":\"lt-LT\",\"potentialAction\":[{\"@type\":\"ReadAction\",\"target\":[\"https:\\\/\\\/miumjau.ee\\\/lt\\\/produktas\\\/catfest-dental-kramtomi-pagalveles-su-vistiena-30g\\\/\"]}]},{\"@type\":\"ImageObject\",\"inLanguage\":\"lt-LT\",\"@id\":\"https:\\\/\\\/miumjau.ee\\\/lt\\\/produktas\\\/catfest-dental-kramtomi-pagalveles-su-vistiena-30g\\\/#primaryimage\",\"url\":\"https:\\\/\\\/miumjau.ee\\\/wp-content\\\/uploads\\\/2025\\\/08\\\/dental-maius-kassile-catfest-kana.jpg\",\"contentUrl\":\"https:\\\/\\\/miumjau.ee\\\/wp-content\\\/uploads\\\/2025\\\/08\\\/dental-maius-kassile-catfest-kana.jpg\",\"width\":600,\"height\":800,\"caption\":\"CatFest Dental kr\u00f5bedad padjakesed kanaga, 30g\"},{\"@type\":\"BreadcrumbList\",\"@id\":\"https:\\\/\\\/miumjau.ee\\\/lt\\\/produktas\\\/catfest-dental-kramtomi-pagalveles-su-vistiena-30g\\\/#breadcrumb\",\"itemListElement\":[{\"@type\":\"ListItem\",\"position\":1,\"name\":\"Home\",\"item\":\"https:\\\/\\\/miumjau.ee\\\/lt\\\/\"},{\"@type\":\"ListItem\",\"position\":2,\"name\":\"Parduotuv\u0117\",\"item\":\"https:\\\/\\\/miumjau.ee\\\/lt\\\/parduotuve\\\/\"},{\"@type\":\"ListItem\",\"position\":3,\"name\":\"CatFest Dental Kramtomi Pagalv\u0117l\u0117s su Vi\u0161tiena, 30g\"}]},{\"@type\":\"WebSite\",\"@id\":\"https:\\\/\\\/miumjau.ee\\\/#website\",\"url\":\"https:\\\/\\\/miumjau.ee\\\/\",\"name\":\"MiuMjau\",\"description\":\"Kraapimispuud kassidele\",\"publisher\":{\"@id\":\"https:\\\/\\\/miumjau.ee\\\/#organization\"},\"potentialAction\":[{\"@type\":\"SearchAction\",\"target\":{\"@type\":\"EntryPoint\",\"urlTemplate\":\"https:\\\/\\\/miumjau.ee\\\/?s={search_term_string}\"},\"query-input\":{\"@type\":\"PropertyValueSpecification\",\"valueRequired\":true,\"valueName\":\"search_term_string\"}}],\"inLanguage\":\"lt-LT\"},{\"@type\":\"Organization\",\"@id\":\"https:\\\/\\\/miumjau.ee\\\/#organization\",\"name\":\"MiuMjau O\u00dc\",\"url\":\"https:\\\/\\\/miumjau.ee\\\/\",\"logo\":{\"@type\":\"ImageObject\",\"inLanguage\":\"lt-LT\",\"@id\":\"https:\\\/\\\/miumjau.ee\\\/#\\\/schema\\\/logo\\\/image\\\/\",\"url\":\"https:\\\/\\\/miumjau.ee\\\/wp-content\\\/uploads\\\/2022\\\/04\\\/MiuMjau-logo-kollane.png\",\"contentUrl\":\"https:\\\/\\\/miumjau.ee\\\/wp-content\\\/uploads\\\/2022\\\/04\\\/MiuMjau-logo-kollane.png\",\"width\":219,\"height\":100,\"caption\":\"MiuMjau O\u00dc\"},\"image\":{\"@id\":\"https:\\\/\\\/miumjau.ee\\\/#\\\/schema\\\/logo\\\/image\\\/\"},\"sameAs\":[\"https:\\\/\\\/www.facebook.com\\\/miumjaupood\\\/\"]}]}<\/script>\n<!-- \/ Yoast SEO plugin. -->","yoast_head_json":{"title":"CatFest Dental Kramtomi Pagalv\u0117l\u0117s su Vi\u0161tiena, 30g - MiuMjau","robots":{"index":"index","follow":"follow","max-snippet":"max-snippet:-1","max-image-preview":"max-image-preview:large","max-video-preview":"max-video-preview:-1"},"canonical":"https:\/\/miumjau.ee\/lt\/produktas\/catfest-dental-kramtomi-pagalveles-su-vistiena-30g\/","og_locale":"lt_LT","og_type":"article","og_title":"CatFest Dental Kramtomi Pagalv\u0117l\u0117s su Vi\u0161tiena, 30g - MiuMjau","og_description":"Kramtomi pagalv\u0117l\u0117s su vi\u0161tienos kremu pa\u0161alina apna\u0161as d\u0117l por\u0117tos strukt\u016bros, [...]","og_url":"https:\/\/miumjau.ee\/lt\/produktas\/catfest-dental-kramtomi-pagalveles-su-vistiena-30g\/","og_site_name":"MiuMjau","article_publisher":"https:\/\/www.facebook.com\/miumjaupood\/","article_modified_time":"2026-01-07T18:43:44+00:00","og_image":[{"width":600,"height":800,"url":"https:\/\/miumjau.ee\/wp-content\/uploads\/2025\/08\/dental-maius-kassile-catfest-kana.jpg","type":"image\/jpeg"}],"twitter_card":"summary_large_image","twitter_misc":{"Est. reading time":"1 minut\u0117"},"schema":{"@context":"https:\/\/schema.org","@graph":[{"@type":"WebPage","@id":"https:\/\/miumjau.ee\/lt\/produktas\/catfest-dental-kramtomi-pagalveles-su-vistiena-30g\/","url":"https:\/\/miumjau.ee\/lt\/produktas\/catfest-dental-kramtomi-pagalveles-su-vistiena-30g\/","name":"CatFest Dental Kramtomi Pagalv\u0117l\u0117s su Vi\u0161tiena, 30g - MiuMjau","isPartOf":{"@id":"https:\/\/miumjau.ee\/#website"},"primaryImageOfPage":{"@id":"https:\/\/miumjau.ee\/lt\/produktas\/catfest-dental-kramtomi-pagalveles-su-vistiena-30g\/#primaryimage"},"image":{"@id":"https:\/\/miumjau.ee\/lt\/produktas\/catfest-dental-kramtomi-pagalveles-su-vistiena-30g\/#primaryimage"},"thumbnailUrl":"https:\/\/miumjau.ee\/wp-content\/uploads\/2025\/08\/dental-maius-kassile-catfest-kana.jpg","datePublished":"2025-08-14T08:09:11+00:00","dateModified":"2026-01-07T18:43:44+00:00","breadcrumb":{"@id":"https:\/\/miumjau.ee\/lt\/produktas\/catfest-dental-kramtomi-pagalveles-su-vistiena-30g\/#breadcrumb"},"inLanguage":"lt-LT","potentialAction":[{"@type":"ReadAction","target":["https:\/\/miumjau.ee\/lt\/produktas\/catfest-dental-kramtomi-pagalveles-su-vistiena-30g\/"]}]},{"@type":"ImageObject","inLanguage":"lt-LT","@id":"https:\/\/miumjau.ee\/lt\/produktas\/catfest-dental-kramtomi-pagalveles-su-vistiena-30g\/#primaryimage","url":"https:\/\/miumjau.ee\/wp-content\/uploads\/2025\/08\/dental-maius-kassile-catfest-kana.jpg","contentUrl":"https:\/\/miumjau.ee\/wp-content\/uploads\/2025\/08\/dental-maius-kassile-catfest-kana.jpg","width":600,"height":800,"caption":"CatFest Dental kr\u00f5bedad padjakesed kanaga, 30g"},{"@type":"BreadcrumbList","@id":"https:\/\/miumjau.ee\/lt\/produktas\/catfest-dental-kramtomi-pagalveles-su-vistiena-30g\/#breadcrumb","itemListElement":[{"@type":"ListItem","position":1,"name":"Home","item":"https:\/\/miumjau.ee\/lt\/"},{"@type":"ListItem","position":2,"name":"Parduotuv\u0117","item":"https:\/\/miumjau.ee\/lt\/parduotuve\/"},{"@type":"ListItem","position":3,"name":"CatFest Dental Kramtomi Pagalv\u0117l\u0117s su Vi\u0161tiena, 30g"}]},{"@type":"WebSite","@id":"https:\/\/miumjau.ee\/#website","url":"https:\/\/miumjau.ee\/","name":"MiuMjau","description":"Kraapimispuud kassidele","publisher":{"@id":"https:\/\/miumjau.ee\/#organization"},"potentialAction":[{"@type":"SearchAction","target":{"@type":"EntryPoint","urlTemplate":"https:\/\/miumjau.ee\/?s={search_term_string}"},"query-input":{"@type":"PropertyValueSpecification","valueRequired":true,"valueName":"search_term_string"}}],"inLanguage":"lt-LT"},{"@type":"Organization","@id":"https:\/\/miumjau.ee\/#organization","name":"MiuMjau O\u00dc","url":"https:\/\/miumjau.ee\/","logo":{"@type":"ImageObject","inLanguage":"lt-LT","@id":"https:\/\/miumjau.ee\/#\/schema\/logo\/image\/","url":"https:\/\/miumjau.ee\/wp-content\/uploads\/2022\/04\/MiuMjau-logo-kollane.png","contentUrl":"https:\/\/miumjau.ee\/wp-content\/uploads\/2022\/04\/MiuMjau-logo-kollane.png","width":219,"height":100,"caption":"MiuMjau O\u00dc"},"image":{"@id":"https:\/\/miumjau.ee\/#\/schema\/logo\/image\/"},"sameAs":["https:\/\/www.facebook.com\/miumjaupood\/"]}]}},"_links":{"self":[{"href":"https:\/\/miumjau.ee\/lt\/wp-json\/wp\/v2\/product\/49201","targetHints":{"allow":["GET"]}}],"collection":[{"href":"https:\/\/miumjau.ee\/lt\/wp-json\/wp\/v2\/product"}],"about":[{"href":"https:\/\/miumjau.ee\/lt\/wp-json\/wp\/v2\/types\/product"}],"wp:featuredmedia":[{"embeddable":true,"href":"https:\/\/miumjau.ee\/lt\/wp-json\/wp\/v2\/media\/43872"}],"wp:attachment":[{"href":"https:\/\/miumjau.ee\/lt\/wp-json\/wp\/v2\/media?parent=49201"}],"wp:term":[{"taxonomy":"product_brand","embeddable":true,"href":"https:\/\/miumjau.ee\/lt\/wp-json\/wp\/v2\/product_brand?post=49201"},{"taxonomy":"product_cat","embeddable":true,"href":"https:\/\/miumjau.ee\/lt\/wp-json\/wp\/v2\/product_cat?post=49201"},{"taxonomy":"product_tag","embeddable":true,"href":"https:\/\/miumjau.ee\/lt\/wp-json\/wp\/v2\/product_tag?post=49201"}],"curies":[{"name":"wp","href":"https:\/\/api.w.org\/{rel}","templated":true}]}}