{"id":49193,"date":"2025-08-14T12:15:36","date_gmt":"2025-08-14T09:15:36","guid":{"rendered":"https:\/\/miumjau.ee\/toode\/churu-fun-bites-vistienos-ir-surio-skanestai-sunims-8x12g\/"},"modified":"2026-01-07T20:43:44","modified_gmt":"2026-01-07T18:43:44","slug":"churu-fun-bites-vistienos-ir-surio-skanestai-sunims-8x12g","status":"publish","type":"product","link":"https:\/\/miumjau.ee\/lt\/produktas\/churu-fun-bites-vistienos-ir-surio-skanestai-sunims-8x12g\/","title":{"rendered":"Churu Fun Bites \u2013 Vi\u0161tienos ir s\u016brio skan\u0117stai \u0161unims 8x12g"},"content":{"rendered":"","protected":false},"excerpt":{"rendered":"<p data-start=\"3667\" data-end=\"3811\">Churu Fun Bites yra mink\u0161ti ir skan\u016bs u\u017ekand\u017eiai \u0161unims, pagaminti i\u0161 laisvai auginamos vi\u0161tienos ir s\u016brio, su neatsispiriamu kremi\u0161ku centru.<\/p>\n<p data-start=\"3813\" data-end=\"4079\">Be gr\u016bd\u0173, be konservant\u0173 ir be dirbtini\u0173 da\u017e\u0173, puikiai tinka kasdieniam naudojimui arba tablet\u0117ms pasl\u0117pti. Praturtinti E vitaminu ir \u017ealiosios arbatos ekstraktu, palaiko imunin\u0119 sistem\u0105 ir u\u017etikrina optimal\u0173 dr\u0117kinim\u0105. Idealiai tinka net i\u0161rankiausiems \u0161uniukams!<\/p>\n<p data-start=\"4081\" data-end=\"4281\"><strong data-start=\"4081\" data-end=\"4116\">Nepakartojama dviguba tekst\u016bra!<\/strong><br data-start=\"4116\" data-end=\"4119\" \/>Kiekvienas pagalv\u0117l\u0117s formos gabal\u0117lis prasideda mink\u0161tu keptos vi\u0161tienos pastos sluoksniu. Viduje u\u017epildytas skaniu Churu, suteikdamas unikal\u0173 tekst\u016br\u0173 derin\u012f.<\/p>\n<p data-start=\"4283\" data-end=\"4540\"><strong data-start=\"4283\" data-end=\"4295\">Sud\u0117tis:<\/strong> Vi\u0161tiena, vanduo, tapiokos krakmolas, bonito dribsniai, s\u016bris, baltymas, natrio kazeinatas, guaro guma, nat\u016bralus vi\u0161tienos kvapas, mieli\u0173 ekstraktas, \u017eelatina, E vitamino papildas, \u017ealiosios arbatos ekstraktas, paprikos oleoresinas (spalva).<\/p>\n<p data-start=\"4542\" data-end=\"4566\"><strong data-start=\"4542\" data-end=\"4564\">Analitin\u0117 sud\u0117tis:<\/strong><\/p>\n<ul data-start=\"4567\" data-end=\"4717\">\n<li data-start=\"4567\" data-end=\"4598\">\n<p data-start=\"4569\" data-end=\"4598\">\u017dali baltymai (min): 22,00%<\/p>\n<\/li>\n<li data-start=\"4599\" data-end=\"4629\">\n<p data-start=\"4601\" data-end=\"4629\">\u017dali riebalai (min): 3,00%<\/p>\n<\/li>\n<li data-start=\"4630\" data-end=\"4660\">\n<p data-start=\"4632\" data-end=\"4660\">\u017dali pluo\u0161tai (max): 0,50%<\/p>\n<\/li>\n<li data-start=\"4661\" data-end=\"4685\">\n<p data-start=\"4663\" data-end=\"4685\">Dr\u0117gm\u0117 (max): 72,00%<\/p>\n<\/li>\n<li data-start=\"4686\" data-end=\"4717\">\n<p data-start=\"4688\" data-end=\"4717\">E vitaminas (min): 80 TV\/kg<\/p>\n<\/li>\n<\/ul>\n","protected":false},"featured_media":43869,"template":"","meta":[],"product_brand":[],"product_cat":[540],"product_tag":[],"class_list":{"0":"post-49193","1":"product","2":"type-product","3":"status-publish","4":"has-post-thumbnail","6":"product_cat-skanestai-sunims","8":"first","9":"instock","10":"taxable","11":"shipping-taxable","12":"purchasable","13":"product-type-simple"},"yoast_head":"<!-- This site is optimized with the Yoast SEO plugin v27.2 - https:\/\/yoast.com\/product\/yoast-seo-wordpress\/ -->\n<title>Churu Fun Bites \u2013 Vi\u0161tienos ir s\u016brio skan\u0117stai \u0161unims 8x12g - MiuMjau<\/title>\n<meta name=\"robots\" content=\"index, follow, max-snippet:-1, max-image-preview:large, max-video-preview:-1\" \/>\n<link rel=\"canonical\" href=\"https:\/\/miumjau.ee\/lt\/produktas\/churu-fun-bites-vistienos-ir-surio-skanestai-sunims-8x12g\/\" \/>\n<meta property=\"og:locale\" content=\"lt_LT\" \/>\n<meta property=\"og:type\" content=\"article\" \/>\n<meta property=\"og:title\" content=\"Churu Fun Bites \u2013 Vi\u0161tienos ir s\u016brio skan\u0117stai \u0161unims 8x12g - MiuMjau\" \/>\n<meta property=\"og:description\" content=\"Churu Fun Bites yra mink\u0161ti ir skan\u016bs u\u017ekand\u017eiai \u0161unims, pagaminti i\u0161 laisvai auginamos vi\u0161tienos ir s\u016brio, su neatsispiriamu kremi\u0161ku centru. Be gr\u016bd\u0173, be konservant\u0173 ir be dirbtini\u0173 da\u017e\u0173, puikiai tinka kasdieniam naudojimui arba tablet\u0117ms pasl\u0117pti. Praturtinti E vitaminu ir \u017ealiosios arbatos ekstraktu, palaiko imunin\u0119 sistem\u0105 ir u\u017etikrina optimal\u0173 dr\u0117kinim\u0105. Idealiai tinka net i\u0161rankiausiems \u0161uniukams! Nepakartojama dviguba tekst\u016bra!Kiekvienas pagalv\u0117l\u0117s formos gabal\u0117lis prasideda mink\u0161tu keptos vi\u0161tienos pastos sluoksniu. Viduje u\u017epildytas skaniu Churu, suteikdamas unikal\u0173 tekst\u016br\u0173 derin\u012f. Sud\u0117tis: Vi\u0161tiena, vanduo, tapiokos krakmolas, bonito dribsniai, s\u016bris, baltymas, natrio kazeinatas, guaro guma, nat\u016bralus vi\u0161tienos kvapas, mieli\u0173 ekstraktas, \u017eelatina, E vitamino papildas, \u017ealiosios arbatos ekstraktas, paprikos oleoresinas (spalva). Analitin\u0117 sud\u0117tis:     \u017dali baltymai (min): 22,00%    \u017dali riebalai (min): 3,00%    \u017dali pluo\u0161tai (max): 0,50%    Dr\u0117gm\u0117 (max): 72,00%    E vitaminas (min): 80 TV\/kg\" \/>\n<meta property=\"og:url\" content=\"https:\/\/miumjau.ee\/lt\/produktas\/churu-fun-bites-vistienos-ir-surio-skanestai-sunims-8x12g\/\" \/>\n<meta property=\"og:site_name\" content=\"MiuMjau\" \/>\n<meta property=\"article:publisher\" content=\"https:\/\/www.facebook.com\/miumjaupood\/\" \/>\n<meta property=\"article:modified_time\" content=\"2026-01-07T18:43:44+00:00\" \/>\n<meta property=\"og:image\" content=\"https:\/\/miumjau.ee\/wp-content\/uploads\/2025\/08\/churu-fun-bites-koer-kana-juust.jpg\" \/>\n\t<meta property=\"og:image:width\" content=\"1200\" \/>\n\t<meta property=\"og:image:height\" content=\"1600\" \/>\n\t<meta property=\"og:image:type\" content=\"image\/jpeg\" \/>\n<meta name=\"twitter:card\" content=\"summary_large_image\" \/>\n<script type=\"application\/ld+json\" class=\"yoast-schema-graph\">{\"@context\":\"https:\/\/schema.org\",\"@graph\":[{\"@type\":\"WebPage\",\"@id\":\"https:\/\/miumjau.ee\/lt\/produktas\/churu-fun-bites-vistienos-ir-surio-skanestai-sunims-8x12g\/\",\"url\":\"https:\/\/miumjau.ee\/lt\/produktas\/churu-fun-bites-vistienos-ir-surio-skanestai-sunims-8x12g\/\",\"name\":\"Churu Fun Bites \u2013 Vi\u0161tienos ir s\u016brio skan\u0117stai \u0161unims 8x12g - MiuMjau\",\"isPartOf\":{\"@id\":\"https:\/\/miumjau.ee\/#website\"},\"primaryImageOfPage\":{\"@id\":\"https:\/\/miumjau.ee\/lt\/produktas\/churu-fun-bites-vistienos-ir-surio-skanestai-sunims-8x12g\/#primaryimage\"},\"image\":{\"@id\":\"https:\/\/miumjau.ee\/lt\/produktas\/churu-fun-bites-vistienos-ir-surio-skanestai-sunims-8x12g\/#primaryimage\"},\"thumbnailUrl\":\"https:\/\/miumjau.ee\/wp-content\/uploads\/2025\/08\/churu-fun-bites-koer-kana-juust.jpg\",\"datePublished\":\"2025-08-14T09:15:36+00:00\",\"dateModified\":\"2026-01-07T18:43:44+00:00\",\"breadcrumb\":{\"@id\":\"https:\/\/miumjau.ee\/lt\/produktas\/churu-fun-bites-vistienos-ir-surio-skanestai-sunims-8x12g\/#breadcrumb\"},\"inLanguage\":\"lt-LT\",\"potentialAction\":[{\"@type\":\"ReadAction\",\"target\":[\"https:\/\/miumjau.ee\/lt\/produktas\/churu-fun-bites-vistienos-ir-surio-skanestai-sunims-8x12g\/\"]}]},{\"@type\":\"ImageObject\",\"inLanguage\":\"lt-LT\",\"@id\":\"https:\/\/miumjau.ee\/lt\/produktas\/churu-fun-bites-vistienos-ir-surio-skanestai-sunims-8x12g\/#primaryimage\",\"url\":\"https:\/\/miumjau.ee\/wp-content\/uploads\/2025\/08\/churu-fun-bites-koer-kana-juust.jpg\",\"contentUrl\":\"https:\/\/miumjau.ee\/wp-content\/uploads\/2025\/08\/churu-fun-bites-koer-kana-juust.jpg\",\"width\":1200,\"height\":1600,\"caption\":\"Churu Fun Bites kana ja juustuga maiustus koertele 8x12g\"},{\"@type\":\"BreadcrumbList\",\"@id\":\"https:\/\/miumjau.ee\/lt\/produktas\/churu-fun-bites-vistienos-ir-surio-skanestai-sunims-8x12g\/#breadcrumb\",\"itemListElement\":[{\"@type\":\"ListItem\",\"position\":1,\"name\":\"Home\",\"item\":\"https:\/\/miumjau.ee\/lt\/\"},{\"@type\":\"ListItem\",\"position\":2,\"name\":\"Parduotuv\u0117\",\"item\":\"https:\/\/miumjau.ee\/lt\/parduotuve\/\"},{\"@type\":\"ListItem\",\"position\":3,\"name\":\"Churu Fun Bites \u2013 Vi\u0161tienos ir s\u016brio skan\u0117stai \u0161unims 8x12g\"}]},{\"@type\":\"WebSite\",\"@id\":\"https:\/\/miumjau.ee\/#website\",\"url\":\"https:\/\/miumjau.ee\/\",\"name\":\"MiuMjau\",\"description\":\"Kraapimispuud kassidele\",\"publisher\":{\"@id\":\"https:\/\/miumjau.ee\/#organization\"},\"potentialAction\":[{\"@type\":\"SearchAction\",\"target\":{\"@type\":\"EntryPoint\",\"urlTemplate\":\"https:\/\/miumjau.ee\/?s={search_term_string}\"},\"query-input\":{\"@type\":\"PropertyValueSpecification\",\"valueRequired\":true,\"valueName\":\"search_term_string\"}}],\"inLanguage\":\"lt-LT\"},{\"@type\":\"Organization\",\"@id\":\"https:\/\/miumjau.ee\/#organization\",\"name\":\"MiuMjau O\u00dc\",\"url\":\"https:\/\/miumjau.ee\/\",\"logo\":{\"@type\":\"ImageObject\",\"inLanguage\":\"lt-LT\",\"@id\":\"https:\/\/miumjau.ee\/#\/schema\/logo\/image\/\",\"url\":\"https:\/\/miumjau.ee\/wp-content\/uploads\/2022\/04\/MiuMjau-logo-kollane.png\",\"contentUrl\":\"https:\/\/miumjau.ee\/wp-content\/uploads\/2022\/04\/MiuMjau-logo-kollane.png\",\"width\":219,\"height\":100,\"caption\":\"MiuMjau O\u00dc\"},\"image\":{\"@id\":\"https:\/\/miumjau.ee\/#\/schema\/logo\/image\/\"},\"sameAs\":[\"https:\/\/www.facebook.com\/miumjaupood\/\"]}]}<\/script>\n<!-- \/ Yoast SEO plugin. -->","yoast_head_json":{"title":"Churu Fun Bites \u2013 Vi\u0161tienos ir s\u016brio skan\u0117stai \u0161unims 8x12g - MiuMjau","robots":{"index":"index","follow":"follow","max-snippet":"max-snippet:-1","max-image-preview":"max-image-preview:large","max-video-preview":"max-video-preview:-1"},"canonical":"https:\/\/miumjau.ee\/lt\/produktas\/churu-fun-bites-vistienos-ir-surio-skanestai-sunims-8x12g\/","og_locale":"lt_LT","og_type":"article","og_title":"Churu Fun Bites \u2013 Vi\u0161tienos ir s\u016brio skan\u0117stai \u0161unims 8x12g - MiuMjau","og_description":"Churu Fun Bites yra mink\u0161ti ir skan\u016bs u\u017ekand\u017eiai \u0161unims, pagaminti i\u0161 laisvai auginamos vi\u0161tienos ir s\u016brio, su neatsispiriamu kremi\u0161ku centru. Be gr\u016bd\u0173, be konservant\u0173 ir be dirbtini\u0173 da\u017e\u0173, puikiai tinka kasdieniam naudojimui arba tablet\u0117ms pasl\u0117pti. Praturtinti E vitaminu ir \u017ealiosios arbatos ekstraktu, palaiko imunin\u0119 sistem\u0105 ir u\u017etikrina optimal\u0173 dr\u0117kinim\u0105. Idealiai tinka net i\u0161rankiausiems \u0161uniukams! Nepakartojama dviguba tekst\u016bra!Kiekvienas pagalv\u0117l\u0117s formos gabal\u0117lis prasideda mink\u0161tu keptos vi\u0161tienos pastos sluoksniu. Viduje u\u017epildytas skaniu Churu, suteikdamas unikal\u0173 tekst\u016br\u0173 derin\u012f. Sud\u0117tis: Vi\u0161tiena, vanduo, tapiokos krakmolas, bonito dribsniai, s\u016bris, baltymas, natrio kazeinatas, guaro guma, nat\u016bralus vi\u0161tienos kvapas, mieli\u0173 ekstraktas, \u017eelatina, E vitamino papildas, \u017ealiosios arbatos ekstraktas, paprikos oleoresinas (spalva). Analitin\u0117 sud\u0117tis:     \u017dali baltymai (min): 22,00%    \u017dali riebalai (min): 3,00%    \u017dali pluo\u0161tai (max): 0,50%    Dr\u0117gm\u0117 (max): 72,00%    E vitaminas (min): 80 TV\/kg","og_url":"https:\/\/miumjau.ee\/lt\/produktas\/churu-fun-bites-vistienos-ir-surio-skanestai-sunims-8x12g\/","og_site_name":"MiuMjau","article_publisher":"https:\/\/www.facebook.com\/miumjaupood\/","article_modified_time":"2026-01-07T18:43:44+00:00","og_image":[{"width":1200,"height":1600,"url":"https:\/\/miumjau.ee\/wp-content\/uploads\/2025\/08\/churu-fun-bites-koer-kana-juust.jpg","type":"image\/jpeg"}],"twitter_card":"summary_large_image","schema":{"@context":"https:\/\/schema.org","@graph":[{"@type":"WebPage","@id":"https:\/\/miumjau.ee\/lt\/produktas\/churu-fun-bites-vistienos-ir-surio-skanestai-sunims-8x12g\/","url":"https:\/\/miumjau.ee\/lt\/produktas\/churu-fun-bites-vistienos-ir-surio-skanestai-sunims-8x12g\/","name":"Churu Fun Bites \u2013 Vi\u0161tienos ir s\u016brio skan\u0117stai \u0161unims 8x12g - MiuMjau","isPartOf":{"@id":"https:\/\/miumjau.ee\/#website"},"primaryImageOfPage":{"@id":"https:\/\/miumjau.ee\/lt\/produktas\/churu-fun-bites-vistienos-ir-surio-skanestai-sunims-8x12g\/#primaryimage"},"image":{"@id":"https:\/\/miumjau.ee\/lt\/produktas\/churu-fun-bites-vistienos-ir-surio-skanestai-sunims-8x12g\/#primaryimage"},"thumbnailUrl":"https:\/\/miumjau.ee\/wp-content\/uploads\/2025\/08\/churu-fun-bites-koer-kana-juust.jpg","datePublished":"2025-08-14T09:15:36+00:00","dateModified":"2026-01-07T18:43:44+00:00","breadcrumb":{"@id":"https:\/\/miumjau.ee\/lt\/produktas\/churu-fun-bites-vistienos-ir-surio-skanestai-sunims-8x12g\/#breadcrumb"},"inLanguage":"lt-LT","potentialAction":[{"@type":"ReadAction","target":["https:\/\/miumjau.ee\/lt\/produktas\/churu-fun-bites-vistienos-ir-surio-skanestai-sunims-8x12g\/"]}]},{"@type":"ImageObject","inLanguage":"lt-LT","@id":"https:\/\/miumjau.ee\/lt\/produktas\/churu-fun-bites-vistienos-ir-surio-skanestai-sunims-8x12g\/#primaryimage","url":"https:\/\/miumjau.ee\/wp-content\/uploads\/2025\/08\/churu-fun-bites-koer-kana-juust.jpg","contentUrl":"https:\/\/miumjau.ee\/wp-content\/uploads\/2025\/08\/churu-fun-bites-koer-kana-juust.jpg","width":1200,"height":1600,"caption":"Churu Fun Bites kana ja juustuga maiustus koertele 8x12g"},{"@type":"BreadcrumbList","@id":"https:\/\/miumjau.ee\/lt\/produktas\/churu-fun-bites-vistienos-ir-surio-skanestai-sunims-8x12g\/#breadcrumb","itemListElement":[{"@type":"ListItem","position":1,"name":"Home","item":"https:\/\/miumjau.ee\/lt\/"},{"@type":"ListItem","position":2,"name":"Parduotuv\u0117","item":"https:\/\/miumjau.ee\/lt\/parduotuve\/"},{"@type":"ListItem","position":3,"name":"Churu Fun Bites \u2013 Vi\u0161tienos ir s\u016brio skan\u0117stai \u0161unims 8x12g"}]},{"@type":"WebSite","@id":"https:\/\/miumjau.ee\/#website","url":"https:\/\/miumjau.ee\/","name":"MiuMjau","description":"Kraapimispuud kassidele","publisher":{"@id":"https:\/\/miumjau.ee\/#organization"},"potentialAction":[{"@type":"SearchAction","target":{"@type":"EntryPoint","urlTemplate":"https:\/\/miumjau.ee\/?s={search_term_string}"},"query-input":{"@type":"PropertyValueSpecification","valueRequired":true,"valueName":"search_term_string"}}],"inLanguage":"lt-LT"},{"@type":"Organization","@id":"https:\/\/miumjau.ee\/#organization","name":"MiuMjau O\u00dc","url":"https:\/\/miumjau.ee\/","logo":{"@type":"ImageObject","inLanguage":"lt-LT","@id":"https:\/\/miumjau.ee\/#\/schema\/logo\/image\/","url":"https:\/\/miumjau.ee\/wp-content\/uploads\/2022\/04\/MiuMjau-logo-kollane.png","contentUrl":"https:\/\/miumjau.ee\/wp-content\/uploads\/2022\/04\/MiuMjau-logo-kollane.png","width":219,"height":100,"caption":"MiuMjau O\u00dc"},"image":{"@id":"https:\/\/miumjau.ee\/#\/schema\/logo\/image\/"},"sameAs":["https:\/\/www.facebook.com\/miumjaupood\/"]}]}},"_links":{"self":[{"href":"https:\/\/miumjau.ee\/lt\/wp-json\/wp\/v2\/product\/49193","targetHints":{"allow":["GET"]}}],"collection":[{"href":"https:\/\/miumjau.ee\/lt\/wp-json\/wp\/v2\/product"}],"about":[{"href":"https:\/\/miumjau.ee\/lt\/wp-json\/wp\/v2\/types\/product"}],"wp:featuredmedia":[{"embeddable":true,"href":"https:\/\/miumjau.ee\/lt\/wp-json\/wp\/v2\/media\/43869"}],"wp:attachment":[{"href":"https:\/\/miumjau.ee\/lt\/wp-json\/wp\/v2\/media?parent=49193"}],"wp:term":[{"taxonomy":"product_brand","embeddable":true,"href":"https:\/\/miumjau.ee\/lt\/wp-json\/wp\/v2\/product_brand?post=49193"},{"taxonomy":"product_cat","embeddable":true,"href":"https:\/\/miumjau.ee\/lt\/wp-json\/wp\/v2\/product_cat?post=49193"},{"taxonomy":"product_tag","embeddable":true,"href":"https:\/\/miumjau.ee\/lt\/wp-json\/wp\/v2\/product_tag?post=49193"}],"curies":[{"name":"wp","href":"https:\/\/api.w.org\/{rel}","templated":true}]}}