{"id":49186,"date":"2025-08-14T12:38:13","date_gmt":"2025-08-14T09:38:13","guid":{"rendered":"https:\/\/miumjau.ee\/toode\/beaphar-bonbons-avienos-riebalai-su-lasisa-juros-dumbliais-ir-cesnaku\/"},"modified":"2026-01-07T20:43:44","modified_gmt":"2026-01-07T18:43:44","slug":"beaphar-bonbons-avienos-riebalai-su-lasisa-juros-dumbliais-ir-cesnaku","status":"publish","type":"product","link":"https:\/\/miumjau.ee\/lt\/produktas\/beaphar-bonbons-avienos-riebalai-su-lasisa-juros-dumbliais-ir-cesnaku\/","title":{"rendered":"Beaphar BonBons \u2013 Avienos riebalai su la\u0161i\u0161a, j\u016bros dumbliais ir \u010desnaku"},"content":{"rendered":"","protected":false},"excerpt":{"rendered":"<p data-start=\"3757\" data-end=\"4146\">Beaphar <strong data-start=\"3765\" data-end=\"3785\">avienos riebalai<\/strong> yra 100 % nat\u016bralus papildas j\u016bs\u0173 \u0161uniui. Prieinami skystoje formoje arba kaip skan\u016bs bonbonai. Bonbonai tiekiami <strong data-start=\"3900\" data-end=\"3944\">\u010desnako, j\u016bros dumbli\u0173 ir la\u0161i\u0161os skonio<\/strong>. Avienos riebalai padeda i\u0161laikyti elasting\u0105 ir blizgant\u012f kail\u012f. Bonbonai taip pat skatina geresn\u012f vir\u0161kinim\u0105, palaiko normali\u0105 cholesterolio koncentracij\u0105 ir stiprina \u0161uns nat\u016brali\u0105 imunin\u0119 sistem\u0105.<\/p>\n<p data-start=\"4148\" data-end=\"4193\"><strong data-start=\"4148\" data-end=\"4191\">J\u016bros dumbli\u0173 bonbonai 245 g (40 vnt.):<\/strong><\/p>\n<ul data-start=\"4194\" data-end=\"4330\">\n<li data-start=\"4194\" data-end=\"4255\">\n<p data-start=\"4196\" data-end=\"4255\">Turtingi A ir D vitaminais, mineralais ir mikroelementais<\/p>\n<\/li>\n<li data-start=\"4256\" data-end=\"4330\">\n<p data-start=\"4258\" data-end=\"4330\">Sud\u0117tis: m\u0117sa ir gyv\u016bniniai \u0161alutiniai produktai, j\u016bros dumbliai (5 %)<\/p>\n<\/li>\n<\/ul>\n<p data-start=\"4332\" data-end=\"4371\"><strong data-start=\"4332\" data-end=\"4369\">\u010cesnako bonbonai 245 g (40 vnt.):<\/strong><\/p>\n<ul data-start=\"4372\" data-end=\"4520\">\n<li data-start=\"4372\" data-end=\"4451\">\n<p data-start=\"4374\" data-end=\"4451\">Turtingi Omega-3, -6 ir -9 riebal\u0173 r\u016bg\u0161timis, mineralais ir mikroelementais<\/p>\n<\/li>\n<li data-start=\"4452\" data-end=\"4520\">\n<p data-start=\"4454\" data-end=\"4520\">Sud\u0117tis: m\u0117sa ir gyv\u016bniniai \u0161alutiniai produktai, \u010desnakas (5 %)<\/p>\n<\/li>\n<\/ul>\n<p data-start=\"4522\" data-end=\"4561\"><strong data-start=\"4522\" data-end=\"4559\">La\u0161i\u0161os bonbonai 245 g (40 vnt.):<\/strong><\/p>\n<ul data-start=\"4562\" data-end=\"4715\">\n<li data-start=\"4562\" data-end=\"4641\">\n<p data-start=\"4564\" data-end=\"4641\">Turtingi Omega-3, -6 ir -9 riebal\u0173 r\u016bg\u0161timis, mineralais ir mikroelementais<\/p>\n<\/li>\n<li data-start=\"4642\" data-end=\"4715\">\n<p data-start=\"4644\" data-end=\"4715\">Sud\u0117tis: gyv\u016bniniai riebalai, kokoso aliejus ir la\u0161i\u0161os aliejus (5 %)<\/p>\n<\/li>\n<\/ul>\n<p data-start=\"4717\" data-end=\"4733\"><strong data-start=\"4717\" data-end=\"4731\">Dozavimas:<\/strong><\/p>\n<div class=\"TyagGW_tableContainer\">\n<div class=\"group TyagGW_tableWrapper flex w-fit flex-col-reverse\" tabindex=\"-1\">\n<table class=\"w-fit min-w-(--thread-content-width)\" data-start=\"4735\" data-end=\"4921\">\n<thead data-start=\"4735\" data-end=\"4781\">\n<tr data-start=\"4735\" data-end=\"4781\">\n<th data-start=\"4735\" data-end=\"4749\" data-col-size=\"sm\">\u0160uns svoris<\/th>\n<th data-start=\"4749\" data-end=\"4781\" data-col-size=\"sm\">Bonbon\u0173 skai\u010dius per dien\u0105<\/th>\n<\/tr>\n<\/thead>\n<tbody data-start=\"4829\" data-end=\"4921\">\n<tr data-start=\"4829\" data-end=\"4859\">\n<td data-start=\"4829\" data-end=\"4843\" data-col-size=\"sm\">Iki 20 kg<\/td>\n<td data-col-size=\"sm\" data-start=\"4843\" data-end=\"4859\">1 bonbonas<\/td>\n<\/tr>\n<tr data-start=\"4860\" data-end=\"4890\">\n<td data-start=\"4860\" data-end=\"4874\" data-col-size=\"sm\">20\u201340 kg<\/td>\n<td data-col-size=\"sm\" data-start=\"4874\" data-end=\"4890\">2 bonbonai<\/td>\n<\/tr>\n<tr data-start=\"4891\" data-end=\"4921\">\n<td data-start=\"4891\" data-end=\"4905\" data-col-size=\"sm\">Vir\u0161 40 kg<\/td>\n<td data-col-size=\"sm\" data-start=\"4905\" data-end=\"4921\">3 bonbonai<\/td>\n<\/tr>\n<\/tbody>\n<\/table>\n<\/div>\n<\/div>\n","protected":false},"featured_media":43866,"template":"","meta":[],"product_brand":[],"product_cat":[540,871],"product_tag":[],"class_list":{"0":"post-49186","1":"product","2":"type-product","3":"status-publish","4":"has-post-thumbnail","6":"product_cat-skanestai-sunims","7":"product_cat-maisto-papildai-sunims","9":"first","10":"instock","11":"sale","12":"taxable","13":"shipping-taxable","14":"purchasable","15":"product-type-simple"},"yoast_head":"<!-- This site is optimized with the Yoast SEO plugin v27.2 - https:\/\/yoast.com\/product\/yoast-seo-wordpress\/ -->\n<title>Beaphar BonBons \u2013 Avienos riebalai su la\u0161i\u0161a, j\u016bros dumbliais ir \u010desnaku - MiuMjau<\/title>\n<meta name=\"robots\" content=\"index, follow, max-snippet:-1, max-image-preview:large, max-video-preview:-1\" \/>\n<link rel=\"canonical\" href=\"https:\/\/miumjau.ee\/lt\/produktas\/beaphar-bonbons-avienos-riebalai-su-lasisa-juros-dumbliais-ir-cesnaku\/\" \/>\n<meta property=\"og:locale\" content=\"lt_LT\" \/>\n<meta property=\"og:type\" content=\"article\" \/>\n<meta property=\"og:title\" content=\"Beaphar BonBons \u2013 Avienos riebalai su la\u0161i\u0161a, j\u016bros dumbliais ir \u010desnaku - MiuMjau\" \/>\n<meta property=\"og:description\" content=\"Beaphar avienos riebalai yra 100 % nat\u016bralus papildas j\u016bs\u0173 \u0161uniui. Prieinami skystoje formoje arba kaip skan\u016bs bonbonai. Bonbonai tiekiami \u010desnako, j\u016bros dumbli\u0173 ir la\u0161i\u0161os skonio. Avienos riebalai padeda i\u0161laikyti elasting\u0105 ir blizgant\u012f kail\u012f. Bonbonai taip pat skatina geresn\u012f vir\u0161kinim\u0105, palaiko normali\u0105 cholesterolio koncentracij\u0105 ir stiprina \u0161uns nat\u016brali\u0105 imunin\u0119 sistem\u0105. J\u016bros dumbli\u0173 bonbonai 245 g (40 vnt.):     Turtingi A ir D vitaminais, mineralais ir mikroelementais    Sud\u0117tis: m\u0117sa ir gyv\u016bniniai \u0161alutiniai produktai, j\u016bros dumbliai (5 %)   \u010cesnako bonbonai 245 g (40 vnt.):     Turtingi Omega-3, -6 ir -9 riebal\u0173 r\u016bg\u0161timis, mineralais ir mikroelementais    Sud\u0117tis: m\u0117sa ir gyv\u016bniniai \u0161alutiniai produktai, \u010desnakas (5 %)   La\u0161i\u0161os bonbonai 245 g (40 vnt.):     Turtingi Omega-3, -6 ir -9 riebal\u0173 r\u016bg\u0161timis, mineralais ir mikroelementais    Sud\u0117tis: gyv\u016bniniai riebalai, kokoso aliejus ir la\u0161i\u0161os aliejus (5 %)   Dozavimas:       \u0160uns svoris Bonbon\u0173 skai\u010dius per dien\u0105     Iki 20 kg 1 bonbonas   20\u201340 kg 2 bonbonai   Vir\u0161 40 kg 3 bonbonai\" \/>\n<meta property=\"og:url\" content=\"https:\/\/miumjau.ee\/lt\/produktas\/beaphar-bonbons-avienos-riebalai-su-lasisa-juros-dumbliais-ir-cesnaku\/\" \/>\n<meta property=\"og:site_name\" content=\"MiuMjau\" \/>\n<meta property=\"article:publisher\" content=\"https:\/\/www.facebook.com\/miumjaupood\/\" \/>\n<meta property=\"article:modified_time\" content=\"2026-01-07T18:43:44+00:00\" \/>\n<meta property=\"og:image\" content=\"https:\/\/miumjau.ee\/wp-content\/uploads\/2025\/08\/beaphar-bonbon-oomega3.jpg\" \/>\n\t<meta property=\"og:image:width\" content=\"600\" \/>\n\t<meta property=\"og:image:height\" content=\"800\" \/>\n\t<meta property=\"og:image:type\" content=\"image\/jpeg\" \/>\n<meta name=\"twitter:card\" content=\"summary_large_image\" \/>\n<script type=\"application\/ld+json\" class=\"yoast-schema-graph\">{\"@context\":\"https:\/\/schema.org\",\"@graph\":[{\"@type\":\"WebPage\",\"@id\":\"https:\/\/miumjau.ee\/lt\/produktas\/beaphar-bonbons-avienos-riebalai-su-lasisa-juros-dumbliais-ir-cesnaku\/\",\"url\":\"https:\/\/miumjau.ee\/lt\/produktas\/beaphar-bonbons-avienos-riebalai-su-lasisa-juros-dumbliais-ir-cesnaku\/\",\"name\":\"Beaphar BonBons \u2013 Avienos riebalai su la\u0161i\u0161a, j\u016bros dumbliais ir \u010desnaku - MiuMjau\",\"isPartOf\":{\"@id\":\"https:\/\/miumjau.ee\/#website\"},\"primaryImageOfPage\":{\"@id\":\"https:\/\/miumjau.ee\/lt\/produktas\/beaphar-bonbons-avienos-riebalai-su-lasisa-juros-dumbliais-ir-cesnaku\/#primaryimage\"},\"image\":{\"@id\":\"https:\/\/miumjau.ee\/lt\/produktas\/beaphar-bonbons-avienos-riebalai-su-lasisa-juros-dumbliais-ir-cesnaku\/#primaryimage\"},\"thumbnailUrl\":\"https:\/\/miumjau.ee\/wp-content\/uploads\/2025\/08\/beaphar-bonbon-oomega3.jpg\",\"datePublished\":\"2025-08-14T09:38:13+00:00\",\"dateModified\":\"2026-01-07T18:43:44+00:00\",\"breadcrumb\":{\"@id\":\"https:\/\/miumjau.ee\/lt\/produktas\/beaphar-bonbons-avienos-riebalai-su-lasisa-juros-dumbliais-ir-cesnaku\/#breadcrumb\"},\"inLanguage\":\"lt-LT\",\"potentialAction\":[{\"@type\":\"ReadAction\",\"target\":[\"https:\/\/miumjau.ee\/lt\/produktas\/beaphar-bonbons-avienos-riebalai-su-lasisa-juros-dumbliais-ir-cesnaku\/\"]}]},{\"@type\":\"ImageObject\",\"inLanguage\":\"lt-LT\",\"@id\":\"https:\/\/miumjau.ee\/lt\/produktas\/beaphar-bonbons-avienos-riebalai-su-lasisa-juros-dumbliais-ir-cesnaku\/#primaryimage\",\"url\":\"https:\/\/miumjau.ee\/wp-content\/uploads\/2025\/08\/beaphar-bonbon-oomega3.jpg\",\"contentUrl\":\"https:\/\/miumjau.ee\/wp-content\/uploads\/2025\/08\/beaphar-bonbon-oomega3.jpg\",\"width\":600,\"height\":800,\"caption\":\"Beaphar BonBons lambarasv l\u00f5hega, Omega 3&6 maius\"},{\"@type\":\"BreadcrumbList\",\"@id\":\"https:\/\/miumjau.ee\/lt\/produktas\/beaphar-bonbons-avienos-riebalai-su-lasisa-juros-dumbliais-ir-cesnaku\/#breadcrumb\",\"itemListElement\":[{\"@type\":\"ListItem\",\"position\":1,\"name\":\"Home\",\"item\":\"https:\/\/miumjau.ee\/lt\/\"},{\"@type\":\"ListItem\",\"position\":2,\"name\":\"Parduotuv\u0117\",\"item\":\"https:\/\/miumjau.ee\/lt\/parduotuve\/\"},{\"@type\":\"ListItem\",\"position\":3,\"name\":\"Beaphar BonBons \u2013 Avienos riebalai su la\u0161i\u0161a, j\u016bros dumbliais ir \u010desnaku\"}]},{\"@type\":\"WebSite\",\"@id\":\"https:\/\/miumjau.ee\/#website\",\"url\":\"https:\/\/miumjau.ee\/\",\"name\":\"MiuMjau\",\"description\":\"Kraapimispuud kassidele\",\"publisher\":{\"@id\":\"https:\/\/miumjau.ee\/#organization\"},\"potentialAction\":[{\"@type\":\"SearchAction\",\"target\":{\"@type\":\"EntryPoint\",\"urlTemplate\":\"https:\/\/miumjau.ee\/?s={search_term_string}\"},\"query-input\":{\"@type\":\"PropertyValueSpecification\",\"valueRequired\":true,\"valueName\":\"search_term_string\"}}],\"inLanguage\":\"lt-LT\"},{\"@type\":\"Organization\",\"@id\":\"https:\/\/miumjau.ee\/#organization\",\"name\":\"MiuMjau O\u00dc\",\"url\":\"https:\/\/miumjau.ee\/\",\"logo\":{\"@type\":\"ImageObject\",\"inLanguage\":\"lt-LT\",\"@id\":\"https:\/\/miumjau.ee\/#\/schema\/logo\/image\/\",\"url\":\"https:\/\/miumjau.ee\/wp-content\/uploads\/2022\/04\/MiuMjau-logo-kollane.png\",\"contentUrl\":\"https:\/\/miumjau.ee\/wp-content\/uploads\/2022\/04\/MiuMjau-logo-kollane.png\",\"width\":219,\"height\":100,\"caption\":\"MiuMjau O\u00dc\"},\"image\":{\"@id\":\"https:\/\/miumjau.ee\/#\/schema\/logo\/image\/\"},\"sameAs\":[\"https:\/\/www.facebook.com\/miumjaupood\/\"]}]}<\/script>\n<!-- \/ Yoast SEO plugin. -->","yoast_head_json":{"title":"Beaphar BonBons \u2013 Avienos riebalai su la\u0161i\u0161a, j\u016bros dumbliais ir \u010desnaku - MiuMjau","robots":{"index":"index","follow":"follow","max-snippet":"max-snippet:-1","max-image-preview":"max-image-preview:large","max-video-preview":"max-video-preview:-1"},"canonical":"https:\/\/miumjau.ee\/lt\/produktas\/beaphar-bonbons-avienos-riebalai-su-lasisa-juros-dumbliais-ir-cesnaku\/","og_locale":"lt_LT","og_type":"article","og_title":"Beaphar BonBons \u2013 Avienos riebalai su la\u0161i\u0161a, j\u016bros dumbliais ir \u010desnaku - MiuMjau","og_description":"Beaphar avienos riebalai yra 100 % nat\u016bralus papildas j\u016bs\u0173 \u0161uniui. Prieinami skystoje formoje arba kaip skan\u016bs bonbonai. Bonbonai tiekiami \u010desnako, j\u016bros dumbli\u0173 ir la\u0161i\u0161os skonio. Avienos riebalai padeda i\u0161laikyti elasting\u0105 ir blizgant\u012f kail\u012f. Bonbonai taip pat skatina geresn\u012f vir\u0161kinim\u0105, palaiko normali\u0105 cholesterolio koncentracij\u0105 ir stiprina \u0161uns nat\u016brali\u0105 imunin\u0119 sistem\u0105. J\u016bros dumbli\u0173 bonbonai 245 g (40 vnt.):     Turtingi A ir D vitaminais, mineralais ir mikroelementais    Sud\u0117tis: m\u0117sa ir gyv\u016bniniai \u0161alutiniai produktai, j\u016bros dumbliai (5 %)   \u010cesnako bonbonai 245 g (40 vnt.):     Turtingi Omega-3, -6 ir -9 riebal\u0173 r\u016bg\u0161timis, mineralais ir mikroelementais    Sud\u0117tis: m\u0117sa ir gyv\u016bniniai \u0161alutiniai produktai, \u010desnakas (5 %)   La\u0161i\u0161os bonbonai 245 g (40 vnt.):     Turtingi Omega-3, -6 ir -9 riebal\u0173 r\u016bg\u0161timis, mineralais ir mikroelementais    Sud\u0117tis: gyv\u016bniniai riebalai, kokoso aliejus ir la\u0161i\u0161os aliejus (5 %)   Dozavimas:       \u0160uns svoris Bonbon\u0173 skai\u010dius per dien\u0105     Iki 20 kg 1 bonbonas   20\u201340 kg 2 bonbonai   Vir\u0161 40 kg 3 bonbonai","og_url":"https:\/\/miumjau.ee\/lt\/produktas\/beaphar-bonbons-avienos-riebalai-su-lasisa-juros-dumbliais-ir-cesnaku\/","og_site_name":"MiuMjau","article_publisher":"https:\/\/www.facebook.com\/miumjaupood\/","article_modified_time":"2026-01-07T18:43:44+00:00","og_image":[{"width":600,"height":800,"url":"https:\/\/miumjau.ee\/wp-content\/uploads\/2025\/08\/beaphar-bonbon-oomega3.jpg","type":"image\/jpeg"}],"twitter_card":"summary_large_image","schema":{"@context":"https:\/\/schema.org","@graph":[{"@type":"WebPage","@id":"https:\/\/miumjau.ee\/lt\/produktas\/beaphar-bonbons-avienos-riebalai-su-lasisa-juros-dumbliais-ir-cesnaku\/","url":"https:\/\/miumjau.ee\/lt\/produktas\/beaphar-bonbons-avienos-riebalai-su-lasisa-juros-dumbliais-ir-cesnaku\/","name":"Beaphar BonBons \u2013 Avienos riebalai su la\u0161i\u0161a, j\u016bros dumbliais ir \u010desnaku - MiuMjau","isPartOf":{"@id":"https:\/\/miumjau.ee\/#website"},"primaryImageOfPage":{"@id":"https:\/\/miumjau.ee\/lt\/produktas\/beaphar-bonbons-avienos-riebalai-su-lasisa-juros-dumbliais-ir-cesnaku\/#primaryimage"},"image":{"@id":"https:\/\/miumjau.ee\/lt\/produktas\/beaphar-bonbons-avienos-riebalai-su-lasisa-juros-dumbliais-ir-cesnaku\/#primaryimage"},"thumbnailUrl":"https:\/\/miumjau.ee\/wp-content\/uploads\/2025\/08\/beaphar-bonbon-oomega3.jpg","datePublished":"2025-08-14T09:38:13+00:00","dateModified":"2026-01-07T18:43:44+00:00","breadcrumb":{"@id":"https:\/\/miumjau.ee\/lt\/produktas\/beaphar-bonbons-avienos-riebalai-su-lasisa-juros-dumbliais-ir-cesnaku\/#breadcrumb"},"inLanguage":"lt-LT","potentialAction":[{"@type":"ReadAction","target":["https:\/\/miumjau.ee\/lt\/produktas\/beaphar-bonbons-avienos-riebalai-su-lasisa-juros-dumbliais-ir-cesnaku\/"]}]},{"@type":"ImageObject","inLanguage":"lt-LT","@id":"https:\/\/miumjau.ee\/lt\/produktas\/beaphar-bonbons-avienos-riebalai-su-lasisa-juros-dumbliais-ir-cesnaku\/#primaryimage","url":"https:\/\/miumjau.ee\/wp-content\/uploads\/2025\/08\/beaphar-bonbon-oomega3.jpg","contentUrl":"https:\/\/miumjau.ee\/wp-content\/uploads\/2025\/08\/beaphar-bonbon-oomega3.jpg","width":600,"height":800,"caption":"Beaphar BonBons lambarasv l\u00f5hega, Omega 3&6 maius"},{"@type":"BreadcrumbList","@id":"https:\/\/miumjau.ee\/lt\/produktas\/beaphar-bonbons-avienos-riebalai-su-lasisa-juros-dumbliais-ir-cesnaku\/#breadcrumb","itemListElement":[{"@type":"ListItem","position":1,"name":"Home","item":"https:\/\/miumjau.ee\/lt\/"},{"@type":"ListItem","position":2,"name":"Parduotuv\u0117","item":"https:\/\/miumjau.ee\/lt\/parduotuve\/"},{"@type":"ListItem","position":3,"name":"Beaphar BonBons \u2013 Avienos riebalai su la\u0161i\u0161a, j\u016bros dumbliais ir \u010desnaku"}]},{"@type":"WebSite","@id":"https:\/\/miumjau.ee\/#website","url":"https:\/\/miumjau.ee\/","name":"MiuMjau","description":"Kraapimispuud kassidele","publisher":{"@id":"https:\/\/miumjau.ee\/#organization"},"potentialAction":[{"@type":"SearchAction","target":{"@type":"EntryPoint","urlTemplate":"https:\/\/miumjau.ee\/?s={search_term_string}"},"query-input":{"@type":"PropertyValueSpecification","valueRequired":true,"valueName":"search_term_string"}}],"inLanguage":"lt-LT"},{"@type":"Organization","@id":"https:\/\/miumjau.ee\/#organization","name":"MiuMjau O\u00dc","url":"https:\/\/miumjau.ee\/","logo":{"@type":"ImageObject","inLanguage":"lt-LT","@id":"https:\/\/miumjau.ee\/#\/schema\/logo\/image\/","url":"https:\/\/miumjau.ee\/wp-content\/uploads\/2022\/04\/MiuMjau-logo-kollane.png","contentUrl":"https:\/\/miumjau.ee\/wp-content\/uploads\/2022\/04\/MiuMjau-logo-kollane.png","width":219,"height":100,"caption":"MiuMjau O\u00dc"},"image":{"@id":"https:\/\/miumjau.ee\/#\/schema\/logo\/image\/"},"sameAs":["https:\/\/www.facebook.com\/miumjaupood\/"]}]}},"_links":{"self":[{"href":"https:\/\/miumjau.ee\/lt\/wp-json\/wp\/v2\/product\/49186","targetHints":{"allow":["GET"]}}],"collection":[{"href":"https:\/\/miumjau.ee\/lt\/wp-json\/wp\/v2\/product"}],"about":[{"href":"https:\/\/miumjau.ee\/lt\/wp-json\/wp\/v2\/types\/product"}],"wp:featuredmedia":[{"embeddable":true,"href":"https:\/\/miumjau.ee\/lt\/wp-json\/wp\/v2\/media\/43866"}],"wp:attachment":[{"href":"https:\/\/miumjau.ee\/lt\/wp-json\/wp\/v2\/media?parent=49186"}],"wp:term":[{"taxonomy":"product_brand","embeddable":true,"href":"https:\/\/miumjau.ee\/lt\/wp-json\/wp\/v2\/product_brand?post=49186"},{"taxonomy":"product_cat","embeddable":true,"href":"https:\/\/miumjau.ee\/lt\/wp-json\/wp\/v2\/product_cat?post=49186"},{"taxonomy":"product_tag","embeddable":true,"href":"https:\/\/miumjau.ee\/lt\/wp-json\/wp\/v2\/product_tag?post=49186"}],"curies":[{"name":"wp","href":"https:\/\/api.w.org\/{rel}","templated":true}]}}