{"id":49176,"date":"2025-07-29T15:01:09","date_gmt":"2025-07-29T12:01:09","guid":{"rendered":"https:\/\/miumjau.ee\/toode\/beaphar-immo-shield-spray-antiparazitine-purskiamoji-priemone-250-ml\/"},"modified":"2026-01-07T20:43:51","modified_gmt":"2026-01-07T18:43:51","slug":"beaphar-immo-shield-spray-antiparazitine-purskiamoji-priemone-250-ml","status":"publish","type":"product","link":"https:\/\/miumjau.ee\/lt\/produktas\/beaphar-immo-shield-spray-antiparazitine-purskiamoji-priemone-250-ml\/","title":{"rendered":"Beaphar Immo Shield Spray \u2013 antiparazitin\u0117 pur\u0161kiamoji priemon\u0117 250 ml"},"content":{"rendered":"","protected":false},"excerpt":{"rendered":"<p data-start=\"4238\" data-end=\"4571\">Beaphar <strong data-start=\"4246\" data-end=\"4266\">IMMOShield Spray<\/strong> yra dimetikono (silikono aliejaus) pagrindu pagamintas pur\u0161kalas, fizi\u0161kai neutralizuojantis blusas, erkes, uodus, ut\u0117les ir sm\u0117lio muses. Dimetikonas sudaro pavir\u0161iaus pl\u0117vel\u0119, kuri blokuoja kukuli\u0173 s\u0105nari\u0173 jud\u0117jim\u0105 ir veikia kaip lipni sp\u0105stai. Pur\u0161kalas veiksmingas visose blus\u0173 vystymosi stadijose.<\/p>\n<p data-start=\"4573\" data-end=\"4704\"><strong data-start=\"4573\" data-end=\"4585\">Sud\u0117tis:<\/strong> Dimetikonas (CAS N\u00ba 68937-54-2) 38 g\/l, Aloe Vera (CAS N\u00ba 94349-62-9) 5 g\/l, kvapas 10 g\/l. Be chemini\u0173 insekticid\u0173.<\/p>\n<p data-start=\"4706\" data-end=\"5043\"><strong data-start=\"4706\" data-end=\"4721\">Naudojimas:<\/strong> Gali b\u016bti pur\u0161kiamas ant gyv\u016bn\u0173 (kat\u0117s, \u0161unys, grau\u017eikai) ir aplinkos. Purk\u0161ti ant kailio i\u0161 10 cm atstumo. Po kailio i\u0161d\u017ei\u016bvimo \u0161velniai i\u0161\u0161ukuoti. Aplinkos apdorojimui purk\u0161ti i\u0161 30 cm atstumo. Rekomenduojama apdoroti miego vietas. Prie\u0161 naudojim\u0105 suplakti. Jei reikia, pakartoti po 4 savai\u010di\u0173 arba po gyv\u016bno maudymo.<\/p>\n<p data-start=\"5045\" data-end=\"5241\"><strong data-start=\"5045\" data-end=\"5059\">\u012esp\u0117jimai:<\/strong> Tik i\u0161oriniam naudojimui. Nenaudoti pa\u017eeistai odai. Vengti kontakto su akimis. Patekus \u012f akis, nedelsiant plauti dideliu kiekiu \u0161varaus vandens. Nenaudoti n\u0117\u0161tumo ar \u017eindymo metu.<\/p>\n<p data-start=\"5243\" data-end=\"5426\"><strong data-start=\"5243\" data-end=\"5256\">Laikymas:<\/strong> Laikyti \u017eemesn\u0117je nei 25 \u00baC temperat\u016broje originalioje pakuot\u0117je. Laikyti vaikams nepasiekiamoje vietoje. Nepasiruo\u0161ti \u0161aldymui. Nenaudoti pasibaigus galiojimo laikui.<\/p>\n<p data-start=\"5428\" data-end=\"5453\"><strong data-start=\"5428\" data-end=\"5443\">Gamintojas:<\/strong> Beaphar<\/p>\n","protected":false},"featured_media":49177,"template":"","meta":[],"product_brand":[],"product_cat":[523,542],"product_tag":[],"class_list":{"0":"post-49176","1":"product","2":"type-product","3":"status-publish","4":"has-post-thumbnail","6":"product_cat-kita","7":"product_cat-prieziuros-priemones-sunims","9":"first","10":"instock","11":"taxable","12":"shipping-taxable","13":"purchasable","14":"product-type-simple"},"yoast_head":"<!-- This site is optimized with the Yoast SEO plugin v27.2 - https:\/\/yoast.com\/product\/yoast-seo-wordpress\/ -->\n<title>Beaphar Immo Shield Spray \u2013 antiparazitin\u0117 pur\u0161kiamoji priemon\u0117 250 ml - MiuMjau<\/title>\n<meta name=\"robots\" content=\"index, follow, max-snippet:-1, max-image-preview:large, max-video-preview:-1\" \/>\n<link rel=\"canonical\" href=\"https:\/\/miumjau.ee\/lt\/produktas\/beaphar-immo-shield-spray-antiparazitine-purskiamoji-priemone-250-ml\/\" \/>\n<meta property=\"og:locale\" content=\"lt_LT\" \/>\n<meta property=\"og:type\" content=\"article\" \/>\n<meta property=\"og:title\" content=\"Beaphar Immo Shield Spray \u2013 antiparazitin\u0117 pur\u0161kiamoji priemon\u0117 250 ml - MiuMjau\" \/>\n<meta property=\"og:description\" content=\"Beaphar IMMOShield Spray yra dimetikono (silikono aliejaus) pagrindu pagamintas pur\u0161kalas, fizi\u0161kai neutralizuojantis blusas, erkes, uodus, ut\u0117les ir sm\u0117lio muses. Dimetikonas sudaro pavir\u0161iaus pl\u0117vel\u0119, kuri blokuoja kukuli\u0173 s\u0105nari\u0173 jud\u0117jim\u0105 ir veikia kaip lipni sp\u0105stai. Pur\u0161kalas veiksmingas visose blus\u0173 vystymosi stadijose. Sud\u0117tis: Dimetikonas (CAS N\u00ba 68937-54-2) 38 g\/l, Aloe Vera (CAS N\u00ba 94349-62-9) 5 g\/l, kvapas 10 g\/l. Be chemini\u0173 insekticid\u0173. Naudojimas: Gali b\u016bti pur\u0161kiamas ant gyv\u016bn\u0173 (kat\u0117s, \u0161unys, grau\u017eikai) ir aplinkos. Purk\u0161ti ant kailio i\u0161 10 cm atstumo. Po kailio i\u0161d\u017ei\u016bvimo \u0161velniai i\u0161\u0161ukuoti. Aplinkos apdorojimui purk\u0161ti i\u0161 30 cm atstumo. Rekomenduojama apdoroti miego vietas. Prie\u0161 naudojim\u0105 suplakti. Jei reikia, pakartoti po 4 savai\u010di\u0173 arba po gyv\u016bno maudymo. \u012esp\u0117jimai: Tik i\u0161oriniam naudojimui. Nenaudoti pa\u017eeistai odai. Vengti kontakto su akimis. Patekus \u012f akis, nedelsiant plauti dideliu kiekiu \u0161varaus vandens. Nenaudoti n\u0117\u0161tumo ar \u017eindymo metu. Laikymas: Laikyti \u017eemesn\u0117je nei 25 \u00baC temperat\u016broje originalioje pakuot\u0117je. Laikyti vaikams nepasiekiamoje vietoje. Nepasiruo\u0161ti \u0161aldymui. Nenaudoti pasibaigus galiojimo laikui. Gamintojas: Beaphar\" \/>\n<meta property=\"og:url\" content=\"https:\/\/miumjau.ee\/lt\/produktas\/beaphar-immo-shield-spray-antiparazitine-purskiamoji-priemone-250-ml\/\" \/>\n<meta property=\"og:site_name\" content=\"MiuMjau\" \/>\n<meta property=\"article:publisher\" content=\"https:\/\/www.facebook.com\/miumjaupood\/\" \/>\n<meta property=\"article:modified_time\" content=\"2026-01-07T18:43:51+00:00\" \/>\n<meta property=\"og:image\" content=\"https:\/\/miumjau.ee\/wp-content\/uploads\/2025\/07\/beaphar-kassidele-koertele31.jpg\" \/>\n\t<meta property=\"og:image:width\" content=\"600\" \/>\n\t<meta property=\"og:image:height\" content=\"800\" \/>\n\t<meta property=\"og:image:type\" content=\"image\/jpeg\" \/>\n<meta name=\"twitter:card\" content=\"summary_large_image\" \/>\n<script type=\"application\/ld+json\" class=\"yoast-schema-graph\">{\"@context\":\"https:\/\/schema.org\",\"@graph\":[{\"@type\":\"WebPage\",\"@id\":\"https:\/\/miumjau.ee\/lt\/produktas\/beaphar-immo-shield-spray-antiparazitine-purskiamoji-priemone-250-ml\/\",\"url\":\"https:\/\/miumjau.ee\/lt\/produktas\/beaphar-immo-shield-spray-antiparazitine-purskiamoji-priemone-250-ml\/\",\"name\":\"Beaphar Immo Shield Spray \u2013 antiparazitin\u0117 pur\u0161kiamoji priemon\u0117 250 ml - MiuMjau\",\"isPartOf\":{\"@id\":\"https:\/\/miumjau.ee\/#website\"},\"primaryImageOfPage\":{\"@id\":\"https:\/\/miumjau.ee\/lt\/produktas\/beaphar-immo-shield-spray-antiparazitine-purskiamoji-priemone-250-ml\/#primaryimage\"},\"image\":{\"@id\":\"https:\/\/miumjau.ee\/lt\/produktas\/beaphar-immo-shield-spray-antiparazitine-purskiamoji-priemone-250-ml\/#primaryimage\"},\"thumbnailUrl\":\"https:\/\/miumjau.ee\/wp-content\/uploads\/2025\/07\/beaphar-kassidele-koertele31.jpg\",\"datePublished\":\"2025-07-29T12:01:09+00:00\",\"dateModified\":\"2026-01-07T18:43:51+00:00\",\"breadcrumb\":{\"@id\":\"https:\/\/miumjau.ee\/lt\/produktas\/beaphar-immo-shield-spray-antiparazitine-purskiamoji-priemone-250-ml\/#breadcrumb\"},\"inLanguage\":\"lt-LT\",\"potentialAction\":[{\"@type\":\"ReadAction\",\"target\":[\"https:\/\/miumjau.ee\/lt\/produktas\/beaphar-immo-shield-spray-antiparazitine-purskiamoji-priemone-250-ml\/\"]}]},{\"@type\":\"ImageObject\",\"inLanguage\":\"lt-LT\",\"@id\":\"https:\/\/miumjau.ee\/lt\/produktas\/beaphar-immo-shield-spray-antiparazitine-purskiamoji-priemone-250-ml\/#primaryimage\",\"url\":\"https:\/\/miumjau.ee\/wp-content\/uploads\/2025\/07\/beaphar-kassidele-koertele31.jpg\",\"contentUrl\":\"https:\/\/miumjau.ee\/wp-content\/uploads\/2025\/07\/beaphar-kassidele-koertele31.jpg\",\"width\":600,\"height\":800},{\"@type\":\"BreadcrumbList\",\"@id\":\"https:\/\/miumjau.ee\/lt\/produktas\/beaphar-immo-shield-spray-antiparazitine-purskiamoji-priemone-250-ml\/#breadcrumb\",\"itemListElement\":[{\"@type\":\"ListItem\",\"position\":1,\"name\":\"Home\",\"item\":\"https:\/\/miumjau.ee\/lt\/\"},{\"@type\":\"ListItem\",\"position\":2,\"name\":\"Parduotuv\u0117\",\"item\":\"https:\/\/miumjau.ee\/lt\/parduotuve\/\"},{\"@type\":\"ListItem\",\"position\":3,\"name\":\"Beaphar Immo Shield Spray \u2013 antiparazitin\u0117 pur\u0161kiamoji priemon\u0117 250 ml\"}]},{\"@type\":\"WebSite\",\"@id\":\"https:\/\/miumjau.ee\/#website\",\"url\":\"https:\/\/miumjau.ee\/\",\"name\":\"MiuMjau\",\"description\":\"Kraapimispuud kassidele\",\"publisher\":{\"@id\":\"https:\/\/miumjau.ee\/#organization\"},\"potentialAction\":[{\"@type\":\"SearchAction\",\"target\":{\"@type\":\"EntryPoint\",\"urlTemplate\":\"https:\/\/miumjau.ee\/?s={search_term_string}\"},\"query-input\":{\"@type\":\"PropertyValueSpecification\",\"valueRequired\":true,\"valueName\":\"search_term_string\"}}],\"inLanguage\":\"lt-LT\"},{\"@type\":\"Organization\",\"@id\":\"https:\/\/miumjau.ee\/#organization\",\"name\":\"MiuMjau O\u00dc\",\"url\":\"https:\/\/miumjau.ee\/\",\"logo\":{\"@type\":\"ImageObject\",\"inLanguage\":\"lt-LT\",\"@id\":\"https:\/\/miumjau.ee\/#\/schema\/logo\/image\/\",\"url\":\"https:\/\/miumjau.ee\/wp-content\/uploads\/2022\/04\/MiuMjau-logo-kollane.png\",\"contentUrl\":\"https:\/\/miumjau.ee\/wp-content\/uploads\/2022\/04\/MiuMjau-logo-kollane.png\",\"width\":219,\"height\":100,\"caption\":\"MiuMjau O\u00dc\"},\"image\":{\"@id\":\"https:\/\/miumjau.ee\/#\/schema\/logo\/image\/\"},\"sameAs\":[\"https:\/\/www.facebook.com\/miumjaupood\/\"]}]}<\/script>\n<!-- \/ Yoast SEO plugin. -->","yoast_head_json":{"title":"Beaphar Immo Shield Spray \u2013 antiparazitin\u0117 pur\u0161kiamoji priemon\u0117 250 ml - MiuMjau","robots":{"index":"index","follow":"follow","max-snippet":"max-snippet:-1","max-image-preview":"max-image-preview:large","max-video-preview":"max-video-preview:-1"},"canonical":"https:\/\/miumjau.ee\/lt\/produktas\/beaphar-immo-shield-spray-antiparazitine-purskiamoji-priemone-250-ml\/","og_locale":"lt_LT","og_type":"article","og_title":"Beaphar Immo Shield Spray \u2013 antiparazitin\u0117 pur\u0161kiamoji priemon\u0117 250 ml - MiuMjau","og_description":"Beaphar IMMOShield Spray yra dimetikono (silikono aliejaus) pagrindu pagamintas pur\u0161kalas, fizi\u0161kai neutralizuojantis blusas, erkes, uodus, ut\u0117les ir sm\u0117lio muses. Dimetikonas sudaro pavir\u0161iaus pl\u0117vel\u0119, kuri blokuoja kukuli\u0173 s\u0105nari\u0173 jud\u0117jim\u0105 ir veikia kaip lipni sp\u0105stai. Pur\u0161kalas veiksmingas visose blus\u0173 vystymosi stadijose. Sud\u0117tis: Dimetikonas (CAS N\u00ba 68937-54-2) 38 g\/l, Aloe Vera (CAS N\u00ba 94349-62-9) 5 g\/l, kvapas 10 g\/l. Be chemini\u0173 insekticid\u0173. Naudojimas: Gali b\u016bti pur\u0161kiamas ant gyv\u016bn\u0173 (kat\u0117s, \u0161unys, grau\u017eikai) ir aplinkos. Purk\u0161ti ant kailio i\u0161 10 cm atstumo. Po kailio i\u0161d\u017ei\u016bvimo \u0161velniai i\u0161\u0161ukuoti. Aplinkos apdorojimui purk\u0161ti i\u0161 30 cm atstumo. Rekomenduojama apdoroti miego vietas. Prie\u0161 naudojim\u0105 suplakti. Jei reikia, pakartoti po 4 savai\u010di\u0173 arba po gyv\u016bno maudymo. \u012esp\u0117jimai: Tik i\u0161oriniam naudojimui. Nenaudoti pa\u017eeistai odai. Vengti kontakto su akimis. Patekus \u012f akis, nedelsiant plauti dideliu kiekiu \u0161varaus vandens. Nenaudoti n\u0117\u0161tumo ar \u017eindymo metu. Laikymas: Laikyti \u017eemesn\u0117je nei 25 \u00baC temperat\u016broje originalioje pakuot\u0117je. Laikyti vaikams nepasiekiamoje vietoje. Nepasiruo\u0161ti \u0161aldymui. Nenaudoti pasibaigus galiojimo laikui. Gamintojas: Beaphar","og_url":"https:\/\/miumjau.ee\/lt\/produktas\/beaphar-immo-shield-spray-antiparazitine-purskiamoji-priemone-250-ml\/","og_site_name":"MiuMjau","article_publisher":"https:\/\/www.facebook.com\/miumjaupood\/","article_modified_time":"2026-01-07T18:43:51+00:00","og_image":[{"width":600,"height":800,"url":"https:\/\/miumjau.ee\/wp-content\/uploads\/2025\/07\/beaphar-kassidele-koertele31.jpg","type":"image\/jpeg"}],"twitter_card":"summary_large_image","schema":{"@context":"https:\/\/schema.org","@graph":[{"@type":"WebPage","@id":"https:\/\/miumjau.ee\/lt\/produktas\/beaphar-immo-shield-spray-antiparazitine-purskiamoji-priemone-250-ml\/","url":"https:\/\/miumjau.ee\/lt\/produktas\/beaphar-immo-shield-spray-antiparazitine-purskiamoji-priemone-250-ml\/","name":"Beaphar Immo Shield Spray \u2013 antiparazitin\u0117 pur\u0161kiamoji priemon\u0117 250 ml - MiuMjau","isPartOf":{"@id":"https:\/\/miumjau.ee\/#website"},"primaryImageOfPage":{"@id":"https:\/\/miumjau.ee\/lt\/produktas\/beaphar-immo-shield-spray-antiparazitine-purskiamoji-priemone-250-ml\/#primaryimage"},"image":{"@id":"https:\/\/miumjau.ee\/lt\/produktas\/beaphar-immo-shield-spray-antiparazitine-purskiamoji-priemone-250-ml\/#primaryimage"},"thumbnailUrl":"https:\/\/miumjau.ee\/wp-content\/uploads\/2025\/07\/beaphar-kassidele-koertele31.jpg","datePublished":"2025-07-29T12:01:09+00:00","dateModified":"2026-01-07T18:43:51+00:00","breadcrumb":{"@id":"https:\/\/miumjau.ee\/lt\/produktas\/beaphar-immo-shield-spray-antiparazitine-purskiamoji-priemone-250-ml\/#breadcrumb"},"inLanguage":"lt-LT","potentialAction":[{"@type":"ReadAction","target":["https:\/\/miumjau.ee\/lt\/produktas\/beaphar-immo-shield-spray-antiparazitine-purskiamoji-priemone-250-ml\/"]}]},{"@type":"ImageObject","inLanguage":"lt-LT","@id":"https:\/\/miumjau.ee\/lt\/produktas\/beaphar-immo-shield-spray-antiparazitine-purskiamoji-priemone-250-ml\/#primaryimage","url":"https:\/\/miumjau.ee\/wp-content\/uploads\/2025\/07\/beaphar-kassidele-koertele31.jpg","contentUrl":"https:\/\/miumjau.ee\/wp-content\/uploads\/2025\/07\/beaphar-kassidele-koertele31.jpg","width":600,"height":800},{"@type":"BreadcrumbList","@id":"https:\/\/miumjau.ee\/lt\/produktas\/beaphar-immo-shield-spray-antiparazitine-purskiamoji-priemone-250-ml\/#breadcrumb","itemListElement":[{"@type":"ListItem","position":1,"name":"Home","item":"https:\/\/miumjau.ee\/lt\/"},{"@type":"ListItem","position":2,"name":"Parduotuv\u0117","item":"https:\/\/miumjau.ee\/lt\/parduotuve\/"},{"@type":"ListItem","position":3,"name":"Beaphar Immo Shield Spray \u2013 antiparazitin\u0117 pur\u0161kiamoji priemon\u0117 250 ml"}]},{"@type":"WebSite","@id":"https:\/\/miumjau.ee\/#website","url":"https:\/\/miumjau.ee\/","name":"MiuMjau","description":"Kraapimispuud kassidele","publisher":{"@id":"https:\/\/miumjau.ee\/#organization"},"potentialAction":[{"@type":"SearchAction","target":{"@type":"EntryPoint","urlTemplate":"https:\/\/miumjau.ee\/?s={search_term_string}"},"query-input":{"@type":"PropertyValueSpecification","valueRequired":true,"valueName":"search_term_string"}}],"inLanguage":"lt-LT"},{"@type":"Organization","@id":"https:\/\/miumjau.ee\/#organization","name":"MiuMjau O\u00dc","url":"https:\/\/miumjau.ee\/","logo":{"@type":"ImageObject","inLanguage":"lt-LT","@id":"https:\/\/miumjau.ee\/#\/schema\/logo\/image\/","url":"https:\/\/miumjau.ee\/wp-content\/uploads\/2022\/04\/MiuMjau-logo-kollane.png","contentUrl":"https:\/\/miumjau.ee\/wp-content\/uploads\/2022\/04\/MiuMjau-logo-kollane.png","width":219,"height":100,"caption":"MiuMjau O\u00dc"},"image":{"@id":"https:\/\/miumjau.ee\/#\/schema\/logo\/image\/"},"sameAs":["https:\/\/www.facebook.com\/miumjaupood\/"]}]}},"_links":{"self":[{"href":"https:\/\/miumjau.ee\/lt\/wp-json\/wp\/v2\/product\/49176","targetHints":{"allow":["GET"]}}],"collection":[{"href":"https:\/\/miumjau.ee\/lt\/wp-json\/wp\/v2\/product"}],"about":[{"href":"https:\/\/miumjau.ee\/lt\/wp-json\/wp\/v2\/types\/product"}],"wp:featuredmedia":[{"embeddable":true,"href":"https:\/\/miumjau.ee\/lt\/wp-json\/wp\/v2\/media\/49177"}],"wp:attachment":[{"href":"https:\/\/miumjau.ee\/lt\/wp-json\/wp\/v2\/media?parent=49176"}],"wp:term":[{"taxonomy":"product_brand","embeddable":true,"href":"https:\/\/miumjau.ee\/lt\/wp-json\/wp\/v2\/product_brand?post=49176"},{"taxonomy":"product_cat","embeddable":true,"href":"https:\/\/miumjau.ee\/lt\/wp-json\/wp\/v2\/product_cat?post=49176"},{"taxonomy":"product_tag","embeddable":true,"href":"https:\/\/miumjau.ee\/lt\/wp-json\/wp\/v2\/product_tag?post=49176"}],"curies":[{"name":"wp","href":"https:\/\/api.w.org\/{rel}","templated":true}]}}