{"id":49164,"date":"2025-07-29T15:49:56","date_gmt":"2025-07-29T12:49:56","guid":{"rendered":"https:\/\/miumjau.ee\/toode\/beaphar-antiparazitine-sampunas-katems-200-ml\/"},"modified":"2026-01-07T20:43:51","modified_gmt":"2026-01-07T18:43:51","slug":"beaphar-antiparazitine-sampunas-katems-200-ml","status":"publish","type":"product","link":"https:\/\/miumjau.ee\/lt\/produktas\/beaphar-antiparazitine-sampunas-katems-200-ml\/","title":{"rendered":"Beaphar antiparazitin\u0117 \u0161amp\u016bnas kat\u0117ms 200 ml"},"content":{"rendered":"","protected":false},"excerpt":{"rendered":"<p data-start=\"1888\" data-end=\"2140\">\u0160amp\u016bnas kat\u0117ms su antiparazitiniu poveikiu. Veiklioji med\u017eiaga \u2013 <strong data-start=\"1954\" data-end=\"1969\">dimetikonas<\/strong>, kuris sudaro pavir\u0161iaus pl\u0117vel\u0119, fizi\u0161kai blokuojan\u010di\u0105 parazit\u0173 s\u0105narius ir veikia kaip lipnus sp\u0105stai. Greitai atbaido blusas, erkes, uodus, ut\u0117les ir sm\u0117lio museles.<\/p>\n<ul data-start=\"2142\" data-end=\"2317\">\n<li data-start=\"2142\" data-end=\"2209\">\n<p data-start=\"2144\" data-end=\"2209\">Lengva ir patogu naudoti \u2013 tiesiog \u012fmasa\u017euokite \u012f gyv\u016bno kail\u012f.<\/p>\n<\/li>\n<li data-start=\"2210\" data-end=\"2228\">\n<p data-start=\"2212\" data-end=\"2228\">Talpa: 200 ml.<\/p>\n<\/li>\n<li data-start=\"2229\" data-end=\"2270\">\n<p data-start=\"2231\" data-end=\"2270\">Tinka kat\u0117ms nuo 12 savai\u010di\u0173 am\u017eiaus.<\/p>\n<\/li>\n<li data-start=\"2271\" data-end=\"2317\">\n<p data-start=\"2273\" data-end=\"2317\">Nenaudoti n\u0117\u0161tuk\u0117ms ar \u017eindan\u010dioms kat\u0117ms.<\/p>\n<\/li>\n<\/ul>\n<p data-start=\"2319\" data-end=\"2358\"><strong data-start=\"2319\" data-end=\"2334\">Gamintojas:<\/strong> Beaphar, Nyderlandai.<\/p>\n","protected":false},"featured_media":49165,"template":"","meta":[],"product_brand":[],"product_cat":[523],"product_tag":[],"class_list":{"0":"post-49164","1":"product","2":"type-product","3":"status-publish","4":"has-post-thumbnail","6":"product_cat-kita","8":"first","9":"instock","10":"sale","11":"taxable","12":"shipping-taxable","13":"purchasable","14":"product-type-simple"},"yoast_head":"<!-- This site is optimized with the Yoast SEO plugin v27.2 - https:\/\/yoast.com\/product\/yoast-seo-wordpress\/ -->\n<title>Beaphar antiparazitin\u0117 \u0161amp\u016bnas kat\u0117ms 200 ml - MiuMjau<\/title>\n<meta name=\"robots\" content=\"index, follow, max-snippet:-1, max-image-preview:large, max-video-preview:-1\" \/>\n<link rel=\"canonical\" href=\"https:\/\/miumjau.ee\/lt\/produktas\/beaphar-antiparazitine-sampunas-katems-200-ml\/\" \/>\n<meta property=\"og:locale\" content=\"lt_LT\" \/>\n<meta property=\"og:type\" content=\"article\" \/>\n<meta property=\"og:title\" content=\"Beaphar antiparazitin\u0117 \u0161amp\u016bnas kat\u0117ms 200 ml - MiuMjau\" \/>\n<meta property=\"og:description\" content=\"\u0160amp\u016bnas kat\u0117ms su antiparazitiniu poveikiu. Veiklioji med\u017eiaga \u2013 dimetikonas, kuris sudaro pavir\u0161iaus pl\u0117vel\u0119, fizi\u0161kai blokuojan\u010di\u0105 parazit\u0173 s\u0105narius ir veikia kaip lipnus sp\u0105stai. Greitai atbaido blusas, erkes, uodus, ut\u0117les ir sm\u0117lio museles.     Lengva ir patogu naudoti \u2013 tiesiog \u012fmasa\u017euokite \u012f gyv\u016bno kail\u012f.    Talpa: 200 ml.    Tinka kat\u0117ms nuo 12 savai\u010di\u0173 am\u017eiaus.    Nenaudoti n\u0117\u0161tuk\u0117ms ar \u017eindan\u010dioms kat\u0117ms.   Gamintojas: Beaphar, Nyderlandai.\" \/>\n<meta property=\"og:url\" content=\"https:\/\/miumjau.ee\/lt\/produktas\/beaphar-antiparazitine-sampunas-katems-200-ml\/\" \/>\n<meta property=\"og:site_name\" content=\"MiuMjau\" \/>\n<meta property=\"article:publisher\" content=\"https:\/\/www.facebook.com\/miumjaupood\/\" \/>\n<meta property=\"article:modified_time\" content=\"2026-01-07T18:43:51+00:00\" \/>\n<meta property=\"og:image\" content=\"https:\/\/miumjau.ee\/wp-content\/uploads\/2025\/07\/beaphar-kassidele-koertele36.jpg\" \/>\n\t<meta property=\"og:image:width\" content=\"600\" \/>\n\t<meta property=\"og:image:height\" content=\"800\" \/>\n\t<meta property=\"og:image:type\" content=\"image\/jpeg\" \/>\n<meta name=\"twitter:card\" content=\"summary_large_image\" \/>\n<script type=\"application\/ld+json\" class=\"yoast-schema-graph\">{\"@context\":\"https:\/\/schema.org\",\"@graph\":[{\"@type\":\"WebPage\",\"@id\":\"https:\/\/miumjau.ee\/lt\/produktas\/beaphar-antiparazitine-sampunas-katems-200-ml\/\",\"url\":\"https:\/\/miumjau.ee\/lt\/produktas\/beaphar-antiparazitine-sampunas-katems-200-ml\/\",\"name\":\"Beaphar antiparazitin\u0117 \u0161amp\u016bnas kat\u0117ms 200 ml - MiuMjau\",\"isPartOf\":{\"@id\":\"https:\/\/miumjau.ee\/#website\"},\"primaryImageOfPage\":{\"@id\":\"https:\/\/miumjau.ee\/lt\/produktas\/beaphar-antiparazitine-sampunas-katems-200-ml\/#primaryimage\"},\"image\":{\"@id\":\"https:\/\/miumjau.ee\/lt\/produktas\/beaphar-antiparazitine-sampunas-katems-200-ml\/#primaryimage\"},\"thumbnailUrl\":\"https:\/\/miumjau.ee\/wp-content\/uploads\/2025\/07\/beaphar-kassidele-koertele36.jpg\",\"datePublished\":\"2025-07-29T12:49:56+00:00\",\"dateModified\":\"2026-01-07T18:43:51+00:00\",\"breadcrumb\":{\"@id\":\"https:\/\/miumjau.ee\/lt\/produktas\/beaphar-antiparazitine-sampunas-katems-200-ml\/#breadcrumb\"},\"inLanguage\":\"lt-LT\",\"potentialAction\":[{\"@type\":\"ReadAction\",\"target\":[\"https:\/\/miumjau.ee\/lt\/produktas\/beaphar-antiparazitine-sampunas-katems-200-ml\/\"]}]},{\"@type\":\"ImageObject\",\"inLanguage\":\"lt-LT\",\"@id\":\"https:\/\/miumjau.ee\/lt\/produktas\/beaphar-antiparazitine-sampunas-katems-200-ml\/#primaryimage\",\"url\":\"https:\/\/miumjau.ee\/wp-content\/uploads\/2025\/07\/beaphar-kassidele-koertele36.jpg\",\"contentUrl\":\"https:\/\/miumjau.ee\/wp-content\/uploads\/2025\/07\/beaphar-kassidele-koertele36.jpg\",\"width\":600,\"height\":800},{\"@type\":\"BreadcrumbList\",\"@id\":\"https:\/\/miumjau.ee\/lt\/produktas\/beaphar-antiparazitine-sampunas-katems-200-ml\/#breadcrumb\",\"itemListElement\":[{\"@type\":\"ListItem\",\"position\":1,\"name\":\"Home\",\"item\":\"https:\/\/miumjau.ee\/lt\/\"},{\"@type\":\"ListItem\",\"position\":2,\"name\":\"Parduotuv\u0117\",\"item\":\"https:\/\/miumjau.ee\/lt\/parduotuve\/\"},{\"@type\":\"ListItem\",\"position\":3,\"name\":\"Beaphar antiparazitin\u0117 \u0161amp\u016bnas kat\u0117ms 200 ml\"}]},{\"@type\":\"WebSite\",\"@id\":\"https:\/\/miumjau.ee\/#website\",\"url\":\"https:\/\/miumjau.ee\/\",\"name\":\"MiuMjau\",\"description\":\"Kraapimispuud kassidele\",\"publisher\":{\"@id\":\"https:\/\/miumjau.ee\/#organization\"},\"potentialAction\":[{\"@type\":\"SearchAction\",\"target\":{\"@type\":\"EntryPoint\",\"urlTemplate\":\"https:\/\/miumjau.ee\/?s={search_term_string}\"},\"query-input\":{\"@type\":\"PropertyValueSpecification\",\"valueRequired\":true,\"valueName\":\"search_term_string\"}}],\"inLanguage\":\"lt-LT\"},{\"@type\":\"Organization\",\"@id\":\"https:\/\/miumjau.ee\/#organization\",\"name\":\"MiuMjau O\u00dc\",\"url\":\"https:\/\/miumjau.ee\/\",\"logo\":{\"@type\":\"ImageObject\",\"inLanguage\":\"lt-LT\",\"@id\":\"https:\/\/miumjau.ee\/#\/schema\/logo\/image\/\",\"url\":\"https:\/\/miumjau.ee\/wp-content\/uploads\/2022\/04\/MiuMjau-logo-kollane.png\",\"contentUrl\":\"https:\/\/miumjau.ee\/wp-content\/uploads\/2022\/04\/MiuMjau-logo-kollane.png\",\"width\":219,\"height\":100,\"caption\":\"MiuMjau O\u00dc\"},\"image\":{\"@id\":\"https:\/\/miumjau.ee\/#\/schema\/logo\/image\/\"},\"sameAs\":[\"https:\/\/www.facebook.com\/miumjaupood\/\"]}]}<\/script>\n<!-- \/ Yoast SEO plugin. -->","yoast_head_json":{"title":"Beaphar antiparazitin\u0117 \u0161amp\u016bnas kat\u0117ms 200 ml - MiuMjau","robots":{"index":"index","follow":"follow","max-snippet":"max-snippet:-1","max-image-preview":"max-image-preview:large","max-video-preview":"max-video-preview:-1"},"canonical":"https:\/\/miumjau.ee\/lt\/produktas\/beaphar-antiparazitine-sampunas-katems-200-ml\/","og_locale":"lt_LT","og_type":"article","og_title":"Beaphar antiparazitin\u0117 \u0161amp\u016bnas kat\u0117ms 200 ml - MiuMjau","og_description":"\u0160amp\u016bnas kat\u0117ms su antiparazitiniu poveikiu. Veiklioji med\u017eiaga \u2013 dimetikonas, kuris sudaro pavir\u0161iaus pl\u0117vel\u0119, fizi\u0161kai blokuojan\u010di\u0105 parazit\u0173 s\u0105narius ir veikia kaip lipnus sp\u0105stai. Greitai atbaido blusas, erkes, uodus, ut\u0117les ir sm\u0117lio museles.     Lengva ir patogu naudoti \u2013 tiesiog \u012fmasa\u017euokite \u012f gyv\u016bno kail\u012f.    Talpa: 200 ml.    Tinka kat\u0117ms nuo 12 savai\u010di\u0173 am\u017eiaus.    Nenaudoti n\u0117\u0161tuk\u0117ms ar \u017eindan\u010dioms kat\u0117ms.   Gamintojas: Beaphar, Nyderlandai.","og_url":"https:\/\/miumjau.ee\/lt\/produktas\/beaphar-antiparazitine-sampunas-katems-200-ml\/","og_site_name":"MiuMjau","article_publisher":"https:\/\/www.facebook.com\/miumjaupood\/","article_modified_time":"2026-01-07T18:43:51+00:00","og_image":[{"width":600,"height":800,"url":"https:\/\/miumjau.ee\/wp-content\/uploads\/2025\/07\/beaphar-kassidele-koertele36.jpg","type":"image\/jpeg"}],"twitter_card":"summary_large_image","schema":{"@context":"https:\/\/schema.org","@graph":[{"@type":"WebPage","@id":"https:\/\/miumjau.ee\/lt\/produktas\/beaphar-antiparazitine-sampunas-katems-200-ml\/","url":"https:\/\/miumjau.ee\/lt\/produktas\/beaphar-antiparazitine-sampunas-katems-200-ml\/","name":"Beaphar antiparazitin\u0117 \u0161amp\u016bnas kat\u0117ms 200 ml - MiuMjau","isPartOf":{"@id":"https:\/\/miumjau.ee\/#website"},"primaryImageOfPage":{"@id":"https:\/\/miumjau.ee\/lt\/produktas\/beaphar-antiparazitine-sampunas-katems-200-ml\/#primaryimage"},"image":{"@id":"https:\/\/miumjau.ee\/lt\/produktas\/beaphar-antiparazitine-sampunas-katems-200-ml\/#primaryimage"},"thumbnailUrl":"https:\/\/miumjau.ee\/wp-content\/uploads\/2025\/07\/beaphar-kassidele-koertele36.jpg","datePublished":"2025-07-29T12:49:56+00:00","dateModified":"2026-01-07T18:43:51+00:00","breadcrumb":{"@id":"https:\/\/miumjau.ee\/lt\/produktas\/beaphar-antiparazitine-sampunas-katems-200-ml\/#breadcrumb"},"inLanguage":"lt-LT","potentialAction":[{"@type":"ReadAction","target":["https:\/\/miumjau.ee\/lt\/produktas\/beaphar-antiparazitine-sampunas-katems-200-ml\/"]}]},{"@type":"ImageObject","inLanguage":"lt-LT","@id":"https:\/\/miumjau.ee\/lt\/produktas\/beaphar-antiparazitine-sampunas-katems-200-ml\/#primaryimage","url":"https:\/\/miumjau.ee\/wp-content\/uploads\/2025\/07\/beaphar-kassidele-koertele36.jpg","contentUrl":"https:\/\/miumjau.ee\/wp-content\/uploads\/2025\/07\/beaphar-kassidele-koertele36.jpg","width":600,"height":800},{"@type":"BreadcrumbList","@id":"https:\/\/miumjau.ee\/lt\/produktas\/beaphar-antiparazitine-sampunas-katems-200-ml\/#breadcrumb","itemListElement":[{"@type":"ListItem","position":1,"name":"Home","item":"https:\/\/miumjau.ee\/lt\/"},{"@type":"ListItem","position":2,"name":"Parduotuv\u0117","item":"https:\/\/miumjau.ee\/lt\/parduotuve\/"},{"@type":"ListItem","position":3,"name":"Beaphar antiparazitin\u0117 \u0161amp\u016bnas kat\u0117ms 200 ml"}]},{"@type":"WebSite","@id":"https:\/\/miumjau.ee\/#website","url":"https:\/\/miumjau.ee\/","name":"MiuMjau","description":"Kraapimispuud kassidele","publisher":{"@id":"https:\/\/miumjau.ee\/#organization"},"potentialAction":[{"@type":"SearchAction","target":{"@type":"EntryPoint","urlTemplate":"https:\/\/miumjau.ee\/?s={search_term_string}"},"query-input":{"@type":"PropertyValueSpecification","valueRequired":true,"valueName":"search_term_string"}}],"inLanguage":"lt-LT"},{"@type":"Organization","@id":"https:\/\/miumjau.ee\/#organization","name":"MiuMjau O\u00dc","url":"https:\/\/miumjau.ee\/","logo":{"@type":"ImageObject","inLanguage":"lt-LT","@id":"https:\/\/miumjau.ee\/#\/schema\/logo\/image\/","url":"https:\/\/miumjau.ee\/wp-content\/uploads\/2022\/04\/MiuMjau-logo-kollane.png","contentUrl":"https:\/\/miumjau.ee\/wp-content\/uploads\/2022\/04\/MiuMjau-logo-kollane.png","width":219,"height":100,"caption":"MiuMjau O\u00dc"},"image":{"@id":"https:\/\/miumjau.ee\/#\/schema\/logo\/image\/"},"sameAs":["https:\/\/www.facebook.com\/miumjaupood\/"]}]}},"_links":{"self":[{"href":"https:\/\/miumjau.ee\/lt\/wp-json\/wp\/v2\/product\/49164","targetHints":{"allow":["GET"]}}],"collection":[{"href":"https:\/\/miumjau.ee\/lt\/wp-json\/wp\/v2\/product"}],"about":[{"href":"https:\/\/miumjau.ee\/lt\/wp-json\/wp\/v2\/types\/product"}],"wp:featuredmedia":[{"embeddable":true,"href":"https:\/\/miumjau.ee\/lt\/wp-json\/wp\/v2\/media\/49165"}],"wp:attachment":[{"href":"https:\/\/miumjau.ee\/lt\/wp-json\/wp\/v2\/media?parent=49164"}],"wp:term":[{"taxonomy":"product_brand","embeddable":true,"href":"https:\/\/miumjau.ee\/lt\/wp-json\/wp\/v2\/product_brand?post=49164"},{"taxonomy":"product_cat","embeddable":true,"href":"https:\/\/miumjau.ee\/lt\/wp-json\/wp\/v2\/product_cat?post=49164"},{"taxonomy":"product_tag","embeddable":true,"href":"https:\/\/miumjau.ee\/lt\/wp-json\/wp\/v2\/product_tag?post=49164"}],"curies":[{"name":"wp","href":"https:\/\/api.w.org\/{rel}","templated":true}]}}