{"id":49151,"date":"2025-07-29T15:34:18","date_gmt":"2025-07-29T12:34:18","guid":{"rendered":"https:\/\/miumjau.ee\/toode\/beaphar-immo-shield-antiparazitiniai-lasai-sunims-vidutiniai-15-30-kg\/"},"modified":"2026-01-07T20:43:51","modified_gmt":"2026-01-07T18:43:51","slug":"beaphar-immo-shield-antiparazitiniai-lasai-sunims-vidutiniai-15-30-kg","status":"publish","type":"product","link":"https:\/\/miumjau.ee\/lt\/produktas\/beaphar-immo-shield-antiparazitiniai-lasai-sunims-vidutiniai-15-30-kg\/","title":{"rendered":"Beaphar IMMO SHIELD antiparazitiniai la\u0161ai \u0161unims \u2013 Vidutiniai (15\u201330 kg)"},"content":{"rendered":"","protected":false},"excerpt":{"rendered":"<p data-start=\"2548\" data-end=\"2602\">Beaphar <strong data-start=\"2556\" data-end=\"2590\">Immo Shield Line-on Dog Medium<\/strong> 3 x 3 ml.<\/p>\n<p data-start=\"2604\" data-end=\"2664\">Inovatyvus sprendimas \u0161unims apsaugoti nuo blus\u0173 ir erki\u0173.<\/p>\n<ul data-start=\"2666\" data-end=\"2836\">\n<li data-start=\"2666\" data-end=\"2698\">\n<p data-start=\"2668\" data-end=\"2698\">Ideali apsauga nuo parazit\u0173.<\/p>\n<\/li>\n<li data-start=\"2699\" data-end=\"2715\">\n<p data-start=\"2701\" data-end=\"2715\">100 % saugu.<\/p>\n<\/li>\n<li data-start=\"2716\" data-end=\"2751\">\n<p data-start=\"2718\" data-end=\"2751\">Viena pipet\u0117 veikia 4 savaites.<\/p>\n<\/li>\n<li data-start=\"2752\" data-end=\"2796\">\n<p data-start=\"2754\" data-end=\"2796\">Tinka \u0161uniukams nuo 12 savai\u010di\u0173 am\u017eiaus.<\/p>\n<\/li>\n<li data-start=\"2797\" data-end=\"2836\">\n<p data-start=\"2799\" data-end=\"2836\">Netrukdo riebalini\u0173 liauk\u0173 veiklai.<\/p>\n<\/li>\n<\/ul>\n<p data-start=\"2838\" data-end=\"3133\"><strong data-start=\"2838\" data-end=\"2854\">Kaip veikia:<\/strong> U\u017etepkite la\u0161us ant \u0161uns nugaros (arba stuburo). Jie tolygiai pasklinda k\u016bne ir formuoja odos dang\u0105, kuri veikia kaip lipni pl\u0117vel\u0117, \u017eudanti blusas, erkes, uodus, ut\u0117les ir kitus vabzd\u017eius. K\u016bne esantys parazitai \u017e\u016bva per 1\u20132 dienas. Veiksminga visais blus\u0173 vystymosi etapais.<\/p>\n<p data-start=\"3135\" data-end=\"3174\"><strong data-start=\"3135\" data-end=\"3150\">Gamintojas:<\/strong> Beaphar, Nyderlandai.<\/p>\n","protected":false},"featured_media":49152,"template":"","meta":[],"product_brand":[],"product_cat":[542],"product_tag":[],"class_list":{"0":"post-49151","1":"product","2":"type-product","3":"status-publish","4":"has-post-thumbnail","6":"product_cat-prieziuros-priemones-sunims","8":"first","9":"instock","10":"sale","11":"taxable","12":"shipping-taxable","13":"purchasable","14":"product-type-simple"},"yoast_head":"<!-- This site is optimized with the Yoast SEO plugin v27.2 - https:\/\/yoast.com\/product\/yoast-seo-wordpress\/ -->\n<title>Beaphar IMMO SHIELD antiparazitiniai la\u0161ai \u0161unims \u2013 Vidutiniai (15\u201330 kg) - MiuMjau<\/title>\n<meta name=\"robots\" content=\"index, follow, max-snippet:-1, max-image-preview:large, max-video-preview:-1\" \/>\n<link rel=\"canonical\" href=\"https:\/\/miumjau.ee\/lt\/produktas\/beaphar-immo-shield-antiparazitiniai-lasai-sunims-vidutiniai-15-30-kg\/\" \/>\n<meta property=\"og:locale\" content=\"lt_LT\" \/>\n<meta property=\"og:type\" content=\"article\" \/>\n<meta property=\"og:title\" content=\"Beaphar IMMO SHIELD antiparazitiniai la\u0161ai \u0161unims \u2013 Vidutiniai (15\u201330 kg) - MiuMjau\" \/>\n<meta property=\"og:description\" content=\"Beaphar Immo Shield Line-on Dog Medium 3 x 3 ml. Inovatyvus sprendimas \u0161unims apsaugoti nuo blus\u0173 ir erki\u0173.     Ideali apsauga nuo parazit\u0173.    100 % saugu.    Viena pipet\u0117 veikia 4 savaites.    Tinka \u0161uniukams nuo 12 savai\u010di\u0173 am\u017eiaus.    Netrukdo riebalini\u0173 liauk\u0173 veiklai.   Kaip veikia: U\u017etepkite la\u0161us ant \u0161uns nugaros (arba stuburo). Jie tolygiai pasklinda k\u016bne ir formuoja odos dang\u0105, kuri veikia kaip lipni pl\u0117vel\u0117, \u017eudanti blusas, erkes, uodus, ut\u0117les ir kitus vabzd\u017eius. K\u016bne esantys parazitai \u017e\u016bva per 1\u20132 dienas. Veiksminga visais blus\u0173 vystymosi etapais. Gamintojas: Beaphar, Nyderlandai.\" \/>\n<meta property=\"og:url\" content=\"https:\/\/miumjau.ee\/lt\/produktas\/beaphar-immo-shield-antiparazitiniai-lasai-sunims-vidutiniai-15-30-kg\/\" \/>\n<meta property=\"og:site_name\" content=\"MiuMjau\" \/>\n<meta property=\"article:publisher\" content=\"https:\/\/www.facebook.com\/miumjaupood\/\" \/>\n<meta property=\"article:modified_time\" content=\"2026-01-07T18:43:51+00:00\" \/>\n<meta property=\"og:image\" content=\"https:\/\/miumjau.ee\/wp-content\/uploads\/2025\/07\/beaphar-kassidele-koertele20.jpg\" \/>\n\t<meta property=\"og:image:width\" content=\"600\" \/>\n\t<meta property=\"og:image:height\" content=\"800\" \/>\n\t<meta property=\"og:image:type\" content=\"image\/jpeg\" \/>\n<meta name=\"twitter:card\" content=\"summary_large_image\" \/>\n<script type=\"application\/ld+json\" class=\"yoast-schema-graph\">{\"@context\":\"https:\/\/schema.org\",\"@graph\":[{\"@type\":\"WebPage\",\"@id\":\"https:\/\/miumjau.ee\/lt\/produktas\/beaphar-immo-shield-antiparazitiniai-lasai-sunims-vidutiniai-15-30-kg\/\",\"url\":\"https:\/\/miumjau.ee\/lt\/produktas\/beaphar-immo-shield-antiparazitiniai-lasai-sunims-vidutiniai-15-30-kg\/\",\"name\":\"Beaphar IMMO SHIELD antiparazitiniai la\u0161ai \u0161unims \u2013 Vidutiniai (15\u201330 kg) - MiuMjau\",\"isPartOf\":{\"@id\":\"https:\/\/miumjau.ee\/#website\"},\"primaryImageOfPage\":{\"@id\":\"https:\/\/miumjau.ee\/lt\/produktas\/beaphar-immo-shield-antiparazitiniai-lasai-sunims-vidutiniai-15-30-kg\/#primaryimage\"},\"image\":{\"@id\":\"https:\/\/miumjau.ee\/lt\/produktas\/beaphar-immo-shield-antiparazitiniai-lasai-sunims-vidutiniai-15-30-kg\/#primaryimage\"},\"thumbnailUrl\":\"https:\/\/miumjau.ee\/wp-content\/uploads\/2025\/07\/beaphar-kassidele-koertele20.jpg\",\"datePublished\":\"2025-07-29T12:34:18+00:00\",\"dateModified\":\"2026-01-07T18:43:51+00:00\",\"breadcrumb\":{\"@id\":\"https:\/\/miumjau.ee\/lt\/produktas\/beaphar-immo-shield-antiparazitiniai-lasai-sunims-vidutiniai-15-30-kg\/#breadcrumb\"},\"inLanguage\":\"lt-LT\",\"potentialAction\":[{\"@type\":\"ReadAction\",\"target\":[\"https:\/\/miumjau.ee\/lt\/produktas\/beaphar-immo-shield-antiparazitiniai-lasai-sunims-vidutiniai-15-30-kg\/\"]}]},{\"@type\":\"ImageObject\",\"inLanguage\":\"lt-LT\",\"@id\":\"https:\/\/miumjau.ee\/lt\/produktas\/beaphar-immo-shield-antiparazitiniai-lasai-sunims-vidutiniai-15-30-kg\/#primaryimage\",\"url\":\"https:\/\/miumjau.ee\/wp-content\/uploads\/2025\/07\/beaphar-kassidele-koertele20.jpg\",\"contentUrl\":\"https:\/\/miumjau.ee\/wp-content\/uploads\/2025\/07\/beaphar-kassidele-koertele20.jpg\",\"width\":600,\"height\":800},{\"@type\":\"BreadcrumbList\",\"@id\":\"https:\/\/miumjau.ee\/lt\/produktas\/beaphar-immo-shield-antiparazitiniai-lasai-sunims-vidutiniai-15-30-kg\/#breadcrumb\",\"itemListElement\":[{\"@type\":\"ListItem\",\"position\":1,\"name\":\"Home\",\"item\":\"https:\/\/miumjau.ee\/lt\/\"},{\"@type\":\"ListItem\",\"position\":2,\"name\":\"Parduotuv\u0117\",\"item\":\"https:\/\/miumjau.ee\/lt\/parduotuve\/\"},{\"@type\":\"ListItem\",\"position\":3,\"name\":\"Beaphar IMMO SHIELD antiparazitiniai la\u0161ai \u0161unims \u2013 Vidutiniai (15\u201330 kg)\"}]},{\"@type\":\"WebSite\",\"@id\":\"https:\/\/miumjau.ee\/#website\",\"url\":\"https:\/\/miumjau.ee\/\",\"name\":\"MiuMjau\",\"description\":\"Kraapimispuud kassidele\",\"publisher\":{\"@id\":\"https:\/\/miumjau.ee\/#organization\"},\"potentialAction\":[{\"@type\":\"SearchAction\",\"target\":{\"@type\":\"EntryPoint\",\"urlTemplate\":\"https:\/\/miumjau.ee\/?s={search_term_string}\"},\"query-input\":{\"@type\":\"PropertyValueSpecification\",\"valueRequired\":true,\"valueName\":\"search_term_string\"}}],\"inLanguage\":\"lt-LT\"},{\"@type\":\"Organization\",\"@id\":\"https:\/\/miumjau.ee\/#organization\",\"name\":\"MiuMjau O\u00dc\",\"url\":\"https:\/\/miumjau.ee\/\",\"logo\":{\"@type\":\"ImageObject\",\"inLanguage\":\"lt-LT\",\"@id\":\"https:\/\/miumjau.ee\/#\/schema\/logo\/image\/\",\"url\":\"https:\/\/miumjau.ee\/wp-content\/uploads\/2022\/04\/MiuMjau-logo-kollane.png\",\"contentUrl\":\"https:\/\/miumjau.ee\/wp-content\/uploads\/2022\/04\/MiuMjau-logo-kollane.png\",\"width\":219,\"height\":100,\"caption\":\"MiuMjau O\u00dc\"},\"image\":{\"@id\":\"https:\/\/miumjau.ee\/#\/schema\/logo\/image\/\"},\"sameAs\":[\"https:\/\/www.facebook.com\/miumjaupood\/\"]}]}<\/script>\n<!-- \/ Yoast SEO plugin. -->","yoast_head_json":{"title":"Beaphar IMMO SHIELD antiparazitiniai la\u0161ai \u0161unims \u2013 Vidutiniai (15\u201330 kg) - MiuMjau","robots":{"index":"index","follow":"follow","max-snippet":"max-snippet:-1","max-image-preview":"max-image-preview:large","max-video-preview":"max-video-preview:-1"},"canonical":"https:\/\/miumjau.ee\/lt\/produktas\/beaphar-immo-shield-antiparazitiniai-lasai-sunims-vidutiniai-15-30-kg\/","og_locale":"lt_LT","og_type":"article","og_title":"Beaphar IMMO SHIELD antiparazitiniai la\u0161ai \u0161unims \u2013 Vidutiniai (15\u201330 kg) - MiuMjau","og_description":"Beaphar Immo Shield Line-on Dog Medium 3 x 3 ml. Inovatyvus sprendimas \u0161unims apsaugoti nuo blus\u0173 ir erki\u0173.     Ideali apsauga nuo parazit\u0173.    100 % saugu.    Viena pipet\u0117 veikia 4 savaites.    Tinka \u0161uniukams nuo 12 savai\u010di\u0173 am\u017eiaus.    Netrukdo riebalini\u0173 liauk\u0173 veiklai.   Kaip veikia: U\u017etepkite la\u0161us ant \u0161uns nugaros (arba stuburo). Jie tolygiai pasklinda k\u016bne ir formuoja odos dang\u0105, kuri veikia kaip lipni pl\u0117vel\u0117, \u017eudanti blusas, erkes, uodus, ut\u0117les ir kitus vabzd\u017eius. K\u016bne esantys parazitai \u017e\u016bva per 1\u20132 dienas. Veiksminga visais blus\u0173 vystymosi etapais. Gamintojas: Beaphar, Nyderlandai.","og_url":"https:\/\/miumjau.ee\/lt\/produktas\/beaphar-immo-shield-antiparazitiniai-lasai-sunims-vidutiniai-15-30-kg\/","og_site_name":"MiuMjau","article_publisher":"https:\/\/www.facebook.com\/miumjaupood\/","article_modified_time":"2026-01-07T18:43:51+00:00","og_image":[{"width":600,"height":800,"url":"https:\/\/miumjau.ee\/wp-content\/uploads\/2025\/07\/beaphar-kassidele-koertele20.jpg","type":"image\/jpeg"}],"twitter_card":"summary_large_image","schema":{"@context":"https:\/\/schema.org","@graph":[{"@type":"WebPage","@id":"https:\/\/miumjau.ee\/lt\/produktas\/beaphar-immo-shield-antiparazitiniai-lasai-sunims-vidutiniai-15-30-kg\/","url":"https:\/\/miumjau.ee\/lt\/produktas\/beaphar-immo-shield-antiparazitiniai-lasai-sunims-vidutiniai-15-30-kg\/","name":"Beaphar IMMO SHIELD antiparazitiniai la\u0161ai \u0161unims \u2013 Vidutiniai (15\u201330 kg) - MiuMjau","isPartOf":{"@id":"https:\/\/miumjau.ee\/#website"},"primaryImageOfPage":{"@id":"https:\/\/miumjau.ee\/lt\/produktas\/beaphar-immo-shield-antiparazitiniai-lasai-sunims-vidutiniai-15-30-kg\/#primaryimage"},"image":{"@id":"https:\/\/miumjau.ee\/lt\/produktas\/beaphar-immo-shield-antiparazitiniai-lasai-sunims-vidutiniai-15-30-kg\/#primaryimage"},"thumbnailUrl":"https:\/\/miumjau.ee\/wp-content\/uploads\/2025\/07\/beaphar-kassidele-koertele20.jpg","datePublished":"2025-07-29T12:34:18+00:00","dateModified":"2026-01-07T18:43:51+00:00","breadcrumb":{"@id":"https:\/\/miumjau.ee\/lt\/produktas\/beaphar-immo-shield-antiparazitiniai-lasai-sunims-vidutiniai-15-30-kg\/#breadcrumb"},"inLanguage":"lt-LT","potentialAction":[{"@type":"ReadAction","target":["https:\/\/miumjau.ee\/lt\/produktas\/beaphar-immo-shield-antiparazitiniai-lasai-sunims-vidutiniai-15-30-kg\/"]}]},{"@type":"ImageObject","inLanguage":"lt-LT","@id":"https:\/\/miumjau.ee\/lt\/produktas\/beaphar-immo-shield-antiparazitiniai-lasai-sunims-vidutiniai-15-30-kg\/#primaryimage","url":"https:\/\/miumjau.ee\/wp-content\/uploads\/2025\/07\/beaphar-kassidele-koertele20.jpg","contentUrl":"https:\/\/miumjau.ee\/wp-content\/uploads\/2025\/07\/beaphar-kassidele-koertele20.jpg","width":600,"height":800},{"@type":"BreadcrumbList","@id":"https:\/\/miumjau.ee\/lt\/produktas\/beaphar-immo-shield-antiparazitiniai-lasai-sunims-vidutiniai-15-30-kg\/#breadcrumb","itemListElement":[{"@type":"ListItem","position":1,"name":"Home","item":"https:\/\/miumjau.ee\/lt\/"},{"@type":"ListItem","position":2,"name":"Parduotuv\u0117","item":"https:\/\/miumjau.ee\/lt\/parduotuve\/"},{"@type":"ListItem","position":3,"name":"Beaphar IMMO SHIELD antiparazitiniai la\u0161ai \u0161unims \u2013 Vidutiniai (15\u201330 kg)"}]},{"@type":"WebSite","@id":"https:\/\/miumjau.ee\/#website","url":"https:\/\/miumjau.ee\/","name":"MiuMjau","description":"Kraapimispuud kassidele","publisher":{"@id":"https:\/\/miumjau.ee\/#organization"},"potentialAction":[{"@type":"SearchAction","target":{"@type":"EntryPoint","urlTemplate":"https:\/\/miumjau.ee\/?s={search_term_string}"},"query-input":{"@type":"PropertyValueSpecification","valueRequired":true,"valueName":"search_term_string"}}],"inLanguage":"lt-LT"},{"@type":"Organization","@id":"https:\/\/miumjau.ee\/#organization","name":"MiuMjau O\u00dc","url":"https:\/\/miumjau.ee\/","logo":{"@type":"ImageObject","inLanguage":"lt-LT","@id":"https:\/\/miumjau.ee\/#\/schema\/logo\/image\/","url":"https:\/\/miumjau.ee\/wp-content\/uploads\/2022\/04\/MiuMjau-logo-kollane.png","contentUrl":"https:\/\/miumjau.ee\/wp-content\/uploads\/2022\/04\/MiuMjau-logo-kollane.png","width":219,"height":100,"caption":"MiuMjau O\u00dc"},"image":{"@id":"https:\/\/miumjau.ee\/#\/schema\/logo\/image\/"},"sameAs":["https:\/\/www.facebook.com\/miumjaupood\/"]}]}},"_links":{"self":[{"href":"https:\/\/miumjau.ee\/lt\/wp-json\/wp\/v2\/product\/49151","targetHints":{"allow":["GET"]}}],"collection":[{"href":"https:\/\/miumjau.ee\/lt\/wp-json\/wp\/v2\/product"}],"about":[{"href":"https:\/\/miumjau.ee\/lt\/wp-json\/wp\/v2\/types\/product"}],"wp:featuredmedia":[{"embeddable":true,"href":"https:\/\/miumjau.ee\/lt\/wp-json\/wp\/v2\/media\/49152"}],"wp:attachment":[{"href":"https:\/\/miumjau.ee\/lt\/wp-json\/wp\/v2\/media?parent=49151"}],"wp:term":[{"taxonomy":"product_brand","embeddable":true,"href":"https:\/\/miumjau.ee\/lt\/wp-json\/wp\/v2\/product_brand?post=49151"},{"taxonomy":"product_cat","embeddable":true,"href":"https:\/\/miumjau.ee\/lt\/wp-json\/wp\/v2\/product_cat?post=49151"},{"taxonomy":"product_tag","embeddable":true,"href":"https:\/\/miumjau.ee\/lt\/wp-json\/wp\/v2\/product_tag?post=49151"}],"curies":[{"name":"wp","href":"https:\/\/api.w.org\/{rel}","templated":true}]}}