{"id":49145,"date":"2025-07-29T14:07:59","date_gmt":"2025-07-29T11:07:59","guid":{"rendered":"https:\/\/miumjau.ee\/toode\/beaphar-kepenu-skonio-dantu-pasta-sunims-ir-katems-100-g\/"},"modified":"2026-01-07T20:43:51","modified_gmt":"2026-01-07T18:43:51","slug":"beaphar-kepenu-skonio-dantu-pasta-sunims-ir-katems-100-g","status":"publish","type":"product","link":"https:\/\/miumjau.ee\/lt\/produktas\/beaphar-kepenu-skonio-dantu-pasta-sunims-ir-katems-100-g\/","title":{"rendered":"Beaphar kepen\u0173 skonio dant\u0173 pasta \u0161unims ir kat\u0117ms 100 g"},"content":{"rendered":"","protected":false},"excerpt":{"rendered":"<p data-start=\"5068\" data-end=\"5280\">Beaphar dant\u0173 pasta yra kepen\u0173 skonio ir u\u017etikrina j\u016bs\u0173 augintini\u0173 kasdien\u0119 burnos prie\u017ei\u016br\u0105. Ji \u0161alina dant\u0173 apna\u0161as, naikindama jas sukelian\u010dias bakterijas, apsaugo nuo akmen\u0173 susidarymo ir gaivina kv\u0117pavim\u0105.<\/p>\n<p data-start=\"5282\" data-end=\"5624\"><strong data-start=\"5282\" data-end=\"5294\">Sud\u0117tis:<\/strong> Valytas vanduo, propilenglikolis, glicerinas, sorbitolis, silicio dioksidas, natrio tripolifosfatas, hidroksietilceliulioz\u0117, kiau\u0161ini\u0173 milteliai, cinko citrato trihidratas, titano dioksidas, natrio karboksimetilceliulioz\u0117, kalio sorbatas, natrio benzoatas, fermentai (proteaz\u0117, gliukoz\u0117s oksidaz\u0117), kiaulienos kepen\u0173 milteliai.<\/p>\n<p data-start=\"5626\" data-end=\"5643\"><strong data-start=\"5626\" data-end=\"5641\">Naudojimas:<\/strong><\/p>\n<ol data-start=\"5644\" data-end=\"6350\">\n<li data-start=\"5644\" data-end=\"5711\">\n<p data-start=\"5647\" data-end=\"5711\">\u0160velniai pakelkite augintinio l\u016bpas, kad atidengtum\u0117te dantis.<\/p>\n<\/li>\n<li data-start=\"5712\" data-end=\"5749\">\n<p data-start=\"5715\" data-end=\"5749\">Skatinkite ir girkite augintin\u012f.<\/p>\n<\/li>\n<li data-start=\"5750\" data-end=\"5861\">\n<p data-start=\"5753\" data-end=\"5861\">Kai augintinis pripranta prie i\u0161orinio burnos prisilietimo, judinkite pir\u0161t\u0105 palei dantis pirmyn ir atgal.<\/p>\n<\/li>\n<li data-start=\"5862\" data-end=\"5984\">\n<p data-start=\"5865\" data-end=\"5984\">Kai augintinis pripranta prie burnos vidinio prisilietimo, pakartokite t\u0105 pat\u012f proced\u016br\u0105 su dant\u0173 \u0161epet\u0117liu ir pasta.<\/p>\n<\/li>\n<li data-start=\"5985\" data-end=\"6113\">\n<p data-start=\"5988\" data-end=\"6113\">Prad\u0117kite nuo ma\u017eo pastos kiekio ant pir\u0161to ir leiskite augintiniui lai\u017eyti (kep\u0117n\u0173 skonis patinka daugumai ka\u010di\u0173 ir \u0161un\u0173).<\/p>\n<\/li>\n<li data-start=\"6114\" data-end=\"6222\">\n<p data-start=\"6117\" data-end=\"6222\">Kai augintinis pripranta prie pastos, supa\u017eindinkite su dant\u0173 \u0161epet\u0117liu, leiskite lai\u017eyti past\u0105 nuo jo.<\/p>\n<\/li>\n<li data-start=\"6223\" data-end=\"6350\">\n<p data-start=\"6226\" data-end=\"6350\">Kai augintinis priima abu, prad\u0117kite valyti kelis dantis ir palaipsniui didinkite plot\u0105, kol galima i\u0161valyti visus dantis.<\/p>\n<\/li>\n<\/ol>\n<p data-start=\"6352\" data-end=\"6576\"><strong data-start=\"6352\" data-end=\"6366\">\u012esp\u0117jimai:<\/strong> Tik gyv\u016bnams. Laikyti vaikams nepasiekiamoje vietoje. Neleiskite augintiniui kramtyti dant\u0173 \u0161epet\u0117lio. Nenaudokite \u017emoni\u0173 dant\u0173 pastos, nes ji turi putojan\u010di\u0173 med\u017eiag\u0173, kurios gali sudirginti gyv\u016bn\u0173 skrand\u012f.<\/p>\n<p data-start=\"6578\" data-end=\"6660\">Po dant\u0173 valymo u\u017etikrinkite augintiniui prieig\u0105 prie \u0161vie\u017eio geriamojo vandens.<\/p>\n","protected":false},"featured_media":49146,"template":"","meta":[],"product_brand":[],"product_cat":[523,542],"product_tag":[],"class_list":{"0":"post-49145","1":"product","2":"type-product","3":"status-publish","4":"has-post-thumbnail","6":"product_cat-kita","7":"product_cat-prieziuros-priemones-sunims","9":"first","10":"instock","11":"taxable","12":"shipping-taxable","13":"purchasable","14":"product-type-simple"},"yoast_head":"<!-- This site is optimized with the Yoast SEO plugin v27.2 - https:\/\/yoast.com\/product\/yoast-seo-wordpress\/ -->\n<title>Beaphar kepen\u0173 skonio dant\u0173 pasta \u0161unims ir kat\u0117ms 100 g - MiuMjau<\/title>\n<meta name=\"robots\" content=\"index, follow, max-snippet:-1, max-image-preview:large, max-video-preview:-1\" \/>\n<link rel=\"canonical\" href=\"https:\/\/miumjau.ee\/lt\/produktas\/beaphar-kepenu-skonio-dantu-pasta-sunims-ir-katems-100-g\/\" \/>\n<meta property=\"og:locale\" content=\"lt_LT\" \/>\n<meta property=\"og:type\" content=\"article\" \/>\n<meta property=\"og:title\" content=\"Beaphar kepen\u0173 skonio dant\u0173 pasta \u0161unims ir kat\u0117ms 100 g - MiuMjau\" \/>\n<meta property=\"og:description\" content=\"Beaphar dant\u0173 pasta yra kepen\u0173 skonio ir u\u017etikrina j\u016bs\u0173 augintini\u0173 kasdien\u0119 burnos prie\u017ei\u016br\u0105. Ji \u0161alina dant\u0173 apna\u0161as, naikindama jas sukelian\u010dias bakterijas, apsaugo nuo akmen\u0173 susidarymo ir gaivina kv\u0117pavim\u0105. Sud\u0117tis: Valytas vanduo, propilenglikolis, glicerinas, sorbitolis, silicio dioksidas, natrio tripolifosfatas, hidroksietilceliulioz\u0117, kiau\u0161ini\u0173 milteliai, cinko citrato trihidratas, titano dioksidas, natrio karboksimetilceliulioz\u0117, kalio sorbatas, natrio benzoatas, fermentai (proteaz\u0117, gliukoz\u0117s oksidaz\u0117), kiaulienos kepen\u0173 milteliai. Naudojimas:     \u0160velniai pakelkite augintinio l\u016bpas, kad atidengtum\u0117te dantis.    Skatinkite ir girkite augintin\u012f.    Kai augintinis pripranta prie i\u0161orinio burnos prisilietimo, judinkite pir\u0161t\u0105 palei dantis pirmyn ir atgal.    Kai augintinis pripranta prie burnos vidinio prisilietimo, pakartokite t\u0105 pat\u012f proced\u016br\u0105 su dant\u0173 \u0161epet\u0117liu ir pasta.    Prad\u0117kite nuo ma\u017eo pastos kiekio ant pir\u0161to ir leiskite augintiniui lai\u017eyti (kep\u0117n\u0173 skonis patinka daugumai ka\u010di\u0173 ir \u0161un\u0173).    Kai augintinis pripranta prie pastos, supa\u017eindinkite su dant\u0173 \u0161epet\u0117liu, leiskite lai\u017eyti past\u0105 nuo jo.    Kai augintinis priima abu, prad\u0117kite valyti kelis dantis ir palaipsniui didinkite plot\u0105, kol galima i\u0161valyti visus dantis.   \u012esp\u0117jimai: Tik gyv\u016bnams. Laikyti vaikams nepasiekiamoje vietoje. Neleiskite augintiniui kramtyti dant\u0173 \u0161epet\u0117lio. Nenaudokite \u017emoni\u0173 dant\u0173 pastos, nes ji turi putojan\u010di\u0173 med\u017eiag\u0173, kurios gali sudirginti gyv\u016bn\u0173 skrand\u012f. Po dant\u0173 valymo u\u017etikrinkite augintiniui prieig\u0105 prie \u0161vie\u017eio geriamojo vandens.\" \/>\n<meta property=\"og:url\" content=\"https:\/\/miumjau.ee\/lt\/produktas\/beaphar-kepenu-skonio-dantu-pasta-sunims-ir-katems-100-g\/\" \/>\n<meta property=\"og:site_name\" content=\"MiuMjau\" \/>\n<meta property=\"article:publisher\" content=\"https:\/\/www.facebook.com\/miumjaupood\/\" \/>\n<meta property=\"article:modified_time\" content=\"2026-01-07T18:43:51+00:00\" \/>\n<meta property=\"og:image\" content=\"https:\/\/miumjau.ee\/wp-content\/uploads\/2025\/07\/beaphar-kassidele-koertele35.jpg\" \/>\n\t<meta property=\"og:image:width\" content=\"600\" \/>\n\t<meta property=\"og:image:height\" content=\"800\" \/>\n\t<meta property=\"og:image:type\" content=\"image\/jpeg\" \/>\n<meta name=\"twitter:card\" content=\"summary_large_image\" \/>\n<script type=\"application\/ld+json\" class=\"yoast-schema-graph\">{\"@context\":\"https:\/\/schema.org\",\"@graph\":[{\"@type\":\"WebPage\",\"@id\":\"https:\/\/miumjau.ee\/lt\/produktas\/beaphar-kepenu-skonio-dantu-pasta-sunims-ir-katems-100-g\/\",\"url\":\"https:\/\/miumjau.ee\/lt\/produktas\/beaphar-kepenu-skonio-dantu-pasta-sunims-ir-katems-100-g\/\",\"name\":\"Beaphar kepen\u0173 skonio dant\u0173 pasta \u0161unims ir kat\u0117ms 100 g - MiuMjau\",\"isPartOf\":{\"@id\":\"https:\/\/miumjau.ee\/#website\"},\"primaryImageOfPage\":{\"@id\":\"https:\/\/miumjau.ee\/lt\/produktas\/beaphar-kepenu-skonio-dantu-pasta-sunims-ir-katems-100-g\/#primaryimage\"},\"image\":{\"@id\":\"https:\/\/miumjau.ee\/lt\/produktas\/beaphar-kepenu-skonio-dantu-pasta-sunims-ir-katems-100-g\/#primaryimage\"},\"thumbnailUrl\":\"https:\/\/miumjau.ee\/wp-content\/uploads\/2025\/07\/beaphar-kassidele-koertele35.jpg\",\"datePublished\":\"2025-07-29T11:07:59+00:00\",\"dateModified\":\"2026-01-07T18:43:51+00:00\",\"breadcrumb\":{\"@id\":\"https:\/\/miumjau.ee\/lt\/produktas\/beaphar-kepenu-skonio-dantu-pasta-sunims-ir-katems-100-g\/#breadcrumb\"},\"inLanguage\":\"lt-LT\",\"potentialAction\":[{\"@type\":\"ReadAction\",\"target\":[\"https:\/\/miumjau.ee\/lt\/produktas\/beaphar-kepenu-skonio-dantu-pasta-sunims-ir-katems-100-g\/\"]}]},{\"@type\":\"ImageObject\",\"inLanguage\":\"lt-LT\",\"@id\":\"https:\/\/miumjau.ee\/lt\/produktas\/beaphar-kepenu-skonio-dantu-pasta-sunims-ir-katems-100-g\/#primaryimage\",\"url\":\"https:\/\/miumjau.ee\/wp-content\/uploads\/2025\/07\/beaphar-kassidele-koertele35.jpg\",\"contentUrl\":\"https:\/\/miumjau.ee\/wp-content\/uploads\/2025\/07\/beaphar-kassidele-koertele35.jpg\",\"width\":600,\"height\":800},{\"@type\":\"BreadcrumbList\",\"@id\":\"https:\/\/miumjau.ee\/lt\/produktas\/beaphar-kepenu-skonio-dantu-pasta-sunims-ir-katems-100-g\/#breadcrumb\",\"itemListElement\":[{\"@type\":\"ListItem\",\"position\":1,\"name\":\"Home\",\"item\":\"https:\/\/miumjau.ee\/lt\/\"},{\"@type\":\"ListItem\",\"position\":2,\"name\":\"Parduotuv\u0117\",\"item\":\"https:\/\/miumjau.ee\/lt\/parduotuve\/\"},{\"@type\":\"ListItem\",\"position\":3,\"name\":\"Beaphar kepen\u0173 skonio dant\u0173 pasta \u0161unims ir kat\u0117ms 100 g\"}]},{\"@type\":\"WebSite\",\"@id\":\"https:\/\/miumjau.ee\/#website\",\"url\":\"https:\/\/miumjau.ee\/\",\"name\":\"MiuMjau\",\"description\":\"Kraapimispuud kassidele\",\"publisher\":{\"@id\":\"https:\/\/miumjau.ee\/#organization\"},\"potentialAction\":[{\"@type\":\"SearchAction\",\"target\":{\"@type\":\"EntryPoint\",\"urlTemplate\":\"https:\/\/miumjau.ee\/?s={search_term_string}\"},\"query-input\":{\"@type\":\"PropertyValueSpecification\",\"valueRequired\":true,\"valueName\":\"search_term_string\"}}],\"inLanguage\":\"lt-LT\"},{\"@type\":\"Organization\",\"@id\":\"https:\/\/miumjau.ee\/#organization\",\"name\":\"MiuMjau O\u00dc\",\"url\":\"https:\/\/miumjau.ee\/\",\"logo\":{\"@type\":\"ImageObject\",\"inLanguage\":\"lt-LT\",\"@id\":\"https:\/\/miumjau.ee\/#\/schema\/logo\/image\/\",\"url\":\"https:\/\/miumjau.ee\/wp-content\/uploads\/2022\/04\/MiuMjau-logo-kollane.png\",\"contentUrl\":\"https:\/\/miumjau.ee\/wp-content\/uploads\/2022\/04\/MiuMjau-logo-kollane.png\",\"width\":219,\"height\":100,\"caption\":\"MiuMjau O\u00dc\"},\"image\":{\"@id\":\"https:\/\/miumjau.ee\/#\/schema\/logo\/image\/\"},\"sameAs\":[\"https:\/\/www.facebook.com\/miumjaupood\/\"]}]}<\/script>\n<!-- \/ Yoast SEO plugin. -->","yoast_head_json":{"title":"Beaphar kepen\u0173 skonio dant\u0173 pasta \u0161unims ir kat\u0117ms 100 g - MiuMjau","robots":{"index":"index","follow":"follow","max-snippet":"max-snippet:-1","max-image-preview":"max-image-preview:large","max-video-preview":"max-video-preview:-1"},"canonical":"https:\/\/miumjau.ee\/lt\/produktas\/beaphar-kepenu-skonio-dantu-pasta-sunims-ir-katems-100-g\/","og_locale":"lt_LT","og_type":"article","og_title":"Beaphar kepen\u0173 skonio dant\u0173 pasta \u0161unims ir kat\u0117ms 100 g - MiuMjau","og_description":"Beaphar dant\u0173 pasta yra kepen\u0173 skonio ir u\u017etikrina j\u016bs\u0173 augintini\u0173 kasdien\u0119 burnos prie\u017ei\u016br\u0105. Ji \u0161alina dant\u0173 apna\u0161as, naikindama jas sukelian\u010dias bakterijas, apsaugo nuo akmen\u0173 susidarymo ir gaivina kv\u0117pavim\u0105. Sud\u0117tis: Valytas vanduo, propilenglikolis, glicerinas, sorbitolis, silicio dioksidas, natrio tripolifosfatas, hidroksietilceliulioz\u0117, kiau\u0161ini\u0173 milteliai, cinko citrato trihidratas, titano dioksidas, natrio karboksimetilceliulioz\u0117, kalio sorbatas, natrio benzoatas, fermentai (proteaz\u0117, gliukoz\u0117s oksidaz\u0117), kiaulienos kepen\u0173 milteliai. Naudojimas:     \u0160velniai pakelkite augintinio l\u016bpas, kad atidengtum\u0117te dantis.    Skatinkite ir girkite augintin\u012f.    Kai augintinis pripranta prie i\u0161orinio burnos prisilietimo, judinkite pir\u0161t\u0105 palei dantis pirmyn ir atgal.    Kai augintinis pripranta prie burnos vidinio prisilietimo, pakartokite t\u0105 pat\u012f proced\u016br\u0105 su dant\u0173 \u0161epet\u0117liu ir pasta.    Prad\u0117kite nuo ma\u017eo pastos kiekio ant pir\u0161to ir leiskite augintiniui lai\u017eyti (kep\u0117n\u0173 skonis patinka daugumai ka\u010di\u0173 ir \u0161un\u0173).    Kai augintinis pripranta prie pastos, supa\u017eindinkite su dant\u0173 \u0161epet\u0117liu, leiskite lai\u017eyti past\u0105 nuo jo.    Kai augintinis priima abu, prad\u0117kite valyti kelis dantis ir palaipsniui didinkite plot\u0105, kol galima i\u0161valyti visus dantis.   \u012esp\u0117jimai: Tik gyv\u016bnams. Laikyti vaikams nepasiekiamoje vietoje. Neleiskite augintiniui kramtyti dant\u0173 \u0161epet\u0117lio. Nenaudokite \u017emoni\u0173 dant\u0173 pastos, nes ji turi putojan\u010di\u0173 med\u017eiag\u0173, kurios gali sudirginti gyv\u016bn\u0173 skrand\u012f. Po dant\u0173 valymo u\u017etikrinkite augintiniui prieig\u0105 prie \u0161vie\u017eio geriamojo vandens.","og_url":"https:\/\/miumjau.ee\/lt\/produktas\/beaphar-kepenu-skonio-dantu-pasta-sunims-ir-katems-100-g\/","og_site_name":"MiuMjau","article_publisher":"https:\/\/www.facebook.com\/miumjaupood\/","article_modified_time":"2026-01-07T18:43:51+00:00","og_image":[{"width":600,"height":800,"url":"https:\/\/miumjau.ee\/wp-content\/uploads\/2025\/07\/beaphar-kassidele-koertele35.jpg","type":"image\/jpeg"}],"twitter_card":"summary_large_image","schema":{"@context":"https:\/\/schema.org","@graph":[{"@type":"WebPage","@id":"https:\/\/miumjau.ee\/lt\/produktas\/beaphar-kepenu-skonio-dantu-pasta-sunims-ir-katems-100-g\/","url":"https:\/\/miumjau.ee\/lt\/produktas\/beaphar-kepenu-skonio-dantu-pasta-sunims-ir-katems-100-g\/","name":"Beaphar kepen\u0173 skonio dant\u0173 pasta \u0161unims ir kat\u0117ms 100 g - MiuMjau","isPartOf":{"@id":"https:\/\/miumjau.ee\/#website"},"primaryImageOfPage":{"@id":"https:\/\/miumjau.ee\/lt\/produktas\/beaphar-kepenu-skonio-dantu-pasta-sunims-ir-katems-100-g\/#primaryimage"},"image":{"@id":"https:\/\/miumjau.ee\/lt\/produktas\/beaphar-kepenu-skonio-dantu-pasta-sunims-ir-katems-100-g\/#primaryimage"},"thumbnailUrl":"https:\/\/miumjau.ee\/wp-content\/uploads\/2025\/07\/beaphar-kassidele-koertele35.jpg","datePublished":"2025-07-29T11:07:59+00:00","dateModified":"2026-01-07T18:43:51+00:00","breadcrumb":{"@id":"https:\/\/miumjau.ee\/lt\/produktas\/beaphar-kepenu-skonio-dantu-pasta-sunims-ir-katems-100-g\/#breadcrumb"},"inLanguage":"lt-LT","potentialAction":[{"@type":"ReadAction","target":["https:\/\/miumjau.ee\/lt\/produktas\/beaphar-kepenu-skonio-dantu-pasta-sunims-ir-katems-100-g\/"]}]},{"@type":"ImageObject","inLanguage":"lt-LT","@id":"https:\/\/miumjau.ee\/lt\/produktas\/beaphar-kepenu-skonio-dantu-pasta-sunims-ir-katems-100-g\/#primaryimage","url":"https:\/\/miumjau.ee\/wp-content\/uploads\/2025\/07\/beaphar-kassidele-koertele35.jpg","contentUrl":"https:\/\/miumjau.ee\/wp-content\/uploads\/2025\/07\/beaphar-kassidele-koertele35.jpg","width":600,"height":800},{"@type":"BreadcrumbList","@id":"https:\/\/miumjau.ee\/lt\/produktas\/beaphar-kepenu-skonio-dantu-pasta-sunims-ir-katems-100-g\/#breadcrumb","itemListElement":[{"@type":"ListItem","position":1,"name":"Home","item":"https:\/\/miumjau.ee\/lt\/"},{"@type":"ListItem","position":2,"name":"Parduotuv\u0117","item":"https:\/\/miumjau.ee\/lt\/parduotuve\/"},{"@type":"ListItem","position":3,"name":"Beaphar kepen\u0173 skonio dant\u0173 pasta \u0161unims ir kat\u0117ms 100 g"}]},{"@type":"WebSite","@id":"https:\/\/miumjau.ee\/#website","url":"https:\/\/miumjau.ee\/","name":"MiuMjau","description":"Kraapimispuud kassidele","publisher":{"@id":"https:\/\/miumjau.ee\/#organization"},"potentialAction":[{"@type":"SearchAction","target":{"@type":"EntryPoint","urlTemplate":"https:\/\/miumjau.ee\/?s={search_term_string}"},"query-input":{"@type":"PropertyValueSpecification","valueRequired":true,"valueName":"search_term_string"}}],"inLanguage":"lt-LT"},{"@type":"Organization","@id":"https:\/\/miumjau.ee\/#organization","name":"MiuMjau O\u00dc","url":"https:\/\/miumjau.ee\/","logo":{"@type":"ImageObject","inLanguage":"lt-LT","@id":"https:\/\/miumjau.ee\/#\/schema\/logo\/image\/","url":"https:\/\/miumjau.ee\/wp-content\/uploads\/2022\/04\/MiuMjau-logo-kollane.png","contentUrl":"https:\/\/miumjau.ee\/wp-content\/uploads\/2022\/04\/MiuMjau-logo-kollane.png","width":219,"height":100,"caption":"MiuMjau O\u00dc"},"image":{"@id":"https:\/\/miumjau.ee\/#\/schema\/logo\/image\/"},"sameAs":["https:\/\/www.facebook.com\/miumjaupood\/"]}]}},"_links":{"self":[{"href":"https:\/\/miumjau.ee\/lt\/wp-json\/wp\/v2\/product\/49145","targetHints":{"allow":["GET"]}}],"collection":[{"href":"https:\/\/miumjau.ee\/lt\/wp-json\/wp\/v2\/product"}],"about":[{"href":"https:\/\/miumjau.ee\/lt\/wp-json\/wp\/v2\/types\/product"}],"wp:featuredmedia":[{"embeddable":true,"href":"https:\/\/miumjau.ee\/lt\/wp-json\/wp\/v2\/media\/49146"}],"wp:attachment":[{"href":"https:\/\/miumjau.ee\/lt\/wp-json\/wp\/v2\/media?parent=49145"}],"wp:term":[{"taxonomy":"product_brand","embeddable":true,"href":"https:\/\/miumjau.ee\/lt\/wp-json\/wp\/v2\/product_brand?post=49145"},{"taxonomy":"product_cat","embeddable":true,"href":"https:\/\/miumjau.ee\/lt\/wp-json\/wp\/v2\/product_cat?post=49145"},{"taxonomy":"product_tag","embeddable":true,"href":"https:\/\/miumjau.ee\/lt\/wp-json\/wp\/v2\/product_tag?post=49145"}],"curies":[{"name":"wp","href":"https:\/\/api.w.org\/{rel}","templated":true}]}}