{"id":49139,"date":"2025-07-29T15:52:42","date_gmt":"2025-07-29T12:52:42","guid":{"rendered":"https:\/\/miumjau.ee\/toode\/beaphar-veto-pure-bio-antiparazitiniai-lasai\/"},"modified":"2026-01-07T20:43:51","modified_gmt":"2026-01-07T18:43:51","slug":"beaphar-veto-pure-bio-antiparazitiniai-lasai","status":"publish","type":"product","link":"https:\/\/miumjau.ee\/lt\/produktas\/beaphar-veto-pure-bio-antiparazitiniai-lasai\/","title":{"rendered":"Beaphar Veto Pure Bio antiparazitiniai la\u0161ai (<15 kg)"},"content":{"rendered":"","protected":false},"excerpt":{"rendered":"<p data-start=\"2798\" data-end=\"2974\"><strong data-start=\"2798\" data-end=\"2813\">Naudojimas:<\/strong> 1 pipet\u0117 (1,0 ml) kas 4 savaites. Sulau\u017eyti pipet\u0117s gal\u0105 ir i\u0161pilti turin\u012f ant gyv\u016bno odos kaklo srityje, u\u017e aus\u0173. Pilnas poveikis pasirei\u0161kia po keli\u0173 dien\u0173.<\/p>\n<p data-start=\"2976\" data-end=\"3526\"><strong data-start=\"2976\" data-end=\"3000\">Atsargumo priemon\u0117s:<\/strong> Nenaudoti sergantiems ar sveikstan\u010diam gyv\u016bnams arba gyv\u016bnams, kuri\u0173 oda pa\u017eeista dideliais plotais. Venkite kontakto su akimis ir nosimi. Patekus \u012f akis, nedelsiant praplauti dideliu kiekiu vandens. Jei dirginimas t\u0119siasi, kreiptis \u012f veterinar\u0105. Nenaudoti \u0161uniukams iki 12 savai\u010di\u0173. Po naudojimo reguliariai tikrinkite viet\u0105, nes jautriems gyv\u016bnams gali atsirasti vietinis dirginimas. Tokiu atveju nuplauti viet\u0105 \u0161velniu \u0161amp\u016bnu. Po naudojimo plauti rankas. Tik i\u0161oriniam naudojimui. Nenaudoti viduje. Laikyti \u017eemiau 25\u00b0C.<\/p>\n","protected":false},"featured_media":49140,"template":"","meta":[],"product_brand":[],"product_cat":[542],"product_tag":[],"class_list":{"0":"post-49139","1":"product","2":"type-product","3":"status-publish","4":"has-post-thumbnail","6":"product_cat-prieziuros-priemones-sunims","8":"first","9":"instock","10":"taxable","11":"shipping-taxable","12":"purchasable","13":"product-type-simple"},"yoast_head":"<!-- This site is optimized with the Yoast SEO plugin v27.2 - https:\/\/yoast.com\/product\/yoast-seo-wordpress\/ -->\n<title>Beaphar Veto Pure Bio antiparazitiniai la\u0161ai (<\/title>\n<meta name=\"robots\" content=\"index, follow, max-snippet:-1, max-image-preview:large, max-video-preview:-1\" \/>\n<link rel=\"canonical\" href=\"https:\/\/miumjau.ee\/lt\/produktas\/beaphar-veto-pure-bio-antiparazitiniai-lasai\/\" \/>\n<meta property=\"og:locale\" content=\"lt_LT\" \/>\n<meta property=\"og:type\" content=\"article\" \/>\n<meta property=\"og:title\" content=\"Beaphar Veto Pure Bio antiparazitiniai la\u0161ai (\" \/>\n<meta property=\"og:description\" content=\"Naudojimas: 1 pipet\u0117 (1,0 ml) kas 4 savaites. Sulau\u017eyti pipet\u0117s gal\u0105 ir i\u0161pilti turin\u012f ant gyv\u016bno odos kaklo srityje, u\u017e aus\u0173. Pilnas poveikis pasirei\u0161kia po keli\u0173 dien\u0173. Atsargumo priemon\u0117s: Nenaudoti sergantiems ar sveikstan\u010diam gyv\u016bnams arba gyv\u016bnams, kuri\u0173 oda pa\u017eeista dideliais plotais. Venkite kontakto su akimis ir nosimi. Patekus \u012f akis, nedelsiant praplauti dideliu kiekiu vandens. Jei dirginimas t\u0119siasi, kreiptis \u012f veterinar\u0105. Nenaudoti \u0161uniukams iki 12 savai\u010di\u0173. Po naudojimo reguliariai tikrinkite viet\u0105, nes jautriems gyv\u016bnams gali atsirasti vietinis dirginimas. Tokiu atveju nuplauti viet\u0105 \u0161velniu \u0161amp\u016bnu. Po naudojimo plauti rankas. Tik i\u0161oriniam naudojimui. Nenaudoti viduje. Laikyti \u017eemiau 25\u00b0C.\" \/>\n<meta property=\"og:url\" content=\"https:\/\/miumjau.ee\/lt\/produktas\/beaphar-veto-pure-bio-antiparazitiniai-lasai\/\" \/>\n<meta property=\"og:site_name\" content=\"MiuMjau\" \/>\n<meta property=\"article:publisher\" content=\"https:\/\/www.facebook.com\/miumjaupood\/\" \/>\n<meta property=\"article:modified_time\" content=\"2026-01-07T18:43:51+00:00\" \/>\n<meta property=\"og:image\" content=\"https:\/\/miumjau.ee\/wp-content\/uploads\/2025\/07\/beaphar-kassidele-koertele34.jpg\" \/>\n\t<meta property=\"og:image:width\" content=\"600\" \/>\n\t<meta property=\"og:image:height\" content=\"800\" \/>\n\t<meta property=\"og:image:type\" content=\"image\/jpeg\" \/>\n<meta name=\"twitter:card\" content=\"summary_large_image\" \/>\n<script type=\"application\/ld+json\" class=\"yoast-schema-graph\">{\"@context\":\"https:\/\/schema.org\",\"@graph\":[{\"@type\":\"WebPage\",\"@id\":\"https:\/\/miumjau.ee\/lt\/produktas\/beaphar-veto-pure-bio-antiparazitiniai-lasai\/\",\"url\":\"https:\/\/miumjau.ee\/lt\/produktas\/beaphar-veto-pure-bio-antiparazitiniai-lasai\/\",\"name\":\"Beaphar Veto Pure Bio antiparazitiniai la\u0161ai (\",\"isPartOf\":{\"@id\":\"https:\/\/miumjau.ee\/#website\"},\"primaryImageOfPage\":{\"@id\":\"https:\/\/miumjau.ee\/lt\/produktas\/beaphar-veto-pure-bio-antiparazitiniai-lasai\/#primaryimage\"},\"image\":{\"@id\":\"https:\/\/miumjau.ee\/lt\/produktas\/beaphar-veto-pure-bio-antiparazitiniai-lasai\/#primaryimage\"},\"thumbnailUrl\":\"https:\/\/miumjau.ee\/wp-content\/uploads\/2025\/07\/beaphar-kassidele-koertele34.jpg\",\"datePublished\":\"2025-07-29T12:52:42+00:00\",\"dateModified\":\"2026-01-07T18:43:51+00:00\",\"breadcrumb\":{\"@id\":\"https:\/\/miumjau.ee\/lt\/produktas\/beaphar-veto-pure-bio-antiparazitiniai-lasai\/#breadcrumb\"},\"inLanguage\":\"lt-LT\",\"potentialAction\":[{\"@type\":\"ReadAction\",\"target\":[\"https:\/\/miumjau.ee\/lt\/produktas\/beaphar-veto-pure-bio-antiparazitiniai-lasai\/\"]}]},{\"@type\":\"ImageObject\",\"inLanguage\":\"lt-LT\",\"@id\":\"https:\/\/miumjau.ee\/lt\/produktas\/beaphar-veto-pure-bio-antiparazitiniai-lasai\/#primaryimage\",\"url\":\"https:\/\/miumjau.ee\/wp-content\/uploads\/2025\/07\/beaphar-kassidele-koertele34.jpg\",\"contentUrl\":\"https:\/\/miumjau.ee\/wp-content\/uploads\/2025\/07\/beaphar-kassidele-koertele34.jpg\",\"width\":600,\"height\":800},{\"@type\":\"BreadcrumbList\",\"@id\":\"https:\/\/miumjau.ee\/lt\/produktas\/beaphar-veto-pure-bio-antiparazitiniai-lasai\/#breadcrumb\",\"itemListElement\":[{\"@type\":\"ListItem\",\"position\":1,\"name\":\"Home\",\"item\":\"https:\/\/miumjau.ee\/lt\/\"},{\"@type\":\"ListItem\",\"position\":2,\"name\":\"Parduotuv\u0117\",\"item\":\"https:\/\/miumjau.ee\/lt\/parduotuve\/\"},{\"@type\":\"ListItem\",\"position\":3,\"name\":\"Beaphar Veto Pure Bio antiparazitiniai la\u0161ai (\"}]},{\"@type\":\"WebSite\",\"@id\":\"https:\/\/miumjau.ee\/#website\",\"url\":\"https:\/\/miumjau.ee\/\",\"name\":\"MiuMjau\",\"description\":\"Kraapimispuud kassidele\",\"publisher\":{\"@id\":\"https:\/\/miumjau.ee\/#organization\"},\"potentialAction\":[{\"@type\":\"SearchAction\",\"target\":{\"@type\":\"EntryPoint\",\"urlTemplate\":\"https:\/\/miumjau.ee\/?s={search_term_string}\"},\"query-input\":{\"@type\":\"PropertyValueSpecification\",\"valueRequired\":true,\"valueName\":\"search_term_string\"}}],\"inLanguage\":\"lt-LT\"},{\"@type\":\"Organization\",\"@id\":\"https:\/\/miumjau.ee\/#organization\",\"name\":\"MiuMjau O\u00dc\",\"url\":\"https:\/\/miumjau.ee\/\",\"logo\":{\"@type\":\"ImageObject\",\"inLanguage\":\"lt-LT\",\"@id\":\"https:\/\/miumjau.ee\/#\/schema\/logo\/image\/\",\"url\":\"https:\/\/miumjau.ee\/wp-content\/uploads\/2022\/04\/MiuMjau-logo-kollane.png\",\"contentUrl\":\"https:\/\/miumjau.ee\/wp-content\/uploads\/2022\/04\/MiuMjau-logo-kollane.png\",\"width\":219,\"height\":100,\"caption\":\"MiuMjau O\u00dc\"},\"image\":{\"@id\":\"https:\/\/miumjau.ee\/#\/schema\/logo\/image\/\"},\"sameAs\":[\"https:\/\/www.facebook.com\/miumjaupood\/\"]}]}<\/script>\n<!-- \/ Yoast SEO plugin. -->","yoast_head_json":{"title":"Beaphar Veto Pure Bio antiparazitiniai la\u0161ai (","robots":{"index":"index","follow":"follow","max-snippet":"max-snippet:-1","max-image-preview":"max-image-preview:large","max-video-preview":"max-video-preview:-1"},"canonical":"https:\/\/miumjau.ee\/lt\/produktas\/beaphar-veto-pure-bio-antiparazitiniai-lasai\/","og_locale":"lt_LT","og_type":"article","og_title":"Beaphar Veto Pure Bio antiparazitiniai la\u0161ai (","og_description":"Naudojimas: 1 pipet\u0117 (1,0 ml) kas 4 savaites. Sulau\u017eyti pipet\u0117s gal\u0105 ir i\u0161pilti turin\u012f ant gyv\u016bno odos kaklo srityje, u\u017e aus\u0173. Pilnas poveikis pasirei\u0161kia po keli\u0173 dien\u0173. Atsargumo priemon\u0117s: Nenaudoti sergantiems ar sveikstan\u010diam gyv\u016bnams arba gyv\u016bnams, kuri\u0173 oda pa\u017eeista dideliais plotais. Venkite kontakto su akimis ir nosimi. Patekus \u012f akis, nedelsiant praplauti dideliu kiekiu vandens. Jei dirginimas t\u0119siasi, kreiptis \u012f veterinar\u0105. Nenaudoti \u0161uniukams iki 12 savai\u010di\u0173. Po naudojimo reguliariai tikrinkite viet\u0105, nes jautriems gyv\u016bnams gali atsirasti vietinis dirginimas. Tokiu atveju nuplauti viet\u0105 \u0161velniu \u0161amp\u016bnu. Po naudojimo plauti rankas. Tik i\u0161oriniam naudojimui. Nenaudoti viduje. Laikyti \u017eemiau 25\u00b0C.","og_url":"https:\/\/miumjau.ee\/lt\/produktas\/beaphar-veto-pure-bio-antiparazitiniai-lasai\/","og_site_name":"MiuMjau","article_publisher":"https:\/\/www.facebook.com\/miumjaupood\/","article_modified_time":"2026-01-07T18:43:51+00:00","og_image":[{"width":600,"height":800,"url":"https:\/\/miumjau.ee\/wp-content\/uploads\/2025\/07\/beaphar-kassidele-koertele34.jpg","type":"image\/jpeg"}],"twitter_card":"summary_large_image","schema":{"@context":"https:\/\/schema.org","@graph":[{"@type":"WebPage","@id":"https:\/\/miumjau.ee\/lt\/produktas\/beaphar-veto-pure-bio-antiparazitiniai-lasai\/","url":"https:\/\/miumjau.ee\/lt\/produktas\/beaphar-veto-pure-bio-antiparazitiniai-lasai\/","name":"Beaphar Veto Pure Bio antiparazitiniai la\u0161ai (","isPartOf":{"@id":"https:\/\/miumjau.ee\/#website"},"primaryImageOfPage":{"@id":"https:\/\/miumjau.ee\/lt\/produktas\/beaphar-veto-pure-bio-antiparazitiniai-lasai\/#primaryimage"},"image":{"@id":"https:\/\/miumjau.ee\/lt\/produktas\/beaphar-veto-pure-bio-antiparazitiniai-lasai\/#primaryimage"},"thumbnailUrl":"https:\/\/miumjau.ee\/wp-content\/uploads\/2025\/07\/beaphar-kassidele-koertele34.jpg","datePublished":"2025-07-29T12:52:42+00:00","dateModified":"2026-01-07T18:43:51+00:00","breadcrumb":{"@id":"https:\/\/miumjau.ee\/lt\/produktas\/beaphar-veto-pure-bio-antiparazitiniai-lasai\/#breadcrumb"},"inLanguage":"lt-LT","potentialAction":[{"@type":"ReadAction","target":["https:\/\/miumjau.ee\/lt\/produktas\/beaphar-veto-pure-bio-antiparazitiniai-lasai\/"]}]},{"@type":"ImageObject","inLanguage":"lt-LT","@id":"https:\/\/miumjau.ee\/lt\/produktas\/beaphar-veto-pure-bio-antiparazitiniai-lasai\/#primaryimage","url":"https:\/\/miumjau.ee\/wp-content\/uploads\/2025\/07\/beaphar-kassidele-koertele34.jpg","contentUrl":"https:\/\/miumjau.ee\/wp-content\/uploads\/2025\/07\/beaphar-kassidele-koertele34.jpg","width":600,"height":800},{"@type":"BreadcrumbList","@id":"https:\/\/miumjau.ee\/lt\/produktas\/beaphar-veto-pure-bio-antiparazitiniai-lasai\/#breadcrumb","itemListElement":[{"@type":"ListItem","position":1,"name":"Home","item":"https:\/\/miumjau.ee\/lt\/"},{"@type":"ListItem","position":2,"name":"Parduotuv\u0117","item":"https:\/\/miumjau.ee\/lt\/parduotuve\/"},{"@type":"ListItem","position":3,"name":"Beaphar Veto Pure Bio antiparazitiniai la\u0161ai ("}]},{"@type":"WebSite","@id":"https:\/\/miumjau.ee\/#website","url":"https:\/\/miumjau.ee\/","name":"MiuMjau","description":"Kraapimispuud kassidele","publisher":{"@id":"https:\/\/miumjau.ee\/#organization"},"potentialAction":[{"@type":"SearchAction","target":{"@type":"EntryPoint","urlTemplate":"https:\/\/miumjau.ee\/?s={search_term_string}"},"query-input":{"@type":"PropertyValueSpecification","valueRequired":true,"valueName":"search_term_string"}}],"inLanguage":"lt-LT"},{"@type":"Organization","@id":"https:\/\/miumjau.ee\/#organization","name":"MiuMjau O\u00dc","url":"https:\/\/miumjau.ee\/","logo":{"@type":"ImageObject","inLanguage":"lt-LT","@id":"https:\/\/miumjau.ee\/#\/schema\/logo\/image\/","url":"https:\/\/miumjau.ee\/wp-content\/uploads\/2022\/04\/MiuMjau-logo-kollane.png","contentUrl":"https:\/\/miumjau.ee\/wp-content\/uploads\/2022\/04\/MiuMjau-logo-kollane.png","width":219,"height":100,"caption":"MiuMjau O\u00dc"},"image":{"@id":"https:\/\/miumjau.ee\/#\/schema\/logo\/image\/"},"sameAs":["https:\/\/www.facebook.com\/miumjaupood\/"]}]}},"_links":{"self":[{"href":"https:\/\/miumjau.ee\/lt\/wp-json\/wp\/v2\/product\/49139","targetHints":{"allow":["GET"]}}],"collection":[{"href":"https:\/\/miumjau.ee\/lt\/wp-json\/wp\/v2\/product"}],"about":[{"href":"https:\/\/miumjau.ee\/lt\/wp-json\/wp\/v2\/types\/product"}],"wp:featuredmedia":[{"embeddable":true,"href":"https:\/\/miumjau.ee\/lt\/wp-json\/wp\/v2\/media\/49140"}],"wp:attachment":[{"href":"https:\/\/miumjau.ee\/lt\/wp-json\/wp\/v2\/media?parent=49139"}],"wp:term":[{"taxonomy":"product_brand","embeddable":true,"href":"https:\/\/miumjau.ee\/lt\/wp-json\/wp\/v2\/product_brand?post=49139"},{"taxonomy":"product_cat","embeddable":true,"href":"https:\/\/miumjau.ee\/lt\/wp-json\/wp\/v2\/product_cat?post=49139"},{"taxonomy":"product_tag","embeddable":true,"href":"https:\/\/miumjau.ee\/lt\/wp-json\/wp\/v2\/product_tag?post=49139"}],"curies":[{"name":"wp","href":"https:\/\/api.w.org\/{rel}","templated":true}]}}