{"id":49127,"date":"2025-07-29T15:19:46","date_gmt":"2025-07-29T12:19:46","guid":{"rendered":"https:\/\/miumjau.ee\/toode\/beaphar-antiparazitines-lasai-katems-3x1-ml\/"},"modified":"2026-01-07T20:43:58","modified_gmt":"2026-01-07T18:43:58","slug":"beaphar-antiparazitines-lasai-katems-3x1-ml","status":"publish","type":"product","link":"https:\/\/miumjau.ee\/lt\/produktas\/beaphar-antiparazitines-lasai-katems-3x1-ml\/","title":{"rendered":"Beaphar antiparazitin\u0117s la\u0161ai kat\u0117ms 3&#215;1 ml"},"content":{"rendered":"","protected":false},"excerpt":{"rendered":"<p data-start=\"3651\" data-end=\"3789\">Beaphar <strong data-start=\"3659\" data-end=\"3686\">IMMO SHIELD LINE-ON CAT<\/strong> la\u0161ai su dimetikonu kat\u0117ms (1\u201310 kg), 3 x 1 ml.<br data-start=\"3734\" data-end=\"3737\" \/>Nejudina i\u0161orini\u0173 parazit\u0173, veikdami fiziniu b\u016bdu.<\/p>\n<p data-start=\"3791\" data-end=\"4251\"><strong data-start=\"3791\" data-end=\"3803\">Sud\u0117tis:<\/strong> Dimetikonas 474 g\/l, alavijas 5 g\/l, kvapiklis 10 g\/l. Netoksi\u0161kas. Nealergizuojantis. Greitai veikiantis. Nesukelia priklausomyb\u0117s. Immobilizuoja vabzd\u017eius. Veikia parazitus visose vystymosi stadijose. Neutralizuoja blusas, erkes, uodus, ut\u0117les ir sm\u0117lio muses mechaniniu b\u016bdu. Dimetikonas suformuoja pl\u0117vel\u0119, fizi\u0161kai blokuojan\u010di\u0105 parazito s\u0105narius ir veikia kaip lipnus sp\u0105stas. Veikia visose blus\u0173 ciklo stadijose. N\u0117ra chemini\u0173 insekticid\u0173.<\/p>\n<p data-start=\"4253\" data-end=\"4429\"><strong data-start=\"4253\" data-end=\"4268\">Naudojimas:<\/strong> Laikykite pipet\u0119 vertikaliai ir nulau\u017ekite gal\u0105. Vienos pipet\u0117s turin\u012f u\u017etepkite ant nugaros nuo kaklo iki uodegos. Esant reikalui, pakartokite po 4 savai\u010di\u0173.<\/p>\n<p data-start=\"4431\" data-end=\"4648\"><strong data-start=\"4431\" data-end=\"4445\">\u012esp\u0117jimai:<\/strong> Tik i\u0161oriniam naudojimui. Nenaudoti ant pa\u017eeistos odos. Venkite kontakto su akimis. Patekus \u012f akis, praplauti vandeniu. Nenaudoti n\u0117\u0161tumo ir \u017eindymo laikotarpiu. Nenaudoti katin\u0117liams iki 12 savai\u010di\u0173.<\/p>\n<p data-start=\"4650\" data-end=\"4692\"><strong data-start=\"4650\" data-end=\"4665\">Gamintojas:<\/strong> Beaphar BV, Nyderlandai.<\/p>\n","protected":false},"featured_media":49128,"template":"","meta":[],"product_brand":[],"product_cat":[523],"product_tag":[],"class_list":{"0":"post-49127","1":"product","2":"type-product","3":"status-publish","4":"has-post-thumbnail","6":"product_cat-kita","8":"first","9":"instock","10":"taxable","11":"shipping-taxable","12":"purchasable","13":"product-type-simple"},"yoast_head":"<!-- This site is optimized with the Yoast SEO plugin v27.2 - https:\/\/yoast.com\/product\/yoast-seo-wordpress\/ -->\n<title>Beaphar antiparazitin\u0117s la\u0161ai kat\u0117ms 3x1 ml - MiuMjau<\/title>\n<meta name=\"robots\" content=\"index, follow, max-snippet:-1, max-image-preview:large, max-video-preview:-1\" \/>\n<link rel=\"canonical\" href=\"https:\/\/miumjau.ee\/lt\/produktas\/beaphar-antiparazitines-lasai-katems-3x1-ml\/\" \/>\n<meta property=\"og:locale\" content=\"lt_LT\" \/>\n<meta property=\"og:type\" content=\"article\" \/>\n<meta property=\"og:title\" content=\"Beaphar antiparazitin\u0117s la\u0161ai kat\u0117ms 3x1 ml - MiuMjau\" \/>\n<meta property=\"og:description\" content=\"Beaphar IMMO SHIELD LINE-ON CAT la\u0161ai su dimetikonu kat\u0117ms (1\u201310 kg), 3 x 1 ml.Nejudina i\u0161orini\u0173 parazit\u0173, veikdami fiziniu b\u016bdu. Sud\u0117tis: Dimetikonas 474 g\/l, alavijas 5 g\/l, kvapiklis 10 g\/l. Netoksi\u0161kas. Nealergizuojantis. Greitai veikiantis. Nesukelia priklausomyb\u0117s. Immobilizuoja vabzd\u017eius. Veikia parazitus visose vystymosi stadijose. Neutralizuoja blusas, erkes, uodus, ut\u0117les ir sm\u0117lio muses mechaniniu b\u016bdu. Dimetikonas suformuoja pl\u0117vel\u0119, fizi\u0161kai blokuojan\u010di\u0105 parazito s\u0105narius ir veikia kaip lipnus sp\u0105stas. Veikia visose blus\u0173 ciklo stadijose. N\u0117ra chemini\u0173 insekticid\u0173. Naudojimas: Laikykite pipet\u0119 vertikaliai ir nulau\u017ekite gal\u0105. Vienos pipet\u0117s turin\u012f u\u017etepkite ant nugaros nuo kaklo iki uodegos. Esant reikalui, pakartokite po 4 savai\u010di\u0173. \u012esp\u0117jimai: Tik i\u0161oriniam naudojimui. Nenaudoti ant pa\u017eeistos odos. Venkite kontakto su akimis. Patekus \u012f akis, praplauti vandeniu. Nenaudoti n\u0117\u0161tumo ir \u017eindymo laikotarpiu. Nenaudoti katin\u0117liams iki 12 savai\u010di\u0173. Gamintojas: Beaphar BV, Nyderlandai.\" \/>\n<meta property=\"og:url\" content=\"https:\/\/miumjau.ee\/lt\/produktas\/beaphar-antiparazitines-lasai-katems-3x1-ml\/\" \/>\n<meta property=\"og:site_name\" content=\"MiuMjau\" \/>\n<meta property=\"article:publisher\" content=\"https:\/\/www.facebook.com\/miumjaupood\/\" \/>\n<meta property=\"article:modified_time\" content=\"2026-01-07T18:43:58+00:00\" \/>\n<meta property=\"og:image\" content=\"https:\/\/miumjau.ee\/wp-content\/uploads\/2025\/07\/beaphar-kassidele-koertele23.jpg\" \/>\n\t<meta property=\"og:image:width\" content=\"600\" \/>\n\t<meta property=\"og:image:height\" content=\"800\" \/>\n\t<meta property=\"og:image:type\" content=\"image\/jpeg\" \/>\n<meta name=\"twitter:card\" content=\"summary_large_image\" \/>\n<script type=\"application\/ld+json\" class=\"yoast-schema-graph\">{\"@context\":\"https:\/\/schema.org\",\"@graph\":[{\"@type\":\"WebPage\",\"@id\":\"https:\/\/miumjau.ee\/lt\/produktas\/beaphar-antiparazitines-lasai-katems-3x1-ml\/\",\"url\":\"https:\/\/miumjau.ee\/lt\/produktas\/beaphar-antiparazitines-lasai-katems-3x1-ml\/\",\"name\":\"Beaphar antiparazitin\u0117s la\u0161ai kat\u0117ms 3x1 ml - MiuMjau\",\"isPartOf\":{\"@id\":\"https:\/\/miumjau.ee\/#website\"},\"primaryImageOfPage\":{\"@id\":\"https:\/\/miumjau.ee\/lt\/produktas\/beaphar-antiparazitines-lasai-katems-3x1-ml\/#primaryimage\"},\"image\":{\"@id\":\"https:\/\/miumjau.ee\/lt\/produktas\/beaphar-antiparazitines-lasai-katems-3x1-ml\/#primaryimage\"},\"thumbnailUrl\":\"https:\/\/miumjau.ee\/wp-content\/uploads\/2025\/07\/beaphar-kassidele-koertele23.jpg\",\"datePublished\":\"2025-07-29T12:19:46+00:00\",\"dateModified\":\"2026-01-07T18:43:58+00:00\",\"breadcrumb\":{\"@id\":\"https:\/\/miumjau.ee\/lt\/produktas\/beaphar-antiparazitines-lasai-katems-3x1-ml\/#breadcrumb\"},\"inLanguage\":\"lt-LT\",\"potentialAction\":[{\"@type\":\"ReadAction\",\"target\":[\"https:\/\/miumjau.ee\/lt\/produktas\/beaphar-antiparazitines-lasai-katems-3x1-ml\/\"]}]},{\"@type\":\"ImageObject\",\"inLanguage\":\"lt-LT\",\"@id\":\"https:\/\/miumjau.ee\/lt\/produktas\/beaphar-antiparazitines-lasai-katems-3x1-ml\/#primaryimage\",\"url\":\"https:\/\/miumjau.ee\/wp-content\/uploads\/2025\/07\/beaphar-kassidele-koertele23.jpg\",\"contentUrl\":\"https:\/\/miumjau.ee\/wp-content\/uploads\/2025\/07\/beaphar-kassidele-koertele23.jpg\",\"width\":600,\"height\":800},{\"@type\":\"BreadcrumbList\",\"@id\":\"https:\/\/miumjau.ee\/lt\/produktas\/beaphar-antiparazitines-lasai-katems-3x1-ml\/#breadcrumb\",\"itemListElement\":[{\"@type\":\"ListItem\",\"position\":1,\"name\":\"Home\",\"item\":\"https:\/\/miumjau.ee\/lt\/\"},{\"@type\":\"ListItem\",\"position\":2,\"name\":\"Parduotuv\u0117\",\"item\":\"https:\/\/miumjau.ee\/lt\/parduotuve\/\"},{\"@type\":\"ListItem\",\"position\":3,\"name\":\"Beaphar antiparazitin\u0117s la\u0161ai kat\u0117ms 3&#215;1 ml\"}]},{\"@type\":\"WebSite\",\"@id\":\"https:\/\/miumjau.ee\/#website\",\"url\":\"https:\/\/miumjau.ee\/\",\"name\":\"MiuMjau\",\"description\":\"Kraapimispuud kassidele\",\"publisher\":{\"@id\":\"https:\/\/miumjau.ee\/#organization\"},\"potentialAction\":[{\"@type\":\"SearchAction\",\"target\":{\"@type\":\"EntryPoint\",\"urlTemplate\":\"https:\/\/miumjau.ee\/?s={search_term_string}\"},\"query-input\":{\"@type\":\"PropertyValueSpecification\",\"valueRequired\":true,\"valueName\":\"search_term_string\"}}],\"inLanguage\":\"lt-LT\"},{\"@type\":\"Organization\",\"@id\":\"https:\/\/miumjau.ee\/#organization\",\"name\":\"MiuMjau O\u00dc\",\"url\":\"https:\/\/miumjau.ee\/\",\"logo\":{\"@type\":\"ImageObject\",\"inLanguage\":\"lt-LT\",\"@id\":\"https:\/\/miumjau.ee\/#\/schema\/logo\/image\/\",\"url\":\"https:\/\/miumjau.ee\/wp-content\/uploads\/2022\/04\/MiuMjau-logo-kollane.png\",\"contentUrl\":\"https:\/\/miumjau.ee\/wp-content\/uploads\/2022\/04\/MiuMjau-logo-kollane.png\",\"width\":219,\"height\":100,\"caption\":\"MiuMjau O\u00dc\"},\"image\":{\"@id\":\"https:\/\/miumjau.ee\/#\/schema\/logo\/image\/\"},\"sameAs\":[\"https:\/\/www.facebook.com\/miumjaupood\/\"]}]}<\/script>\n<!-- \/ Yoast SEO plugin. -->","yoast_head_json":{"title":"Beaphar antiparazitin\u0117s la\u0161ai kat\u0117ms 3x1 ml - MiuMjau","robots":{"index":"index","follow":"follow","max-snippet":"max-snippet:-1","max-image-preview":"max-image-preview:large","max-video-preview":"max-video-preview:-1"},"canonical":"https:\/\/miumjau.ee\/lt\/produktas\/beaphar-antiparazitines-lasai-katems-3x1-ml\/","og_locale":"lt_LT","og_type":"article","og_title":"Beaphar antiparazitin\u0117s la\u0161ai kat\u0117ms 3x1 ml - MiuMjau","og_description":"Beaphar IMMO SHIELD LINE-ON CAT la\u0161ai su dimetikonu kat\u0117ms (1\u201310 kg), 3 x 1 ml.Nejudina i\u0161orini\u0173 parazit\u0173, veikdami fiziniu b\u016bdu. Sud\u0117tis: Dimetikonas 474 g\/l, alavijas 5 g\/l, kvapiklis 10 g\/l. Netoksi\u0161kas. Nealergizuojantis. Greitai veikiantis. Nesukelia priklausomyb\u0117s. Immobilizuoja vabzd\u017eius. Veikia parazitus visose vystymosi stadijose. Neutralizuoja blusas, erkes, uodus, ut\u0117les ir sm\u0117lio muses mechaniniu b\u016bdu. Dimetikonas suformuoja pl\u0117vel\u0119, fizi\u0161kai blokuojan\u010di\u0105 parazito s\u0105narius ir veikia kaip lipnus sp\u0105stas. Veikia visose blus\u0173 ciklo stadijose. N\u0117ra chemini\u0173 insekticid\u0173. Naudojimas: Laikykite pipet\u0119 vertikaliai ir nulau\u017ekite gal\u0105. Vienos pipet\u0117s turin\u012f u\u017etepkite ant nugaros nuo kaklo iki uodegos. Esant reikalui, pakartokite po 4 savai\u010di\u0173. \u012esp\u0117jimai: Tik i\u0161oriniam naudojimui. Nenaudoti ant pa\u017eeistos odos. Venkite kontakto su akimis. Patekus \u012f akis, praplauti vandeniu. Nenaudoti n\u0117\u0161tumo ir \u017eindymo laikotarpiu. Nenaudoti katin\u0117liams iki 12 savai\u010di\u0173. Gamintojas: Beaphar BV, Nyderlandai.","og_url":"https:\/\/miumjau.ee\/lt\/produktas\/beaphar-antiparazitines-lasai-katems-3x1-ml\/","og_site_name":"MiuMjau","article_publisher":"https:\/\/www.facebook.com\/miumjaupood\/","article_modified_time":"2026-01-07T18:43:58+00:00","og_image":[{"width":600,"height":800,"url":"https:\/\/miumjau.ee\/wp-content\/uploads\/2025\/07\/beaphar-kassidele-koertele23.jpg","type":"image\/jpeg"}],"twitter_card":"summary_large_image","schema":{"@context":"https:\/\/schema.org","@graph":[{"@type":"WebPage","@id":"https:\/\/miumjau.ee\/lt\/produktas\/beaphar-antiparazitines-lasai-katems-3x1-ml\/","url":"https:\/\/miumjau.ee\/lt\/produktas\/beaphar-antiparazitines-lasai-katems-3x1-ml\/","name":"Beaphar antiparazitin\u0117s la\u0161ai kat\u0117ms 3x1 ml - MiuMjau","isPartOf":{"@id":"https:\/\/miumjau.ee\/#website"},"primaryImageOfPage":{"@id":"https:\/\/miumjau.ee\/lt\/produktas\/beaphar-antiparazitines-lasai-katems-3x1-ml\/#primaryimage"},"image":{"@id":"https:\/\/miumjau.ee\/lt\/produktas\/beaphar-antiparazitines-lasai-katems-3x1-ml\/#primaryimage"},"thumbnailUrl":"https:\/\/miumjau.ee\/wp-content\/uploads\/2025\/07\/beaphar-kassidele-koertele23.jpg","datePublished":"2025-07-29T12:19:46+00:00","dateModified":"2026-01-07T18:43:58+00:00","breadcrumb":{"@id":"https:\/\/miumjau.ee\/lt\/produktas\/beaphar-antiparazitines-lasai-katems-3x1-ml\/#breadcrumb"},"inLanguage":"lt-LT","potentialAction":[{"@type":"ReadAction","target":["https:\/\/miumjau.ee\/lt\/produktas\/beaphar-antiparazitines-lasai-katems-3x1-ml\/"]}]},{"@type":"ImageObject","inLanguage":"lt-LT","@id":"https:\/\/miumjau.ee\/lt\/produktas\/beaphar-antiparazitines-lasai-katems-3x1-ml\/#primaryimage","url":"https:\/\/miumjau.ee\/wp-content\/uploads\/2025\/07\/beaphar-kassidele-koertele23.jpg","contentUrl":"https:\/\/miumjau.ee\/wp-content\/uploads\/2025\/07\/beaphar-kassidele-koertele23.jpg","width":600,"height":800},{"@type":"BreadcrumbList","@id":"https:\/\/miumjau.ee\/lt\/produktas\/beaphar-antiparazitines-lasai-katems-3x1-ml\/#breadcrumb","itemListElement":[{"@type":"ListItem","position":1,"name":"Home","item":"https:\/\/miumjau.ee\/lt\/"},{"@type":"ListItem","position":2,"name":"Parduotuv\u0117","item":"https:\/\/miumjau.ee\/lt\/parduotuve\/"},{"@type":"ListItem","position":3,"name":"Beaphar antiparazitin\u0117s la\u0161ai kat\u0117ms 3&#215;1 ml"}]},{"@type":"WebSite","@id":"https:\/\/miumjau.ee\/#website","url":"https:\/\/miumjau.ee\/","name":"MiuMjau","description":"Kraapimispuud kassidele","publisher":{"@id":"https:\/\/miumjau.ee\/#organization"},"potentialAction":[{"@type":"SearchAction","target":{"@type":"EntryPoint","urlTemplate":"https:\/\/miumjau.ee\/?s={search_term_string}"},"query-input":{"@type":"PropertyValueSpecification","valueRequired":true,"valueName":"search_term_string"}}],"inLanguage":"lt-LT"},{"@type":"Organization","@id":"https:\/\/miumjau.ee\/#organization","name":"MiuMjau O\u00dc","url":"https:\/\/miumjau.ee\/","logo":{"@type":"ImageObject","inLanguage":"lt-LT","@id":"https:\/\/miumjau.ee\/#\/schema\/logo\/image\/","url":"https:\/\/miumjau.ee\/wp-content\/uploads\/2022\/04\/MiuMjau-logo-kollane.png","contentUrl":"https:\/\/miumjau.ee\/wp-content\/uploads\/2022\/04\/MiuMjau-logo-kollane.png","width":219,"height":100,"caption":"MiuMjau O\u00dc"},"image":{"@id":"https:\/\/miumjau.ee\/#\/schema\/logo\/image\/"},"sameAs":["https:\/\/www.facebook.com\/miumjaupood\/"]}]}},"_links":{"self":[{"href":"https:\/\/miumjau.ee\/lt\/wp-json\/wp\/v2\/product\/49127","targetHints":{"allow":["GET"]}}],"collection":[{"href":"https:\/\/miumjau.ee\/lt\/wp-json\/wp\/v2\/product"}],"about":[{"href":"https:\/\/miumjau.ee\/lt\/wp-json\/wp\/v2\/types\/product"}],"wp:featuredmedia":[{"embeddable":true,"href":"https:\/\/miumjau.ee\/lt\/wp-json\/wp\/v2\/media\/49128"}],"wp:attachment":[{"href":"https:\/\/miumjau.ee\/lt\/wp-json\/wp\/v2\/media?parent=49127"}],"wp:term":[{"taxonomy":"product_brand","embeddable":true,"href":"https:\/\/miumjau.ee\/lt\/wp-json\/wp\/v2\/product_brand?post=49127"},{"taxonomy":"product_cat","embeddable":true,"href":"https:\/\/miumjau.ee\/lt\/wp-json\/wp\/v2\/product_cat?post=49127"},{"taxonomy":"product_tag","embeddable":true,"href":"https:\/\/miumjau.ee\/lt\/wp-json\/wp\/v2\/product_tag?post=49127"}],"curies":[{"name":"wp","href":"https:\/\/api.w.org\/{rel}","templated":true}]}}