{"id":49121,"date":"2025-07-29T15:06:37","date_gmt":"2025-07-29T12:06:37","guid":{"rendered":"https:\/\/miumjau.ee\/toode\/beaphar-bio-band-plus-vabzdziu-antkaklis-katems-35-cm\/"},"modified":"2026-01-07T20:43:58","modified_gmt":"2026-01-07T18:43:58","slug":"beaphar-bio-band-plus-vabzdziu-antkaklis-katems-35-cm","status":"publish","type":"product","link":"https:\/\/miumjau.ee\/lt\/produktas\/beaphar-bio-band-plus-vabzdziu-antkaklis-katems-35-cm\/","title":{"rendered":"Beaphar Bio Band Plus vabzd\u017ei\u0173 antkaklis kat\u0117ms 35 cm"},"content":{"rendered":"","protected":false},"excerpt":{"rendered":"<p data-start=\"5004\" data-end=\"5327\">Bio Band vabzd\u017ei\u0173 atbaidantis antkaklis tinka kat\u0117ms nuo 12 savai\u010di\u0173. Veikliosios med\u017eiagos pasklinda po kail\u012f ir atbaido krauj\u0105 siurbian\u010dius vabzd\u017eius (blusas, uodus ir erkes). Antkaklis taip pat suteikia malon\u0173, gaiv\u0173 kvap\u0105. Antkaklio ilgis reguliuojamas individualiai, maksimalus ilgis 35 cm. Veikimo trukm\u0117: 4 m\u0117nesiai.<\/p>\n<p data-start=\"5329\" data-end=\"5432\"><strong data-start=\"5329\" data-end=\"5355\">Veikliosios med\u017eiagos:<\/strong> Neem (Azadirachta indica) ekstraktas 20,4 g\/kg, lavandino aliejus 15,3 g\/kg.<\/p>\n<p data-start=\"5434\" data-end=\"5758\"><strong data-start=\"5434\" data-end=\"5460\">Naudojimo instrukcija:<\/strong> Atidarykite pakuot\u0119 tik prie\u0161 naudojim\u0105 ir laisvai u\u017esekite antkakl\u012f aplink kat\u0117s kakl\u0105. Tarp kaklo ir antkaklio turi tilpti du pir\u0161tai. Perteklin\u0119 dal\u012f nukirpkite u\u017e sagties. Augan\u010diai katei reguliariai tikrinkite ir pakoreguokite antkaklio dyd\u012f. Antkaklis pasiekia piln\u0105 efektyvum\u0105 po 5\u20137 dien\u0173.<\/p>\n<p data-start=\"5760\" data-end=\"5852\"><strong data-start=\"5760\" data-end=\"5774\">\u012esp\u0117jimai:<\/strong> Sud\u0117tyje yra linalolio ir lavandino aliejaus. Gali sukelti alergin\u0119 reakcij\u0105.<\/p>\n<p data-start=\"5854\" data-end=\"5986\"><strong data-start=\"5854\" data-end=\"5877\">\u0160alutinis poveikis:<\/strong> Labai jautriems gyv\u016bnams ir \u017emon\u0117ms kontaktas su produktu gali sukelti odos sudirginim\u0105 \/ alergin\u0119 reakcij\u0105.<\/p>\n<p data-start=\"5988\" data-end=\"6010\"><strong data-start=\"5988\" data-end=\"6008\">Pirmoji pagalba:<\/strong><\/p>\n<ul data-start=\"6011\" data-end=\"6432\">\n<li data-start=\"6011\" data-end=\"6066\">\n<p data-start=\"6013\" data-end=\"6066\">Kontaktas su oda: Nusiplauti daug muilo ir vandens.<\/p>\n<\/li>\n<li data-start=\"6067\" data-end=\"6123\">\n<p data-start=\"6069\" data-end=\"6123\">Akims: Nedelsiant skalauti vandeniu bent 10 minu\u010di\u0173.<\/p>\n<\/li>\n<li data-start=\"6124\" data-end=\"6272\">\n<p data-start=\"6126\" data-end=\"6272\">Suvalgius: Sukelti v\u0117mim\u0105. Nedelsiant kreiptis \u012f gydytoj\u0105 ir parodyti pakuot\u0119 ar etiket\u0119. Duoti aktyvintos anglies tirpal\u0105 arba skyst\u0105 parafin\u0105.<\/p>\n<\/li>\n<li data-start=\"6273\" data-end=\"6432\">\n<p data-start=\"6275\" data-end=\"6432\">\u012ekv\u0117pus: I\u0161v\u0117dinti patalpas. Atsitikus nelaimingam atsitikimui, nukent\u0117jus\u012fj\u012f i\u0161vesti \u012f gryn\u0105 or\u0105 ir paguldyti. Jei savijauta pablog\u0117ja, kreiptis \u012f gydytoj\u0105.<\/p>\n<\/li>\n<\/ul>\n<p data-start=\"6434\" data-end=\"6513\"><strong data-start=\"6434\" data-end=\"6455\">Saugos nurodymai:<\/strong> Laikyti pagal saugos reikalavimus. Sud\u0117tyje yra biocidas.<\/p>\n","protected":false},"featured_media":49122,"template":"","meta":[],"product_brand":[],"product_cat":[523],"product_tag":[],"class_list":{"0":"post-49121","1":"product","2":"type-product","3":"status-publish","4":"has-post-thumbnail","6":"product_cat-kita","8":"first","9":"instock","10":"taxable","11":"shipping-taxable","12":"purchasable","13":"product-type-simple"},"yoast_head":"<!-- This site is optimized with the Yoast SEO plugin v27.2 - https:\/\/yoast.com\/product\/yoast-seo-wordpress\/ -->\n<title>Beaphar Bio Band Plus vabzd\u017ei\u0173 antkaklis kat\u0117ms 35 cm - MiuMjau<\/title>\n<meta name=\"robots\" content=\"index, follow, max-snippet:-1, max-image-preview:large, max-video-preview:-1\" \/>\n<link rel=\"canonical\" href=\"https:\/\/miumjau.ee\/lt\/produktas\/beaphar-bio-band-plus-vabzdziu-antkaklis-katems-35-cm\/\" \/>\n<meta property=\"og:locale\" content=\"lt_LT\" \/>\n<meta property=\"og:type\" content=\"article\" \/>\n<meta property=\"og:title\" content=\"Beaphar Bio Band Plus vabzd\u017ei\u0173 antkaklis kat\u0117ms 35 cm - MiuMjau\" \/>\n<meta property=\"og:description\" content=\"Bio Band vabzd\u017ei\u0173 atbaidantis antkaklis tinka kat\u0117ms nuo 12 savai\u010di\u0173. Veikliosios med\u017eiagos pasklinda po kail\u012f ir atbaido krauj\u0105 siurbian\u010dius vabzd\u017eius (blusas, uodus ir erkes). Antkaklis taip pat suteikia malon\u0173, gaiv\u0173 kvap\u0105. Antkaklio ilgis reguliuojamas individualiai, maksimalus ilgis 35 cm. Veikimo trukm\u0117: 4 m\u0117nesiai. Veikliosios med\u017eiagos: Neem (Azadirachta indica) ekstraktas 20,4 g\/kg, lavandino aliejus 15,3 g\/kg. Naudojimo instrukcija: Atidarykite pakuot\u0119 tik prie\u0161 naudojim\u0105 ir laisvai u\u017esekite antkakl\u012f aplink kat\u0117s kakl\u0105. Tarp kaklo ir antkaklio turi tilpti du pir\u0161tai. Perteklin\u0119 dal\u012f nukirpkite u\u017e sagties. Augan\u010diai katei reguliariai tikrinkite ir pakoreguokite antkaklio dyd\u012f. Antkaklis pasiekia piln\u0105 efektyvum\u0105 po 5\u20137 dien\u0173. \u012esp\u0117jimai: Sud\u0117tyje yra linalolio ir lavandino aliejaus. Gali sukelti alergin\u0119 reakcij\u0105. \u0160alutinis poveikis: Labai jautriems gyv\u016bnams ir \u017emon\u0117ms kontaktas su produktu gali sukelti odos sudirginim\u0105 \/ alergin\u0119 reakcij\u0105. Pirmoji pagalba:     Kontaktas su oda: Nusiplauti daug muilo ir vandens.    Akims: Nedelsiant skalauti vandeniu bent 10 minu\u010di\u0173.    Suvalgius: Sukelti v\u0117mim\u0105. Nedelsiant kreiptis \u012f gydytoj\u0105 ir parodyti pakuot\u0119 ar etiket\u0119. Duoti aktyvintos anglies tirpal\u0105 arba skyst\u0105 parafin\u0105.    \u012ekv\u0117pus: I\u0161v\u0117dinti patalpas. Atsitikus nelaimingam atsitikimui, nukent\u0117jus\u012fj\u012f i\u0161vesti \u012f gryn\u0105 or\u0105 ir paguldyti. Jei savijauta pablog\u0117ja, kreiptis \u012f gydytoj\u0105.   Saugos nurodymai: Laikyti pagal saugos reikalavimus. Sud\u0117tyje yra biocidas.\" \/>\n<meta property=\"og:url\" content=\"https:\/\/miumjau.ee\/lt\/produktas\/beaphar-bio-band-plus-vabzdziu-antkaklis-katems-35-cm\/\" \/>\n<meta property=\"og:site_name\" content=\"MiuMjau\" \/>\n<meta property=\"article:publisher\" content=\"https:\/\/www.facebook.com\/miumjaupood\/\" \/>\n<meta property=\"article:modified_time\" content=\"2026-01-07T18:43:58+00:00\" \/>\n<meta property=\"og:image\" content=\"https:\/\/miumjau.ee\/wp-content\/uploads\/2025\/07\/beaphar-kassidele-koertele26.jpg\" \/>\n\t<meta property=\"og:image:width\" content=\"600\" \/>\n\t<meta property=\"og:image:height\" content=\"800\" \/>\n\t<meta property=\"og:image:type\" content=\"image\/jpeg\" \/>\n<meta name=\"twitter:card\" content=\"summary_large_image\" \/>\n<script type=\"application\/ld+json\" class=\"yoast-schema-graph\">{\"@context\":\"https:\/\/schema.org\",\"@graph\":[{\"@type\":\"WebPage\",\"@id\":\"https:\/\/miumjau.ee\/lt\/produktas\/beaphar-bio-band-plus-vabzdziu-antkaklis-katems-35-cm\/\",\"url\":\"https:\/\/miumjau.ee\/lt\/produktas\/beaphar-bio-band-plus-vabzdziu-antkaklis-katems-35-cm\/\",\"name\":\"Beaphar Bio Band Plus vabzd\u017ei\u0173 antkaklis kat\u0117ms 35 cm - MiuMjau\",\"isPartOf\":{\"@id\":\"https:\/\/miumjau.ee\/#website\"},\"primaryImageOfPage\":{\"@id\":\"https:\/\/miumjau.ee\/lt\/produktas\/beaphar-bio-band-plus-vabzdziu-antkaklis-katems-35-cm\/#primaryimage\"},\"image\":{\"@id\":\"https:\/\/miumjau.ee\/lt\/produktas\/beaphar-bio-band-plus-vabzdziu-antkaklis-katems-35-cm\/#primaryimage\"},\"thumbnailUrl\":\"https:\/\/miumjau.ee\/wp-content\/uploads\/2025\/07\/beaphar-kassidele-koertele26.jpg\",\"datePublished\":\"2025-07-29T12:06:37+00:00\",\"dateModified\":\"2026-01-07T18:43:58+00:00\",\"breadcrumb\":{\"@id\":\"https:\/\/miumjau.ee\/lt\/produktas\/beaphar-bio-band-plus-vabzdziu-antkaklis-katems-35-cm\/#breadcrumb\"},\"inLanguage\":\"lt-LT\",\"potentialAction\":[{\"@type\":\"ReadAction\",\"target\":[\"https:\/\/miumjau.ee\/lt\/produktas\/beaphar-bio-band-plus-vabzdziu-antkaklis-katems-35-cm\/\"]}]},{\"@type\":\"ImageObject\",\"inLanguage\":\"lt-LT\",\"@id\":\"https:\/\/miumjau.ee\/lt\/produktas\/beaphar-bio-band-plus-vabzdziu-antkaklis-katems-35-cm\/#primaryimage\",\"url\":\"https:\/\/miumjau.ee\/wp-content\/uploads\/2025\/07\/beaphar-kassidele-koertele26.jpg\",\"contentUrl\":\"https:\/\/miumjau.ee\/wp-content\/uploads\/2025\/07\/beaphar-kassidele-koertele26.jpg\",\"width\":600,\"height\":800},{\"@type\":\"BreadcrumbList\",\"@id\":\"https:\/\/miumjau.ee\/lt\/produktas\/beaphar-bio-band-plus-vabzdziu-antkaklis-katems-35-cm\/#breadcrumb\",\"itemListElement\":[{\"@type\":\"ListItem\",\"position\":1,\"name\":\"Home\",\"item\":\"https:\/\/miumjau.ee\/lt\/\"},{\"@type\":\"ListItem\",\"position\":2,\"name\":\"Parduotuv\u0117\",\"item\":\"https:\/\/miumjau.ee\/lt\/parduotuve\/\"},{\"@type\":\"ListItem\",\"position\":3,\"name\":\"Beaphar Bio Band Plus vabzd\u017ei\u0173 antkaklis kat\u0117ms 35 cm\"}]},{\"@type\":\"WebSite\",\"@id\":\"https:\/\/miumjau.ee\/#website\",\"url\":\"https:\/\/miumjau.ee\/\",\"name\":\"MiuMjau\",\"description\":\"Kraapimispuud kassidele\",\"publisher\":{\"@id\":\"https:\/\/miumjau.ee\/#organization\"},\"potentialAction\":[{\"@type\":\"SearchAction\",\"target\":{\"@type\":\"EntryPoint\",\"urlTemplate\":\"https:\/\/miumjau.ee\/?s={search_term_string}\"},\"query-input\":{\"@type\":\"PropertyValueSpecification\",\"valueRequired\":true,\"valueName\":\"search_term_string\"}}],\"inLanguage\":\"lt-LT\"},{\"@type\":\"Organization\",\"@id\":\"https:\/\/miumjau.ee\/#organization\",\"name\":\"MiuMjau O\u00dc\",\"url\":\"https:\/\/miumjau.ee\/\",\"logo\":{\"@type\":\"ImageObject\",\"inLanguage\":\"lt-LT\",\"@id\":\"https:\/\/miumjau.ee\/#\/schema\/logo\/image\/\",\"url\":\"https:\/\/miumjau.ee\/wp-content\/uploads\/2022\/04\/MiuMjau-logo-kollane.png\",\"contentUrl\":\"https:\/\/miumjau.ee\/wp-content\/uploads\/2022\/04\/MiuMjau-logo-kollane.png\",\"width\":219,\"height\":100,\"caption\":\"MiuMjau O\u00dc\"},\"image\":{\"@id\":\"https:\/\/miumjau.ee\/#\/schema\/logo\/image\/\"},\"sameAs\":[\"https:\/\/www.facebook.com\/miumjaupood\/\"]}]}<\/script>\n<!-- \/ Yoast SEO plugin. -->","yoast_head_json":{"title":"Beaphar Bio Band Plus vabzd\u017ei\u0173 antkaklis kat\u0117ms 35 cm - MiuMjau","robots":{"index":"index","follow":"follow","max-snippet":"max-snippet:-1","max-image-preview":"max-image-preview:large","max-video-preview":"max-video-preview:-1"},"canonical":"https:\/\/miumjau.ee\/lt\/produktas\/beaphar-bio-band-plus-vabzdziu-antkaklis-katems-35-cm\/","og_locale":"lt_LT","og_type":"article","og_title":"Beaphar Bio Band Plus vabzd\u017ei\u0173 antkaklis kat\u0117ms 35 cm - MiuMjau","og_description":"Bio Band vabzd\u017ei\u0173 atbaidantis antkaklis tinka kat\u0117ms nuo 12 savai\u010di\u0173. Veikliosios med\u017eiagos pasklinda po kail\u012f ir atbaido krauj\u0105 siurbian\u010dius vabzd\u017eius (blusas, uodus ir erkes). Antkaklis taip pat suteikia malon\u0173, gaiv\u0173 kvap\u0105. Antkaklio ilgis reguliuojamas individualiai, maksimalus ilgis 35 cm. Veikimo trukm\u0117: 4 m\u0117nesiai. Veikliosios med\u017eiagos: Neem (Azadirachta indica) ekstraktas 20,4 g\/kg, lavandino aliejus 15,3 g\/kg. Naudojimo instrukcija: Atidarykite pakuot\u0119 tik prie\u0161 naudojim\u0105 ir laisvai u\u017esekite antkakl\u012f aplink kat\u0117s kakl\u0105. Tarp kaklo ir antkaklio turi tilpti du pir\u0161tai. Perteklin\u0119 dal\u012f nukirpkite u\u017e sagties. Augan\u010diai katei reguliariai tikrinkite ir pakoreguokite antkaklio dyd\u012f. Antkaklis pasiekia piln\u0105 efektyvum\u0105 po 5\u20137 dien\u0173. \u012esp\u0117jimai: Sud\u0117tyje yra linalolio ir lavandino aliejaus. Gali sukelti alergin\u0119 reakcij\u0105. \u0160alutinis poveikis: Labai jautriems gyv\u016bnams ir \u017emon\u0117ms kontaktas su produktu gali sukelti odos sudirginim\u0105 \/ alergin\u0119 reakcij\u0105. Pirmoji pagalba:     Kontaktas su oda: Nusiplauti daug muilo ir vandens.    Akims: Nedelsiant skalauti vandeniu bent 10 minu\u010di\u0173.    Suvalgius: Sukelti v\u0117mim\u0105. Nedelsiant kreiptis \u012f gydytoj\u0105 ir parodyti pakuot\u0119 ar etiket\u0119. Duoti aktyvintos anglies tirpal\u0105 arba skyst\u0105 parafin\u0105.    \u012ekv\u0117pus: I\u0161v\u0117dinti patalpas. Atsitikus nelaimingam atsitikimui, nukent\u0117jus\u012fj\u012f i\u0161vesti \u012f gryn\u0105 or\u0105 ir paguldyti. Jei savijauta pablog\u0117ja, kreiptis \u012f gydytoj\u0105.   Saugos nurodymai: Laikyti pagal saugos reikalavimus. Sud\u0117tyje yra biocidas.","og_url":"https:\/\/miumjau.ee\/lt\/produktas\/beaphar-bio-band-plus-vabzdziu-antkaklis-katems-35-cm\/","og_site_name":"MiuMjau","article_publisher":"https:\/\/www.facebook.com\/miumjaupood\/","article_modified_time":"2026-01-07T18:43:58+00:00","og_image":[{"width":600,"height":800,"url":"https:\/\/miumjau.ee\/wp-content\/uploads\/2025\/07\/beaphar-kassidele-koertele26.jpg","type":"image\/jpeg"}],"twitter_card":"summary_large_image","schema":{"@context":"https:\/\/schema.org","@graph":[{"@type":"WebPage","@id":"https:\/\/miumjau.ee\/lt\/produktas\/beaphar-bio-band-plus-vabzdziu-antkaklis-katems-35-cm\/","url":"https:\/\/miumjau.ee\/lt\/produktas\/beaphar-bio-band-plus-vabzdziu-antkaklis-katems-35-cm\/","name":"Beaphar Bio Band Plus vabzd\u017ei\u0173 antkaklis kat\u0117ms 35 cm - MiuMjau","isPartOf":{"@id":"https:\/\/miumjau.ee\/#website"},"primaryImageOfPage":{"@id":"https:\/\/miumjau.ee\/lt\/produktas\/beaphar-bio-band-plus-vabzdziu-antkaklis-katems-35-cm\/#primaryimage"},"image":{"@id":"https:\/\/miumjau.ee\/lt\/produktas\/beaphar-bio-band-plus-vabzdziu-antkaklis-katems-35-cm\/#primaryimage"},"thumbnailUrl":"https:\/\/miumjau.ee\/wp-content\/uploads\/2025\/07\/beaphar-kassidele-koertele26.jpg","datePublished":"2025-07-29T12:06:37+00:00","dateModified":"2026-01-07T18:43:58+00:00","breadcrumb":{"@id":"https:\/\/miumjau.ee\/lt\/produktas\/beaphar-bio-band-plus-vabzdziu-antkaklis-katems-35-cm\/#breadcrumb"},"inLanguage":"lt-LT","potentialAction":[{"@type":"ReadAction","target":["https:\/\/miumjau.ee\/lt\/produktas\/beaphar-bio-band-plus-vabzdziu-antkaklis-katems-35-cm\/"]}]},{"@type":"ImageObject","inLanguage":"lt-LT","@id":"https:\/\/miumjau.ee\/lt\/produktas\/beaphar-bio-band-plus-vabzdziu-antkaklis-katems-35-cm\/#primaryimage","url":"https:\/\/miumjau.ee\/wp-content\/uploads\/2025\/07\/beaphar-kassidele-koertele26.jpg","contentUrl":"https:\/\/miumjau.ee\/wp-content\/uploads\/2025\/07\/beaphar-kassidele-koertele26.jpg","width":600,"height":800},{"@type":"BreadcrumbList","@id":"https:\/\/miumjau.ee\/lt\/produktas\/beaphar-bio-band-plus-vabzdziu-antkaklis-katems-35-cm\/#breadcrumb","itemListElement":[{"@type":"ListItem","position":1,"name":"Home","item":"https:\/\/miumjau.ee\/lt\/"},{"@type":"ListItem","position":2,"name":"Parduotuv\u0117","item":"https:\/\/miumjau.ee\/lt\/parduotuve\/"},{"@type":"ListItem","position":3,"name":"Beaphar Bio Band Plus vabzd\u017ei\u0173 antkaklis kat\u0117ms 35 cm"}]},{"@type":"WebSite","@id":"https:\/\/miumjau.ee\/#website","url":"https:\/\/miumjau.ee\/","name":"MiuMjau","description":"Kraapimispuud kassidele","publisher":{"@id":"https:\/\/miumjau.ee\/#organization"},"potentialAction":[{"@type":"SearchAction","target":{"@type":"EntryPoint","urlTemplate":"https:\/\/miumjau.ee\/?s={search_term_string}"},"query-input":{"@type":"PropertyValueSpecification","valueRequired":true,"valueName":"search_term_string"}}],"inLanguage":"lt-LT"},{"@type":"Organization","@id":"https:\/\/miumjau.ee\/#organization","name":"MiuMjau O\u00dc","url":"https:\/\/miumjau.ee\/","logo":{"@type":"ImageObject","inLanguage":"lt-LT","@id":"https:\/\/miumjau.ee\/#\/schema\/logo\/image\/","url":"https:\/\/miumjau.ee\/wp-content\/uploads\/2022\/04\/MiuMjau-logo-kollane.png","contentUrl":"https:\/\/miumjau.ee\/wp-content\/uploads\/2022\/04\/MiuMjau-logo-kollane.png","width":219,"height":100,"caption":"MiuMjau O\u00dc"},"image":{"@id":"https:\/\/miumjau.ee\/#\/schema\/logo\/image\/"},"sameAs":["https:\/\/www.facebook.com\/miumjaupood\/"]}]}},"_links":{"self":[{"href":"https:\/\/miumjau.ee\/lt\/wp-json\/wp\/v2\/product\/49121","targetHints":{"allow":["GET"]}}],"collection":[{"href":"https:\/\/miumjau.ee\/lt\/wp-json\/wp\/v2\/product"}],"about":[{"href":"https:\/\/miumjau.ee\/lt\/wp-json\/wp\/v2\/types\/product"}],"wp:featuredmedia":[{"embeddable":true,"href":"https:\/\/miumjau.ee\/lt\/wp-json\/wp\/v2\/media\/49122"}],"wp:attachment":[{"href":"https:\/\/miumjau.ee\/lt\/wp-json\/wp\/v2\/media?parent=49121"}],"wp:term":[{"taxonomy":"product_brand","embeddable":true,"href":"https:\/\/miumjau.ee\/lt\/wp-json\/wp\/v2\/product_brand?post=49121"},{"taxonomy":"product_cat","embeddable":true,"href":"https:\/\/miumjau.ee\/lt\/wp-json\/wp\/v2\/product_cat?post=49121"},{"taxonomy":"product_tag","embeddable":true,"href":"https:\/\/miumjau.ee\/lt\/wp-json\/wp\/v2\/product_tag?post=49121"}],"curies":[{"name":"wp","href":"https:\/\/api.w.org\/{rel}","templated":true}]}}